{"id":20635,"date":"2025-09-01T18:28:46","date_gmt":"2025-09-01T15:28:46","guid":{"rendered":"https:\/\/skaitytaknyga.lt\/?post_type=product&#038;p=20635"},"modified":"2025-09-06T11:22:22","modified_gmt":"2025-09-06T08:22:22","slug":"tobulesnis-kunas-yra-demeliu","status":"publish","type":"product","link":"https:\/\/skaitytaknyga.lt\/en\/produktas\/tobulesnis-kunas-yra-demeliu\/","title":{"rendered":"Tobulesnis k\u016bnas (yra d\u0117meli\u0173)"},"content":{"rendered":"<p>Pirmojoje bestseleriu tapusioje Andriaus Pauliukevi\u010diaus knygoje \u201eTobulas k\u016bnas\u201c buvo apra\u0161yti sporto ir mitybos, siekiant gra\u017ei\u0173 k\u016bno linij\u0173, pagrindai. Pasirod\u017eius knygai A. Pauliukevi\u010dius sulauk\u0117 daugyb\u0117s atsiliepim\u0173 ir pad\u0117k\u0173, o kartu ir dar daugiau klausim\u0173 i\u0161 \u017emoni\u0173, norin\u010di\u0173 geriau suprasti svorio metimo ir raumen\u0173 auginimo principus. Autoriui neliko nieko kita, tik s\u0117sti ir ra\u0161yti antr\u0105 knygos dal\u012f.<\/p>\n<p>\u201eTobulesniame k\u016bne\u201c dar i\u0161samiau analizuojami su mityba ir treniruot\u0117mis susij\u0119 klausimai. Detaliai paai\u0161kinamas diet\u0173 poveikis, treniruojam\u0173 raumen\u0173 grupi\u0173 derinimo principai, pagrindin\u0117s sportinink\u0173 klaidos, atskleid\u017eiamos prie\u017eastys, kod\u0117l neauga raumenys, \u012fvertinami kardiotreniruokli\u0173 privalumai ir tr\u016bkumai, pateikiama viso k\u016bno treniruot\u0117s pavyzd\u017ei\u0173 ir daugyb\u0117 pratim\u0173, kuri\u0173 atlikimas detaliai apra\u0161ytas ir iliustruotas nuotraukomis.<\/p>\n<p>Kad skaitytojai neprarast\u0173 budrumo ir galvot\u0173 apie tai, k\u0105 skaito, autorius \u012f knyg\u0105 \u012fd\u0117jo ir kelis humoristinius tekstus, atspindin\u010dius su sportu susijusius mitus.<\/p>\n","protected":false},"excerpt":{"rendered":"<p>Pirmojoje bestseleriu tapusioje Andriaus Pauliukevi\u010diaus knygoje \u201eTobulas k\u016bnas\u201c buvo apra\u0161yti sporto ir mitybos, siekiant gra\u017ei\u0173 k\u016bno linij\u0173, pagrindai. Pasirod\u017eius knygai A. Pauliukevi\u010dius sulauk\u0117 daugyb\u0117s atsiliepim\u0173 ir pad\u0117k\u0173, o kartu ir dar daugiau klausim\u0173 i\u0161 \u017emoni\u0173, norin\u010di\u0173 geriau suprasti svorio metimo ir raumen\u0173 auginimo principus. Autoriui neliko nieko kita, tik s\u0117sti ir ra\u0161yti antr\u0105 knygos dal\u012f. \u201eTobulesniame k\u016bne\u201c dar i\u0161samiau analizuojami su mityba ir treniruot\u0117mis susij\u0119 klausimai. Detaliai paai\u0161kinamas diet\u0173 poveikis, treniruojam\u0173 raumen\u0173 grupi\u0173 derinimo principai, pagrindin\u0117s sportinink\u0173 klaidos, atskleid\u017eiamos prie\u017eastys, kod\u0117l neauga raumenys, \u012fvertinami kardiotreniruokli\u0173 privalumai ir tr\u016bkumai, pateikiama viso k\u016bno treniruot\u0117s pavyzd\u017ei\u0173 ir daugyb\u0117 pratim\u0173, kuri\u0173 atlikimas detaliai apra\u0161ytas ir iliustruotas nuotraukomis. Kad skaitytojai neprarast\u0173 budrumo ir galvot\u0173 apie tai, k\u0105 skaito, autorius \u012f knyg\u0105 \u012fd\u0117jo ir kelis humoristinius tekstus, atspindin\u010dius su sportu susijusius mitus.<\/p>\n","protected":false},"featured_media":20640,"comment_status":"open","ping_status":"closed","template":"","meta":{"_acf_changed":false,"site-sidebar-layout":"default","site-content-layout":"","ast-site-content-layout":"default","site-content-style":"default","site-sidebar-style":"default","ast-global-header-display":"","ast-banner-title-visibility":"","ast-main-header-display":"","ast-hfb-above-header-display":"","ast-hfb-below-header-display":"","ast-hfb-mobile-header-display":"","site-post-title":"","ast-breadcrumbs-content":"","ast-featured-img":"","footer-sml-layout":"","ast-disable-related-posts":"","theme-transparent-header-meta":"","adv-header-id-meta":"","stick-header-meta":"","header-above-stick-meta":"","header-main-stick-meta":"","header-below-stick-meta":"","astra-migrate-meta-layouts":"default","ast-page-background-enabled":"default","ast-page-background-meta":{"desktop":{"background-color":"","background-image":"","background-repeat":"repeat","background-position":"center center","background-size":"auto","background-attachment":"scroll","background-type":"","background-media":"","overlay-type":"","overlay-color":"","overlay-opacity":"","overlay-gradient":""},"tablet":{"background-color":"","background-image":"","background-repeat":"repeat","background-position":"center center","background-size":"auto","background-attachment":"scroll","background-type":"","background-media":"","overlay-type":"","overlay-color":"","overlay-opacity":"","overlay-gradient":""},"mobile":{"background-color":"","background-image":"","background-repeat":"repeat","background-position":"center center","background-size":"auto","background-attachment":"scroll","background-type":"","background-media":"","overlay-type":"","overlay-color":"","overlay-opacity":"","overlay-gradient":""}},"ast-content-background-meta":{"desktop":{"background-color":"var(--ast-global-color-4)","background-image":"","background-repeat":"repeat","background-position":"center center","background-size":"auto","background-attachment":"scroll","background-type":"","background-media":"","overlay-type":"","overlay-color":"","overlay-opacity":"","overlay-gradient":""},"tablet":{"background-color":"var(--ast-global-color-4)","background-image":"","background-repeat":"repeat","background-position":"center center","background-size":"auto","background-attachment":"scroll","background-type":"","background-media":"","overlay-type":"","overlay-color":"","overlay-opacity":"","overlay-gradient":""},"mobile":{"background-color":"var(--ast-global-color-4)","background-image":"","background-repeat":"repeat","background-position":"center center","background-size":"auto","background-attachment":"scroll","background-type":"","background-media":"","overlay-type":"","overlay-color":"","overlay-opacity":"","overlay-gradient":""}}},"product_brand":[],"product_cat":[15],"product_tag":[7701,7702,2196,3150,1680],"class_list":{"0":"post-20635","1":"product","2":"type-product","3":"status-publish","4":"has-post-thumbnail","6":"product_cat-uncategorized","7":"product_tag-andrius-pauliukevicius","8":"product_tag-kuno-tobulinimas","9":"product_tag-mityba","10":"product_tag-sportas","11":"product_tag-sveikata","12":"desktop-align-left","13":"tablet-align-left","14":"mobile-align-left","16":"first","17":"instock","18":"shipping-taxable","19":"purchasable","20":"product-type-simple"},"acf":[],"yoast_head":"<!-- This site is optimized with the Yoast SEO plugin v27.0 - https:\/\/yoast.com\/product\/yoast-seo-wordpress\/ -->\n<title>Tobulesnis k\u016bnas (yra d\u0117meli\u0173)<\/title>\n<meta name=\"description\" content=\"Pirmojoje bestseleriu tapusioje Andriaus Pauliukevi\u010diaus knygoje \u201eTobulas k\u016bnas\u201c buvo apra\u0161yti sporto ir mitybos, siekiant gra\u017ei\u0173 k\u016bno linij\u0173, pagrindai.\" \/>\n<meta name=\"robots\" content=\"index, follow, max-snippet:-1, max-image-preview:large, max-video-preview:-1\" \/>\n<link rel=\"canonical\" href=\"https:\/\/skaitytaknyga.lt\/en\/produktas\/tobulesnis-kunas-yra-demeliu\/\" \/>\n<meta property=\"og:locale\" content=\"en_GB\" \/>\n<meta property=\"og:locale:alternate\" content=\"lt_LT\" \/>\n<meta property=\"og:type\" content=\"article\" \/>\n<meta property=\"og:title\" content=\"Tobulesnis k\u016bnas (yra d\u0117meli\u0173)\" \/>\n<meta property=\"og:description\" content=\"Pirmojoje bestseleriu tapusioje Andriaus Pauliukevi\u010diaus knygoje \u201eTobulas k\u016bnas\u201c buvo apra\u0161yti sporto ir mitybos, siekiant gra\u017ei\u0173 k\u016bno linij\u0173, pagrindai.\" \/>\n<meta property=\"og:url\" content=\"https:\/\/skaitytaknyga.lt\/en\/produktas\/tobulesnis-kunas-yra-demeliu\/\" \/>\n<meta property=\"og:site_name\" content=\"Skaitytaknyga\" \/>\n<meta property=\"article:publisher\" content=\"https:\/\/www.facebook.com\/skaitytaknyga\/\" \/>\n<meta property=\"article:modified_time\" content=\"2025-09-06T08:22:22+00:00\" \/>\n<meta property=\"og:image\" content=\"https:\/\/skaitytaknyga.lt\/wp-content\/uploads\/2025\/09\/tobulesnis-kunas-1-e1756740578841.webp\" \/>\n\t<meta property=\"og:image:width\" content=\"332\" \/>\n\t<meta property=\"og:image:height\" content=\"483\" \/>\n\t<meta property=\"og:image:type\" content=\"image\/webp\" \/>\n<meta name=\"twitter:card\" content=\"summary_large_image\" \/>\n<meta name=\"twitter:label1\" content=\"Estimated reading time\" \/>\n\t<meta name=\"twitter:data1\" content=\"1 minute\" \/>\n<script type=\"application\/ld+json\" class=\"yoast-schema-graph\">{\"@context\":\"https:\/\/schema.org\",\"@graph\":[{\"@type\":\"WebPage\",\"@id\":\"https:\/\/skaitytaknyga.lt\/produktas\/tobulesnis-kunas-yra-demeliu\/\",\"url\":\"https:\/\/skaitytaknyga.lt\/produktas\/tobulesnis-kunas-yra-demeliu\/\",\"name\":\"Tobulesnis k\u016bnas (yra d\u0117meli\u0173)\",\"isPartOf\":{\"@id\":\"https:\/\/skaitytaknyga.lt\/#website\"},\"primaryImageOfPage\":{\"@id\":\"https:\/\/skaitytaknyga.lt\/produktas\/tobulesnis-kunas-yra-demeliu\/#primaryimage\"},\"image\":{\"@id\":\"https:\/\/skaitytaknyga.lt\/produktas\/tobulesnis-kunas-yra-demeliu\/#primaryimage\"},\"thumbnailUrl\":\"https:\/\/skaitytaknyga.lt\/wp-content\/uploads\/2025\/09\/tobulesnis-kunas-1-e1756740578841.webp\",\"datePublished\":\"2025-09-01T15:28:46+00:00\",\"dateModified\":\"2025-09-06T08:22:22+00:00\",\"description\":\"Pirmojoje bestseleriu tapusioje Andriaus Pauliukevi\u010diaus knygoje \u201eTobulas k\u016bnas\u201c buvo apra\u0161yti sporto ir mitybos, siekiant gra\u017ei\u0173 k\u016bno linij\u0173, pagrindai.\",\"breadcrumb\":{\"@id\":\"https:\/\/skaitytaknyga.lt\/produktas\/tobulesnis-kunas-yra-demeliu\/#breadcrumb\"},\"inLanguage\":\"en-GB\",\"potentialAction\":[{\"@type\":\"ReadAction\",\"target\":[\"https:\/\/skaitytaknyga.lt\/produktas\/tobulesnis-kunas-yra-demeliu\/\"]}]},{\"@type\":\"ImageObject\",\"inLanguage\":\"en-GB\",\"@id\":\"https:\/\/skaitytaknyga.lt\/produktas\/tobulesnis-kunas-yra-demeliu\/#primaryimage\",\"url\":\"https:\/\/skaitytaknyga.lt\/wp-content\/uploads\/2025\/09\/tobulesnis-kunas-1-e1756740578841.webp\",\"contentUrl\":\"https:\/\/skaitytaknyga.lt\/wp-content\/uploads\/2025\/09\/tobulesnis-kunas-1-e1756740578841.webp\",\"width\":332,\"height\":483,\"caption\":\"tobulesnis k\u016bnas\"},{\"@type\":\"BreadcrumbList\",\"@id\":\"https:\/\/skaitytaknyga.lt\/produktas\/tobulesnis-kunas-yra-demeliu\/#breadcrumb\",\"itemListElement\":[{\"@type\":\"ListItem\",\"position\":1,\"name\":\"Home\",\"item\":\"https:\/\/skaitytaknyga.lt\/\"},{\"@type\":\"ListItem\",\"position\":2,\"name\":\"Parduotuv\u0117\",\"item\":\"https:\/\/skaitytaknyga.lt\/knygu-parduotuve\/\"},{\"@type\":\"ListItem\",\"position\":3,\"name\":\"Tobulesnis k\u016bnas (yra d\u0117meli\u0173)\"}]},{\"@type\":\"WebSite\",\"@id\":\"https:\/\/skaitytaknyga.lt\/#website\",\"url\":\"https:\/\/skaitytaknyga.lt\/\",\"name\":\"skaitytaknyga.lt\",\"description\":\"Skaitytaknyga.lt \u2013 tai ma\u017eas \u0161eimos verslas, kuris prasid\u0117jo nuo meil\u0117s knygoms ir siekio i\u0161gelb\u0117ti knygas nuo likimo prie konteinerio. Kas vienam nereikalingas daiktas \u2013 kitam lobis, o mes esame tarpininkai, kurie padeda abiems tapti laimingesniems ???? \u017dinome kaip nelengva i\u0161gyventi ma\u017eiems verslams, tad nuo \u0161iol, \u010dia rasite ir kit\u0173, ma\u017e\u0173 \u0161eim\u0173 versl\u0173, rank\u0173 darbo, dovan\u0173 sau ir artimiesiems.\",\"publisher\":{\"@id\":\"https:\/\/skaitytaknyga.lt\/#organization\"},\"potentialAction\":[{\"@type\":\"SearchAction\",\"target\":{\"@type\":\"EntryPoint\",\"urlTemplate\":\"https:\/\/skaitytaknyga.lt\/?s={search_term_string}\"},\"query-input\":{\"@type\":\"PropertyValueSpecification\",\"valueRequired\":true,\"valueName\":\"search_term_string\"}}],\"inLanguage\":\"en-GB\"},{\"@type\":\"Organization\",\"@id\":\"https:\/\/skaitytaknyga.lt\/#organization\",\"name\":\"skaitytaknyga.lt\",\"url\":\"https:\/\/skaitytaknyga.lt\/\",\"logo\":{\"@type\":\"ImageObject\",\"inLanguage\":\"en-GB\",\"@id\":\"https:\/\/skaitytaknyga.lt\/#\/schema\/logo\/image\/\",\"url\":\"https:\/\/skaitytaknyga.lt\/wp-content\/uploads\/2024\/05\/cropped-cropped-cropped-02_00843_jt3bggkj1j3HLc7SyY6rEUpg.jpeg\",\"contentUrl\":\"https:\/\/skaitytaknyga.lt\/wp-content\/uploads\/2024\/05\/cropped-cropped-cropped-02_00843_jt3bggkj1j3HLc7SyY6rEUpg.jpeg\",\"width\":1600,\"height\":1600,\"caption\":\"skaitytaknyga.lt\"},\"image\":{\"@id\":\"https:\/\/skaitytaknyga.lt\/#\/schema\/logo\/image\/\"},\"sameAs\":[\"https:\/\/www.facebook.com\/skaitytaknyga\/\"]}]}<\/script>\n<!-- \/ Yoast SEO plugin. -->","yoast_head_json":{"title":"Tobulesnis k\u016bnas (yra d\u0117meli\u0173)","description":"Pirmojoje bestseleriu tapusioje Andriaus Pauliukevi\u010diaus knygoje \u201eTobulas k\u016bnas\u201c buvo apra\u0161yti sporto ir mitybos, siekiant gra\u017ei\u0173 k\u016bno linij\u0173, pagrindai.","robots":{"index":"index","follow":"follow","max-snippet":"max-snippet:-1","max-image-preview":"max-image-preview:large","max-video-preview":"max-video-preview:-1"},"canonical":"https:\/\/skaitytaknyga.lt\/en\/produktas\/tobulesnis-kunas-yra-demeliu\/","og_locale":"en_GB","og_type":"article","og_title":"[:lt]Tobulesnis k\u016bnas (yra d\u0117meli\u0173)[:] - Skaitytaknyga","og_description":"Pirmojoje bestseleriu tapusioje Andriaus Pauliukevi\u010diaus knygoje \u201eTobulas k\u016bnas\u201c buvo apra\u0161yti sporto ir mitybos, siekiant gra\u017ei\u0173 k\u016bno linij\u0173, pagrindai.","og_url":"https:\/\/skaitytaknyga.lt\/en\/produktas\/tobulesnis-kunas-yra-demeliu\/","og_site_name":"Skaitytaknyga","article_publisher":"https:\/\/www.facebook.com\/skaitytaknyga\/","article_modified_time":"2025-09-06T08:22:22+00:00","og_image":[{"width":332,"height":483,"url":"https:\/\/skaitytaknyga.lt\/wp-content\/uploads\/2025\/09\/tobulesnis-kunas-1-e1756740578841.webp","type":"image\/webp"}],"twitter_card":"summary_large_image","twitter_misc":{"Estimated reading time":"1 minute"},"schema":{"@context":"https:\/\/schema.org","@graph":[{"@type":"WebPage","@id":"https:\/\/skaitytaknyga.lt\/produktas\/tobulesnis-kunas-yra-demeliu\/","url":"https:\/\/skaitytaknyga.lt\/produktas\/tobulesnis-kunas-yra-demeliu\/","name":"Tobulesnis k\u016bnas (yra d\u0117meli\u0173)","isPartOf":{"@id":"https:\/\/skaitytaknyga.lt\/#website"},"primaryImageOfPage":{"@id":"https:\/\/skaitytaknyga.lt\/produktas\/tobulesnis-kunas-yra-demeliu\/#primaryimage"},"image":{"@id":"https:\/\/skaitytaknyga.lt\/produktas\/tobulesnis-kunas-yra-demeliu\/#primaryimage"},"thumbnailUrl":"https:\/\/skaitytaknyga.lt\/wp-content\/uploads\/2025\/09\/tobulesnis-kunas-1-e1756740578841.webp","datePublished":"2025-09-01T15:28:46+00:00","dateModified":"2025-09-06T08:22:22+00:00","description":"Pirmojoje bestseleriu tapusioje Andriaus Pauliukevi\u010diaus knygoje \u201eTobulas k\u016bnas\u201c buvo apra\u0161yti sporto ir mitybos, siekiant gra\u017ei\u0173 k\u016bno linij\u0173, pagrindai.","breadcrumb":{"@id":"https:\/\/skaitytaknyga.lt\/produktas\/tobulesnis-kunas-yra-demeliu\/#breadcrumb"},"inLanguage":"en-GB","potentialAction":[{"@type":"ReadAction","target":["https:\/\/skaitytaknyga.lt\/produktas\/tobulesnis-kunas-yra-demeliu\/"]}]},{"@type":"ImageObject","inLanguage":"en-GB","@id":"https:\/\/skaitytaknyga.lt\/produktas\/tobulesnis-kunas-yra-demeliu\/#primaryimage","url":"https:\/\/skaitytaknyga.lt\/wp-content\/uploads\/2025\/09\/tobulesnis-kunas-1-e1756740578841.webp","contentUrl":"https:\/\/skaitytaknyga.lt\/wp-content\/uploads\/2025\/09\/tobulesnis-kunas-1-e1756740578841.webp","width":332,"height":483,"caption":"tobulesnis k\u016bnas"},{"@type":"BreadcrumbList","@id":"https:\/\/skaitytaknyga.lt\/produktas\/tobulesnis-kunas-yra-demeliu\/#breadcrumb","itemListElement":[{"@type":"ListItem","position":1,"name":"Home","item":"https:\/\/skaitytaknyga.lt\/"},{"@type":"ListItem","position":2,"name":"Parduotuv\u0117","item":"https:\/\/skaitytaknyga.lt\/knygu-parduotuve\/"},{"@type":"ListItem","position":3,"name":"Tobulesnis k\u016bnas (yra d\u0117meli\u0173)"}]},{"@type":"WebSite","@id":"https:\/\/skaitytaknyga.lt\/#website","url":"https:\/\/skaitytaknyga.lt\/","name":"skaitytaknyga.lt","description":"Skaitytaknyga.lt \u2013 tai ma\u017eas \u0161eimos verslas, kuris prasid\u0117jo nuo meil\u0117s knygoms ir siekio i\u0161gelb\u0117ti knygas nuo likimo prie konteinerio. Kas vienam nereikalingas daiktas \u2013 kitam lobis, o mes esame tarpininkai, kurie padeda abiems tapti laimingesniems ???? \u017dinome kaip nelengva i\u0161gyventi ma\u017eiems verslams, tad nuo \u0161iol, \u010dia rasite ir kit\u0173, ma\u017e\u0173 \u0161eim\u0173 versl\u0173, rank\u0173 darbo, dovan\u0173 sau ir artimiesiems.","publisher":{"@id":"https:\/\/skaitytaknyga.lt\/#organization"},"potentialAction":[{"@type":"SearchAction","target":{"@type":"EntryPoint","urlTemplate":"https:\/\/skaitytaknyga.lt\/?s={search_term_string}"},"query-input":{"@type":"PropertyValueSpecification","valueRequired":true,"valueName":"search_term_string"}}],"inLanguage":"en-GB"},{"@type":"Organization","@id":"https:\/\/skaitytaknyga.lt\/#organization","name":"skaitytaknyga.lt","url":"https:\/\/skaitytaknyga.lt\/","logo":{"@type":"ImageObject","inLanguage":"en-GB","@id":"https:\/\/skaitytaknyga.lt\/#\/schema\/logo\/image\/","url":"https:\/\/skaitytaknyga.lt\/wp-content\/uploads\/2024\/05\/cropped-cropped-cropped-02_00843_jt3bggkj1j3HLc7SyY6rEUpg.jpeg","contentUrl":"https:\/\/skaitytaknyga.lt\/wp-content\/uploads\/2024\/05\/cropped-cropped-cropped-02_00843_jt3bggkj1j3HLc7SyY6rEUpg.jpeg","width":1600,"height":1600,"caption":"skaitytaknyga.lt"},"image":{"@id":"https:\/\/skaitytaknyga.lt\/#\/schema\/logo\/image\/"},"sameAs":["https:\/\/www.facebook.com\/skaitytaknyga\/"]}]}},"_links":{"self":[{"href":"https:\/\/skaitytaknyga.lt\/en\/wp-json\/wp\/v2\/product\/20635","targetHints":{"allow":["GET"]}}],"collection":[{"href":"https:\/\/skaitytaknyga.lt\/en\/wp-json\/wp\/v2\/product"}],"about":[{"href":"https:\/\/skaitytaknyga.lt\/en\/wp-json\/wp\/v2\/types\/product"}],"replies":[{"embeddable":true,"href":"https:\/\/skaitytaknyga.lt\/en\/wp-json\/wp\/v2\/comments?post=20635"}],"wp:featuredmedia":[{"embeddable":true,"href":"https:\/\/skaitytaknyga.lt\/en\/wp-json\/wp\/v2\/media\/20640"}],"wp:attachment":[{"href":"https:\/\/skaitytaknyga.lt\/en\/wp-json\/wp\/v2\/media?parent=20635"}],"wp:term":[{"taxonomy":"product_brand","embeddable":true,"href":"https:\/\/skaitytaknyga.lt\/en\/wp-json\/wp\/v2\/product_brand?post=20635"},{"taxonomy":"product_cat","embeddable":true,"href":"https:\/\/skaitytaknyga.lt\/en\/wp-json\/wp\/v2\/product_cat?post=20635"},{"taxonomy":"product_tag","embeddable":true,"href":"https:\/\/skaitytaknyga.lt\/en\/wp-json\/wp\/v2\/product_tag?post=20635"}],"curies":[{"name":"wp","href":"https:\/\/api.w.org\/{rel}","templated":true}]}}