{"id":20628,"date":"2025-09-01T17:51:29","date_gmt":"2025-09-01T14:51:29","guid":{"rendered":"https:\/\/skaitytaknyga.lt\/?post_type=product&#038;p=20628"},"modified":"2026-02-24T21:57:03","modified_gmt":"2026-02-24T19:57:03","slug":"juodoji-ragana-yra-patamsejimu-skaitymo-zymiu","status":"publish","type":"product","link":"https:\/\/skaitytaknyga.lt\/en\/produktas\/juodoji-ragana-yra-patamsejimu-skaitymo-zymiu\/","title":{"rendered":"Juodoji ragana (yra patams\u0117jim\u0173, skaitymo \u017eymi\u0173)"},"content":{"rendered":"<p>Ajonai \u0160ihan senel\u0117 papasakojo apie nuostabi\u0105, legendomis apipint\u0105 \u0161al\u012f Airij\u0105, skendin\u010di\u0105 g\u016bd\u017eiuose paslaptinguose mi\u0161kuose, spindin\u010di\u0105 e\u017eerais ir merkiam\u0105 lietaus. Tenai, M\u0117jo grafyst\u0117je, Ajonos prot\u0117viai jau \u0161imtme\u010dius karta i\u0161 kartos palikuonims perduoda magi\u0161kas galias. Mergina greitai pajunta nenugalim\u0105 tro\u0161kim\u0105 keliauti \u012f t\u0105 kra\u0161t\u0105 ir visk\u0105 pamatyti savo akimis. Ji net neabejoja, kad ten jausis laiminga.<\/p>\n<p>Atvykusi \u012f M\u0117jo grafyst\u0119 Ajona susiranda pusseser\u0119 Bran\u0105 ir pusbrol\u012f Konor\u0105, kurie maloniai priima gyventi \u012f jauk\u0173 namel\u012f. Mergina pradeda dirbti m\u0117gstam\u0105 darb\u0105 ir sutinka patraukl\u0173 vyr\u0105&#8230; Ta\u010diau netrukus paai\u0161k\u0117ja, kad d\u0117l i\u0161svajoto gyvenimo visiems dar teks gerokai pakovoti.<\/p>\n","protected":false},"excerpt":{"rendered":"<p>Ajonai \u0160ihan senel\u0117 papasakojo apie nuostabi\u0105, legendomis apipint\u0105 \u0161al\u012f Airij\u0105, skendin\u010di\u0105 g\u016bd\u017eiuose paslaptinguose mi\u0161kuose, spindin\u010di\u0105 e\u017eerais ir merkiam\u0105 lietaus. Tenai, M\u0117jo grafyst\u0117je, Ajonos prot\u0117viai jau \u0161imtme\u010dius karta i\u0161 kartos palikuonims perduoda magi\u0161kas galias. Mergina greitai pajunta nenugalim\u0105 tro\u0161kim\u0105 keliauti \u012f t\u0105 kra\u0161t\u0105 ir visk\u0105 pamatyti savo akimis. Ji net neabejoja, kad ten jausis laiminga. Atvykusi \u012f M\u0117jo grafyst\u0119 Ajona susiranda pusseser\u0119 Bran\u0105 ir pusbrol\u012f Konor\u0105, kurie maloniai priima gyventi \u012f jauk\u0173 namel\u012f. Mergina pradeda dirbti m\u0117gstam\u0105 darb\u0105 ir sutinka patraukl\u0173 vyr\u0105&#8230; Ta\u010diau netrukus paai\u0161k\u0117ja, kad d\u0117l i\u0161svajoto gyvenimo visiems dar teks gerokai pakovoti.<\/p>\n","protected":false},"featured_media":20634,"comment_status":"open","ping_status":"closed","template":"","meta":{"_acf_changed":false,"site-sidebar-layout":"default","site-content-layout":"","ast-site-content-layout":"default","site-content-style":"default","site-sidebar-style":"default","ast-global-header-display":"","ast-banner-title-visibility":"","ast-main-header-display":"","ast-hfb-above-header-display":"","ast-hfb-below-header-display":"","ast-hfb-mobile-header-display":"","site-post-title":"","ast-breadcrumbs-content":"","ast-featured-img":"","footer-sml-layout":"","ast-disable-related-posts":"","theme-transparent-header-meta":"","adv-header-id-meta":"","stick-header-meta":"","header-above-stick-meta":"","header-main-stick-meta":"","header-below-stick-meta":"","astra-migrate-meta-layouts":"default","ast-page-background-enabled":"default","ast-page-background-meta":{"desktop":{"background-color":"","background-image":"","background-repeat":"repeat","background-position":"center center","background-size":"auto","background-attachment":"scroll","background-type":"","background-media":"","overlay-type":"","overlay-color":"","overlay-opacity":"","overlay-gradient":""},"tablet":{"background-color":"","background-image":"","background-repeat":"repeat","background-position":"center center","background-size":"auto","background-attachment":"scroll","background-type":"","background-media":"","overlay-type":"","overlay-color":"","overlay-opacity":"","overlay-gradient":""},"mobile":{"background-color":"","background-image":"","background-repeat":"repeat","background-position":"center center","background-size":"auto","background-attachment":"scroll","background-type":"","background-media":"","overlay-type":"","overlay-color":"","overlay-opacity":"","overlay-gradient":""}},"ast-content-background-meta":{"desktop":{"background-color":"var(--ast-global-color-4)","background-image":"","background-repeat":"repeat","background-position":"center center","background-size":"auto","background-attachment":"scroll","background-type":"","background-media":"","overlay-type":"","overlay-color":"","overlay-opacity":"","overlay-gradient":""},"tablet":{"background-color":"var(--ast-global-color-4)","background-image":"","background-repeat":"repeat","background-position":"center center","background-size":"auto","background-attachment":"scroll","background-type":"","background-media":"","overlay-type":"","overlay-color":"","overlay-opacity":"","overlay-gradient":""},"mobile":{"background-color":"var(--ast-global-color-4)","background-image":"","background-repeat":"repeat","background-position":"center center","background-size":"auto","background-attachment":"scroll","background-type":"","background-media":"","overlay-type":"","overlay-color":"","overlay-opacity":"","overlay-gradient":""}}},"product_brand":[],"product_cat":[31],"product_tag":[1504,1755,1796,3060,1451],"class_list":{"0":"post-20628","1":"product","2":"type-product","3":"status-publish","4":"has-post-thumbnail","6":"product_cat-grozine-literatura","7":"product_tag-fantastika","8":"product_tag-magija","9":"product_tag-meile","10":"product_tag-nora-roberts","11":"product_tag-nuotykiai","12":"desktop-align-left","13":"tablet-align-left","14":"mobile-align-left","16":"first","17":"outofstock","18":"shipping-taxable","19":"purchasable","20":"product-type-simple"},"acf":[],"yoast_head":"<!-- This site is optimized with the Yoast SEO plugin v27.0 - https:\/\/yoast.com\/product\/yoast-seo-wordpress\/ -->\n<title>Juodoji ragana (yra patams\u0117jim\u0173, skaitymo \u017eymi\u0173)<\/title>\n<meta name=\"description\" content=\"Ajonai \u0160ihan senel\u0117 papasakojo apie nuostabi\u0105, legendomis apipint\u0105 \u0161al\u012f Airij\u0105, skendin\u010di\u0105 g\u016bd\u017eiuose paslaptinguose mi\u0161kuose, spindin\u010di\u0105 e\u017eerais ir\" \/>\n<meta name=\"robots\" content=\"index, follow, max-snippet:-1, max-image-preview:large, max-video-preview:-1\" \/>\n<link rel=\"canonical\" href=\"https:\/\/skaitytaknyga.lt\/en\/produktas\/juodoji-ragana-yra-patamsejimu-skaitymo-zymiu\/\" \/>\n<meta property=\"og:locale\" content=\"en_GB\" \/>\n<meta property=\"og:locale:alternate\" content=\"lt_LT\" \/>\n<meta property=\"og:type\" content=\"article\" \/>\n<meta property=\"og:title\" content=\"Juodoji ragana (yra patams\u0117jim\u0173, skaitymo \u017eymi\u0173)\" \/>\n<meta property=\"og:description\" content=\"Ajonai \u0160ihan senel\u0117 papasakojo apie nuostabi\u0105, legendomis apipint\u0105 \u0161al\u012f Airij\u0105, skendin\u010di\u0105 g\u016bd\u017eiuose paslaptinguose mi\u0161kuose, spindin\u010di\u0105 e\u017eerais ir\" \/>\n<meta property=\"og:url\" content=\"https:\/\/skaitytaknyga.lt\/en\/produktas\/juodoji-ragana-yra-patamsejimu-skaitymo-zymiu\/\" \/>\n<meta property=\"og:site_name\" content=\"Skaitytaknyga\" \/>\n<meta property=\"article:publisher\" content=\"https:\/\/www.facebook.com\/skaitytaknyga\/\" \/>\n<meta property=\"article:modified_time\" content=\"2026-02-24T19:57:03+00:00\" \/>\n<meta property=\"og:image\" content=\"https:\/\/skaitytaknyga.lt\/wp-content\/uploads\/2025\/09\/Juodoji-ragana.webp\" \/>\n\t<meta property=\"og:image:width\" content=\"296\" \/>\n\t<meta property=\"og:image:height\" content=\"450\" \/>\n\t<meta property=\"og:image:type\" content=\"image\/webp\" \/>\n<meta name=\"twitter:card\" content=\"summary_large_image\" \/>\n<meta name=\"twitter:label1\" content=\"Estimated reading time\" \/>\n\t<meta name=\"twitter:data1\" content=\"1 minute\" \/>\n<script type=\"application\/ld+json\" class=\"yoast-schema-graph\">{\"@context\":\"https:\/\/schema.org\",\"@graph\":[{\"@type\":\"WebPage\",\"@id\":\"https:\/\/skaitytaknyga.lt\/produktas\/juodoji-ragana-yra-patamsejimu-skaitymo-zymiu\/\",\"url\":\"https:\/\/skaitytaknyga.lt\/produktas\/juodoji-ragana-yra-patamsejimu-skaitymo-zymiu\/\",\"name\":\"Juodoji ragana (yra patams\u0117jim\u0173, skaitymo \u017eymi\u0173)\",\"isPartOf\":{\"@id\":\"https:\/\/skaitytaknyga.lt\/#website\"},\"primaryImageOfPage\":{\"@id\":\"https:\/\/skaitytaknyga.lt\/produktas\/juodoji-ragana-yra-patamsejimu-skaitymo-zymiu\/#primaryimage\"},\"image\":{\"@id\":\"https:\/\/skaitytaknyga.lt\/produktas\/juodoji-ragana-yra-patamsejimu-skaitymo-zymiu\/#primaryimage\"},\"thumbnailUrl\":\"https:\/\/skaitytaknyga.lt\/wp-content\/uploads\/2025\/09\/Juodoji-ragana.webp\",\"datePublished\":\"2025-09-01T14:51:29+00:00\",\"dateModified\":\"2026-02-24T19:57:03+00:00\",\"description\":\"Ajonai \u0160ihan senel\u0117 papasakojo apie nuostabi\u0105, legendomis apipint\u0105 \u0161al\u012f Airij\u0105, skendin\u010di\u0105 g\u016bd\u017eiuose paslaptinguose mi\u0161kuose, spindin\u010di\u0105 e\u017eerais ir\",\"breadcrumb\":{\"@id\":\"https:\/\/skaitytaknyga.lt\/produktas\/juodoji-ragana-yra-patamsejimu-skaitymo-zymiu\/#breadcrumb\"},\"inLanguage\":\"en-GB\",\"potentialAction\":[{\"@type\":\"ReadAction\",\"target\":[\"https:\/\/skaitytaknyga.lt\/produktas\/juodoji-ragana-yra-patamsejimu-skaitymo-zymiu\/\"]}]},{\"@type\":\"ImageObject\",\"inLanguage\":\"en-GB\",\"@id\":\"https:\/\/skaitytaknyga.lt\/produktas\/juodoji-ragana-yra-patamsejimu-skaitymo-zymiu\/#primaryimage\",\"url\":\"https:\/\/skaitytaknyga.lt\/wp-content\/uploads\/2025\/09\/Juodoji-ragana.webp\",\"contentUrl\":\"https:\/\/skaitytaknyga.lt\/wp-content\/uploads\/2025\/09\/Juodoji-ragana.webp\",\"width\":296,\"height\":450},{\"@type\":\"BreadcrumbList\",\"@id\":\"https:\/\/skaitytaknyga.lt\/produktas\/juodoji-ragana-yra-patamsejimu-skaitymo-zymiu\/#breadcrumb\",\"itemListElement\":[{\"@type\":\"ListItem\",\"position\":1,\"name\":\"Home\",\"item\":\"https:\/\/skaitytaknyga.lt\/\"},{\"@type\":\"ListItem\",\"position\":2,\"name\":\"Parduotuv\u0117\",\"item\":\"https:\/\/skaitytaknyga.lt\/knygu-parduotuve\/\"},{\"@type\":\"ListItem\",\"position\":3,\"name\":\"Juodoji ragana (yra patams\u0117jim\u0173, skaitymo \u017eymi\u0173)\"}]},{\"@type\":\"WebSite\",\"@id\":\"https:\/\/skaitytaknyga.lt\/#website\",\"url\":\"https:\/\/skaitytaknyga.lt\/\",\"name\":\"skaitytaknyga.lt\",\"description\":\"Skaitytaknyga.lt \u2013 tai ma\u017eas \u0161eimos verslas, kuris prasid\u0117jo nuo meil\u0117s knygoms ir siekio i\u0161gelb\u0117ti knygas nuo likimo prie konteinerio. Kas vienam nereikalingas daiktas \u2013 kitam lobis, o mes esame tarpininkai, kurie padeda abiems tapti laimingesniems ???? \u017dinome kaip nelengva i\u0161gyventi ma\u017eiems verslams, tad nuo \u0161iol, \u010dia rasite ir kit\u0173, ma\u017e\u0173 \u0161eim\u0173 versl\u0173, rank\u0173 darbo, dovan\u0173 sau ir artimiesiems.\",\"publisher\":{\"@id\":\"https:\/\/skaitytaknyga.lt\/#organization\"},\"potentialAction\":[{\"@type\":\"SearchAction\",\"target\":{\"@type\":\"EntryPoint\",\"urlTemplate\":\"https:\/\/skaitytaknyga.lt\/?s={search_term_string}\"},\"query-input\":{\"@type\":\"PropertyValueSpecification\",\"valueRequired\":true,\"valueName\":\"search_term_string\"}}],\"inLanguage\":\"en-GB\"},{\"@type\":\"Organization\",\"@id\":\"https:\/\/skaitytaknyga.lt\/#organization\",\"name\":\"skaitytaknyga.lt\",\"url\":\"https:\/\/skaitytaknyga.lt\/\",\"logo\":{\"@type\":\"ImageObject\",\"inLanguage\":\"en-GB\",\"@id\":\"https:\/\/skaitytaknyga.lt\/#\/schema\/logo\/image\/\",\"url\":\"https:\/\/skaitytaknyga.lt\/wp-content\/uploads\/2024\/05\/cropped-cropped-cropped-02_00843_jt3bggkj1j3HLc7SyY6rEUpg.jpeg\",\"contentUrl\":\"https:\/\/skaitytaknyga.lt\/wp-content\/uploads\/2024\/05\/cropped-cropped-cropped-02_00843_jt3bggkj1j3HLc7SyY6rEUpg.jpeg\",\"width\":1600,\"height\":1600,\"caption\":\"skaitytaknyga.lt\"},\"image\":{\"@id\":\"https:\/\/skaitytaknyga.lt\/#\/schema\/logo\/image\/\"},\"sameAs\":[\"https:\/\/www.facebook.com\/skaitytaknyga\/\"]}]}<\/script>\n<!-- \/ Yoast SEO plugin. -->","yoast_head_json":{"title":"Juodoji ragana (yra patams\u0117jim\u0173, skaitymo \u017eymi\u0173)","description":"Ajonai \u0160ihan senel\u0117 papasakojo apie nuostabi\u0105, legendomis apipint\u0105 \u0161al\u012f Airij\u0105, skendin\u010di\u0105 g\u016bd\u017eiuose paslaptinguose mi\u0161kuose, spindin\u010di\u0105 e\u017eerais ir","robots":{"index":"index","follow":"follow","max-snippet":"max-snippet:-1","max-image-preview":"max-image-preview:large","max-video-preview":"max-video-preview:-1"},"canonical":"https:\/\/skaitytaknyga.lt\/en\/produktas\/juodoji-ragana-yra-patamsejimu-skaitymo-zymiu\/","og_locale":"en_GB","og_type":"article","og_title":"[:lt]Juodoji ragana (yra patams\u0117jim\u0173, skaitymo \u017eymi\u0173)[:] - Skaitytaknyga","og_description":"Ajonai \u0160ihan senel\u0117 papasakojo apie nuostabi\u0105, legendomis apipint\u0105 \u0161al\u012f Airij\u0105, skendin\u010di\u0105 g\u016bd\u017eiuose paslaptinguose mi\u0161kuose, spindin\u010di\u0105 e\u017eerais ir","og_url":"https:\/\/skaitytaknyga.lt\/en\/produktas\/juodoji-ragana-yra-patamsejimu-skaitymo-zymiu\/","og_site_name":"Skaitytaknyga","article_publisher":"https:\/\/www.facebook.com\/skaitytaknyga\/","article_modified_time":"2026-02-24T19:57:03+00:00","og_image":[{"width":296,"height":450,"url":"https:\/\/skaitytaknyga.lt\/wp-content\/uploads\/2025\/09\/Juodoji-ragana.webp","type":"image\/webp"}],"twitter_card":"summary_large_image","twitter_misc":{"Estimated reading time":"1 minute"},"schema":{"@context":"https:\/\/schema.org","@graph":[{"@type":"WebPage","@id":"https:\/\/skaitytaknyga.lt\/produktas\/juodoji-ragana-yra-patamsejimu-skaitymo-zymiu\/","url":"https:\/\/skaitytaknyga.lt\/produktas\/juodoji-ragana-yra-patamsejimu-skaitymo-zymiu\/","name":"Juodoji ragana (yra patams\u0117jim\u0173, skaitymo \u017eymi\u0173)","isPartOf":{"@id":"https:\/\/skaitytaknyga.lt\/#website"},"primaryImageOfPage":{"@id":"https:\/\/skaitytaknyga.lt\/produktas\/juodoji-ragana-yra-patamsejimu-skaitymo-zymiu\/#primaryimage"},"image":{"@id":"https:\/\/skaitytaknyga.lt\/produktas\/juodoji-ragana-yra-patamsejimu-skaitymo-zymiu\/#primaryimage"},"thumbnailUrl":"https:\/\/skaitytaknyga.lt\/wp-content\/uploads\/2025\/09\/Juodoji-ragana.webp","datePublished":"2025-09-01T14:51:29+00:00","dateModified":"2026-02-24T19:57:03+00:00","description":"Ajonai \u0160ihan senel\u0117 papasakojo apie nuostabi\u0105, legendomis apipint\u0105 \u0161al\u012f Airij\u0105, skendin\u010di\u0105 g\u016bd\u017eiuose paslaptinguose mi\u0161kuose, spindin\u010di\u0105 e\u017eerais ir","breadcrumb":{"@id":"https:\/\/skaitytaknyga.lt\/produktas\/juodoji-ragana-yra-patamsejimu-skaitymo-zymiu\/#breadcrumb"},"inLanguage":"en-GB","potentialAction":[{"@type":"ReadAction","target":["https:\/\/skaitytaknyga.lt\/produktas\/juodoji-ragana-yra-patamsejimu-skaitymo-zymiu\/"]}]},{"@type":"ImageObject","inLanguage":"en-GB","@id":"https:\/\/skaitytaknyga.lt\/produktas\/juodoji-ragana-yra-patamsejimu-skaitymo-zymiu\/#primaryimage","url":"https:\/\/skaitytaknyga.lt\/wp-content\/uploads\/2025\/09\/Juodoji-ragana.webp","contentUrl":"https:\/\/skaitytaknyga.lt\/wp-content\/uploads\/2025\/09\/Juodoji-ragana.webp","width":296,"height":450},{"@type":"BreadcrumbList","@id":"https:\/\/skaitytaknyga.lt\/produktas\/juodoji-ragana-yra-patamsejimu-skaitymo-zymiu\/#breadcrumb","itemListElement":[{"@type":"ListItem","position":1,"name":"Home","item":"https:\/\/skaitytaknyga.lt\/"},{"@type":"ListItem","position":2,"name":"Parduotuv\u0117","item":"https:\/\/skaitytaknyga.lt\/knygu-parduotuve\/"},{"@type":"ListItem","position":3,"name":"Juodoji ragana (yra patams\u0117jim\u0173, skaitymo \u017eymi\u0173)"}]},{"@type":"WebSite","@id":"https:\/\/skaitytaknyga.lt\/#website","url":"https:\/\/skaitytaknyga.lt\/","name":"skaitytaknyga.lt","description":"Skaitytaknyga.lt \u2013 tai ma\u017eas \u0161eimos verslas, kuris prasid\u0117jo nuo meil\u0117s knygoms ir siekio i\u0161gelb\u0117ti knygas nuo likimo prie konteinerio. Kas vienam nereikalingas daiktas \u2013 kitam lobis, o mes esame tarpininkai, kurie padeda abiems tapti laimingesniems ???? \u017dinome kaip nelengva i\u0161gyventi ma\u017eiems verslams, tad nuo \u0161iol, \u010dia rasite ir kit\u0173, ma\u017e\u0173 \u0161eim\u0173 versl\u0173, rank\u0173 darbo, dovan\u0173 sau ir artimiesiems.","publisher":{"@id":"https:\/\/skaitytaknyga.lt\/#organization"},"potentialAction":[{"@type":"SearchAction","target":{"@type":"EntryPoint","urlTemplate":"https:\/\/skaitytaknyga.lt\/?s={search_term_string}"},"query-input":{"@type":"PropertyValueSpecification","valueRequired":true,"valueName":"search_term_string"}}],"inLanguage":"en-GB"},{"@type":"Organization","@id":"https:\/\/skaitytaknyga.lt\/#organization","name":"skaitytaknyga.lt","url":"https:\/\/skaitytaknyga.lt\/","logo":{"@type":"ImageObject","inLanguage":"en-GB","@id":"https:\/\/skaitytaknyga.lt\/#\/schema\/logo\/image\/","url":"https:\/\/skaitytaknyga.lt\/wp-content\/uploads\/2024\/05\/cropped-cropped-cropped-02_00843_jt3bggkj1j3HLc7SyY6rEUpg.jpeg","contentUrl":"https:\/\/skaitytaknyga.lt\/wp-content\/uploads\/2024\/05\/cropped-cropped-cropped-02_00843_jt3bggkj1j3HLc7SyY6rEUpg.jpeg","width":1600,"height":1600,"caption":"skaitytaknyga.lt"},"image":{"@id":"https:\/\/skaitytaknyga.lt\/#\/schema\/logo\/image\/"},"sameAs":["https:\/\/www.facebook.com\/skaitytaknyga\/"]}]}},"_links":{"self":[{"href":"https:\/\/skaitytaknyga.lt\/en\/wp-json\/wp\/v2\/product\/20628","targetHints":{"allow":["GET"]}}],"collection":[{"href":"https:\/\/skaitytaknyga.lt\/en\/wp-json\/wp\/v2\/product"}],"about":[{"href":"https:\/\/skaitytaknyga.lt\/en\/wp-json\/wp\/v2\/types\/product"}],"replies":[{"embeddable":true,"href":"https:\/\/skaitytaknyga.lt\/en\/wp-json\/wp\/v2\/comments?post=20628"}],"wp:featuredmedia":[{"embeddable":true,"href":"https:\/\/skaitytaknyga.lt\/en\/wp-json\/wp\/v2\/media\/20634"}],"wp:attachment":[{"href":"https:\/\/skaitytaknyga.lt\/en\/wp-json\/wp\/v2\/media?parent=20628"}],"wp:term":[{"taxonomy":"product_brand","embeddable":true,"href":"https:\/\/skaitytaknyga.lt\/en\/wp-json\/wp\/v2\/product_brand?post=20628"},{"taxonomy":"product_cat","embeddable":true,"href":"https:\/\/skaitytaknyga.lt\/en\/wp-json\/wp\/v2\/product_cat?post=20628"},{"taxonomy":"product_tag","embeddable":true,"href":"https:\/\/skaitytaknyga.lt\/en\/wp-json\/wp\/v2\/product_tag?post=20628"}],"curies":[{"name":"wp","href":"https:\/\/api.w.org\/{rel}","templated":true}]}}