{"id":20627,"date":"2025-09-01T17:51:29","date_gmt":"2025-09-01T14:51:29","guid":{"rendered":"https:\/\/skaitytaknyga.lt\/?post_type=product&#038;p=20627"},"modified":"2025-09-06T11:43:11","modified_gmt":"2025-09-06T08:43:11","slug":"kunigas-ricardas","status":"publish","type":"product","link":"https:\/\/skaitytaknyga.lt\/en\/produktas\/kunigas-ricardas\/","title":{"rendered":"Kunigas Ri\u010dardas (keletas kampu\u010di\u0173 buvo u\u017elenkti)"},"content":{"rendered":"<p>TIKRA IR NEPAGRA\u017dINTA<br \/>\n\u201eA\u0161 nelink\u0119s pasakoti asmenin\u0117s istorijos. Teb\u016bnie tai Dievo kelion\u0117 per Jo \u017emogaus gyvenim\u0105.\u201c<\/p>\n<p>LAIM\u0116<br \/>\nMano \u201elaim\u0117\u201c kainavo labai brangiai: vaikyst\u0117je teko gyventi materialiai itin kukliuose namuose, patirti pa\u017eeminimo, pavydo, pyk\u010dio ir kitoki\u0173 dalyk\u0173. U\u017e meil\u0119 Ba\u017eny\u010diai, kunigystei ir \u017emon\u0117ms, u\u017e buvim\u0105 matomam, neapsiribojant zakristijos kunigyst\u0117s modeliu, teko i\u0161girsti pa\u0161aipi\u0173 replik\u0173 \u201ereklam\u0161\u010dikas\u201c, \u201ei\u0161rinkt\u0173j\u0173 kunigas\u201c, \u201esald\u017eiar\u016bg\u0161tis pamokslautojas\u201c, \u201ekarjeristas\u201c. Ta\u010diau kokia laim\u0117 gyventi d\u0117l svajon\u0117s.<\/p>\n<p>PA\u0160AUKIMAS<br \/>\nKunigu esu tap\u0119s tik i\u0161 malon\u0117s. Kaip kunig\u0105 save toliau lipdau. Mane lyd\u0117jo meil\u0117 ir \u017emoni\u0173 pasitik\u0117jimas, kuris nepakito man kintant \u0161iame gyvenime. Juk galima gyventi d\u0117l pa\u0161aukimo ir tarnauti nesavanaudi\u0161kai dalijant save. Visas gyvenimas tik i\u0161 malon\u0117s.<\/p>\n<p>KLAIDOS<br \/>\nEsu padar\u0119s daug klaid\u0173, visi j\u0173 padaro. Klaidos tapo did\u017eiausiu i\u0161\u0161\u016bkiu gyventi savo kunigi\u0161kos svajon\u0117s istorijoje. Sutinku klystan\u010di\u0173 \u017emoni\u0173. Daugel\u012f tai gniu\u017edyt\u0173. Dievo gailestingumas gydo ir moko \u2013 kod\u0117l tur\u0117\u010diau save nubausti dar kart\u0105, nusivilti arba nutolti nuo savo svajon\u0117s?<\/p>\n<p>GYVENIMO PASIRINKIMAI<br \/>\nN\u0117 karto nesuabejojau d\u0117l savo pasirinkimo. Tai ir yra mano gyvenimo variklis. Taip, tame kelyje buvo perm\u0105stym\u0173, nevisaverti\u0161kumo jausmo, dvejoni\u0173&#8230;<\/p>\n<p>GYVENIMO KELIAS<br \/>\nKartais pasijunti tarsi skuduras, \u012f kur\u012f nusival\u0117 kojas ir numet\u0117. Mai\u0161aisi. Netinki. U\u017ego\u017ei. Tai degina. Man skauda. Jei ne malda ir tik\u0117jimas, seniai b\u016b\u010diau atsitrauk\u0119s. Ir jei ne supratimas, kad tai yra mano kelias, kuriuo turiu eiti. Tada apsisprendi. Gali b\u016bti kaip skuduras. Arba sudegti lyg \u017evak\u0117.<\/p>\n","protected":false},"excerpt":{"rendered":"<p>TIKRA IR NEPAGRA\u017dINTA \u201eA\u0161 nelink\u0119s pasakoti asmenin\u0117s istorijos. Teb\u016bnie tai Dievo kelion\u0117 per Jo \u017emogaus gyvenim\u0105.\u201c LAIM\u0116 Mano \u201elaim\u0117\u201c kainavo labai brangiai: vaikyst\u0117je teko gyventi materialiai itin kukliuose namuose, patirti pa\u017eeminimo, pavydo, pyk\u010dio ir kitoki\u0173 dalyk\u0173. U\u017e meil\u0119 Ba\u017eny\u010diai, kunigystei ir \u017emon\u0117ms, u\u017e buvim\u0105 matomam, neapsiribojant zakristijos kunigyst\u0117s modeliu, teko i\u0161girsti pa\u0161aipi\u0173 replik\u0173 \u201ereklam\u0161\u010dikas\u201c, \u201ei\u0161rinkt\u0173j\u0173 kunigas\u201c, \u201esald\u017eiar\u016bg\u0161tis pamokslautojas\u201c, \u201ekarjeristas\u201c. Ta\u010diau kokia laim\u0117 gyventi d\u0117l svajon\u0117s. PA\u0160AUKIMAS Kunigu esu tap\u0119s tik i\u0161 malon\u0117s. Kaip kunig\u0105 save toliau lipdau. Mane lyd\u0117jo meil\u0117 ir \u017emoni\u0173 pasitik\u0117jimas, kuris nepakito man kintant \u0161iame gyvenime. Juk galima gyventi d\u0117l pa\u0161aukimo ir tarnauti nesavanaudi\u0161kai dalijant save. Visas gyvenimas tik i\u0161 malon\u0117s. KLAIDOS Esu padar\u0119s daug klaid\u0173, visi j\u0173 padaro. Klaidos tapo did\u017eiausiu i\u0161\u0161\u016bkiu gyventi savo kunigi\u0161kos svajon\u0117s istorijoje. Sutinku klystan\u010di\u0173 \u017emoni\u0173. Daugel\u012f tai gniu\u017edyt\u0173. Dievo gailestingumas gydo ir moko \u2013 kod\u0117l tur\u0117\u010diau save nubausti dar kart\u0105, nusivilti arba nutolti nuo savo svajon\u0117s? GYVENIMO PASIRINKIMAI N\u0117 karto nesuabejojau d\u0117l savo pasirinkimo. Tai ir yra mano gyvenimo variklis. Taip, tame kelyje buvo perm\u0105stym\u0173, nevisaverti\u0161kumo jausmo, dvejoni\u0173&#8230; GYVENIMO KELIAS Kartais pasijunti tarsi skuduras, \u012f kur\u012f nusival\u0117 kojas ir numet\u0117. Mai\u0161aisi. Netinki. U\u017ego\u017ei. Tai degina. Man skauda. Jei ne malda ir tik\u0117jimas, seniai b\u016b\u010diau atsitrauk\u0119s. Ir jei ne supratimas, kad tai yra mano kelias, kuriuo turiu eiti. Tada apsisprendi. Gali b\u016bti kaip skuduras. Arba sudegti lyg \u017evak\u0117.<\/p>\n","protected":false},"featured_media":20633,"comment_status":"open","ping_status":"closed","template":"","meta":{"_acf_changed":false,"site-sidebar-layout":"default","site-content-layout":"","ast-site-content-layout":"default","site-content-style":"default","site-sidebar-style":"default","ast-global-header-display":"","ast-banner-title-visibility":"","ast-main-header-display":"","ast-hfb-above-header-display":"","ast-hfb-below-header-display":"","ast-hfb-mobile-header-display":"","site-post-title":"","ast-breadcrumbs-content":"","ast-featured-img":"","footer-sml-layout":"","ast-disable-related-posts":"","theme-transparent-header-meta":"","adv-header-id-meta":"","stick-header-meta":"","header-above-stick-meta":"","header-main-stick-meta":"","header-below-stick-meta":"","astra-migrate-meta-layouts":"default","ast-page-background-enabled":"default","ast-page-background-meta":{"desktop":{"background-color":"","background-image":"","background-repeat":"repeat","background-position":"center center","background-size":"auto","background-attachment":"scroll","background-type":"","background-media":"","overlay-type":"","overlay-color":"","overlay-opacity":"","overlay-gradient":""},"tablet":{"background-color":"","background-image":"","background-repeat":"repeat","background-position":"center center","background-size":"auto","background-attachment":"scroll","background-type":"","background-media":"","overlay-type":"","overlay-color":"","overlay-opacity":"","overlay-gradient":""},"mobile":{"background-color":"","background-image":"","background-repeat":"repeat","background-position":"center center","background-size":"auto","background-attachment":"scroll","background-type":"","background-media":"","overlay-type":"","overlay-color":"","overlay-opacity":"","overlay-gradient":""}},"ast-content-background-meta":{"desktop":{"background-color":"var(--ast-global-color-4)","background-image":"","background-repeat":"repeat","background-position":"center center","background-size":"auto","background-attachment":"scroll","background-type":"","background-media":"","overlay-type":"","overlay-color":"","overlay-opacity":"","overlay-gradient":""},"tablet":{"background-color":"var(--ast-global-color-4)","background-image":"","background-repeat":"repeat","background-position":"center center","background-size":"auto","background-attachment":"scroll","background-type":"","background-media":"","overlay-type":"","overlay-color":"","overlay-opacity":"","overlay-gradient":""},"mobile":{"background-color":"var(--ast-global-color-4)","background-image":"","background-repeat":"repeat","background-position":"center center","background-size":"auto","background-attachment":"scroll","background-type":"","background-media":"","overlay-type":"","overlay-color":"","overlay-opacity":"","overlay-gradient":""}}},"product_brand":[],"product_cat":[15],"product_tag":[7700,7686,7698,7699,2277],"class_list":{"0":"post-20627","1":"product","2":"type-product","3":"status-publish","4":"has-post-thumbnail","6":"product_cat-uncategorized","7":"product_tag-asmenybes-vystymasis","8":"product_tag-gyvenimo-pamokos","9":"product_tag-kunigas-ricardas","10":"product_tag-pasaukimas","11":"product_tag-religija","12":"desktop-align-left","13":"tablet-align-left","14":"mobile-align-left","16":"first","17":"instock","18":"shipping-taxable","19":"purchasable","20":"product-type-simple"},"acf":[],"yoast_head":"<!-- This site is optimized with the Yoast SEO plugin v27.0 - https:\/\/yoast.com\/product\/yoast-seo-wordpress\/ -->\n<title>Kunigas Ri\u010dardas (keletas kampu\u010di\u0173 buvo u\u017elenkti)<\/title>\n<meta name=\"description\" content=\"TIKRA IR NEPAGRA\u017dINTA \u201eA\u0161 nelink\u0119s pasakoti asmenin\u0117s istorijos. Teb\u016bnie tai Dievo kelion\u0117 per Jo \u017emogaus gyvenim\u0105.\u201c LAIM\u0116 Mano \u201elaim\u0117\u201c kainavo labai\" \/>\n<meta name=\"robots\" content=\"index, follow, max-snippet:-1, max-image-preview:large, max-video-preview:-1\" \/>\n<link rel=\"canonical\" href=\"https:\/\/skaitytaknyga.lt\/en\/produktas\/kunigas-ricardas\/\" \/>\n<meta property=\"og:locale\" content=\"en_GB\" \/>\n<meta property=\"og:locale:alternate\" content=\"lt_LT\" \/>\n<meta property=\"og:type\" content=\"article\" \/>\n<meta property=\"og:title\" content=\"Kunigas Ri\u010dardas (keletas kampu\u010di\u0173 buvo u\u017elenkti)\" \/>\n<meta property=\"og:description\" content=\"TIKRA IR NEPAGRA\u017dINTA \u201eA\u0161 nelink\u0119s pasakoti asmenin\u0117s istorijos. Teb\u016bnie tai Dievo kelion\u0117 per Jo \u017emogaus gyvenim\u0105.\u201c LAIM\u0116 Mano \u201elaim\u0117\u201c kainavo labai\" \/>\n<meta property=\"og:url\" content=\"https:\/\/skaitytaknyga.lt\/en\/produktas\/kunigas-ricardas\/\" \/>\n<meta property=\"og:site_name\" content=\"Skaitytaknyga\" \/>\n<meta property=\"article:publisher\" content=\"https:\/\/www.facebook.com\/skaitytaknyga\/\" \/>\n<meta property=\"article:modified_time\" content=\"2025-09-06T08:43:11+00:00\" \/>\n<meta property=\"og:image\" content=\"https:\/\/skaitytaknyga.lt\/wp-content\/uploads\/2025\/09\/kunigas-ricardas-e1756740031424.webp\" \/>\n\t<meta property=\"og:image:width\" content=\"204\" \/>\n\t<meta property=\"og:image:height\" content=\"300\" \/>\n\t<meta property=\"og:image:type\" content=\"image\/webp\" \/>\n<meta name=\"twitter:card\" content=\"summary_large_image\" \/>\n<meta name=\"twitter:label1\" content=\"Estimated reading time\" \/>\n\t<meta name=\"twitter:data1\" content=\"1 minute\" \/>\n<script type=\"application\/ld+json\" class=\"yoast-schema-graph\">{\"@context\":\"https:\/\/schema.org\",\"@graph\":[{\"@type\":\"WebPage\",\"@id\":\"https:\/\/skaitytaknyga.lt\/produktas\/kunigas-ricardas\/\",\"url\":\"https:\/\/skaitytaknyga.lt\/produktas\/kunigas-ricardas\/\",\"name\":\"Kunigas Ri\u010dardas (keletas kampu\u010di\u0173 buvo u\u017elenkti)\",\"isPartOf\":{\"@id\":\"https:\/\/skaitytaknyga.lt\/#website\"},\"primaryImageOfPage\":{\"@id\":\"https:\/\/skaitytaknyga.lt\/produktas\/kunigas-ricardas\/#primaryimage\"},\"image\":{\"@id\":\"https:\/\/skaitytaknyga.lt\/produktas\/kunigas-ricardas\/#primaryimage\"},\"thumbnailUrl\":\"https:\/\/skaitytaknyga.lt\/wp-content\/uploads\/2025\/09\/kunigas-ricardas-e1756740031424.webp\",\"datePublished\":\"2025-09-01T14:51:29+00:00\",\"dateModified\":\"2025-09-06T08:43:11+00:00\",\"description\":\"TIKRA IR NEPAGRA\u017dINTA \u201eA\u0161 nelink\u0119s pasakoti asmenin\u0117s istorijos. Teb\u016bnie tai Dievo kelion\u0117 per Jo \u017emogaus gyvenim\u0105.\u201c LAIM\u0116 Mano \u201elaim\u0117\u201c kainavo labai\",\"breadcrumb\":{\"@id\":\"https:\/\/skaitytaknyga.lt\/produktas\/kunigas-ricardas\/#breadcrumb\"},\"inLanguage\":\"en-GB\",\"potentialAction\":[{\"@type\":\"ReadAction\",\"target\":[\"https:\/\/skaitytaknyga.lt\/produktas\/kunigas-ricardas\/\"]}]},{\"@type\":\"ImageObject\",\"inLanguage\":\"en-GB\",\"@id\":\"https:\/\/skaitytaknyga.lt\/produktas\/kunigas-ricardas\/#primaryimage\",\"url\":\"https:\/\/skaitytaknyga.lt\/wp-content\/uploads\/2025\/09\/kunigas-ricardas-e1756740031424.webp\",\"contentUrl\":\"https:\/\/skaitytaknyga.lt\/wp-content\/uploads\/2025\/09\/kunigas-ricardas-e1756740031424.webp\",\"width\":204,\"height\":300,\"caption\":\"Kunigas Ri\u010dardas\"},{\"@type\":\"BreadcrumbList\",\"@id\":\"https:\/\/skaitytaknyga.lt\/produktas\/kunigas-ricardas\/#breadcrumb\",\"itemListElement\":[{\"@type\":\"ListItem\",\"position\":1,\"name\":\"Home\",\"item\":\"https:\/\/skaitytaknyga.lt\/\"},{\"@type\":\"ListItem\",\"position\":2,\"name\":\"Parduotuv\u0117\",\"item\":\"https:\/\/skaitytaknyga.lt\/knygu-parduotuve\/\"},{\"@type\":\"ListItem\",\"position\":3,\"name\":\"Kunigas Ri\u010dardas (keletas kampu\u010di\u0173 buvo u\u017elenkti)\"}]},{\"@type\":\"WebSite\",\"@id\":\"https:\/\/skaitytaknyga.lt\/#website\",\"url\":\"https:\/\/skaitytaknyga.lt\/\",\"name\":\"skaitytaknyga.lt\",\"description\":\"Skaitytaknyga.lt \u2013 tai ma\u017eas \u0161eimos verslas, kuris prasid\u0117jo nuo meil\u0117s knygoms ir siekio i\u0161gelb\u0117ti knygas nuo likimo prie konteinerio. Kas vienam nereikalingas daiktas \u2013 kitam lobis, o mes esame tarpininkai, kurie padeda abiems tapti laimingesniems ???? \u017dinome kaip nelengva i\u0161gyventi ma\u017eiems verslams, tad nuo \u0161iol, \u010dia rasite ir kit\u0173, ma\u017e\u0173 \u0161eim\u0173 versl\u0173, rank\u0173 darbo, dovan\u0173 sau ir artimiesiems.\",\"publisher\":{\"@id\":\"https:\/\/skaitytaknyga.lt\/#organization\"},\"potentialAction\":[{\"@type\":\"SearchAction\",\"target\":{\"@type\":\"EntryPoint\",\"urlTemplate\":\"https:\/\/skaitytaknyga.lt\/?s={search_term_string}\"},\"query-input\":{\"@type\":\"PropertyValueSpecification\",\"valueRequired\":true,\"valueName\":\"search_term_string\"}}],\"inLanguage\":\"en-GB\"},{\"@type\":\"Organization\",\"@id\":\"https:\/\/skaitytaknyga.lt\/#organization\",\"name\":\"skaitytaknyga.lt\",\"url\":\"https:\/\/skaitytaknyga.lt\/\",\"logo\":{\"@type\":\"ImageObject\",\"inLanguage\":\"en-GB\",\"@id\":\"https:\/\/skaitytaknyga.lt\/#\/schema\/logo\/image\/\",\"url\":\"https:\/\/skaitytaknyga.lt\/wp-content\/uploads\/2024\/05\/cropped-cropped-cropped-02_00843_jt3bggkj1j3HLc7SyY6rEUpg.jpeg\",\"contentUrl\":\"https:\/\/skaitytaknyga.lt\/wp-content\/uploads\/2024\/05\/cropped-cropped-cropped-02_00843_jt3bggkj1j3HLc7SyY6rEUpg.jpeg\",\"width\":1600,\"height\":1600,\"caption\":\"skaitytaknyga.lt\"},\"image\":{\"@id\":\"https:\/\/skaitytaknyga.lt\/#\/schema\/logo\/image\/\"},\"sameAs\":[\"https:\/\/www.facebook.com\/skaitytaknyga\/\"]}]}<\/script>\n<!-- \/ Yoast SEO plugin. -->","yoast_head_json":{"title":"Kunigas Ri\u010dardas (keletas kampu\u010di\u0173 buvo u\u017elenkti)","description":"TIKRA IR NEPAGRA\u017dINTA \u201eA\u0161 nelink\u0119s pasakoti asmenin\u0117s istorijos. Teb\u016bnie tai Dievo kelion\u0117 per Jo \u017emogaus gyvenim\u0105.\u201c LAIM\u0116 Mano \u201elaim\u0117\u201c kainavo labai","robots":{"index":"index","follow":"follow","max-snippet":"max-snippet:-1","max-image-preview":"max-image-preview:large","max-video-preview":"max-video-preview:-1"},"canonical":"https:\/\/skaitytaknyga.lt\/en\/produktas\/kunigas-ricardas\/","og_locale":"en_GB","og_type":"article","og_title":"[:lt]Kunigas Ri\u010dardas (keletas kampu\u010di\u0173 buvo u\u017elenkti)[:] - Skaitytaknyga","og_description":"TIKRA IR NEPAGRA\u017dINTA \u201eA\u0161 nelink\u0119s pasakoti asmenin\u0117s istorijos. Teb\u016bnie tai Dievo kelion\u0117 per Jo \u017emogaus gyvenim\u0105.\u201c LAIM\u0116 Mano \u201elaim\u0117\u201c kainavo labai","og_url":"https:\/\/skaitytaknyga.lt\/en\/produktas\/kunigas-ricardas\/","og_site_name":"Skaitytaknyga","article_publisher":"https:\/\/www.facebook.com\/skaitytaknyga\/","article_modified_time":"2025-09-06T08:43:11+00:00","og_image":[{"width":204,"height":300,"url":"https:\/\/skaitytaknyga.lt\/wp-content\/uploads\/2025\/09\/kunigas-ricardas-e1756740031424.webp","type":"image\/webp"}],"twitter_card":"summary_large_image","twitter_misc":{"Estimated reading time":"1 minute"},"schema":{"@context":"https:\/\/schema.org","@graph":[{"@type":"WebPage","@id":"https:\/\/skaitytaknyga.lt\/produktas\/kunigas-ricardas\/","url":"https:\/\/skaitytaknyga.lt\/produktas\/kunigas-ricardas\/","name":"Kunigas Ri\u010dardas (keletas kampu\u010di\u0173 buvo u\u017elenkti)","isPartOf":{"@id":"https:\/\/skaitytaknyga.lt\/#website"},"primaryImageOfPage":{"@id":"https:\/\/skaitytaknyga.lt\/produktas\/kunigas-ricardas\/#primaryimage"},"image":{"@id":"https:\/\/skaitytaknyga.lt\/produktas\/kunigas-ricardas\/#primaryimage"},"thumbnailUrl":"https:\/\/skaitytaknyga.lt\/wp-content\/uploads\/2025\/09\/kunigas-ricardas-e1756740031424.webp","datePublished":"2025-09-01T14:51:29+00:00","dateModified":"2025-09-06T08:43:11+00:00","description":"TIKRA IR NEPAGRA\u017dINTA \u201eA\u0161 nelink\u0119s pasakoti asmenin\u0117s istorijos. Teb\u016bnie tai Dievo kelion\u0117 per Jo \u017emogaus gyvenim\u0105.\u201c LAIM\u0116 Mano \u201elaim\u0117\u201c kainavo labai","breadcrumb":{"@id":"https:\/\/skaitytaknyga.lt\/produktas\/kunigas-ricardas\/#breadcrumb"},"inLanguage":"en-GB","potentialAction":[{"@type":"ReadAction","target":["https:\/\/skaitytaknyga.lt\/produktas\/kunigas-ricardas\/"]}]},{"@type":"ImageObject","inLanguage":"en-GB","@id":"https:\/\/skaitytaknyga.lt\/produktas\/kunigas-ricardas\/#primaryimage","url":"https:\/\/skaitytaknyga.lt\/wp-content\/uploads\/2025\/09\/kunigas-ricardas-e1756740031424.webp","contentUrl":"https:\/\/skaitytaknyga.lt\/wp-content\/uploads\/2025\/09\/kunigas-ricardas-e1756740031424.webp","width":204,"height":300,"caption":"Kunigas Ri\u010dardas"},{"@type":"BreadcrumbList","@id":"https:\/\/skaitytaknyga.lt\/produktas\/kunigas-ricardas\/#breadcrumb","itemListElement":[{"@type":"ListItem","position":1,"name":"Home","item":"https:\/\/skaitytaknyga.lt\/"},{"@type":"ListItem","position":2,"name":"Parduotuv\u0117","item":"https:\/\/skaitytaknyga.lt\/knygu-parduotuve\/"},{"@type":"ListItem","position":3,"name":"Kunigas Ri\u010dardas (keletas kampu\u010di\u0173 buvo u\u017elenkti)"}]},{"@type":"WebSite","@id":"https:\/\/skaitytaknyga.lt\/#website","url":"https:\/\/skaitytaknyga.lt\/","name":"skaitytaknyga.lt","description":"Skaitytaknyga.lt \u2013 tai ma\u017eas \u0161eimos verslas, kuris prasid\u0117jo nuo meil\u0117s knygoms ir siekio i\u0161gelb\u0117ti knygas nuo likimo prie konteinerio. Kas vienam nereikalingas daiktas \u2013 kitam lobis, o mes esame tarpininkai, kurie padeda abiems tapti laimingesniems ???? \u017dinome kaip nelengva i\u0161gyventi ma\u017eiems verslams, tad nuo \u0161iol, \u010dia rasite ir kit\u0173, ma\u017e\u0173 \u0161eim\u0173 versl\u0173, rank\u0173 darbo, dovan\u0173 sau ir artimiesiems.","publisher":{"@id":"https:\/\/skaitytaknyga.lt\/#organization"},"potentialAction":[{"@type":"SearchAction","target":{"@type":"EntryPoint","urlTemplate":"https:\/\/skaitytaknyga.lt\/?s={search_term_string}"},"query-input":{"@type":"PropertyValueSpecification","valueRequired":true,"valueName":"search_term_string"}}],"inLanguage":"en-GB"},{"@type":"Organization","@id":"https:\/\/skaitytaknyga.lt\/#organization","name":"skaitytaknyga.lt","url":"https:\/\/skaitytaknyga.lt\/","logo":{"@type":"ImageObject","inLanguage":"en-GB","@id":"https:\/\/skaitytaknyga.lt\/#\/schema\/logo\/image\/","url":"https:\/\/skaitytaknyga.lt\/wp-content\/uploads\/2024\/05\/cropped-cropped-cropped-02_00843_jt3bggkj1j3HLc7SyY6rEUpg.jpeg","contentUrl":"https:\/\/skaitytaknyga.lt\/wp-content\/uploads\/2024\/05\/cropped-cropped-cropped-02_00843_jt3bggkj1j3HLc7SyY6rEUpg.jpeg","width":1600,"height":1600,"caption":"skaitytaknyga.lt"},"image":{"@id":"https:\/\/skaitytaknyga.lt\/#\/schema\/logo\/image\/"},"sameAs":["https:\/\/www.facebook.com\/skaitytaknyga\/"]}]}},"_links":{"self":[{"href":"https:\/\/skaitytaknyga.lt\/en\/wp-json\/wp\/v2\/product\/20627","targetHints":{"allow":["GET"]}}],"collection":[{"href":"https:\/\/skaitytaknyga.lt\/en\/wp-json\/wp\/v2\/product"}],"about":[{"href":"https:\/\/skaitytaknyga.lt\/en\/wp-json\/wp\/v2\/types\/product"}],"replies":[{"embeddable":true,"href":"https:\/\/skaitytaknyga.lt\/en\/wp-json\/wp\/v2\/comments?post=20627"}],"wp:featuredmedia":[{"embeddable":true,"href":"https:\/\/skaitytaknyga.lt\/en\/wp-json\/wp\/v2\/media\/20633"}],"wp:attachment":[{"href":"https:\/\/skaitytaknyga.lt\/en\/wp-json\/wp\/v2\/media?parent=20627"}],"wp:term":[{"taxonomy":"product_brand","embeddable":true,"href":"https:\/\/skaitytaknyga.lt\/en\/wp-json\/wp\/v2\/product_brand?post=20627"},{"taxonomy":"product_cat","embeddable":true,"href":"https:\/\/skaitytaknyga.lt\/en\/wp-json\/wp\/v2\/product_cat?post=20627"},{"taxonomy":"product_tag","embeddable":true,"href":"https:\/\/skaitytaknyga.lt\/en\/wp-json\/wp\/v2\/product_tag?post=20627"}],"curies":[{"name":"wp","href":"https:\/\/api.w.org\/{rel}","templated":true}]}}