{"id":20626,"date":"2025-09-01T17:51:28","date_gmt":"2025-09-01T14:51:28","guid":{"rendered":"https:\/\/skaitytaknyga.lt\/?post_type=product&#038;p=20626"},"modified":"2026-01-11T18:55:02","modified_gmt":"2026-01-11T16:55:02","slug":"totali-blaivybe-ar-totali-kontrole","status":"publish","type":"product","link":"https:\/\/skaitytaknyga.lt\/en\/produktas\/totali-blaivybe-ar-totali-kontrole\/","title":{"rendered":"Totali blaivyb\u0117 ar totali kontrol\u0117"},"content":{"rendered":"<p>\u0160ia knyga psichoterapeutas M. G. Maksimalietis siekia parodyti, kad visa monetarin\u0117 sistema, \u0161iuolaikin\u0117 pasaulio tvarka laikosi ant narkomanijos pamat\u0173; kad tai \u2013 mechanizmas, generuojantis i\u0161skirtines galias sistemos valdytojams, o visus kitus \u017emones paver\u010diantis atitinkamai suprogramuotomis \u0161ios sistemos detal\u0117mis. Knygoje pristatoma autoriaus i\u0161\u0161ifruota priklausomybi\u0173 formavimosi psichoschema. \u0160is atradimas suteikia \u017emon\u0117ms galimyb\u0119 tikslingai siekti \u017ealing\u0173 priklausomybi\u0173 i\u0161formavimo. Parodoma, kaip \u0161i\u0105 psichoschem\u0105 jau naudoja sistemos serg\u0117tojai ir \u017emon\u0117ms dar ne\u017einomu specifiniu b\u016bdu specialiai formuojamos \u017ealingos priklausomyb\u0117s. Visa tai daroma vardan to, kad \u017emogus tapt\u0173 priklausomas nuo pagrindini\u0173 monetarin\u0117s sistemos i\u0161laikytoj\u0173: narkomanijos bei farmacijos versl\u0173. Autorius pasakoja, kokias i\u0161skirtines galias \u012fgyja Maksimalistas \u2013 totalus blaivininkas, ir k\u0105 praranda \u017emogus, kur\u012f valdo \u017ealingos priklausomyb\u0117s. Pristatoma M. G. Maksimalie\u010dio suformuota Maksimalizmo ideologija ir jos svarba \u017emonijos atei\u010diai.<\/p>\n","protected":false},"excerpt":{"rendered":"<p>\u0160ia knyga psichoterapeutas M. G. Maksimalietis siekia parodyti, kad visa monetarin\u0117 sistema, \u0161iuolaikin\u0117 pasaulio tvarka laikosi ant narkomanijos pamat\u0173; kad tai \u2013 mechanizmas, generuojantis i\u0161skirtines galias sistemos valdytojams, o visus kitus \u017emones paver\u010diantis atitinkamai suprogramuotomis \u0161ios sistemos detal\u0117mis. Knygoje pristatoma autoriaus i\u0161\u0161ifruota priklausomybi\u0173 formavimosi psichoschema. \u0160is atradimas suteikia \u017emon\u0117ms galimyb\u0119 tikslingai siekti \u017ealing\u0173 priklausomybi\u0173 i\u0161formavimo. Parodoma, kaip \u0161i\u0105 psichoschem\u0105 jau naudoja sistemos serg\u0117tojai ir \u017emon\u0117ms dar ne\u017einomu specifiniu b\u016bdu specialiai formuojamos \u017ealingos priklausomyb\u0117s. Visa tai daroma vardan to, kad \u017emogus tapt\u0173 priklausomas nuo pagrindini\u0173 monetarin\u0117s sistemos i\u0161laikytoj\u0173: narkomanijos bei farmacijos versl\u0173. Autorius pasakoja, kokias i\u0161skirtines galias \u012fgyja Maksimalistas \u2013 totalus blaivininkas, ir k\u0105 praranda \u017emogus, kur\u012f valdo \u017ealingos priklausomyb\u0117s. Pristatoma M. G. Maksimalie\u010dio suformuota Maksimalizmo ideologija ir jos svarba \u017emonijos atei\u010diai.<\/p>\n","protected":false},"featured_media":20632,"comment_status":"open","ping_status":"closed","template":"","meta":{"_acf_changed":false,"site-sidebar-layout":"default","site-content-layout":"","ast-site-content-layout":"default","site-content-style":"default","site-sidebar-style":"default","ast-global-header-display":"","ast-banner-title-visibility":"","ast-main-header-display":"","ast-hfb-above-header-display":"","ast-hfb-below-header-display":"","ast-hfb-mobile-header-display":"","site-post-title":"","ast-breadcrumbs-content":"","ast-featured-img":"","footer-sml-layout":"","ast-disable-related-posts":"","theme-transparent-header-meta":"","adv-header-id-meta":"","stick-header-meta":"","header-above-stick-meta":"","header-main-stick-meta":"","header-below-stick-meta":"","astra-migrate-meta-layouts":"default","ast-page-background-enabled":"default","ast-page-background-meta":{"desktop":{"background-color":"","background-image":"","background-repeat":"repeat","background-position":"center center","background-size":"auto","background-attachment":"scroll","background-type":"","background-media":"","overlay-type":"","overlay-color":"","overlay-opacity":"","overlay-gradient":""},"tablet":{"background-color":"","background-image":"","background-repeat":"repeat","background-position":"center center","background-size":"auto","background-attachment":"scroll","background-type":"","background-media":"","overlay-type":"","overlay-color":"","overlay-opacity":"","overlay-gradient":""},"mobile":{"background-color":"","background-image":"","background-repeat":"repeat","background-position":"center center","background-size":"auto","background-attachment":"scroll","background-type":"","background-media":"","overlay-type":"","overlay-color":"","overlay-opacity":"","overlay-gradient":""}},"ast-content-background-meta":{"desktop":{"background-color":"var(--ast-global-color-4)","background-image":"","background-repeat":"repeat","background-position":"center center","background-size":"auto","background-attachment":"scroll","background-type":"","background-media":"","overlay-type":"","overlay-color":"","overlay-opacity":"","overlay-gradient":""},"tablet":{"background-color":"var(--ast-global-color-4)","background-image":"","background-repeat":"repeat","background-position":"center center","background-size":"auto","background-attachment":"scroll","background-type":"","background-media":"","overlay-type":"","overlay-color":"","overlay-opacity":"","overlay-gradient":""},"mobile":{"background-color":"var(--ast-global-color-4)","background-image":"","background-repeat":"repeat","background-position":"center center","background-size":"auto","background-attachment":"scroll","background-type":"","background-media":"","overlay-type":"","overlay-color":"","overlay-opacity":"","overlay-gradient":""}}},"product_brand":[],"product_cat":[30],"product_tag":[7697,7696,7695,1697,1392],"class_list":{"0":"post-20626","1":"product","2":"type-product","3":"status-publish","4":"has-post-thumbnail","6":"product_cat-psichologija-ir-saviugda","7":"product_tag-ideologija","8":"product_tag-kontrole","9":"product_tag-m-g-maksimalietis","10":"product_tag-priklausomybes","11":"product_tag-psichologija","12":"desktop-align-left","13":"tablet-align-left","14":"mobile-align-left","16":"first","17":"outofstock","18":"shipping-taxable","19":"purchasable","20":"product-type-simple"},"acf":[],"yoast_head":"<!-- This site is optimized with the Yoast SEO plugin v27.0 - https:\/\/yoast.com\/product\/yoast-seo-wordpress\/ -->\n<title>Totali blaivyb\u0117 ar totali kontrol\u0117<\/title>\n<meta name=\"description\" content=\"\u0160ia knyga psichoterapeutas M. G. Maksimalietis siekia parodyti, kad visa monetarin\u0117 sistema, \u0161iuolaikin\u0117 pasaulio tvarka laikosi ant narkomanijos pamat\u0173;\" \/>\n<meta name=\"robots\" content=\"index, follow, max-snippet:-1, max-image-preview:large, max-video-preview:-1\" \/>\n<link rel=\"canonical\" href=\"https:\/\/skaitytaknyga.lt\/en\/produktas\/totali-blaivybe-ar-totali-kontrole\/\" \/>\n<meta property=\"og:locale\" content=\"en_GB\" \/>\n<meta property=\"og:locale:alternate\" content=\"lt_LT\" \/>\n<meta property=\"og:type\" content=\"article\" \/>\n<meta property=\"og:title\" content=\"Totali blaivyb\u0117 ar totali kontrol\u0117\" \/>\n<meta property=\"og:description\" content=\"\u0160ia knyga psichoterapeutas M. G. Maksimalietis siekia parodyti, kad visa monetarin\u0117 sistema, \u0161iuolaikin\u0117 pasaulio tvarka laikosi ant narkomanijos pamat\u0173;\" \/>\n<meta property=\"og:url\" content=\"https:\/\/skaitytaknyga.lt\/en\/produktas\/totali-blaivybe-ar-totali-kontrole\/\" \/>\n<meta property=\"og:site_name\" content=\"Skaitytaknyga\" \/>\n<meta property=\"article:publisher\" content=\"https:\/\/www.facebook.com\/skaitytaknyga\/\" \/>\n<meta property=\"article:modified_time\" content=\"2026-01-11T16:55:02+00:00\" \/>\n<meta property=\"og:image\" content=\"https:\/\/skaitytaknyga.lt\/wp-content\/uploads\/2025\/09\/Totali-blaivybe-ar-totali-kontrole-1.webp\" \/>\n\t<meta property=\"og:image:width\" content=\"554\" \/>\n\t<meta property=\"og:image:height\" content=\"801\" \/>\n\t<meta property=\"og:image:type\" content=\"image\/webp\" \/>\n<meta name=\"twitter:card\" content=\"summary_large_image\" \/>\n<meta name=\"twitter:label1\" content=\"Estimated reading time\" \/>\n\t<meta name=\"twitter:data1\" content=\"1 minute\" \/>\n<script type=\"application\/ld+json\" class=\"yoast-schema-graph\">{\"@context\":\"https:\/\/schema.org\",\"@graph\":[{\"@type\":\"WebPage\",\"@id\":\"https:\/\/skaitytaknyga.lt\/produktas\/totali-blaivybe-ar-totali-kontrole\/\",\"url\":\"https:\/\/skaitytaknyga.lt\/produktas\/totali-blaivybe-ar-totali-kontrole\/\",\"name\":\"Totali blaivyb\u0117 ar totali kontrol\u0117\",\"isPartOf\":{\"@id\":\"https:\/\/skaitytaknyga.lt\/#website\"},\"primaryImageOfPage\":{\"@id\":\"https:\/\/skaitytaknyga.lt\/produktas\/totali-blaivybe-ar-totali-kontrole\/#primaryimage\"},\"image\":{\"@id\":\"https:\/\/skaitytaknyga.lt\/produktas\/totali-blaivybe-ar-totali-kontrole\/#primaryimage\"},\"thumbnailUrl\":\"https:\/\/skaitytaknyga.lt\/wp-content\/uploads\/2025\/09\/Totali-blaivybe-ar-totali-kontrole-1.webp\",\"datePublished\":\"2025-09-01T14:51:28+00:00\",\"dateModified\":\"2026-01-11T16:55:02+00:00\",\"description\":\"\u0160ia knyga psichoterapeutas M. G. Maksimalietis siekia parodyti, kad visa monetarin\u0117 sistema, \u0161iuolaikin\u0117 pasaulio tvarka laikosi ant narkomanijos pamat\u0173;\",\"breadcrumb\":{\"@id\":\"https:\/\/skaitytaknyga.lt\/produktas\/totali-blaivybe-ar-totali-kontrole\/#breadcrumb\"},\"inLanguage\":\"en-GB\",\"potentialAction\":[{\"@type\":\"ReadAction\",\"target\":[\"https:\/\/skaitytaknyga.lt\/produktas\/totali-blaivybe-ar-totali-kontrole\/\"]}]},{\"@type\":\"ImageObject\",\"inLanguage\":\"en-GB\",\"@id\":\"https:\/\/skaitytaknyga.lt\/produktas\/totali-blaivybe-ar-totali-kontrole\/#primaryimage\",\"url\":\"https:\/\/skaitytaknyga.lt\/wp-content\/uploads\/2025\/09\/Totali-blaivybe-ar-totali-kontrole-1.webp\",\"contentUrl\":\"https:\/\/skaitytaknyga.lt\/wp-content\/uploads\/2025\/09\/Totali-blaivybe-ar-totali-kontrole-1.webp\",\"width\":554,\"height\":801},{\"@type\":\"BreadcrumbList\",\"@id\":\"https:\/\/skaitytaknyga.lt\/produktas\/totali-blaivybe-ar-totali-kontrole\/#breadcrumb\",\"itemListElement\":[{\"@type\":\"ListItem\",\"position\":1,\"name\":\"Home\",\"item\":\"https:\/\/skaitytaknyga.lt\/\"},{\"@type\":\"ListItem\",\"position\":2,\"name\":\"Parduotuv\u0117\",\"item\":\"https:\/\/skaitytaknyga.lt\/knygu-parduotuve\/\"},{\"@type\":\"ListItem\",\"position\":3,\"name\":\"Totali blaivyb\u0117 ar totali kontrol\u0117\"}]},{\"@type\":\"WebSite\",\"@id\":\"https:\/\/skaitytaknyga.lt\/#website\",\"url\":\"https:\/\/skaitytaknyga.lt\/\",\"name\":\"skaitytaknyga.lt\",\"description\":\"Skaitytaknyga.lt \u2013 tai ma\u017eas \u0161eimos verslas, kuris prasid\u0117jo nuo meil\u0117s knygoms ir siekio i\u0161gelb\u0117ti knygas nuo likimo prie konteinerio. Kas vienam nereikalingas daiktas \u2013 kitam lobis, o mes esame tarpininkai, kurie padeda abiems tapti laimingesniems ???? \u017dinome kaip nelengva i\u0161gyventi ma\u017eiems verslams, tad nuo \u0161iol, \u010dia rasite ir kit\u0173, ma\u017e\u0173 \u0161eim\u0173 versl\u0173, rank\u0173 darbo, dovan\u0173 sau ir artimiesiems.\",\"publisher\":{\"@id\":\"https:\/\/skaitytaknyga.lt\/#organization\"},\"potentialAction\":[{\"@type\":\"SearchAction\",\"target\":{\"@type\":\"EntryPoint\",\"urlTemplate\":\"https:\/\/skaitytaknyga.lt\/?s={search_term_string}\"},\"query-input\":{\"@type\":\"PropertyValueSpecification\",\"valueRequired\":true,\"valueName\":\"search_term_string\"}}],\"inLanguage\":\"en-GB\"},{\"@type\":\"Organization\",\"@id\":\"https:\/\/skaitytaknyga.lt\/#organization\",\"name\":\"skaitytaknyga.lt\",\"url\":\"https:\/\/skaitytaknyga.lt\/\",\"logo\":{\"@type\":\"ImageObject\",\"inLanguage\":\"en-GB\",\"@id\":\"https:\/\/skaitytaknyga.lt\/#\/schema\/logo\/image\/\",\"url\":\"https:\/\/skaitytaknyga.lt\/wp-content\/uploads\/2024\/05\/cropped-cropped-cropped-02_00843_jt3bggkj1j3HLc7SyY6rEUpg.jpeg\",\"contentUrl\":\"https:\/\/skaitytaknyga.lt\/wp-content\/uploads\/2024\/05\/cropped-cropped-cropped-02_00843_jt3bggkj1j3HLc7SyY6rEUpg.jpeg\",\"width\":1600,\"height\":1600,\"caption\":\"skaitytaknyga.lt\"},\"image\":{\"@id\":\"https:\/\/skaitytaknyga.lt\/#\/schema\/logo\/image\/\"},\"sameAs\":[\"https:\/\/www.facebook.com\/skaitytaknyga\/\"]}]}<\/script>\n<!-- \/ Yoast SEO plugin. -->","yoast_head_json":{"title":"Totali blaivyb\u0117 ar totali kontrol\u0117","description":"\u0160ia knyga psichoterapeutas M. G. Maksimalietis siekia parodyti, kad visa monetarin\u0117 sistema, \u0161iuolaikin\u0117 pasaulio tvarka laikosi ant narkomanijos pamat\u0173;","robots":{"index":"index","follow":"follow","max-snippet":"max-snippet:-1","max-image-preview":"max-image-preview:large","max-video-preview":"max-video-preview:-1"},"canonical":"https:\/\/skaitytaknyga.lt\/en\/produktas\/totali-blaivybe-ar-totali-kontrole\/","og_locale":"en_GB","og_type":"article","og_title":"[:lt]Totali blaivyb\u0117 ar totali kontrol\u0117[:] - Skaitytaknyga","og_description":"\u0160ia knyga psichoterapeutas M. G. Maksimalietis siekia parodyti, kad visa monetarin\u0117 sistema, \u0161iuolaikin\u0117 pasaulio tvarka laikosi ant narkomanijos pamat\u0173;","og_url":"https:\/\/skaitytaknyga.lt\/en\/produktas\/totali-blaivybe-ar-totali-kontrole\/","og_site_name":"Skaitytaknyga","article_publisher":"https:\/\/www.facebook.com\/skaitytaknyga\/","article_modified_time":"2026-01-11T16:55:02+00:00","og_image":[{"width":554,"height":801,"url":"https:\/\/skaitytaknyga.lt\/wp-content\/uploads\/2025\/09\/Totali-blaivybe-ar-totali-kontrole-1.webp","type":"image\/webp"}],"twitter_card":"summary_large_image","twitter_misc":{"Estimated reading time":"1 minute"},"schema":{"@context":"https:\/\/schema.org","@graph":[{"@type":"WebPage","@id":"https:\/\/skaitytaknyga.lt\/produktas\/totali-blaivybe-ar-totali-kontrole\/","url":"https:\/\/skaitytaknyga.lt\/produktas\/totali-blaivybe-ar-totali-kontrole\/","name":"Totali blaivyb\u0117 ar totali kontrol\u0117","isPartOf":{"@id":"https:\/\/skaitytaknyga.lt\/#website"},"primaryImageOfPage":{"@id":"https:\/\/skaitytaknyga.lt\/produktas\/totali-blaivybe-ar-totali-kontrole\/#primaryimage"},"image":{"@id":"https:\/\/skaitytaknyga.lt\/produktas\/totali-blaivybe-ar-totali-kontrole\/#primaryimage"},"thumbnailUrl":"https:\/\/skaitytaknyga.lt\/wp-content\/uploads\/2025\/09\/Totali-blaivybe-ar-totali-kontrole-1.webp","datePublished":"2025-09-01T14:51:28+00:00","dateModified":"2026-01-11T16:55:02+00:00","description":"\u0160ia knyga psichoterapeutas M. G. Maksimalietis siekia parodyti, kad visa monetarin\u0117 sistema, \u0161iuolaikin\u0117 pasaulio tvarka laikosi ant narkomanijos pamat\u0173;","breadcrumb":{"@id":"https:\/\/skaitytaknyga.lt\/produktas\/totali-blaivybe-ar-totali-kontrole\/#breadcrumb"},"inLanguage":"en-GB","potentialAction":[{"@type":"ReadAction","target":["https:\/\/skaitytaknyga.lt\/produktas\/totali-blaivybe-ar-totali-kontrole\/"]}]},{"@type":"ImageObject","inLanguage":"en-GB","@id":"https:\/\/skaitytaknyga.lt\/produktas\/totali-blaivybe-ar-totali-kontrole\/#primaryimage","url":"https:\/\/skaitytaknyga.lt\/wp-content\/uploads\/2025\/09\/Totali-blaivybe-ar-totali-kontrole-1.webp","contentUrl":"https:\/\/skaitytaknyga.lt\/wp-content\/uploads\/2025\/09\/Totali-blaivybe-ar-totali-kontrole-1.webp","width":554,"height":801},{"@type":"BreadcrumbList","@id":"https:\/\/skaitytaknyga.lt\/produktas\/totali-blaivybe-ar-totali-kontrole\/#breadcrumb","itemListElement":[{"@type":"ListItem","position":1,"name":"Home","item":"https:\/\/skaitytaknyga.lt\/"},{"@type":"ListItem","position":2,"name":"Parduotuv\u0117","item":"https:\/\/skaitytaknyga.lt\/knygu-parduotuve\/"},{"@type":"ListItem","position":3,"name":"Totali blaivyb\u0117 ar totali kontrol\u0117"}]},{"@type":"WebSite","@id":"https:\/\/skaitytaknyga.lt\/#website","url":"https:\/\/skaitytaknyga.lt\/","name":"skaitytaknyga.lt","description":"Skaitytaknyga.lt \u2013 tai ma\u017eas \u0161eimos verslas, kuris prasid\u0117jo nuo meil\u0117s knygoms ir siekio i\u0161gelb\u0117ti knygas nuo likimo prie konteinerio. Kas vienam nereikalingas daiktas \u2013 kitam lobis, o mes esame tarpininkai, kurie padeda abiems tapti laimingesniems ???? \u017dinome kaip nelengva i\u0161gyventi ma\u017eiems verslams, tad nuo \u0161iol, \u010dia rasite ir kit\u0173, ma\u017e\u0173 \u0161eim\u0173 versl\u0173, rank\u0173 darbo, dovan\u0173 sau ir artimiesiems.","publisher":{"@id":"https:\/\/skaitytaknyga.lt\/#organization"},"potentialAction":[{"@type":"SearchAction","target":{"@type":"EntryPoint","urlTemplate":"https:\/\/skaitytaknyga.lt\/?s={search_term_string}"},"query-input":{"@type":"PropertyValueSpecification","valueRequired":true,"valueName":"search_term_string"}}],"inLanguage":"en-GB"},{"@type":"Organization","@id":"https:\/\/skaitytaknyga.lt\/#organization","name":"skaitytaknyga.lt","url":"https:\/\/skaitytaknyga.lt\/","logo":{"@type":"ImageObject","inLanguage":"en-GB","@id":"https:\/\/skaitytaknyga.lt\/#\/schema\/logo\/image\/","url":"https:\/\/skaitytaknyga.lt\/wp-content\/uploads\/2024\/05\/cropped-cropped-cropped-02_00843_jt3bggkj1j3HLc7SyY6rEUpg.jpeg","contentUrl":"https:\/\/skaitytaknyga.lt\/wp-content\/uploads\/2024\/05\/cropped-cropped-cropped-02_00843_jt3bggkj1j3HLc7SyY6rEUpg.jpeg","width":1600,"height":1600,"caption":"skaitytaknyga.lt"},"image":{"@id":"https:\/\/skaitytaknyga.lt\/#\/schema\/logo\/image\/"},"sameAs":["https:\/\/www.facebook.com\/skaitytaknyga\/"]}]}},"_links":{"self":[{"href":"https:\/\/skaitytaknyga.lt\/en\/wp-json\/wp\/v2\/product\/20626","targetHints":{"allow":["GET"]}}],"collection":[{"href":"https:\/\/skaitytaknyga.lt\/en\/wp-json\/wp\/v2\/product"}],"about":[{"href":"https:\/\/skaitytaknyga.lt\/en\/wp-json\/wp\/v2\/types\/product"}],"replies":[{"embeddable":true,"href":"https:\/\/skaitytaknyga.lt\/en\/wp-json\/wp\/v2\/comments?post=20626"}],"wp:featuredmedia":[{"embeddable":true,"href":"https:\/\/skaitytaknyga.lt\/en\/wp-json\/wp\/v2\/media\/20632"}],"wp:attachment":[{"href":"https:\/\/skaitytaknyga.lt\/en\/wp-json\/wp\/v2\/media?parent=20626"}],"wp:term":[{"taxonomy":"product_brand","embeddable":true,"href":"https:\/\/skaitytaknyga.lt\/en\/wp-json\/wp\/v2\/product_brand?post=20626"},{"taxonomy":"product_cat","embeddable":true,"href":"https:\/\/skaitytaknyga.lt\/en\/wp-json\/wp\/v2\/product_cat?post=20626"},{"taxonomy":"product_tag","embeddable":true,"href":"https:\/\/skaitytaknyga.lt\/en\/wp-json\/wp\/v2\/product_tag?post=20626"}],"curies":[{"name":"wp","href":"https:\/\/api.w.org\/{rel}","templated":true}]}}