{"id":20625,"date":"2025-09-01T17:51:28","date_gmt":"2025-09-01T14:51:28","guid":{"rendered":"https:\/\/skaitytaknyga.lt\/?post_type=product&#038;p=20625"},"modified":"2025-09-06T11:43:11","modified_gmt":"2025-09-06T08:43:11","slug":"patarliu-zodynas-yra-patamsejimu","status":"publish","type":"product","link":"https:\/\/skaitytaknyga.lt\/en\/produktas\/patarliu-zodynas-yra-patamsejimu\/","title":{"rendered":"Patarli\u0173 \u017eodynas (yra patams\u0117jim\u0173)"},"content":{"rendered":"<p>Patarl\u0117s lietuvi\u0173, lenk\u0173, angl\u0173, pranc\u016bz\u0173, ispan\u0173, vokie\u010di\u0173, rus\u0173, ital\u0173 ir lotyn\u0173 kalbomis. \u0160is da\u017eniausiai vartojam\u0173 patarli\u0173 \u017eodynas tur\u0117t\u0173 praversti moksleiviams, mokytojams, studentams, vert\u0117jams, kalb\u0173 specialistams.<\/p>\n","protected":false},"excerpt":{"rendered":"<p>Patarl\u0117s lietuvi\u0173, lenk\u0173, angl\u0173, pranc\u016bz\u0173, ispan\u0173, vokie\u010di\u0173, rus\u0173, ital\u0173 ir lotyn\u0173 kalbomis. \u0160is da\u017eniausiai vartojam\u0173 patarli\u0173 \u017eodynas tur\u0117t\u0173 praversti moksleiviams, mokytojams, studentams, vert\u0117jams, kalb\u0173 specialistams.<\/p>\n","protected":false},"featured_media":20631,"comment_status":"open","ping_status":"closed","template":"","meta":{"_acf_changed":false,"site-sidebar-layout":"default","site-content-layout":"","ast-site-content-layout":"default","site-content-style":"default","site-sidebar-style":"default","ast-global-header-display":"","ast-banner-title-visibility":"","ast-main-header-display":"","ast-hfb-above-header-display":"","ast-hfb-below-header-display":"","ast-hfb-mobile-header-display":"","site-post-title":"","ast-breadcrumbs-content":"","ast-featured-img":"","footer-sml-layout":"","ast-disable-related-posts":"","theme-transparent-header-meta":"","adv-header-id-meta":"","stick-header-meta":"","header-above-stick-meta":"","header-main-stick-meta":"","header-below-stick-meta":"","astra-migrate-meta-layouts":"default","ast-page-background-enabled":"default","ast-page-background-meta":{"desktop":{"background-color":"","background-image":"","background-repeat":"repeat","background-position":"center center","background-size":"auto","background-attachment":"scroll","background-type":"","background-media":"","overlay-type":"","overlay-color":"","overlay-opacity":"","overlay-gradient":""},"tablet":{"background-color":"","background-image":"","background-repeat":"repeat","background-position":"center center","background-size":"auto","background-attachment":"scroll","background-type":"","background-media":"","overlay-type":"","overlay-color":"","overlay-opacity":"","overlay-gradient":""},"mobile":{"background-color":"","background-image":"","background-repeat":"repeat","background-position":"center center","background-size":"auto","background-attachment":"scroll","background-type":"","background-media":"","overlay-type":"","overlay-color":"","overlay-opacity":"","overlay-gradient":""}},"ast-content-background-meta":{"desktop":{"background-color":"var(--ast-global-color-4)","background-image":"","background-repeat":"repeat","background-position":"center center","background-size":"auto","background-attachment":"scroll","background-type":"","background-media":"","overlay-type":"","overlay-color":"","overlay-opacity":"","overlay-gradient":""},"tablet":{"background-color":"var(--ast-global-color-4)","background-image":"","background-repeat":"repeat","background-position":"center center","background-size":"auto","background-attachment":"scroll","background-type":"","background-media":"","overlay-type":"","overlay-color":"","overlay-opacity":"","overlay-gradient":""},"mobile":{"background-color":"var(--ast-global-color-4)","background-image":"","background-repeat":"repeat","background-position":"center center","background-size":"auto","background-attachment":"scroll","background-type":"","background-media":"","overlay-type":"","overlay-color":"","overlay-opacity":"","overlay-gradient":""}}},"product_brand":[],"product_cat":[2836],"product_tag":[7694,3357,2376,6420,1532],"class_list":{"0":"post-20625","1":"product","2":"type-product","3":"status-publish","4":"has-post-thumbnail","6":"product_cat-kalba-kalbotyra-zodynai-2","7":"product_tag-dobroslawa-swierczynska","8":"product_tag-kalbos","9":"product_tag-kultura","10":"product_tag-patarles","11":"product_tag-svietimas","12":"desktop-align-left","13":"tablet-align-left","14":"mobile-align-left","16":"first","17":"instock","18":"shipping-taxable","19":"purchasable","20":"product-type-simple"},"acf":[],"yoast_head":"<!-- This site is optimized with the Yoast SEO plugin v27.0 - https:\/\/yoast.com\/product\/yoast-seo-wordpress\/ -->\n<title>Patarli\u0173 \u017eodynas (yra patams\u0117jim\u0173)<\/title>\n<meta name=\"description\" content=\"Patarl\u0117s lietuvi\u0173, lenk\u0173, angl\u0173, pranc\u016bz\u0173, ispan\u0173, vokie\u010di\u0173, rus\u0173, ital\u0173 ir lotyn\u0173 kalbomis. \u0160is da\u017eniausiai vartojam\u0173 patarli\u0173 \u017eodynas tur\u0117t\u0173 praversti\" \/>\n<meta name=\"robots\" content=\"index, follow, max-snippet:-1, max-image-preview:large, max-video-preview:-1\" \/>\n<link rel=\"canonical\" href=\"https:\/\/skaitytaknyga.lt\/en\/produktas\/patarliu-zodynas-yra-patamsejimu\/\" \/>\n<meta property=\"og:locale\" content=\"en_GB\" \/>\n<meta property=\"og:locale:alternate\" content=\"lt_LT\" \/>\n<meta property=\"og:type\" content=\"article\" \/>\n<meta property=\"og:title\" content=\"Patarli\u0173 \u017eodynas (yra patams\u0117jim\u0173)\" \/>\n<meta property=\"og:description\" content=\"Patarl\u0117s lietuvi\u0173, lenk\u0173, angl\u0173, pranc\u016bz\u0173, ispan\u0173, vokie\u010di\u0173, rus\u0173, ital\u0173 ir lotyn\u0173 kalbomis. \u0160is da\u017eniausiai vartojam\u0173 patarli\u0173 \u017eodynas tur\u0117t\u0173 praversti\" \/>\n<meta property=\"og:url\" content=\"https:\/\/skaitytaknyga.lt\/en\/produktas\/patarliu-zodynas-yra-patamsejimu\/\" \/>\n<meta property=\"og:site_name\" content=\"Skaitytaknyga\" \/>\n<meta property=\"article:publisher\" content=\"https:\/\/www.facebook.com\/skaitytaknyga\/\" \/>\n<meta property=\"article:modified_time\" content=\"2025-09-06T08:43:11+00:00\" \/>\n<meta property=\"og:image\" content=\"https:\/\/skaitytaknyga.lt\/wp-content\/uploads\/2025\/09\/Patarliu-zodynas.webp\" \/>\n\t<meta property=\"og:image:width\" content=\"363\" \/>\n\t<meta property=\"og:image:height\" content=\"575\" \/>\n\t<meta property=\"og:image:type\" content=\"image\/webp\" \/>\n<meta name=\"twitter:card\" content=\"summary_large_image\" \/>\n<script type=\"application\/ld+json\" class=\"yoast-schema-graph\">{\"@context\":\"https:\/\/schema.org\",\"@graph\":[{\"@type\":\"WebPage\",\"@id\":\"https:\/\/skaitytaknyga.lt\/produktas\/patarliu-zodynas-yra-patamsejimu\/\",\"url\":\"https:\/\/skaitytaknyga.lt\/produktas\/patarliu-zodynas-yra-patamsejimu\/\",\"name\":\"Patarli\u0173 \u017eodynas (yra patams\u0117jim\u0173)\",\"isPartOf\":{\"@id\":\"https:\/\/skaitytaknyga.lt\/#website\"},\"primaryImageOfPage\":{\"@id\":\"https:\/\/skaitytaknyga.lt\/produktas\/patarliu-zodynas-yra-patamsejimu\/#primaryimage\"},\"image\":{\"@id\":\"https:\/\/skaitytaknyga.lt\/produktas\/patarliu-zodynas-yra-patamsejimu\/#primaryimage\"},\"thumbnailUrl\":\"https:\/\/skaitytaknyga.lt\/wp-content\/uploads\/2025\/09\/Patarliu-zodynas.webp\",\"datePublished\":\"2025-09-01T14:51:28+00:00\",\"dateModified\":\"2025-09-06T08:43:11+00:00\",\"description\":\"Patarl\u0117s lietuvi\u0173, lenk\u0173, angl\u0173, pranc\u016bz\u0173, ispan\u0173, vokie\u010di\u0173, rus\u0173, ital\u0173 ir lotyn\u0173 kalbomis. \u0160is da\u017eniausiai vartojam\u0173 patarli\u0173 \u017eodynas tur\u0117t\u0173 praversti\",\"breadcrumb\":{\"@id\":\"https:\/\/skaitytaknyga.lt\/produktas\/patarliu-zodynas-yra-patamsejimu\/#breadcrumb\"},\"inLanguage\":\"en-GB\",\"potentialAction\":[{\"@type\":\"ReadAction\",\"target\":[\"https:\/\/skaitytaknyga.lt\/produktas\/patarliu-zodynas-yra-patamsejimu\/\"]}]},{\"@type\":\"ImageObject\",\"inLanguage\":\"en-GB\",\"@id\":\"https:\/\/skaitytaknyga.lt\/produktas\/patarliu-zodynas-yra-patamsejimu\/#primaryimage\",\"url\":\"https:\/\/skaitytaknyga.lt\/wp-content\/uploads\/2025\/09\/Patarliu-zodynas.webp\",\"contentUrl\":\"https:\/\/skaitytaknyga.lt\/wp-content\/uploads\/2025\/09\/Patarliu-zodynas.webp\",\"width\":363,\"height\":575},{\"@type\":\"BreadcrumbList\",\"@id\":\"https:\/\/skaitytaknyga.lt\/produktas\/patarliu-zodynas-yra-patamsejimu\/#breadcrumb\",\"itemListElement\":[{\"@type\":\"ListItem\",\"position\":1,\"name\":\"Home\",\"item\":\"https:\/\/skaitytaknyga.lt\/\"},{\"@type\":\"ListItem\",\"position\":2,\"name\":\"Parduotuv\u0117\",\"item\":\"https:\/\/skaitytaknyga.lt\/knygu-parduotuve\/\"},{\"@type\":\"ListItem\",\"position\":3,\"name\":\"Patarli\u0173 \u017eodynas (yra patams\u0117jim\u0173)\"}]},{\"@type\":\"WebSite\",\"@id\":\"https:\/\/skaitytaknyga.lt\/#website\",\"url\":\"https:\/\/skaitytaknyga.lt\/\",\"name\":\"skaitytaknyga.lt\",\"description\":\"Skaitytaknyga.lt \u2013 tai ma\u017eas \u0161eimos verslas, kuris prasid\u0117jo nuo meil\u0117s knygoms ir siekio i\u0161gelb\u0117ti knygas nuo likimo prie konteinerio. Kas vienam nereikalingas daiktas \u2013 kitam lobis, o mes esame tarpininkai, kurie padeda abiems tapti laimingesniems ???? \u017dinome kaip nelengva i\u0161gyventi ma\u017eiems verslams, tad nuo \u0161iol, \u010dia rasite ir kit\u0173, ma\u017e\u0173 \u0161eim\u0173 versl\u0173, rank\u0173 darbo, dovan\u0173 sau ir artimiesiems.\",\"publisher\":{\"@id\":\"https:\/\/skaitytaknyga.lt\/#organization\"},\"potentialAction\":[{\"@type\":\"SearchAction\",\"target\":{\"@type\":\"EntryPoint\",\"urlTemplate\":\"https:\/\/skaitytaknyga.lt\/?s={search_term_string}\"},\"query-input\":{\"@type\":\"PropertyValueSpecification\",\"valueRequired\":true,\"valueName\":\"search_term_string\"}}],\"inLanguage\":\"en-GB\"},{\"@type\":\"Organization\",\"@id\":\"https:\/\/skaitytaknyga.lt\/#organization\",\"name\":\"skaitytaknyga.lt\",\"url\":\"https:\/\/skaitytaknyga.lt\/\",\"logo\":{\"@type\":\"ImageObject\",\"inLanguage\":\"en-GB\",\"@id\":\"https:\/\/skaitytaknyga.lt\/#\/schema\/logo\/image\/\",\"url\":\"https:\/\/skaitytaknyga.lt\/wp-content\/uploads\/2024\/05\/cropped-cropped-cropped-02_00843_jt3bggkj1j3HLc7SyY6rEUpg.jpeg\",\"contentUrl\":\"https:\/\/skaitytaknyga.lt\/wp-content\/uploads\/2024\/05\/cropped-cropped-cropped-02_00843_jt3bggkj1j3HLc7SyY6rEUpg.jpeg\",\"width\":1600,\"height\":1600,\"caption\":\"skaitytaknyga.lt\"},\"image\":{\"@id\":\"https:\/\/skaitytaknyga.lt\/#\/schema\/logo\/image\/\"},\"sameAs\":[\"https:\/\/www.facebook.com\/skaitytaknyga\/\"]}]}<\/script>\n<!-- \/ Yoast SEO plugin. -->","yoast_head_json":{"title":"Patarli\u0173 \u017eodynas (yra patams\u0117jim\u0173)","description":"Patarl\u0117s lietuvi\u0173, lenk\u0173, angl\u0173, pranc\u016bz\u0173, ispan\u0173, vokie\u010di\u0173, rus\u0173, ital\u0173 ir lotyn\u0173 kalbomis. \u0160is da\u017eniausiai vartojam\u0173 patarli\u0173 \u017eodynas tur\u0117t\u0173 praversti","robots":{"index":"index","follow":"follow","max-snippet":"max-snippet:-1","max-image-preview":"max-image-preview:large","max-video-preview":"max-video-preview:-1"},"canonical":"https:\/\/skaitytaknyga.lt\/en\/produktas\/patarliu-zodynas-yra-patamsejimu\/","og_locale":"en_GB","og_type":"article","og_title":"[:lt]Patarli\u0173 \u017eodynas (yra patams\u0117jim\u0173)[:] - Skaitytaknyga","og_description":"Patarl\u0117s lietuvi\u0173, lenk\u0173, angl\u0173, pranc\u016bz\u0173, ispan\u0173, vokie\u010di\u0173, rus\u0173, ital\u0173 ir lotyn\u0173 kalbomis. \u0160is da\u017eniausiai vartojam\u0173 patarli\u0173 \u017eodynas tur\u0117t\u0173 praversti","og_url":"https:\/\/skaitytaknyga.lt\/en\/produktas\/patarliu-zodynas-yra-patamsejimu\/","og_site_name":"Skaitytaknyga","article_publisher":"https:\/\/www.facebook.com\/skaitytaknyga\/","article_modified_time":"2025-09-06T08:43:11+00:00","og_image":[{"width":363,"height":575,"url":"https:\/\/skaitytaknyga.lt\/wp-content\/uploads\/2025\/09\/Patarliu-zodynas.webp","type":"image\/webp"}],"twitter_card":"summary_large_image","schema":{"@context":"https:\/\/schema.org","@graph":[{"@type":"WebPage","@id":"https:\/\/skaitytaknyga.lt\/produktas\/patarliu-zodynas-yra-patamsejimu\/","url":"https:\/\/skaitytaknyga.lt\/produktas\/patarliu-zodynas-yra-patamsejimu\/","name":"Patarli\u0173 \u017eodynas (yra patams\u0117jim\u0173)","isPartOf":{"@id":"https:\/\/skaitytaknyga.lt\/#website"},"primaryImageOfPage":{"@id":"https:\/\/skaitytaknyga.lt\/produktas\/patarliu-zodynas-yra-patamsejimu\/#primaryimage"},"image":{"@id":"https:\/\/skaitytaknyga.lt\/produktas\/patarliu-zodynas-yra-patamsejimu\/#primaryimage"},"thumbnailUrl":"https:\/\/skaitytaknyga.lt\/wp-content\/uploads\/2025\/09\/Patarliu-zodynas.webp","datePublished":"2025-09-01T14:51:28+00:00","dateModified":"2025-09-06T08:43:11+00:00","description":"Patarl\u0117s lietuvi\u0173, lenk\u0173, angl\u0173, pranc\u016bz\u0173, ispan\u0173, vokie\u010di\u0173, rus\u0173, ital\u0173 ir lotyn\u0173 kalbomis. \u0160is da\u017eniausiai vartojam\u0173 patarli\u0173 \u017eodynas tur\u0117t\u0173 praversti","breadcrumb":{"@id":"https:\/\/skaitytaknyga.lt\/produktas\/patarliu-zodynas-yra-patamsejimu\/#breadcrumb"},"inLanguage":"en-GB","potentialAction":[{"@type":"ReadAction","target":["https:\/\/skaitytaknyga.lt\/produktas\/patarliu-zodynas-yra-patamsejimu\/"]}]},{"@type":"ImageObject","inLanguage":"en-GB","@id":"https:\/\/skaitytaknyga.lt\/produktas\/patarliu-zodynas-yra-patamsejimu\/#primaryimage","url":"https:\/\/skaitytaknyga.lt\/wp-content\/uploads\/2025\/09\/Patarliu-zodynas.webp","contentUrl":"https:\/\/skaitytaknyga.lt\/wp-content\/uploads\/2025\/09\/Patarliu-zodynas.webp","width":363,"height":575},{"@type":"BreadcrumbList","@id":"https:\/\/skaitytaknyga.lt\/produktas\/patarliu-zodynas-yra-patamsejimu\/#breadcrumb","itemListElement":[{"@type":"ListItem","position":1,"name":"Home","item":"https:\/\/skaitytaknyga.lt\/"},{"@type":"ListItem","position":2,"name":"Parduotuv\u0117","item":"https:\/\/skaitytaknyga.lt\/knygu-parduotuve\/"},{"@type":"ListItem","position":3,"name":"Patarli\u0173 \u017eodynas (yra patams\u0117jim\u0173)"}]},{"@type":"WebSite","@id":"https:\/\/skaitytaknyga.lt\/#website","url":"https:\/\/skaitytaknyga.lt\/","name":"skaitytaknyga.lt","description":"Skaitytaknyga.lt \u2013 tai ma\u017eas \u0161eimos verslas, kuris prasid\u0117jo nuo meil\u0117s knygoms ir siekio i\u0161gelb\u0117ti knygas nuo likimo prie konteinerio. Kas vienam nereikalingas daiktas \u2013 kitam lobis, o mes esame tarpininkai, kurie padeda abiems tapti laimingesniems ???? \u017dinome kaip nelengva i\u0161gyventi ma\u017eiems verslams, tad nuo \u0161iol, \u010dia rasite ir kit\u0173, ma\u017e\u0173 \u0161eim\u0173 versl\u0173, rank\u0173 darbo, dovan\u0173 sau ir artimiesiems.","publisher":{"@id":"https:\/\/skaitytaknyga.lt\/#organization"},"potentialAction":[{"@type":"SearchAction","target":{"@type":"EntryPoint","urlTemplate":"https:\/\/skaitytaknyga.lt\/?s={search_term_string}"},"query-input":{"@type":"PropertyValueSpecification","valueRequired":true,"valueName":"search_term_string"}}],"inLanguage":"en-GB"},{"@type":"Organization","@id":"https:\/\/skaitytaknyga.lt\/#organization","name":"skaitytaknyga.lt","url":"https:\/\/skaitytaknyga.lt\/","logo":{"@type":"ImageObject","inLanguage":"en-GB","@id":"https:\/\/skaitytaknyga.lt\/#\/schema\/logo\/image\/","url":"https:\/\/skaitytaknyga.lt\/wp-content\/uploads\/2024\/05\/cropped-cropped-cropped-02_00843_jt3bggkj1j3HLc7SyY6rEUpg.jpeg","contentUrl":"https:\/\/skaitytaknyga.lt\/wp-content\/uploads\/2024\/05\/cropped-cropped-cropped-02_00843_jt3bggkj1j3HLc7SyY6rEUpg.jpeg","width":1600,"height":1600,"caption":"skaitytaknyga.lt"},"image":{"@id":"https:\/\/skaitytaknyga.lt\/#\/schema\/logo\/image\/"},"sameAs":["https:\/\/www.facebook.com\/skaitytaknyga\/"]}]}},"_links":{"self":[{"href":"https:\/\/skaitytaknyga.lt\/en\/wp-json\/wp\/v2\/product\/20625","targetHints":{"allow":["GET"]}}],"collection":[{"href":"https:\/\/skaitytaknyga.lt\/en\/wp-json\/wp\/v2\/product"}],"about":[{"href":"https:\/\/skaitytaknyga.lt\/en\/wp-json\/wp\/v2\/types\/product"}],"replies":[{"embeddable":true,"href":"https:\/\/skaitytaknyga.lt\/en\/wp-json\/wp\/v2\/comments?post=20625"}],"wp:featuredmedia":[{"embeddable":true,"href":"https:\/\/skaitytaknyga.lt\/en\/wp-json\/wp\/v2\/media\/20631"}],"wp:attachment":[{"href":"https:\/\/skaitytaknyga.lt\/en\/wp-json\/wp\/v2\/media?parent=20625"}],"wp:term":[{"taxonomy":"product_brand","embeddable":true,"href":"https:\/\/skaitytaknyga.lt\/en\/wp-json\/wp\/v2\/product_brand?post=20625"},{"taxonomy":"product_cat","embeddable":true,"href":"https:\/\/skaitytaknyga.lt\/en\/wp-json\/wp\/v2\/product_cat?post=20625"},{"taxonomy":"product_tag","embeddable":true,"href":"https:\/\/skaitytaknyga.lt\/en\/wp-json\/wp\/v2\/product_tag?post=20625"}],"curies":[{"name":"wp","href":"https:\/\/api.w.org\/{rel}","templated":true}]}}