{"id":20618,"date":"2025-09-01T13:23:11","date_gmt":"2025-09-01T10:23:11","guid":{"rendered":"https:\/\/skaitytaknyga.lt\/?post_type=product&#038;p=20618"},"modified":"2025-09-06T11:22:11","modified_gmt":"2025-09-06T08:22:11","slug":"kaip-islikti-yra-kelios-demeles","status":"publish","type":"product","link":"https:\/\/skaitytaknyga.lt\/en\/produktas\/kaip-islikti-yra-kelios-demeles\/","title":{"rendered":"Kaip i\u0161likti (yra kelios d\u0117mel\u0117s)"},"content":{"rendered":"<p>Knygoje gausu patarim\u0173 kaip elgtis i\u0161tikus \u012fvairioms b\u0117doms: suteikti pirm\u0105j\u0105 pagalb\u0105, gaisro metu, avarij\u0173, patekus \u012f negyvenamas vietas ir pan. \u0161tai citata: &#8220;J\u016bs galite patirti \u0161ok\u0105, kai pasijusite atskirti nuo civilizuoto pasaulio ir jo teikiam\u0173 patogum\u0173: maisto, vandens, b\u016bsto, \u0161ilumos ir draugijos, bet \u0161oko stiprum\u0105 lems susiklos\u010diusios aplinkyb\u0117s ir j\u016bs\u0173 patyrimas ar pasirengimas tokiai situacijai, kurioje atsid\u016br\u0117te. Pirmiausia privalote skubiai \u012fveikti savo baim\u0119 ir nevilt\u012f. Ir apskritai j\u016bs\u0173 svarbiausia dvasin\u0117 ir fizin\u0117 savyb\u0117 turi b\u016bti i\u0161tvermingumas. Nelengva bus \u012fveikti visas b\u0117das, su kuriomis susidursite. Tik j\u016bs patys galite nuspr\u0119sti, k\u0105 i\u0161tversite. Pasikliaukite savo treniruotumu, iniciatyva ir Dievo duotais sugeb\u0117jimais.&#8221;<\/p>\n","protected":false},"excerpt":{"rendered":"<p>Knygoje gausu patarim\u0173 kaip elgtis i\u0161tikus \u012fvairioms b\u0117doms: suteikti pirm\u0105j\u0105 pagalb\u0105, gaisro metu, avarij\u0173, patekus \u012f negyvenamas vietas ir pan. \u0161tai citata: &#8220;J\u016bs galite patirti \u0161ok\u0105, kai pasijusite atskirti nuo civilizuoto pasaulio ir jo teikiam\u0173 patogum\u0173: maisto, vandens, b\u016bsto, \u0161ilumos ir draugijos, bet \u0161oko stiprum\u0105 lems susiklos\u010diusios aplinkyb\u0117s ir j\u016bs\u0173 patyrimas ar pasirengimas tokiai situacijai, kurioje atsid\u016br\u0117te. Pirmiausia privalote skubiai \u012fveikti savo baim\u0119 ir nevilt\u012f. Ir apskritai j\u016bs\u0173 svarbiausia dvasin\u0117 ir fizin\u0117 savyb\u0117 turi b\u016bti i\u0161tvermingumas. Nelengva bus \u012fveikti visas b\u0117das, su kuriomis susidursite. Tik j\u016bs patys galite nuspr\u0119sti, k\u0105 i\u0161tversite. Pasikliaukite savo treniruotumu, iniciatyva ir Dievo duotais sugeb\u0117jimais.&#8221;<\/p>\n","protected":false},"featured_media":20629,"comment_status":"open","ping_status":"closed","template":"","meta":{"_acf_changed":false,"site-sidebar-layout":"default","site-content-layout":"","ast-site-content-layout":"default","site-content-style":"default","site-sidebar-style":"default","ast-global-header-display":"","ast-banner-title-visibility":"","ast-main-header-display":"","ast-hfb-above-header-display":"","ast-hfb-below-header-display":"","ast-hfb-mobile-header-display":"","site-post-title":"","ast-breadcrumbs-content":"","ast-featured-img":"","footer-sml-layout":"","ast-disable-related-posts":"","theme-transparent-header-meta":"","adv-header-id-meta":"","stick-header-meta":"","header-above-stick-meta":"","header-main-stick-meta":"","header-below-stick-meta":"","astra-migrate-meta-layouts":"default","ast-page-background-enabled":"default","ast-page-background-meta":{"desktop":{"background-color":"","background-image":"","background-repeat":"repeat","background-position":"center center","background-size":"auto","background-attachment":"scroll","background-type":"","background-media":"","overlay-type":"","overlay-color":"","overlay-opacity":"","overlay-gradient":""},"tablet":{"background-color":"","background-image":"","background-repeat":"repeat","background-position":"center center","background-size":"auto","background-attachment":"scroll","background-type":"","background-media":"","overlay-type":"","overlay-color":"","overlay-opacity":"","overlay-gradient":""},"mobile":{"background-color":"","background-image":"","background-repeat":"repeat","background-position":"center center","background-size":"auto","background-attachment":"scroll","background-type":"","background-media":"","overlay-type":"","overlay-color":"","overlay-opacity":"","overlay-gradient":""}},"ast-content-background-meta":{"desktop":{"background-color":"var(--ast-global-color-4)","background-image":"","background-repeat":"repeat","background-position":"center center","background-size":"auto","background-attachment":"scroll","background-type":"","background-media":"","overlay-type":"","overlay-color":"","overlay-opacity":"","overlay-gradient":""},"tablet":{"background-color":"var(--ast-global-color-4)","background-image":"","background-repeat":"repeat","background-position":"center center","background-size":"auto","background-attachment":"scroll","background-type":"","background-media":"","overlay-type":"","overlay-color":"","overlay-opacity":"","overlay-gradient":""},"mobile":{"background-color":"var(--ast-global-color-4)","background-image":"","background-repeat":"repeat","background-position":"center center","background-size":"auto","background-attachment":"scroll","background-type":"","background-media":"","overlay-type":"","overlay-color":"","overlay-opacity":"","overlay-gradient":""}}},"product_brand":[],"product_cat":[15],"product_tag":[7690,1840,3537,1451,3145],"class_list":{"0":"post-20618","1":"product","2":"type-product","3":"status-publish","4":"has-post-thumbnail","6":"product_cat-uncategorized","7":"product_tag-alexanderas-stilwell","8":"product_tag-isgyvenimas","9":"product_tag-islikimas","10":"product_tag-nuotykiai","11":"product_tag-pavojus","12":"desktop-align-left","13":"tablet-align-left","14":"mobile-align-left","16":"first","17":"instock","18":"shipping-taxable","19":"purchasable","20":"product-type-simple"},"acf":[],"yoast_head":"<!-- This site is optimized with the Yoast SEO plugin v27.0 - https:\/\/yoast.com\/product\/yoast-seo-wordpress\/ -->\n<title>Kaip i\u0161likti (yra kelios d\u0117mel\u0117s)<\/title>\n<meta name=\"description\" content=\"Knygoje gausu patarim\u0173 kaip elgtis i\u0161tikus \u012fvairioms b\u0117doms: suteikti pirm\u0105j\u0105 pagalb\u0105, gaisro metu, avarij\u0173, patekus \u012f negyvenamas vietas ir pan. \u0161tai\" \/>\n<meta name=\"robots\" content=\"index, follow, max-snippet:-1, max-image-preview:large, max-video-preview:-1\" \/>\n<link rel=\"canonical\" href=\"https:\/\/skaitytaknyga.lt\/en\/produktas\/kaip-islikti-yra-kelios-demeles\/\" \/>\n<meta property=\"og:locale\" content=\"en_GB\" \/>\n<meta property=\"og:locale:alternate\" content=\"lt_LT\" \/>\n<meta property=\"og:type\" content=\"article\" \/>\n<meta property=\"og:title\" content=\"Kaip i\u0161likti (yra kelios d\u0117mel\u0117s)\" \/>\n<meta property=\"og:description\" content=\"Knygoje gausu patarim\u0173 kaip elgtis i\u0161tikus \u012fvairioms b\u0117doms: suteikti pirm\u0105j\u0105 pagalb\u0105, gaisro metu, avarij\u0173, patekus \u012f negyvenamas vietas ir pan. \u0161tai\" \/>\n<meta property=\"og:url\" content=\"https:\/\/skaitytaknyga.lt\/en\/produktas\/kaip-islikti-yra-kelios-demeles\/\" \/>\n<meta property=\"og:site_name\" content=\"Skaitytaknyga\" \/>\n<meta property=\"article:publisher\" content=\"https:\/\/www.facebook.com\/skaitytaknyga\/\" \/>\n<meta property=\"article:modified_time\" content=\"2025-09-06T08:22:11+00:00\" \/>\n<meta property=\"og:image\" content=\"https:\/\/skaitytaknyga.lt\/wp-content\/uploads\/2025\/09\/Kaip-islikti-1-e1756738652503.webp\" \/>\n\t<meta property=\"og:image:width\" content=\"305\" \/>\n\t<meta property=\"og:image:height\" content=\"452\" \/>\n\t<meta property=\"og:image:type\" content=\"image\/webp\" \/>\n<meta name=\"twitter:card\" content=\"summary_large_image\" \/>\n<meta name=\"twitter:label1\" content=\"Estimated reading time\" \/>\n\t<meta name=\"twitter:data1\" content=\"1 minute\" \/>\n<script type=\"application\/ld+json\" class=\"yoast-schema-graph\">{\"@context\":\"https:\/\/schema.org\",\"@graph\":[{\"@type\":\"WebPage\",\"@id\":\"https:\/\/skaitytaknyga.lt\/produktas\/kaip-islikti-yra-kelios-demeles\/\",\"url\":\"https:\/\/skaitytaknyga.lt\/produktas\/kaip-islikti-yra-kelios-demeles\/\",\"name\":\"Kaip i\u0161likti (yra kelios d\u0117mel\u0117s)\",\"isPartOf\":{\"@id\":\"https:\/\/skaitytaknyga.lt\/#website\"},\"primaryImageOfPage\":{\"@id\":\"https:\/\/skaitytaknyga.lt\/produktas\/kaip-islikti-yra-kelios-demeles\/#primaryimage\"},\"image\":{\"@id\":\"https:\/\/skaitytaknyga.lt\/produktas\/kaip-islikti-yra-kelios-demeles\/#primaryimage\"},\"thumbnailUrl\":\"https:\/\/skaitytaknyga.lt\/wp-content\/uploads\/2025\/09\/Kaip-islikti-1-e1756738652503.webp\",\"datePublished\":\"2025-09-01T10:23:11+00:00\",\"dateModified\":\"2025-09-06T08:22:11+00:00\",\"description\":\"Knygoje gausu patarim\u0173 kaip elgtis i\u0161tikus \u012fvairioms b\u0117doms: suteikti pirm\u0105j\u0105 pagalb\u0105, gaisro metu, avarij\u0173, patekus \u012f negyvenamas vietas ir pan. \u0161tai\",\"breadcrumb\":{\"@id\":\"https:\/\/skaitytaknyga.lt\/produktas\/kaip-islikti-yra-kelios-demeles\/#breadcrumb\"},\"inLanguage\":\"en-GB\",\"potentialAction\":[{\"@type\":\"ReadAction\",\"target\":[\"https:\/\/skaitytaknyga.lt\/produktas\/kaip-islikti-yra-kelios-demeles\/\"]}]},{\"@type\":\"ImageObject\",\"inLanguage\":\"en-GB\",\"@id\":\"https:\/\/skaitytaknyga.lt\/produktas\/kaip-islikti-yra-kelios-demeles\/#primaryimage\",\"url\":\"https:\/\/skaitytaknyga.lt\/wp-content\/uploads\/2025\/09\/Kaip-islikti-1-e1756738652503.webp\",\"contentUrl\":\"https:\/\/skaitytaknyga.lt\/wp-content\/uploads\/2025\/09\/Kaip-islikti-1-e1756738652503.webp\",\"width\":305,\"height\":452,\"caption\":\"Kaip i\u0161likti\"},{\"@type\":\"BreadcrumbList\",\"@id\":\"https:\/\/skaitytaknyga.lt\/produktas\/kaip-islikti-yra-kelios-demeles\/#breadcrumb\",\"itemListElement\":[{\"@type\":\"ListItem\",\"position\":1,\"name\":\"Home\",\"item\":\"https:\/\/skaitytaknyga.lt\/\"},{\"@type\":\"ListItem\",\"position\":2,\"name\":\"Parduotuv\u0117\",\"item\":\"https:\/\/skaitytaknyga.lt\/knygu-parduotuve\/\"},{\"@type\":\"ListItem\",\"position\":3,\"name\":\"Kaip i\u0161likti (yra kelios d\u0117mel\u0117s)\"}]},{\"@type\":\"WebSite\",\"@id\":\"https:\/\/skaitytaknyga.lt\/#website\",\"url\":\"https:\/\/skaitytaknyga.lt\/\",\"name\":\"skaitytaknyga.lt\",\"description\":\"Skaitytaknyga.lt \u2013 tai ma\u017eas \u0161eimos verslas, kuris prasid\u0117jo nuo meil\u0117s knygoms ir siekio i\u0161gelb\u0117ti knygas nuo likimo prie konteinerio. Kas vienam nereikalingas daiktas \u2013 kitam lobis, o mes esame tarpininkai, kurie padeda abiems tapti laimingesniems ???? \u017dinome kaip nelengva i\u0161gyventi ma\u017eiems verslams, tad nuo \u0161iol, \u010dia rasite ir kit\u0173, ma\u017e\u0173 \u0161eim\u0173 versl\u0173, rank\u0173 darbo, dovan\u0173 sau ir artimiesiems.\",\"publisher\":{\"@id\":\"https:\/\/skaitytaknyga.lt\/#organization\"},\"potentialAction\":[{\"@type\":\"SearchAction\",\"target\":{\"@type\":\"EntryPoint\",\"urlTemplate\":\"https:\/\/skaitytaknyga.lt\/?s={search_term_string}\"},\"query-input\":{\"@type\":\"PropertyValueSpecification\",\"valueRequired\":true,\"valueName\":\"search_term_string\"}}],\"inLanguage\":\"en-GB\"},{\"@type\":\"Organization\",\"@id\":\"https:\/\/skaitytaknyga.lt\/#organization\",\"name\":\"skaitytaknyga.lt\",\"url\":\"https:\/\/skaitytaknyga.lt\/\",\"logo\":{\"@type\":\"ImageObject\",\"inLanguage\":\"en-GB\",\"@id\":\"https:\/\/skaitytaknyga.lt\/#\/schema\/logo\/image\/\",\"url\":\"https:\/\/skaitytaknyga.lt\/wp-content\/uploads\/2024\/05\/cropped-cropped-cropped-02_00843_jt3bggkj1j3HLc7SyY6rEUpg.jpeg\",\"contentUrl\":\"https:\/\/skaitytaknyga.lt\/wp-content\/uploads\/2024\/05\/cropped-cropped-cropped-02_00843_jt3bggkj1j3HLc7SyY6rEUpg.jpeg\",\"width\":1600,\"height\":1600,\"caption\":\"skaitytaknyga.lt\"},\"image\":{\"@id\":\"https:\/\/skaitytaknyga.lt\/#\/schema\/logo\/image\/\"},\"sameAs\":[\"https:\/\/www.facebook.com\/skaitytaknyga\/\"]}]}<\/script>\n<!-- \/ Yoast SEO plugin. -->","yoast_head_json":{"title":"Kaip i\u0161likti (yra kelios d\u0117mel\u0117s)","description":"Knygoje gausu patarim\u0173 kaip elgtis i\u0161tikus \u012fvairioms b\u0117doms: suteikti pirm\u0105j\u0105 pagalb\u0105, gaisro metu, avarij\u0173, patekus \u012f negyvenamas vietas ir pan. \u0161tai","robots":{"index":"index","follow":"follow","max-snippet":"max-snippet:-1","max-image-preview":"max-image-preview:large","max-video-preview":"max-video-preview:-1"},"canonical":"https:\/\/skaitytaknyga.lt\/en\/produktas\/kaip-islikti-yra-kelios-demeles\/","og_locale":"en_GB","og_type":"article","og_title":"[:lt]Kaip i\u0161likti (yra kelios d\u0117mel\u0117s)[:] - Skaitytaknyga","og_description":"Knygoje gausu patarim\u0173 kaip elgtis i\u0161tikus \u012fvairioms b\u0117doms: suteikti pirm\u0105j\u0105 pagalb\u0105, gaisro metu, avarij\u0173, patekus \u012f negyvenamas vietas ir pan. \u0161tai","og_url":"https:\/\/skaitytaknyga.lt\/en\/produktas\/kaip-islikti-yra-kelios-demeles\/","og_site_name":"Skaitytaknyga","article_publisher":"https:\/\/www.facebook.com\/skaitytaknyga\/","article_modified_time":"2025-09-06T08:22:11+00:00","og_image":[{"width":305,"height":452,"url":"https:\/\/skaitytaknyga.lt\/wp-content\/uploads\/2025\/09\/Kaip-islikti-1-e1756738652503.webp","type":"image\/webp"}],"twitter_card":"summary_large_image","twitter_misc":{"Estimated reading time":"1 minute"},"schema":{"@context":"https:\/\/schema.org","@graph":[{"@type":"WebPage","@id":"https:\/\/skaitytaknyga.lt\/produktas\/kaip-islikti-yra-kelios-demeles\/","url":"https:\/\/skaitytaknyga.lt\/produktas\/kaip-islikti-yra-kelios-demeles\/","name":"Kaip i\u0161likti (yra kelios d\u0117mel\u0117s)","isPartOf":{"@id":"https:\/\/skaitytaknyga.lt\/#website"},"primaryImageOfPage":{"@id":"https:\/\/skaitytaknyga.lt\/produktas\/kaip-islikti-yra-kelios-demeles\/#primaryimage"},"image":{"@id":"https:\/\/skaitytaknyga.lt\/produktas\/kaip-islikti-yra-kelios-demeles\/#primaryimage"},"thumbnailUrl":"https:\/\/skaitytaknyga.lt\/wp-content\/uploads\/2025\/09\/Kaip-islikti-1-e1756738652503.webp","datePublished":"2025-09-01T10:23:11+00:00","dateModified":"2025-09-06T08:22:11+00:00","description":"Knygoje gausu patarim\u0173 kaip elgtis i\u0161tikus \u012fvairioms b\u0117doms: suteikti pirm\u0105j\u0105 pagalb\u0105, gaisro metu, avarij\u0173, patekus \u012f negyvenamas vietas ir pan. \u0161tai","breadcrumb":{"@id":"https:\/\/skaitytaknyga.lt\/produktas\/kaip-islikti-yra-kelios-demeles\/#breadcrumb"},"inLanguage":"en-GB","potentialAction":[{"@type":"ReadAction","target":["https:\/\/skaitytaknyga.lt\/produktas\/kaip-islikti-yra-kelios-demeles\/"]}]},{"@type":"ImageObject","inLanguage":"en-GB","@id":"https:\/\/skaitytaknyga.lt\/produktas\/kaip-islikti-yra-kelios-demeles\/#primaryimage","url":"https:\/\/skaitytaknyga.lt\/wp-content\/uploads\/2025\/09\/Kaip-islikti-1-e1756738652503.webp","contentUrl":"https:\/\/skaitytaknyga.lt\/wp-content\/uploads\/2025\/09\/Kaip-islikti-1-e1756738652503.webp","width":305,"height":452,"caption":"Kaip i\u0161likti"},{"@type":"BreadcrumbList","@id":"https:\/\/skaitytaknyga.lt\/produktas\/kaip-islikti-yra-kelios-demeles\/#breadcrumb","itemListElement":[{"@type":"ListItem","position":1,"name":"Home","item":"https:\/\/skaitytaknyga.lt\/"},{"@type":"ListItem","position":2,"name":"Parduotuv\u0117","item":"https:\/\/skaitytaknyga.lt\/knygu-parduotuve\/"},{"@type":"ListItem","position":3,"name":"Kaip i\u0161likti (yra kelios d\u0117mel\u0117s)"}]},{"@type":"WebSite","@id":"https:\/\/skaitytaknyga.lt\/#website","url":"https:\/\/skaitytaknyga.lt\/","name":"skaitytaknyga.lt","description":"Skaitytaknyga.lt \u2013 tai ma\u017eas \u0161eimos verslas, kuris prasid\u0117jo nuo meil\u0117s knygoms ir siekio i\u0161gelb\u0117ti knygas nuo likimo prie konteinerio. Kas vienam nereikalingas daiktas \u2013 kitam lobis, o mes esame tarpininkai, kurie padeda abiems tapti laimingesniems ???? \u017dinome kaip nelengva i\u0161gyventi ma\u017eiems verslams, tad nuo \u0161iol, \u010dia rasite ir kit\u0173, ma\u017e\u0173 \u0161eim\u0173 versl\u0173, rank\u0173 darbo, dovan\u0173 sau ir artimiesiems.","publisher":{"@id":"https:\/\/skaitytaknyga.lt\/#organization"},"potentialAction":[{"@type":"SearchAction","target":{"@type":"EntryPoint","urlTemplate":"https:\/\/skaitytaknyga.lt\/?s={search_term_string}"},"query-input":{"@type":"PropertyValueSpecification","valueRequired":true,"valueName":"search_term_string"}}],"inLanguage":"en-GB"},{"@type":"Organization","@id":"https:\/\/skaitytaknyga.lt\/#organization","name":"skaitytaknyga.lt","url":"https:\/\/skaitytaknyga.lt\/","logo":{"@type":"ImageObject","inLanguage":"en-GB","@id":"https:\/\/skaitytaknyga.lt\/#\/schema\/logo\/image\/","url":"https:\/\/skaitytaknyga.lt\/wp-content\/uploads\/2024\/05\/cropped-cropped-cropped-02_00843_jt3bggkj1j3HLc7SyY6rEUpg.jpeg","contentUrl":"https:\/\/skaitytaknyga.lt\/wp-content\/uploads\/2024\/05\/cropped-cropped-cropped-02_00843_jt3bggkj1j3HLc7SyY6rEUpg.jpeg","width":1600,"height":1600,"caption":"skaitytaknyga.lt"},"image":{"@id":"https:\/\/skaitytaknyga.lt\/#\/schema\/logo\/image\/"},"sameAs":["https:\/\/www.facebook.com\/skaitytaknyga\/"]}]}},"_links":{"self":[{"href":"https:\/\/skaitytaknyga.lt\/en\/wp-json\/wp\/v2\/product\/20618","targetHints":{"allow":["GET"]}}],"collection":[{"href":"https:\/\/skaitytaknyga.lt\/en\/wp-json\/wp\/v2\/product"}],"about":[{"href":"https:\/\/skaitytaknyga.lt\/en\/wp-json\/wp\/v2\/types\/product"}],"replies":[{"embeddable":true,"href":"https:\/\/skaitytaknyga.lt\/en\/wp-json\/wp\/v2\/comments?post=20618"}],"wp:featuredmedia":[{"embeddable":true,"href":"https:\/\/skaitytaknyga.lt\/en\/wp-json\/wp\/v2\/media\/20629"}],"wp:attachment":[{"href":"https:\/\/skaitytaknyga.lt\/en\/wp-json\/wp\/v2\/media?parent=20618"}],"wp:term":[{"taxonomy":"product_brand","embeddable":true,"href":"https:\/\/skaitytaknyga.lt\/en\/wp-json\/wp\/v2\/product_brand?post=20618"},{"taxonomy":"product_cat","embeddable":true,"href":"https:\/\/skaitytaknyga.lt\/en\/wp-json\/wp\/v2\/product_cat?post=20618"},{"taxonomy":"product_tag","embeddable":true,"href":"https:\/\/skaitytaknyga.lt\/en\/wp-json\/wp\/v2\/product_tag?post=20618"}],"curies":[{"name":"wp","href":"https:\/\/api.w.org\/{rel}","templated":true}]}}