{"id":20617,"date":"2025-09-01T13:23:11","date_gmt":"2025-09-01T10:23:11","guid":{"rendered":"https:\/\/skaitytaknyga.lt\/?post_type=product&#038;p=20617"},"modified":"2025-09-06T11:43:11","modified_gmt":"2025-09-06T08:43:11","slug":"paveldetoja-prarastosios-nuotakos-1-knyga-yra-nedideliu-demeliu","status":"publish","type":"product","link":"https:\/\/skaitytaknyga.lt\/en\/produktas\/paveldetoja-prarastosios-nuotakos-1-knyga-yra-nedideliu-demeliu\/","title":{"rendered":"Paveld\u0117toja. Prarastosios nuotakos. 1 knyga (yra nedideli\u0173 d\u0117meli\u0173)"},"content":{"rendered":"<p>1806-ieji: Astrida Pul, pasipuo\u0161usi vestuvine suknele, spinduliuoja laime. Bet net nesulaukusi\u0105 vestuvi\u0173 nakties j\u0105 nu\u017eudo ir nuo pir\u0161to nutraukia aukso \u017eied\u0105. Paskutiniai Astridos \u017eod\u017eiai \u2014 pa\u017eadas Kolinui niekada jo nepalikti&#8230;<\/p>\n<p>Grafikos dizainer\u0117 Sonja Maktavi\u0161 apstulbo su\u017einojusi, kad jos velionis t\u0117vas tur\u0117jo brol\u012f dvyn\u012f, apie kur\u012f pats nieko ne\u017einojo, ir kad am\u017einatils\u012f d\u0117d\u0117 Kolinas Pulas jai paliko beveik vis\u0105 savo turt\u0105, \u012fskaitant ir diding\u0105 Viktorijos laik\u0173 nam\u0105 Meino pakrant\u0117je. Pagal testamento s\u0105lygas Sonja turi i\u0161gyventi jame ma\u017eiausiai trejus metus. Neseniai nutraukusi su\u017ead\u0117tuves, ji persikrausto, trok\u0161dama i\u0161siai\u0161kinti, kod\u0117l broliai buvo i\u0161skirti vos gim\u0119 ir kod\u0117l visa tai buvo laikoma paslaptyje.<\/p>\n<p>Jaunas advokatas Tr\u0117jus, pasitik\u0119s Sonj\u0105 didingame dvare ant kalvos vir\u0161\u016bn\u0117s, mato, kad jai neramu, ir pripa\u017e\u012fsta, jog name&#8230; vaidenasi. Netrukus Sonja pastebi, kad daiktai atsiranda kitose vietose, nei buvo pad\u0117ti, kad muzika \u012fsijungia savaime. D\u0117d\u0117s darbo kabinete ji netik\u0117tai i\u0161vysta savo t\u0117\u010dio nutapyt\u0105 paveiksl\u0105 ir portret\u0105, vaizduojant\u012f moter\u012f vardu Astrida, kuri\u0105 advokatas pavadina \u201epirm\u0105ja prarast\u0105ja nuotaka\u201c. Akivaizdu, kad Sonja paveld\u0117jo daug daugiau nei tik nam\u0105. Ji paveld\u0117jo \u0161imtme\u010di\u0173 senumo prakeiksm\u0105, kur\u012f galb\u016bt pasiseks nutraukti, jei tik pavyks atskleisti \u0161io dvaro paslaptis&#8230;<\/p>\n","protected":false},"excerpt":{"rendered":"<p>1806-ieji: Astrida Pul, pasipuo\u0161usi vestuvine suknele, spinduliuoja laime. Bet net nesulaukusi\u0105 vestuvi\u0173 nakties j\u0105 nu\u017eudo ir nuo pir\u0161to nutraukia aukso \u017eied\u0105. Paskutiniai Astridos \u017eod\u017eiai \u2014 pa\u017eadas Kolinui niekada jo nepalikti&#8230; Grafikos dizainer\u0117 Sonja Maktavi\u0161 apstulbo su\u017einojusi, kad jos velionis t\u0117vas tur\u0117jo brol\u012f dvyn\u012f, apie kur\u012f pats nieko ne\u017einojo, ir kad am\u017einatils\u012f d\u0117d\u0117 Kolinas Pulas jai paliko beveik vis\u0105 savo turt\u0105, \u012fskaitant ir diding\u0105 Viktorijos laik\u0173 nam\u0105 Meino pakrant\u0117je. Pagal testamento s\u0105lygas Sonja turi i\u0161gyventi jame ma\u017eiausiai trejus metus. Neseniai nutraukusi su\u017ead\u0117tuves, ji persikrausto, trok\u0161dama i\u0161siai\u0161kinti, kod\u0117l broliai buvo i\u0161skirti vos gim\u0119 ir kod\u0117l visa tai buvo laikoma paslaptyje. Jaunas advokatas Tr\u0117jus, pasitik\u0119s Sonj\u0105 didingame dvare ant kalvos vir\u0161\u016bn\u0117s, mato, kad jai neramu, ir pripa\u017e\u012fsta, jog name&#8230; vaidenasi. Netrukus Sonja pastebi, kad daiktai atsiranda kitose vietose, nei buvo pad\u0117ti, kad muzika \u012fsijungia savaime. D\u0117d\u0117s darbo kabinete ji netik\u0117tai i\u0161vysta savo t\u0117\u010dio nutapyt\u0105 paveiksl\u0105 ir portret\u0105, vaizduojant\u012f moter\u012f vardu Astrida, kuri\u0105 advokatas pavadina \u201epirm\u0105ja prarast\u0105ja nuotaka\u201c. Akivaizdu, kad Sonja paveld\u0117jo daug daugiau nei tik nam\u0105. Ji paveld\u0117jo \u0161imtme\u010di\u0173 senumo prakeiksm\u0105, kur\u012f galb\u016bt pasiseks nutraukti, jei tik pavyks atskleisti \u0161io dvaro paslaptis&#8230;<\/p>\n","protected":false},"featured_media":20622,"comment_status":"open","ping_status":"closed","template":"","meta":{"_acf_changed":false,"site-sidebar-layout":"default","site-content-layout":"","ast-site-content-layout":"default","site-content-style":"default","site-sidebar-style":"default","ast-global-header-display":"","ast-banner-title-visibility":"","ast-main-header-display":"","ast-hfb-above-header-display":"","ast-hfb-below-header-display":"","ast-hfb-mobile-header-display":"","site-post-title":"","ast-breadcrumbs-content":"","ast-featured-img":"","footer-sml-layout":"","ast-disable-related-posts":"","theme-transparent-header-meta":"","adv-header-id-meta":"","stick-header-meta":"","header-above-stick-meta":"","header-main-stick-meta":"","header-below-stick-meta":"","astra-migrate-meta-layouts":"default","ast-page-background-enabled":"default","ast-page-background-meta":{"desktop":{"background-color":"","background-image":"","background-repeat":"repeat","background-position":"center center","background-size":"auto","background-attachment":"scroll","background-type":"","background-media":"","overlay-type":"","overlay-color":"","overlay-opacity":"","overlay-gradient":""},"tablet":{"background-color":"","background-image":"","background-repeat":"repeat","background-position":"center center","background-size":"auto","background-attachment":"scroll","background-type":"","background-media":"","overlay-type":"","overlay-color":"","overlay-opacity":"","overlay-gradient":""},"mobile":{"background-color":"","background-image":"","background-repeat":"repeat","background-position":"center center","background-size":"auto","background-attachment":"scroll","background-type":"","background-media":"","overlay-type":"","overlay-color":"","overlay-opacity":"","overlay-gradient":""}},"ast-content-background-meta":{"desktop":{"background-color":"var(--ast-global-color-4)","background-image":"","background-repeat":"repeat","background-position":"center center","background-size":"auto","background-attachment":"scroll","background-type":"","background-media":"","overlay-type":"","overlay-color":"","overlay-opacity":"","overlay-gradient":""},"tablet":{"background-color":"var(--ast-global-color-4)","background-image":"","background-repeat":"repeat","background-position":"center center","background-size":"auto","background-attachment":"scroll","background-type":"","background-media":"","overlay-type":"","overlay-color":"","overlay-opacity":"","overlay-gradient":""},"mobile":{"background-color":"var(--ast-global-color-4)","background-image":"","background-repeat":"repeat","background-position":"center center","background-size":"auto","background-attachment":"scroll","background-type":"","background-media":"","overlay-type":"","overlay-color":"","overlay-opacity":"","overlay-gradient":""}}},"product_brand":[],"product_cat":[31],"product_tag":[1476,3060,1478,6922,6382],"class_list":{"0":"post-20617","1":"product","2":"type-product","3":"status-publish","4":"has-post-thumbnail","6":"product_cat-grozine-literatura","7":"product_tag-detektyvas","8":"product_tag-nora-roberts","9":"product_tag-paslaptys","10":"product_tag-paveldejimas","11":"product_tag-prakeiksmas","12":"desktop-align-left","13":"tablet-align-left","14":"mobile-align-left","16":"first","17":"instock","18":"shipping-taxable","19":"purchasable","20":"product-type-simple"},"acf":[],"yoast_head":"<!-- This site is optimized with the Yoast SEO plugin v27.0 - https:\/\/yoast.com\/product\/yoast-seo-wordpress\/ -->\n<title>Paveld\u0117toja. Prarastosios nuotakos. 1 knyga (yra nedideli\u0173 d\u0117meli\u0173)<\/title>\n<meta name=\"description\" content=\"1806-ieji: Astrida Pul, pasipuo\u0161usi vestuvine suknele, spinduliuoja laime. Bet net nesulaukusi\u0105 vestuvi\u0173 nakties j\u0105 nu\u017eudo ir nuo pir\u0161to nutraukia aukso\" \/>\n<meta name=\"robots\" content=\"index, follow, max-snippet:-1, max-image-preview:large, max-video-preview:-1\" \/>\n<link rel=\"canonical\" href=\"https:\/\/skaitytaknyga.lt\/en\/produktas\/paveldetoja-prarastosios-nuotakos-1-knyga-yra-nedideliu-demeliu\/\" \/>\n<meta property=\"og:locale\" content=\"en_GB\" \/>\n<meta property=\"og:locale:alternate\" content=\"lt_LT\" \/>\n<meta property=\"og:type\" content=\"article\" \/>\n<meta property=\"og:title\" content=\"Paveld\u0117toja. Prarastosios nuotakos. 1 knyga (yra nedideli\u0173 d\u0117meli\u0173)\" \/>\n<meta property=\"og:description\" content=\"1806-ieji: Astrida Pul, pasipuo\u0161usi vestuvine suknele, spinduliuoja laime. Bet net nesulaukusi\u0105 vestuvi\u0173 nakties j\u0105 nu\u017eudo ir nuo pir\u0161to nutraukia aukso\" \/>\n<meta property=\"og:url\" content=\"https:\/\/skaitytaknyga.lt\/en\/produktas\/paveldetoja-prarastosios-nuotakos-1-knyga-yra-nedideliu-demeliu\/\" \/>\n<meta property=\"og:site_name\" content=\"Skaitytaknyga\" \/>\n<meta property=\"article:publisher\" content=\"https:\/\/www.facebook.com\/skaitytaknyga\/\" \/>\n<meta property=\"article:modified_time\" content=\"2025-09-06T08:43:11+00:00\" \/>\n<meta property=\"og:image\" content=\"https:\/\/skaitytaknyga.lt\/wp-content\/uploads\/2025\/09\/Paveldetoja.-Prarastosios-nuotakos.-1-knyga-e1756722706588.webp\" \/>\n\t<meta property=\"og:image:width\" content=\"186\" \/>\n\t<meta property=\"og:image:height\" content=\"296\" \/>\n\t<meta property=\"og:image:type\" content=\"image\/webp\" \/>\n<meta name=\"twitter:card\" content=\"summary_large_image\" \/>\n<meta name=\"twitter:label1\" content=\"Estimated reading time\" \/>\n\t<meta name=\"twitter:data1\" content=\"1 minute\" \/>\n<script type=\"application\/ld+json\" class=\"yoast-schema-graph\">{\"@context\":\"https:\/\/schema.org\",\"@graph\":[{\"@type\":\"WebPage\",\"@id\":\"https:\/\/skaitytaknyga.lt\/produktas\/paveldetoja-prarastosios-nuotakos-1-knyga-yra-nedideliu-demeliu\/\",\"url\":\"https:\/\/skaitytaknyga.lt\/produktas\/paveldetoja-prarastosios-nuotakos-1-knyga-yra-nedideliu-demeliu\/\",\"name\":\"Paveld\u0117toja. Prarastosios nuotakos. 1 knyga (yra nedideli\u0173 d\u0117meli\u0173)\",\"isPartOf\":{\"@id\":\"https:\/\/skaitytaknyga.lt\/#website\"},\"primaryImageOfPage\":{\"@id\":\"https:\/\/skaitytaknyga.lt\/produktas\/paveldetoja-prarastosios-nuotakos-1-knyga-yra-nedideliu-demeliu\/#primaryimage\"},\"image\":{\"@id\":\"https:\/\/skaitytaknyga.lt\/produktas\/paveldetoja-prarastosios-nuotakos-1-knyga-yra-nedideliu-demeliu\/#primaryimage\"},\"thumbnailUrl\":\"https:\/\/skaitytaknyga.lt\/wp-content\/uploads\/2025\/09\/Paveldetoja.-Prarastosios-nuotakos.-1-knyga-e1756722706588.webp\",\"datePublished\":\"2025-09-01T10:23:11+00:00\",\"dateModified\":\"2025-09-06T08:43:11+00:00\",\"description\":\"1806-ieji: Astrida Pul, pasipuo\u0161usi vestuvine suknele, spinduliuoja laime. Bet net nesulaukusi\u0105 vestuvi\u0173 nakties j\u0105 nu\u017eudo ir nuo pir\u0161to nutraukia aukso\",\"breadcrumb\":{\"@id\":\"https:\/\/skaitytaknyga.lt\/produktas\/paveldetoja-prarastosios-nuotakos-1-knyga-yra-nedideliu-demeliu\/#breadcrumb\"},\"inLanguage\":\"en-GB\",\"potentialAction\":[{\"@type\":\"ReadAction\",\"target\":[\"https:\/\/skaitytaknyga.lt\/produktas\/paveldetoja-prarastosios-nuotakos-1-knyga-yra-nedideliu-demeliu\/\"]}]},{\"@type\":\"ImageObject\",\"inLanguage\":\"en-GB\",\"@id\":\"https:\/\/skaitytaknyga.lt\/produktas\/paveldetoja-prarastosios-nuotakos-1-knyga-yra-nedideliu-demeliu\/#primaryimage\",\"url\":\"https:\/\/skaitytaknyga.lt\/wp-content\/uploads\/2025\/09\/Paveldetoja.-Prarastosios-nuotakos.-1-knyga-e1756722706588.webp\",\"contentUrl\":\"https:\/\/skaitytaknyga.lt\/wp-content\/uploads\/2025\/09\/Paveldetoja.-Prarastosios-nuotakos.-1-knyga-e1756722706588.webp\",\"width\":186,\"height\":296},{\"@type\":\"BreadcrumbList\",\"@id\":\"https:\/\/skaitytaknyga.lt\/produktas\/paveldetoja-prarastosios-nuotakos-1-knyga-yra-nedideliu-demeliu\/#breadcrumb\",\"itemListElement\":[{\"@type\":\"ListItem\",\"position\":1,\"name\":\"Home\",\"item\":\"https:\/\/skaitytaknyga.lt\/\"},{\"@type\":\"ListItem\",\"position\":2,\"name\":\"Parduotuv\u0117\",\"item\":\"https:\/\/skaitytaknyga.lt\/knygu-parduotuve\/\"},{\"@type\":\"ListItem\",\"position\":3,\"name\":\"Paveld\u0117toja. Prarastosios nuotakos. 1 knyga (yra nedideli\u0173 d\u0117meli\u0173)\"}]},{\"@type\":\"WebSite\",\"@id\":\"https:\/\/skaitytaknyga.lt\/#website\",\"url\":\"https:\/\/skaitytaknyga.lt\/\",\"name\":\"skaitytaknyga.lt\",\"description\":\"Skaitytaknyga.lt \u2013 tai ma\u017eas \u0161eimos verslas, kuris prasid\u0117jo nuo meil\u0117s knygoms ir siekio i\u0161gelb\u0117ti knygas nuo likimo prie konteinerio. Kas vienam nereikalingas daiktas \u2013 kitam lobis, o mes esame tarpininkai, kurie padeda abiems tapti laimingesniems ???? \u017dinome kaip nelengva i\u0161gyventi ma\u017eiems verslams, tad nuo \u0161iol, \u010dia rasite ir kit\u0173, ma\u017e\u0173 \u0161eim\u0173 versl\u0173, rank\u0173 darbo, dovan\u0173 sau ir artimiesiems.\",\"publisher\":{\"@id\":\"https:\/\/skaitytaknyga.lt\/#organization\"},\"potentialAction\":[{\"@type\":\"SearchAction\",\"target\":{\"@type\":\"EntryPoint\",\"urlTemplate\":\"https:\/\/skaitytaknyga.lt\/?s={search_term_string}\"},\"query-input\":{\"@type\":\"PropertyValueSpecification\",\"valueRequired\":true,\"valueName\":\"search_term_string\"}}],\"inLanguage\":\"en-GB\"},{\"@type\":\"Organization\",\"@id\":\"https:\/\/skaitytaknyga.lt\/#organization\",\"name\":\"skaitytaknyga.lt\",\"url\":\"https:\/\/skaitytaknyga.lt\/\",\"logo\":{\"@type\":\"ImageObject\",\"inLanguage\":\"en-GB\",\"@id\":\"https:\/\/skaitytaknyga.lt\/#\/schema\/logo\/image\/\",\"url\":\"https:\/\/skaitytaknyga.lt\/wp-content\/uploads\/2024\/05\/cropped-cropped-cropped-02_00843_jt3bggkj1j3HLc7SyY6rEUpg.jpeg\",\"contentUrl\":\"https:\/\/skaitytaknyga.lt\/wp-content\/uploads\/2024\/05\/cropped-cropped-cropped-02_00843_jt3bggkj1j3HLc7SyY6rEUpg.jpeg\",\"width\":1600,\"height\":1600,\"caption\":\"skaitytaknyga.lt\"},\"image\":{\"@id\":\"https:\/\/skaitytaknyga.lt\/#\/schema\/logo\/image\/\"},\"sameAs\":[\"https:\/\/www.facebook.com\/skaitytaknyga\/\"]}]}<\/script>\n<!-- \/ Yoast SEO plugin. -->","yoast_head_json":{"title":"Paveld\u0117toja. Prarastosios nuotakos. 1 knyga (yra nedideli\u0173 d\u0117meli\u0173)","description":"1806-ieji: Astrida Pul, pasipuo\u0161usi vestuvine suknele, spinduliuoja laime. Bet net nesulaukusi\u0105 vestuvi\u0173 nakties j\u0105 nu\u017eudo ir nuo pir\u0161to nutraukia aukso","robots":{"index":"index","follow":"follow","max-snippet":"max-snippet:-1","max-image-preview":"max-image-preview:large","max-video-preview":"max-video-preview:-1"},"canonical":"https:\/\/skaitytaknyga.lt\/en\/produktas\/paveldetoja-prarastosios-nuotakos-1-knyga-yra-nedideliu-demeliu\/","og_locale":"en_GB","og_type":"article","og_title":"[:lt]Paveld\u0117toja. Prarastosios nuotakos. 1 knyga (yra nedideli\u0173 d\u0117meli\u0173)[:] - Skaitytaknyga","og_description":"1806-ieji: Astrida Pul, pasipuo\u0161usi vestuvine suknele, spinduliuoja laime. Bet net nesulaukusi\u0105 vestuvi\u0173 nakties j\u0105 nu\u017eudo ir nuo pir\u0161to nutraukia aukso","og_url":"https:\/\/skaitytaknyga.lt\/en\/produktas\/paveldetoja-prarastosios-nuotakos-1-knyga-yra-nedideliu-demeliu\/","og_site_name":"Skaitytaknyga","article_publisher":"https:\/\/www.facebook.com\/skaitytaknyga\/","article_modified_time":"2025-09-06T08:43:11+00:00","og_image":[{"width":186,"height":296,"url":"https:\/\/skaitytaknyga.lt\/wp-content\/uploads\/2025\/09\/Paveldetoja.-Prarastosios-nuotakos.-1-knyga-e1756722706588.webp","type":"image\/webp"}],"twitter_card":"summary_large_image","twitter_misc":{"Estimated reading time":"1 minute"},"schema":{"@context":"https:\/\/schema.org","@graph":[{"@type":"WebPage","@id":"https:\/\/skaitytaknyga.lt\/produktas\/paveldetoja-prarastosios-nuotakos-1-knyga-yra-nedideliu-demeliu\/","url":"https:\/\/skaitytaknyga.lt\/produktas\/paveldetoja-prarastosios-nuotakos-1-knyga-yra-nedideliu-demeliu\/","name":"Paveld\u0117toja. Prarastosios nuotakos. 1 knyga (yra nedideli\u0173 d\u0117meli\u0173)","isPartOf":{"@id":"https:\/\/skaitytaknyga.lt\/#website"},"primaryImageOfPage":{"@id":"https:\/\/skaitytaknyga.lt\/produktas\/paveldetoja-prarastosios-nuotakos-1-knyga-yra-nedideliu-demeliu\/#primaryimage"},"image":{"@id":"https:\/\/skaitytaknyga.lt\/produktas\/paveldetoja-prarastosios-nuotakos-1-knyga-yra-nedideliu-demeliu\/#primaryimage"},"thumbnailUrl":"https:\/\/skaitytaknyga.lt\/wp-content\/uploads\/2025\/09\/Paveldetoja.-Prarastosios-nuotakos.-1-knyga-e1756722706588.webp","datePublished":"2025-09-01T10:23:11+00:00","dateModified":"2025-09-06T08:43:11+00:00","description":"1806-ieji: Astrida Pul, pasipuo\u0161usi vestuvine suknele, spinduliuoja laime. Bet net nesulaukusi\u0105 vestuvi\u0173 nakties j\u0105 nu\u017eudo ir nuo pir\u0161to nutraukia aukso","breadcrumb":{"@id":"https:\/\/skaitytaknyga.lt\/produktas\/paveldetoja-prarastosios-nuotakos-1-knyga-yra-nedideliu-demeliu\/#breadcrumb"},"inLanguage":"en-GB","potentialAction":[{"@type":"ReadAction","target":["https:\/\/skaitytaknyga.lt\/produktas\/paveldetoja-prarastosios-nuotakos-1-knyga-yra-nedideliu-demeliu\/"]}]},{"@type":"ImageObject","inLanguage":"en-GB","@id":"https:\/\/skaitytaknyga.lt\/produktas\/paveldetoja-prarastosios-nuotakos-1-knyga-yra-nedideliu-demeliu\/#primaryimage","url":"https:\/\/skaitytaknyga.lt\/wp-content\/uploads\/2025\/09\/Paveldetoja.-Prarastosios-nuotakos.-1-knyga-e1756722706588.webp","contentUrl":"https:\/\/skaitytaknyga.lt\/wp-content\/uploads\/2025\/09\/Paveldetoja.-Prarastosios-nuotakos.-1-knyga-e1756722706588.webp","width":186,"height":296},{"@type":"BreadcrumbList","@id":"https:\/\/skaitytaknyga.lt\/produktas\/paveldetoja-prarastosios-nuotakos-1-knyga-yra-nedideliu-demeliu\/#breadcrumb","itemListElement":[{"@type":"ListItem","position":1,"name":"Home","item":"https:\/\/skaitytaknyga.lt\/"},{"@type":"ListItem","position":2,"name":"Parduotuv\u0117","item":"https:\/\/skaitytaknyga.lt\/knygu-parduotuve\/"},{"@type":"ListItem","position":3,"name":"Paveld\u0117toja. Prarastosios nuotakos. 1 knyga (yra nedideli\u0173 d\u0117meli\u0173)"}]},{"@type":"WebSite","@id":"https:\/\/skaitytaknyga.lt\/#website","url":"https:\/\/skaitytaknyga.lt\/","name":"skaitytaknyga.lt","description":"Skaitytaknyga.lt \u2013 tai ma\u017eas \u0161eimos verslas, kuris prasid\u0117jo nuo meil\u0117s knygoms ir siekio i\u0161gelb\u0117ti knygas nuo likimo prie konteinerio. Kas vienam nereikalingas daiktas \u2013 kitam lobis, o mes esame tarpininkai, kurie padeda abiems tapti laimingesniems ???? \u017dinome kaip nelengva i\u0161gyventi ma\u017eiems verslams, tad nuo \u0161iol, \u010dia rasite ir kit\u0173, ma\u017e\u0173 \u0161eim\u0173 versl\u0173, rank\u0173 darbo, dovan\u0173 sau ir artimiesiems.","publisher":{"@id":"https:\/\/skaitytaknyga.lt\/#organization"},"potentialAction":[{"@type":"SearchAction","target":{"@type":"EntryPoint","urlTemplate":"https:\/\/skaitytaknyga.lt\/?s={search_term_string}"},"query-input":{"@type":"PropertyValueSpecification","valueRequired":true,"valueName":"search_term_string"}}],"inLanguage":"en-GB"},{"@type":"Organization","@id":"https:\/\/skaitytaknyga.lt\/#organization","name":"skaitytaknyga.lt","url":"https:\/\/skaitytaknyga.lt\/","logo":{"@type":"ImageObject","inLanguage":"en-GB","@id":"https:\/\/skaitytaknyga.lt\/#\/schema\/logo\/image\/","url":"https:\/\/skaitytaknyga.lt\/wp-content\/uploads\/2024\/05\/cropped-cropped-cropped-02_00843_jt3bggkj1j3HLc7SyY6rEUpg.jpeg","contentUrl":"https:\/\/skaitytaknyga.lt\/wp-content\/uploads\/2024\/05\/cropped-cropped-cropped-02_00843_jt3bggkj1j3HLc7SyY6rEUpg.jpeg","width":1600,"height":1600,"caption":"skaitytaknyga.lt"},"image":{"@id":"https:\/\/skaitytaknyga.lt\/#\/schema\/logo\/image\/"},"sameAs":["https:\/\/www.facebook.com\/skaitytaknyga\/"]}]}},"_links":{"self":[{"href":"https:\/\/skaitytaknyga.lt\/en\/wp-json\/wp\/v2\/product\/20617","targetHints":{"allow":["GET"]}}],"collection":[{"href":"https:\/\/skaitytaknyga.lt\/en\/wp-json\/wp\/v2\/product"}],"about":[{"href":"https:\/\/skaitytaknyga.lt\/en\/wp-json\/wp\/v2\/types\/product"}],"replies":[{"embeddable":true,"href":"https:\/\/skaitytaknyga.lt\/en\/wp-json\/wp\/v2\/comments?post=20617"}],"wp:featuredmedia":[{"embeddable":true,"href":"https:\/\/skaitytaknyga.lt\/en\/wp-json\/wp\/v2\/media\/20622"}],"wp:attachment":[{"href":"https:\/\/skaitytaknyga.lt\/en\/wp-json\/wp\/v2\/media?parent=20617"}],"wp:term":[{"taxonomy":"product_brand","embeddable":true,"href":"https:\/\/skaitytaknyga.lt\/en\/wp-json\/wp\/v2\/product_brand?post=20617"},{"taxonomy":"product_cat","embeddable":true,"href":"https:\/\/skaitytaknyga.lt\/en\/wp-json\/wp\/v2\/product_cat?post=20617"},{"taxonomy":"product_tag","embeddable":true,"href":"https:\/\/skaitytaknyga.lt\/en\/wp-json\/wp\/v2\/product_tag?post=20617"}],"curies":[{"name":"wp","href":"https:\/\/api.w.org\/{rel}","templated":true}]}}