{"id":20616,"date":"2025-09-01T13:23:11","date_gmt":"2025-09-01T10:23:11","guid":{"rendered":"https:\/\/skaitytaknyga.lt\/?post_type=product&#038;p=20616"},"modified":"2026-03-18T10:52:29","modified_gmt":"2026-03-18T08:52:29","slug":"namas-prie-ezero-morton-su-defektu","status":"publish","type":"product","link":"https:\/\/skaitytaknyga.lt\/en\/produktas\/namas-prie-ezero-morton-su-defektu\/","title":{"rendered":"Namas prie e\u017eero"},"content":{"rendered":"<p>Diing\u0119s vaikas<\/p>\n<p>1933-i\u0173j\u0173 vasar\u0105 Loanetas, Edevein\u0173 \u0161eimos u\u017emies\u010dio dvaras, i\u0161dailintas spindi \u0161vara, art\u0117ja ilgai laukta Saul\u0117gr\u012f\u017eos \u0161vent\u0117. Ypa\u010d d\u017ei\u016bgauja \u0161e\u0161iolikmet\u0117 Alisa Edevein. Jai pavyko ne tik sugalvoti tobul\u0105 siu\u017eeto pos\u016bk\u012f ir u\u017ebaigti savo pirm\u0105j\u012f roman\u0105, ji dar ir kar\u0161tai \u012fsimyl\u0117jo vien\u0105 jaun\u0105 vyr\u0105. Ta\u010diau, dar prie\u0161 laikrod\u017eiui i\u0161mu\u0161ant dvylikt\u0105 ir dang\u0173 nu\u0161vie\u010diant fejerverkams, Edevein\u0173 \u0161eima patiria skaud\u017ei\u0105 netekt\u012f, kuri priver\u010dia am\u017eiams atsisveikinti su Loanetu.<\/p>\n<p>Apleistas namas<\/p>\n<p>Prab\u0117gus 70 met\u0173, Londono policija po didelio atgarsio sulaukusios bylos i\u0161siun\u010dia detektyv\u0119 Seid\u0119 Sparou priverstini\u0173 atostog\u0173. Ji atvyksta pavie\u0161\u0117ti pas mylim\u0105 senel\u012f \u012f Kornval\u012f. I\u0161 nuobodulio klaid\u017eiodama po apylinkes, Seid\u0117 anapus tankiai suaugusi\u0173 med\u017ei\u0173 aptinka nam\u0105 ir i\u0161girsta, kad kadaise i\u0161 jo be \u017einios pradingo ma\u017eas berniukas.<\/p>\n<p>Neatskleista paslaptis<\/p>\n<p>Tuo pat metu garsi detektyv\u0173 autor\u0117 Alisa Edevein, jau senyvo am\u017eiaus dama, s\u0117di savo eleganti\u0161k\u0173 nam\u0173 Hampstede pal\u0117p\u0117je \u012frengtame kabinete. Jos gyvenimas, kaip ir kuriami detektyviniai romanai, \u2013 kruop\u0161\u010diai suplanuotas. Ir teka ramia vaga, kol vien\u0105 dien\u0105 jauna policijos detektyv\u0117 Seid\u0117 ima klausin\u0117ti apie pamir\u0161t\u0105 \u0161eimos praeit\u012f ir narplioti neatskleistas paslaptis, nuo kuri\u0173 Alisa steng\u0117si pab\u0117gti vis\u0105 savo gyvenim\u0105.<\/p>\n","protected":false},"excerpt":{"rendered":"<p>Diing\u0119s vaikas 1933-i\u0173j\u0173 vasar\u0105 Loanetas, Edevein\u0173 \u0161eimos u\u017emies\u010dio dvaras, i\u0161dailintas spindi \u0161vara, art\u0117ja ilgai laukta Saul\u0117gr\u012f\u017eos \u0161vent\u0117. Ypa\u010d d\u017ei\u016bgauja \u0161e\u0161iolikmet\u0117 Alisa Edevein. Jai pavyko ne tik sugalvoti tobul\u0105 siu\u017eeto pos\u016bk\u012f ir u\u017ebaigti savo pirm\u0105j\u012f roman\u0105, ji dar ir kar\u0161tai \u012fsimyl\u0117jo vien\u0105 jaun\u0105 vyr\u0105. Ta\u010diau, dar prie\u0161 laikrod\u017eiui i\u0161mu\u0161ant dvylikt\u0105 ir dang\u0173 nu\u0161vie\u010diant fejerverkams, Edevein\u0173 \u0161eima patiria skaud\u017ei\u0105 netekt\u012f, kuri priver\u010dia am\u017eiams atsisveikinti su Loanetu. Apleistas namas Prab\u0117gus 70 met\u0173, Londono policija po didelio atgarsio sulaukusios bylos i\u0161siun\u010dia detektyv\u0119 Seid\u0119 Sparou priverstini\u0173 atostog\u0173. Ji atvyksta pavie\u0161\u0117ti pas mylim\u0105 senel\u012f \u012f Kornval\u012f. I\u0161 nuobodulio klaid\u017eiodama po apylinkes, Seid\u0117 anapus tankiai suaugusi\u0173 med\u017ei\u0173 aptinka nam\u0105 ir i\u0161girsta, kad kadaise i\u0161 jo be \u017einios pradingo ma\u017eas berniukas. Neatskleista paslaptis Tuo pat metu garsi detektyv\u0173 autor\u0117 Alisa Edevein, jau senyvo am\u017eiaus dama, s\u0117di savo eleganti\u0161k\u0173 nam\u0173 Hampstede pal\u0117p\u0117je \u012frengtame kabinete. Jos gyvenimas, kaip ir kuriami detektyviniai romanai, \u2013 kruop\u0161\u010diai suplanuotas. Ir teka ramia vaga, kol vien\u0105 dien\u0105 jauna policijos detektyv\u0117 Seid\u0117 ima klausin\u0117ti apie pamir\u0161t\u0105 \u0161eimos praeit\u012f ir narplioti neatskleistas paslaptis, nuo kuri\u0173 Alisa steng\u0117si pab\u0117gti vis\u0105 savo gyvenim\u0105.<\/p>\n","protected":false},"featured_media":20621,"comment_status":"open","ping_status":"closed","template":"","meta":{"_acf_changed":false,"site-sidebar-layout":"default","site-content-layout":"","ast-site-content-layout":"default","site-content-style":"default","site-sidebar-style":"default","ast-global-header-display":"","ast-banner-title-visibility":"","ast-main-header-display":"","ast-hfb-above-header-display":"","ast-hfb-below-header-display":"","ast-hfb-mobile-header-display":"","site-post-title":"","ast-breadcrumbs-content":"","ast-featured-img":"","footer-sml-layout":"","ast-disable-related-posts":"","theme-transparent-header-meta":"","adv-header-id-meta":"","stick-header-meta":"","header-above-stick-meta":"","header-main-stick-meta":"","header-below-stick-meta":"","astra-migrate-meta-layouts":"default","ast-page-background-enabled":"default","ast-page-background-meta":{"desktop":{"background-color":"","background-image":"","background-repeat":"repeat","background-position":"center center","background-size":"auto","background-attachment":"scroll","background-type":"","background-media":"","overlay-type":"","overlay-color":"","overlay-opacity":"","overlay-gradient":""},"tablet":{"background-color":"","background-image":"","background-repeat":"repeat","background-position":"center center","background-size":"auto","background-attachment":"scroll","background-type":"","background-media":"","overlay-type":"","overlay-color":"","overlay-opacity":"","overlay-gradient":""},"mobile":{"background-color":"","background-image":"","background-repeat":"repeat","background-position":"center center","background-size":"auto","background-attachment":"scroll","background-type":"","background-media":"","overlay-type":"","overlay-color":"","overlay-opacity":"","overlay-gradient":""}},"ast-content-background-meta":{"desktop":{"background-color":"var(--ast-global-color-4)","background-image":"","background-repeat":"repeat","background-position":"center center","background-size":"auto","background-attachment":"scroll","background-type":"","background-media":"","overlay-type":"","overlay-color":"","overlay-opacity":"","overlay-gradient":""},"tablet":{"background-color":"var(--ast-global-color-4)","background-image":"","background-repeat":"repeat","background-position":"center center","background-size":"auto","background-attachment":"scroll","background-type":"","background-media":"","overlay-type":"","overlay-color":"","overlay-opacity":"","overlay-gradient":""},"mobile":{"background-color":"var(--ast-global-color-4)","background-image":"","background-repeat":"repeat","background-position":"center center","background-size":"auto","background-attachment":"scroll","background-type":"","background-media":"","overlay-type":"","overlay-color":"","overlay-opacity":"","overlay-gradient":""}}},"product_brand":[],"product_cat":[9734],"product_tag":[3533,4518,2736,1478,1646],"class_list":{"0":"post-20616","1":"product","2":"type-product","3":"status-publish","4":"has-post-thumbnail","6":"product_cat-romanai","7":"product_tag-istorinis","8":"product_tag-kate-morton","9":"product_tag-netektis","10":"product_tag-paslaptys","11":"product_tag-seima","12":"desktop-align-left","13":"tablet-align-left","14":"mobile-align-left","16":"first","17":"instock","18":"shipping-taxable","19":"purchasable","20":"product-type-simple"},"acf":[],"yoast_head":"<!-- This site is optimized with the Yoast SEO plugin v27.0 - https:\/\/yoast.com\/product\/yoast-seo-wordpress\/ -->\n<title>Namas prie e\u017eero<\/title>\n<meta name=\"description\" content=\"Diing\u0119s vaikas 1933-i\u0173j\u0173 vasar\u0105 Loanetas, Edevein\u0173 \u0161eimos u\u017emies\u010dio dvaras, i\u0161dailintas spindi \u0161vara, art\u0117ja ilgai laukta Saul\u0117gr\u012f\u017eos \u0161vent\u0117. Ypa\u010d\" \/>\n<meta name=\"robots\" content=\"index, follow, max-snippet:-1, max-image-preview:large, max-video-preview:-1\" \/>\n<link rel=\"canonical\" href=\"https:\/\/skaitytaknyga.lt\/en\/produktas\/namas-prie-ezero-morton-su-defektu\/\" \/>\n<meta property=\"og:locale\" content=\"en_GB\" \/>\n<meta property=\"og:locale:alternate\" content=\"lt_LT\" \/>\n<meta property=\"og:type\" content=\"article\" \/>\n<meta property=\"og:title\" content=\"Namas prie e\u017eero\" \/>\n<meta property=\"og:description\" content=\"Diing\u0119s vaikas 1933-i\u0173j\u0173 vasar\u0105 Loanetas, Edevein\u0173 \u0161eimos u\u017emies\u010dio dvaras, i\u0161dailintas spindi \u0161vara, art\u0117ja ilgai laukta Saul\u0117gr\u012f\u017eos \u0161vent\u0117. Ypa\u010d\" \/>\n<meta property=\"og:url\" content=\"https:\/\/skaitytaknyga.lt\/en\/produktas\/namas-prie-ezero-morton-su-defektu\/\" \/>\n<meta property=\"og:site_name\" content=\"Skaitytaknyga\" \/>\n<meta property=\"article:publisher\" content=\"https:\/\/www.facebook.com\/skaitytaknyga\/\" \/>\n<meta property=\"article:modified_time\" content=\"2026-03-18T08:52:29+00:00\" \/>\n<meta property=\"og:image\" content=\"https:\/\/skaitytaknyga.lt\/wp-content\/uploads\/2025\/09\/Namas-prie-ezero-Morton-2-e1756722533593.webp\" \/>\n\t<meta property=\"og:image:width\" content=\"238\" \/>\n\t<meta property=\"og:image:height\" content=\"352\" \/>\n\t<meta property=\"og:image:type\" content=\"image\/webp\" \/>\n<meta name=\"twitter:card\" content=\"summary_large_image\" \/>\n<meta name=\"twitter:label1\" content=\"Estimated reading time\" \/>\n\t<meta name=\"twitter:data1\" content=\"1 minute\" \/>\n<script type=\"application\/ld+json\" class=\"yoast-schema-graph\">{\"@context\":\"https:\/\/schema.org\",\"@graph\":[{\"@type\":\"WebPage\",\"@id\":\"https:\/\/skaitytaknyga.lt\/produktas\/namas-prie-ezero-morton-su-defektu\/\",\"url\":\"https:\/\/skaitytaknyga.lt\/produktas\/namas-prie-ezero-morton-su-defektu\/\",\"name\":\"Namas prie e\u017eero\",\"isPartOf\":{\"@id\":\"https:\/\/skaitytaknyga.lt\/#website\"},\"primaryImageOfPage\":{\"@id\":\"https:\/\/skaitytaknyga.lt\/produktas\/namas-prie-ezero-morton-su-defektu\/#primaryimage\"},\"image\":{\"@id\":\"https:\/\/skaitytaknyga.lt\/produktas\/namas-prie-ezero-morton-su-defektu\/#primaryimage\"},\"thumbnailUrl\":\"https:\/\/skaitytaknyga.lt\/wp-content\/uploads\/2025\/09\/Namas-prie-ezero-Morton-2-e1756722533593.webp\",\"datePublished\":\"2025-09-01T10:23:11+00:00\",\"dateModified\":\"2026-03-18T08:52:29+00:00\",\"description\":\"Diing\u0119s vaikas 1933-i\u0173j\u0173 vasar\u0105 Loanetas, Edevein\u0173 \u0161eimos u\u017emies\u010dio dvaras, i\u0161dailintas spindi \u0161vara, art\u0117ja ilgai laukta Saul\u0117gr\u012f\u017eos \u0161vent\u0117. Ypa\u010d\",\"breadcrumb\":{\"@id\":\"https:\/\/skaitytaknyga.lt\/produktas\/namas-prie-ezero-morton-su-defektu\/#breadcrumb\"},\"inLanguage\":\"en-GB\",\"potentialAction\":[{\"@type\":\"ReadAction\",\"target\":[\"https:\/\/skaitytaknyga.lt\/produktas\/namas-prie-ezero-morton-su-defektu\/\"]}]},{\"@type\":\"ImageObject\",\"inLanguage\":\"en-GB\",\"@id\":\"https:\/\/skaitytaknyga.lt\/produktas\/namas-prie-ezero-morton-su-defektu\/#primaryimage\",\"url\":\"https:\/\/skaitytaknyga.lt\/wp-content\/uploads\/2025\/09\/Namas-prie-ezero-Morton-2-e1756722533593.webp\",\"contentUrl\":\"https:\/\/skaitytaknyga.lt\/wp-content\/uploads\/2025\/09\/Namas-prie-ezero-Morton-2-e1756722533593.webp\",\"width\":238,\"height\":352},{\"@type\":\"BreadcrumbList\",\"@id\":\"https:\/\/skaitytaknyga.lt\/produktas\/namas-prie-ezero-morton-su-defektu\/#breadcrumb\",\"itemListElement\":[{\"@type\":\"ListItem\",\"position\":1,\"name\":\"Home\",\"item\":\"https:\/\/skaitytaknyga.lt\/\"},{\"@type\":\"ListItem\",\"position\":2,\"name\":\"Parduotuv\u0117\",\"item\":\"https:\/\/skaitytaknyga.lt\/knygu-parduotuve\/\"},{\"@type\":\"ListItem\",\"position\":3,\"name\":\"Namas prie e\u017eero\"}]},{\"@type\":\"WebSite\",\"@id\":\"https:\/\/skaitytaknyga.lt\/#website\",\"url\":\"https:\/\/skaitytaknyga.lt\/\",\"name\":\"skaitytaknyga.lt\",\"description\":\"Skaitytaknyga.lt \u2013 tai ma\u017eas \u0161eimos verslas, kuris prasid\u0117jo nuo meil\u0117s knygoms ir siekio i\u0161gelb\u0117ti knygas nuo likimo prie konteinerio. Kas vienam nereikalingas daiktas \u2013 kitam lobis, o mes esame tarpininkai, kurie padeda abiems tapti laimingesniems ???? \u017dinome kaip nelengva i\u0161gyventi ma\u017eiems verslams, tad nuo \u0161iol, \u010dia rasite ir kit\u0173, ma\u017e\u0173 \u0161eim\u0173 versl\u0173, rank\u0173 darbo, dovan\u0173 sau ir artimiesiems.\",\"publisher\":{\"@id\":\"https:\/\/skaitytaknyga.lt\/#organization\"},\"potentialAction\":[{\"@type\":\"SearchAction\",\"target\":{\"@type\":\"EntryPoint\",\"urlTemplate\":\"https:\/\/skaitytaknyga.lt\/?s={search_term_string}\"},\"query-input\":{\"@type\":\"PropertyValueSpecification\",\"valueRequired\":true,\"valueName\":\"search_term_string\"}}],\"inLanguage\":\"en-GB\"},{\"@type\":\"Organization\",\"@id\":\"https:\/\/skaitytaknyga.lt\/#organization\",\"name\":\"skaitytaknyga.lt\",\"url\":\"https:\/\/skaitytaknyga.lt\/\",\"logo\":{\"@type\":\"ImageObject\",\"inLanguage\":\"en-GB\",\"@id\":\"https:\/\/skaitytaknyga.lt\/#\/schema\/logo\/image\/\",\"url\":\"https:\/\/skaitytaknyga.lt\/wp-content\/uploads\/2024\/05\/cropped-cropped-cropped-02_00843_jt3bggkj1j3HLc7SyY6rEUpg.jpeg\",\"contentUrl\":\"https:\/\/skaitytaknyga.lt\/wp-content\/uploads\/2024\/05\/cropped-cropped-cropped-02_00843_jt3bggkj1j3HLc7SyY6rEUpg.jpeg\",\"width\":1600,\"height\":1600,\"caption\":\"skaitytaknyga.lt\"},\"image\":{\"@id\":\"https:\/\/skaitytaknyga.lt\/#\/schema\/logo\/image\/\"},\"sameAs\":[\"https:\/\/www.facebook.com\/skaitytaknyga\/\"]}]}<\/script>\n<!-- \/ Yoast SEO plugin. -->","yoast_head_json":{"title":"Namas prie e\u017eero","description":"Diing\u0119s vaikas 1933-i\u0173j\u0173 vasar\u0105 Loanetas, Edevein\u0173 \u0161eimos u\u017emies\u010dio dvaras, i\u0161dailintas spindi \u0161vara, art\u0117ja ilgai laukta Saul\u0117gr\u012f\u017eos \u0161vent\u0117. Ypa\u010d","robots":{"index":"index","follow":"follow","max-snippet":"max-snippet:-1","max-image-preview":"max-image-preview:large","max-video-preview":"max-video-preview:-1"},"canonical":"https:\/\/skaitytaknyga.lt\/en\/produktas\/namas-prie-ezero-morton-su-defektu\/","og_locale":"en_GB","og_type":"article","og_title":"[:lt]Namas prie e\u017eero[:] - Skaitytaknyga","og_description":"Diing\u0119s vaikas 1933-i\u0173j\u0173 vasar\u0105 Loanetas, Edevein\u0173 \u0161eimos u\u017emies\u010dio dvaras, i\u0161dailintas spindi \u0161vara, art\u0117ja ilgai laukta Saul\u0117gr\u012f\u017eos \u0161vent\u0117. Ypa\u010d","og_url":"https:\/\/skaitytaknyga.lt\/en\/produktas\/namas-prie-ezero-morton-su-defektu\/","og_site_name":"Skaitytaknyga","article_publisher":"https:\/\/www.facebook.com\/skaitytaknyga\/","article_modified_time":"2026-03-18T08:52:29+00:00","og_image":[{"width":238,"height":352,"url":"https:\/\/skaitytaknyga.lt\/wp-content\/uploads\/2025\/09\/Namas-prie-ezero-Morton-2-e1756722533593.webp","type":"image\/webp"}],"twitter_card":"summary_large_image","twitter_misc":{"Estimated reading time":"1 minute"},"schema":{"@context":"https:\/\/schema.org","@graph":[{"@type":"WebPage","@id":"https:\/\/skaitytaknyga.lt\/produktas\/namas-prie-ezero-morton-su-defektu\/","url":"https:\/\/skaitytaknyga.lt\/produktas\/namas-prie-ezero-morton-su-defektu\/","name":"Namas prie e\u017eero","isPartOf":{"@id":"https:\/\/skaitytaknyga.lt\/#website"},"primaryImageOfPage":{"@id":"https:\/\/skaitytaknyga.lt\/produktas\/namas-prie-ezero-morton-su-defektu\/#primaryimage"},"image":{"@id":"https:\/\/skaitytaknyga.lt\/produktas\/namas-prie-ezero-morton-su-defektu\/#primaryimage"},"thumbnailUrl":"https:\/\/skaitytaknyga.lt\/wp-content\/uploads\/2025\/09\/Namas-prie-ezero-Morton-2-e1756722533593.webp","datePublished":"2025-09-01T10:23:11+00:00","dateModified":"2026-03-18T08:52:29+00:00","description":"Diing\u0119s vaikas 1933-i\u0173j\u0173 vasar\u0105 Loanetas, Edevein\u0173 \u0161eimos u\u017emies\u010dio dvaras, i\u0161dailintas spindi \u0161vara, art\u0117ja ilgai laukta Saul\u0117gr\u012f\u017eos \u0161vent\u0117. Ypa\u010d","breadcrumb":{"@id":"https:\/\/skaitytaknyga.lt\/produktas\/namas-prie-ezero-morton-su-defektu\/#breadcrumb"},"inLanguage":"en-GB","potentialAction":[{"@type":"ReadAction","target":["https:\/\/skaitytaknyga.lt\/produktas\/namas-prie-ezero-morton-su-defektu\/"]}]},{"@type":"ImageObject","inLanguage":"en-GB","@id":"https:\/\/skaitytaknyga.lt\/produktas\/namas-prie-ezero-morton-su-defektu\/#primaryimage","url":"https:\/\/skaitytaknyga.lt\/wp-content\/uploads\/2025\/09\/Namas-prie-ezero-Morton-2-e1756722533593.webp","contentUrl":"https:\/\/skaitytaknyga.lt\/wp-content\/uploads\/2025\/09\/Namas-prie-ezero-Morton-2-e1756722533593.webp","width":238,"height":352},{"@type":"BreadcrumbList","@id":"https:\/\/skaitytaknyga.lt\/produktas\/namas-prie-ezero-morton-su-defektu\/#breadcrumb","itemListElement":[{"@type":"ListItem","position":1,"name":"Home","item":"https:\/\/skaitytaknyga.lt\/"},{"@type":"ListItem","position":2,"name":"Parduotuv\u0117","item":"https:\/\/skaitytaknyga.lt\/knygu-parduotuve\/"},{"@type":"ListItem","position":3,"name":"Namas prie e\u017eero"}]},{"@type":"WebSite","@id":"https:\/\/skaitytaknyga.lt\/#website","url":"https:\/\/skaitytaknyga.lt\/","name":"skaitytaknyga.lt","description":"Skaitytaknyga.lt \u2013 tai ma\u017eas \u0161eimos verslas, kuris prasid\u0117jo nuo meil\u0117s knygoms ir siekio i\u0161gelb\u0117ti knygas nuo likimo prie konteinerio. Kas vienam nereikalingas daiktas \u2013 kitam lobis, o mes esame tarpininkai, kurie padeda abiems tapti laimingesniems ???? \u017dinome kaip nelengva i\u0161gyventi ma\u017eiems verslams, tad nuo \u0161iol, \u010dia rasite ir kit\u0173, ma\u017e\u0173 \u0161eim\u0173 versl\u0173, rank\u0173 darbo, dovan\u0173 sau ir artimiesiems.","publisher":{"@id":"https:\/\/skaitytaknyga.lt\/#organization"},"potentialAction":[{"@type":"SearchAction","target":{"@type":"EntryPoint","urlTemplate":"https:\/\/skaitytaknyga.lt\/?s={search_term_string}"},"query-input":{"@type":"PropertyValueSpecification","valueRequired":true,"valueName":"search_term_string"}}],"inLanguage":"en-GB"},{"@type":"Organization","@id":"https:\/\/skaitytaknyga.lt\/#organization","name":"skaitytaknyga.lt","url":"https:\/\/skaitytaknyga.lt\/","logo":{"@type":"ImageObject","inLanguage":"en-GB","@id":"https:\/\/skaitytaknyga.lt\/#\/schema\/logo\/image\/","url":"https:\/\/skaitytaknyga.lt\/wp-content\/uploads\/2024\/05\/cropped-cropped-cropped-02_00843_jt3bggkj1j3HLc7SyY6rEUpg.jpeg","contentUrl":"https:\/\/skaitytaknyga.lt\/wp-content\/uploads\/2024\/05\/cropped-cropped-cropped-02_00843_jt3bggkj1j3HLc7SyY6rEUpg.jpeg","width":1600,"height":1600,"caption":"skaitytaknyga.lt"},"image":{"@id":"https:\/\/skaitytaknyga.lt\/#\/schema\/logo\/image\/"},"sameAs":["https:\/\/www.facebook.com\/skaitytaknyga\/"]}]}},"_links":{"self":[{"href":"https:\/\/skaitytaknyga.lt\/en\/wp-json\/wp\/v2\/product\/20616","targetHints":{"allow":["GET"]}}],"collection":[{"href":"https:\/\/skaitytaknyga.lt\/en\/wp-json\/wp\/v2\/product"}],"about":[{"href":"https:\/\/skaitytaknyga.lt\/en\/wp-json\/wp\/v2\/types\/product"}],"replies":[{"embeddable":true,"href":"https:\/\/skaitytaknyga.lt\/en\/wp-json\/wp\/v2\/comments?post=20616"}],"wp:featuredmedia":[{"embeddable":true,"href":"https:\/\/skaitytaknyga.lt\/en\/wp-json\/wp\/v2\/media\/20621"}],"wp:attachment":[{"href":"https:\/\/skaitytaknyga.lt\/en\/wp-json\/wp\/v2\/media?parent=20616"}],"wp:term":[{"taxonomy":"product_brand","embeddable":true,"href":"https:\/\/skaitytaknyga.lt\/en\/wp-json\/wp\/v2\/product_brand?post=20616"},{"taxonomy":"product_cat","embeddable":true,"href":"https:\/\/skaitytaknyga.lt\/en\/wp-json\/wp\/v2\/product_cat?post=20616"},{"taxonomy":"product_tag","embeddable":true,"href":"https:\/\/skaitytaknyga.lt\/en\/wp-json\/wp\/v2\/product_tag?post=20616"}],"curies":[{"name":"wp","href":"https:\/\/api.w.org\/{rel}","templated":true}]}}