{"id":20615,"date":"2025-09-01T13:23:10","date_gmt":"2025-09-01T10:23:10","guid":{"rendered":"https:\/\/skaitytaknyga.lt\/?post_type=product&#038;p=20615"},"modified":"2025-09-06T11:43:11","modified_gmt":"2025-09-06T08:43:11","slug":"namas-trado-gatveje","status":"publish","type":"product","link":"https:\/\/skaitytaknyga.lt\/en\/produktas\/namas-trado-gatveje\/","title":{"rendered":"Namas trado gatv\u0117je"},"content":{"rendered":"<p>\u201eNamas Trado gatv\u0117je\u201c \u2013 pirmoji naujos K. White knyg\u0173 serijos dalis, persmelkta JAV piet\u0173 valstij\u0173 kult\u016bros ir pasakojimo tradicij\u0173. Romanas nukelia skaitytojus \u012f vien\u0105 seniausi\u0173 Piet\u0173 Karolinos miest\u0173, \u010carlston\u0105, kuriame atgyja ne tik miesto architekt\u016bros \u0161edevrai, tampantys lygiaver\u010diais pasakojimo persona\u017eais, bet ir sen\u0173j\u0173 miesto \u0161eim\u0173 gyvenimai. \u012e heroj\u0173 kasdienyb\u0119 \u012fpinami misticizmo elementai priver\u010dia suabejoti, ar praeities \u0161m\u0117klos visuomet noriai atsisveikina su gyv\u0173j\u0173 pasauliu.<\/p>\n<p>Senasis Vanderhorst\u0173 namas \u010carlstone, kur\u012f paskutinis \u0161ios gimin\u0117s atstovas svarsto parduoti, laikomas i\u0161skirtiniu pietieti\u0161kos architekt\u016bros pavyzd\u017eiu. Ta\u010diau nekilnojamojo turto agent\u0117 Melanija Midlton, prakti\u0161ka mergina, sud\u016bl\u0117jus\u012f nam\u0105 mato ne kaip romantizuojamos praeities relikt\u0105, bet mil\u017eini\u0161k\u0173 pinig\u0173 ir vietos \u0161vaistym\u0105. Viskas apsiver\u010dia auk\u0161tyn kojomis Melanijai netik\u0117tai paveld\u0117jus sen\u0105j\u012f Vanderhorst\u0173 nam\u0105 ir turt\u0105. Jos nor\u0105 kuo grei\u010diau atsikratyti netrok\u0161tama seniena temdo viena i\u0161 paveld\u0117jimo s\u0105lyg\u0173 \u2013 bent vienerius metus i\u0161gyventi \u0161iame name.<\/p>\n<p>Lyg to nepakakt\u0173, netrukus \u012f Melanijos duris pasibeld\u017eia skandalingas praeities istorijas med\u017eiojantis gra\u017euolis ra\u0161ytojas D\u017eekas Trenholmas. Pasitelk\u0119s savo \u017eaves\u012f jis \u012ftikina Melanij\u0105 kartu atskeisti Vanderhorst\u0173 \u0161eimos paslapt\u012f.<\/p>\n","protected":false},"excerpt":{"rendered":"<p>\u201eNamas Trado gatv\u0117je\u201c \u2013 pirmoji naujos K. White knyg\u0173 serijos dalis, persmelkta JAV piet\u0173 valstij\u0173 kult\u016bros ir pasakojimo tradicij\u0173. Romanas nukelia skaitytojus \u012f vien\u0105 seniausi\u0173 Piet\u0173 Karolinos miest\u0173, \u010carlston\u0105, kuriame atgyja ne tik miesto architekt\u016bros \u0161edevrai, tampantys lygiaver\u010diais pasakojimo persona\u017eais, bet ir sen\u0173j\u0173 miesto \u0161eim\u0173 gyvenimai. \u012e heroj\u0173 kasdienyb\u0119 \u012fpinami misticizmo elementai priver\u010dia suabejoti, ar praeities \u0161m\u0117klos visuomet noriai atsisveikina su gyv\u0173j\u0173 pasauliu. Senasis Vanderhorst\u0173 namas \u010carlstone, kur\u012f paskutinis \u0161ios gimin\u0117s atstovas svarsto parduoti, laikomas i\u0161skirtiniu pietieti\u0161kos architekt\u016bros pavyzd\u017eiu. Ta\u010diau nekilnojamojo turto agent\u0117 Melanija Midlton, prakti\u0161ka mergina, sud\u016bl\u0117jus\u012f nam\u0105 mato ne kaip romantizuojamos praeities relikt\u0105, bet mil\u017eini\u0161k\u0173 pinig\u0173 ir vietos \u0161vaistym\u0105. Viskas apsiver\u010dia auk\u0161tyn kojomis Melanijai netik\u0117tai paveld\u0117jus sen\u0105j\u012f Vanderhorst\u0173 nam\u0105 ir turt\u0105. Jos nor\u0105 kuo grei\u010diau atsikratyti netrok\u0161tama seniena temdo viena i\u0161 paveld\u0117jimo s\u0105lyg\u0173 \u2013 bent vienerius metus i\u0161gyventi \u0161iame name. Lyg to nepakakt\u0173, netrukus \u012f Melanijos duris pasibeld\u017eia skandalingas praeities istorijas med\u017eiojantis gra\u017euolis ra\u0161ytojas D\u017eekas Trenholmas. Pasitelk\u0119s savo \u017eaves\u012f jis \u012ftikina Melanij\u0105 kartu atskeisti Vanderhorst\u0173 \u0161eimos paslapt\u012f.<\/p>\n","protected":false},"featured_media":20620,"comment_status":"open","ping_status":"closed","template":"","meta":{"_acf_changed":false,"site-sidebar-layout":"default","site-content-layout":"","ast-site-content-layout":"default","site-content-style":"default","site-sidebar-style":"default","ast-global-header-display":"","ast-banner-title-visibility":"","ast-main-header-display":"","ast-hfb-above-header-display":"","ast-hfb-below-header-display":"","ast-hfb-mobile-header-display":"","site-post-title":"","ast-breadcrumbs-content":"","ast-featured-img":"","footer-sml-layout":"","ast-disable-related-posts":"","theme-transparent-header-meta":"","adv-header-id-meta":"","stick-header-meta":"","header-above-stick-meta":"","header-main-stick-meta":"","header-below-stick-meta":"","astra-migrate-meta-layouts":"default","ast-page-background-enabled":"default","ast-page-background-meta":{"desktop":{"background-color":"","background-image":"","background-repeat":"repeat","background-position":"center center","background-size":"auto","background-attachment":"scroll","background-type":"","background-media":"","overlay-type":"","overlay-color":"","overlay-opacity":"","overlay-gradient":""},"tablet":{"background-color":"","background-image":"","background-repeat":"repeat","background-position":"center center","background-size":"auto","background-attachment":"scroll","background-type":"","background-media":"","overlay-type":"","overlay-color":"","overlay-opacity":"","overlay-gradient":""},"mobile":{"background-color":"","background-image":"","background-repeat":"repeat","background-position":"center center","background-size":"auto","background-attachment":"scroll","background-type":"","background-media":"","overlay-type":"","overlay-color":"","overlay-opacity":"","overlay-gradient":""}},"ast-content-background-meta":{"desktop":{"background-color":"var(--ast-global-color-4)","background-image":"","background-repeat":"repeat","background-position":"center center","background-size":"auto","background-attachment":"scroll","background-type":"","background-media":"","overlay-type":"","overlay-color":"","overlay-opacity":"","overlay-gradient":""},"tablet":{"background-color":"var(--ast-global-color-4)","background-image":"","background-repeat":"repeat","background-position":"center center","background-size":"auto","background-attachment":"scroll","background-type":"","background-media":"","overlay-type":"","overlay-color":"","overlay-opacity":"","overlay-gradient":""},"mobile":{"background-color":"var(--ast-global-color-4)","background-image":"","background-repeat":"repeat","background-position":"center center","background-size":"auto","background-attachment":"scroll","background-type":"","background-media":"","overlay-type":"","overlay-color":"","overlay-opacity":"","overlay-gradient":""}}},"product_brand":[],"product_cat":[31],"product_tag":[6923,1478,6922,7689,2129],"class_list":{"0":"post-20615","1":"product","2":"type-product","3":"status-publish","4":"has-post-thumbnail","6":"product_cat-grozine-literatura","7":"product_tag-karen-white","8":"product_tag-paslaptys","9":"product_tag-paveldejimas","10":"product_tag-pietu-jav-kultura","11":"product_tag-romantika","12":"desktop-align-left","13":"tablet-align-left","14":"mobile-align-left","16":"first","17":"instock","18":"shipping-taxable","19":"purchasable","20":"product-type-simple"},"acf":[],"yoast_head":"<!-- This site is optimized with the Yoast SEO plugin v27.0 - https:\/\/yoast.com\/product\/yoast-seo-wordpress\/ -->\n<title>Namas trado gatv\u0117je<\/title>\n<meta name=\"description\" content=\"\u201eNamas Trado gatv\u0117je\u201c \u2013 pirmoji naujos K. White knyg\u0173 serijos dalis, persmelkta JAV piet\u0173 valstij\u0173 kult\u016bros ir pasakojimo tradicij\u0173. Romanas nukelia\" \/>\n<meta name=\"robots\" content=\"index, follow, max-snippet:-1, max-image-preview:large, max-video-preview:-1\" \/>\n<link rel=\"canonical\" href=\"https:\/\/skaitytaknyga.lt\/en\/produktas\/namas-trado-gatveje\/\" \/>\n<meta property=\"og:locale\" content=\"en_GB\" \/>\n<meta property=\"og:locale:alternate\" content=\"lt_LT\" \/>\n<meta property=\"og:type\" content=\"article\" \/>\n<meta property=\"og:title\" content=\"Namas trado gatv\u0117je\" \/>\n<meta property=\"og:description\" content=\"\u201eNamas Trado gatv\u0117je\u201c \u2013 pirmoji naujos K. White knyg\u0173 serijos dalis, persmelkta JAV piet\u0173 valstij\u0173 kult\u016bros ir pasakojimo tradicij\u0173. Romanas nukelia\" \/>\n<meta property=\"og:url\" content=\"https:\/\/skaitytaknyga.lt\/en\/produktas\/namas-trado-gatveje\/\" \/>\n<meta property=\"og:site_name\" content=\"Skaitytaknyga\" \/>\n<meta property=\"article:publisher\" content=\"https:\/\/www.facebook.com\/skaitytaknyga\/\" \/>\n<meta property=\"article:modified_time\" content=\"2025-09-06T08:43:11+00:00\" \/>\n<meta property=\"og:image\" content=\"https:\/\/skaitytaknyga.lt\/wp-content\/uploads\/2025\/09\/Namas-trado-gatveje.webp\" \/>\n\t<meta property=\"og:image:width\" content=\"400\" \/>\n\t<meta property=\"og:image:height\" content=\"581\" \/>\n\t<meta property=\"og:image:type\" content=\"image\/webp\" \/>\n<meta name=\"twitter:card\" content=\"summary_large_image\" \/>\n<meta name=\"twitter:label1\" content=\"Estimated reading time\" \/>\n\t<meta name=\"twitter:data1\" content=\"1 minute\" \/>\n<script type=\"application\/ld+json\" class=\"yoast-schema-graph\">{\"@context\":\"https:\/\/schema.org\",\"@graph\":[{\"@type\":\"WebPage\",\"@id\":\"https:\/\/skaitytaknyga.lt\/produktas\/namas-trado-gatveje\/\",\"url\":\"https:\/\/skaitytaknyga.lt\/produktas\/namas-trado-gatveje\/\",\"name\":\"Namas trado gatv\u0117je\",\"isPartOf\":{\"@id\":\"https:\/\/skaitytaknyga.lt\/#website\"},\"primaryImageOfPage\":{\"@id\":\"https:\/\/skaitytaknyga.lt\/produktas\/namas-trado-gatveje\/#primaryimage\"},\"image\":{\"@id\":\"https:\/\/skaitytaknyga.lt\/produktas\/namas-trado-gatveje\/#primaryimage\"},\"thumbnailUrl\":\"https:\/\/skaitytaknyga.lt\/wp-content\/uploads\/2025\/09\/Namas-trado-gatveje.webp\",\"datePublished\":\"2025-09-01T10:23:10+00:00\",\"dateModified\":\"2025-09-06T08:43:11+00:00\",\"description\":\"\u201eNamas Trado gatv\u0117je\u201c \u2013 pirmoji naujos K. White knyg\u0173 serijos dalis, persmelkta JAV piet\u0173 valstij\u0173 kult\u016bros ir pasakojimo tradicij\u0173. Romanas nukelia\",\"breadcrumb\":{\"@id\":\"https:\/\/skaitytaknyga.lt\/produktas\/namas-trado-gatveje\/#breadcrumb\"},\"inLanguage\":\"en-GB\",\"potentialAction\":[{\"@type\":\"ReadAction\",\"target\":[\"https:\/\/skaitytaknyga.lt\/produktas\/namas-trado-gatveje\/\"]}]},{\"@type\":\"ImageObject\",\"inLanguage\":\"en-GB\",\"@id\":\"https:\/\/skaitytaknyga.lt\/produktas\/namas-trado-gatveje\/#primaryimage\",\"url\":\"https:\/\/skaitytaknyga.lt\/wp-content\/uploads\/2025\/09\/Namas-trado-gatveje.webp\",\"contentUrl\":\"https:\/\/skaitytaknyga.lt\/wp-content\/uploads\/2025\/09\/Namas-trado-gatveje.webp\",\"width\":400,\"height\":581,\"caption\":\"Namas trado gatv\u0117je\"},{\"@type\":\"BreadcrumbList\",\"@id\":\"https:\/\/skaitytaknyga.lt\/produktas\/namas-trado-gatveje\/#breadcrumb\",\"itemListElement\":[{\"@type\":\"ListItem\",\"position\":1,\"name\":\"Home\",\"item\":\"https:\/\/skaitytaknyga.lt\/\"},{\"@type\":\"ListItem\",\"position\":2,\"name\":\"Parduotuv\u0117\",\"item\":\"https:\/\/skaitytaknyga.lt\/knygu-parduotuve\/\"},{\"@type\":\"ListItem\",\"position\":3,\"name\":\"Namas trado gatv\u0117je\"}]},{\"@type\":\"WebSite\",\"@id\":\"https:\/\/skaitytaknyga.lt\/#website\",\"url\":\"https:\/\/skaitytaknyga.lt\/\",\"name\":\"skaitytaknyga.lt\",\"description\":\"Skaitytaknyga.lt \u2013 tai ma\u017eas \u0161eimos verslas, kuris prasid\u0117jo nuo meil\u0117s knygoms ir siekio i\u0161gelb\u0117ti knygas nuo likimo prie konteinerio. Kas vienam nereikalingas daiktas \u2013 kitam lobis, o mes esame tarpininkai, kurie padeda abiems tapti laimingesniems ???? \u017dinome kaip nelengva i\u0161gyventi ma\u017eiems verslams, tad nuo \u0161iol, \u010dia rasite ir kit\u0173, ma\u017e\u0173 \u0161eim\u0173 versl\u0173, rank\u0173 darbo, dovan\u0173 sau ir artimiesiems.\",\"publisher\":{\"@id\":\"https:\/\/skaitytaknyga.lt\/#organization\"},\"potentialAction\":[{\"@type\":\"SearchAction\",\"target\":{\"@type\":\"EntryPoint\",\"urlTemplate\":\"https:\/\/skaitytaknyga.lt\/?s={search_term_string}\"},\"query-input\":{\"@type\":\"PropertyValueSpecification\",\"valueRequired\":true,\"valueName\":\"search_term_string\"}}],\"inLanguage\":\"en-GB\"},{\"@type\":\"Organization\",\"@id\":\"https:\/\/skaitytaknyga.lt\/#organization\",\"name\":\"skaitytaknyga.lt\",\"url\":\"https:\/\/skaitytaknyga.lt\/\",\"logo\":{\"@type\":\"ImageObject\",\"inLanguage\":\"en-GB\",\"@id\":\"https:\/\/skaitytaknyga.lt\/#\/schema\/logo\/image\/\",\"url\":\"https:\/\/skaitytaknyga.lt\/wp-content\/uploads\/2024\/05\/cropped-cropped-cropped-02_00843_jt3bggkj1j3HLc7SyY6rEUpg.jpeg\",\"contentUrl\":\"https:\/\/skaitytaknyga.lt\/wp-content\/uploads\/2024\/05\/cropped-cropped-cropped-02_00843_jt3bggkj1j3HLc7SyY6rEUpg.jpeg\",\"width\":1600,\"height\":1600,\"caption\":\"skaitytaknyga.lt\"},\"image\":{\"@id\":\"https:\/\/skaitytaknyga.lt\/#\/schema\/logo\/image\/\"},\"sameAs\":[\"https:\/\/www.facebook.com\/skaitytaknyga\/\"]}]}<\/script>\n<!-- \/ Yoast SEO plugin. -->","yoast_head_json":{"title":"Namas trado gatv\u0117je","description":"\u201eNamas Trado gatv\u0117je\u201c \u2013 pirmoji naujos K. White knyg\u0173 serijos dalis, persmelkta JAV piet\u0173 valstij\u0173 kult\u016bros ir pasakojimo tradicij\u0173. Romanas nukelia","robots":{"index":"index","follow":"follow","max-snippet":"max-snippet:-1","max-image-preview":"max-image-preview:large","max-video-preview":"max-video-preview:-1"},"canonical":"https:\/\/skaitytaknyga.lt\/en\/produktas\/namas-trado-gatveje\/","og_locale":"en_GB","og_type":"article","og_title":"[:lt]Namas trado gatv\u0117je[:] - Skaitytaknyga","og_description":"\u201eNamas Trado gatv\u0117je\u201c \u2013 pirmoji naujos K. White knyg\u0173 serijos dalis, persmelkta JAV piet\u0173 valstij\u0173 kult\u016bros ir pasakojimo tradicij\u0173. Romanas nukelia","og_url":"https:\/\/skaitytaknyga.lt\/en\/produktas\/namas-trado-gatveje\/","og_site_name":"Skaitytaknyga","article_publisher":"https:\/\/www.facebook.com\/skaitytaknyga\/","article_modified_time":"2025-09-06T08:43:11+00:00","og_image":[{"width":400,"height":581,"url":"https:\/\/skaitytaknyga.lt\/wp-content\/uploads\/2025\/09\/Namas-trado-gatveje.webp","type":"image\/webp"}],"twitter_card":"summary_large_image","twitter_misc":{"Estimated reading time":"1 minute"},"schema":{"@context":"https:\/\/schema.org","@graph":[{"@type":"WebPage","@id":"https:\/\/skaitytaknyga.lt\/produktas\/namas-trado-gatveje\/","url":"https:\/\/skaitytaknyga.lt\/produktas\/namas-trado-gatveje\/","name":"Namas trado gatv\u0117je","isPartOf":{"@id":"https:\/\/skaitytaknyga.lt\/#website"},"primaryImageOfPage":{"@id":"https:\/\/skaitytaknyga.lt\/produktas\/namas-trado-gatveje\/#primaryimage"},"image":{"@id":"https:\/\/skaitytaknyga.lt\/produktas\/namas-trado-gatveje\/#primaryimage"},"thumbnailUrl":"https:\/\/skaitytaknyga.lt\/wp-content\/uploads\/2025\/09\/Namas-trado-gatveje.webp","datePublished":"2025-09-01T10:23:10+00:00","dateModified":"2025-09-06T08:43:11+00:00","description":"\u201eNamas Trado gatv\u0117je\u201c \u2013 pirmoji naujos K. White knyg\u0173 serijos dalis, persmelkta JAV piet\u0173 valstij\u0173 kult\u016bros ir pasakojimo tradicij\u0173. Romanas nukelia","breadcrumb":{"@id":"https:\/\/skaitytaknyga.lt\/produktas\/namas-trado-gatveje\/#breadcrumb"},"inLanguage":"en-GB","potentialAction":[{"@type":"ReadAction","target":["https:\/\/skaitytaknyga.lt\/produktas\/namas-trado-gatveje\/"]}]},{"@type":"ImageObject","inLanguage":"en-GB","@id":"https:\/\/skaitytaknyga.lt\/produktas\/namas-trado-gatveje\/#primaryimage","url":"https:\/\/skaitytaknyga.lt\/wp-content\/uploads\/2025\/09\/Namas-trado-gatveje.webp","contentUrl":"https:\/\/skaitytaknyga.lt\/wp-content\/uploads\/2025\/09\/Namas-trado-gatveje.webp","width":400,"height":581,"caption":"Namas trado gatv\u0117je"},{"@type":"BreadcrumbList","@id":"https:\/\/skaitytaknyga.lt\/produktas\/namas-trado-gatveje\/#breadcrumb","itemListElement":[{"@type":"ListItem","position":1,"name":"Home","item":"https:\/\/skaitytaknyga.lt\/"},{"@type":"ListItem","position":2,"name":"Parduotuv\u0117","item":"https:\/\/skaitytaknyga.lt\/knygu-parduotuve\/"},{"@type":"ListItem","position":3,"name":"Namas trado gatv\u0117je"}]},{"@type":"WebSite","@id":"https:\/\/skaitytaknyga.lt\/#website","url":"https:\/\/skaitytaknyga.lt\/","name":"skaitytaknyga.lt","description":"Skaitytaknyga.lt \u2013 tai ma\u017eas \u0161eimos verslas, kuris prasid\u0117jo nuo meil\u0117s knygoms ir siekio i\u0161gelb\u0117ti knygas nuo likimo prie konteinerio. Kas vienam nereikalingas daiktas \u2013 kitam lobis, o mes esame tarpininkai, kurie padeda abiems tapti laimingesniems ???? \u017dinome kaip nelengva i\u0161gyventi ma\u017eiems verslams, tad nuo \u0161iol, \u010dia rasite ir kit\u0173, ma\u017e\u0173 \u0161eim\u0173 versl\u0173, rank\u0173 darbo, dovan\u0173 sau ir artimiesiems.","publisher":{"@id":"https:\/\/skaitytaknyga.lt\/#organization"},"potentialAction":[{"@type":"SearchAction","target":{"@type":"EntryPoint","urlTemplate":"https:\/\/skaitytaknyga.lt\/?s={search_term_string}"},"query-input":{"@type":"PropertyValueSpecification","valueRequired":true,"valueName":"search_term_string"}}],"inLanguage":"en-GB"},{"@type":"Organization","@id":"https:\/\/skaitytaknyga.lt\/#organization","name":"skaitytaknyga.lt","url":"https:\/\/skaitytaknyga.lt\/","logo":{"@type":"ImageObject","inLanguage":"en-GB","@id":"https:\/\/skaitytaknyga.lt\/#\/schema\/logo\/image\/","url":"https:\/\/skaitytaknyga.lt\/wp-content\/uploads\/2024\/05\/cropped-cropped-cropped-02_00843_jt3bggkj1j3HLc7SyY6rEUpg.jpeg","contentUrl":"https:\/\/skaitytaknyga.lt\/wp-content\/uploads\/2024\/05\/cropped-cropped-cropped-02_00843_jt3bggkj1j3HLc7SyY6rEUpg.jpeg","width":1600,"height":1600,"caption":"skaitytaknyga.lt"},"image":{"@id":"https:\/\/skaitytaknyga.lt\/#\/schema\/logo\/image\/"},"sameAs":["https:\/\/www.facebook.com\/skaitytaknyga\/"]}]}},"_links":{"self":[{"href":"https:\/\/skaitytaknyga.lt\/en\/wp-json\/wp\/v2\/product\/20615","targetHints":{"allow":["GET"]}}],"collection":[{"href":"https:\/\/skaitytaknyga.lt\/en\/wp-json\/wp\/v2\/product"}],"about":[{"href":"https:\/\/skaitytaknyga.lt\/en\/wp-json\/wp\/v2\/types\/product"}],"replies":[{"embeddable":true,"href":"https:\/\/skaitytaknyga.lt\/en\/wp-json\/wp\/v2\/comments?post=20615"}],"wp:featuredmedia":[{"embeddable":true,"href":"https:\/\/skaitytaknyga.lt\/en\/wp-json\/wp\/v2\/media\/20620"}],"wp:attachment":[{"href":"https:\/\/skaitytaknyga.lt\/en\/wp-json\/wp\/v2\/media?parent=20615"}],"wp:term":[{"taxonomy":"product_brand","embeddable":true,"href":"https:\/\/skaitytaknyga.lt\/en\/wp-json\/wp\/v2\/product_brand?post=20615"},{"taxonomy":"product_cat","embeddable":true,"href":"https:\/\/skaitytaknyga.lt\/en\/wp-json\/wp\/v2\/product_cat?post=20615"},{"taxonomy":"product_tag","embeddable":true,"href":"https:\/\/skaitytaknyga.lt\/en\/wp-json\/wp\/v2\/product_tag?post=20615"}],"curies":[{"name":"wp","href":"https:\/\/api.w.org\/{rel}","templated":true}]}}