{"id":20614,"date":"2025-09-01T13:23:10","date_gmt":"2025-09-01T10:23:10","guid":{"rendered":"https:\/\/skaitytaknyga.lt\/?post_type=product&#038;p=20614"},"modified":"2025-09-06T11:43:04","modified_gmt":"2025-09-06T08:43:04","slug":"mergina-is-legaro-gatves","status":"publish","type":"product","link":"https:\/\/skaitytaknyga.lt\/en\/produktas\/mergina-is-legaro-gatves\/","title":{"rendered":"Mergina i\u0161 Legaro gatv\u0117s"},"content":{"rendered":"<p>Karen White (Karen Vait, g. 1964) \u2013 JAV ra\u0161ytoja, 29 bestseleri\u0173 autor\u0117, jos k\u016briniai ver\u010diami \u012f 15 kalb\u0173. Lietuvi\u0173 skaitytojai jau pam\u0117go autor\u0117s romanus \u201eStiklo skambesys&#8221;, \u201ePrarastos valandos&#8221;, \u201ePakrant\u0117s med\u017eiai&#8221;, \u201eNaktis, kai u\u017egeso \u0161viesos&#8221;, \u201eSvajoni\u0173 medis&#8221;, \u201ePaskutin\u0117 naktis Londone&#8221;, d\u0117mesio sulauk\u0117 ir naujoji knyg\u0173 serij\u0105, kuri\u0105 prad\u0117jo \u201eNamas Trado gatv\u0117je&#8221;.<\/p>\n<p>\u201eMergina i\u0161 Legaro gatv\u0117s&#8221; yra antroji knyga apie Melanij\u0105 Midlton, nekilnojamojo turto agent\u0119, geban\u010di\u0105 prikelti ne tik sen\u0173j\u0173 \u010carlstono pastat\u0173, bet ir jose gyvenusi\u0173 \u0161eim\u0173 paslaptis. Persmelktas JAV Piet\u0173 valstij\u0173 kult\u016bros ir pasakojimo tradicij\u0173, romanas atskleid\u017eia, kad savo istorijomis, \u0161irdg\u0117la ir nuoskaudomis geba dalintis ne tik gyvieji.<\/p>\n<p>Netik\u0117tai paveld\u0117jusi architekt\u016bros \u0161edevru laikom\u0105 Vanderhorst\u0173 nam\u0105, Melanija imasi j\u012f restauruoti. Jai padeda ne tik geriausia draug\u0117 Sofi, bet ir istorini\u0173 roman\u0173 ra\u0161ytojas D\u017eekas Trenholmas, kurio \u017evilgsnis vis dar pakerta merginai kojas. Vis d\u0117lto darb\u0173 kupin\u0105 Melanijos kasdienyb\u0119 sutrikdo merginos motina. D\u017einet\u0117 Priolo Midlton \u2013 garsi operos daininink\u0117, palikusi Melanij\u0105, kai \u0161iai buvo vos septyneri. Po daugiau nei 30 met\u0173 D\u017einet\u0117 gr\u012f\u017eta \u012f \u010carlston\u0105, ketindama nusipirkti Priol\u0173 \u0161eimai kadaise priklausius\u012f nam\u0105 Legaro gatv\u0117je, ir pra\u0161o dukters pagalbos tarpininkauti. Ta\u010diau tai n\u0117ra svarbiausia D\u017einet\u0117s gr\u012f\u017eimo prie\u017eastis. Ne vien\u0105 \u0161imtmet\u012f Legaro gatv\u0117s name slyp\u0117jusios paslaptys ima ver\u017etis \u012f dienos \u0161vies\u0105 motinai v\u0117l susitikus su dukra, o j\u0173 geb\u0117jimas matyti u\u017e gyv\u0173j\u0173 pasaulio rib\u0173 sukelia joms mirtin\u0105 pavoj\u0173.<\/p>\n","protected":false},"excerpt":{"rendered":"<p>Karen White (Karen Vait, g. 1964) \u2013 JAV ra\u0161ytoja, 29 bestseleri\u0173 autor\u0117, jos k\u016briniai ver\u010diami \u012f 15 kalb\u0173. Lietuvi\u0173 skaitytojai jau pam\u0117go autor\u0117s romanus \u201eStiklo skambesys&#8221;, \u201ePrarastos valandos&#8221;, \u201ePakrant\u0117s med\u017eiai&#8221;, \u201eNaktis, kai u\u017egeso \u0161viesos&#8221;, \u201eSvajoni\u0173 medis&#8221;, \u201ePaskutin\u0117 naktis Londone&#8221;, d\u0117mesio sulauk\u0117 ir naujoji knyg\u0173 serij\u0105, kuri\u0105 prad\u0117jo \u201eNamas Trado gatv\u0117je&#8221;. \u201eMergina i\u0161 Legaro gatv\u0117s&#8221; yra antroji knyga apie Melanij\u0105 Midlton, nekilnojamojo turto agent\u0119, geban\u010di\u0105 prikelti ne tik sen\u0173j\u0173 \u010carlstono pastat\u0173, bet ir jose gyvenusi\u0173 \u0161eim\u0173 paslaptis. Persmelktas JAV Piet\u0173 valstij\u0173 kult\u016bros ir pasakojimo tradicij\u0173, romanas atskleid\u017eia, kad savo istorijomis, \u0161irdg\u0117la ir nuoskaudomis geba dalintis ne tik gyvieji. Netik\u0117tai paveld\u0117jusi architekt\u016bros \u0161edevru laikom\u0105 Vanderhorst\u0173 nam\u0105, Melanija imasi j\u012f restauruoti. Jai padeda ne tik geriausia draug\u0117 Sofi, bet ir istorini\u0173 roman\u0173 ra\u0161ytojas D\u017eekas Trenholmas, kurio \u017evilgsnis vis dar pakerta merginai kojas. Vis d\u0117lto darb\u0173 kupin\u0105 Melanijos kasdienyb\u0119 sutrikdo merginos motina. D\u017einet\u0117 Priolo Midlton \u2013 garsi operos daininink\u0117, palikusi Melanij\u0105, kai \u0161iai buvo vos septyneri. Po daugiau nei 30 met\u0173 D\u017einet\u0117 gr\u012f\u017eta \u012f \u010carlston\u0105, ketindama nusipirkti Priol\u0173 \u0161eimai kadaise priklausius\u012f nam\u0105 Legaro gatv\u0117je, ir pra\u0161o dukters pagalbos tarpininkauti. Ta\u010diau tai n\u0117ra svarbiausia D\u017einet\u0117s gr\u012f\u017eimo prie\u017eastis. Ne vien\u0105 \u0161imtmet\u012f Legaro gatv\u0117s name slyp\u0117jusios paslaptys ima ver\u017etis \u012f dienos \u0161vies\u0105 motinai v\u0117l susitikus su dukra, o j\u0173 geb\u0117jimas matyti u\u017e gyv\u0173j\u0173 pasaulio rib\u0173 sukelia joms mirtin\u0105 pavoj\u0173.<\/p>\n","protected":false},"featured_media":20619,"comment_status":"open","ping_status":"closed","template":"","meta":{"_acf_changed":false,"site-sidebar-layout":"default","site-content-layout":"","ast-site-content-layout":"default","site-content-style":"default","site-sidebar-style":"default","ast-global-header-display":"","ast-banner-title-visibility":"","ast-main-header-display":"","ast-hfb-above-header-display":"","ast-hfb-below-header-display":"","ast-hfb-mobile-header-display":"","site-post-title":"","ast-breadcrumbs-content":"","ast-featured-img":"","footer-sml-layout":"","ast-disable-related-posts":"","theme-transparent-header-meta":"","adv-header-id-meta":"","stick-header-meta":"","header-above-stick-meta":"","header-main-stick-meta":"","header-below-stick-meta":"","astra-migrate-meta-layouts":"default","ast-page-background-enabled":"default","ast-page-background-meta":{"desktop":{"background-color":"","background-image":"","background-repeat":"repeat","background-position":"center center","background-size":"auto","background-attachment":"scroll","background-type":"","background-media":"","overlay-type":"","overlay-color":"","overlay-opacity":"","overlay-gradient":""},"tablet":{"background-color":"","background-image":"","background-repeat":"repeat","background-position":"center center","background-size":"auto","background-attachment":"scroll","background-type":"","background-media":"","overlay-type":"","overlay-color":"","overlay-opacity":"","overlay-gradient":""},"mobile":{"background-color":"","background-image":"","background-repeat":"repeat","background-position":"center center","background-size":"auto","background-attachment":"scroll","background-type":"","background-media":"","overlay-type":"","overlay-color":"","overlay-opacity":"","overlay-gradient":""}},"ast-content-background-meta":{"desktop":{"background-color":"var(--ast-global-color-4)","background-image":"","background-repeat":"repeat","background-position":"center center","background-size":"auto","background-attachment":"scroll","background-type":"","background-media":"","overlay-type":"","overlay-color":"","overlay-opacity":"","overlay-gradient":""},"tablet":{"background-color":"var(--ast-global-color-4)","background-image":"","background-repeat":"repeat","background-position":"center center","background-size":"auto","background-attachment":"scroll","background-type":"","background-media":"","overlay-type":"","overlay-color":"","overlay-opacity":"","overlay-gradient":""},"mobile":{"background-color":"var(--ast-global-color-4)","background-image":"","background-repeat":"repeat","background-position":"center center","background-size":"auto","background-attachment":"scroll","background-type":"","background-media":"","overlay-type":"","overlay-color":"","overlay-opacity":"","overlay-gradient":""}}},"product_brand":[],"product_cat":[31],"product_tag":[6923,6922,3145,2129,2088],"class_list":{"0":"post-20614","1":"product","2":"type-product","3":"status-publish","4":"has-post-thumbnail","6":"product_cat-grozine-literatura","7":"product_tag-karen-white","8":"product_tag-paveldejimas","9":"product_tag-pavojus","10":"product_tag-romantika","11":"product_tag-seimos-paslaptys","12":"desktop-align-left","13":"tablet-align-left","14":"mobile-align-left","16":"first","17":"instock","18":"shipping-taxable","19":"purchasable","20":"product-type-simple"},"acf":[],"yoast_head":"<!-- This site is optimized with the Yoast SEO plugin v27.0 - https:\/\/yoast.com\/product\/yoast-seo-wordpress\/ -->\n<title>Mergina i\u0161 Legaro gatv\u0117s<\/title>\n<meta name=\"description\" content=\"Karen White (Karen Vait, g. 1964) \u2013 JAV ra\u0161ytoja, 29 bestseleri\u0173 autor\u0117, jos k\u016briniai ver\u010diami \u012f 15 kalb\u0173. Lietuvi\u0173 skaitytojai jau pam\u0117go autor\u0117s romanus\" \/>\n<meta name=\"robots\" content=\"index, follow, max-snippet:-1, max-image-preview:large, max-video-preview:-1\" \/>\n<link rel=\"canonical\" href=\"https:\/\/skaitytaknyga.lt\/en\/produktas\/mergina-is-legaro-gatves\/\" \/>\n<meta property=\"og:locale\" content=\"en_GB\" \/>\n<meta property=\"og:locale:alternate\" content=\"lt_LT\" \/>\n<meta property=\"og:type\" content=\"article\" \/>\n<meta property=\"og:title\" content=\"Mergina i\u0161 Legaro gatv\u0117s\" \/>\n<meta property=\"og:description\" content=\"Karen White (Karen Vait, g. 1964) \u2013 JAV ra\u0161ytoja, 29 bestseleri\u0173 autor\u0117, jos k\u016briniai ver\u010diami \u012f 15 kalb\u0173. Lietuvi\u0173 skaitytojai jau pam\u0117go autor\u0117s romanus\" \/>\n<meta property=\"og:url\" content=\"https:\/\/skaitytaknyga.lt\/en\/produktas\/mergina-is-legaro-gatves\/\" \/>\n<meta property=\"og:site_name\" content=\"Skaitytaknyga\" \/>\n<meta property=\"article:publisher\" content=\"https:\/\/www.facebook.com\/skaitytaknyga\/\" \/>\n<meta property=\"article:modified_time\" content=\"2025-09-06T08:43:04+00:00\" \/>\n<meta property=\"og:image\" content=\"https:\/\/skaitytaknyga.lt\/wp-content\/uploads\/2025\/09\/Mergina-is-Legaro-gatves-1.webp\" \/>\n\t<meta property=\"og:image:width\" content=\"300\" \/>\n\t<meta property=\"og:image:height\" content=\"450\" \/>\n\t<meta property=\"og:image:type\" content=\"image\/webp\" \/>\n<meta name=\"twitter:card\" content=\"summary_large_image\" \/>\n<meta name=\"twitter:label1\" content=\"Estimated reading time\" \/>\n\t<meta name=\"twitter:data1\" content=\"1 minute\" \/>\n<script type=\"application\/ld+json\" class=\"yoast-schema-graph\">{\"@context\":\"https:\/\/schema.org\",\"@graph\":[{\"@type\":\"WebPage\",\"@id\":\"https:\/\/skaitytaknyga.lt\/produktas\/mergina-is-legaro-gatves\/\",\"url\":\"https:\/\/skaitytaknyga.lt\/produktas\/mergina-is-legaro-gatves\/\",\"name\":\"Mergina i\u0161 Legaro gatv\u0117s\",\"isPartOf\":{\"@id\":\"https:\/\/skaitytaknyga.lt\/#website\"},\"primaryImageOfPage\":{\"@id\":\"https:\/\/skaitytaknyga.lt\/produktas\/mergina-is-legaro-gatves\/#primaryimage\"},\"image\":{\"@id\":\"https:\/\/skaitytaknyga.lt\/produktas\/mergina-is-legaro-gatves\/#primaryimage\"},\"thumbnailUrl\":\"https:\/\/skaitytaknyga.lt\/wp-content\/uploads\/2025\/09\/Mergina-is-Legaro-gatves-1.webp\",\"datePublished\":\"2025-09-01T10:23:10+00:00\",\"dateModified\":\"2025-09-06T08:43:04+00:00\",\"description\":\"Karen White (Karen Vait, g. 1964) \u2013 JAV ra\u0161ytoja, 29 bestseleri\u0173 autor\u0117, jos k\u016briniai ver\u010diami \u012f 15 kalb\u0173. Lietuvi\u0173 skaitytojai jau pam\u0117go autor\u0117s romanus\",\"breadcrumb\":{\"@id\":\"https:\/\/skaitytaknyga.lt\/produktas\/mergina-is-legaro-gatves\/#breadcrumb\"},\"inLanguage\":\"en-GB\",\"potentialAction\":[{\"@type\":\"ReadAction\",\"target\":[\"https:\/\/skaitytaknyga.lt\/produktas\/mergina-is-legaro-gatves\/\"]}]},{\"@type\":\"ImageObject\",\"inLanguage\":\"en-GB\",\"@id\":\"https:\/\/skaitytaknyga.lt\/produktas\/mergina-is-legaro-gatves\/#primaryimage\",\"url\":\"https:\/\/skaitytaknyga.lt\/wp-content\/uploads\/2025\/09\/Mergina-is-Legaro-gatves-1.webp\",\"contentUrl\":\"https:\/\/skaitytaknyga.lt\/wp-content\/uploads\/2025\/09\/Mergina-is-Legaro-gatves-1.webp\",\"width\":300,\"height\":450,\"caption\":\"Mergina i\u0161 Legaro gatv\u0117s\"},{\"@type\":\"BreadcrumbList\",\"@id\":\"https:\/\/skaitytaknyga.lt\/produktas\/mergina-is-legaro-gatves\/#breadcrumb\",\"itemListElement\":[{\"@type\":\"ListItem\",\"position\":1,\"name\":\"Home\",\"item\":\"https:\/\/skaitytaknyga.lt\/\"},{\"@type\":\"ListItem\",\"position\":2,\"name\":\"Parduotuv\u0117\",\"item\":\"https:\/\/skaitytaknyga.lt\/knygu-parduotuve\/\"},{\"@type\":\"ListItem\",\"position\":3,\"name\":\"Mergina i\u0161 Legaro gatv\u0117s\"}]},{\"@type\":\"WebSite\",\"@id\":\"https:\/\/skaitytaknyga.lt\/#website\",\"url\":\"https:\/\/skaitytaknyga.lt\/\",\"name\":\"skaitytaknyga.lt\",\"description\":\"Skaitytaknyga.lt \u2013 tai ma\u017eas \u0161eimos verslas, kuris prasid\u0117jo nuo meil\u0117s knygoms ir siekio i\u0161gelb\u0117ti knygas nuo likimo prie konteinerio. Kas vienam nereikalingas daiktas \u2013 kitam lobis, o mes esame tarpininkai, kurie padeda abiems tapti laimingesniems ???? \u017dinome kaip nelengva i\u0161gyventi ma\u017eiems verslams, tad nuo \u0161iol, \u010dia rasite ir kit\u0173, ma\u017e\u0173 \u0161eim\u0173 versl\u0173, rank\u0173 darbo, dovan\u0173 sau ir artimiesiems.\",\"publisher\":{\"@id\":\"https:\/\/skaitytaknyga.lt\/#organization\"},\"potentialAction\":[{\"@type\":\"SearchAction\",\"target\":{\"@type\":\"EntryPoint\",\"urlTemplate\":\"https:\/\/skaitytaknyga.lt\/?s={search_term_string}\"},\"query-input\":{\"@type\":\"PropertyValueSpecification\",\"valueRequired\":true,\"valueName\":\"search_term_string\"}}],\"inLanguage\":\"en-GB\"},{\"@type\":\"Organization\",\"@id\":\"https:\/\/skaitytaknyga.lt\/#organization\",\"name\":\"skaitytaknyga.lt\",\"url\":\"https:\/\/skaitytaknyga.lt\/\",\"logo\":{\"@type\":\"ImageObject\",\"inLanguage\":\"en-GB\",\"@id\":\"https:\/\/skaitytaknyga.lt\/#\/schema\/logo\/image\/\",\"url\":\"https:\/\/skaitytaknyga.lt\/wp-content\/uploads\/2024\/05\/cropped-cropped-cropped-02_00843_jt3bggkj1j3HLc7SyY6rEUpg.jpeg\",\"contentUrl\":\"https:\/\/skaitytaknyga.lt\/wp-content\/uploads\/2024\/05\/cropped-cropped-cropped-02_00843_jt3bggkj1j3HLc7SyY6rEUpg.jpeg\",\"width\":1600,\"height\":1600,\"caption\":\"skaitytaknyga.lt\"},\"image\":{\"@id\":\"https:\/\/skaitytaknyga.lt\/#\/schema\/logo\/image\/\"},\"sameAs\":[\"https:\/\/www.facebook.com\/skaitytaknyga\/\"]}]}<\/script>\n<!-- \/ Yoast SEO plugin. -->","yoast_head_json":{"title":"Mergina i\u0161 Legaro gatv\u0117s","description":"Karen White (Karen Vait, g. 1964) \u2013 JAV ra\u0161ytoja, 29 bestseleri\u0173 autor\u0117, jos k\u016briniai ver\u010diami \u012f 15 kalb\u0173. Lietuvi\u0173 skaitytojai jau pam\u0117go autor\u0117s romanus","robots":{"index":"index","follow":"follow","max-snippet":"max-snippet:-1","max-image-preview":"max-image-preview:large","max-video-preview":"max-video-preview:-1"},"canonical":"https:\/\/skaitytaknyga.lt\/en\/produktas\/mergina-is-legaro-gatves\/","og_locale":"en_GB","og_type":"article","og_title":"[:lt]Mergina i\u0161 Legaro gatv\u0117s[:] - Skaitytaknyga","og_description":"Karen White (Karen Vait, g. 1964) \u2013 JAV ra\u0161ytoja, 29 bestseleri\u0173 autor\u0117, jos k\u016briniai ver\u010diami \u012f 15 kalb\u0173. Lietuvi\u0173 skaitytojai jau pam\u0117go autor\u0117s romanus","og_url":"https:\/\/skaitytaknyga.lt\/en\/produktas\/mergina-is-legaro-gatves\/","og_site_name":"Skaitytaknyga","article_publisher":"https:\/\/www.facebook.com\/skaitytaknyga\/","article_modified_time":"2025-09-06T08:43:04+00:00","og_image":[{"width":300,"height":450,"url":"https:\/\/skaitytaknyga.lt\/wp-content\/uploads\/2025\/09\/Mergina-is-Legaro-gatves-1.webp","type":"image\/webp"}],"twitter_card":"summary_large_image","twitter_misc":{"Estimated reading time":"1 minute"},"schema":{"@context":"https:\/\/schema.org","@graph":[{"@type":"WebPage","@id":"https:\/\/skaitytaknyga.lt\/produktas\/mergina-is-legaro-gatves\/","url":"https:\/\/skaitytaknyga.lt\/produktas\/mergina-is-legaro-gatves\/","name":"Mergina i\u0161 Legaro gatv\u0117s","isPartOf":{"@id":"https:\/\/skaitytaknyga.lt\/#website"},"primaryImageOfPage":{"@id":"https:\/\/skaitytaknyga.lt\/produktas\/mergina-is-legaro-gatves\/#primaryimage"},"image":{"@id":"https:\/\/skaitytaknyga.lt\/produktas\/mergina-is-legaro-gatves\/#primaryimage"},"thumbnailUrl":"https:\/\/skaitytaknyga.lt\/wp-content\/uploads\/2025\/09\/Mergina-is-Legaro-gatves-1.webp","datePublished":"2025-09-01T10:23:10+00:00","dateModified":"2025-09-06T08:43:04+00:00","description":"Karen White (Karen Vait, g. 1964) \u2013 JAV ra\u0161ytoja, 29 bestseleri\u0173 autor\u0117, jos k\u016briniai ver\u010diami \u012f 15 kalb\u0173. Lietuvi\u0173 skaitytojai jau pam\u0117go autor\u0117s romanus","breadcrumb":{"@id":"https:\/\/skaitytaknyga.lt\/produktas\/mergina-is-legaro-gatves\/#breadcrumb"},"inLanguage":"en-GB","potentialAction":[{"@type":"ReadAction","target":["https:\/\/skaitytaknyga.lt\/produktas\/mergina-is-legaro-gatves\/"]}]},{"@type":"ImageObject","inLanguage":"en-GB","@id":"https:\/\/skaitytaknyga.lt\/produktas\/mergina-is-legaro-gatves\/#primaryimage","url":"https:\/\/skaitytaknyga.lt\/wp-content\/uploads\/2025\/09\/Mergina-is-Legaro-gatves-1.webp","contentUrl":"https:\/\/skaitytaknyga.lt\/wp-content\/uploads\/2025\/09\/Mergina-is-Legaro-gatves-1.webp","width":300,"height":450,"caption":"Mergina i\u0161 Legaro gatv\u0117s"},{"@type":"BreadcrumbList","@id":"https:\/\/skaitytaknyga.lt\/produktas\/mergina-is-legaro-gatves\/#breadcrumb","itemListElement":[{"@type":"ListItem","position":1,"name":"Home","item":"https:\/\/skaitytaknyga.lt\/"},{"@type":"ListItem","position":2,"name":"Parduotuv\u0117","item":"https:\/\/skaitytaknyga.lt\/knygu-parduotuve\/"},{"@type":"ListItem","position":3,"name":"Mergina i\u0161 Legaro gatv\u0117s"}]},{"@type":"WebSite","@id":"https:\/\/skaitytaknyga.lt\/#website","url":"https:\/\/skaitytaknyga.lt\/","name":"skaitytaknyga.lt","description":"Skaitytaknyga.lt \u2013 tai ma\u017eas \u0161eimos verslas, kuris prasid\u0117jo nuo meil\u0117s knygoms ir siekio i\u0161gelb\u0117ti knygas nuo likimo prie konteinerio. Kas vienam nereikalingas daiktas \u2013 kitam lobis, o mes esame tarpininkai, kurie padeda abiems tapti laimingesniems ???? \u017dinome kaip nelengva i\u0161gyventi ma\u017eiems verslams, tad nuo \u0161iol, \u010dia rasite ir kit\u0173, ma\u017e\u0173 \u0161eim\u0173 versl\u0173, rank\u0173 darbo, dovan\u0173 sau ir artimiesiems.","publisher":{"@id":"https:\/\/skaitytaknyga.lt\/#organization"},"potentialAction":[{"@type":"SearchAction","target":{"@type":"EntryPoint","urlTemplate":"https:\/\/skaitytaknyga.lt\/?s={search_term_string}"},"query-input":{"@type":"PropertyValueSpecification","valueRequired":true,"valueName":"search_term_string"}}],"inLanguage":"en-GB"},{"@type":"Organization","@id":"https:\/\/skaitytaknyga.lt\/#organization","name":"skaitytaknyga.lt","url":"https:\/\/skaitytaknyga.lt\/","logo":{"@type":"ImageObject","inLanguage":"en-GB","@id":"https:\/\/skaitytaknyga.lt\/#\/schema\/logo\/image\/","url":"https:\/\/skaitytaknyga.lt\/wp-content\/uploads\/2024\/05\/cropped-cropped-cropped-02_00843_jt3bggkj1j3HLc7SyY6rEUpg.jpeg","contentUrl":"https:\/\/skaitytaknyga.lt\/wp-content\/uploads\/2024\/05\/cropped-cropped-cropped-02_00843_jt3bggkj1j3HLc7SyY6rEUpg.jpeg","width":1600,"height":1600,"caption":"skaitytaknyga.lt"},"image":{"@id":"https:\/\/skaitytaknyga.lt\/#\/schema\/logo\/image\/"},"sameAs":["https:\/\/www.facebook.com\/skaitytaknyga\/"]}]}},"_links":{"self":[{"href":"https:\/\/skaitytaknyga.lt\/en\/wp-json\/wp\/v2\/product\/20614","targetHints":{"allow":["GET"]}}],"collection":[{"href":"https:\/\/skaitytaknyga.lt\/en\/wp-json\/wp\/v2\/product"}],"about":[{"href":"https:\/\/skaitytaknyga.lt\/en\/wp-json\/wp\/v2\/types\/product"}],"replies":[{"embeddable":true,"href":"https:\/\/skaitytaknyga.lt\/en\/wp-json\/wp\/v2\/comments?post=20614"}],"wp:featuredmedia":[{"embeddable":true,"href":"https:\/\/skaitytaknyga.lt\/en\/wp-json\/wp\/v2\/media\/20619"}],"wp:attachment":[{"href":"https:\/\/skaitytaknyga.lt\/en\/wp-json\/wp\/v2\/media?parent=20614"}],"wp:term":[{"taxonomy":"product_brand","embeddable":true,"href":"https:\/\/skaitytaknyga.lt\/en\/wp-json\/wp\/v2\/product_brand?post=20614"},{"taxonomy":"product_cat","embeddable":true,"href":"https:\/\/skaitytaknyga.lt\/en\/wp-json\/wp\/v2\/product_cat?post=20614"},{"taxonomy":"product_tag","embeddable":true,"href":"https:\/\/skaitytaknyga.lt\/en\/wp-json\/wp\/v2\/product_tag?post=20614"}],"curies":[{"name":"wp","href":"https:\/\/api.w.org\/{rel}","templated":true}]}}