{"id":20610,"date":"2025-08-31T20:30:47","date_gmt":"2025-08-31T17:30:47","guid":{"rendered":"https:\/\/skaitytaknyga.lt\/?post_type=product&#038;p=20610"},"modified":"2025-09-06T11:22:03","modified_gmt":"2025-09-06T08:22:03","slug":"kiek-sveria-siela","status":"publish","type":"product","link":"https:\/\/skaitytaknyga.lt\/en\/produktas\/kiek-sveria-siela\/","title":{"rendered":"Kiek sveria siela"},"content":{"rendered":"<p>Penktojoje savo knygoje gydytoja ir publicist\u0117 Filomena Taunyt\u0117 analizuoja keturis \u017emogaus gyvenimo tarpsnius, kiekvienam am\u017eiui b\u016bdingas pareigas ir prievoles.<\/p>\n<p>Kiek sveria siela? Ar tai svarbu? Svarbiausia tur\u0117ti siel\u0105, teigia gydytoja ir publicist\u0117 Filomena Taunyt\u0117, o kad ji neapsunkt\u0173, b\u016btina \u017einoti, kas privalu vaikyst\u0117je, kas senatv\u0117je, kaip tur\u0117t\u0173 elgtis br\u0119stantis ar brandus \u017emogus. Kiekvienam am\u017eiui savos prievol\u0117s.<\/p>\n<p>Vaikyst\u0117je \u2013 mokytis ir klausyti vyresni\u0173j\u0173, jaunyst\u0117je \u2013 tramdyti geismus ir norus, brand\u017eiame am\u017eiuje \u2013 b\u016bti teisingam, senatv\u0117je \u2013 pamokyti kitus, mir\u0161tant \u2013 d\u0117l nieko nesigail\u0117ti.<\/p>\n<p>\u201eJeigu norime laim\u0117s, \u2013 ra\u0161o Filomena Taunyt\u0117, \u2013 privalome paisyti per t\u016bkstan\u010dius met\u0173 patikrint\u0173 pamokym\u0173. Deja, mums nesiseka. Gaus\u0117ja nesimokan\u010di\u0173, neklausan\u010di\u0173 vaik\u0173, netramdan\u010di\u0173 geism\u0173 ir noro greitai praturt\u0117ti jaunuoli\u0173, subrend\u0117liai u\u017emir\u0161ta teisingum\u0105, seneliai tyli, nes net vaikai neleid\u017eia jiems i\u0161si\u017eioti, o kit\u0173 am\u017eiaus grupi\u0173 \u017emon\u0117s stengiasi juos paversti kvailiais.\u201c<\/p>\n<p>Ir \u0161ioje pam\u0117gtos autor\u0117s knygoje rasite b\u016br\u012f spalving\u0173 jau pa\u017e\u012fstam\u0173 ir nauj\u0173 persona\u017e\u0173, kuriuos kurdama ji analizuoja keturis \u017emogaus gyvenimo tarpsnius, per kiekvien\u0105 j\u0173 \u017emogui tenkan\u010dius i\u0161bandymus, pastebi sielos bei k\u016bno lig\u0173 aprai\u0161kas ir nustato j\u0173 prie\u017eastis. Gydyti ligas Filomena Taunyt\u0117 si\u016blo tuo, \u201ek\u0105 per am\u017eius sukaup\u0117 liaudies i\u0161mintis, geriausia \u2013 m\u016bs\u0173 liaudies, nes kiekviena tauta turi sav\u0105 etnokult\u016br\u0105\u201c.<\/p>\n","protected":false},"excerpt":{"rendered":"<p>Penktojoje savo knygoje gydytoja ir publicist\u0117 Filomena Taunyt\u0117 analizuoja keturis \u017emogaus gyvenimo tarpsnius, kiekvienam am\u017eiui b\u016bdingas pareigas ir prievoles. Kiek sveria siela? Ar tai svarbu? Svarbiausia tur\u0117ti siel\u0105, teigia gydytoja ir publicist\u0117 Filomena Taunyt\u0117, o kad ji neapsunkt\u0173, b\u016btina \u017einoti, kas privalu vaikyst\u0117je, kas senatv\u0117je, kaip tur\u0117t\u0173 elgtis br\u0119stantis ar brandus \u017emogus. Kiekvienam am\u017eiui savos prievol\u0117s. Vaikyst\u0117je \u2013 mokytis ir klausyti vyresni\u0173j\u0173, jaunyst\u0117je \u2013 tramdyti geismus ir norus, brand\u017eiame am\u017eiuje \u2013 b\u016bti teisingam, senatv\u0117je \u2013 pamokyti kitus, mir\u0161tant \u2013 d\u0117l nieko nesigail\u0117ti. \u201eJeigu norime laim\u0117s, \u2013 ra\u0161o Filomena Taunyt\u0117, \u2013 privalome paisyti per t\u016bkstan\u010dius met\u0173 patikrint\u0173 pamokym\u0173. Deja, mums nesiseka. Gaus\u0117ja nesimokan\u010di\u0173, neklausan\u010di\u0173 vaik\u0173, netramdan\u010di\u0173 geism\u0173 ir noro greitai praturt\u0117ti jaunuoli\u0173, subrend\u0117liai u\u017emir\u0161ta teisingum\u0105, seneliai tyli, nes net vaikai neleid\u017eia jiems i\u0161si\u017eioti, o kit\u0173 am\u017eiaus grupi\u0173 \u017emon\u0117s stengiasi juos paversti kvailiais.\u201c Ir \u0161ioje pam\u0117gtos autor\u0117s knygoje rasite b\u016br\u012f spalving\u0173 jau pa\u017e\u012fstam\u0173 ir nauj\u0173 persona\u017e\u0173, kuriuos kurdama ji analizuoja keturis \u017emogaus gyvenimo tarpsnius, per kiekvien\u0105 j\u0173 \u017emogui tenkan\u010dius i\u0161bandymus, pastebi sielos bei k\u016bno lig\u0173 aprai\u0161kas ir nustato j\u0173 prie\u017eastis. Gydyti ligas Filomena Taunyt\u0117 si\u016blo tuo, \u201ek\u0105 per am\u017eius sukaup\u0117 liaudies i\u0161mintis, geriausia \u2013 m\u016bs\u0173 liaudies, nes kiekviena tauta turi sav\u0105 etnokult\u016br\u0105\u201c.<\/p>\n","protected":false},"featured_media":20611,"comment_status":"open","ping_status":"closed","template":"","meta":{"_acf_changed":false,"site-sidebar-layout":"default","site-content-layout":"","ast-site-content-layout":"default","site-content-style":"default","site-sidebar-style":"default","ast-global-header-display":"","ast-banner-title-visibility":"","ast-main-header-display":"","ast-hfb-above-header-display":"","ast-hfb-below-header-display":"","ast-hfb-mobile-header-display":"","site-post-title":"","ast-breadcrumbs-content":"","ast-featured-img":"","footer-sml-layout":"","ast-disable-related-posts":"","theme-transparent-header-meta":"","adv-header-id-meta":"","stick-header-meta":"","header-above-stick-meta":"","header-main-stick-meta":"","header-below-stick-meta":"","astra-migrate-meta-layouts":"default","ast-page-background-enabled":"default","ast-page-background-meta":{"desktop":{"background-color":"","background-image":"","background-repeat":"repeat","background-position":"center center","background-size":"auto","background-attachment":"scroll","background-type":"","background-media":"","overlay-type":"","overlay-color":"","overlay-opacity":"","overlay-gradient":""},"tablet":{"background-color":"","background-image":"","background-repeat":"repeat","background-position":"center center","background-size":"auto","background-attachment":"scroll","background-type":"","background-media":"","overlay-type":"","overlay-color":"","overlay-opacity":"","overlay-gradient":""},"mobile":{"background-color":"","background-image":"","background-repeat":"repeat","background-position":"center center","background-size":"auto","background-attachment":"scroll","background-type":"","background-media":"","overlay-type":"","overlay-color":"","overlay-opacity":"","overlay-gradient":""}},"ast-content-background-meta":{"desktop":{"background-color":"var(--ast-global-color-4)","background-image":"","background-repeat":"repeat","background-position":"center center","background-size":"auto","background-attachment":"scroll","background-type":"","background-media":"","overlay-type":"","overlay-color":"","overlay-opacity":"","overlay-gradient":""},"tablet":{"background-color":"var(--ast-global-color-4)","background-image":"","background-repeat":"repeat","background-position":"center center","background-size":"auto","background-attachment":"scroll","background-type":"","background-media":"","overlay-type":"","overlay-color":"","overlay-opacity":"","overlay-gradient":""},"mobile":{"background-color":"var(--ast-global-color-4)","background-image":"","background-repeat":"repeat","background-position":"center center","background-size":"auto","background-attachment":"scroll","background-type":"","background-media":"","overlay-type":"","overlay-color":"","overlay-opacity":"","overlay-gradient":""}}},"product_brand":[],"product_cat":[15],"product_tag":[7688,1999,7686,7687],"class_list":{"0":"post-20610","1":"product","2":"type-product","3":"status-publish","4":"has-post-thumbnail","6":"product_cat-uncategorized","7":"product_tag-amziaus-tarpsniai","8":"product_tag-filomena-taunyte","9":"product_tag-gyvenimo-pamokos","10":"product_tag-sielos-vertybes","11":"desktop-align-left","12":"tablet-align-left","13":"mobile-align-left","15":"first","16":"instock","17":"shipping-taxable","18":"purchasable","19":"product-type-simple"},"acf":[],"yoast_head":"<!-- This site is optimized with the Yoast SEO plugin v27.0 - https:\/\/yoast.com\/product\/yoast-seo-wordpress\/ -->\n<title>Kiek sveria siela<\/title>\n<meta name=\"description\" content=\"Penktojoje savo knygoje gydytoja ir publicist\u0117 Filomena Taunyt\u0117 analizuoja keturis \u017emogaus gyvenimo tarpsnius, kiekvienam am\u017eiui b\u016bdingas pareigas ir\" \/>\n<meta name=\"robots\" content=\"index, follow, max-snippet:-1, max-image-preview:large, max-video-preview:-1\" \/>\n<link rel=\"canonical\" href=\"https:\/\/skaitytaknyga.lt\/en\/produktas\/kiek-sveria-siela\/\" \/>\n<meta property=\"og:locale\" content=\"en_GB\" \/>\n<meta property=\"og:locale:alternate\" content=\"lt_LT\" \/>\n<meta property=\"og:type\" content=\"article\" \/>\n<meta property=\"og:title\" content=\"Kiek sveria siela\" \/>\n<meta property=\"og:description\" content=\"Penktojoje savo knygoje gydytoja ir publicist\u0117 Filomena Taunyt\u0117 analizuoja keturis \u017emogaus gyvenimo tarpsnius, kiekvienam am\u017eiui b\u016bdingas pareigas ir\" \/>\n<meta property=\"og:url\" content=\"https:\/\/skaitytaknyga.lt\/en\/produktas\/kiek-sveria-siela\/\" \/>\n<meta property=\"og:site_name\" content=\"Skaitytaknyga\" \/>\n<meta property=\"article:publisher\" content=\"https:\/\/www.facebook.com\/skaitytaknyga\/\" \/>\n<meta property=\"article:modified_time\" content=\"2025-09-06T08:22:03+00:00\" \/>\n<meta property=\"og:image\" content=\"https:\/\/skaitytaknyga.lt\/wp-content\/uploads\/2025\/08\/Kiek-sveria-siela-1.webp\" \/>\n\t<meta property=\"og:image:width\" content=\"300\" \/>\n\t<meta property=\"og:image:height\" content=\"449\" \/>\n\t<meta property=\"og:image:type\" content=\"image\/webp\" \/>\n<meta name=\"twitter:card\" content=\"summary_large_image\" \/>\n<meta name=\"twitter:label1\" content=\"Estimated reading time\" \/>\n\t<meta name=\"twitter:data1\" content=\"1 minute\" \/>\n<script type=\"application\/ld+json\" class=\"yoast-schema-graph\">{\"@context\":\"https:\/\/schema.org\",\"@graph\":[{\"@type\":\"WebPage\",\"@id\":\"https:\/\/skaitytaknyga.lt\/produktas\/kiek-sveria-siela\/\",\"url\":\"https:\/\/skaitytaknyga.lt\/produktas\/kiek-sveria-siela\/\",\"name\":\"Kiek sveria siela\",\"isPartOf\":{\"@id\":\"https:\/\/skaitytaknyga.lt\/#website\"},\"primaryImageOfPage\":{\"@id\":\"https:\/\/skaitytaknyga.lt\/produktas\/kiek-sveria-siela\/#primaryimage\"},\"image\":{\"@id\":\"https:\/\/skaitytaknyga.lt\/produktas\/kiek-sveria-siela\/#primaryimage\"},\"thumbnailUrl\":\"https:\/\/skaitytaknyga.lt\/wp-content\/uploads\/2025\/08\/Kiek-sveria-siela-1.webp\",\"datePublished\":\"2025-08-31T17:30:47+00:00\",\"dateModified\":\"2025-09-06T08:22:03+00:00\",\"description\":\"Penktojoje savo knygoje gydytoja ir publicist\u0117 Filomena Taunyt\u0117 analizuoja keturis \u017emogaus gyvenimo tarpsnius, kiekvienam am\u017eiui b\u016bdingas pareigas ir\",\"breadcrumb\":{\"@id\":\"https:\/\/skaitytaknyga.lt\/produktas\/kiek-sveria-siela\/#breadcrumb\"},\"inLanguage\":\"en-GB\",\"potentialAction\":[{\"@type\":\"ReadAction\",\"target\":[\"https:\/\/skaitytaknyga.lt\/produktas\/kiek-sveria-siela\/\"]}]},{\"@type\":\"ImageObject\",\"inLanguage\":\"en-GB\",\"@id\":\"https:\/\/skaitytaknyga.lt\/produktas\/kiek-sveria-siela\/#primaryimage\",\"url\":\"https:\/\/skaitytaknyga.lt\/wp-content\/uploads\/2025\/08\/Kiek-sveria-siela-1.webp\",\"contentUrl\":\"https:\/\/skaitytaknyga.lt\/wp-content\/uploads\/2025\/08\/Kiek-sveria-siela-1.webp\",\"width\":300,\"height\":449},{\"@type\":\"BreadcrumbList\",\"@id\":\"https:\/\/skaitytaknyga.lt\/produktas\/kiek-sveria-siela\/#breadcrumb\",\"itemListElement\":[{\"@type\":\"ListItem\",\"position\":1,\"name\":\"Home\",\"item\":\"https:\/\/skaitytaknyga.lt\/\"},{\"@type\":\"ListItem\",\"position\":2,\"name\":\"Parduotuv\u0117\",\"item\":\"https:\/\/skaitytaknyga.lt\/knygu-parduotuve\/\"},{\"@type\":\"ListItem\",\"position\":3,\"name\":\"Kiek sveria siela\"}]},{\"@type\":\"WebSite\",\"@id\":\"https:\/\/skaitytaknyga.lt\/#website\",\"url\":\"https:\/\/skaitytaknyga.lt\/\",\"name\":\"skaitytaknyga.lt\",\"description\":\"Skaitytaknyga.lt \u2013 tai ma\u017eas \u0161eimos verslas, kuris prasid\u0117jo nuo meil\u0117s knygoms ir siekio i\u0161gelb\u0117ti knygas nuo likimo prie konteinerio. Kas vienam nereikalingas daiktas \u2013 kitam lobis, o mes esame tarpininkai, kurie padeda abiems tapti laimingesniems ???? \u017dinome kaip nelengva i\u0161gyventi ma\u017eiems verslams, tad nuo \u0161iol, \u010dia rasite ir kit\u0173, ma\u017e\u0173 \u0161eim\u0173 versl\u0173, rank\u0173 darbo, dovan\u0173 sau ir artimiesiems.\",\"publisher\":{\"@id\":\"https:\/\/skaitytaknyga.lt\/#organization\"},\"potentialAction\":[{\"@type\":\"SearchAction\",\"target\":{\"@type\":\"EntryPoint\",\"urlTemplate\":\"https:\/\/skaitytaknyga.lt\/?s={search_term_string}\"},\"query-input\":{\"@type\":\"PropertyValueSpecification\",\"valueRequired\":true,\"valueName\":\"search_term_string\"}}],\"inLanguage\":\"en-GB\"},{\"@type\":\"Organization\",\"@id\":\"https:\/\/skaitytaknyga.lt\/#organization\",\"name\":\"skaitytaknyga.lt\",\"url\":\"https:\/\/skaitytaknyga.lt\/\",\"logo\":{\"@type\":\"ImageObject\",\"inLanguage\":\"en-GB\",\"@id\":\"https:\/\/skaitytaknyga.lt\/#\/schema\/logo\/image\/\",\"url\":\"https:\/\/skaitytaknyga.lt\/wp-content\/uploads\/2024\/05\/cropped-cropped-cropped-02_00843_jt3bggkj1j3HLc7SyY6rEUpg.jpeg\",\"contentUrl\":\"https:\/\/skaitytaknyga.lt\/wp-content\/uploads\/2024\/05\/cropped-cropped-cropped-02_00843_jt3bggkj1j3HLc7SyY6rEUpg.jpeg\",\"width\":1600,\"height\":1600,\"caption\":\"skaitytaknyga.lt\"},\"image\":{\"@id\":\"https:\/\/skaitytaknyga.lt\/#\/schema\/logo\/image\/\"},\"sameAs\":[\"https:\/\/www.facebook.com\/skaitytaknyga\/\"]}]}<\/script>\n<!-- \/ Yoast SEO plugin. -->","yoast_head_json":{"title":"Kiek sveria siela","description":"Penktojoje savo knygoje gydytoja ir publicist\u0117 Filomena Taunyt\u0117 analizuoja keturis \u017emogaus gyvenimo tarpsnius, kiekvienam am\u017eiui b\u016bdingas pareigas ir","robots":{"index":"index","follow":"follow","max-snippet":"max-snippet:-1","max-image-preview":"max-image-preview:large","max-video-preview":"max-video-preview:-1"},"canonical":"https:\/\/skaitytaknyga.lt\/en\/produktas\/kiek-sveria-siela\/","og_locale":"en_GB","og_type":"article","og_title":"[:lt]Kiek sveria siela[:] - Skaitytaknyga","og_description":"Penktojoje savo knygoje gydytoja ir publicist\u0117 Filomena Taunyt\u0117 analizuoja keturis \u017emogaus gyvenimo tarpsnius, kiekvienam am\u017eiui b\u016bdingas pareigas ir","og_url":"https:\/\/skaitytaknyga.lt\/en\/produktas\/kiek-sveria-siela\/","og_site_name":"Skaitytaknyga","article_publisher":"https:\/\/www.facebook.com\/skaitytaknyga\/","article_modified_time":"2025-09-06T08:22:03+00:00","og_image":[{"width":300,"height":449,"url":"https:\/\/skaitytaknyga.lt\/wp-content\/uploads\/2025\/08\/Kiek-sveria-siela-1.webp","type":"image\/webp"}],"twitter_card":"summary_large_image","twitter_misc":{"Estimated reading time":"1 minute"},"schema":{"@context":"https:\/\/schema.org","@graph":[{"@type":"WebPage","@id":"https:\/\/skaitytaknyga.lt\/produktas\/kiek-sveria-siela\/","url":"https:\/\/skaitytaknyga.lt\/produktas\/kiek-sveria-siela\/","name":"Kiek sveria siela","isPartOf":{"@id":"https:\/\/skaitytaknyga.lt\/#website"},"primaryImageOfPage":{"@id":"https:\/\/skaitytaknyga.lt\/produktas\/kiek-sveria-siela\/#primaryimage"},"image":{"@id":"https:\/\/skaitytaknyga.lt\/produktas\/kiek-sveria-siela\/#primaryimage"},"thumbnailUrl":"https:\/\/skaitytaknyga.lt\/wp-content\/uploads\/2025\/08\/Kiek-sveria-siela-1.webp","datePublished":"2025-08-31T17:30:47+00:00","dateModified":"2025-09-06T08:22:03+00:00","description":"Penktojoje savo knygoje gydytoja ir publicist\u0117 Filomena Taunyt\u0117 analizuoja keturis \u017emogaus gyvenimo tarpsnius, kiekvienam am\u017eiui b\u016bdingas pareigas ir","breadcrumb":{"@id":"https:\/\/skaitytaknyga.lt\/produktas\/kiek-sveria-siela\/#breadcrumb"},"inLanguage":"en-GB","potentialAction":[{"@type":"ReadAction","target":["https:\/\/skaitytaknyga.lt\/produktas\/kiek-sveria-siela\/"]}]},{"@type":"ImageObject","inLanguage":"en-GB","@id":"https:\/\/skaitytaknyga.lt\/produktas\/kiek-sveria-siela\/#primaryimage","url":"https:\/\/skaitytaknyga.lt\/wp-content\/uploads\/2025\/08\/Kiek-sveria-siela-1.webp","contentUrl":"https:\/\/skaitytaknyga.lt\/wp-content\/uploads\/2025\/08\/Kiek-sveria-siela-1.webp","width":300,"height":449},{"@type":"BreadcrumbList","@id":"https:\/\/skaitytaknyga.lt\/produktas\/kiek-sveria-siela\/#breadcrumb","itemListElement":[{"@type":"ListItem","position":1,"name":"Home","item":"https:\/\/skaitytaknyga.lt\/"},{"@type":"ListItem","position":2,"name":"Parduotuv\u0117","item":"https:\/\/skaitytaknyga.lt\/knygu-parduotuve\/"},{"@type":"ListItem","position":3,"name":"Kiek sveria siela"}]},{"@type":"WebSite","@id":"https:\/\/skaitytaknyga.lt\/#website","url":"https:\/\/skaitytaknyga.lt\/","name":"skaitytaknyga.lt","description":"Skaitytaknyga.lt \u2013 tai ma\u017eas \u0161eimos verslas, kuris prasid\u0117jo nuo meil\u0117s knygoms ir siekio i\u0161gelb\u0117ti knygas nuo likimo prie konteinerio. Kas vienam nereikalingas daiktas \u2013 kitam lobis, o mes esame tarpininkai, kurie padeda abiems tapti laimingesniems ???? \u017dinome kaip nelengva i\u0161gyventi ma\u017eiems verslams, tad nuo \u0161iol, \u010dia rasite ir kit\u0173, ma\u017e\u0173 \u0161eim\u0173 versl\u0173, rank\u0173 darbo, dovan\u0173 sau ir artimiesiems.","publisher":{"@id":"https:\/\/skaitytaknyga.lt\/#organization"},"potentialAction":[{"@type":"SearchAction","target":{"@type":"EntryPoint","urlTemplate":"https:\/\/skaitytaknyga.lt\/?s={search_term_string}"},"query-input":{"@type":"PropertyValueSpecification","valueRequired":true,"valueName":"search_term_string"}}],"inLanguage":"en-GB"},{"@type":"Organization","@id":"https:\/\/skaitytaknyga.lt\/#organization","name":"skaitytaknyga.lt","url":"https:\/\/skaitytaknyga.lt\/","logo":{"@type":"ImageObject","inLanguage":"en-GB","@id":"https:\/\/skaitytaknyga.lt\/#\/schema\/logo\/image\/","url":"https:\/\/skaitytaknyga.lt\/wp-content\/uploads\/2024\/05\/cropped-cropped-cropped-02_00843_jt3bggkj1j3HLc7SyY6rEUpg.jpeg","contentUrl":"https:\/\/skaitytaknyga.lt\/wp-content\/uploads\/2024\/05\/cropped-cropped-cropped-02_00843_jt3bggkj1j3HLc7SyY6rEUpg.jpeg","width":1600,"height":1600,"caption":"skaitytaknyga.lt"},"image":{"@id":"https:\/\/skaitytaknyga.lt\/#\/schema\/logo\/image\/"},"sameAs":["https:\/\/www.facebook.com\/skaitytaknyga\/"]}]}},"_links":{"self":[{"href":"https:\/\/skaitytaknyga.lt\/en\/wp-json\/wp\/v2\/product\/20610","targetHints":{"allow":["GET"]}}],"collection":[{"href":"https:\/\/skaitytaknyga.lt\/en\/wp-json\/wp\/v2\/product"}],"about":[{"href":"https:\/\/skaitytaknyga.lt\/en\/wp-json\/wp\/v2\/types\/product"}],"replies":[{"embeddable":true,"href":"https:\/\/skaitytaknyga.lt\/en\/wp-json\/wp\/v2\/comments?post=20610"}],"wp:featuredmedia":[{"embeddable":true,"href":"https:\/\/skaitytaknyga.lt\/en\/wp-json\/wp\/v2\/media\/20611"}],"wp:attachment":[{"href":"https:\/\/skaitytaknyga.lt\/en\/wp-json\/wp\/v2\/media?parent=20610"}],"wp:term":[{"taxonomy":"product_brand","embeddable":true,"href":"https:\/\/skaitytaknyga.lt\/en\/wp-json\/wp\/v2\/product_brand?post=20610"},{"taxonomy":"product_cat","embeddable":true,"href":"https:\/\/skaitytaknyga.lt\/en\/wp-json\/wp\/v2\/product_cat?post=20610"},{"taxonomy":"product_tag","embeddable":true,"href":"https:\/\/skaitytaknyga.lt\/en\/wp-json\/wp\/v2\/product_tag?post=20610"}],"curies":[{"name":"wp","href":"https:\/\/api.w.org\/{rel}","templated":true}]}}