{"id":20601,"date":"2025-08-31T20:13:18","date_gmt":"2025-08-31T17:13:18","guid":{"rendered":"https:\/\/skaitytaknyga.lt\/?post_type=product&#038;p=20601"},"modified":"2026-03-05T13:45:08","modified_gmt":"2026-03-05T11:45:08","slug":"dukte-yra-dukte-ya-demele","status":"publish","type":"product","link":"https:\/\/skaitytaknyga.lt\/en\/produktas\/dukte-yra-dukte-ya-demele\/","title":{"rendered":"Dukt\u0117 yra dukt\u0117 (ya d\u0117mel\u0117)"},"content":{"rendered":"<p>\u2013 Tu nekenti man\u0119s, kad sugriovau tau gyvenim\u0105, mama, \u2013 tar\u0117 ji. \u2013 O a\u0161 neken\u010diu tav\u0119s, kad sugriovei man\u0105j\u012f!<\/p>\n<p>Agatha Christie (1890\u20131976) \u2013 detektyvo karaliene pelnytai tituluojama brit\u0173 ra\u0161ytoja, neapsiribojusi vien kriminalin\u0117mis istorijomis. Prisidengusi Mary Westmacott slapyvard\u017eiu, ji k\u016br\u0117 gyvenimi\u0161ka patirtimi paremtus romanus, kurie tapo tokie pat populiar\u016bs, kaip ir detektyvai. Kaip Mary Westmacott, o ne Agatha Christie, ji gal\u0117jo i\u0161sakyti tai, k\u0105 galvojo apie moters vidin\u012f pasaul\u012f, t\u0117v\u0173 ir vaik\u0173 tarpusavio santykius. \u012esimenantys charakteriai, sant\u016brus stilius, paprastai perteikiama gili gyvenimo i\u0161mintis \u2013 visa tai, kas geriausia A. Christie k\u016briniuose, gyva ir M. Westmacott romanuose.<\/p>\n<p>&#8230;Ana Prentis, \u0161velni, maloni ir miela moteris, po ankstyvos vyro mirties viena u\u017eauginusi dukter\u012f, ima jausti, kad jos gyvenimui ka\u017eko stinga. Nuolat susim\u0105stydama, ar nepernelyg savininki\u0161kai elgiasi su dukterimi, ir skatindama dukr\u0105 b\u016bti savaranki\u0161kesn\u0119, ji palengva \u012f gyvenim\u0105 \u012fsileid\u017eia nauj\u0105 meil\u0119. Ta\u010diau pasirodo, kad motinos i\u0161rinktasis ir dukt\u0117 sutaria kaip \u0161uo su kate&#8230; Priversta rinktis i\u0161 dviej\u0173 brangiausi\u0173 \u017emoni\u0173, Ana nutaria aukotis dukters labui. Bet \u0161i auka akivaizd\u017eiai neatne\u0161a laim\u0117s nei motinai, nei dukteriai. Kiekviena j\u0173 \u2013 savaip nelaiminga, kiekviena bando taisyti savo nenusisekus\u012f gyvenim\u0105, balansuodamos tarp meil\u0117s ir neapykantos viena kitai.<\/p>\n","protected":false},"excerpt":{"rendered":"<p>\u2013 Tu nekenti man\u0119s, kad sugriovau tau gyvenim\u0105, mama, \u2013 tar\u0117 ji. \u2013 O a\u0161 neken\u010diu tav\u0119s, kad sugriovei man\u0105j\u012f! Agatha Christie (1890\u20131976) \u2013 detektyvo karaliene pelnytai tituluojama brit\u0173 ra\u0161ytoja, neapsiribojusi vien kriminalin\u0117mis istorijomis. Prisidengusi Mary Westmacott slapyvard\u017eiu, ji k\u016br\u0117 gyvenimi\u0161ka patirtimi paremtus romanus, kurie tapo tokie pat populiar\u016bs, kaip ir detektyvai. Kaip Mary Westmacott, o ne Agatha Christie, ji gal\u0117jo i\u0161sakyti tai, k\u0105 galvojo apie moters vidin\u012f pasaul\u012f, t\u0117v\u0173 ir vaik\u0173 tarpusavio santykius. \u012esimenantys charakteriai, sant\u016brus stilius, paprastai perteikiama gili gyvenimo i\u0161mintis \u2013 visa tai, kas geriausia A. Christie k\u016briniuose, gyva ir M. Westmacott romanuose. &#8230;Ana Prentis, \u0161velni, maloni ir miela moteris, po ankstyvos vyro mirties viena u\u017eauginusi dukter\u012f, ima jausti, kad jos gyvenimui ka\u017eko stinga. Nuolat susim\u0105stydama, ar nepernelyg savininki\u0161kai elgiasi su dukterimi, ir skatindama dukr\u0105 b\u016bti savaranki\u0161kesn\u0119, ji palengva \u012f gyvenim\u0105 \u012fsileid\u017eia nauj\u0105 meil\u0119. Ta\u010diau pasirodo, kad motinos i\u0161rinktasis ir dukt\u0117 sutaria kaip \u0161uo su kate&#8230; Priversta rinktis i\u0161 dviej\u0173 brangiausi\u0173 \u017emoni\u0173, Ana nutaria aukotis dukters labui. Bet \u0161i auka akivaizd\u017eiai neatne\u0161a laim\u0117s nei motinai, nei dukteriai. Kiekviena j\u0173 \u2013 savaip nelaiminga, kiekviena bando taisyti savo nenusisekus\u012f gyvenim\u0105, balansuodamos tarp meil\u0117s ir neapykantos viena kitai.<\/p>\n","protected":false},"featured_media":20607,"comment_status":"open","ping_status":"closed","template":"","meta":{"_acf_changed":false,"site-sidebar-layout":"default","site-content-layout":"","ast-site-content-layout":"default","site-content-style":"default","site-sidebar-style":"default","ast-global-header-display":"","ast-banner-title-visibility":"","ast-main-header-display":"","ast-hfb-above-header-display":"","ast-hfb-below-header-display":"","ast-hfb-mobile-header-display":"","site-post-title":"","ast-breadcrumbs-content":"","ast-featured-img":"","footer-sml-layout":"","ast-disable-related-posts":"","theme-transparent-header-meta":"","adv-header-id-meta":"","stick-header-meta":"","header-above-stick-meta":"","header-main-stick-meta":"","header-below-stick-meta":"","astra-migrate-meta-layouts":"default","ast-page-background-enabled":"default","ast-page-background-meta":{"desktop":{"background-color":"","background-image":"","background-repeat":"repeat","background-position":"center center","background-size":"auto","background-attachment":"scroll","background-type":"","background-media":"","overlay-type":"","overlay-color":"","overlay-opacity":"","overlay-gradient":""},"tablet":{"background-color":"","background-image":"","background-repeat":"repeat","background-position":"center center","background-size":"auto","background-attachment":"scroll","background-type":"","background-media":"","overlay-type":"","overlay-color":"","overlay-opacity":"","overlay-gradient":""},"mobile":{"background-color":"","background-image":"","background-repeat":"repeat","background-position":"center center","background-size":"auto","background-attachment":"scroll","background-type":"","background-media":"","overlay-type":"","overlay-color":"","overlay-opacity":"","overlay-gradient":""}},"ast-content-background-meta":{"desktop":{"background-color":"var(--ast-global-color-4)","background-image":"","background-repeat":"repeat","background-position":"center center","background-size":"auto","background-attachment":"scroll","background-type":"","background-media":"","overlay-type":"","overlay-color":"","overlay-opacity":"","overlay-gradient":""},"tablet":{"background-color":"var(--ast-global-color-4)","background-image":"","background-repeat":"repeat","background-position":"center center","background-size":"auto","background-attachment":"scroll","background-type":"","background-media":"","overlay-type":"","overlay-color":"","overlay-opacity":"","overlay-gradient":""},"mobile":{"background-color":"var(--ast-global-color-4)","background-image":"","background-repeat":"repeat","background-position":"center center","background-size":"auto","background-attachment":"scroll","background-type":"","background-media":"","overlay-type":"","overlay-color":"","overlay-opacity":"","overlay-gradient":""}}},"product_brand":[],"product_cat":[9581],"product_tag":[4876,1476,2734,1417,1646],"class_list":{"0":"post-20601","1":"product","2":"type-product","3":"status-publish","4":"has-post-thumbnail","6":"product_cat-kriminaliniai-romanai","7":"product_tag-agatha-christie","8":"product_tag-detektyvas","9":"product_tag-gyvenimo-issukiai","10":"product_tag-santykiai","11":"product_tag-seima","12":"desktop-align-left","13":"tablet-align-left","14":"mobile-align-left","16":"first","17":"instock","18":"shipping-taxable","19":"purchasable","20":"product-type-simple"},"acf":[],"yoast_head":"<!-- This site is optimized with the Yoast SEO plugin v27.0 - https:\/\/yoast.com\/product\/yoast-seo-wordpress\/ -->\n<title>Dukt\u0117 yra dukt\u0117 (ya d\u0117mel\u0117)<\/title>\n<meta name=\"description\" content=\"\u2013 Tu nekenti man\u0119s, kad sugriovau tau gyvenim\u0105, mama, \u2013 tar\u0117 ji. \u2013 O a\u0161 neken\u010diu tav\u0119s, kad sugriovei man\u0105j\u012f! Agatha Christie (1890\u20131976) \u2013 detektyvo\" \/>\n<meta name=\"robots\" content=\"index, follow, max-snippet:-1, max-image-preview:large, max-video-preview:-1\" \/>\n<link rel=\"canonical\" href=\"https:\/\/skaitytaknyga.lt\/en\/produktas\/dukte-yra-dukte-ya-demele\/\" \/>\n<meta property=\"og:locale\" content=\"en_GB\" \/>\n<meta property=\"og:locale:alternate\" content=\"lt_LT\" \/>\n<meta property=\"og:type\" content=\"article\" \/>\n<meta property=\"og:title\" content=\"Dukt\u0117 yra dukt\u0117 (ya d\u0117mel\u0117)\" \/>\n<meta property=\"og:description\" content=\"\u2013 Tu nekenti man\u0119s, kad sugriovau tau gyvenim\u0105, mama, \u2013 tar\u0117 ji. \u2013 O a\u0161 neken\u010diu tav\u0119s, kad sugriovei man\u0105j\u012f! Agatha Christie (1890\u20131976) \u2013 detektyvo\" \/>\n<meta property=\"og:url\" content=\"https:\/\/skaitytaknyga.lt\/en\/produktas\/dukte-yra-dukte-ya-demele\/\" \/>\n<meta property=\"og:site_name\" content=\"Skaitytaknyga\" \/>\n<meta property=\"article:publisher\" content=\"https:\/\/www.facebook.com\/skaitytaknyga\/\" \/>\n<meta property=\"article:modified_time\" content=\"2026-03-05T11:45:08+00:00\" \/>\n<meta property=\"og:image\" content=\"https:\/\/skaitytaknyga.lt\/wp-content\/uploads\/2025\/08\/dukte-yra-dukte-e1756660985215.webp\" \/>\n\t<meta property=\"og:image:width\" content=\"321\" \/>\n\t<meta property=\"og:image:height\" content=\"472\" \/>\n\t<meta property=\"og:image:type\" content=\"image\/webp\" \/>\n<meta name=\"twitter:card\" content=\"summary_large_image\" \/>\n<meta name=\"twitter:label1\" content=\"Estimated reading time\" \/>\n\t<meta name=\"twitter:data1\" content=\"1 minute\" \/>\n<script type=\"application\/ld+json\" class=\"yoast-schema-graph\">{\"@context\":\"https:\/\/schema.org\",\"@graph\":[{\"@type\":\"WebPage\",\"@id\":\"https:\/\/skaitytaknyga.lt\/produktas\/dukte-yra-dukte-ya-demele\/\",\"url\":\"https:\/\/skaitytaknyga.lt\/produktas\/dukte-yra-dukte-ya-demele\/\",\"name\":\"Dukt\u0117 yra dukt\u0117 (ya d\u0117mel\u0117)\",\"isPartOf\":{\"@id\":\"https:\/\/skaitytaknyga.lt\/#website\"},\"primaryImageOfPage\":{\"@id\":\"https:\/\/skaitytaknyga.lt\/produktas\/dukte-yra-dukte-ya-demele\/#primaryimage\"},\"image\":{\"@id\":\"https:\/\/skaitytaknyga.lt\/produktas\/dukte-yra-dukte-ya-demele\/#primaryimage\"},\"thumbnailUrl\":\"https:\/\/skaitytaknyga.lt\/wp-content\/uploads\/2025\/08\/dukte-yra-dukte-e1756660985215.webp\",\"datePublished\":\"2025-08-31T17:13:18+00:00\",\"dateModified\":\"2026-03-05T11:45:08+00:00\",\"description\":\"\u2013 Tu nekenti man\u0119s, kad sugriovau tau gyvenim\u0105, mama, \u2013 tar\u0117 ji. \u2013 O a\u0161 neken\u010diu tav\u0119s, kad sugriovei man\u0105j\u012f! Agatha Christie (1890\u20131976) \u2013 detektyvo\",\"breadcrumb\":{\"@id\":\"https:\/\/skaitytaknyga.lt\/produktas\/dukte-yra-dukte-ya-demele\/#breadcrumb\"},\"inLanguage\":\"en-GB\",\"potentialAction\":[{\"@type\":\"ReadAction\",\"target\":[\"https:\/\/skaitytaknyga.lt\/produktas\/dukte-yra-dukte-ya-demele\/\"]}]},{\"@type\":\"ImageObject\",\"inLanguage\":\"en-GB\",\"@id\":\"https:\/\/skaitytaknyga.lt\/produktas\/dukte-yra-dukte-ya-demele\/#primaryimage\",\"url\":\"https:\/\/skaitytaknyga.lt\/wp-content\/uploads\/2025\/08\/dukte-yra-dukte-e1756660985215.webp\",\"contentUrl\":\"https:\/\/skaitytaknyga.lt\/wp-content\/uploads\/2025\/08\/dukte-yra-dukte-e1756660985215.webp\",\"width\":321,\"height\":472,\"caption\":\"dukt\u0117 yra dukt\u0117\"},{\"@type\":\"BreadcrumbList\",\"@id\":\"https:\/\/skaitytaknyga.lt\/produktas\/dukte-yra-dukte-ya-demele\/#breadcrumb\",\"itemListElement\":[{\"@type\":\"ListItem\",\"position\":1,\"name\":\"Home\",\"item\":\"https:\/\/skaitytaknyga.lt\/\"},{\"@type\":\"ListItem\",\"position\":2,\"name\":\"Parduotuv\u0117\",\"item\":\"https:\/\/skaitytaknyga.lt\/knygu-parduotuve\/\"},{\"@type\":\"ListItem\",\"position\":3,\"name\":\"Dukt\u0117 yra dukt\u0117 (ya d\u0117mel\u0117)\"}]},{\"@type\":\"WebSite\",\"@id\":\"https:\/\/skaitytaknyga.lt\/#website\",\"url\":\"https:\/\/skaitytaknyga.lt\/\",\"name\":\"skaitytaknyga.lt\",\"description\":\"Skaitytaknyga.lt \u2013 tai ma\u017eas \u0161eimos verslas, kuris prasid\u0117jo nuo meil\u0117s knygoms ir siekio i\u0161gelb\u0117ti knygas nuo likimo prie konteinerio. Kas vienam nereikalingas daiktas \u2013 kitam lobis, o mes esame tarpininkai, kurie padeda abiems tapti laimingesniems ???? \u017dinome kaip nelengva i\u0161gyventi ma\u017eiems verslams, tad nuo \u0161iol, \u010dia rasite ir kit\u0173, ma\u017e\u0173 \u0161eim\u0173 versl\u0173, rank\u0173 darbo, dovan\u0173 sau ir artimiesiems.\",\"publisher\":{\"@id\":\"https:\/\/skaitytaknyga.lt\/#organization\"},\"potentialAction\":[{\"@type\":\"SearchAction\",\"target\":{\"@type\":\"EntryPoint\",\"urlTemplate\":\"https:\/\/skaitytaknyga.lt\/?s={search_term_string}\"},\"query-input\":{\"@type\":\"PropertyValueSpecification\",\"valueRequired\":true,\"valueName\":\"search_term_string\"}}],\"inLanguage\":\"en-GB\"},{\"@type\":\"Organization\",\"@id\":\"https:\/\/skaitytaknyga.lt\/#organization\",\"name\":\"skaitytaknyga.lt\",\"url\":\"https:\/\/skaitytaknyga.lt\/\",\"logo\":{\"@type\":\"ImageObject\",\"inLanguage\":\"en-GB\",\"@id\":\"https:\/\/skaitytaknyga.lt\/#\/schema\/logo\/image\/\",\"url\":\"https:\/\/skaitytaknyga.lt\/wp-content\/uploads\/2024\/05\/cropped-cropped-cropped-02_00843_jt3bggkj1j3HLc7SyY6rEUpg.jpeg\",\"contentUrl\":\"https:\/\/skaitytaknyga.lt\/wp-content\/uploads\/2024\/05\/cropped-cropped-cropped-02_00843_jt3bggkj1j3HLc7SyY6rEUpg.jpeg\",\"width\":1600,\"height\":1600,\"caption\":\"skaitytaknyga.lt\"},\"image\":{\"@id\":\"https:\/\/skaitytaknyga.lt\/#\/schema\/logo\/image\/\"},\"sameAs\":[\"https:\/\/www.facebook.com\/skaitytaknyga\/\"]}]}<\/script>\n<!-- \/ Yoast SEO plugin. -->","yoast_head_json":{"title":"Dukt\u0117 yra dukt\u0117 (ya d\u0117mel\u0117)","description":"\u2013 Tu nekenti man\u0119s, kad sugriovau tau gyvenim\u0105, mama, \u2013 tar\u0117 ji. \u2013 O a\u0161 neken\u010diu tav\u0119s, kad sugriovei man\u0105j\u012f! Agatha Christie (1890\u20131976) \u2013 detektyvo","robots":{"index":"index","follow":"follow","max-snippet":"max-snippet:-1","max-image-preview":"max-image-preview:large","max-video-preview":"max-video-preview:-1"},"canonical":"https:\/\/skaitytaknyga.lt\/en\/produktas\/dukte-yra-dukte-ya-demele\/","og_locale":"en_GB","og_type":"article","og_title":"[:lt]Dukt\u0117 yra dukt\u0117 (ya d\u0117mel\u0117)[:] - Skaitytaknyga","og_description":"\u2013 Tu nekenti man\u0119s, kad sugriovau tau gyvenim\u0105, mama, \u2013 tar\u0117 ji. \u2013 O a\u0161 neken\u010diu tav\u0119s, kad sugriovei man\u0105j\u012f! Agatha Christie (1890\u20131976) \u2013 detektyvo","og_url":"https:\/\/skaitytaknyga.lt\/en\/produktas\/dukte-yra-dukte-ya-demele\/","og_site_name":"Skaitytaknyga","article_publisher":"https:\/\/www.facebook.com\/skaitytaknyga\/","article_modified_time":"2026-03-05T11:45:08+00:00","og_image":[{"width":321,"height":472,"url":"https:\/\/skaitytaknyga.lt\/wp-content\/uploads\/2025\/08\/dukte-yra-dukte-e1756660985215.webp","type":"image\/webp"}],"twitter_card":"summary_large_image","twitter_misc":{"Estimated reading time":"1 minute"},"schema":{"@context":"https:\/\/schema.org","@graph":[{"@type":"WebPage","@id":"https:\/\/skaitytaknyga.lt\/produktas\/dukte-yra-dukte-ya-demele\/","url":"https:\/\/skaitytaknyga.lt\/produktas\/dukte-yra-dukte-ya-demele\/","name":"Dukt\u0117 yra dukt\u0117 (ya d\u0117mel\u0117)","isPartOf":{"@id":"https:\/\/skaitytaknyga.lt\/#website"},"primaryImageOfPage":{"@id":"https:\/\/skaitytaknyga.lt\/produktas\/dukte-yra-dukte-ya-demele\/#primaryimage"},"image":{"@id":"https:\/\/skaitytaknyga.lt\/produktas\/dukte-yra-dukte-ya-demele\/#primaryimage"},"thumbnailUrl":"https:\/\/skaitytaknyga.lt\/wp-content\/uploads\/2025\/08\/dukte-yra-dukte-e1756660985215.webp","datePublished":"2025-08-31T17:13:18+00:00","dateModified":"2026-03-05T11:45:08+00:00","description":"\u2013 Tu nekenti man\u0119s, kad sugriovau tau gyvenim\u0105, mama, \u2013 tar\u0117 ji. \u2013 O a\u0161 neken\u010diu tav\u0119s, kad sugriovei man\u0105j\u012f! Agatha Christie (1890\u20131976) \u2013 detektyvo","breadcrumb":{"@id":"https:\/\/skaitytaknyga.lt\/produktas\/dukte-yra-dukte-ya-demele\/#breadcrumb"},"inLanguage":"en-GB","potentialAction":[{"@type":"ReadAction","target":["https:\/\/skaitytaknyga.lt\/produktas\/dukte-yra-dukte-ya-demele\/"]}]},{"@type":"ImageObject","inLanguage":"en-GB","@id":"https:\/\/skaitytaknyga.lt\/produktas\/dukte-yra-dukte-ya-demele\/#primaryimage","url":"https:\/\/skaitytaknyga.lt\/wp-content\/uploads\/2025\/08\/dukte-yra-dukte-e1756660985215.webp","contentUrl":"https:\/\/skaitytaknyga.lt\/wp-content\/uploads\/2025\/08\/dukte-yra-dukte-e1756660985215.webp","width":321,"height":472,"caption":"dukt\u0117 yra dukt\u0117"},{"@type":"BreadcrumbList","@id":"https:\/\/skaitytaknyga.lt\/produktas\/dukte-yra-dukte-ya-demele\/#breadcrumb","itemListElement":[{"@type":"ListItem","position":1,"name":"Home","item":"https:\/\/skaitytaknyga.lt\/"},{"@type":"ListItem","position":2,"name":"Parduotuv\u0117","item":"https:\/\/skaitytaknyga.lt\/knygu-parduotuve\/"},{"@type":"ListItem","position":3,"name":"Dukt\u0117 yra dukt\u0117 (ya d\u0117mel\u0117)"}]},{"@type":"WebSite","@id":"https:\/\/skaitytaknyga.lt\/#website","url":"https:\/\/skaitytaknyga.lt\/","name":"skaitytaknyga.lt","description":"Skaitytaknyga.lt \u2013 tai ma\u017eas \u0161eimos verslas, kuris prasid\u0117jo nuo meil\u0117s knygoms ir siekio i\u0161gelb\u0117ti knygas nuo likimo prie konteinerio. Kas vienam nereikalingas daiktas \u2013 kitam lobis, o mes esame tarpininkai, kurie padeda abiems tapti laimingesniems ???? \u017dinome kaip nelengva i\u0161gyventi ma\u017eiems verslams, tad nuo \u0161iol, \u010dia rasite ir kit\u0173, ma\u017e\u0173 \u0161eim\u0173 versl\u0173, rank\u0173 darbo, dovan\u0173 sau ir artimiesiems.","publisher":{"@id":"https:\/\/skaitytaknyga.lt\/#organization"},"potentialAction":[{"@type":"SearchAction","target":{"@type":"EntryPoint","urlTemplate":"https:\/\/skaitytaknyga.lt\/?s={search_term_string}"},"query-input":{"@type":"PropertyValueSpecification","valueRequired":true,"valueName":"search_term_string"}}],"inLanguage":"en-GB"},{"@type":"Organization","@id":"https:\/\/skaitytaknyga.lt\/#organization","name":"skaitytaknyga.lt","url":"https:\/\/skaitytaknyga.lt\/","logo":{"@type":"ImageObject","inLanguage":"en-GB","@id":"https:\/\/skaitytaknyga.lt\/#\/schema\/logo\/image\/","url":"https:\/\/skaitytaknyga.lt\/wp-content\/uploads\/2024\/05\/cropped-cropped-cropped-02_00843_jt3bggkj1j3HLc7SyY6rEUpg.jpeg","contentUrl":"https:\/\/skaitytaknyga.lt\/wp-content\/uploads\/2024\/05\/cropped-cropped-cropped-02_00843_jt3bggkj1j3HLc7SyY6rEUpg.jpeg","width":1600,"height":1600,"caption":"skaitytaknyga.lt"},"image":{"@id":"https:\/\/skaitytaknyga.lt\/#\/schema\/logo\/image\/"},"sameAs":["https:\/\/www.facebook.com\/skaitytaknyga\/"]}]}},"_links":{"self":[{"href":"https:\/\/skaitytaknyga.lt\/en\/wp-json\/wp\/v2\/product\/20601","targetHints":{"allow":["GET"]}}],"collection":[{"href":"https:\/\/skaitytaknyga.lt\/en\/wp-json\/wp\/v2\/product"}],"about":[{"href":"https:\/\/skaitytaknyga.lt\/en\/wp-json\/wp\/v2\/types\/product"}],"replies":[{"embeddable":true,"href":"https:\/\/skaitytaknyga.lt\/en\/wp-json\/wp\/v2\/comments?post=20601"}],"wp:featuredmedia":[{"embeddable":true,"href":"https:\/\/skaitytaknyga.lt\/en\/wp-json\/wp\/v2\/media\/20607"}],"wp:attachment":[{"href":"https:\/\/skaitytaknyga.lt\/en\/wp-json\/wp\/v2\/media?parent=20601"}],"wp:term":[{"taxonomy":"product_brand","embeddable":true,"href":"https:\/\/skaitytaknyga.lt\/en\/wp-json\/wp\/v2\/product_brand?post=20601"},{"taxonomy":"product_cat","embeddable":true,"href":"https:\/\/skaitytaknyga.lt\/en\/wp-json\/wp\/v2\/product_cat?post=20601"},{"taxonomy":"product_tag","embeddable":true,"href":"https:\/\/skaitytaknyga.lt\/en\/wp-json\/wp\/v2\/product_tag?post=20601"}],"curies":[{"name":"wp","href":"https:\/\/api.w.org\/{rel}","templated":true}]}}