{"id":20600,"date":"2025-08-31T20:13:18","date_gmt":"2025-08-31T17:13:18","guid":{"rendered":"https:\/\/skaitytaknyga.lt\/?post_type=product&#038;p=20600"},"modified":"2025-09-27T18:57:36","modified_gmt":"2025-09-27T15:57:36","slug":"darnus-gyvenimas","status":"publish","type":"product","link":"https:\/\/skaitytaknyga.lt\/en\/produktas\/darnus-gyvenimas\/","title":{"rendered":"Darnus gyvenimas"},"content":{"rendered":"<p>Knygos \u201eDarnus gyvenimas\u201c autor\u0117 Anna yra tipi\u0161ka Mergel\u0117 \u2013 dievina tvark\u0105 ir organizuotum\u0105. Perskai\u010diusi daugyb\u0119 knyg\u0173 \u0161ia tema, ji suprato kai k\u0105 i\u0161ties svarbaus: n\u0117ra vieno recepto, kuris nubr\u0117\u017et\u0173 tikslias gaires, kaip susikurti tvarking\u0105, streso nekelian\u010di\u0105 kasdienyb\u0119; n\u0117ra ir vieno visiems vienodai tinkamo atsakymo. Juk harmoningas ir tvarkingas gyvenimas \u2013 tai ne tik tvarka stal\u010diuose ar dabar madingas minimalizmas&#8230;<\/p>\n<p>Darnos gyvenime paie\u0161kas autor\u0117 supranta kaip nenutr\u016bkstam\u0105 proces\u0105: \u012fvald\u017eius pagrindinius \u017eingsnius i\u0161mokstama sustyguoti skirtingas gyvenimo sritis, savo energij\u0105 naudoti taupiai bei tikslingai, daugiau laiko skirti tam, kas i\u0161ties d\u017eiugina. Darnus gyvenimas \u2013 tai praktin\u0117, ai\u0161kios strukt\u016bros knyga, kurioje Anna Newton pristato vis\u0105 eil\u0119 b\u016bd\u0173 naujiems \u012fpro\u010diams kurti, o skaitytojai gali atsirinkti sau aktualiausias temas: nuo Marie Kondo \u012fkv\u0117pt\u0173 patarim\u0173, kaip \u012fvesti tvark\u0105 namuose ir atsikratyti sukaupto daikt\u0173 balasto, iki biud\u017eeto ir dienotvark\u0117s planavimo, sumani\u0173 pirkini\u0173 ir kokybi\u0161ko garderobo; nuo d\u0117mesio sau ir r\u016bpinimosi fizine bei psichine sveikata ritual\u0173 iki subalansuoto socialinio gyvenimo, efektyviai ir prasmingai i\u0161naudojamo laiko darbui bei poilsiui.<\/p>\n","protected":false},"excerpt":{"rendered":"<p>Knygos \u201eDarnus gyvenimas\u201c autor\u0117 Anna yra tipi\u0161ka Mergel\u0117 \u2013 dievina tvark\u0105 ir organizuotum\u0105. Perskai\u010diusi daugyb\u0119 knyg\u0173 \u0161ia tema, ji suprato kai k\u0105 i\u0161ties svarbaus: n\u0117ra vieno recepto, kuris nubr\u0117\u017et\u0173 tikslias gaires, kaip susikurti tvarking\u0105, streso nekelian\u010di\u0105 kasdienyb\u0119; n\u0117ra ir vieno visiems vienodai tinkamo atsakymo. Juk harmoningas ir tvarkingas gyvenimas \u2013 tai ne tik tvarka stal\u010diuose ar dabar madingas minimalizmas&#8230; Darnos gyvenime paie\u0161kas autor\u0117 supranta kaip nenutr\u016bkstam\u0105 proces\u0105: \u012fvald\u017eius pagrindinius \u017eingsnius i\u0161mokstama sustyguoti skirtingas gyvenimo sritis, savo energij\u0105 naudoti taupiai bei tikslingai, daugiau laiko skirti tam, kas i\u0161ties d\u017eiugina. Darnus gyvenimas \u2013 tai praktin\u0117, ai\u0161kios strukt\u016bros knyga, kurioje Anna Newton pristato vis\u0105 eil\u0119 b\u016bd\u0173 naujiems \u012fpro\u010diams kurti, o skaitytojai gali atsirinkti sau aktualiausias temas: nuo Marie Kondo \u012fkv\u0117pt\u0173 patarim\u0173, kaip \u012fvesti tvark\u0105 namuose ir atsikratyti sukaupto daikt\u0173 balasto, iki biud\u017eeto ir dienotvark\u0117s planavimo, sumani\u0173 pirkini\u0173 ir kokybi\u0161ko garderobo; nuo d\u0117mesio sau ir r\u016bpinimosi fizine bei psichine sveikata ritual\u0173 iki subalansuoto socialinio gyvenimo, efektyviai ir prasmingai i\u0161naudojamo laiko darbui bei poilsiui.<\/p>\n","protected":false},"featured_media":20606,"comment_status":"open","ping_status":"closed","template":"","meta":{"_acf_changed":false,"site-sidebar-layout":"default","site-content-layout":"","ast-site-content-layout":"default","site-content-style":"default","site-sidebar-style":"default","ast-global-header-display":"","ast-banner-title-visibility":"","ast-main-header-display":"","ast-hfb-above-header-display":"","ast-hfb-below-header-display":"","ast-hfb-mobile-header-display":"","site-post-title":"","ast-breadcrumbs-content":"","ast-featured-img":"","footer-sml-layout":"","ast-disable-related-posts":"","theme-transparent-header-meta":"","adv-header-id-meta":"","stick-header-meta":"","header-above-stick-meta":"","header-main-stick-meta":"","header-below-stick-meta":"","astra-migrate-meta-layouts":"default","ast-page-background-enabled":"default","ast-page-background-meta":{"desktop":{"background-color":"","background-image":"","background-repeat":"repeat","background-position":"center center","background-size":"auto","background-attachment":"scroll","background-type":"","background-media":"","overlay-type":"","overlay-color":"","overlay-opacity":"","overlay-gradient":""},"tablet":{"background-color":"","background-image":"","background-repeat":"repeat","background-position":"center center","background-size":"auto","background-attachment":"scroll","background-type":"","background-media":"","overlay-type":"","overlay-color":"","overlay-opacity":"","overlay-gradient":""},"mobile":{"background-color":"","background-image":"","background-repeat":"repeat","background-position":"center center","background-size":"auto","background-attachment":"scroll","background-type":"","background-media":"","overlay-type":"","overlay-color":"","overlay-opacity":"","overlay-gradient":""}},"ast-content-background-meta":{"desktop":{"background-color":"var(--ast-global-color-4)","background-image":"","background-repeat":"repeat","background-position":"center center","background-size":"auto","background-attachment":"scroll","background-type":"","background-media":"","overlay-type":"","overlay-color":"","overlay-opacity":"","overlay-gradient":""},"tablet":{"background-color":"var(--ast-global-color-4)","background-image":"","background-repeat":"repeat","background-position":"center center","background-size":"auto","background-attachment":"scroll","background-type":"","background-media":"","overlay-type":"","overlay-color":"","overlay-opacity":"","overlay-gradient":""},"mobile":{"background-color":"var(--ast-global-color-4)","background-image":"","background-repeat":"repeat","background-position":"center center","background-size":"auto","background-attachment":"scroll","background-type":"","background-media":"","overlay-type":"","overlay-color":"","overlay-opacity":"","overlay-gradient":""}}},"product_brand":[],"product_cat":[30],"product_tag":[7679,7680,7682,1396,7681],"class_list":{"0":"post-20600","1":"product","2":"type-product","3":"status-publish","4":"has-post-thumbnail","6":"product_cat-psichologija-ir-saviugda","7":"product_tag-anna-newton","8":"product_tag-kasdienis-gyvenimas","9":"product_tag-laiko-planavimas","10":"product_tag-saviugda","11":"product_tag-tvarka","12":"desktop-align-left","13":"tablet-align-left","14":"mobile-align-left","16":"first","17":"instock","18":"shipping-taxable","19":"purchasable","20":"product-type-simple"},"acf":[],"yoast_head":"<!-- This site is optimized with the Yoast SEO plugin v27.0 - https:\/\/yoast.com\/product\/yoast-seo-wordpress\/ -->\n<title>Darnus gyvenimas<\/title>\n<meta name=\"description\" content=\"Knygos \u201eDarnus gyvenimas\u201c autor\u0117 Anna yra tipi\u0161ka Mergel\u0117 \u2013 dievina tvark\u0105 ir organizuotum\u0105. Perskai\u010diusi daugyb\u0119 knyg\u0173 \u0161ia tema, ji suprato kai k\u0105 i\u0161ties\" \/>\n<meta name=\"robots\" content=\"index, follow, max-snippet:-1, max-image-preview:large, max-video-preview:-1\" \/>\n<link rel=\"canonical\" href=\"https:\/\/skaitytaknyga.lt\/en\/produktas\/darnus-gyvenimas\/\" \/>\n<meta property=\"og:locale\" content=\"en_GB\" \/>\n<meta property=\"og:locale:alternate\" content=\"lt_LT\" \/>\n<meta property=\"og:type\" content=\"article\" \/>\n<meta property=\"og:title\" content=\"Darnus gyvenimas\" \/>\n<meta property=\"og:description\" content=\"Knygos \u201eDarnus gyvenimas\u201c autor\u0117 Anna yra tipi\u0161ka Mergel\u0117 \u2013 dievina tvark\u0105 ir organizuotum\u0105. Perskai\u010diusi daugyb\u0119 knyg\u0173 \u0161ia tema, ji suprato kai k\u0105 i\u0161ties\" \/>\n<meta property=\"og:url\" content=\"https:\/\/skaitytaknyga.lt\/en\/produktas\/darnus-gyvenimas\/\" \/>\n<meta property=\"og:site_name\" content=\"Skaitytaknyga\" \/>\n<meta property=\"article:publisher\" content=\"https:\/\/www.facebook.com\/skaitytaknyga\/\" \/>\n<meta property=\"article:modified_time\" content=\"2025-09-27T15:57:36+00:00\" \/>\n<meta property=\"og:image\" content=\"https:\/\/skaitytaknyga.lt\/wp-content\/uploads\/2025\/08\/Darnus-gyvenimas.webp\" \/>\n\t<meta property=\"og:image:width\" content=\"536\" \/>\n\t<meta property=\"og:image:height\" content=\"801\" \/>\n\t<meta property=\"og:image:type\" content=\"image\/webp\" \/>\n<meta name=\"twitter:card\" content=\"summary_large_image\" \/>\n<meta name=\"twitter:label1\" content=\"Estimated reading time\" \/>\n\t<meta name=\"twitter:data1\" content=\"1 minute\" \/>\n<script type=\"application\/ld+json\" class=\"yoast-schema-graph\">{\"@context\":\"https:\/\/schema.org\",\"@graph\":[{\"@type\":\"WebPage\",\"@id\":\"https:\/\/skaitytaknyga.lt\/produktas\/darnus-gyvenimas\/\",\"url\":\"https:\/\/skaitytaknyga.lt\/produktas\/darnus-gyvenimas\/\",\"name\":\"Darnus gyvenimas\",\"isPartOf\":{\"@id\":\"https:\/\/skaitytaknyga.lt\/#website\"},\"primaryImageOfPage\":{\"@id\":\"https:\/\/skaitytaknyga.lt\/produktas\/darnus-gyvenimas\/#primaryimage\"},\"image\":{\"@id\":\"https:\/\/skaitytaknyga.lt\/produktas\/darnus-gyvenimas\/#primaryimage\"},\"thumbnailUrl\":\"https:\/\/skaitytaknyga.lt\/wp-content\/uploads\/2025\/08\/Darnus-gyvenimas.webp\",\"datePublished\":\"2025-08-31T17:13:18+00:00\",\"dateModified\":\"2025-09-27T15:57:36+00:00\",\"description\":\"Knygos \u201eDarnus gyvenimas\u201c autor\u0117 Anna yra tipi\u0161ka Mergel\u0117 \u2013 dievina tvark\u0105 ir organizuotum\u0105. Perskai\u010diusi daugyb\u0119 knyg\u0173 \u0161ia tema, ji suprato kai k\u0105 i\u0161ties\",\"breadcrumb\":{\"@id\":\"https:\/\/skaitytaknyga.lt\/produktas\/darnus-gyvenimas\/#breadcrumb\"},\"inLanguage\":\"en-GB\",\"potentialAction\":[{\"@type\":\"ReadAction\",\"target\":[\"https:\/\/skaitytaknyga.lt\/produktas\/darnus-gyvenimas\/\"]}]},{\"@type\":\"ImageObject\",\"inLanguage\":\"en-GB\",\"@id\":\"https:\/\/skaitytaknyga.lt\/produktas\/darnus-gyvenimas\/#primaryimage\",\"url\":\"https:\/\/skaitytaknyga.lt\/wp-content\/uploads\/2025\/08\/Darnus-gyvenimas.webp\",\"contentUrl\":\"https:\/\/skaitytaknyga.lt\/wp-content\/uploads\/2025\/08\/Darnus-gyvenimas.webp\",\"width\":536,\"height\":801},{\"@type\":\"BreadcrumbList\",\"@id\":\"https:\/\/skaitytaknyga.lt\/produktas\/darnus-gyvenimas\/#breadcrumb\",\"itemListElement\":[{\"@type\":\"ListItem\",\"position\":1,\"name\":\"Home\",\"item\":\"https:\/\/skaitytaknyga.lt\/\"},{\"@type\":\"ListItem\",\"position\":2,\"name\":\"Parduotuv\u0117\",\"item\":\"https:\/\/skaitytaknyga.lt\/knygu-parduotuve\/\"},{\"@type\":\"ListItem\",\"position\":3,\"name\":\"Darnus gyvenimas\"}]},{\"@type\":\"WebSite\",\"@id\":\"https:\/\/skaitytaknyga.lt\/#website\",\"url\":\"https:\/\/skaitytaknyga.lt\/\",\"name\":\"skaitytaknyga.lt\",\"description\":\"Skaitytaknyga.lt \u2013 tai ma\u017eas \u0161eimos verslas, kuris prasid\u0117jo nuo meil\u0117s knygoms ir siekio i\u0161gelb\u0117ti knygas nuo likimo prie konteinerio. Kas vienam nereikalingas daiktas \u2013 kitam lobis, o mes esame tarpininkai, kurie padeda abiems tapti laimingesniems ???? \u017dinome kaip nelengva i\u0161gyventi ma\u017eiems verslams, tad nuo \u0161iol, \u010dia rasite ir kit\u0173, ma\u017e\u0173 \u0161eim\u0173 versl\u0173, rank\u0173 darbo, dovan\u0173 sau ir artimiesiems.\",\"publisher\":{\"@id\":\"https:\/\/skaitytaknyga.lt\/#organization\"},\"potentialAction\":[{\"@type\":\"SearchAction\",\"target\":{\"@type\":\"EntryPoint\",\"urlTemplate\":\"https:\/\/skaitytaknyga.lt\/?s={search_term_string}\"},\"query-input\":{\"@type\":\"PropertyValueSpecification\",\"valueRequired\":true,\"valueName\":\"search_term_string\"}}],\"inLanguage\":\"en-GB\"},{\"@type\":\"Organization\",\"@id\":\"https:\/\/skaitytaknyga.lt\/#organization\",\"name\":\"skaitytaknyga.lt\",\"url\":\"https:\/\/skaitytaknyga.lt\/\",\"logo\":{\"@type\":\"ImageObject\",\"inLanguage\":\"en-GB\",\"@id\":\"https:\/\/skaitytaknyga.lt\/#\/schema\/logo\/image\/\",\"url\":\"https:\/\/skaitytaknyga.lt\/wp-content\/uploads\/2024\/05\/cropped-cropped-cropped-02_00843_jt3bggkj1j3HLc7SyY6rEUpg.jpeg\",\"contentUrl\":\"https:\/\/skaitytaknyga.lt\/wp-content\/uploads\/2024\/05\/cropped-cropped-cropped-02_00843_jt3bggkj1j3HLc7SyY6rEUpg.jpeg\",\"width\":1600,\"height\":1600,\"caption\":\"skaitytaknyga.lt\"},\"image\":{\"@id\":\"https:\/\/skaitytaknyga.lt\/#\/schema\/logo\/image\/\"},\"sameAs\":[\"https:\/\/www.facebook.com\/skaitytaknyga\/\"]}]}<\/script>\n<!-- \/ Yoast SEO plugin. -->","yoast_head_json":{"title":"Darnus gyvenimas","description":"Knygos \u201eDarnus gyvenimas\u201c autor\u0117 Anna yra tipi\u0161ka Mergel\u0117 \u2013 dievina tvark\u0105 ir organizuotum\u0105. Perskai\u010diusi daugyb\u0119 knyg\u0173 \u0161ia tema, ji suprato kai k\u0105 i\u0161ties","robots":{"index":"index","follow":"follow","max-snippet":"max-snippet:-1","max-image-preview":"max-image-preview:large","max-video-preview":"max-video-preview:-1"},"canonical":"https:\/\/skaitytaknyga.lt\/en\/produktas\/darnus-gyvenimas\/","og_locale":"en_GB","og_type":"article","og_title":"[:lt]Darnus gyvenimas[:] - Skaitytaknyga","og_description":"Knygos \u201eDarnus gyvenimas\u201c autor\u0117 Anna yra tipi\u0161ka Mergel\u0117 \u2013 dievina tvark\u0105 ir organizuotum\u0105. Perskai\u010diusi daugyb\u0119 knyg\u0173 \u0161ia tema, ji suprato kai k\u0105 i\u0161ties","og_url":"https:\/\/skaitytaknyga.lt\/en\/produktas\/darnus-gyvenimas\/","og_site_name":"Skaitytaknyga","article_publisher":"https:\/\/www.facebook.com\/skaitytaknyga\/","article_modified_time":"2025-09-27T15:57:36+00:00","og_image":[{"width":536,"height":801,"url":"https:\/\/skaitytaknyga.lt\/wp-content\/uploads\/2025\/08\/Darnus-gyvenimas.webp","type":"image\/webp"}],"twitter_card":"summary_large_image","twitter_misc":{"Estimated reading time":"1 minute"},"schema":{"@context":"https:\/\/schema.org","@graph":[{"@type":"WebPage","@id":"https:\/\/skaitytaknyga.lt\/produktas\/darnus-gyvenimas\/","url":"https:\/\/skaitytaknyga.lt\/produktas\/darnus-gyvenimas\/","name":"Darnus gyvenimas","isPartOf":{"@id":"https:\/\/skaitytaknyga.lt\/#website"},"primaryImageOfPage":{"@id":"https:\/\/skaitytaknyga.lt\/produktas\/darnus-gyvenimas\/#primaryimage"},"image":{"@id":"https:\/\/skaitytaknyga.lt\/produktas\/darnus-gyvenimas\/#primaryimage"},"thumbnailUrl":"https:\/\/skaitytaknyga.lt\/wp-content\/uploads\/2025\/08\/Darnus-gyvenimas.webp","datePublished":"2025-08-31T17:13:18+00:00","dateModified":"2025-09-27T15:57:36+00:00","description":"Knygos \u201eDarnus gyvenimas\u201c autor\u0117 Anna yra tipi\u0161ka Mergel\u0117 \u2013 dievina tvark\u0105 ir organizuotum\u0105. Perskai\u010diusi daugyb\u0119 knyg\u0173 \u0161ia tema, ji suprato kai k\u0105 i\u0161ties","breadcrumb":{"@id":"https:\/\/skaitytaknyga.lt\/produktas\/darnus-gyvenimas\/#breadcrumb"},"inLanguage":"en-GB","potentialAction":[{"@type":"ReadAction","target":["https:\/\/skaitytaknyga.lt\/produktas\/darnus-gyvenimas\/"]}]},{"@type":"ImageObject","inLanguage":"en-GB","@id":"https:\/\/skaitytaknyga.lt\/produktas\/darnus-gyvenimas\/#primaryimage","url":"https:\/\/skaitytaknyga.lt\/wp-content\/uploads\/2025\/08\/Darnus-gyvenimas.webp","contentUrl":"https:\/\/skaitytaknyga.lt\/wp-content\/uploads\/2025\/08\/Darnus-gyvenimas.webp","width":536,"height":801},{"@type":"BreadcrumbList","@id":"https:\/\/skaitytaknyga.lt\/produktas\/darnus-gyvenimas\/#breadcrumb","itemListElement":[{"@type":"ListItem","position":1,"name":"Home","item":"https:\/\/skaitytaknyga.lt\/"},{"@type":"ListItem","position":2,"name":"Parduotuv\u0117","item":"https:\/\/skaitytaknyga.lt\/knygu-parduotuve\/"},{"@type":"ListItem","position":3,"name":"Darnus gyvenimas"}]},{"@type":"WebSite","@id":"https:\/\/skaitytaknyga.lt\/#website","url":"https:\/\/skaitytaknyga.lt\/","name":"skaitytaknyga.lt","description":"Skaitytaknyga.lt \u2013 tai ma\u017eas \u0161eimos verslas, kuris prasid\u0117jo nuo meil\u0117s knygoms ir siekio i\u0161gelb\u0117ti knygas nuo likimo prie konteinerio. Kas vienam nereikalingas daiktas \u2013 kitam lobis, o mes esame tarpininkai, kurie padeda abiems tapti laimingesniems ???? \u017dinome kaip nelengva i\u0161gyventi ma\u017eiems verslams, tad nuo \u0161iol, \u010dia rasite ir kit\u0173, ma\u017e\u0173 \u0161eim\u0173 versl\u0173, rank\u0173 darbo, dovan\u0173 sau ir artimiesiems.","publisher":{"@id":"https:\/\/skaitytaknyga.lt\/#organization"},"potentialAction":[{"@type":"SearchAction","target":{"@type":"EntryPoint","urlTemplate":"https:\/\/skaitytaknyga.lt\/?s={search_term_string}"},"query-input":{"@type":"PropertyValueSpecification","valueRequired":true,"valueName":"search_term_string"}}],"inLanguage":"en-GB"},{"@type":"Organization","@id":"https:\/\/skaitytaknyga.lt\/#organization","name":"skaitytaknyga.lt","url":"https:\/\/skaitytaknyga.lt\/","logo":{"@type":"ImageObject","inLanguage":"en-GB","@id":"https:\/\/skaitytaknyga.lt\/#\/schema\/logo\/image\/","url":"https:\/\/skaitytaknyga.lt\/wp-content\/uploads\/2024\/05\/cropped-cropped-cropped-02_00843_jt3bggkj1j3HLc7SyY6rEUpg.jpeg","contentUrl":"https:\/\/skaitytaknyga.lt\/wp-content\/uploads\/2024\/05\/cropped-cropped-cropped-02_00843_jt3bggkj1j3HLc7SyY6rEUpg.jpeg","width":1600,"height":1600,"caption":"skaitytaknyga.lt"},"image":{"@id":"https:\/\/skaitytaknyga.lt\/#\/schema\/logo\/image\/"},"sameAs":["https:\/\/www.facebook.com\/skaitytaknyga\/"]}]}},"_links":{"self":[{"href":"https:\/\/skaitytaknyga.lt\/en\/wp-json\/wp\/v2\/product\/20600","targetHints":{"allow":["GET"]}}],"collection":[{"href":"https:\/\/skaitytaknyga.lt\/en\/wp-json\/wp\/v2\/product"}],"about":[{"href":"https:\/\/skaitytaknyga.lt\/en\/wp-json\/wp\/v2\/types\/product"}],"replies":[{"embeddable":true,"href":"https:\/\/skaitytaknyga.lt\/en\/wp-json\/wp\/v2\/comments?post=20600"}],"wp:featuredmedia":[{"embeddable":true,"href":"https:\/\/skaitytaknyga.lt\/en\/wp-json\/wp\/v2\/media\/20606"}],"wp:attachment":[{"href":"https:\/\/skaitytaknyga.lt\/en\/wp-json\/wp\/v2\/media?parent=20600"}],"wp:term":[{"taxonomy":"product_brand","embeddable":true,"href":"https:\/\/skaitytaknyga.lt\/en\/wp-json\/wp\/v2\/product_brand?post=20600"},{"taxonomy":"product_cat","embeddable":true,"href":"https:\/\/skaitytaknyga.lt\/en\/wp-json\/wp\/v2\/product_cat?post=20600"},{"taxonomy":"product_tag","embeddable":true,"href":"https:\/\/skaitytaknyga.lt\/en\/wp-json\/wp\/v2\/product_tag?post=20600"}],"curies":[{"name":"wp","href":"https:\/\/api.w.org\/{rel}","templated":true}]}}