{"id":20599,"date":"2025-08-31T20:13:18","date_gmt":"2025-08-31T17:13:18","guid":{"rendered":"https:\/\/skaitytaknyga.lt\/?post_type=product&#038;p=20599"},"modified":"2025-09-06T11:43:04","modified_gmt":"2025-09-06T08:43:04","slug":"komunikacijos-pagrindai-filosofijoje-i-dalis-antika-viduramziai-renesansas","status":"publish","type":"product","link":"https:\/\/skaitytaknyga.lt\/en\/produktas\/komunikacijos-pagrindai-filosofijoje-i-dalis-antika-viduramziai-renesansas\/","title":{"rendered":"Komunikacijos pagrindai filosofijoje, I dalis. Antika, Viduram\u017eiai, Renesansas"},"content":{"rendered":"<p>Vadov\u0117lyje \u201eKomunikacijos pagrindai filosofijoje, I dalis. Antika, Viduram\u017eiai, Renesansas\u201c pristatomos ir analizuojamos komunikacijos bei filosofijos moksl\u0173 s\u0105sajos istorinio chronologinio m\u0105stymo perspektyvoje. Vadov\u0117lyje keliaujant per istorines epochas, siekiama garsi\u0173 filosof\u0173 akimis pa\u017evelgti \u012f komunikacij\u0105 ir \u012ftvirtinti nuostat\u0105, kad pagrindin\u0117s komunikacijos s\u0105vokos ir terminai yra kil\u0119 i\u0161 komunikacijos ir filosofijos santykio, apm\u0105stant bendravimo, dialogo, diskusijos, oratoryst\u0117s, retorikos ir kit\u0173 komunikacijos form\u0173 bei b\u016bd\u0173 svarb\u0105, ry\u0161\u012f tarp etikos, kalbos, minties prasm\u0117s ir pa\u017einimo.<\/p>\n<p>Vadov\u0117lyje pl\u0117tojamos temos pateikiamos komunikacijos kontekste skaitytojus supa\u017eindinant su ontologiniais (b\u016bties), epistemologiniais (pa\u017einimo), aksiologiniais (vertybi\u0173), etiniais (moral\u0117s \/ dorov\u0117s), lingvistiniais (kalbos), socialiniais ir kult\u016briniais aspektais. \u0160ie aspektai pasirinkti neatsitiktinai \u2013 j\u0173 visuma formuoja bendruosius komunikacijos principus, gl\u016bdin\u010dius filosofijoje ir apiman\u010dius individo, \u0161eimos, bendruomen\u0117s bei visuomen\u0117s lygmenis.<\/p>\n<p>Vadov\u0117lio teorin\u0119 ir metodologin\u0119 med\u017eiag\u0105 papildo kruop\u0161\u010diai atrinkt\u0173 originali\u0173 filosofijos veikal\u0173 i\u0161traukos, skaitytojams sudaran\u010dios galimyb\u0119 reflektuoti \u0161iuos tekstus para\u0161iusi\u0173 m\u0105stytoj\u0173 id\u0117jas komunikacijos aspektu. \u0160i vadov\u0117lio dalis yra pirmoji, skirta trims istorin\u0117ms epochoms: Antikai, Viduram\u017eiams ir Renesansui.<\/p>\n","protected":false},"excerpt":{"rendered":"<p>Vadov\u0117lyje \u201eKomunikacijos pagrindai filosofijoje, I dalis. Antika, Viduram\u017eiai, Renesansas\u201c pristatomos ir analizuojamos komunikacijos bei filosofijos moksl\u0173 s\u0105sajos istorinio chronologinio m\u0105stymo perspektyvoje. Vadov\u0117lyje keliaujant per istorines epochas, siekiama garsi\u0173 filosof\u0173 akimis pa\u017evelgti \u012f komunikacij\u0105 ir \u012ftvirtinti nuostat\u0105, kad pagrindin\u0117s komunikacijos s\u0105vokos ir terminai yra kil\u0119 i\u0161 komunikacijos ir filosofijos santykio, apm\u0105stant bendravimo, dialogo, diskusijos, oratoryst\u0117s, retorikos ir kit\u0173 komunikacijos form\u0173 bei b\u016bd\u0173 svarb\u0105, ry\u0161\u012f tarp etikos, kalbos, minties prasm\u0117s ir pa\u017einimo. Vadov\u0117lyje pl\u0117tojamos temos pateikiamos komunikacijos kontekste skaitytojus supa\u017eindinant su ontologiniais (b\u016bties), epistemologiniais (pa\u017einimo), aksiologiniais (vertybi\u0173), etiniais (moral\u0117s \/ dorov\u0117s), lingvistiniais (kalbos), socialiniais ir kult\u016briniais aspektais. \u0160ie aspektai pasirinkti neatsitiktinai \u2013 j\u0173 visuma formuoja bendruosius komunikacijos principus, gl\u016bdin\u010dius filosofijoje ir apiman\u010dius individo, \u0161eimos, bendruomen\u0117s bei visuomen\u0117s lygmenis. Vadov\u0117lio teorin\u0119 ir metodologin\u0119 med\u017eiag\u0105 papildo kruop\u0161\u010diai atrinkt\u0173 originali\u0173 filosofijos veikal\u0173 i\u0161traukos, skaitytojams sudaran\u010dios galimyb\u0119 reflektuoti \u0161iuos tekstus para\u0161iusi\u0173 m\u0105stytoj\u0173 id\u0117jas komunikacijos aspektu. \u0160i vadov\u0117lio dalis yra pirmoji, skirta trims istorin\u0117ms epochoms: Antikai, Viduram\u017eiams ir Renesansui.<\/p>\n","protected":false},"featured_media":20605,"comment_status":"open","ping_status":"closed","template":"","meta":{"_acf_changed":false,"site-sidebar-layout":"default","site-content-layout":"","ast-site-content-layout":"default","site-content-style":"default","site-sidebar-style":"default","ast-global-header-display":"","ast-banner-title-visibility":"","ast-main-header-display":"","ast-hfb-above-header-display":"","ast-hfb-below-header-display":"","ast-hfb-mobile-header-display":"","site-post-title":"","ast-breadcrumbs-content":"","ast-featured-img":"","footer-sml-layout":"","ast-disable-related-posts":"","theme-transparent-header-meta":"","adv-header-id-meta":"","stick-header-meta":"","header-above-stick-meta":"","header-main-stick-meta":"","header-below-stick-meta":"","astra-migrate-meta-layouts":"default","ast-page-background-enabled":"default","ast-page-background-meta":{"desktop":{"background-color":"","background-image":"","background-repeat":"repeat","background-position":"center center","background-size":"auto","background-attachment":"scroll","background-type":"","background-media":"","overlay-type":"","overlay-color":"","overlay-opacity":"","overlay-gradient":""},"tablet":{"background-color":"","background-image":"","background-repeat":"repeat","background-position":"center center","background-size":"auto","background-attachment":"scroll","background-type":"","background-media":"","overlay-type":"","overlay-color":"","overlay-opacity":"","overlay-gradient":""},"mobile":{"background-color":"","background-image":"","background-repeat":"repeat","background-position":"center center","background-size":"auto","background-attachment":"scroll","background-type":"","background-media":"","overlay-type":"","overlay-color":"","overlay-opacity":"","overlay-gradient":""}},"ast-content-background-meta":{"desktop":{"background-color":"var(--ast-global-color-4)","background-image":"","background-repeat":"repeat","background-position":"center center","background-size":"auto","background-attachment":"scroll","background-type":"","background-media":"","overlay-type":"","overlay-color":"","overlay-opacity":"","overlay-gradient":""},"tablet":{"background-color":"var(--ast-global-color-4)","background-image":"","background-repeat":"repeat","background-position":"center center","background-size":"auto","background-attachment":"scroll","background-type":"","background-media":"","overlay-type":"","overlay-color":"","overlay-opacity":"","overlay-gradient":""},"mobile":{"background-color":"var(--ast-global-color-4)","background-image":"","background-repeat":"repeat","background-position":"center center","background-size":"auto","background-attachment":"scroll","background-type":"","background-media":"","overlay-type":"","overlay-color":"","overlay-opacity":"","overlay-gradient":""}}},"product_brand":[],"product_cat":[15],"product_tag":[3342,1467,2224,7676,1561,7677,7678],"class_list":{"0":"post-20599","1":"product","2":"type-product","3":"status-publish","4":"has-post-thumbnail","6":"product_cat-uncategorized","7":"product_tag-edukacija","8":"product_tag-filosofija","9":"product_tag-istorija","10":"product_tag-jovile-bareviciute","11":"product_tag-komunikacija","12":"product_tag-vaida-asakaviciute","13":"product_tag-zenona-ona-atkociuniene","14":"desktop-align-left","15":"tablet-align-left","16":"mobile-align-left","18":"first","19":"instock","20":"shipping-taxable","21":"purchasable","22":"product-type-simple"},"acf":[],"yoast_head":"<!-- This site is optimized with the Yoast SEO plugin v27.0 - https:\/\/yoast.com\/product\/yoast-seo-wordpress\/ -->\n<title>Komunikacijos pagrindai filosofijoje, I dalis. Antika, Viduram\u017eiai, Renesansas<\/title>\n<meta name=\"description\" content=\"Vadov\u0117lyje \u201eKomunikacijos pagrindai filosofijoje, I dalis. Antika, Viduram\u017eiai, Renesansas\u201c pristatomos ir analizuojamos komunikacijos bei filosofijos\" \/>\n<meta name=\"robots\" content=\"index, follow, max-snippet:-1, max-image-preview:large, max-video-preview:-1\" \/>\n<link rel=\"canonical\" href=\"https:\/\/skaitytaknyga.lt\/en\/produktas\/komunikacijos-pagrindai-filosofijoje-i-dalis-antika-viduramziai-renesansas\/\" \/>\n<meta property=\"og:locale\" content=\"en_GB\" \/>\n<meta property=\"og:locale:alternate\" content=\"lt_LT\" \/>\n<meta property=\"og:type\" content=\"article\" \/>\n<meta property=\"og:title\" content=\"Komunikacijos pagrindai filosofijoje, I dalis. Antika, Viduram\u017eiai, Renesansas\" \/>\n<meta property=\"og:description\" content=\"Vadov\u0117lyje \u201eKomunikacijos pagrindai filosofijoje, I dalis. Antika, Viduram\u017eiai, Renesansas\u201c pristatomos ir analizuojamos komunikacijos bei filosofijos\" \/>\n<meta property=\"og:url\" content=\"https:\/\/skaitytaknyga.lt\/en\/produktas\/komunikacijos-pagrindai-filosofijoje-i-dalis-antika-viduramziai-renesansas\/\" \/>\n<meta property=\"og:site_name\" content=\"Skaitytaknyga\" \/>\n<meta property=\"article:publisher\" content=\"https:\/\/www.facebook.com\/skaitytaknyga\/\" \/>\n<meta property=\"article:modified_time\" content=\"2025-09-06T08:43:04+00:00\" \/>\n<meta property=\"og:image\" content=\"https:\/\/skaitytaknyga.lt\/wp-content\/uploads\/2025\/08\/Komunikacijos-pagrindai-filosofijoje-I-dalis.-Antika-Viduramziai-Renesansas-1.webp\" \/>\n\t<meta property=\"og:image:width\" content=\"300\" \/>\n\t<meta property=\"og:image:height\" content=\"425\" \/>\n\t<meta property=\"og:image:type\" content=\"image\/webp\" \/>\n<meta name=\"twitter:card\" content=\"summary_large_image\" \/>\n<meta name=\"twitter:label1\" content=\"Estimated reading time\" \/>\n\t<meta name=\"twitter:data1\" content=\"1 minute\" \/>\n<script type=\"application\/ld+json\" class=\"yoast-schema-graph\">{\"@context\":\"https:\/\/schema.org\",\"@graph\":[{\"@type\":\"WebPage\",\"@id\":\"https:\/\/skaitytaknyga.lt\/produktas\/komunikacijos-pagrindai-filosofijoje-i-dalis-antika-viduramziai-renesansas\/\",\"url\":\"https:\/\/skaitytaknyga.lt\/produktas\/komunikacijos-pagrindai-filosofijoje-i-dalis-antika-viduramziai-renesansas\/\",\"name\":\"Komunikacijos pagrindai filosofijoje, I dalis. Antika, Viduram\u017eiai, Renesansas\",\"isPartOf\":{\"@id\":\"https:\/\/skaitytaknyga.lt\/#website\"},\"primaryImageOfPage\":{\"@id\":\"https:\/\/skaitytaknyga.lt\/produktas\/komunikacijos-pagrindai-filosofijoje-i-dalis-antika-viduramziai-renesansas\/#primaryimage\"},\"image\":{\"@id\":\"https:\/\/skaitytaknyga.lt\/produktas\/komunikacijos-pagrindai-filosofijoje-i-dalis-antika-viduramziai-renesansas\/#primaryimage\"},\"thumbnailUrl\":\"https:\/\/skaitytaknyga.lt\/wp-content\/uploads\/2025\/08\/Komunikacijos-pagrindai-filosofijoje-I-dalis.-Antika-Viduramziai-Renesansas-1.webp\",\"datePublished\":\"2025-08-31T17:13:18+00:00\",\"dateModified\":\"2025-09-06T08:43:04+00:00\",\"description\":\"Vadov\u0117lyje \u201eKomunikacijos pagrindai filosofijoje, I dalis. Antika, Viduram\u017eiai, Renesansas\u201c pristatomos ir analizuojamos komunikacijos bei filosofijos\",\"breadcrumb\":{\"@id\":\"https:\/\/skaitytaknyga.lt\/produktas\/komunikacijos-pagrindai-filosofijoje-i-dalis-antika-viduramziai-renesansas\/#breadcrumb\"},\"inLanguage\":\"en-GB\",\"potentialAction\":[{\"@type\":\"ReadAction\",\"target\":[\"https:\/\/skaitytaknyga.lt\/produktas\/komunikacijos-pagrindai-filosofijoje-i-dalis-antika-viduramziai-renesansas\/\"]}]},{\"@type\":\"ImageObject\",\"inLanguage\":\"en-GB\",\"@id\":\"https:\/\/skaitytaknyga.lt\/produktas\/komunikacijos-pagrindai-filosofijoje-i-dalis-antika-viduramziai-renesansas\/#primaryimage\",\"url\":\"https:\/\/skaitytaknyga.lt\/wp-content\/uploads\/2025\/08\/Komunikacijos-pagrindai-filosofijoje-I-dalis.-Antika-Viduramziai-Renesansas-1.webp\",\"contentUrl\":\"https:\/\/skaitytaknyga.lt\/wp-content\/uploads\/2025\/08\/Komunikacijos-pagrindai-filosofijoje-I-dalis.-Antika-Viduramziai-Renesansas-1.webp\",\"width\":300,\"height\":425,\"caption\":\"Komunikacijos pagrindai filosofijoje, I dalis. Antika, Viduram\u017eiai, Renesansas (1)\"},{\"@type\":\"BreadcrumbList\",\"@id\":\"https:\/\/skaitytaknyga.lt\/produktas\/komunikacijos-pagrindai-filosofijoje-i-dalis-antika-viduramziai-renesansas\/#breadcrumb\",\"itemListElement\":[{\"@type\":\"ListItem\",\"position\":1,\"name\":\"Home\",\"item\":\"https:\/\/skaitytaknyga.lt\/\"},{\"@type\":\"ListItem\",\"position\":2,\"name\":\"Parduotuv\u0117\",\"item\":\"https:\/\/skaitytaknyga.lt\/knygu-parduotuve\/\"},{\"@type\":\"ListItem\",\"position\":3,\"name\":\"Komunikacijos pagrindai filosofijoje, I dalis. Antika, Viduram\u017eiai, Renesansas\"}]},{\"@type\":\"WebSite\",\"@id\":\"https:\/\/skaitytaknyga.lt\/#website\",\"url\":\"https:\/\/skaitytaknyga.lt\/\",\"name\":\"skaitytaknyga.lt\",\"description\":\"Skaitytaknyga.lt \u2013 tai ma\u017eas \u0161eimos verslas, kuris prasid\u0117jo nuo meil\u0117s knygoms ir siekio i\u0161gelb\u0117ti knygas nuo likimo prie konteinerio. Kas vienam nereikalingas daiktas \u2013 kitam lobis, o mes esame tarpininkai, kurie padeda abiems tapti laimingesniems ???? \u017dinome kaip nelengva i\u0161gyventi ma\u017eiems verslams, tad nuo \u0161iol, \u010dia rasite ir kit\u0173, ma\u017e\u0173 \u0161eim\u0173 versl\u0173, rank\u0173 darbo, dovan\u0173 sau ir artimiesiems.\",\"publisher\":{\"@id\":\"https:\/\/skaitytaknyga.lt\/#organization\"},\"potentialAction\":[{\"@type\":\"SearchAction\",\"target\":{\"@type\":\"EntryPoint\",\"urlTemplate\":\"https:\/\/skaitytaknyga.lt\/?s={search_term_string}\"},\"query-input\":{\"@type\":\"PropertyValueSpecification\",\"valueRequired\":true,\"valueName\":\"search_term_string\"}}],\"inLanguage\":\"en-GB\"},{\"@type\":\"Organization\",\"@id\":\"https:\/\/skaitytaknyga.lt\/#organization\",\"name\":\"skaitytaknyga.lt\",\"url\":\"https:\/\/skaitytaknyga.lt\/\",\"logo\":{\"@type\":\"ImageObject\",\"inLanguage\":\"en-GB\",\"@id\":\"https:\/\/skaitytaknyga.lt\/#\/schema\/logo\/image\/\",\"url\":\"https:\/\/skaitytaknyga.lt\/wp-content\/uploads\/2024\/05\/cropped-cropped-cropped-02_00843_jt3bggkj1j3HLc7SyY6rEUpg.jpeg\",\"contentUrl\":\"https:\/\/skaitytaknyga.lt\/wp-content\/uploads\/2024\/05\/cropped-cropped-cropped-02_00843_jt3bggkj1j3HLc7SyY6rEUpg.jpeg\",\"width\":1600,\"height\":1600,\"caption\":\"skaitytaknyga.lt\"},\"image\":{\"@id\":\"https:\/\/skaitytaknyga.lt\/#\/schema\/logo\/image\/\"},\"sameAs\":[\"https:\/\/www.facebook.com\/skaitytaknyga\/\"]}]}<\/script>\n<!-- \/ Yoast SEO plugin. -->","yoast_head_json":{"title":"Komunikacijos pagrindai filosofijoje, I dalis. Antika, Viduram\u017eiai, Renesansas","description":"Vadov\u0117lyje \u201eKomunikacijos pagrindai filosofijoje, I dalis. Antika, Viduram\u017eiai, Renesansas\u201c pristatomos ir analizuojamos komunikacijos bei filosofijos","robots":{"index":"index","follow":"follow","max-snippet":"max-snippet:-1","max-image-preview":"max-image-preview:large","max-video-preview":"max-video-preview:-1"},"canonical":"https:\/\/skaitytaknyga.lt\/en\/produktas\/komunikacijos-pagrindai-filosofijoje-i-dalis-antika-viduramziai-renesansas\/","og_locale":"en_GB","og_type":"article","og_title":"[:lt]Komunikacijos pagrindai filosofijoje, I dalis. Antika, Viduram\u017eiai, Renesansas[:] - Skaitytaknyga","og_description":"Vadov\u0117lyje \u201eKomunikacijos pagrindai filosofijoje, I dalis. Antika, Viduram\u017eiai, Renesansas\u201c pristatomos ir analizuojamos komunikacijos bei filosofijos","og_url":"https:\/\/skaitytaknyga.lt\/en\/produktas\/komunikacijos-pagrindai-filosofijoje-i-dalis-antika-viduramziai-renesansas\/","og_site_name":"Skaitytaknyga","article_publisher":"https:\/\/www.facebook.com\/skaitytaknyga\/","article_modified_time":"2025-09-06T08:43:04+00:00","og_image":[{"width":300,"height":425,"url":"https:\/\/skaitytaknyga.lt\/wp-content\/uploads\/2025\/08\/Komunikacijos-pagrindai-filosofijoje-I-dalis.-Antika-Viduramziai-Renesansas-1.webp","type":"image\/webp"}],"twitter_card":"summary_large_image","twitter_misc":{"Estimated reading time":"1 minute"},"schema":{"@context":"https:\/\/schema.org","@graph":[{"@type":"WebPage","@id":"https:\/\/skaitytaknyga.lt\/produktas\/komunikacijos-pagrindai-filosofijoje-i-dalis-antika-viduramziai-renesansas\/","url":"https:\/\/skaitytaknyga.lt\/produktas\/komunikacijos-pagrindai-filosofijoje-i-dalis-antika-viduramziai-renesansas\/","name":"Komunikacijos pagrindai filosofijoje, I dalis. Antika, Viduram\u017eiai, Renesansas","isPartOf":{"@id":"https:\/\/skaitytaknyga.lt\/#website"},"primaryImageOfPage":{"@id":"https:\/\/skaitytaknyga.lt\/produktas\/komunikacijos-pagrindai-filosofijoje-i-dalis-antika-viduramziai-renesansas\/#primaryimage"},"image":{"@id":"https:\/\/skaitytaknyga.lt\/produktas\/komunikacijos-pagrindai-filosofijoje-i-dalis-antika-viduramziai-renesansas\/#primaryimage"},"thumbnailUrl":"https:\/\/skaitytaknyga.lt\/wp-content\/uploads\/2025\/08\/Komunikacijos-pagrindai-filosofijoje-I-dalis.-Antika-Viduramziai-Renesansas-1.webp","datePublished":"2025-08-31T17:13:18+00:00","dateModified":"2025-09-06T08:43:04+00:00","description":"Vadov\u0117lyje \u201eKomunikacijos pagrindai filosofijoje, I dalis. Antika, Viduram\u017eiai, Renesansas\u201c pristatomos ir analizuojamos komunikacijos bei filosofijos","breadcrumb":{"@id":"https:\/\/skaitytaknyga.lt\/produktas\/komunikacijos-pagrindai-filosofijoje-i-dalis-antika-viduramziai-renesansas\/#breadcrumb"},"inLanguage":"en-GB","potentialAction":[{"@type":"ReadAction","target":["https:\/\/skaitytaknyga.lt\/produktas\/komunikacijos-pagrindai-filosofijoje-i-dalis-antika-viduramziai-renesansas\/"]}]},{"@type":"ImageObject","inLanguage":"en-GB","@id":"https:\/\/skaitytaknyga.lt\/produktas\/komunikacijos-pagrindai-filosofijoje-i-dalis-antika-viduramziai-renesansas\/#primaryimage","url":"https:\/\/skaitytaknyga.lt\/wp-content\/uploads\/2025\/08\/Komunikacijos-pagrindai-filosofijoje-I-dalis.-Antika-Viduramziai-Renesansas-1.webp","contentUrl":"https:\/\/skaitytaknyga.lt\/wp-content\/uploads\/2025\/08\/Komunikacijos-pagrindai-filosofijoje-I-dalis.-Antika-Viduramziai-Renesansas-1.webp","width":300,"height":425,"caption":"Komunikacijos pagrindai filosofijoje, I dalis. Antika, Viduram\u017eiai, Renesansas (1)"},{"@type":"BreadcrumbList","@id":"https:\/\/skaitytaknyga.lt\/produktas\/komunikacijos-pagrindai-filosofijoje-i-dalis-antika-viduramziai-renesansas\/#breadcrumb","itemListElement":[{"@type":"ListItem","position":1,"name":"Home","item":"https:\/\/skaitytaknyga.lt\/"},{"@type":"ListItem","position":2,"name":"Parduotuv\u0117","item":"https:\/\/skaitytaknyga.lt\/knygu-parduotuve\/"},{"@type":"ListItem","position":3,"name":"Komunikacijos pagrindai filosofijoje, I dalis. Antika, Viduram\u017eiai, Renesansas"}]},{"@type":"WebSite","@id":"https:\/\/skaitytaknyga.lt\/#website","url":"https:\/\/skaitytaknyga.lt\/","name":"skaitytaknyga.lt","description":"Skaitytaknyga.lt \u2013 tai ma\u017eas \u0161eimos verslas, kuris prasid\u0117jo nuo meil\u0117s knygoms ir siekio i\u0161gelb\u0117ti knygas nuo likimo prie konteinerio. Kas vienam nereikalingas daiktas \u2013 kitam lobis, o mes esame tarpininkai, kurie padeda abiems tapti laimingesniems ???? \u017dinome kaip nelengva i\u0161gyventi ma\u017eiems verslams, tad nuo \u0161iol, \u010dia rasite ir kit\u0173, ma\u017e\u0173 \u0161eim\u0173 versl\u0173, rank\u0173 darbo, dovan\u0173 sau ir artimiesiems.","publisher":{"@id":"https:\/\/skaitytaknyga.lt\/#organization"},"potentialAction":[{"@type":"SearchAction","target":{"@type":"EntryPoint","urlTemplate":"https:\/\/skaitytaknyga.lt\/?s={search_term_string}"},"query-input":{"@type":"PropertyValueSpecification","valueRequired":true,"valueName":"search_term_string"}}],"inLanguage":"en-GB"},{"@type":"Organization","@id":"https:\/\/skaitytaknyga.lt\/#organization","name":"skaitytaknyga.lt","url":"https:\/\/skaitytaknyga.lt\/","logo":{"@type":"ImageObject","inLanguage":"en-GB","@id":"https:\/\/skaitytaknyga.lt\/#\/schema\/logo\/image\/","url":"https:\/\/skaitytaknyga.lt\/wp-content\/uploads\/2024\/05\/cropped-cropped-cropped-02_00843_jt3bggkj1j3HLc7SyY6rEUpg.jpeg","contentUrl":"https:\/\/skaitytaknyga.lt\/wp-content\/uploads\/2024\/05\/cropped-cropped-cropped-02_00843_jt3bggkj1j3HLc7SyY6rEUpg.jpeg","width":1600,"height":1600,"caption":"skaitytaknyga.lt"},"image":{"@id":"https:\/\/skaitytaknyga.lt\/#\/schema\/logo\/image\/"},"sameAs":["https:\/\/www.facebook.com\/skaitytaknyga\/"]}]}},"_links":{"self":[{"href":"https:\/\/skaitytaknyga.lt\/en\/wp-json\/wp\/v2\/product\/20599","targetHints":{"allow":["GET"]}}],"collection":[{"href":"https:\/\/skaitytaknyga.lt\/en\/wp-json\/wp\/v2\/product"}],"about":[{"href":"https:\/\/skaitytaknyga.lt\/en\/wp-json\/wp\/v2\/types\/product"}],"replies":[{"embeddable":true,"href":"https:\/\/skaitytaknyga.lt\/en\/wp-json\/wp\/v2\/comments?post=20599"}],"wp:featuredmedia":[{"embeddable":true,"href":"https:\/\/skaitytaknyga.lt\/en\/wp-json\/wp\/v2\/media\/20605"}],"wp:attachment":[{"href":"https:\/\/skaitytaknyga.lt\/en\/wp-json\/wp\/v2\/media?parent=20599"}],"wp:term":[{"taxonomy":"product_brand","embeddable":true,"href":"https:\/\/skaitytaknyga.lt\/en\/wp-json\/wp\/v2\/product_brand?post=20599"},{"taxonomy":"product_cat","embeddable":true,"href":"https:\/\/skaitytaknyga.lt\/en\/wp-json\/wp\/v2\/product_cat?post=20599"},{"taxonomy":"product_tag","embeddable":true,"href":"https:\/\/skaitytaknyga.lt\/en\/wp-json\/wp\/v2\/product_tag?post=20599"}],"curies":[{"name":"wp","href":"https:\/\/api.w.org\/{rel}","templated":true}]}}