{"id":20589,"date":"2025-08-28T20:35:55","date_gmt":"2025-08-28T17:35:55","guid":{"rendered":"https:\/\/skaitytaknyga.lt\/?post_type=product&#038;p=20589"},"modified":"2025-09-06T11:26:06","modified_gmt":"2025-09-06T08:26:06","slug":"aploti-ne-ta-medi","status":"publish","type":"product","link":"https:\/\/skaitytaknyga.lt\/en\/produktas\/aploti-ne-ta-medi\/","title":{"rendered":"Aploti ne t\u0105 med\u012f"},"content":{"rendered":"<p>Ar geri pa\u017eymiai mokykloje tikrai lemia profesin\u0119 s\u0117km\u0119?<\/p>\n<p>Ar perd\u0117tas kruop\u0161tumas ir ilgos darbo valandos padeda kilti karjeros laiptais?<\/p>\n<p>Ar genialumas ir profesin\u0117 s\u0117km\u0117 visada garantuoja gerus santykius \u0161eimoje?<\/p>\n<p>Ar u\u017esispyrimas ir pasitik\u0117jimas savimi visada rei\u0161kia laim\u0117jim\u0105, o suklupimas ir pasidavimas \u2013 pralaim\u0117jim\u0105?<\/p>\n<p>Ar ekstravertai vis dar valdo pasaul\u012f ir kur slypi introvert\u0173 galia?<\/p>\n<p>Jei galvojate, jog \u017einote atsakymus \u012f \u0161iuos ir pana\u0161ius klausimus, labai gali b\u016bti, kad klystate. Ir \u0161ios Wall Street Journal bestseleriu i\u0161rinktos knygos autorius Ericas Barkeris pasireng\u0119s Jums tai \u012frodyti.<\/p>\n<p>A\u0161tuonerius metus rinktus mokslini\u0173 tyrim\u0173 duomenis autorius apipina tikromis istorijomis ir kvie\u010dia \u012f kelion\u0119, kurios metu susipa\u017einsite su gerokai kvai\u0161tel\u0117jusiais dviratininkais, \u017emon\u0117mis, kurie nejau\u010dia skausmo ar baim\u0117s, ekscentri\u0161kais pianistais, serijiniais \u017eudikais ir kalini\u0173 gaujomis, ypatingojo b\u016brio j\u016br\u0173 p\u0117stininkais, \u0160aolino vienuoliais, Niutonu, Ein\u0161teinu ir jo \u0161eima, derybininkais d\u0117l \u012fkait\u0173, per daug savimi pasitikin\u010diais \u0161achmatininkais, japon\u0173 imtynininku oran\u017einiais plaukais, \u010cingischanu ir \u017emogumi, kuris i\u0161mai\u0161\u0117 vis\u0105 pasaul\u012f tik tam, kad pasakyt\u0173 a\u010di\u016b.<\/p>\n<p>Ne\u012ftik\u0117tinos, humoro kupinos istorijos ne tik atskleis vis\u0105 ties\u0105 apie tai, kas i\u0161 tikr\u0173j\u0173 lemia gyvenimo s\u0117km\u0119, bet ir paskatins \u012f daugel\u012f dalyk\u0173 pa\u017evelgti kitu kampu, i\u0161mokys silpnybes paversti stipryb\u0117mis, o svarbiausia \u2013 \u012fkv\u0117ps noro ka\u017ek\u0105 keisti&#8230;<\/p>\n","protected":false},"excerpt":{"rendered":"<p>Ar geri pa\u017eymiai mokykloje tikrai lemia profesin\u0119 s\u0117km\u0119? Ar perd\u0117tas kruop\u0161tumas ir ilgos darbo valandos padeda kilti karjeros laiptais? Ar genialumas ir profesin\u0117 s\u0117km\u0117 visada garantuoja gerus santykius \u0161eimoje? Ar u\u017esispyrimas ir pasitik\u0117jimas savimi visada rei\u0161kia laim\u0117jim\u0105, o suklupimas ir pasidavimas \u2013 pralaim\u0117jim\u0105? Ar ekstravertai vis dar valdo pasaul\u012f ir kur slypi introvert\u0173 galia? Jei galvojate, jog \u017einote atsakymus \u012f \u0161iuos ir pana\u0161ius klausimus, labai gali b\u016bti, kad klystate. Ir \u0161ios Wall Street Journal bestseleriu i\u0161rinktos knygos autorius Ericas Barkeris pasireng\u0119s Jums tai \u012frodyti. A\u0161tuonerius metus rinktus mokslini\u0173 tyrim\u0173 duomenis autorius apipina tikromis istorijomis ir kvie\u010dia \u012f kelion\u0119, kurios metu susipa\u017einsite su gerokai kvai\u0161tel\u0117jusiais dviratininkais, \u017emon\u0117mis, kurie nejau\u010dia skausmo ar baim\u0117s, ekscentri\u0161kais pianistais, serijiniais \u017eudikais ir kalini\u0173 gaujomis, ypatingojo b\u016brio j\u016br\u0173 p\u0117stininkais, \u0160aolino vienuoliais, Niutonu, Ein\u0161teinu ir jo \u0161eima, derybininkais d\u0117l \u012fkait\u0173, per daug savimi pasitikin\u010diais \u0161achmatininkais, japon\u0173 imtynininku oran\u017einiais plaukais, \u010cingischanu ir \u017emogumi, kuris i\u0161mai\u0161\u0117 vis\u0105 pasaul\u012f tik tam, kad pasakyt\u0173 a\u010di\u016b. Ne\u012ftik\u0117tinos, humoro kupinos istorijos ne tik atskleis vis\u0105 ties\u0105 apie tai, kas i\u0161 tikr\u0173j\u0173 lemia gyvenimo s\u0117km\u0119, bet ir paskatins \u012f daugel\u012f dalyk\u0173 pa\u017evelgti kitu kampu, i\u0161mokys silpnybes paversti stipryb\u0117mis, o svarbiausia \u2013 \u012fkv\u0117ps noro ka\u017ek\u0105 keisti&#8230;<\/p>\n","protected":false},"featured_media":20598,"comment_status":"open","ping_status":"closed","template":"","meta":{"_acf_changed":false,"site-sidebar-layout":"default","site-content-layout":"","ast-site-content-layout":"default","site-content-style":"default","site-sidebar-style":"default","ast-global-header-display":"","ast-banner-title-visibility":"","ast-main-header-display":"","ast-hfb-above-header-display":"","ast-hfb-below-header-display":"","ast-hfb-mobile-header-display":"","site-post-title":"","ast-breadcrumbs-content":"","ast-featured-img":"","footer-sml-layout":"","ast-disable-related-posts":"","theme-transparent-header-meta":"","adv-header-id-meta":"","stick-header-meta":"","header-above-stick-meta":"","header-main-stick-meta":"","header-below-stick-meta":"","astra-migrate-meta-layouts":"default","ast-page-background-enabled":"default","ast-page-background-meta":{"desktop":{"background-color":"","background-image":"","background-repeat":"repeat","background-position":"center center","background-size":"auto","background-attachment":"scroll","background-type":"","background-media":"","overlay-type":"","overlay-color":"","overlay-opacity":"","overlay-gradient":""},"tablet":{"background-color":"","background-image":"","background-repeat":"repeat","background-position":"center center","background-size":"auto","background-attachment":"scroll","background-type":"","background-media":"","overlay-type":"","overlay-color":"","overlay-opacity":"","overlay-gradient":""},"mobile":{"background-color":"","background-image":"","background-repeat":"repeat","background-position":"center center","background-size":"auto","background-attachment":"scroll","background-type":"","background-media":"","overlay-type":"","overlay-color":"","overlay-opacity":"","overlay-gradient":""}},"ast-content-background-meta":{"desktop":{"background-color":"var(--ast-global-color-4)","background-image":"","background-repeat":"repeat","background-position":"center center","background-size":"auto","background-attachment":"scroll","background-type":"","background-media":"","overlay-type":"","overlay-color":"","overlay-opacity":"","overlay-gradient":""},"tablet":{"background-color":"var(--ast-global-color-4)","background-image":"","background-repeat":"repeat","background-position":"center center","background-size":"auto","background-attachment":"scroll","background-type":"","background-media":"","overlay-type":"","overlay-color":"","overlay-opacity":"","overlay-gradient":""},"mobile":{"background-color":"var(--ast-global-color-4)","background-image":"","background-repeat":"repeat","background-position":"center center","background-size":"auto","background-attachment":"scroll","background-type":"","background-media":"","overlay-type":"","overlay-color":"","overlay-opacity":"","overlay-gradient":""}}},"product_brand":[],"product_cat":[15],"product_tag":[7742,2160,1409,1392,1417,2411],"class_list":{"0":"post-20589","1":"product","2":"type-product","3":"status-publish","4":"has-post-thumbnail","6":"product_cat-uncategorized","7":"product_tag-eric-barker","8":"product_tag-karjera","9":"product_tag-motyvacija","10":"product_tag-psichologija","11":"product_tag-santykiai","12":"product_tag-sekme","13":"desktop-align-left","14":"tablet-align-left","15":"mobile-align-left","17":"first","18":"instock","19":"shipping-taxable","20":"purchasable","21":"product-type-simple"},"acf":[],"yoast_head":"<!-- This site is optimized with the Yoast SEO plugin v27.0 - https:\/\/yoast.com\/product\/yoast-seo-wordpress\/ -->\n<title>Aploti ne t\u0105 med\u012f<\/title>\n<meta name=\"description\" content=\"Ar geri pa\u017eymiai mokykloje tikrai lemia profesin\u0119 s\u0117km\u0119? Ar perd\u0117tas kruop\u0161tumas ir ilgos darbo valandos padeda kilti karjeros laiptais? Ar genialumas ir\" \/>\n<meta name=\"robots\" content=\"index, follow, max-snippet:-1, max-image-preview:large, max-video-preview:-1\" \/>\n<link rel=\"canonical\" href=\"https:\/\/skaitytaknyga.lt\/en\/produktas\/aploti-ne-ta-medi\/\" \/>\n<meta property=\"og:locale\" content=\"en_GB\" \/>\n<meta property=\"og:locale:alternate\" content=\"lt_LT\" \/>\n<meta property=\"og:type\" content=\"article\" \/>\n<meta property=\"og:title\" content=\"Aploti ne t\u0105 med\u012f\" \/>\n<meta property=\"og:description\" content=\"Ar geri pa\u017eymiai mokykloje tikrai lemia profesin\u0119 s\u0117km\u0119? Ar perd\u0117tas kruop\u0161tumas ir ilgos darbo valandos padeda kilti karjeros laiptais? Ar genialumas ir\" \/>\n<meta property=\"og:url\" content=\"https:\/\/skaitytaknyga.lt\/en\/produktas\/aploti-ne-ta-medi\/\" \/>\n<meta property=\"og:site_name\" content=\"Skaitytaknyga\" \/>\n<meta property=\"article:publisher\" content=\"https:\/\/www.facebook.com\/skaitytaknyga\/\" \/>\n<meta property=\"article:modified_time\" content=\"2025-09-06T08:26:06+00:00\" \/>\n<meta property=\"og:image\" content=\"https:\/\/skaitytaknyga.lt\/wp-content\/uploads\/2025\/08\/Aploti-ne-ta-medi-e1756660060464.webp\" \/>\n\t<meta property=\"og:image:width\" content=\"339\" \/>\n\t<meta property=\"og:image:height\" content=\"502\" \/>\n\t<meta property=\"og:image:type\" content=\"image\/webp\" \/>\n<meta name=\"twitter:card\" content=\"summary_large_image\" \/>\n<meta name=\"twitter:label1\" content=\"Estimated reading time\" \/>\n\t<meta name=\"twitter:data1\" content=\"1 minute\" \/>\n<script type=\"application\/ld+json\" class=\"yoast-schema-graph\">{\"@context\":\"https:\/\/schema.org\",\"@graph\":[{\"@type\":\"WebPage\",\"@id\":\"https:\/\/skaitytaknyga.lt\/produktas\/aploti-ne-ta-medi\/\",\"url\":\"https:\/\/skaitytaknyga.lt\/produktas\/aploti-ne-ta-medi\/\",\"name\":\"Aploti ne t\u0105 med\u012f\",\"isPartOf\":{\"@id\":\"https:\/\/skaitytaknyga.lt\/#website\"},\"primaryImageOfPage\":{\"@id\":\"https:\/\/skaitytaknyga.lt\/produktas\/aploti-ne-ta-medi\/#primaryimage\"},\"image\":{\"@id\":\"https:\/\/skaitytaknyga.lt\/produktas\/aploti-ne-ta-medi\/#primaryimage\"},\"thumbnailUrl\":\"https:\/\/skaitytaknyga.lt\/wp-content\/uploads\/2025\/08\/Aploti-ne-ta-medi-e1756660060464.webp\",\"datePublished\":\"2025-08-28T17:35:55+00:00\",\"dateModified\":\"2025-09-06T08:26:06+00:00\",\"description\":\"Ar geri pa\u017eymiai mokykloje tikrai lemia profesin\u0119 s\u0117km\u0119? Ar perd\u0117tas kruop\u0161tumas ir ilgos darbo valandos padeda kilti karjeros laiptais? Ar genialumas ir\",\"breadcrumb\":{\"@id\":\"https:\/\/skaitytaknyga.lt\/produktas\/aploti-ne-ta-medi\/#breadcrumb\"},\"inLanguage\":\"en-GB\",\"potentialAction\":[{\"@type\":\"ReadAction\",\"target\":[\"https:\/\/skaitytaknyga.lt\/produktas\/aploti-ne-ta-medi\/\"]}]},{\"@type\":\"ImageObject\",\"inLanguage\":\"en-GB\",\"@id\":\"https:\/\/skaitytaknyga.lt\/produktas\/aploti-ne-ta-medi\/#primaryimage\",\"url\":\"https:\/\/skaitytaknyga.lt\/wp-content\/uploads\/2025\/08\/Aploti-ne-ta-medi-e1756660060464.webp\",\"contentUrl\":\"https:\/\/skaitytaknyga.lt\/wp-content\/uploads\/2025\/08\/Aploti-ne-ta-medi-e1756660060464.webp\",\"width\":339,\"height\":502},{\"@type\":\"BreadcrumbList\",\"@id\":\"https:\/\/skaitytaknyga.lt\/produktas\/aploti-ne-ta-medi\/#breadcrumb\",\"itemListElement\":[{\"@type\":\"ListItem\",\"position\":1,\"name\":\"Home\",\"item\":\"https:\/\/skaitytaknyga.lt\/\"},{\"@type\":\"ListItem\",\"position\":2,\"name\":\"Parduotuv\u0117\",\"item\":\"https:\/\/skaitytaknyga.lt\/knygu-parduotuve\/\"},{\"@type\":\"ListItem\",\"position\":3,\"name\":\"Aploti ne t\u0105 med\u012f\"}]},{\"@type\":\"WebSite\",\"@id\":\"https:\/\/skaitytaknyga.lt\/#website\",\"url\":\"https:\/\/skaitytaknyga.lt\/\",\"name\":\"skaitytaknyga.lt\",\"description\":\"Skaitytaknyga.lt \u2013 tai ma\u017eas \u0161eimos verslas, kuris prasid\u0117jo nuo meil\u0117s knygoms ir siekio i\u0161gelb\u0117ti knygas nuo likimo prie konteinerio. Kas vienam nereikalingas daiktas \u2013 kitam lobis, o mes esame tarpininkai, kurie padeda abiems tapti laimingesniems ???? \u017dinome kaip nelengva i\u0161gyventi ma\u017eiems verslams, tad nuo \u0161iol, \u010dia rasite ir kit\u0173, ma\u017e\u0173 \u0161eim\u0173 versl\u0173, rank\u0173 darbo, dovan\u0173 sau ir artimiesiems.\",\"publisher\":{\"@id\":\"https:\/\/skaitytaknyga.lt\/#organization\"},\"potentialAction\":[{\"@type\":\"SearchAction\",\"target\":{\"@type\":\"EntryPoint\",\"urlTemplate\":\"https:\/\/skaitytaknyga.lt\/?s={search_term_string}\"},\"query-input\":{\"@type\":\"PropertyValueSpecification\",\"valueRequired\":true,\"valueName\":\"search_term_string\"}}],\"inLanguage\":\"en-GB\"},{\"@type\":\"Organization\",\"@id\":\"https:\/\/skaitytaknyga.lt\/#organization\",\"name\":\"skaitytaknyga.lt\",\"url\":\"https:\/\/skaitytaknyga.lt\/\",\"logo\":{\"@type\":\"ImageObject\",\"inLanguage\":\"en-GB\",\"@id\":\"https:\/\/skaitytaknyga.lt\/#\/schema\/logo\/image\/\",\"url\":\"https:\/\/skaitytaknyga.lt\/wp-content\/uploads\/2024\/05\/cropped-cropped-cropped-02_00843_jt3bggkj1j3HLc7SyY6rEUpg.jpeg\",\"contentUrl\":\"https:\/\/skaitytaknyga.lt\/wp-content\/uploads\/2024\/05\/cropped-cropped-cropped-02_00843_jt3bggkj1j3HLc7SyY6rEUpg.jpeg\",\"width\":1600,\"height\":1600,\"caption\":\"skaitytaknyga.lt\"},\"image\":{\"@id\":\"https:\/\/skaitytaknyga.lt\/#\/schema\/logo\/image\/\"},\"sameAs\":[\"https:\/\/www.facebook.com\/skaitytaknyga\/\"]}]}<\/script>\n<!-- \/ Yoast SEO plugin. -->","yoast_head_json":{"title":"Aploti ne t\u0105 med\u012f","description":"Ar geri pa\u017eymiai mokykloje tikrai lemia profesin\u0119 s\u0117km\u0119? Ar perd\u0117tas kruop\u0161tumas ir ilgos darbo valandos padeda kilti karjeros laiptais? Ar genialumas ir","robots":{"index":"index","follow":"follow","max-snippet":"max-snippet:-1","max-image-preview":"max-image-preview:large","max-video-preview":"max-video-preview:-1"},"canonical":"https:\/\/skaitytaknyga.lt\/en\/produktas\/aploti-ne-ta-medi\/","og_locale":"en_GB","og_type":"article","og_title":"[:lt]Aploti ne t\u0105 med\u012f[:] - Skaitytaknyga","og_description":"Ar geri pa\u017eymiai mokykloje tikrai lemia profesin\u0119 s\u0117km\u0119? Ar perd\u0117tas kruop\u0161tumas ir ilgos darbo valandos padeda kilti karjeros laiptais? Ar genialumas ir","og_url":"https:\/\/skaitytaknyga.lt\/en\/produktas\/aploti-ne-ta-medi\/","og_site_name":"Skaitytaknyga","article_publisher":"https:\/\/www.facebook.com\/skaitytaknyga\/","article_modified_time":"2025-09-06T08:26:06+00:00","og_image":[{"width":339,"height":502,"url":"https:\/\/skaitytaknyga.lt\/wp-content\/uploads\/2025\/08\/Aploti-ne-ta-medi-e1756660060464.webp","type":"image\/webp"}],"twitter_card":"summary_large_image","twitter_misc":{"Estimated reading time":"1 minute"},"schema":{"@context":"https:\/\/schema.org","@graph":[{"@type":"WebPage","@id":"https:\/\/skaitytaknyga.lt\/produktas\/aploti-ne-ta-medi\/","url":"https:\/\/skaitytaknyga.lt\/produktas\/aploti-ne-ta-medi\/","name":"Aploti ne t\u0105 med\u012f","isPartOf":{"@id":"https:\/\/skaitytaknyga.lt\/#website"},"primaryImageOfPage":{"@id":"https:\/\/skaitytaknyga.lt\/produktas\/aploti-ne-ta-medi\/#primaryimage"},"image":{"@id":"https:\/\/skaitytaknyga.lt\/produktas\/aploti-ne-ta-medi\/#primaryimage"},"thumbnailUrl":"https:\/\/skaitytaknyga.lt\/wp-content\/uploads\/2025\/08\/Aploti-ne-ta-medi-e1756660060464.webp","datePublished":"2025-08-28T17:35:55+00:00","dateModified":"2025-09-06T08:26:06+00:00","description":"Ar geri pa\u017eymiai mokykloje tikrai lemia profesin\u0119 s\u0117km\u0119? Ar perd\u0117tas kruop\u0161tumas ir ilgos darbo valandos padeda kilti karjeros laiptais? Ar genialumas ir","breadcrumb":{"@id":"https:\/\/skaitytaknyga.lt\/produktas\/aploti-ne-ta-medi\/#breadcrumb"},"inLanguage":"en-GB","potentialAction":[{"@type":"ReadAction","target":["https:\/\/skaitytaknyga.lt\/produktas\/aploti-ne-ta-medi\/"]}]},{"@type":"ImageObject","inLanguage":"en-GB","@id":"https:\/\/skaitytaknyga.lt\/produktas\/aploti-ne-ta-medi\/#primaryimage","url":"https:\/\/skaitytaknyga.lt\/wp-content\/uploads\/2025\/08\/Aploti-ne-ta-medi-e1756660060464.webp","contentUrl":"https:\/\/skaitytaknyga.lt\/wp-content\/uploads\/2025\/08\/Aploti-ne-ta-medi-e1756660060464.webp","width":339,"height":502},{"@type":"BreadcrumbList","@id":"https:\/\/skaitytaknyga.lt\/produktas\/aploti-ne-ta-medi\/#breadcrumb","itemListElement":[{"@type":"ListItem","position":1,"name":"Home","item":"https:\/\/skaitytaknyga.lt\/"},{"@type":"ListItem","position":2,"name":"Parduotuv\u0117","item":"https:\/\/skaitytaknyga.lt\/knygu-parduotuve\/"},{"@type":"ListItem","position":3,"name":"Aploti ne t\u0105 med\u012f"}]},{"@type":"WebSite","@id":"https:\/\/skaitytaknyga.lt\/#website","url":"https:\/\/skaitytaknyga.lt\/","name":"skaitytaknyga.lt","description":"Skaitytaknyga.lt \u2013 tai ma\u017eas \u0161eimos verslas, kuris prasid\u0117jo nuo meil\u0117s knygoms ir siekio i\u0161gelb\u0117ti knygas nuo likimo prie konteinerio. Kas vienam nereikalingas daiktas \u2013 kitam lobis, o mes esame tarpininkai, kurie padeda abiems tapti laimingesniems ???? \u017dinome kaip nelengva i\u0161gyventi ma\u017eiems verslams, tad nuo \u0161iol, \u010dia rasite ir kit\u0173, ma\u017e\u0173 \u0161eim\u0173 versl\u0173, rank\u0173 darbo, dovan\u0173 sau ir artimiesiems.","publisher":{"@id":"https:\/\/skaitytaknyga.lt\/#organization"},"potentialAction":[{"@type":"SearchAction","target":{"@type":"EntryPoint","urlTemplate":"https:\/\/skaitytaknyga.lt\/?s={search_term_string}"},"query-input":{"@type":"PropertyValueSpecification","valueRequired":true,"valueName":"search_term_string"}}],"inLanguage":"en-GB"},{"@type":"Organization","@id":"https:\/\/skaitytaknyga.lt\/#organization","name":"skaitytaknyga.lt","url":"https:\/\/skaitytaknyga.lt\/","logo":{"@type":"ImageObject","inLanguage":"en-GB","@id":"https:\/\/skaitytaknyga.lt\/#\/schema\/logo\/image\/","url":"https:\/\/skaitytaknyga.lt\/wp-content\/uploads\/2024\/05\/cropped-cropped-cropped-02_00843_jt3bggkj1j3HLc7SyY6rEUpg.jpeg","contentUrl":"https:\/\/skaitytaknyga.lt\/wp-content\/uploads\/2024\/05\/cropped-cropped-cropped-02_00843_jt3bggkj1j3HLc7SyY6rEUpg.jpeg","width":1600,"height":1600,"caption":"skaitytaknyga.lt"},"image":{"@id":"https:\/\/skaitytaknyga.lt\/#\/schema\/logo\/image\/"},"sameAs":["https:\/\/www.facebook.com\/skaitytaknyga\/"]}]}},"_links":{"self":[{"href":"https:\/\/skaitytaknyga.lt\/en\/wp-json\/wp\/v2\/product\/20589","targetHints":{"allow":["GET"]}}],"collection":[{"href":"https:\/\/skaitytaknyga.lt\/en\/wp-json\/wp\/v2\/product"}],"about":[{"href":"https:\/\/skaitytaknyga.lt\/en\/wp-json\/wp\/v2\/types\/product"}],"replies":[{"embeddable":true,"href":"https:\/\/skaitytaknyga.lt\/en\/wp-json\/wp\/v2\/comments?post=20589"}],"wp:featuredmedia":[{"embeddable":true,"href":"https:\/\/skaitytaknyga.lt\/en\/wp-json\/wp\/v2\/media\/20598"}],"wp:attachment":[{"href":"https:\/\/skaitytaknyga.lt\/en\/wp-json\/wp\/v2\/media?parent=20589"}],"wp:term":[{"taxonomy":"product_brand","embeddable":true,"href":"https:\/\/skaitytaknyga.lt\/en\/wp-json\/wp\/v2\/product_brand?post=20589"},{"taxonomy":"product_cat","embeddable":true,"href":"https:\/\/skaitytaknyga.lt\/en\/wp-json\/wp\/v2\/product_cat?post=20589"},{"taxonomy":"product_tag","embeddable":true,"href":"https:\/\/skaitytaknyga.lt\/en\/wp-json\/wp\/v2\/product_tag?post=20589"}],"curies":[{"name":"wp","href":"https:\/\/api.w.org\/{rel}","templated":true}]}}