{"id":20588,"date":"2025-08-28T20:35:55","date_gmt":"2025-08-28T17:35:55","guid":{"rendered":"https:\/\/skaitytaknyga.lt\/?post_type=product&#038;p=20588"},"modified":"2025-09-27T18:57:37","modified_gmt":"2025-09-27T15:57:37","slug":"alinantis-perdegimas","status":"publish","type":"product","link":"https:\/\/skaitytaknyga.lt\/en\/produktas\/alinantis-perdegimas\/","title":{"rendered":"Alinantis perdegimas"},"content":{"rendered":"<p>Nors ir dirbo savo svajoni\u0173 darb\u0105 \u2013 d\u0117st\u0117 universtete \u2013 Jonathanas Malesicas pasijuto apgail\u0117tinai. I\u0161gyveno perdegim\u0105. Atrod\u0117, jokia pagalba nebepad\u0117s \u2013 nei vaistai, nei terapija, nei neapmokamos atostogos. Galiausiai jis \u0161\u012f darb\u0105 met\u0117. I\u0161 poreikio suprasti tai, k\u0105 patyr\u0117, \u012fsitrauk\u0117 \u012f perdegimo problemos analiz\u0119, siedamas tai su savosiomis psichologijos, etikos ir filosofijos \u017einiomis. \u0160io tyrimo vaisius \u2013 jo naujausia knyga \u201eAlinantis perdegimas. Kai darbas mus sekina ir neteikia pasitenkinimo&#8221;.<\/p>\n<p>Jonathanas Malesicas \u2013 eseistas, \u017eurnalistas ir mokslininkas, jo k\u016bryba \u012fvertinta geriausi\u0173 Amerikos \u017eurnal\u0173 straipsni\u0173 antologijose Best American Essays (2019\u20132021) bei Best American Food Writing (2020) ir buvo pamin\u0117ta Pushcart Prize apdovanojim\u0173 antologijoje (2019). Jo darbai pasirod\u0117 New York Times, The New Republic, Washington Post, Vox, The Guardian, America, Commonweal, Notre Dame Magazine, The Hedgehog Review, The Point, Cronicle of Higher Education ir kituose \u017eurnaluose. Autorius sulauk\u0117 dideli\u0173 dotacij\u0173 i\u0161 JAV Nacionalinio humanitarini\u0173 moksl\u0173 fondo ir Luisvilio instituto. Jis pasirod\u0117 daugelyje \u017eymi\u0173 JAV tinklalaid\u017ei\u0173 bei radijo laid\u0173.<\/p>\n<p>Pirmoji J. Malesico knyga Secret Faith in the Public Square apdovanota ForeWord INDIES aukso medaliu religini\u0173 darb\u0173 kategorijoje (2009). Naujausi\u0105 jo veikal\u0105 \u201eAlinantis perdegimas\u201c 2022 m. saus\u012f i\u0161leido University of California Press. Jonathanas Malesicas gyvena Dalase, Teksase.<\/p>\n","protected":false},"excerpt":{"rendered":"<p>Nors ir dirbo savo svajoni\u0173 darb\u0105 \u2013 d\u0117st\u0117 universtete \u2013 Jonathanas Malesicas pasijuto apgail\u0117tinai. I\u0161gyveno perdegim\u0105. Atrod\u0117, jokia pagalba nebepad\u0117s \u2013 nei vaistai, nei terapija, nei neapmokamos atostogos. Galiausiai jis \u0161\u012f darb\u0105 met\u0117. I\u0161 poreikio suprasti tai, k\u0105 patyr\u0117, \u012fsitrauk\u0117 \u012f perdegimo problemos analiz\u0119, siedamas tai su savosiomis psichologijos, etikos ir filosofijos \u017einiomis. \u0160io tyrimo vaisius \u2013 jo naujausia knyga \u201eAlinantis perdegimas. Kai darbas mus sekina ir neteikia pasitenkinimo&#8221;. Jonathanas Malesicas \u2013 eseistas, \u017eurnalistas ir mokslininkas, jo k\u016bryba \u012fvertinta geriausi\u0173 Amerikos \u017eurnal\u0173 straipsni\u0173 antologijose Best American Essays (2019\u20132021) bei Best American Food Writing (2020) ir buvo pamin\u0117ta Pushcart Prize apdovanojim\u0173 antologijoje (2019). Jo darbai pasirod\u0117 New York Times, The New Republic, Washington Post, Vox, The Guardian, America, Commonweal, Notre Dame Magazine, The Hedgehog Review, The Point, Cronicle of Higher Education ir kituose \u017eurnaluose. Autorius sulauk\u0117 dideli\u0173 dotacij\u0173 i\u0161 JAV Nacionalinio humanitarini\u0173 moksl\u0173 fondo ir Luisvilio instituto. Jis pasirod\u0117 daugelyje \u017eymi\u0173 JAV tinklalaid\u017ei\u0173 bei radijo laid\u0173. Pirmoji J. Malesico knyga Secret Faith in the Public Square apdovanota ForeWord INDIES aukso medaliu religini\u0173 darb\u0173 kategorijoje (2009). Naujausi\u0105 jo veikal\u0105 \u201eAlinantis perdegimas\u201c 2022 m. saus\u012f i\u0161leido University of California Press. Jonathanas Malesicas gyvena Dalase, Teksase.<\/p>\n","protected":false},"featured_media":20597,"comment_status":"open","ping_status":"closed","template":"","meta":{"_acf_changed":false,"site-sidebar-layout":"default","site-content-layout":"","ast-site-content-layout":"default","site-content-style":"default","site-sidebar-style":"default","ast-global-header-display":"","ast-banner-title-visibility":"","ast-main-header-display":"","ast-hfb-above-header-display":"","ast-hfb-below-header-display":"","ast-hfb-mobile-header-display":"","site-post-title":"","ast-breadcrumbs-content":"","ast-featured-img":"","footer-sml-layout":"","ast-disable-related-posts":"","theme-transparent-header-meta":"","adv-header-id-meta":"","stick-header-meta":"","header-above-stick-meta":"","header-main-stick-meta":"","header-below-stick-meta":"","astra-migrate-meta-layouts":"default","ast-page-background-enabled":"default","ast-page-background-meta":{"desktop":{"background-color":"","background-image":"","background-repeat":"repeat","background-position":"center center","background-size":"auto","background-attachment":"scroll","background-type":"","background-media":"","overlay-type":"","overlay-color":"","overlay-opacity":"","overlay-gradient":""},"tablet":{"background-color":"","background-image":"","background-repeat":"repeat","background-position":"center center","background-size":"auto","background-attachment":"scroll","background-type":"","background-media":"","overlay-type":"","overlay-color":"","overlay-opacity":"","overlay-gradient":""},"mobile":{"background-color":"","background-image":"","background-repeat":"repeat","background-position":"center center","background-size":"auto","background-attachment":"scroll","background-type":"","background-media":"","overlay-type":"","overlay-color":"","overlay-opacity":"","overlay-gradient":""}},"ast-content-background-meta":{"desktop":{"background-color":"var(--ast-global-color-4)","background-image":"","background-repeat":"repeat","background-position":"center center","background-size":"auto","background-attachment":"scroll","background-type":"","background-media":"","overlay-type":"","overlay-color":"","overlay-opacity":"","overlay-gradient":""},"tablet":{"background-color":"var(--ast-global-color-4)","background-image":"","background-repeat":"repeat","background-position":"center center","background-size":"auto","background-attachment":"scroll","background-type":"","background-media":"","overlay-type":"","overlay-color":"","overlay-opacity":"","overlay-gradient":""},"mobile":{"background-color":"var(--ast-global-color-4)","background-image":"","background-repeat":"repeat","background-position":"center center","background-size":"auto","background-attachment":"scroll","background-type":"","background-media":"","overlay-type":"","overlay-color":"","overlay-opacity":"","overlay-gradient":""}}},"product_brand":[],"product_cat":[30],"product_tag":[2786,2702,1467,7740,7741,1392],"class_list":{"0":"post-20588","1":"product","2":"type-product","3":"status-publish","4":"has-post-thumbnail","6":"product_cat-psichologija-ir-saviugda","7":"product_tag-darbas","8":"product_tag-etika","9":"product_tag-filosofija","10":"product_tag-jonathan-malesic","11":"product_tag-perdegimas","12":"product_tag-psichologija","13":"desktop-align-left","14":"tablet-align-left","15":"mobile-align-left","17":"first","18":"instock","19":"shipping-taxable","20":"purchasable","21":"product-type-simple"},"acf":[],"yoast_head":"<!-- This site is optimized with the Yoast SEO plugin v27.0 - https:\/\/yoast.com\/product\/yoast-seo-wordpress\/ -->\n<title>Alinantis perdegimas<\/title>\n<meta name=\"description\" content=\"Nors ir dirbo savo svajoni\u0173 darb\u0105 \u2013 d\u0117st\u0117 universtete \u2013 Jonathanas Malesicas pasijuto apgail\u0117tinai. I\u0161gyveno perdegim\u0105. Atrod\u0117, jokia pagalba nebepad\u0117s \u2013\" \/>\n<meta name=\"robots\" content=\"index, follow, max-snippet:-1, max-image-preview:large, max-video-preview:-1\" \/>\n<link rel=\"canonical\" href=\"https:\/\/skaitytaknyga.lt\/en\/produktas\/alinantis-perdegimas\/\" \/>\n<meta property=\"og:locale\" content=\"en_GB\" \/>\n<meta property=\"og:locale:alternate\" content=\"lt_LT\" \/>\n<meta property=\"og:type\" content=\"article\" \/>\n<meta property=\"og:title\" content=\"Alinantis perdegimas\" \/>\n<meta property=\"og:description\" content=\"Nors ir dirbo savo svajoni\u0173 darb\u0105 \u2013 d\u0117st\u0117 universtete \u2013 Jonathanas Malesicas pasijuto apgail\u0117tinai. I\u0161gyveno perdegim\u0105. Atrod\u0117, jokia pagalba nebepad\u0117s \u2013\" \/>\n<meta property=\"og:url\" content=\"https:\/\/skaitytaknyga.lt\/en\/produktas\/alinantis-perdegimas\/\" \/>\n<meta property=\"og:site_name\" content=\"Skaitytaknyga\" \/>\n<meta property=\"article:publisher\" content=\"https:\/\/www.facebook.com\/skaitytaknyga\/\" \/>\n<meta property=\"article:modified_time\" content=\"2025-09-27T15:57:37+00:00\" \/>\n<meta property=\"og:image\" content=\"https:\/\/skaitytaknyga.lt\/wp-content\/uploads\/2025\/08\/Alinantis-perdegimas-e1756659948128.jpg\" \/>\n\t<meta property=\"og:image:width\" content=\"148\" \/>\n\t<meta property=\"og:image:height\" content=\"225\" \/>\n\t<meta property=\"og:image:type\" content=\"image\/jpeg\" \/>\n<meta name=\"twitter:card\" content=\"summary_large_image\" \/>\n<meta name=\"twitter:label1\" content=\"Estimated reading time\" \/>\n\t<meta name=\"twitter:data1\" content=\"1 minute\" \/>\n<script type=\"application\/ld+json\" class=\"yoast-schema-graph\">{\"@context\":\"https:\/\/schema.org\",\"@graph\":[{\"@type\":\"WebPage\",\"@id\":\"https:\/\/skaitytaknyga.lt\/produktas\/alinantis-perdegimas\/\",\"url\":\"https:\/\/skaitytaknyga.lt\/produktas\/alinantis-perdegimas\/\",\"name\":\"Alinantis perdegimas\",\"isPartOf\":{\"@id\":\"https:\/\/skaitytaknyga.lt\/#website\"},\"primaryImageOfPage\":{\"@id\":\"https:\/\/skaitytaknyga.lt\/produktas\/alinantis-perdegimas\/#primaryimage\"},\"image\":{\"@id\":\"https:\/\/skaitytaknyga.lt\/produktas\/alinantis-perdegimas\/#primaryimage\"},\"thumbnailUrl\":\"https:\/\/skaitytaknyga.lt\/wp-content\/uploads\/2025\/08\/Alinantis-perdegimas-e1756659948128.jpg\",\"datePublished\":\"2025-08-28T17:35:55+00:00\",\"dateModified\":\"2025-09-27T15:57:37+00:00\",\"description\":\"Nors ir dirbo savo svajoni\u0173 darb\u0105 \u2013 d\u0117st\u0117 universtete \u2013 Jonathanas Malesicas pasijuto apgail\u0117tinai. I\u0161gyveno perdegim\u0105. Atrod\u0117, jokia pagalba nebepad\u0117s \u2013\",\"breadcrumb\":{\"@id\":\"https:\/\/skaitytaknyga.lt\/produktas\/alinantis-perdegimas\/#breadcrumb\"},\"inLanguage\":\"en-GB\",\"potentialAction\":[{\"@type\":\"ReadAction\",\"target\":[\"https:\/\/skaitytaknyga.lt\/produktas\/alinantis-perdegimas\/\"]}]},{\"@type\":\"ImageObject\",\"inLanguage\":\"en-GB\",\"@id\":\"https:\/\/skaitytaknyga.lt\/produktas\/alinantis-perdegimas\/#primaryimage\",\"url\":\"https:\/\/skaitytaknyga.lt\/wp-content\/uploads\/2025\/08\/Alinantis-perdegimas-e1756659948128.jpg\",\"contentUrl\":\"https:\/\/skaitytaknyga.lt\/wp-content\/uploads\/2025\/08\/Alinantis-perdegimas-e1756659948128.jpg\",\"width\":148,\"height\":225,\"caption\":\"Alinantis perdegimas\"},{\"@type\":\"BreadcrumbList\",\"@id\":\"https:\/\/skaitytaknyga.lt\/produktas\/alinantis-perdegimas\/#breadcrumb\",\"itemListElement\":[{\"@type\":\"ListItem\",\"position\":1,\"name\":\"Home\",\"item\":\"https:\/\/skaitytaknyga.lt\/\"},{\"@type\":\"ListItem\",\"position\":2,\"name\":\"Parduotuv\u0117\",\"item\":\"https:\/\/skaitytaknyga.lt\/knygu-parduotuve\/\"},{\"@type\":\"ListItem\",\"position\":3,\"name\":\"Alinantis perdegimas\"}]},{\"@type\":\"WebSite\",\"@id\":\"https:\/\/skaitytaknyga.lt\/#website\",\"url\":\"https:\/\/skaitytaknyga.lt\/\",\"name\":\"skaitytaknyga.lt\",\"description\":\"Skaitytaknyga.lt \u2013 tai ma\u017eas \u0161eimos verslas, kuris prasid\u0117jo nuo meil\u0117s knygoms ir siekio i\u0161gelb\u0117ti knygas nuo likimo prie konteinerio. Kas vienam nereikalingas daiktas \u2013 kitam lobis, o mes esame tarpininkai, kurie padeda abiems tapti laimingesniems ???? \u017dinome kaip nelengva i\u0161gyventi ma\u017eiems verslams, tad nuo \u0161iol, \u010dia rasite ir kit\u0173, ma\u017e\u0173 \u0161eim\u0173 versl\u0173, rank\u0173 darbo, dovan\u0173 sau ir artimiesiems.\",\"publisher\":{\"@id\":\"https:\/\/skaitytaknyga.lt\/#organization\"},\"potentialAction\":[{\"@type\":\"SearchAction\",\"target\":{\"@type\":\"EntryPoint\",\"urlTemplate\":\"https:\/\/skaitytaknyga.lt\/?s={search_term_string}\"},\"query-input\":{\"@type\":\"PropertyValueSpecification\",\"valueRequired\":true,\"valueName\":\"search_term_string\"}}],\"inLanguage\":\"en-GB\"},{\"@type\":\"Organization\",\"@id\":\"https:\/\/skaitytaknyga.lt\/#organization\",\"name\":\"skaitytaknyga.lt\",\"url\":\"https:\/\/skaitytaknyga.lt\/\",\"logo\":{\"@type\":\"ImageObject\",\"inLanguage\":\"en-GB\",\"@id\":\"https:\/\/skaitytaknyga.lt\/#\/schema\/logo\/image\/\",\"url\":\"https:\/\/skaitytaknyga.lt\/wp-content\/uploads\/2024\/05\/cropped-cropped-cropped-02_00843_jt3bggkj1j3HLc7SyY6rEUpg.jpeg\",\"contentUrl\":\"https:\/\/skaitytaknyga.lt\/wp-content\/uploads\/2024\/05\/cropped-cropped-cropped-02_00843_jt3bggkj1j3HLc7SyY6rEUpg.jpeg\",\"width\":1600,\"height\":1600,\"caption\":\"skaitytaknyga.lt\"},\"image\":{\"@id\":\"https:\/\/skaitytaknyga.lt\/#\/schema\/logo\/image\/\"},\"sameAs\":[\"https:\/\/www.facebook.com\/skaitytaknyga\/\"]}]}<\/script>\n<!-- \/ Yoast SEO plugin. -->","yoast_head_json":{"title":"Alinantis perdegimas","description":"Nors ir dirbo savo svajoni\u0173 darb\u0105 \u2013 d\u0117st\u0117 universtete \u2013 Jonathanas Malesicas pasijuto apgail\u0117tinai. I\u0161gyveno perdegim\u0105. Atrod\u0117, jokia pagalba nebepad\u0117s \u2013","robots":{"index":"index","follow":"follow","max-snippet":"max-snippet:-1","max-image-preview":"max-image-preview:large","max-video-preview":"max-video-preview:-1"},"canonical":"https:\/\/skaitytaknyga.lt\/en\/produktas\/alinantis-perdegimas\/","og_locale":"en_GB","og_type":"article","og_title":"[:lt]Alinantis perdegimas[:] - Skaitytaknyga","og_description":"Nors ir dirbo savo svajoni\u0173 darb\u0105 \u2013 d\u0117st\u0117 universtete \u2013 Jonathanas Malesicas pasijuto apgail\u0117tinai. I\u0161gyveno perdegim\u0105. Atrod\u0117, jokia pagalba nebepad\u0117s \u2013","og_url":"https:\/\/skaitytaknyga.lt\/en\/produktas\/alinantis-perdegimas\/","og_site_name":"Skaitytaknyga","article_publisher":"https:\/\/www.facebook.com\/skaitytaknyga\/","article_modified_time":"2025-09-27T15:57:37+00:00","og_image":[{"width":148,"height":225,"url":"https:\/\/skaitytaknyga.lt\/wp-content\/uploads\/2025\/08\/Alinantis-perdegimas-e1756659948128.jpg","type":"image\/jpeg"}],"twitter_card":"summary_large_image","twitter_misc":{"Estimated reading time":"1 minute"},"schema":{"@context":"https:\/\/schema.org","@graph":[{"@type":"WebPage","@id":"https:\/\/skaitytaknyga.lt\/produktas\/alinantis-perdegimas\/","url":"https:\/\/skaitytaknyga.lt\/produktas\/alinantis-perdegimas\/","name":"Alinantis perdegimas","isPartOf":{"@id":"https:\/\/skaitytaknyga.lt\/#website"},"primaryImageOfPage":{"@id":"https:\/\/skaitytaknyga.lt\/produktas\/alinantis-perdegimas\/#primaryimage"},"image":{"@id":"https:\/\/skaitytaknyga.lt\/produktas\/alinantis-perdegimas\/#primaryimage"},"thumbnailUrl":"https:\/\/skaitytaknyga.lt\/wp-content\/uploads\/2025\/08\/Alinantis-perdegimas-e1756659948128.jpg","datePublished":"2025-08-28T17:35:55+00:00","dateModified":"2025-09-27T15:57:37+00:00","description":"Nors ir dirbo savo svajoni\u0173 darb\u0105 \u2013 d\u0117st\u0117 universtete \u2013 Jonathanas Malesicas pasijuto apgail\u0117tinai. I\u0161gyveno perdegim\u0105. Atrod\u0117, jokia pagalba nebepad\u0117s \u2013","breadcrumb":{"@id":"https:\/\/skaitytaknyga.lt\/produktas\/alinantis-perdegimas\/#breadcrumb"},"inLanguage":"en-GB","potentialAction":[{"@type":"ReadAction","target":["https:\/\/skaitytaknyga.lt\/produktas\/alinantis-perdegimas\/"]}]},{"@type":"ImageObject","inLanguage":"en-GB","@id":"https:\/\/skaitytaknyga.lt\/produktas\/alinantis-perdegimas\/#primaryimage","url":"https:\/\/skaitytaknyga.lt\/wp-content\/uploads\/2025\/08\/Alinantis-perdegimas-e1756659948128.jpg","contentUrl":"https:\/\/skaitytaknyga.lt\/wp-content\/uploads\/2025\/08\/Alinantis-perdegimas-e1756659948128.jpg","width":148,"height":225,"caption":"Alinantis perdegimas"},{"@type":"BreadcrumbList","@id":"https:\/\/skaitytaknyga.lt\/produktas\/alinantis-perdegimas\/#breadcrumb","itemListElement":[{"@type":"ListItem","position":1,"name":"Home","item":"https:\/\/skaitytaknyga.lt\/"},{"@type":"ListItem","position":2,"name":"Parduotuv\u0117","item":"https:\/\/skaitytaknyga.lt\/knygu-parduotuve\/"},{"@type":"ListItem","position":3,"name":"Alinantis perdegimas"}]},{"@type":"WebSite","@id":"https:\/\/skaitytaknyga.lt\/#website","url":"https:\/\/skaitytaknyga.lt\/","name":"skaitytaknyga.lt","description":"Skaitytaknyga.lt \u2013 tai ma\u017eas \u0161eimos verslas, kuris prasid\u0117jo nuo meil\u0117s knygoms ir siekio i\u0161gelb\u0117ti knygas nuo likimo prie konteinerio. Kas vienam nereikalingas daiktas \u2013 kitam lobis, o mes esame tarpininkai, kurie padeda abiems tapti laimingesniems ???? \u017dinome kaip nelengva i\u0161gyventi ma\u017eiems verslams, tad nuo \u0161iol, \u010dia rasite ir kit\u0173, ma\u017e\u0173 \u0161eim\u0173 versl\u0173, rank\u0173 darbo, dovan\u0173 sau ir artimiesiems.","publisher":{"@id":"https:\/\/skaitytaknyga.lt\/#organization"},"potentialAction":[{"@type":"SearchAction","target":{"@type":"EntryPoint","urlTemplate":"https:\/\/skaitytaknyga.lt\/?s={search_term_string}"},"query-input":{"@type":"PropertyValueSpecification","valueRequired":true,"valueName":"search_term_string"}}],"inLanguage":"en-GB"},{"@type":"Organization","@id":"https:\/\/skaitytaknyga.lt\/#organization","name":"skaitytaknyga.lt","url":"https:\/\/skaitytaknyga.lt\/","logo":{"@type":"ImageObject","inLanguage":"en-GB","@id":"https:\/\/skaitytaknyga.lt\/#\/schema\/logo\/image\/","url":"https:\/\/skaitytaknyga.lt\/wp-content\/uploads\/2024\/05\/cropped-cropped-cropped-02_00843_jt3bggkj1j3HLc7SyY6rEUpg.jpeg","contentUrl":"https:\/\/skaitytaknyga.lt\/wp-content\/uploads\/2024\/05\/cropped-cropped-cropped-02_00843_jt3bggkj1j3HLc7SyY6rEUpg.jpeg","width":1600,"height":1600,"caption":"skaitytaknyga.lt"},"image":{"@id":"https:\/\/skaitytaknyga.lt\/#\/schema\/logo\/image\/"},"sameAs":["https:\/\/www.facebook.com\/skaitytaknyga\/"]}]}},"_links":{"self":[{"href":"https:\/\/skaitytaknyga.lt\/en\/wp-json\/wp\/v2\/product\/20588","targetHints":{"allow":["GET"]}}],"collection":[{"href":"https:\/\/skaitytaknyga.lt\/en\/wp-json\/wp\/v2\/product"}],"about":[{"href":"https:\/\/skaitytaknyga.lt\/en\/wp-json\/wp\/v2\/types\/product"}],"replies":[{"embeddable":true,"href":"https:\/\/skaitytaknyga.lt\/en\/wp-json\/wp\/v2\/comments?post=20588"}],"wp:featuredmedia":[{"embeddable":true,"href":"https:\/\/skaitytaknyga.lt\/en\/wp-json\/wp\/v2\/media\/20597"}],"wp:attachment":[{"href":"https:\/\/skaitytaknyga.lt\/en\/wp-json\/wp\/v2\/media?parent=20588"}],"wp:term":[{"taxonomy":"product_brand","embeddable":true,"href":"https:\/\/skaitytaknyga.lt\/en\/wp-json\/wp\/v2\/product_brand?post=20588"},{"taxonomy":"product_cat","embeddable":true,"href":"https:\/\/skaitytaknyga.lt\/en\/wp-json\/wp\/v2\/product_cat?post=20588"},{"taxonomy":"product_tag","embeddable":true,"href":"https:\/\/skaitytaknyga.lt\/en\/wp-json\/wp\/v2\/product_tag?post=20588"}],"curies":[{"name":"wp","href":"https:\/\/api.w.org\/{rel}","templated":true}]}}