{"id":20587,"date":"2025-08-28T20:35:54","date_gmt":"2025-08-28T17:35:54","guid":{"rendered":"https:\/\/skaitytaknyga.lt\/?post_type=product&#038;p=20587"},"modified":"2026-03-18T15:02:38","modified_gmt":"2026-03-18T13:02:38","slug":"mitologijos-enciklopedija-antikine-keltu-siaures-saliu","status":"publish","type":"product","link":"https:\/\/skaitytaknyga.lt\/en\/produktas\/mitologijos-enciklopedija-antikine-keltu-siaures-saliu\/","title":{"rendered":"Mitologijos enciklopedija: Antikin\u0117, Kelt\u0173, \u0160iaur\u0117s \u0161ali\u0173"},"content":{"rendered":"<p>I\u0161samus ir puikiai iliustruotas mitologijos \u017einynas<br \/>\nDaugiau negu 500 straipsni\u0173, kuriuose ai\u0161kinami paveiksl\u0173 siu\u017eetai ir simboliai<br \/>\n\u012edomiausi Europos taut\u0173 mitai<br \/>\nDaugiau kaip 500 paveiksl\u0173 supa\u017eindina su penkiolikos \u0161imtme\u010di\u0173 menu nuo senov\u0117s iki \u0161i\u0173 dien\u0173. \u010cia pateikiami ir visiems \u017einomi meno \u0161edevrai, ir tik \u0161iai knygai parinkti darbai<br \/>\nPatraukliai papasakotos sen\u0173 laik\u0173 istorijos, kurios \u012fdomios ir \u0161iandien<\/p>\n","protected":false},"excerpt":{"rendered":"<p>I\u0161samus ir puikiai iliustruotas mitologijos \u017einynas Daugiau negu 500 straipsni\u0173, kuriuose ai\u0161kinami paveiksl\u0173 siu\u017eetai ir simboliai \u012edomiausi Europos taut\u0173 mitai Daugiau kaip 500 paveiksl\u0173 supa\u017eindina su penkiolikos \u0161imtme\u010di\u0173 menu nuo senov\u0117s iki \u0161i\u0173 dien\u0173. \u010cia pateikiami ir visiems \u017einomi meno \u0161edevrai, ir tik \u0161iai knygai parinkti darbai Patraukliai papasakotos sen\u0173 laik\u0173 istorijos, kurios \u012fdomios ir \u0161iandien<\/p>\n","protected":false},"featured_media":20592,"comment_status":"open","ping_status":"closed","template":"","meta":{"_acf_changed":false,"site-sidebar-layout":"default","site-content-layout":"","ast-site-content-layout":"default","site-content-style":"default","site-sidebar-style":"default","ast-global-header-display":"","ast-banner-title-visibility":"","ast-main-header-display":"","ast-hfb-above-header-display":"","ast-hfb-below-header-display":"","ast-hfb-mobile-header-display":"","site-post-title":"","ast-breadcrumbs-content":"","ast-featured-img":"","footer-sml-layout":"","ast-disable-related-posts":"","theme-transparent-header-meta":"","adv-header-id-meta":"","stick-header-meta":"","header-above-stick-meta":"","header-main-stick-meta":"","header-below-stick-meta":"","astra-migrate-meta-layouts":"default","ast-page-background-enabled":"default","ast-page-background-meta":{"desktop":{"background-color":"","background-image":"","background-repeat":"repeat","background-position":"center center","background-size":"auto","background-attachment":"scroll","background-type":"","background-media":"","overlay-type":"","overlay-color":"","overlay-opacity":"","overlay-gradient":""},"tablet":{"background-color":"","background-image":"","background-repeat":"repeat","background-position":"center center","background-size":"auto","background-attachment":"scroll","background-type":"","background-media":"","overlay-type":"","overlay-color":"","overlay-opacity":"","overlay-gradient":""},"mobile":{"background-color":"","background-image":"","background-repeat":"repeat","background-position":"center center","background-size":"auto","background-attachment":"scroll","background-type":"","background-media":"","overlay-type":"","overlay-color":"","overlay-opacity":"","overlay-gradient":""}},"ast-content-background-meta":{"desktop":{"background-color":"var(--ast-global-color-4)","background-image":"","background-repeat":"repeat","background-position":"center center","background-size":"auto","background-attachment":"scroll","background-type":"","background-media":"","overlay-type":"","overlay-color":"","overlay-opacity":"","overlay-gradient":""},"tablet":{"background-color":"var(--ast-global-color-4)","background-image":"","background-repeat":"repeat","background-position":"center center","background-size":"auto","background-attachment":"scroll","background-type":"","background-media":"","overlay-type":"","overlay-color":"","overlay-opacity":"","overlay-gradient":""},"mobile":{"background-color":"var(--ast-global-color-4)","background-image":"","background-repeat":"repeat","background-position":"center center","background-size":"auto","background-attachment":"scroll","background-type":"","background-media":"","overlay-type":"","overlay-color":"","overlay-opacity":"","overlay-gradient":""}}},"product_brand":[],"product_cat":[9863,174],"product_tag":[7739,2224,2376,3052,1115,7738],"class_list":{"0":"post-20587","1":"product","2":"type-product","3":"status-publish","4":"has-post-thumbnail","6":"product_cat-europos-istorija","7":"product_cat-istorija-ir-politologija","8":"product_tag-europos-mitai","9":"product_tag-istorija","10":"product_tag-kultura","11":"product_tag-menas","12":"product_tag-mitologija","13":"product_tag-mitologijos-enciklopedija","14":"desktop-align-left","15":"tablet-align-left","16":"mobile-align-left","18":"first","19":"instock","20":"shipping-taxable","21":"purchasable","22":"product-type-simple"},"acf":[],"yoast_head":"<!-- This site is optimized with the Yoast SEO plugin v27.0 - https:\/\/yoast.com\/product\/yoast-seo-wordpress\/ -->\n<title>Mitologijos enciklopedija: Antikin\u0117, Kelt\u0173, \u0160iaur\u0117s \u0161ali\u0173<\/title>\n<meta name=\"description\" content=\"I\u0161samus ir puikiai iliustruotas mitologijos \u017einynas Daugiau negu 500 straipsni\u0173, kuriuose ai\u0161kinami paveiksl\u0173 siu\u017eetai ir simboliai \u012edomiausi Europos\" \/>\n<meta name=\"robots\" content=\"index, follow, max-snippet:-1, max-image-preview:large, max-video-preview:-1\" \/>\n<link rel=\"canonical\" href=\"https:\/\/skaitytaknyga.lt\/en\/produktas\/mitologijos-enciklopedija-antikine-keltu-siaures-saliu\/\" \/>\n<meta property=\"og:locale\" content=\"en_GB\" \/>\n<meta property=\"og:locale:alternate\" content=\"lt_LT\" \/>\n<meta property=\"og:type\" content=\"article\" \/>\n<meta property=\"og:title\" content=\"Mitologijos enciklopedija: Antikin\u0117, Kelt\u0173, \u0160iaur\u0117s \u0161ali\u0173\" \/>\n<meta property=\"og:description\" content=\"I\u0161samus ir puikiai iliustruotas mitologijos \u017einynas Daugiau negu 500 straipsni\u0173, kuriuose ai\u0161kinami paveiksl\u0173 siu\u017eetai ir simboliai \u012edomiausi Europos\" \/>\n<meta property=\"og:url\" content=\"https:\/\/skaitytaknyga.lt\/en\/produktas\/mitologijos-enciklopedija-antikine-keltu-siaures-saliu\/\" \/>\n<meta property=\"og:site_name\" content=\"Skaitytaknyga\" \/>\n<meta property=\"article:publisher\" content=\"https:\/\/www.facebook.com\/skaitytaknyga\/\" \/>\n<meta property=\"article:modified_time\" content=\"2026-03-18T13:02:38+00:00\" \/>\n<meta property=\"og:image\" content=\"https:\/\/skaitytaknyga.lt\/wp-content\/uploads\/2025\/08\/Mitologijos-enciklopedija2-1.webp\" \/>\n\t<meta property=\"og:image:width\" content=\"300\" \/>\n\t<meta property=\"og:image:height\" content=\"412\" \/>\n\t<meta property=\"og:image:type\" content=\"image\/webp\" \/>\n<meta name=\"twitter:card\" content=\"summary_large_image\" \/>\n<script type=\"application\/ld+json\" class=\"yoast-schema-graph\">{\"@context\":\"https:\/\/schema.org\",\"@graph\":[{\"@type\":\"WebPage\",\"@id\":\"https:\/\/skaitytaknyga.lt\/produktas\/mitologijos-enciklopedija-antikine-keltu-siaures-saliu\/\",\"url\":\"https:\/\/skaitytaknyga.lt\/produktas\/mitologijos-enciklopedija-antikine-keltu-siaures-saliu\/\",\"name\":\"Mitologijos enciklopedija: Antikin\u0117, Kelt\u0173, \u0160iaur\u0117s \u0161ali\u0173\",\"isPartOf\":{\"@id\":\"https:\/\/skaitytaknyga.lt\/#website\"},\"primaryImageOfPage\":{\"@id\":\"https:\/\/skaitytaknyga.lt\/produktas\/mitologijos-enciklopedija-antikine-keltu-siaures-saliu\/#primaryimage\"},\"image\":{\"@id\":\"https:\/\/skaitytaknyga.lt\/produktas\/mitologijos-enciklopedija-antikine-keltu-siaures-saliu\/#primaryimage\"},\"thumbnailUrl\":\"https:\/\/skaitytaknyga.lt\/wp-content\/uploads\/2025\/08\/Mitologijos-enciklopedija2-1.webp\",\"datePublished\":\"2025-08-28T17:35:54+00:00\",\"dateModified\":\"2026-03-18T13:02:38+00:00\",\"description\":\"I\u0161samus ir puikiai iliustruotas mitologijos \u017einynas Daugiau negu 500 straipsni\u0173, kuriuose ai\u0161kinami paveiksl\u0173 siu\u017eetai ir simboliai \u012edomiausi Europos\",\"breadcrumb\":{\"@id\":\"https:\/\/skaitytaknyga.lt\/produktas\/mitologijos-enciklopedija-antikine-keltu-siaures-saliu\/#breadcrumb\"},\"inLanguage\":\"en-GB\",\"potentialAction\":[{\"@type\":\"ReadAction\",\"target\":[\"https:\/\/skaitytaknyga.lt\/produktas\/mitologijos-enciklopedija-antikine-keltu-siaures-saliu\/\"]}]},{\"@type\":\"ImageObject\",\"inLanguage\":\"en-GB\",\"@id\":\"https:\/\/skaitytaknyga.lt\/produktas\/mitologijos-enciklopedija-antikine-keltu-siaures-saliu\/#primaryimage\",\"url\":\"https:\/\/skaitytaknyga.lt\/wp-content\/uploads\/2025\/08\/Mitologijos-enciklopedija2-1.webp\",\"contentUrl\":\"https:\/\/skaitytaknyga.lt\/wp-content\/uploads\/2025\/08\/Mitologijos-enciklopedija2-1.webp\",\"width\":300,\"height\":412,\"caption\":\"Mitologijos enciklopedija: Antikin\u0117, Kelt\u0173, \u0160iaur\u0117s \u0161ali\u0173\"},{\"@type\":\"BreadcrumbList\",\"@id\":\"https:\/\/skaitytaknyga.lt\/produktas\/mitologijos-enciklopedija-antikine-keltu-siaures-saliu\/#breadcrumb\",\"itemListElement\":[{\"@type\":\"ListItem\",\"position\":1,\"name\":\"Home\",\"item\":\"https:\/\/skaitytaknyga.lt\/\"},{\"@type\":\"ListItem\",\"position\":2,\"name\":\"Parduotuv\u0117\",\"item\":\"https:\/\/skaitytaknyga.lt\/knygu-parduotuve\/\"},{\"@type\":\"ListItem\",\"position\":3,\"name\":\"Mitologijos enciklopedija: Antikin\u0117, Kelt\u0173, \u0160iaur\u0117s \u0161ali\u0173\"}]},{\"@type\":\"WebSite\",\"@id\":\"https:\/\/skaitytaknyga.lt\/#website\",\"url\":\"https:\/\/skaitytaknyga.lt\/\",\"name\":\"skaitytaknyga.lt\",\"description\":\"Skaitytaknyga.lt \u2013 tai ma\u017eas \u0161eimos verslas, kuris prasid\u0117jo nuo meil\u0117s knygoms ir siekio i\u0161gelb\u0117ti knygas nuo likimo prie konteinerio. Kas vienam nereikalingas daiktas \u2013 kitam lobis, o mes esame tarpininkai, kurie padeda abiems tapti laimingesniems ???? \u017dinome kaip nelengva i\u0161gyventi ma\u017eiems verslams, tad nuo \u0161iol, \u010dia rasite ir kit\u0173, ma\u017e\u0173 \u0161eim\u0173 versl\u0173, rank\u0173 darbo, dovan\u0173 sau ir artimiesiems.\",\"publisher\":{\"@id\":\"https:\/\/skaitytaknyga.lt\/#organization\"},\"potentialAction\":[{\"@type\":\"SearchAction\",\"target\":{\"@type\":\"EntryPoint\",\"urlTemplate\":\"https:\/\/skaitytaknyga.lt\/?s={search_term_string}\"},\"query-input\":{\"@type\":\"PropertyValueSpecification\",\"valueRequired\":true,\"valueName\":\"search_term_string\"}}],\"inLanguage\":\"en-GB\"},{\"@type\":\"Organization\",\"@id\":\"https:\/\/skaitytaknyga.lt\/#organization\",\"name\":\"skaitytaknyga.lt\",\"url\":\"https:\/\/skaitytaknyga.lt\/\",\"logo\":{\"@type\":\"ImageObject\",\"inLanguage\":\"en-GB\",\"@id\":\"https:\/\/skaitytaknyga.lt\/#\/schema\/logo\/image\/\",\"url\":\"https:\/\/skaitytaknyga.lt\/wp-content\/uploads\/2024\/05\/cropped-cropped-cropped-02_00843_jt3bggkj1j3HLc7SyY6rEUpg.jpeg\",\"contentUrl\":\"https:\/\/skaitytaknyga.lt\/wp-content\/uploads\/2024\/05\/cropped-cropped-cropped-02_00843_jt3bggkj1j3HLc7SyY6rEUpg.jpeg\",\"width\":1600,\"height\":1600,\"caption\":\"skaitytaknyga.lt\"},\"image\":{\"@id\":\"https:\/\/skaitytaknyga.lt\/#\/schema\/logo\/image\/\"},\"sameAs\":[\"https:\/\/www.facebook.com\/skaitytaknyga\/\"]}]}<\/script>\n<!-- \/ Yoast SEO plugin. -->","yoast_head_json":{"title":"Mitologijos enciklopedija: Antikin\u0117, Kelt\u0173, \u0160iaur\u0117s \u0161ali\u0173","description":"I\u0161samus ir puikiai iliustruotas mitologijos \u017einynas Daugiau negu 500 straipsni\u0173, kuriuose ai\u0161kinami paveiksl\u0173 siu\u017eetai ir simboliai \u012edomiausi Europos","robots":{"index":"index","follow":"follow","max-snippet":"max-snippet:-1","max-image-preview":"max-image-preview:large","max-video-preview":"max-video-preview:-1"},"canonical":"https:\/\/skaitytaknyga.lt\/en\/produktas\/mitologijos-enciklopedija-antikine-keltu-siaures-saliu\/","og_locale":"en_GB","og_type":"article","og_title":"[:lt]Mitologijos enciklopedija: Antikin\u0117, Kelt\u0173, \u0160iaur\u0117s \u0161ali\u0173[:] - Skaitytaknyga","og_description":"I\u0161samus ir puikiai iliustruotas mitologijos \u017einynas Daugiau negu 500 straipsni\u0173, kuriuose ai\u0161kinami paveiksl\u0173 siu\u017eetai ir simboliai \u012edomiausi Europos","og_url":"https:\/\/skaitytaknyga.lt\/en\/produktas\/mitologijos-enciklopedija-antikine-keltu-siaures-saliu\/","og_site_name":"Skaitytaknyga","article_publisher":"https:\/\/www.facebook.com\/skaitytaknyga\/","article_modified_time":"2026-03-18T13:02:38+00:00","og_image":[{"width":300,"height":412,"url":"https:\/\/skaitytaknyga.lt\/wp-content\/uploads\/2025\/08\/Mitologijos-enciklopedija2-1.webp","type":"image\/webp"}],"twitter_card":"summary_large_image","schema":{"@context":"https:\/\/schema.org","@graph":[{"@type":"WebPage","@id":"https:\/\/skaitytaknyga.lt\/produktas\/mitologijos-enciklopedija-antikine-keltu-siaures-saliu\/","url":"https:\/\/skaitytaknyga.lt\/produktas\/mitologijos-enciklopedija-antikine-keltu-siaures-saliu\/","name":"Mitologijos enciklopedija: Antikin\u0117, Kelt\u0173, \u0160iaur\u0117s \u0161ali\u0173","isPartOf":{"@id":"https:\/\/skaitytaknyga.lt\/#website"},"primaryImageOfPage":{"@id":"https:\/\/skaitytaknyga.lt\/produktas\/mitologijos-enciklopedija-antikine-keltu-siaures-saliu\/#primaryimage"},"image":{"@id":"https:\/\/skaitytaknyga.lt\/produktas\/mitologijos-enciklopedija-antikine-keltu-siaures-saliu\/#primaryimage"},"thumbnailUrl":"https:\/\/skaitytaknyga.lt\/wp-content\/uploads\/2025\/08\/Mitologijos-enciklopedija2-1.webp","datePublished":"2025-08-28T17:35:54+00:00","dateModified":"2026-03-18T13:02:38+00:00","description":"I\u0161samus ir puikiai iliustruotas mitologijos \u017einynas Daugiau negu 500 straipsni\u0173, kuriuose ai\u0161kinami paveiksl\u0173 siu\u017eetai ir simboliai \u012edomiausi Europos","breadcrumb":{"@id":"https:\/\/skaitytaknyga.lt\/produktas\/mitologijos-enciklopedija-antikine-keltu-siaures-saliu\/#breadcrumb"},"inLanguage":"en-GB","potentialAction":[{"@type":"ReadAction","target":["https:\/\/skaitytaknyga.lt\/produktas\/mitologijos-enciklopedija-antikine-keltu-siaures-saliu\/"]}]},{"@type":"ImageObject","inLanguage":"en-GB","@id":"https:\/\/skaitytaknyga.lt\/produktas\/mitologijos-enciklopedija-antikine-keltu-siaures-saliu\/#primaryimage","url":"https:\/\/skaitytaknyga.lt\/wp-content\/uploads\/2025\/08\/Mitologijos-enciklopedija2-1.webp","contentUrl":"https:\/\/skaitytaknyga.lt\/wp-content\/uploads\/2025\/08\/Mitologijos-enciklopedija2-1.webp","width":300,"height":412,"caption":"Mitologijos enciklopedija: Antikin\u0117, Kelt\u0173, \u0160iaur\u0117s \u0161ali\u0173"},{"@type":"BreadcrumbList","@id":"https:\/\/skaitytaknyga.lt\/produktas\/mitologijos-enciklopedija-antikine-keltu-siaures-saliu\/#breadcrumb","itemListElement":[{"@type":"ListItem","position":1,"name":"Home","item":"https:\/\/skaitytaknyga.lt\/"},{"@type":"ListItem","position":2,"name":"Parduotuv\u0117","item":"https:\/\/skaitytaknyga.lt\/knygu-parduotuve\/"},{"@type":"ListItem","position":3,"name":"Mitologijos enciklopedija: Antikin\u0117, Kelt\u0173, \u0160iaur\u0117s \u0161ali\u0173"}]},{"@type":"WebSite","@id":"https:\/\/skaitytaknyga.lt\/#website","url":"https:\/\/skaitytaknyga.lt\/","name":"skaitytaknyga.lt","description":"Skaitytaknyga.lt \u2013 tai ma\u017eas \u0161eimos verslas, kuris prasid\u0117jo nuo meil\u0117s knygoms ir siekio i\u0161gelb\u0117ti knygas nuo likimo prie konteinerio. Kas vienam nereikalingas daiktas \u2013 kitam lobis, o mes esame tarpininkai, kurie padeda abiems tapti laimingesniems ???? \u017dinome kaip nelengva i\u0161gyventi ma\u017eiems verslams, tad nuo \u0161iol, \u010dia rasite ir kit\u0173, ma\u017e\u0173 \u0161eim\u0173 versl\u0173, rank\u0173 darbo, dovan\u0173 sau ir artimiesiems.","publisher":{"@id":"https:\/\/skaitytaknyga.lt\/#organization"},"potentialAction":[{"@type":"SearchAction","target":{"@type":"EntryPoint","urlTemplate":"https:\/\/skaitytaknyga.lt\/?s={search_term_string}"},"query-input":{"@type":"PropertyValueSpecification","valueRequired":true,"valueName":"search_term_string"}}],"inLanguage":"en-GB"},{"@type":"Organization","@id":"https:\/\/skaitytaknyga.lt\/#organization","name":"skaitytaknyga.lt","url":"https:\/\/skaitytaknyga.lt\/","logo":{"@type":"ImageObject","inLanguage":"en-GB","@id":"https:\/\/skaitytaknyga.lt\/#\/schema\/logo\/image\/","url":"https:\/\/skaitytaknyga.lt\/wp-content\/uploads\/2024\/05\/cropped-cropped-cropped-02_00843_jt3bggkj1j3HLc7SyY6rEUpg.jpeg","contentUrl":"https:\/\/skaitytaknyga.lt\/wp-content\/uploads\/2024\/05\/cropped-cropped-cropped-02_00843_jt3bggkj1j3HLc7SyY6rEUpg.jpeg","width":1600,"height":1600,"caption":"skaitytaknyga.lt"},"image":{"@id":"https:\/\/skaitytaknyga.lt\/#\/schema\/logo\/image\/"},"sameAs":["https:\/\/www.facebook.com\/skaitytaknyga\/"]}]}},"_links":{"self":[{"href":"https:\/\/skaitytaknyga.lt\/en\/wp-json\/wp\/v2\/product\/20587","targetHints":{"allow":["GET"]}}],"collection":[{"href":"https:\/\/skaitytaknyga.lt\/en\/wp-json\/wp\/v2\/product"}],"about":[{"href":"https:\/\/skaitytaknyga.lt\/en\/wp-json\/wp\/v2\/types\/product"}],"replies":[{"embeddable":true,"href":"https:\/\/skaitytaknyga.lt\/en\/wp-json\/wp\/v2\/comments?post=20587"}],"wp:featuredmedia":[{"embeddable":true,"href":"https:\/\/skaitytaknyga.lt\/en\/wp-json\/wp\/v2\/media\/20592"}],"wp:attachment":[{"href":"https:\/\/skaitytaknyga.lt\/en\/wp-json\/wp\/v2\/media?parent=20587"}],"wp:term":[{"taxonomy":"product_brand","embeddable":true,"href":"https:\/\/skaitytaknyga.lt\/en\/wp-json\/wp\/v2\/product_brand?post=20587"},{"taxonomy":"product_cat","embeddable":true,"href":"https:\/\/skaitytaknyga.lt\/en\/wp-json\/wp\/v2\/product_cat?post=20587"},{"taxonomy":"product_tag","embeddable":true,"href":"https:\/\/skaitytaknyga.lt\/en\/wp-json\/wp\/v2\/product_tag?post=20587"}],"curies":[{"name":"wp","href":"https:\/\/api.w.org\/{rel}","templated":true}]}}