{"id":20586,"date":"2025-08-28T20:35:54","date_gmt":"2025-08-28T17:35:54","guid":{"rendered":"https:\/\/skaitytaknyga.lt\/?post_type=product&#038;p=20586"},"modified":"2025-09-27T18:57:37","modified_gmt":"2025-09-27T15:57:37","slug":"laimingos-santuokos-receptai","status":"publish","type":"product","link":"https:\/\/skaitytaknyga.lt\/en\/produktas\/laimingos-santuokos-receptai\/","title":{"rendered":"Laimingos santuokos receptai"},"content":{"rendered":"<p>Ilgai lauktame populiariosios knygos \u201eTinkama vyr\u0173 prie\u017ei\u016bra ir maitinimas\u201c t\u0119sinyje dr. Laura Schlessinger pabr\u0117\u017eia vyri\u0161kojo ir moteri\u0161kojo prado unikalum\u0105 ir remdamasi gyvenimi\u0161kais pavyzd\u017eiais pateikia \u012fvairi\u0173 j\u0173 sprendim\u0173 variant\u0173; autor\u0117 i\u0161skiria b\u016bdingas klaidas, kurias bendraudami daro vyrai ir moterys, bei parodo, kad santuokos gali ne tik gyvuoti, bet ir klest\u0117ti.<\/p>\n<p>Kaip grojant skirtingais instrumentais i\u0161saugoti \u0161eimos orkestro darn\u0173 skambes\u012f?<\/p>\n<p>1. Elkit\u0117s su sutuoktiniu taip, tarsi myl\u0117tum\u0117te j\u012f\/j\u0105 savo paskutin\u0119 gyvenimo akimirk\u0105 \u2013 kad ir kokie prie\u0161ingi jausmai tuo metu jus b\u016bt\u0173 ap\u0117m\u0119.<\/p>\n<p>2. Kiekvien\u0105 dien\u0105 rimtai susim\u0105stykite, kuo galite prisid\u0117ti, kad j\u016bs\u0173 sutuoktinio gyvenimas b\u016bt\u0173 geresnis ir laimingesnis.<br \/>\n3. B\u016bkite toks \u017emogus, kur\u012f nor\u0117tum\u0117te myl\u0117ti, apkabinti, pas kur\u012f skub\u0117tum\u0117te sugr\u012f\u017eti namo, d\u0117l kurio gal\u0117tum\u0117te aukotis.<\/p>\n<p>Jei laikysit\u0117s \u0161i\u0173 trij\u0173 dr. Lauros Schlessinger taisykli\u0173, savo santuok\u0105 tikrai i\u0161gelb\u0117site nuo katastrofos!<\/p>\n","protected":false},"excerpt":{"rendered":"<p>Ilgai lauktame populiariosios knygos \u201eTinkama vyr\u0173 prie\u017ei\u016bra ir maitinimas\u201c t\u0119sinyje dr. Laura Schlessinger pabr\u0117\u017eia vyri\u0161kojo ir moteri\u0161kojo prado unikalum\u0105 ir remdamasi gyvenimi\u0161kais pavyzd\u017eiais pateikia \u012fvairi\u0173 j\u0173 sprendim\u0173 variant\u0173; autor\u0117 i\u0161skiria b\u016bdingas klaidas, kurias bendraudami daro vyrai ir moterys, bei parodo, kad santuokos gali ne tik gyvuoti, bet ir klest\u0117ti. Kaip grojant skirtingais instrumentais i\u0161saugoti \u0161eimos orkestro darn\u0173 skambes\u012f? 1. Elkit\u0117s su sutuoktiniu taip, tarsi myl\u0117tum\u0117te j\u012f\/j\u0105 savo paskutin\u0119 gyvenimo akimirk\u0105 \u2013 kad ir kokie prie\u0161ingi jausmai tuo metu jus b\u016bt\u0173 ap\u0117m\u0119. 2. Kiekvien\u0105 dien\u0105 rimtai susim\u0105stykite, kuo galite prisid\u0117ti, kad j\u016bs\u0173 sutuoktinio gyvenimas b\u016bt\u0173 geresnis ir laimingesnis. 3. B\u016bkite toks \u017emogus, kur\u012f nor\u0117tum\u0117te myl\u0117ti, apkabinti, pas kur\u012f skub\u0117tum\u0117te sugr\u012f\u017eti namo, d\u0117l kurio gal\u0117tum\u0117te aukotis. Jei laikysit\u0117s \u0161i\u0173 trij\u0173 dr. Lauros Schlessinger taisykli\u0173, savo santuok\u0105 tikrai i\u0161gelb\u0117site nuo katastrofos!<\/p>\n","protected":false},"featured_media":20591,"comment_status":"open","ping_status":"closed","template":"","meta":{"_acf_changed":false,"site-sidebar-layout":"default","site-content-layout":"","ast-site-content-layout":"default","site-content-style":"default","site-sidebar-style":"default","ast-global-header-display":"","ast-banner-title-visibility":"","ast-main-header-display":"","ast-hfb-above-header-display":"","ast-hfb-below-header-display":"","ast-hfb-mobile-header-display":"","site-post-title":"","ast-breadcrumbs-content":"","ast-featured-img":"","footer-sml-layout":"","ast-disable-related-posts":"","theme-transparent-header-meta":"","adv-header-id-meta":"","stick-header-meta":"","header-above-stick-meta":"","header-main-stick-meta":"","header-below-stick-meta":"","astra-migrate-meta-layouts":"default","ast-page-background-enabled":"default","ast-page-background-meta":{"desktop":{"background-color":"","background-image":"","background-repeat":"repeat","background-position":"center center","background-size":"auto","background-attachment":"scroll","background-type":"","background-media":"","overlay-type":"","overlay-color":"","overlay-opacity":"","overlay-gradient":""},"tablet":{"background-color":"","background-image":"","background-repeat":"repeat","background-position":"center center","background-size":"auto","background-attachment":"scroll","background-type":"","background-media":"","overlay-type":"","overlay-color":"","overlay-opacity":"","overlay-gradient":""},"mobile":{"background-color":"","background-image":"","background-repeat":"repeat","background-position":"center center","background-size":"auto","background-attachment":"scroll","background-type":"","background-media":"","overlay-type":"","overlay-color":"","overlay-opacity":"","overlay-gradient":""}},"ast-content-background-meta":{"desktop":{"background-color":"var(--ast-global-color-4)","background-image":"","background-repeat":"repeat","background-position":"center center","background-size":"auto","background-attachment":"scroll","background-type":"","background-media":"","overlay-type":"","overlay-color":"","overlay-opacity":"","overlay-gradient":""},"tablet":{"background-color":"var(--ast-global-color-4)","background-image":"","background-repeat":"repeat","background-position":"center center","background-size":"auto","background-attachment":"scroll","background-type":"","background-media":"","overlay-type":"","overlay-color":"","overlay-opacity":"","overlay-gradient":""},"mobile":{"background-color":"var(--ast-global-color-4)","background-image":"","background-repeat":"repeat","background-position":"center center","background-size":"auto","background-attachment":"scroll","background-type":"","background-media":"","overlay-type":"","overlay-color":"","overlay-opacity":"","overlay-gradient":""}}},"product_brand":[],"product_cat":[30],"product_tag":[7686,7737,3432,2745,1417,1646],"class_list":{"0":"post-20586","1":"product","2":"type-product","3":"status-publish","4":"has-post-thumbnail","6":"product_cat-psichologija-ir-saviugda","7":"product_tag-gyvenimo-pamokos","8":"product_tag-laura-schlessinger","9":"product_tag-patarimai","10":"product_tag-santuoka","11":"product_tag-santykiai","12":"product_tag-seima","13":"desktop-align-left","14":"tablet-align-left","15":"mobile-align-left","17":"first","18":"instock","19":"shipping-taxable","20":"purchasable","21":"product-type-simple"},"acf":[],"yoast_head":"<!-- This site is optimized with the Yoast SEO plugin v27.0 - https:\/\/yoast.com\/product\/yoast-seo-wordpress\/ -->\n<title>Laimingos santuokos receptai<\/title>\n<meta name=\"description\" content=\"Ilgai lauktame populiariosios knygos \u201eTinkama vyr\u0173 prie\u017ei\u016bra ir maitinimas\u201c t\u0119sinyje dr. Laura Schlessinger pabr\u0117\u017eia vyri\u0161kojo ir moteri\u0161kojo prado\" \/>\n<meta name=\"robots\" content=\"index, follow, max-snippet:-1, max-image-preview:large, max-video-preview:-1\" \/>\n<link rel=\"canonical\" href=\"https:\/\/skaitytaknyga.lt\/en\/produktas\/laimingos-santuokos-receptai\/\" \/>\n<meta property=\"og:locale\" content=\"en_GB\" \/>\n<meta property=\"og:locale:alternate\" content=\"lt_LT\" \/>\n<meta property=\"og:type\" content=\"article\" \/>\n<meta property=\"og:title\" content=\"Laimingos santuokos receptai\" \/>\n<meta property=\"og:description\" content=\"Ilgai lauktame populiariosios knygos \u201eTinkama vyr\u0173 prie\u017ei\u016bra ir maitinimas\u201c t\u0119sinyje dr. Laura Schlessinger pabr\u0117\u017eia vyri\u0161kojo ir moteri\u0161kojo prado\" \/>\n<meta property=\"og:url\" content=\"https:\/\/skaitytaknyga.lt\/en\/produktas\/laimingos-santuokos-receptai\/\" \/>\n<meta property=\"og:site_name\" content=\"Skaitytaknyga\" \/>\n<meta property=\"article:publisher\" content=\"https:\/\/www.facebook.com\/skaitytaknyga\/\" \/>\n<meta property=\"article:modified_time\" content=\"2025-09-27T15:57:37+00:00\" \/>\n<meta property=\"og:image\" content=\"https:\/\/skaitytaknyga.lt\/wp-content\/uploads\/2025\/08\/Laimingos-santuokos-receptai-e1756402736103.webp\" \/>\n\t<meta property=\"og:image:width\" content=\"463\" \/>\n\t<meta property=\"og:image:height\" content=\"735\" \/>\n\t<meta property=\"og:image:type\" content=\"image\/webp\" \/>\n<meta name=\"twitter:card\" content=\"summary_large_image\" \/>\n<meta name=\"twitter:label1\" content=\"Estimated reading time\" \/>\n\t<meta name=\"twitter:data1\" content=\"1 minute\" \/>\n<script type=\"application\/ld+json\" class=\"yoast-schema-graph\">{\"@context\":\"https:\/\/schema.org\",\"@graph\":[{\"@type\":\"WebPage\",\"@id\":\"https:\/\/skaitytaknyga.lt\/produktas\/laimingos-santuokos-receptai\/\",\"url\":\"https:\/\/skaitytaknyga.lt\/produktas\/laimingos-santuokos-receptai\/\",\"name\":\"Laimingos santuokos receptai\",\"isPartOf\":{\"@id\":\"https:\/\/skaitytaknyga.lt\/#website\"},\"primaryImageOfPage\":{\"@id\":\"https:\/\/skaitytaknyga.lt\/produktas\/laimingos-santuokos-receptai\/#primaryimage\"},\"image\":{\"@id\":\"https:\/\/skaitytaknyga.lt\/produktas\/laimingos-santuokos-receptai\/#primaryimage\"},\"thumbnailUrl\":\"https:\/\/skaitytaknyga.lt\/wp-content\/uploads\/2025\/08\/Laimingos-santuokos-receptai-e1756402736103.webp\",\"datePublished\":\"2025-08-28T17:35:54+00:00\",\"dateModified\":\"2025-09-27T15:57:37+00:00\",\"description\":\"Ilgai lauktame populiariosios knygos \u201eTinkama vyr\u0173 prie\u017ei\u016bra ir maitinimas\u201c t\u0119sinyje dr. Laura Schlessinger pabr\u0117\u017eia vyri\u0161kojo ir moteri\u0161kojo prado\",\"breadcrumb\":{\"@id\":\"https:\/\/skaitytaknyga.lt\/produktas\/laimingos-santuokos-receptai\/#breadcrumb\"},\"inLanguage\":\"en-GB\",\"potentialAction\":[{\"@type\":\"ReadAction\",\"target\":[\"https:\/\/skaitytaknyga.lt\/produktas\/laimingos-santuokos-receptai\/\"]}]},{\"@type\":\"ImageObject\",\"inLanguage\":\"en-GB\",\"@id\":\"https:\/\/skaitytaknyga.lt\/produktas\/laimingos-santuokos-receptai\/#primaryimage\",\"url\":\"https:\/\/skaitytaknyga.lt\/wp-content\/uploads\/2025\/08\/Laimingos-santuokos-receptai-e1756402736103.webp\",\"contentUrl\":\"https:\/\/skaitytaknyga.lt\/wp-content\/uploads\/2025\/08\/Laimingos-santuokos-receptai-e1756402736103.webp\",\"width\":463,\"height\":735,\"caption\":\"Laimingos santuokos receptai\"},{\"@type\":\"BreadcrumbList\",\"@id\":\"https:\/\/skaitytaknyga.lt\/produktas\/laimingos-santuokos-receptai\/#breadcrumb\",\"itemListElement\":[{\"@type\":\"ListItem\",\"position\":1,\"name\":\"Home\",\"item\":\"https:\/\/skaitytaknyga.lt\/\"},{\"@type\":\"ListItem\",\"position\":2,\"name\":\"Parduotuv\u0117\",\"item\":\"https:\/\/skaitytaknyga.lt\/knygu-parduotuve\/\"},{\"@type\":\"ListItem\",\"position\":3,\"name\":\"Laimingos santuokos receptai\"}]},{\"@type\":\"WebSite\",\"@id\":\"https:\/\/skaitytaknyga.lt\/#website\",\"url\":\"https:\/\/skaitytaknyga.lt\/\",\"name\":\"skaitytaknyga.lt\",\"description\":\"Skaitytaknyga.lt \u2013 tai ma\u017eas \u0161eimos verslas, kuris prasid\u0117jo nuo meil\u0117s knygoms ir siekio i\u0161gelb\u0117ti knygas nuo likimo prie konteinerio. Kas vienam nereikalingas daiktas \u2013 kitam lobis, o mes esame tarpininkai, kurie padeda abiems tapti laimingesniems ???? \u017dinome kaip nelengva i\u0161gyventi ma\u017eiems verslams, tad nuo \u0161iol, \u010dia rasite ir kit\u0173, ma\u017e\u0173 \u0161eim\u0173 versl\u0173, rank\u0173 darbo, dovan\u0173 sau ir artimiesiems.\",\"publisher\":{\"@id\":\"https:\/\/skaitytaknyga.lt\/#organization\"},\"potentialAction\":[{\"@type\":\"SearchAction\",\"target\":{\"@type\":\"EntryPoint\",\"urlTemplate\":\"https:\/\/skaitytaknyga.lt\/?s={search_term_string}\"},\"query-input\":{\"@type\":\"PropertyValueSpecification\",\"valueRequired\":true,\"valueName\":\"search_term_string\"}}],\"inLanguage\":\"en-GB\"},{\"@type\":\"Organization\",\"@id\":\"https:\/\/skaitytaknyga.lt\/#organization\",\"name\":\"skaitytaknyga.lt\",\"url\":\"https:\/\/skaitytaknyga.lt\/\",\"logo\":{\"@type\":\"ImageObject\",\"inLanguage\":\"en-GB\",\"@id\":\"https:\/\/skaitytaknyga.lt\/#\/schema\/logo\/image\/\",\"url\":\"https:\/\/skaitytaknyga.lt\/wp-content\/uploads\/2024\/05\/cropped-cropped-cropped-02_00843_jt3bggkj1j3HLc7SyY6rEUpg.jpeg\",\"contentUrl\":\"https:\/\/skaitytaknyga.lt\/wp-content\/uploads\/2024\/05\/cropped-cropped-cropped-02_00843_jt3bggkj1j3HLc7SyY6rEUpg.jpeg\",\"width\":1600,\"height\":1600,\"caption\":\"skaitytaknyga.lt\"},\"image\":{\"@id\":\"https:\/\/skaitytaknyga.lt\/#\/schema\/logo\/image\/\"},\"sameAs\":[\"https:\/\/www.facebook.com\/skaitytaknyga\/\"]}]}<\/script>\n<!-- \/ Yoast SEO plugin. -->","yoast_head_json":{"title":"Laimingos santuokos receptai","description":"Ilgai lauktame populiariosios knygos \u201eTinkama vyr\u0173 prie\u017ei\u016bra ir maitinimas\u201c t\u0119sinyje dr. Laura Schlessinger pabr\u0117\u017eia vyri\u0161kojo ir moteri\u0161kojo prado","robots":{"index":"index","follow":"follow","max-snippet":"max-snippet:-1","max-image-preview":"max-image-preview:large","max-video-preview":"max-video-preview:-1"},"canonical":"https:\/\/skaitytaknyga.lt\/en\/produktas\/laimingos-santuokos-receptai\/","og_locale":"en_GB","og_type":"article","og_title":"[:lt]Laimingos santuokos receptai[:] - Skaitytaknyga","og_description":"Ilgai lauktame populiariosios knygos \u201eTinkama vyr\u0173 prie\u017ei\u016bra ir maitinimas\u201c t\u0119sinyje dr. Laura Schlessinger pabr\u0117\u017eia vyri\u0161kojo ir moteri\u0161kojo prado","og_url":"https:\/\/skaitytaknyga.lt\/en\/produktas\/laimingos-santuokos-receptai\/","og_site_name":"Skaitytaknyga","article_publisher":"https:\/\/www.facebook.com\/skaitytaknyga\/","article_modified_time":"2025-09-27T15:57:37+00:00","og_image":[{"width":463,"height":735,"url":"https:\/\/skaitytaknyga.lt\/wp-content\/uploads\/2025\/08\/Laimingos-santuokos-receptai-e1756402736103.webp","type":"image\/webp"}],"twitter_card":"summary_large_image","twitter_misc":{"Estimated reading time":"1 minute"},"schema":{"@context":"https:\/\/schema.org","@graph":[{"@type":"WebPage","@id":"https:\/\/skaitytaknyga.lt\/produktas\/laimingos-santuokos-receptai\/","url":"https:\/\/skaitytaknyga.lt\/produktas\/laimingos-santuokos-receptai\/","name":"Laimingos santuokos receptai","isPartOf":{"@id":"https:\/\/skaitytaknyga.lt\/#website"},"primaryImageOfPage":{"@id":"https:\/\/skaitytaknyga.lt\/produktas\/laimingos-santuokos-receptai\/#primaryimage"},"image":{"@id":"https:\/\/skaitytaknyga.lt\/produktas\/laimingos-santuokos-receptai\/#primaryimage"},"thumbnailUrl":"https:\/\/skaitytaknyga.lt\/wp-content\/uploads\/2025\/08\/Laimingos-santuokos-receptai-e1756402736103.webp","datePublished":"2025-08-28T17:35:54+00:00","dateModified":"2025-09-27T15:57:37+00:00","description":"Ilgai lauktame populiariosios knygos \u201eTinkama vyr\u0173 prie\u017ei\u016bra ir maitinimas\u201c t\u0119sinyje dr. Laura Schlessinger pabr\u0117\u017eia vyri\u0161kojo ir moteri\u0161kojo prado","breadcrumb":{"@id":"https:\/\/skaitytaknyga.lt\/produktas\/laimingos-santuokos-receptai\/#breadcrumb"},"inLanguage":"en-GB","potentialAction":[{"@type":"ReadAction","target":["https:\/\/skaitytaknyga.lt\/produktas\/laimingos-santuokos-receptai\/"]}]},{"@type":"ImageObject","inLanguage":"en-GB","@id":"https:\/\/skaitytaknyga.lt\/produktas\/laimingos-santuokos-receptai\/#primaryimage","url":"https:\/\/skaitytaknyga.lt\/wp-content\/uploads\/2025\/08\/Laimingos-santuokos-receptai-e1756402736103.webp","contentUrl":"https:\/\/skaitytaknyga.lt\/wp-content\/uploads\/2025\/08\/Laimingos-santuokos-receptai-e1756402736103.webp","width":463,"height":735,"caption":"Laimingos santuokos receptai"},{"@type":"BreadcrumbList","@id":"https:\/\/skaitytaknyga.lt\/produktas\/laimingos-santuokos-receptai\/#breadcrumb","itemListElement":[{"@type":"ListItem","position":1,"name":"Home","item":"https:\/\/skaitytaknyga.lt\/"},{"@type":"ListItem","position":2,"name":"Parduotuv\u0117","item":"https:\/\/skaitytaknyga.lt\/knygu-parduotuve\/"},{"@type":"ListItem","position":3,"name":"Laimingos santuokos receptai"}]},{"@type":"WebSite","@id":"https:\/\/skaitytaknyga.lt\/#website","url":"https:\/\/skaitytaknyga.lt\/","name":"skaitytaknyga.lt","description":"Skaitytaknyga.lt \u2013 tai ma\u017eas \u0161eimos verslas, kuris prasid\u0117jo nuo meil\u0117s knygoms ir siekio i\u0161gelb\u0117ti knygas nuo likimo prie konteinerio. Kas vienam nereikalingas daiktas \u2013 kitam lobis, o mes esame tarpininkai, kurie padeda abiems tapti laimingesniems ???? \u017dinome kaip nelengva i\u0161gyventi ma\u017eiems verslams, tad nuo \u0161iol, \u010dia rasite ir kit\u0173, ma\u017e\u0173 \u0161eim\u0173 versl\u0173, rank\u0173 darbo, dovan\u0173 sau ir artimiesiems.","publisher":{"@id":"https:\/\/skaitytaknyga.lt\/#organization"},"potentialAction":[{"@type":"SearchAction","target":{"@type":"EntryPoint","urlTemplate":"https:\/\/skaitytaknyga.lt\/?s={search_term_string}"},"query-input":{"@type":"PropertyValueSpecification","valueRequired":true,"valueName":"search_term_string"}}],"inLanguage":"en-GB"},{"@type":"Organization","@id":"https:\/\/skaitytaknyga.lt\/#organization","name":"skaitytaknyga.lt","url":"https:\/\/skaitytaknyga.lt\/","logo":{"@type":"ImageObject","inLanguage":"en-GB","@id":"https:\/\/skaitytaknyga.lt\/#\/schema\/logo\/image\/","url":"https:\/\/skaitytaknyga.lt\/wp-content\/uploads\/2024\/05\/cropped-cropped-cropped-02_00843_jt3bggkj1j3HLc7SyY6rEUpg.jpeg","contentUrl":"https:\/\/skaitytaknyga.lt\/wp-content\/uploads\/2024\/05\/cropped-cropped-cropped-02_00843_jt3bggkj1j3HLc7SyY6rEUpg.jpeg","width":1600,"height":1600,"caption":"skaitytaknyga.lt"},"image":{"@id":"https:\/\/skaitytaknyga.lt\/#\/schema\/logo\/image\/"},"sameAs":["https:\/\/www.facebook.com\/skaitytaknyga\/"]}]}},"_links":{"self":[{"href":"https:\/\/skaitytaknyga.lt\/en\/wp-json\/wp\/v2\/product\/20586","targetHints":{"allow":["GET"]}}],"collection":[{"href":"https:\/\/skaitytaknyga.lt\/en\/wp-json\/wp\/v2\/product"}],"about":[{"href":"https:\/\/skaitytaknyga.lt\/en\/wp-json\/wp\/v2\/types\/product"}],"replies":[{"embeddable":true,"href":"https:\/\/skaitytaknyga.lt\/en\/wp-json\/wp\/v2\/comments?post=20586"}],"wp:featuredmedia":[{"embeddable":true,"href":"https:\/\/skaitytaknyga.lt\/en\/wp-json\/wp\/v2\/media\/20591"}],"wp:attachment":[{"href":"https:\/\/skaitytaknyga.lt\/en\/wp-json\/wp\/v2\/media?parent=20586"}],"wp:term":[{"taxonomy":"product_brand","embeddable":true,"href":"https:\/\/skaitytaknyga.lt\/en\/wp-json\/wp\/v2\/product_brand?post=20586"},{"taxonomy":"product_cat","embeddable":true,"href":"https:\/\/skaitytaknyga.lt\/en\/wp-json\/wp\/v2\/product_cat?post=20586"},{"taxonomy":"product_tag","embeddable":true,"href":"https:\/\/skaitytaknyga.lt\/en\/wp-json\/wp\/v2\/product_tag?post=20586"}],"curies":[{"name":"wp","href":"https:\/\/api.w.org\/{rel}","templated":true}]}}