{"id":20577,"date":"2025-08-28T15:20:31","date_gmt":"2025-08-28T12:20:31","guid":{"rendered":"https:\/\/skaitytaknyga.lt\/?post_type=product&#038;p=20577"},"modified":"2026-03-18T14:59:43","modified_gmt":"2026-03-18T12:59:43","slug":"lietuvos-teises-istorija","status":"publish","type":"product","link":"https:\/\/skaitytaknyga.lt\/en\/produktas\/lietuvos-teises-istorija\/","title":{"rendered":"Lietuvos teis\u0117s istorija"},"content":{"rendered":"<p>Lietuvos teis\u0117s istorija &#8211; turininga ir pamokanti. Turinti t\u016bkstantmet\u0119 praeit\u012f, viduram\u017eiais pasiekusi vien\u0105 i\u0161 auk\u0161\u010diausi\u0173 Europoje raidos lyg\u012f, Lietuvos teis\u0117 net ilgalaikio valstybingumo praradimo, carin\u0117s Rusijos ir Soviet\u0173 S\u0105jungos pavergimo s\u0105lygomis, sutrikd\u017eiusiomis nat\u016bralius valstybingumo, visuomen\u0117s tobul\u0117jimo procesus, d\u0117l ko patirta did\u017eiuli\u0173 gyventoj\u0173, kult\u016brini\u0173, socialini\u0173 ir ekonomini\u0173 i\u0161tekli\u0173 netek\u010di\u0173, neprarado gyvybingumo, sugeb\u0117jo tiek praeityje, tiek dabartyje i\u0161 naujo atgimti ir remdamasi teis\u0117s raidos t\u0119stinumo ypatumais ir istorine tradicija pasiekti dabartinius teisinius santykius bei daryti \u012ftak\u0105 tolesnei j\u0173 raidai.<\/p>\n<p>Lietuvos teis\u0117s raidos nuo seniausi\u0173 laik\u0173 iki m\u016bs\u0173 dien\u0173 ap\u017evalgai ir skiriamas \u0161is vadov\u0117lis.<br \/>\nAutoriai telkia d\u0117mes\u012f \u012f Lietuvos teis\u0117s istorijos \u0161altinius ir teis\u0117s institut\u0173 pl\u0117tr\u0105, teisiniu aspektu pateikia Lietuvos valstyb\u0117s ir visuomen\u0117s raid\u0105, \u017evelgdami \u012f j\u0105 kaip \u012f tam tikr\u0105 teisinio reguliavimo objekt\u0105.<\/p>\n<p>Vadov\u0117lis skiriamas teisininkus rengian\u010di\u0173 auk\u0161t\u0173j\u0173 mokykl\u0173 studentams, magistrantams ir doktorantams, visiems, kurie domisi teis\u0117s rei\u0161kiniais ir istorine m\u016bs\u0173 \u0161alies praeitimi.<\/p>\n","protected":false},"excerpt":{"rendered":"<p>Lietuvos teis\u0117s istorija &#8211; turininga ir pamokanti. Turinti t\u016bkstantmet\u0119 praeit\u012f, viduram\u017eiais pasiekusi vien\u0105 i\u0161 auk\u0161\u010diausi\u0173 Europoje raidos lyg\u012f, Lietuvos teis\u0117 net ilgalaikio valstybingumo praradimo, carin\u0117s Rusijos ir Soviet\u0173 S\u0105jungos pavergimo s\u0105lygomis, sutrikd\u017eiusiomis nat\u016bralius valstybingumo, visuomen\u0117s tobul\u0117jimo procesus, d\u0117l ko patirta did\u017eiuli\u0173 gyventoj\u0173, kult\u016brini\u0173, socialini\u0173 ir ekonomini\u0173 i\u0161tekli\u0173 netek\u010di\u0173, neprarado gyvybingumo, sugeb\u0117jo tiek praeityje, tiek dabartyje i\u0161 naujo atgimti ir remdamasi teis\u0117s raidos t\u0119stinumo ypatumais ir istorine tradicija pasiekti dabartinius teisinius santykius bei daryti \u012ftak\u0105 tolesnei j\u0173 raidai. Lietuvos teis\u0117s raidos nuo seniausi\u0173 laik\u0173 iki m\u016bs\u0173 dien\u0173 ap\u017evalgai ir skiriamas \u0161is vadov\u0117lis. Autoriai telkia d\u0117mes\u012f \u012f Lietuvos teis\u0117s istorijos \u0161altinius ir teis\u0117s institut\u0173 pl\u0117tr\u0105, teisiniu aspektu pateikia Lietuvos valstyb\u0117s ir visuomen\u0117s raid\u0105, \u017evelgdami \u012f j\u0105 kaip \u012f tam tikr\u0105 teisinio reguliavimo objekt\u0105. Vadov\u0117lis skiriamas teisininkus rengian\u010di\u0173 auk\u0161t\u0173j\u0173 mokykl\u0173 studentams, magistrantams ir doktorantams, visiems, kurie domisi teis\u0117s rei\u0161kiniais ir istorine m\u016bs\u0173 \u0161alies praeitimi.<\/p>\n","protected":false},"featured_media":20583,"comment_status":"open","ping_status":"closed","template":"","meta":{"_acf_changed":false,"site-sidebar-layout":"default","site-content-layout":"","ast-site-content-layout":"default","site-content-style":"default","site-sidebar-style":"default","ast-global-header-display":"","ast-banner-title-visibility":"","ast-main-header-display":"","ast-hfb-above-header-display":"","ast-hfb-below-header-display":"","ast-hfb-mobile-header-display":"","site-post-title":"","ast-breadcrumbs-content":"","ast-featured-img":"","footer-sml-layout":"","ast-disable-related-posts":"","theme-transparent-header-meta":"","adv-header-id-meta":"","stick-header-meta":"","header-above-stick-meta":"","header-main-stick-meta":"","header-below-stick-meta":"","astra-migrate-meta-layouts":"default","ast-page-background-enabled":"default","ast-page-background-meta":{"desktop":{"background-color":"","background-image":"","background-repeat":"repeat","background-position":"center center","background-size":"auto","background-attachment":"scroll","background-type":"","background-media":"","overlay-type":"","overlay-color":"","overlay-opacity":"","overlay-gradient":""},"tablet":{"background-color":"","background-image":"","background-repeat":"repeat","background-position":"center center","background-size":"auto","background-attachment":"scroll","background-type":"","background-media":"","overlay-type":"","overlay-color":"","overlay-opacity":"","overlay-gradient":""},"mobile":{"background-color":"","background-image":"","background-repeat":"repeat","background-position":"center center","background-size":"auto","background-attachment":"scroll","background-type":"","background-media":"","overlay-type":"","overlay-color":"","overlay-opacity":"","overlay-gradient":""}},"ast-content-background-meta":{"desktop":{"background-color":"var(--ast-global-color-4)","background-image":"","background-repeat":"repeat","background-position":"center center","background-size":"auto","background-attachment":"scroll","background-type":"","background-media":"","overlay-type":"","overlay-color":"","overlay-opacity":"","overlay-gradient":""},"tablet":{"background-color":"var(--ast-global-color-4)","background-image":"","background-repeat":"repeat","background-position":"center center","background-size":"auto","background-attachment":"scroll","background-type":"","background-media":"","overlay-type":"","overlay-color":"","overlay-opacity":"","overlay-gradient":""},"mobile":{"background-color":"var(--ast-global-color-4)","background-image":"","background-repeat":"repeat","background-position":"center center","background-size":"auto","background-attachment":"scroll","background-type":"","background-media":"","overlay-type":"","overlay-color":"","overlay-opacity":"","overlay-gradient":""}}},"product_brand":[],"product_cat":[9862,174,436],"product_tag":[2228,7733,2096,7735,7734,3443],"class_list":{"0":"post-20577","1":"product","2":"type-product","3":"status-publish","4":"has-post-thumbnail","6":"product_cat-lietuvos-istorija","7":"product_cat-istorija-ir-politologija","8":"product_cat-teise","9":"product_tag-lietuvos-istorija","10":"product_tag-lietuvos-teises-istorija","11":"product_tag-teise","12":"product_tag-teises-instituciijos","13":"product_tag-teises-raida","14":"product_tag-valstybingumas","15":"desktop-align-left","16":"tablet-align-left","17":"mobile-align-left","19":"first","20":"instock","21":"shipping-taxable","22":"purchasable","23":"product-type-simple"},"acf":[],"yoast_head":"<!-- This site is optimized with the Yoast SEO plugin v27.0 - https:\/\/yoast.com\/product\/yoast-seo-wordpress\/ -->\n<title>Lietuvos teis\u0117s istorija<\/title>\n<meta name=\"description\" content=\"Lietuvos teis\u0117s istorija - turininga ir pamokanti. Turinti t\u016bkstantmet\u0119 praeit\u012f, viduram\u017eiais pasiekusi vien\u0105 i\u0161 auk\u0161\u010diausi\u0173 Europoje raidos lyg\u012f,\" \/>\n<meta name=\"robots\" content=\"index, follow, max-snippet:-1, max-image-preview:large, max-video-preview:-1\" \/>\n<link rel=\"canonical\" href=\"https:\/\/skaitytaknyga.lt\/en\/produktas\/lietuvos-teises-istorija\/\" \/>\n<meta property=\"og:locale\" content=\"en_GB\" \/>\n<meta property=\"og:locale:alternate\" content=\"lt_LT\" \/>\n<meta property=\"og:type\" content=\"article\" \/>\n<meta property=\"og:title\" content=\"Lietuvos teis\u0117s istorija\" \/>\n<meta property=\"og:description\" content=\"Lietuvos teis\u0117s istorija - turininga ir pamokanti. Turinti t\u016bkstantmet\u0119 praeit\u012f, viduram\u017eiais pasiekusi vien\u0105 i\u0161 auk\u0161\u010diausi\u0173 Europoje raidos lyg\u012f,\" \/>\n<meta property=\"og:url\" content=\"https:\/\/skaitytaknyga.lt\/en\/produktas\/lietuvos-teises-istorija\/\" \/>\n<meta property=\"og:site_name\" content=\"Skaitytaknyga\" \/>\n<meta property=\"article:publisher\" content=\"https:\/\/www.facebook.com\/skaitytaknyga\/\" \/>\n<meta property=\"article:modified_time\" content=\"2026-03-18T12:59:43+00:00\" \/>\n<meta property=\"og:image\" content=\"https:\/\/skaitytaknyga.lt\/wp-content\/uploads\/2025\/08\/Lietuvos-teises-istorija-2.webp\" \/>\n\t<meta property=\"og:image:width\" content=\"300\" \/>\n\t<meta property=\"og:image:height\" content=\"444\" \/>\n\t<meta property=\"og:image:type\" content=\"image\/webp\" \/>\n<meta name=\"twitter:card\" content=\"summary_large_image\" \/>\n<meta name=\"twitter:label1\" content=\"Estimated reading time\" \/>\n\t<meta name=\"twitter:data1\" content=\"1 minute\" \/>\n<script type=\"application\/ld+json\" class=\"yoast-schema-graph\">{\"@context\":\"https:\/\/schema.org\",\"@graph\":[{\"@type\":\"WebPage\",\"@id\":\"https:\/\/skaitytaknyga.lt\/produktas\/lietuvos-teises-istorija\/\",\"url\":\"https:\/\/skaitytaknyga.lt\/produktas\/lietuvos-teises-istorija\/\",\"name\":\"Lietuvos teis\u0117s istorija\",\"isPartOf\":{\"@id\":\"https:\/\/skaitytaknyga.lt\/#website\"},\"primaryImageOfPage\":{\"@id\":\"https:\/\/skaitytaknyga.lt\/produktas\/lietuvos-teises-istorija\/#primaryimage\"},\"image\":{\"@id\":\"https:\/\/skaitytaknyga.lt\/produktas\/lietuvos-teises-istorija\/#primaryimage\"},\"thumbnailUrl\":\"https:\/\/skaitytaknyga.lt\/wp-content\/uploads\/2025\/08\/Lietuvos-teises-istorija-2.webp\",\"datePublished\":\"2025-08-28T12:20:31+00:00\",\"dateModified\":\"2026-03-18T12:59:43+00:00\",\"description\":\"Lietuvos teis\u0117s istorija - turininga ir pamokanti. Turinti t\u016bkstantmet\u0119 praeit\u012f, viduram\u017eiais pasiekusi vien\u0105 i\u0161 auk\u0161\u010diausi\u0173 Europoje raidos lyg\u012f,\",\"breadcrumb\":{\"@id\":\"https:\/\/skaitytaknyga.lt\/produktas\/lietuvos-teises-istorija\/#breadcrumb\"},\"inLanguage\":\"en-GB\",\"potentialAction\":[{\"@type\":\"ReadAction\",\"target\":[\"https:\/\/skaitytaknyga.lt\/produktas\/lietuvos-teises-istorija\/\"]}]},{\"@type\":\"ImageObject\",\"inLanguage\":\"en-GB\",\"@id\":\"https:\/\/skaitytaknyga.lt\/produktas\/lietuvos-teises-istorija\/#primaryimage\",\"url\":\"https:\/\/skaitytaknyga.lt\/wp-content\/uploads\/2025\/08\/Lietuvos-teises-istorija-2.webp\",\"contentUrl\":\"https:\/\/skaitytaknyga.lt\/wp-content\/uploads\/2025\/08\/Lietuvos-teises-istorija-2.webp\",\"width\":300,\"height\":444,\"caption\":\"Lietuvos teis\u0117s istorija\"},{\"@type\":\"BreadcrumbList\",\"@id\":\"https:\/\/skaitytaknyga.lt\/produktas\/lietuvos-teises-istorija\/#breadcrumb\",\"itemListElement\":[{\"@type\":\"ListItem\",\"position\":1,\"name\":\"Home\",\"item\":\"https:\/\/skaitytaknyga.lt\/\"},{\"@type\":\"ListItem\",\"position\":2,\"name\":\"Parduotuv\u0117\",\"item\":\"https:\/\/skaitytaknyga.lt\/knygu-parduotuve\/\"},{\"@type\":\"ListItem\",\"position\":3,\"name\":\"Lietuvos teis\u0117s istorija\"}]},{\"@type\":\"WebSite\",\"@id\":\"https:\/\/skaitytaknyga.lt\/#website\",\"url\":\"https:\/\/skaitytaknyga.lt\/\",\"name\":\"skaitytaknyga.lt\",\"description\":\"Skaitytaknyga.lt \u2013 tai ma\u017eas \u0161eimos verslas, kuris prasid\u0117jo nuo meil\u0117s knygoms ir siekio i\u0161gelb\u0117ti knygas nuo likimo prie konteinerio. Kas vienam nereikalingas daiktas \u2013 kitam lobis, o mes esame tarpininkai, kurie padeda abiems tapti laimingesniems ???? \u017dinome kaip nelengva i\u0161gyventi ma\u017eiems verslams, tad nuo \u0161iol, \u010dia rasite ir kit\u0173, ma\u017e\u0173 \u0161eim\u0173 versl\u0173, rank\u0173 darbo, dovan\u0173 sau ir artimiesiems.\",\"publisher\":{\"@id\":\"https:\/\/skaitytaknyga.lt\/#organization\"},\"potentialAction\":[{\"@type\":\"SearchAction\",\"target\":{\"@type\":\"EntryPoint\",\"urlTemplate\":\"https:\/\/skaitytaknyga.lt\/?s={search_term_string}\"},\"query-input\":{\"@type\":\"PropertyValueSpecification\",\"valueRequired\":true,\"valueName\":\"search_term_string\"}}],\"inLanguage\":\"en-GB\"},{\"@type\":\"Organization\",\"@id\":\"https:\/\/skaitytaknyga.lt\/#organization\",\"name\":\"skaitytaknyga.lt\",\"url\":\"https:\/\/skaitytaknyga.lt\/\",\"logo\":{\"@type\":\"ImageObject\",\"inLanguage\":\"en-GB\",\"@id\":\"https:\/\/skaitytaknyga.lt\/#\/schema\/logo\/image\/\",\"url\":\"https:\/\/skaitytaknyga.lt\/wp-content\/uploads\/2024\/05\/cropped-cropped-cropped-02_00843_jt3bggkj1j3HLc7SyY6rEUpg.jpeg\",\"contentUrl\":\"https:\/\/skaitytaknyga.lt\/wp-content\/uploads\/2024\/05\/cropped-cropped-cropped-02_00843_jt3bggkj1j3HLc7SyY6rEUpg.jpeg\",\"width\":1600,\"height\":1600,\"caption\":\"skaitytaknyga.lt\"},\"image\":{\"@id\":\"https:\/\/skaitytaknyga.lt\/#\/schema\/logo\/image\/\"},\"sameAs\":[\"https:\/\/www.facebook.com\/skaitytaknyga\/\"]}]}<\/script>\n<!-- \/ Yoast SEO plugin. -->","yoast_head_json":{"title":"Lietuvos teis\u0117s istorija","description":"Lietuvos teis\u0117s istorija - turininga ir pamokanti. Turinti t\u016bkstantmet\u0119 praeit\u012f, viduram\u017eiais pasiekusi vien\u0105 i\u0161 auk\u0161\u010diausi\u0173 Europoje raidos lyg\u012f,","robots":{"index":"index","follow":"follow","max-snippet":"max-snippet:-1","max-image-preview":"max-image-preview:large","max-video-preview":"max-video-preview:-1"},"canonical":"https:\/\/skaitytaknyga.lt\/en\/produktas\/lietuvos-teises-istorija\/","og_locale":"en_GB","og_type":"article","og_title":"[:lt]Lietuvos teis\u0117s istorija[:] - Skaitytaknyga","og_description":"Lietuvos teis\u0117s istorija - turininga ir pamokanti. Turinti t\u016bkstantmet\u0119 praeit\u012f, viduram\u017eiais pasiekusi vien\u0105 i\u0161 auk\u0161\u010diausi\u0173 Europoje raidos lyg\u012f,","og_url":"https:\/\/skaitytaknyga.lt\/en\/produktas\/lietuvos-teises-istorija\/","og_site_name":"Skaitytaknyga","article_publisher":"https:\/\/www.facebook.com\/skaitytaknyga\/","article_modified_time":"2026-03-18T12:59:43+00:00","og_image":[{"width":300,"height":444,"url":"https:\/\/skaitytaknyga.lt\/wp-content\/uploads\/2025\/08\/Lietuvos-teises-istorija-2.webp","type":"image\/webp"}],"twitter_card":"summary_large_image","twitter_misc":{"Estimated reading time":"1 minute"},"schema":{"@context":"https:\/\/schema.org","@graph":[{"@type":"WebPage","@id":"https:\/\/skaitytaknyga.lt\/produktas\/lietuvos-teises-istorija\/","url":"https:\/\/skaitytaknyga.lt\/produktas\/lietuvos-teises-istorija\/","name":"Lietuvos teis\u0117s istorija","isPartOf":{"@id":"https:\/\/skaitytaknyga.lt\/#website"},"primaryImageOfPage":{"@id":"https:\/\/skaitytaknyga.lt\/produktas\/lietuvos-teises-istorija\/#primaryimage"},"image":{"@id":"https:\/\/skaitytaknyga.lt\/produktas\/lietuvos-teises-istorija\/#primaryimage"},"thumbnailUrl":"https:\/\/skaitytaknyga.lt\/wp-content\/uploads\/2025\/08\/Lietuvos-teises-istorija-2.webp","datePublished":"2025-08-28T12:20:31+00:00","dateModified":"2026-03-18T12:59:43+00:00","description":"Lietuvos teis\u0117s istorija - turininga ir pamokanti. Turinti t\u016bkstantmet\u0119 praeit\u012f, viduram\u017eiais pasiekusi vien\u0105 i\u0161 auk\u0161\u010diausi\u0173 Europoje raidos lyg\u012f,","breadcrumb":{"@id":"https:\/\/skaitytaknyga.lt\/produktas\/lietuvos-teises-istorija\/#breadcrumb"},"inLanguage":"en-GB","potentialAction":[{"@type":"ReadAction","target":["https:\/\/skaitytaknyga.lt\/produktas\/lietuvos-teises-istorija\/"]}]},{"@type":"ImageObject","inLanguage":"en-GB","@id":"https:\/\/skaitytaknyga.lt\/produktas\/lietuvos-teises-istorija\/#primaryimage","url":"https:\/\/skaitytaknyga.lt\/wp-content\/uploads\/2025\/08\/Lietuvos-teises-istorija-2.webp","contentUrl":"https:\/\/skaitytaknyga.lt\/wp-content\/uploads\/2025\/08\/Lietuvos-teises-istorija-2.webp","width":300,"height":444,"caption":"Lietuvos teis\u0117s istorija"},{"@type":"BreadcrumbList","@id":"https:\/\/skaitytaknyga.lt\/produktas\/lietuvos-teises-istorija\/#breadcrumb","itemListElement":[{"@type":"ListItem","position":1,"name":"Home","item":"https:\/\/skaitytaknyga.lt\/"},{"@type":"ListItem","position":2,"name":"Parduotuv\u0117","item":"https:\/\/skaitytaknyga.lt\/knygu-parduotuve\/"},{"@type":"ListItem","position":3,"name":"Lietuvos teis\u0117s istorija"}]},{"@type":"WebSite","@id":"https:\/\/skaitytaknyga.lt\/#website","url":"https:\/\/skaitytaknyga.lt\/","name":"skaitytaknyga.lt","description":"Skaitytaknyga.lt \u2013 tai ma\u017eas \u0161eimos verslas, kuris prasid\u0117jo nuo meil\u0117s knygoms ir siekio i\u0161gelb\u0117ti knygas nuo likimo prie konteinerio. Kas vienam nereikalingas daiktas \u2013 kitam lobis, o mes esame tarpininkai, kurie padeda abiems tapti laimingesniems ???? \u017dinome kaip nelengva i\u0161gyventi ma\u017eiems verslams, tad nuo \u0161iol, \u010dia rasite ir kit\u0173, ma\u017e\u0173 \u0161eim\u0173 versl\u0173, rank\u0173 darbo, dovan\u0173 sau ir artimiesiems.","publisher":{"@id":"https:\/\/skaitytaknyga.lt\/#organization"},"potentialAction":[{"@type":"SearchAction","target":{"@type":"EntryPoint","urlTemplate":"https:\/\/skaitytaknyga.lt\/?s={search_term_string}"},"query-input":{"@type":"PropertyValueSpecification","valueRequired":true,"valueName":"search_term_string"}}],"inLanguage":"en-GB"},{"@type":"Organization","@id":"https:\/\/skaitytaknyga.lt\/#organization","name":"skaitytaknyga.lt","url":"https:\/\/skaitytaknyga.lt\/","logo":{"@type":"ImageObject","inLanguage":"en-GB","@id":"https:\/\/skaitytaknyga.lt\/#\/schema\/logo\/image\/","url":"https:\/\/skaitytaknyga.lt\/wp-content\/uploads\/2024\/05\/cropped-cropped-cropped-02_00843_jt3bggkj1j3HLc7SyY6rEUpg.jpeg","contentUrl":"https:\/\/skaitytaknyga.lt\/wp-content\/uploads\/2024\/05\/cropped-cropped-cropped-02_00843_jt3bggkj1j3HLc7SyY6rEUpg.jpeg","width":1600,"height":1600,"caption":"skaitytaknyga.lt"},"image":{"@id":"https:\/\/skaitytaknyga.lt\/#\/schema\/logo\/image\/"},"sameAs":["https:\/\/www.facebook.com\/skaitytaknyga\/"]}]}},"_links":{"self":[{"href":"https:\/\/skaitytaknyga.lt\/en\/wp-json\/wp\/v2\/product\/20577","targetHints":{"allow":["GET"]}}],"collection":[{"href":"https:\/\/skaitytaknyga.lt\/en\/wp-json\/wp\/v2\/product"}],"about":[{"href":"https:\/\/skaitytaknyga.lt\/en\/wp-json\/wp\/v2\/types\/product"}],"replies":[{"embeddable":true,"href":"https:\/\/skaitytaknyga.lt\/en\/wp-json\/wp\/v2\/comments?post=20577"}],"wp:featuredmedia":[{"embeddable":true,"href":"https:\/\/skaitytaknyga.lt\/en\/wp-json\/wp\/v2\/media\/20583"}],"wp:attachment":[{"href":"https:\/\/skaitytaknyga.lt\/en\/wp-json\/wp\/v2\/media?parent=20577"}],"wp:term":[{"taxonomy":"product_brand","embeddable":true,"href":"https:\/\/skaitytaknyga.lt\/en\/wp-json\/wp\/v2\/product_brand?post=20577"},{"taxonomy":"product_cat","embeddable":true,"href":"https:\/\/skaitytaknyga.lt\/en\/wp-json\/wp\/v2\/product_cat?post=20577"},{"taxonomy":"product_tag","embeddable":true,"href":"https:\/\/skaitytaknyga.lt\/en\/wp-json\/wp\/v2\/product_tag?post=20577"}],"curies":[{"name":"wp","href":"https:\/\/api.w.org\/{rel}","templated":true}]}}