{"id":20564,"date":"2025-08-28T14:49:50","date_gmt":"2025-08-28T11:49:50","guid":{"rendered":"https:\/\/skaitytaknyga.lt\/?post_type=product&#038;p=20564"},"modified":"2026-03-18T13:17:13","modified_gmt":"2026-03-18T11:17:13","slug":"lengvas-budas-suliekneti","status":"publish","type":"product","link":"https:\/\/skaitytaknyga.lt\/en\/produktas\/lengvas-budas-suliekneti\/","title":{"rendered":"Lengvas b\u016bdas suliekn\u0117ti"},"content":{"rendered":"<p>Atsikratykite antsvorio be diet\u0173, kalorij\u0173 skai\u010diavimo ar valios pastang\u0173.<\/p>\n<p>Tai tiesa! Alleno Carro mitybos planas suteikia galimyb\u0119 m\u0117gautis valgymu, puikiu maisto skoniu ir atsikratyti antsvorio. J\u016bs:<\/p>\n<p>Valgysite savo m\u0117gstamiausi\u0105 maist\u0105;<\/p>\n<p>Vadovausit\u0117s savo \u012fgimtais instinktais;<\/p>\n<p>Nejusite kalt\u0117s jausmo ir s\u0105\u017ein\u0117s grau\u017eaties;<\/p>\n<p>M\u0117gausit\u0117s \u0161vie\u017eio maisto skoniu;<\/p>\n<p>I\u0161vengsite vir\u0161kinimo negalavim\u0173;<\/p>\n<p>I\u0161moksite naujai lavinti savo skon\u012f;<\/p>\n<p>Leisite apetitui b\u016bti j\u016bs\u0173 vedliu.<\/p>\n<p>Alleno Carro \u201eLengvas b\u016bdas mesti r\u016bkyti\u201c pad\u0117jo milijonams r\u016bkali\u0173 atsikratyti priklausomyb\u0117s. Dabar jis pasitelk\u0117 savo \u012fg\u016bd\u017eius ir suk\u016br\u0117 vien logika ir sveiku protu pagr\u012fst\u0105 metod\u0105, padedant\u012f lengvai atsikratyti antsvorio. Knygoje nerasite draudim\u0173 ir liepim\u0173, tik principus, kuri\u0173 laikydamiesi valgysite sveikiau, jausit\u0117s geriau ir netur\u0117site antsvorio.<\/p>\n","protected":false},"excerpt":{"rendered":"<p>Atsikratykite antsvorio be diet\u0173, kalorij\u0173 skai\u010diavimo ar valios pastang\u0173. Tai tiesa! Alleno Carro mitybos planas suteikia galimyb\u0119 m\u0117gautis valgymu, puikiu maisto skoniu ir atsikratyti antsvorio. J\u016bs: Valgysite savo m\u0117gstamiausi\u0105 maist\u0105; Vadovausit\u0117s savo \u012fgimtais instinktais; Nejusite kalt\u0117s jausmo ir s\u0105\u017ein\u0117s grau\u017eaties; M\u0117gausit\u0117s \u0161vie\u017eio maisto skoniu; I\u0161vengsite vir\u0161kinimo negalavim\u0173; I\u0161moksite naujai lavinti savo skon\u012f; Leisite apetitui b\u016bti j\u016bs\u0173 vedliu. Alleno Carro \u201eLengvas b\u016bdas mesti r\u016bkyti\u201c pad\u0117jo milijonams r\u016bkali\u0173 atsikratyti priklausomyb\u0117s. Dabar jis pasitelk\u0117 savo \u012fg\u016bd\u017eius ir suk\u016br\u0117 vien logika ir sveiku protu pagr\u012fst\u0105 metod\u0105, padedant\u012f lengvai atsikratyti antsvorio. Knygoje nerasite draudim\u0173 ir liepim\u0173, tik principus, kuri\u0173 laikydamiesi valgysite sveikiau, jausit\u0117s geriau ir netur\u0117site antsvorio.<\/p>\n","protected":false},"featured_media":20569,"comment_status":"open","ping_status":"closed","template":"","meta":{"_acf_changed":false,"site-sidebar-layout":"default","site-content-layout":"","ast-site-content-layout":"default","site-content-style":"default","site-sidebar-style":"default","ast-global-header-display":"","ast-banner-title-visibility":"","ast-main-header-display":"","ast-hfb-above-header-display":"","ast-hfb-below-header-display":"","ast-hfb-mobile-header-display":"","site-post-title":"","ast-breadcrumbs-content":"","ast-featured-img":"","footer-sml-layout":"","ast-disable-related-posts":"","theme-transparent-header-meta":"","adv-header-id-meta":"","stick-header-meta":"","header-above-stick-meta":"","header-main-stick-meta":"","header-below-stick-meta":"","astra-migrate-meta-layouts":"default","ast-page-background-enabled":"default","ast-page-background-meta":{"desktop":{"background-color":"","background-image":"","background-repeat":"repeat","background-position":"center center","background-size":"auto","background-attachment":"scroll","background-type":"","background-media":"","overlay-type":"","overlay-color":"","overlay-opacity":"","overlay-gradient":""},"tablet":{"background-color":"","background-image":"","background-repeat":"repeat","background-position":"center center","background-size":"auto","background-attachment":"scroll","background-type":"","background-media":"","overlay-type":"","overlay-color":"","overlay-opacity":"","overlay-gradient":""},"mobile":{"background-color":"","background-image":"","background-repeat":"repeat","background-position":"center center","background-size":"auto","background-attachment":"scroll","background-type":"","background-media":"","overlay-type":"","overlay-color":"","overlay-opacity":"","overlay-gradient":""}},"ast-content-background-meta":{"desktop":{"background-color":"var(--ast-global-color-4)","background-image":"","background-repeat":"repeat","background-position":"center center","background-size":"auto","background-attachment":"scroll","background-type":"","background-media":"","overlay-type":"","overlay-color":"","overlay-opacity":"","overlay-gradient":""},"tablet":{"background-color":"var(--ast-global-color-4)","background-image":"","background-repeat":"repeat","background-position":"center center","background-size":"auto","background-attachment":"scroll","background-type":"","background-media":"","overlay-type":"","overlay-color":"","overlay-opacity":"","overlay-gradient":""},"mobile":{"background-color":"var(--ast-global-color-4)","background-image":"","background-repeat":"repeat","background-position":"center center","background-size":"auto","background-attachment":"scroll","background-type":"","background-media":"","overlay-type":"","overlay-color":"","overlay-opacity":"","overlay-gradient":""}}},"product_brand":[],"product_cat":[9855],"product_tag":[7714,2198,7715,3349,1396,2074],"class_list":{"0":"post-20564","1":"product","2":"type-product","3":"status-publish","4":"has-post-thumbnail","6":"product_cat-mityba-ir-dieta","7":"product_tag-allen-carr","8":"product_tag-gyvenimo-budas","9":"product_tag-lieknejimas","10":"product_tag-metodai","11":"product_tag-saviugda","12":"product_tag-sveika-mityba","13":"desktop-align-left","14":"tablet-align-left","15":"mobile-align-left","17":"first","18":"instock","19":"shipping-taxable","20":"purchasable","21":"product-type-simple"},"acf":[],"yoast_head":"<!-- This site is optimized with the Yoast SEO plugin v27.0 - https:\/\/yoast.com\/product\/yoast-seo-wordpress\/ -->\n<title>Lengvas b\u016bdas suliekn\u0117ti<\/title>\n<meta name=\"description\" content=\"Atsikratykite antsvorio be diet\u0173, kalorij\u0173 skai\u010diavimo ar valios pastang\u0173. Tai tiesa! Alleno Carro mitybos planas suteikia galimyb\u0119 m\u0117gautis valgymu,\" \/>\n<meta name=\"robots\" content=\"index, follow, max-snippet:-1, max-image-preview:large, max-video-preview:-1\" \/>\n<link rel=\"canonical\" href=\"https:\/\/skaitytaknyga.lt\/en\/produktas\/lengvas-budas-suliekneti\/\" \/>\n<meta property=\"og:locale\" content=\"en_GB\" \/>\n<meta property=\"og:locale:alternate\" content=\"lt_LT\" \/>\n<meta property=\"og:type\" content=\"article\" \/>\n<meta property=\"og:title\" content=\"Lengvas b\u016bdas suliekn\u0117ti\" \/>\n<meta property=\"og:description\" content=\"Atsikratykite antsvorio be diet\u0173, kalorij\u0173 skai\u010diavimo ar valios pastang\u0173. Tai tiesa! Alleno Carro mitybos planas suteikia galimyb\u0119 m\u0117gautis valgymu,\" \/>\n<meta property=\"og:url\" content=\"https:\/\/skaitytaknyga.lt\/en\/produktas\/lengvas-budas-suliekneti\/\" \/>\n<meta property=\"og:site_name\" content=\"Skaitytaknyga\" \/>\n<meta property=\"article:publisher\" content=\"https:\/\/www.facebook.com\/skaitytaknyga\/\" \/>\n<meta property=\"article:modified_time\" content=\"2026-03-18T11:17:13+00:00\" \/>\n<meta property=\"og:image\" content=\"https:\/\/skaitytaknyga.lt\/wp-content\/uploads\/2025\/08\/Lengvas-budas-suliekneti-1.webp\" \/>\n\t<meta property=\"og:image:width\" content=\"334\" \/>\n\t<meta property=\"og:image:height\" content=\"497\" \/>\n\t<meta property=\"og:image:type\" content=\"image\/webp\" \/>\n<meta name=\"twitter:card\" content=\"summary_large_image\" \/>\n<meta name=\"twitter:label1\" content=\"Estimated reading time\" \/>\n\t<meta name=\"twitter:data1\" content=\"1 minute\" \/>\n<script type=\"application\/ld+json\" class=\"yoast-schema-graph\">{\"@context\":\"https:\/\/schema.org\",\"@graph\":[{\"@type\":\"WebPage\",\"@id\":\"https:\/\/skaitytaknyga.lt\/produktas\/lengvas-budas-suliekneti\/\",\"url\":\"https:\/\/skaitytaknyga.lt\/produktas\/lengvas-budas-suliekneti\/\",\"name\":\"Lengvas b\u016bdas suliekn\u0117ti\",\"isPartOf\":{\"@id\":\"https:\/\/skaitytaknyga.lt\/#website\"},\"primaryImageOfPage\":{\"@id\":\"https:\/\/skaitytaknyga.lt\/produktas\/lengvas-budas-suliekneti\/#primaryimage\"},\"image\":{\"@id\":\"https:\/\/skaitytaknyga.lt\/produktas\/lengvas-budas-suliekneti\/#primaryimage\"},\"thumbnailUrl\":\"https:\/\/skaitytaknyga.lt\/wp-content\/uploads\/2025\/08\/Lengvas-budas-suliekneti-1.webp\",\"datePublished\":\"2025-08-28T11:49:50+00:00\",\"dateModified\":\"2026-03-18T11:17:13+00:00\",\"description\":\"Atsikratykite antsvorio be diet\u0173, kalorij\u0173 skai\u010diavimo ar valios pastang\u0173. Tai tiesa! Alleno Carro mitybos planas suteikia galimyb\u0119 m\u0117gautis valgymu,\",\"breadcrumb\":{\"@id\":\"https:\/\/skaitytaknyga.lt\/produktas\/lengvas-budas-suliekneti\/#breadcrumb\"},\"inLanguage\":\"en-GB\",\"potentialAction\":[{\"@type\":\"ReadAction\",\"target\":[\"https:\/\/skaitytaknyga.lt\/produktas\/lengvas-budas-suliekneti\/\"]}]},{\"@type\":\"ImageObject\",\"inLanguage\":\"en-GB\",\"@id\":\"https:\/\/skaitytaknyga.lt\/produktas\/lengvas-budas-suliekneti\/#primaryimage\",\"url\":\"https:\/\/skaitytaknyga.lt\/wp-content\/uploads\/2025\/08\/Lengvas-budas-suliekneti-1.webp\",\"contentUrl\":\"https:\/\/skaitytaknyga.lt\/wp-content\/uploads\/2025\/08\/Lengvas-budas-suliekneti-1.webp\",\"width\":334,\"height\":497,\"caption\":\"Lengvas b\u016bdas suliekn\u0117ti\"},{\"@type\":\"BreadcrumbList\",\"@id\":\"https:\/\/skaitytaknyga.lt\/produktas\/lengvas-budas-suliekneti\/#breadcrumb\",\"itemListElement\":[{\"@type\":\"ListItem\",\"position\":1,\"name\":\"Home\",\"item\":\"https:\/\/skaitytaknyga.lt\/\"},{\"@type\":\"ListItem\",\"position\":2,\"name\":\"Parduotuv\u0117\",\"item\":\"https:\/\/skaitytaknyga.lt\/knygu-parduotuve\/\"},{\"@type\":\"ListItem\",\"position\":3,\"name\":\"Lengvas b\u016bdas suliekn\u0117ti\"}]},{\"@type\":\"WebSite\",\"@id\":\"https:\/\/skaitytaknyga.lt\/#website\",\"url\":\"https:\/\/skaitytaknyga.lt\/\",\"name\":\"skaitytaknyga.lt\",\"description\":\"Skaitytaknyga.lt \u2013 tai ma\u017eas \u0161eimos verslas, kuris prasid\u0117jo nuo meil\u0117s knygoms ir siekio i\u0161gelb\u0117ti knygas nuo likimo prie konteinerio. Kas vienam nereikalingas daiktas \u2013 kitam lobis, o mes esame tarpininkai, kurie padeda abiems tapti laimingesniems ???? \u017dinome kaip nelengva i\u0161gyventi ma\u017eiems verslams, tad nuo \u0161iol, \u010dia rasite ir kit\u0173, ma\u017e\u0173 \u0161eim\u0173 versl\u0173, rank\u0173 darbo, dovan\u0173 sau ir artimiesiems.\",\"publisher\":{\"@id\":\"https:\/\/skaitytaknyga.lt\/#organization\"},\"potentialAction\":[{\"@type\":\"SearchAction\",\"target\":{\"@type\":\"EntryPoint\",\"urlTemplate\":\"https:\/\/skaitytaknyga.lt\/?s={search_term_string}\"},\"query-input\":{\"@type\":\"PropertyValueSpecification\",\"valueRequired\":true,\"valueName\":\"search_term_string\"}}],\"inLanguage\":\"en-GB\"},{\"@type\":\"Organization\",\"@id\":\"https:\/\/skaitytaknyga.lt\/#organization\",\"name\":\"skaitytaknyga.lt\",\"url\":\"https:\/\/skaitytaknyga.lt\/\",\"logo\":{\"@type\":\"ImageObject\",\"inLanguage\":\"en-GB\",\"@id\":\"https:\/\/skaitytaknyga.lt\/#\/schema\/logo\/image\/\",\"url\":\"https:\/\/skaitytaknyga.lt\/wp-content\/uploads\/2024\/05\/cropped-cropped-cropped-02_00843_jt3bggkj1j3HLc7SyY6rEUpg.jpeg\",\"contentUrl\":\"https:\/\/skaitytaknyga.lt\/wp-content\/uploads\/2024\/05\/cropped-cropped-cropped-02_00843_jt3bggkj1j3HLc7SyY6rEUpg.jpeg\",\"width\":1600,\"height\":1600,\"caption\":\"skaitytaknyga.lt\"},\"image\":{\"@id\":\"https:\/\/skaitytaknyga.lt\/#\/schema\/logo\/image\/\"},\"sameAs\":[\"https:\/\/www.facebook.com\/skaitytaknyga\/\"]}]}<\/script>\n<!-- \/ Yoast SEO plugin. -->","yoast_head_json":{"title":"Lengvas b\u016bdas suliekn\u0117ti","description":"Atsikratykite antsvorio be diet\u0173, kalorij\u0173 skai\u010diavimo ar valios pastang\u0173. Tai tiesa! Alleno Carro mitybos planas suteikia galimyb\u0119 m\u0117gautis valgymu,","robots":{"index":"index","follow":"follow","max-snippet":"max-snippet:-1","max-image-preview":"max-image-preview:large","max-video-preview":"max-video-preview:-1"},"canonical":"https:\/\/skaitytaknyga.lt\/en\/produktas\/lengvas-budas-suliekneti\/","og_locale":"en_GB","og_type":"article","og_title":"[:lt]Lengvas b\u016bdas suliekn\u0117ti[:] - Skaitytaknyga","og_description":"Atsikratykite antsvorio be diet\u0173, kalorij\u0173 skai\u010diavimo ar valios pastang\u0173. Tai tiesa! Alleno Carro mitybos planas suteikia galimyb\u0119 m\u0117gautis valgymu,","og_url":"https:\/\/skaitytaknyga.lt\/en\/produktas\/lengvas-budas-suliekneti\/","og_site_name":"Skaitytaknyga","article_publisher":"https:\/\/www.facebook.com\/skaitytaknyga\/","article_modified_time":"2026-03-18T11:17:13+00:00","og_image":[{"width":334,"height":497,"url":"https:\/\/skaitytaknyga.lt\/wp-content\/uploads\/2025\/08\/Lengvas-budas-suliekneti-1.webp","type":"image\/webp"}],"twitter_card":"summary_large_image","twitter_misc":{"Estimated reading time":"1 minute"},"schema":{"@context":"https:\/\/schema.org","@graph":[{"@type":"WebPage","@id":"https:\/\/skaitytaknyga.lt\/produktas\/lengvas-budas-suliekneti\/","url":"https:\/\/skaitytaknyga.lt\/produktas\/lengvas-budas-suliekneti\/","name":"Lengvas b\u016bdas suliekn\u0117ti","isPartOf":{"@id":"https:\/\/skaitytaknyga.lt\/#website"},"primaryImageOfPage":{"@id":"https:\/\/skaitytaknyga.lt\/produktas\/lengvas-budas-suliekneti\/#primaryimage"},"image":{"@id":"https:\/\/skaitytaknyga.lt\/produktas\/lengvas-budas-suliekneti\/#primaryimage"},"thumbnailUrl":"https:\/\/skaitytaknyga.lt\/wp-content\/uploads\/2025\/08\/Lengvas-budas-suliekneti-1.webp","datePublished":"2025-08-28T11:49:50+00:00","dateModified":"2026-03-18T11:17:13+00:00","description":"Atsikratykite antsvorio be diet\u0173, kalorij\u0173 skai\u010diavimo ar valios pastang\u0173. Tai tiesa! Alleno Carro mitybos planas suteikia galimyb\u0119 m\u0117gautis valgymu,","breadcrumb":{"@id":"https:\/\/skaitytaknyga.lt\/produktas\/lengvas-budas-suliekneti\/#breadcrumb"},"inLanguage":"en-GB","potentialAction":[{"@type":"ReadAction","target":["https:\/\/skaitytaknyga.lt\/produktas\/lengvas-budas-suliekneti\/"]}]},{"@type":"ImageObject","inLanguage":"en-GB","@id":"https:\/\/skaitytaknyga.lt\/produktas\/lengvas-budas-suliekneti\/#primaryimage","url":"https:\/\/skaitytaknyga.lt\/wp-content\/uploads\/2025\/08\/Lengvas-budas-suliekneti-1.webp","contentUrl":"https:\/\/skaitytaknyga.lt\/wp-content\/uploads\/2025\/08\/Lengvas-budas-suliekneti-1.webp","width":334,"height":497,"caption":"Lengvas b\u016bdas suliekn\u0117ti"},{"@type":"BreadcrumbList","@id":"https:\/\/skaitytaknyga.lt\/produktas\/lengvas-budas-suliekneti\/#breadcrumb","itemListElement":[{"@type":"ListItem","position":1,"name":"Home","item":"https:\/\/skaitytaknyga.lt\/"},{"@type":"ListItem","position":2,"name":"Parduotuv\u0117","item":"https:\/\/skaitytaknyga.lt\/knygu-parduotuve\/"},{"@type":"ListItem","position":3,"name":"Lengvas b\u016bdas suliekn\u0117ti"}]},{"@type":"WebSite","@id":"https:\/\/skaitytaknyga.lt\/#website","url":"https:\/\/skaitytaknyga.lt\/","name":"skaitytaknyga.lt","description":"Skaitytaknyga.lt \u2013 tai ma\u017eas \u0161eimos verslas, kuris prasid\u0117jo nuo meil\u0117s knygoms ir siekio i\u0161gelb\u0117ti knygas nuo likimo prie konteinerio. Kas vienam nereikalingas daiktas \u2013 kitam lobis, o mes esame tarpininkai, kurie padeda abiems tapti laimingesniems ???? \u017dinome kaip nelengva i\u0161gyventi ma\u017eiems verslams, tad nuo \u0161iol, \u010dia rasite ir kit\u0173, ma\u017e\u0173 \u0161eim\u0173 versl\u0173, rank\u0173 darbo, dovan\u0173 sau ir artimiesiems.","publisher":{"@id":"https:\/\/skaitytaknyga.lt\/#organization"},"potentialAction":[{"@type":"SearchAction","target":{"@type":"EntryPoint","urlTemplate":"https:\/\/skaitytaknyga.lt\/?s={search_term_string}"},"query-input":{"@type":"PropertyValueSpecification","valueRequired":true,"valueName":"search_term_string"}}],"inLanguage":"en-GB"},{"@type":"Organization","@id":"https:\/\/skaitytaknyga.lt\/#organization","name":"skaitytaknyga.lt","url":"https:\/\/skaitytaknyga.lt\/","logo":{"@type":"ImageObject","inLanguage":"en-GB","@id":"https:\/\/skaitytaknyga.lt\/#\/schema\/logo\/image\/","url":"https:\/\/skaitytaknyga.lt\/wp-content\/uploads\/2024\/05\/cropped-cropped-cropped-02_00843_jt3bggkj1j3HLc7SyY6rEUpg.jpeg","contentUrl":"https:\/\/skaitytaknyga.lt\/wp-content\/uploads\/2024\/05\/cropped-cropped-cropped-02_00843_jt3bggkj1j3HLc7SyY6rEUpg.jpeg","width":1600,"height":1600,"caption":"skaitytaknyga.lt"},"image":{"@id":"https:\/\/skaitytaknyga.lt\/#\/schema\/logo\/image\/"},"sameAs":["https:\/\/www.facebook.com\/skaitytaknyga\/"]}]}},"_links":{"self":[{"href":"https:\/\/skaitytaknyga.lt\/en\/wp-json\/wp\/v2\/product\/20564","targetHints":{"allow":["GET"]}}],"collection":[{"href":"https:\/\/skaitytaknyga.lt\/en\/wp-json\/wp\/v2\/product"}],"about":[{"href":"https:\/\/skaitytaknyga.lt\/en\/wp-json\/wp\/v2\/types\/product"}],"replies":[{"embeddable":true,"href":"https:\/\/skaitytaknyga.lt\/en\/wp-json\/wp\/v2\/comments?post=20564"}],"wp:featuredmedia":[{"embeddable":true,"href":"https:\/\/skaitytaknyga.lt\/en\/wp-json\/wp\/v2\/media\/20569"}],"wp:attachment":[{"href":"https:\/\/skaitytaknyga.lt\/en\/wp-json\/wp\/v2\/media?parent=20564"}],"wp:term":[{"taxonomy":"product_brand","embeddable":true,"href":"https:\/\/skaitytaknyga.lt\/en\/wp-json\/wp\/v2\/product_brand?post=20564"},{"taxonomy":"product_cat","embeddable":true,"href":"https:\/\/skaitytaknyga.lt\/en\/wp-json\/wp\/v2\/product_cat?post=20564"},{"taxonomy":"product_tag","embeddable":true,"href":"https:\/\/skaitytaknyga.lt\/en\/wp-json\/wp\/v2\/product_tag?post=20564"}],"curies":[{"name":"wp","href":"https:\/\/api.w.org\/{rel}","templated":true}]}}