{"id":20557,"date":"2025-08-28T14:28:11","date_gmt":"2025-08-28T11:28:11","guid":{"rendered":"https:\/\/skaitytaknyga.lt\/?post_type=product&#038;p=20557"},"modified":"2025-09-06T11:25:43","modified_gmt":"2025-09-06T08:25:43","slug":"milijonierius-automatiskai","status":"publish","type":"product","link":"https:\/\/skaitytaknyga.lt\/en\/produktas\/milijonierius-automatiskai\/","title":{"rendered":"Milijonierius automati\u0161kai"},"content":{"rendered":"<p>Knyga \u201eMilijonierius automati\u0161kai\u201c pradedama i\u0161rai\u0161kinga istorija apie paprast\u0105 amerikie\u010di\u0173 por\u0105, \u2013 jis paprastas vadybininkas, ji kosmetolog\u0117, \u2013 kurios bendros pajamos niekada nevir\u0161ija 55 000 JAV doleri\u0173 per metus, ta\u010diau kuri ka\u017ekaip i\u0161laiko dvejus namus be skol\u0173, du vaikus leid\u017eia \u012f koled\u017eus ir \u012f pensij\u0105 i\u0161eina penkiasde\u0161imt penkeri\u0173, tur\u0117dama daugiau nei 1 milijon\u0105 doleri\u0173 santaup\u0173. J\u0173 istorijos d\u0117ka su\u017einosite ne\u012ftik\u0117tin\u0173 dalyk\u0173, pavyzd\u017eiui, kad negalite tapti turtingais tur\u0117dami biud\u017eet\u0105! Privalote tur\u0117ti plan\u0105, pagal kur\u012f visi\u0161kai automati\u0161kai pirmiausia u\u017emokate sau bei u\u017etikrinate savo ateit\u012f ir u\u017emokate u\u017e savo dabart\u012f.<\/p>\n","protected":false},"excerpt":{"rendered":"<p>Knyga \u201eMilijonierius automati\u0161kai\u201c pradedama i\u0161rai\u0161kinga istorija apie paprast\u0105 amerikie\u010di\u0173 por\u0105, \u2013 jis paprastas vadybininkas, ji kosmetolog\u0117, \u2013 kurios bendros pajamos niekada nevir\u0161ija 55 000 JAV doleri\u0173 per metus, ta\u010diau kuri ka\u017ekaip i\u0161laiko dvejus namus be skol\u0173, du vaikus leid\u017eia \u012f koled\u017eus ir \u012f pensij\u0105 i\u0161eina penkiasde\u0161imt penkeri\u0173, tur\u0117dama daugiau nei 1 milijon\u0105 doleri\u0173 santaup\u0173. J\u0173 istorijos d\u0117ka su\u017einosite ne\u012ftik\u0117tin\u0173 dalyk\u0173, pavyzd\u017eiui, kad negalite tapti turtingais tur\u0117dami biud\u017eet\u0105! Privalote tur\u0117ti plan\u0105, pagal kur\u012f visi\u0161kai automati\u0161kai pirmiausia u\u017emokate sau bei u\u017etikrinate savo ateit\u012f ir u\u017emokate u\u017e savo dabart\u012f.<\/p>\n","protected":false},"featured_media":20563,"comment_status":"open","ping_status":"closed","template":"","meta":{"_acf_changed":false,"site-sidebar-layout":"default","site-content-layout":"","ast-site-content-layout":"default","site-content-style":"default","site-sidebar-style":"default","ast-global-header-display":"","ast-banner-title-visibility":"","ast-main-header-display":"","ast-hfb-above-header-display":"","ast-hfb-below-header-display":"","ast-hfb-mobile-header-display":"","site-post-title":"","ast-breadcrumbs-content":"","ast-featured-img":"","footer-sml-layout":"","ast-disable-related-posts":"","theme-transparent-header-meta":"","adv-header-id-meta":"","stick-header-meta":"","header-above-stick-meta":"","header-main-stick-meta":"","header-below-stick-meta":"","astra-migrate-meta-layouts":"default","ast-page-background-enabled":"default","ast-page-background-meta":{"desktop":{"background-color":"","background-image":"","background-repeat":"repeat","background-position":"center center","background-size":"auto","background-attachment":"scroll","background-type":"","background-media":"","overlay-type":"","overlay-color":"","overlay-opacity":"","overlay-gradient":""},"tablet":{"background-color":"","background-image":"","background-repeat":"repeat","background-position":"center center","background-size":"auto","background-attachment":"scroll","background-type":"","background-media":"","overlay-type":"","overlay-color":"","overlay-opacity":"","overlay-gradient":""},"mobile":{"background-color":"","background-image":"","background-repeat":"repeat","background-position":"center center","background-size":"auto","background-attachment":"scroll","background-type":"","background-media":"","overlay-type":"","overlay-color":"","overlay-opacity":"","overlay-gradient":""}},"ast-content-background-meta":{"desktop":{"background-color":"var(--ast-global-color-4)","background-image":"","background-repeat":"repeat","background-position":"center center","background-size":"auto","background-attachment":"scroll","background-type":"","background-media":"","overlay-type":"","overlay-color":"","overlay-opacity":"","overlay-gradient":""},"tablet":{"background-color":"var(--ast-global-color-4)","background-image":"","background-repeat":"repeat","background-position":"center center","background-size":"auto","background-attachment":"scroll","background-type":"","background-media":"","overlay-type":"","overlay-color":"","overlay-opacity":"","overlay-gradient":""},"mobile":{"background-color":"var(--ast-global-color-4)","background-image":"","background-repeat":"repeat","background-position":"center center","background-size":"auto","background-attachment":"scroll","background-type":"","background-media":"","overlay-type":"","overlay-color":"","overlay-opacity":"","overlay-gradient":""}}},"product_brand":[],"product_cat":[15],"product_tag":[7713,7711,2301,4311,4059,7712],"class_list":{"0":"post-20557","1":"product","2":"type-product","3":"status-publish","4":"has-post-thumbnail","6":"product_cat-uncategorized","7":"product_tag-biudzetas","8":"product_tag-david-bach","9":"product_tag-finansai","10":"product_tag-investavimas","11":"product_tag-planavimas","12":"product_tag-turtingumas","13":"desktop-align-left","14":"tablet-align-left","15":"mobile-align-left","17":"first","18":"instock","19":"shipping-taxable","20":"purchasable","21":"product-type-simple"},"acf":[],"yoast_head":"<!-- This site is optimized with the Yoast SEO plugin v27.0 - https:\/\/yoast.com\/product\/yoast-seo-wordpress\/ -->\n<title>Milijonierius automati\u0161kai<\/title>\n<meta name=\"description\" content=\"Knyga \u201eMilijonierius automati\u0161kai\u201c pradedama i\u0161rai\u0161kinga istorija apie paprast\u0105 amerikie\u010di\u0173 por\u0105, \u2013 jis paprastas vadybininkas, ji kosmetolog\u0117, \u2013 kurios\" \/>\n<meta name=\"robots\" content=\"index, follow, max-snippet:-1, max-image-preview:large, max-video-preview:-1\" \/>\n<link rel=\"canonical\" href=\"https:\/\/skaitytaknyga.lt\/en\/produktas\/milijonierius-automatiskai\/\" \/>\n<meta property=\"og:locale\" content=\"en_GB\" \/>\n<meta property=\"og:locale:alternate\" content=\"lt_LT\" \/>\n<meta property=\"og:type\" content=\"article\" \/>\n<meta property=\"og:title\" content=\"Milijonierius automati\u0161kai\" \/>\n<meta property=\"og:description\" content=\"Knyga \u201eMilijonierius automati\u0161kai\u201c pradedama i\u0161rai\u0161kinga istorija apie paprast\u0105 amerikie\u010di\u0173 por\u0105, \u2013 jis paprastas vadybininkas, ji kosmetolog\u0117, \u2013 kurios\" \/>\n<meta property=\"og:url\" content=\"https:\/\/skaitytaknyga.lt\/en\/produktas\/milijonierius-automatiskai\/\" \/>\n<meta property=\"og:site_name\" content=\"Skaitytaknyga\" \/>\n<meta property=\"article:publisher\" content=\"https:\/\/www.facebook.com\/skaitytaknyga\/\" \/>\n<meta property=\"article:modified_time\" content=\"2025-09-06T08:25:43+00:00\" \/>\n<meta property=\"og:image\" content=\"https:\/\/skaitytaknyga.lt\/wp-content\/uploads\/2025\/08\/Milijonierius-automatiskai-1.webp\" \/>\n\t<meta property=\"og:image:width\" content=\"418\" \/>\n\t<meta property=\"og:image:height\" content=\"600\" \/>\n\t<meta property=\"og:image:type\" content=\"image\/webp\" \/>\n<meta name=\"twitter:card\" content=\"summary_large_image\" \/>\n<meta name=\"twitter:label1\" content=\"Estimated reading time\" \/>\n\t<meta name=\"twitter:data1\" content=\"1 minute\" \/>\n<script type=\"application\/ld+json\" class=\"yoast-schema-graph\">{\"@context\":\"https:\/\/schema.org\",\"@graph\":[{\"@type\":\"WebPage\",\"@id\":\"https:\/\/skaitytaknyga.lt\/produktas\/milijonierius-automatiskai\/\",\"url\":\"https:\/\/skaitytaknyga.lt\/produktas\/milijonierius-automatiskai\/\",\"name\":\"Milijonierius automati\u0161kai\",\"isPartOf\":{\"@id\":\"https:\/\/skaitytaknyga.lt\/#website\"},\"primaryImageOfPage\":{\"@id\":\"https:\/\/skaitytaknyga.lt\/produktas\/milijonierius-automatiskai\/#primaryimage\"},\"image\":{\"@id\":\"https:\/\/skaitytaknyga.lt\/produktas\/milijonierius-automatiskai\/#primaryimage\"},\"thumbnailUrl\":\"https:\/\/skaitytaknyga.lt\/wp-content\/uploads\/2025\/08\/Milijonierius-automatiskai-1.webp\",\"datePublished\":\"2025-08-28T11:28:11+00:00\",\"dateModified\":\"2025-09-06T08:25:43+00:00\",\"description\":\"Knyga \u201eMilijonierius automati\u0161kai\u201c pradedama i\u0161rai\u0161kinga istorija apie paprast\u0105 amerikie\u010di\u0173 por\u0105, \u2013 jis paprastas vadybininkas, ji kosmetolog\u0117, \u2013 kurios\",\"breadcrumb\":{\"@id\":\"https:\/\/skaitytaknyga.lt\/produktas\/milijonierius-automatiskai\/#breadcrumb\"},\"inLanguage\":\"en-GB\",\"potentialAction\":[{\"@type\":\"ReadAction\",\"target\":[\"https:\/\/skaitytaknyga.lt\/produktas\/milijonierius-automatiskai\/\"]}]},{\"@type\":\"ImageObject\",\"inLanguage\":\"en-GB\",\"@id\":\"https:\/\/skaitytaknyga.lt\/produktas\/milijonierius-automatiskai\/#primaryimage\",\"url\":\"https:\/\/skaitytaknyga.lt\/wp-content\/uploads\/2025\/08\/Milijonierius-automatiskai-1.webp\",\"contentUrl\":\"https:\/\/skaitytaknyga.lt\/wp-content\/uploads\/2025\/08\/Milijonierius-automatiskai-1.webp\",\"width\":418,\"height\":600},{\"@type\":\"BreadcrumbList\",\"@id\":\"https:\/\/skaitytaknyga.lt\/produktas\/milijonierius-automatiskai\/#breadcrumb\",\"itemListElement\":[{\"@type\":\"ListItem\",\"position\":1,\"name\":\"Home\",\"item\":\"https:\/\/skaitytaknyga.lt\/\"},{\"@type\":\"ListItem\",\"position\":2,\"name\":\"Parduotuv\u0117\",\"item\":\"https:\/\/skaitytaknyga.lt\/knygu-parduotuve\/\"},{\"@type\":\"ListItem\",\"position\":3,\"name\":\"Milijonierius automati\u0161kai\"}]},{\"@type\":\"WebSite\",\"@id\":\"https:\/\/skaitytaknyga.lt\/#website\",\"url\":\"https:\/\/skaitytaknyga.lt\/\",\"name\":\"skaitytaknyga.lt\",\"description\":\"Skaitytaknyga.lt \u2013 tai ma\u017eas \u0161eimos verslas, kuris prasid\u0117jo nuo meil\u0117s knygoms ir siekio i\u0161gelb\u0117ti knygas nuo likimo prie konteinerio. Kas vienam nereikalingas daiktas \u2013 kitam lobis, o mes esame tarpininkai, kurie padeda abiems tapti laimingesniems ???? \u017dinome kaip nelengva i\u0161gyventi ma\u017eiems verslams, tad nuo \u0161iol, \u010dia rasite ir kit\u0173, ma\u017e\u0173 \u0161eim\u0173 versl\u0173, rank\u0173 darbo, dovan\u0173 sau ir artimiesiems.\",\"publisher\":{\"@id\":\"https:\/\/skaitytaknyga.lt\/#organization\"},\"potentialAction\":[{\"@type\":\"SearchAction\",\"target\":{\"@type\":\"EntryPoint\",\"urlTemplate\":\"https:\/\/skaitytaknyga.lt\/?s={search_term_string}\"},\"query-input\":{\"@type\":\"PropertyValueSpecification\",\"valueRequired\":true,\"valueName\":\"search_term_string\"}}],\"inLanguage\":\"en-GB\"},{\"@type\":\"Organization\",\"@id\":\"https:\/\/skaitytaknyga.lt\/#organization\",\"name\":\"skaitytaknyga.lt\",\"url\":\"https:\/\/skaitytaknyga.lt\/\",\"logo\":{\"@type\":\"ImageObject\",\"inLanguage\":\"en-GB\",\"@id\":\"https:\/\/skaitytaknyga.lt\/#\/schema\/logo\/image\/\",\"url\":\"https:\/\/skaitytaknyga.lt\/wp-content\/uploads\/2024\/05\/cropped-cropped-cropped-02_00843_jt3bggkj1j3HLc7SyY6rEUpg.jpeg\",\"contentUrl\":\"https:\/\/skaitytaknyga.lt\/wp-content\/uploads\/2024\/05\/cropped-cropped-cropped-02_00843_jt3bggkj1j3HLc7SyY6rEUpg.jpeg\",\"width\":1600,\"height\":1600,\"caption\":\"skaitytaknyga.lt\"},\"image\":{\"@id\":\"https:\/\/skaitytaknyga.lt\/#\/schema\/logo\/image\/\"},\"sameAs\":[\"https:\/\/www.facebook.com\/skaitytaknyga\/\"]}]}<\/script>\n<!-- \/ Yoast SEO plugin. -->","yoast_head_json":{"title":"Milijonierius automati\u0161kai","description":"Knyga \u201eMilijonierius automati\u0161kai\u201c pradedama i\u0161rai\u0161kinga istorija apie paprast\u0105 amerikie\u010di\u0173 por\u0105, \u2013 jis paprastas vadybininkas, ji kosmetolog\u0117, \u2013 kurios","robots":{"index":"index","follow":"follow","max-snippet":"max-snippet:-1","max-image-preview":"max-image-preview:large","max-video-preview":"max-video-preview:-1"},"canonical":"https:\/\/skaitytaknyga.lt\/en\/produktas\/milijonierius-automatiskai\/","og_locale":"en_GB","og_type":"article","og_title":"[:lt]Milijonierius automati\u0161kai[:] - Skaitytaknyga","og_description":"Knyga \u201eMilijonierius automati\u0161kai\u201c pradedama i\u0161rai\u0161kinga istorija apie paprast\u0105 amerikie\u010di\u0173 por\u0105, \u2013 jis paprastas vadybininkas, ji kosmetolog\u0117, \u2013 kurios","og_url":"https:\/\/skaitytaknyga.lt\/en\/produktas\/milijonierius-automatiskai\/","og_site_name":"Skaitytaknyga","article_publisher":"https:\/\/www.facebook.com\/skaitytaknyga\/","article_modified_time":"2025-09-06T08:25:43+00:00","og_image":[{"width":418,"height":600,"url":"https:\/\/skaitytaknyga.lt\/wp-content\/uploads\/2025\/08\/Milijonierius-automatiskai-1.webp","type":"image\/webp"}],"twitter_card":"summary_large_image","twitter_misc":{"Estimated reading time":"1 minute"},"schema":{"@context":"https:\/\/schema.org","@graph":[{"@type":"WebPage","@id":"https:\/\/skaitytaknyga.lt\/produktas\/milijonierius-automatiskai\/","url":"https:\/\/skaitytaknyga.lt\/produktas\/milijonierius-automatiskai\/","name":"Milijonierius automati\u0161kai","isPartOf":{"@id":"https:\/\/skaitytaknyga.lt\/#website"},"primaryImageOfPage":{"@id":"https:\/\/skaitytaknyga.lt\/produktas\/milijonierius-automatiskai\/#primaryimage"},"image":{"@id":"https:\/\/skaitytaknyga.lt\/produktas\/milijonierius-automatiskai\/#primaryimage"},"thumbnailUrl":"https:\/\/skaitytaknyga.lt\/wp-content\/uploads\/2025\/08\/Milijonierius-automatiskai-1.webp","datePublished":"2025-08-28T11:28:11+00:00","dateModified":"2025-09-06T08:25:43+00:00","description":"Knyga \u201eMilijonierius automati\u0161kai\u201c pradedama i\u0161rai\u0161kinga istorija apie paprast\u0105 amerikie\u010di\u0173 por\u0105, \u2013 jis paprastas vadybininkas, ji kosmetolog\u0117, \u2013 kurios","breadcrumb":{"@id":"https:\/\/skaitytaknyga.lt\/produktas\/milijonierius-automatiskai\/#breadcrumb"},"inLanguage":"en-GB","potentialAction":[{"@type":"ReadAction","target":["https:\/\/skaitytaknyga.lt\/produktas\/milijonierius-automatiskai\/"]}]},{"@type":"ImageObject","inLanguage":"en-GB","@id":"https:\/\/skaitytaknyga.lt\/produktas\/milijonierius-automatiskai\/#primaryimage","url":"https:\/\/skaitytaknyga.lt\/wp-content\/uploads\/2025\/08\/Milijonierius-automatiskai-1.webp","contentUrl":"https:\/\/skaitytaknyga.lt\/wp-content\/uploads\/2025\/08\/Milijonierius-automatiskai-1.webp","width":418,"height":600},{"@type":"BreadcrumbList","@id":"https:\/\/skaitytaknyga.lt\/produktas\/milijonierius-automatiskai\/#breadcrumb","itemListElement":[{"@type":"ListItem","position":1,"name":"Home","item":"https:\/\/skaitytaknyga.lt\/"},{"@type":"ListItem","position":2,"name":"Parduotuv\u0117","item":"https:\/\/skaitytaknyga.lt\/knygu-parduotuve\/"},{"@type":"ListItem","position":3,"name":"Milijonierius automati\u0161kai"}]},{"@type":"WebSite","@id":"https:\/\/skaitytaknyga.lt\/#website","url":"https:\/\/skaitytaknyga.lt\/","name":"skaitytaknyga.lt","description":"Skaitytaknyga.lt \u2013 tai ma\u017eas \u0161eimos verslas, kuris prasid\u0117jo nuo meil\u0117s knygoms ir siekio i\u0161gelb\u0117ti knygas nuo likimo prie konteinerio. Kas vienam nereikalingas daiktas \u2013 kitam lobis, o mes esame tarpininkai, kurie padeda abiems tapti laimingesniems ???? \u017dinome kaip nelengva i\u0161gyventi ma\u017eiems verslams, tad nuo \u0161iol, \u010dia rasite ir kit\u0173, ma\u017e\u0173 \u0161eim\u0173 versl\u0173, rank\u0173 darbo, dovan\u0173 sau ir artimiesiems.","publisher":{"@id":"https:\/\/skaitytaknyga.lt\/#organization"},"potentialAction":[{"@type":"SearchAction","target":{"@type":"EntryPoint","urlTemplate":"https:\/\/skaitytaknyga.lt\/?s={search_term_string}"},"query-input":{"@type":"PropertyValueSpecification","valueRequired":true,"valueName":"search_term_string"}}],"inLanguage":"en-GB"},{"@type":"Organization","@id":"https:\/\/skaitytaknyga.lt\/#organization","name":"skaitytaknyga.lt","url":"https:\/\/skaitytaknyga.lt\/","logo":{"@type":"ImageObject","inLanguage":"en-GB","@id":"https:\/\/skaitytaknyga.lt\/#\/schema\/logo\/image\/","url":"https:\/\/skaitytaknyga.lt\/wp-content\/uploads\/2024\/05\/cropped-cropped-cropped-02_00843_jt3bggkj1j3HLc7SyY6rEUpg.jpeg","contentUrl":"https:\/\/skaitytaknyga.lt\/wp-content\/uploads\/2024\/05\/cropped-cropped-cropped-02_00843_jt3bggkj1j3HLc7SyY6rEUpg.jpeg","width":1600,"height":1600,"caption":"skaitytaknyga.lt"},"image":{"@id":"https:\/\/skaitytaknyga.lt\/#\/schema\/logo\/image\/"},"sameAs":["https:\/\/www.facebook.com\/skaitytaknyga\/"]}]}},"_links":{"self":[{"href":"https:\/\/skaitytaknyga.lt\/en\/wp-json\/wp\/v2\/product\/20557","targetHints":{"allow":["GET"]}}],"collection":[{"href":"https:\/\/skaitytaknyga.lt\/en\/wp-json\/wp\/v2\/product"}],"about":[{"href":"https:\/\/skaitytaknyga.lt\/en\/wp-json\/wp\/v2\/types\/product"}],"replies":[{"embeddable":true,"href":"https:\/\/skaitytaknyga.lt\/en\/wp-json\/wp\/v2\/comments?post=20557"}],"wp:featuredmedia":[{"embeddable":true,"href":"https:\/\/skaitytaknyga.lt\/en\/wp-json\/wp\/v2\/media\/20563"}],"wp:attachment":[{"href":"https:\/\/skaitytaknyga.lt\/en\/wp-json\/wp\/v2\/media?parent=20557"}],"wp:term":[{"taxonomy":"product_brand","embeddable":true,"href":"https:\/\/skaitytaknyga.lt\/en\/wp-json\/wp\/v2\/product_brand?post=20557"},{"taxonomy":"product_cat","embeddable":true,"href":"https:\/\/skaitytaknyga.lt\/en\/wp-json\/wp\/v2\/product_cat?post=20557"},{"taxonomy":"product_tag","embeddable":true,"href":"https:\/\/skaitytaknyga.lt\/en\/wp-json\/wp\/v2\/product_tag?post=20557"}],"curies":[{"name":"wp","href":"https:\/\/api.w.org\/{rel}","templated":true}]}}