{"id":20545,"date":"2025-08-28T09:09:42","date_gmt":"2025-08-28T06:09:42","guid":{"rendered":"https:\/\/skaitytaknyga.lt\/?post_type=product&#038;p=20545"},"modified":"2025-09-06T11:31:24","modified_gmt":"2025-09-06T08:31:24","slug":"sypsokis-kol-ne-velu","status":"publish","type":"product","link":"https:\/\/skaitytaknyga.lt\/en\/produktas\/sypsokis-kol-ne-velu\/","title":{"rendered":"\u0160ypsokis, kol ne v\u0117lu"},"content":{"rendered":"<p>\u0160i knyga &#8211; tai &#8220;neakivaizdin\u0117 nam\u0173 mokykla&#8221;, ma\u017eas seminaras, kuriame pats b\u016bsite ir mokinys ir mokytojas. Joje i\u0161d\u0117stytos id\u0117jos jau pagelb\u0117jo ne vienam t\u016bkstan\u010diui \u017emoni\u0173 visame pasaulyje. Autoriai atsako \u012f klausim\u0105: k\u0105 daryti, kad b\u016btume laimingi? Knyga bus naudinga nuolat susim\u0105stantiems apie savo gyvenim\u0105 ir tiems, kurie mano, kad \u0161is tas \u0161iame gyvenime priklauso ir nuo j\u0173. Pateikiama daug praktini\u0173 u\u017eduo\u010di\u0173.<\/p>\n","protected":false},"excerpt":{"rendered":"<p>\u0160i knyga &#8211; tai &#8220;neakivaizdin\u0117 nam\u0173 mokykla&#8221;, ma\u017eas seminaras, kuriame pats b\u016bsite ir mokinys ir mokytojas. Joje i\u0161d\u0117stytos id\u0117jos jau pagelb\u0117jo ne vienam t\u016bkstan\u010diui \u017emoni\u0173 visame pasaulyje. Autoriai atsako \u012f klausim\u0105: k\u0105 daryti, kad b\u016btume laimingi? Knyga bus naudinga nuolat susim\u0105stantiems apie savo gyvenim\u0105 ir tiems, kurie mano, kad \u0161is tas \u0161iame gyvenime priklauso ir nuo j\u0173. Pateikiama daug praktini\u0173 u\u017eduo\u010di\u0173.<\/p>\n","protected":false},"featured_media":20551,"comment_status":"open","ping_status":"closed","template":"","meta":{"_acf_changed":false,"site-sidebar-layout":"default","site-content-layout":"","ast-site-content-layout":"default","site-content-style":"default","site-sidebar-style":"default","ast-global-header-display":"","ast-banner-title-visibility":"","ast-main-header-display":"","ast-hfb-above-header-display":"","ast-hfb-below-header-display":"","ast-hfb-mobile-header-display":"","site-post-title":"","ast-breadcrumbs-content":"","ast-featured-img":"","footer-sml-layout":"","ast-disable-related-posts":"","theme-transparent-header-meta":"","adv-header-id-meta":"","stick-header-meta":"","header-above-stick-meta":"","header-main-stick-meta":"","header-below-stick-meta":"","astra-migrate-meta-layouts":"default","ast-page-background-enabled":"default","ast-page-background-meta":{"desktop":{"background-color":"","background-image":"","background-repeat":"repeat","background-position":"center center","background-size":"auto","background-attachment":"scroll","background-type":"","background-media":"","overlay-type":"","overlay-color":"","overlay-opacity":"","overlay-gradient":""},"tablet":{"background-color":"","background-image":"","background-repeat":"repeat","background-position":"center center","background-size":"auto","background-attachment":"scroll","background-type":"","background-media":"","overlay-type":"","overlay-color":"","overlay-opacity":"","overlay-gradient":""},"mobile":{"background-color":"","background-image":"","background-repeat":"repeat","background-position":"center center","background-size":"auto","background-attachment":"scroll","background-type":"","background-media":"","overlay-type":"","overlay-color":"","overlay-opacity":"","overlay-gradient":""}},"ast-content-background-meta":{"desktop":{"background-color":"var(--ast-global-color-4)","background-image":"","background-repeat":"repeat","background-position":"center center","background-size":"auto","background-attachment":"scroll","background-type":"","background-media":"","overlay-type":"","overlay-color":"","overlay-opacity":"","overlay-gradient":""},"tablet":{"background-color":"var(--ast-global-color-4)","background-image":"","background-repeat":"repeat","background-position":"center center","background-size":"auto","background-attachment":"scroll","background-type":"","background-media":"","overlay-type":"","overlay-color":"","overlay-opacity":"","overlay-gradient":""},"mobile":{"background-color":"var(--ast-global-color-4)","background-image":"","background-repeat":"repeat","background-position":"center center","background-size":"auto","background-attachment":"scroll","background-type":"","background-media":"","overlay-type":"","overlay-color":"","overlay-opacity":"","overlay-gradient":""}}},"product_brand":[],"product_cat":[15],"product_tag":[1404,1970,7760,1396],"class_list":{"0":"post-20545","1":"product","2":"type-product","3":"status-publish","4":"has-post-thumbnail","6":"product_cat-uncategorized","7":"product_tag-gyvenimo-igudziai","8":"product_tag-laime","9":"product_tag-praktiniai-patarimai","10":"product_tag-saviugda","11":"desktop-align-left","12":"tablet-align-left","13":"mobile-align-left","15":"first","16":"instock","17":"shipping-taxable","18":"purchasable","19":"product-type-simple"},"acf":[],"yoast_head":"<!-- This site is optimized with the Yoast SEO plugin v27.0 - https:\/\/yoast.com\/product\/yoast-seo-wordpress\/ -->\n<title>\u0160ypsokis, kol ne v\u0117lu<\/title>\n<meta name=\"description\" content=\"\u0160i knyga - tai &quot;neakivaizdin\u0117 nam\u0173 mokykla&quot;, ma\u017eas seminaras, kuriame pats b\u016bsite ir mokinys ir mokytojas. Joje i\u0161d\u0117stytos id\u0117jos jau pagelb\u0117jo ne vienam\" \/>\n<meta name=\"robots\" content=\"index, follow, max-snippet:-1, max-image-preview:large, max-video-preview:-1\" \/>\n<link rel=\"canonical\" href=\"https:\/\/skaitytaknyga.lt\/en\/produktas\/sypsokis-kol-ne-velu\/\" \/>\n<meta property=\"og:locale\" content=\"en_GB\" \/>\n<meta property=\"og:locale:alternate\" content=\"lt_LT\" \/>\n<meta property=\"og:type\" content=\"article\" \/>\n<meta property=\"og:title\" content=\"\u0160ypsokis, kol ne v\u0117lu\" \/>\n<meta property=\"og:description\" content=\"\u0160i knyga - tai &quot;neakivaizdin\u0117 nam\u0173 mokykla&quot;, ma\u017eas seminaras, kuriame pats b\u016bsite ir mokinys ir mokytojas. Joje i\u0161d\u0117stytos id\u0117jos jau pagelb\u0117jo ne vienam\" \/>\n<meta property=\"og:url\" content=\"https:\/\/skaitytaknyga.lt\/en\/produktas\/sypsokis-kol-ne-velu\/\" \/>\n<meta property=\"og:site_name\" content=\"Skaitytaknyga\" \/>\n<meta property=\"article:publisher\" content=\"https:\/\/www.facebook.com\/skaitytaknyga\/\" \/>\n<meta property=\"article:modified_time\" content=\"2025-09-06T08:31:24+00:00\" \/>\n<meta property=\"og:image\" content=\"https:\/\/skaitytaknyga.lt\/wp-content\/uploads\/2025\/08\/Sypsokis-kol-ne-velu-e1756379803207.webp\" \/>\n\t<meta property=\"og:image:width\" content=\"372\" \/>\n\t<meta property=\"og:image:height\" content=\"575\" \/>\n\t<meta property=\"og:image:type\" content=\"image\/webp\" \/>\n<meta name=\"twitter:card\" content=\"summary_large_image\" \/>\n<script type=\"application\/ld+json\" class=\"yoast-schema-graph\">{\"@context\":\"https:\/\/schema.org\",\"@graph\":[{\"@type\":\"WebPage\",\"@id\":\"https:\/\/skaitytaknyga.lt\/produktas\/sypsokis-kol-ne-velu\/\",\"url\":\"https:\/\/skaitytaknyga.lt\/produktas\/sypsokis-kol-ne-velu\/\",\"name\":\"\u0160ypsokis, kol ne v\u0117lu\",\"isPartOf\":{\"@id\":\"https:\/\/skaitytaknyga.lt\/#website\"},\"primaryImageOfPage\":{\"@id\":\"https:\/\/skaitytaknyga.lt\/produktas\/sypsokis-kol-ne-velu\/#primaryimage\"},\"image\":{\"@id\":\"https:\/\/skaitytaknyga.lt\/produktas\/sypsokis-kol-ne-velu\/#primaryimage\"},\"thumbnailUrl\":\"https:\/\/skaitytaknyga.lt\/wp-content\/uploads\/2025\/08\/Sypsokis-kol-ne-velu-e1756379803207.webp\",\"datePublished\":\"2025-08-28T06:09:42+00:00\",\"dateModified\":\"2025-09-06T08:31:24+00:00\",\"description\":\"\u0160i knyga - tai \\\"neakivaizdin\u0117 nam\u0173 mokykla\\\", ma\u017eas seminaras, kuriame pats b\u016bsite ir mokinys ir mokytojas. Joje i\u0161d\u0117stytos id\u0117jos jau pagelb\u0117jo ne vienam\",\"breadcrumb\":{\"@id\":\"https:\/\/skaitytaknyga.lt\/produktas\/sypsokis-kol-ne-velu\/#breadcrumb\"},\"inLanguage\":\"en-GB\",\"potentialAction\":[{\"@type\":\"ReadAction\",\"target\":[\"https:\/\/skaitytaknyga.lt\/produktas\/sypsokis-kol-ne-velu\/\"]}]},{\"@type\":\"ImageObject\",\"inLanguage\":\"en-GB\",\"@id\":\"https:\/\/skaitytaknyga.lt\/produktas\/sypsokis-kol-ne-velu\/#primaryimage\",\"url\":\"https:\/\/skaitytaknyga.lt\/wp-content\/uploads\/2025\/08\/Sypsokis-kol-ne-velu-e1756379803207.webp\",\"contentUrl\":\"https:\/\/skaitytaknyga.lt\/wp-content\/uploads\/2025\/08\/Sypsokis-kol-ne-velu-e1756379803207.webp\",\"width\":372,\"height\":575,\"caption\":\"\u0160ypsokis, kol ne v\u0117lu\"},{\"@type\":\"BreadcrumbList\",\"@id\":\"https:\/\/skaitytaknyga.lt\/produktas\/sypsokis-kol-ne-velu\/#breadcrumb\",\"itemListElement\":[{\"@type\":\"ListItem\",\"position\":1,\"name\":\"Home\",\"item\":\"https:\/\/skaitytaknyga.lt\/\"},{\"@type\":\"ListItem\",\"position\":2,\"name\":\"Parduotuv\u0117\",\"item\":\"https:\/\/skaitytaknyga.lt\/knygu-parduotuve\/\"},{\"@type\":\"ListItem\",\"position\":3,\"name\":\"\u0160ypsokis, kol ne v\u0117lu\"}]},{\"@type\":\"WebSite\",\"@id\":\"https:\/\/skaitytaknyga.lt\/#website\",\"url\":\"https:\/\/skaitytaknyga.lt\/\",\"name\":\"skaitytaknyga.lt\",\"description\":\"Skaitytaknyga.lt \u2013 tai ma\u017eas \u0161eimos verslas, kuris prasid\u0117jo nuo meil\u0117s knygoms ir siekio i\u0161gelb\u0117ti knygas nuo likimo prie konteinerio. Kas vienam nereikalingas daiktas \u2013 kitam lobis, o mes esame tarpininkai, kurie padeda abiems tapti laimingesniems ???? \u017dinome kaip nelengva i\u0161gyventi ma\u017eiems verslams, tad nuo \u0161iol, \u010dia rasite ir kit\u0173, ma\u017e\u0173 \u0161eim\u0173 versl\u0173, rank\u0173 darbo, dovan\u0173 sau ir artimiesiems.\",\"publisher\":{\"@id\":\"https:\/\/skaitytaknyga.lt\/#organization\"},\"potentialAction\":[{\"@type\":\"SearchAction\",\"target\":{\"@type\":\"EntryPoint\",\"urlTemplate\":\"https:\/\/skaitytaknyga.lt\/?s={search_term_string}\"},\"query-input\":{\"@type\":\"PropertyValueSpecification\",\"valueRequired\":true,\"valueName\":\"search_term_string\"}}],\"inLanguage\":\"en-GB\"},{\"@type\":\"Organization\",\"@id\":\"https:\/\/skaitytaknyga.lt\/#organization\",\"name\":\"skaitytaknyga.lt\",\"url\":\"https:\/\/skaitytaknyga.lt\/\",\"logo\":{\"@type\":\"ImageObject\",\"inLanguage\":\"en-GB\",\"@id\":\"https:\/\/skaitytaknyga.lt\/#\/schema\/logo\/image\/\",\"url\":\"https:\/\/skaitytaknyga.lt\/wp-content\/uploads\/2024\/05\/cropped-cropped-cropped-02_00843_jt3bggkj1j3HLc7SyY6rEUpg.jpeg\",\"contentUrl\":\"https:\/\/skaitytaknyga.lt\/wp-content\/uploads\/2024\/05\/cropped-cropped-cropped-02_00843_jt3bggkj1j3HLc7SyY6rEUpg.jpeg\",\"width\":1600,\"height\":1600,\"caption\":\"skaitytaknyga.lt\"},\"image\":{\"@id\":\"https:\/\/skaitytaknyga.lt\/#\/schema\/logo\/image\/\"},\"sameAs\":[\"https:\/\/www.facebook.com\/skaitytaknyga\/\"]}]}<\/script>\n<!-- \/ Yoast SEO plugin. -->","yoast_head_json":{"title":"\u0160ypsokis, kol ne v\u0117lu","description":"\u0160i knyga - tai \"neakivaizdin\u0117 nam\u0173 mokykla\", ma\u017eas seminaras, kuriame pats b\u016bsite ir mokinys ir mokytojas. Joje i\u0161d\u0117stytos id\u0117jos jau pagelb\u0117jo ne vienam","robots":{"index":"index","follow":"follow","max-snippet":"max-snippet:-1","max-image-preview":"max-image-preview:large","max-video-preview":"max-video-preview:-1"},"canonical":"https:\/\/skaitytaknyga.lt\/en\/produktas\/sypsokis-kol-ne-velu\/","og_locale":"en_GB","og_type":"article","og_title":"[:lt]\u0160ypsokis, kol ne v\u0117lu[:] - Skaitytaknyga","og_description":"\u0160i knyga - tai \"neakivaizdin\u0117 nam\u0173 mokykla\", ma\u017eas seminaras, kuriame pats b\u016bsite ir mokinys ir mokytojas. Joje i\u0161d\u0117stytos id\u0117jos jau pagelb\u0117jo ne vienam","og_url":"https:\/\/skaitytaknyga.lt\/en\/produktas\/sypsokis-kol-ne-velu\/","og_site_name":"Skaitytaknyga","article_publisher":"https:\/\/www.facebook.com\/skaitytaknyga\/","article_modified_time":"2025-09-06T08:31:24+00:00","og_image":[{"width":372,"height":575,"url":"https:\/\/skaitytaknyga.lt\/wp-content\/uploads\/2025\/08\/Sypsokis-kol-ne-velu-e1756379803207.webp","type":"image\/webp"}],"twitter_card":"summary_large_image","schema":{"@context":"https:\/\/schema.org","@graph":[{"@type":"WebPage","@id":"https:\/\/skaitytaknyga.lt\/produktas\/sypsokis-kol-ne-velu\/","url":"https:\/\/skaitytaknyga.lt\/produktas\/sypsokis-kol-ne-velu\/","name":"\u0160ypsokis, kol ne v\u0117lu","isPartOf":{"@id":"https:\/\/skaitytaknyga.lt\/#website"},"primaryImageOfPage":{"@id":"https:\/\/skaitytaknyga.lt\/produktas\/sypsokis-kol-ne-velu\/#primaryimage"},"image":{"@id":"https:\/\/skaitytaknyga.lt\/produktas\/sypsokis-kol-ne-velu\/#primaryimage"},"thumbnailUrl":"https:\/\/skaitytaknyga.lt\/wp-content\/uploads\/2025\/08\/Sypsokis-kol-ne-velu-e1756379803207.webp","datePublished":"2025-08-28T06:09:42+00:00","dateModified":"2025-09-06T08:31:24+00:00","description":"\u0160i knyga - tai \"neakivaizdin\u0117 nam\u0173 mokykla\", ma\u017eas seminaras, kuriame pats b\u016bsite ir mokinys ir mokytojas. Joje i\u0161d\u0117stytos id\u0117jos jau pagelb\u0117jo ne vienam","breadcrumb":{"@id":"https:\/\/skaitytaknyga.lt\/produktas\/sypsokis-kol-ne-velu\/#breadcrumb"},"inLanguage":"en-GB","potentialAction":[{"@type":"ReadAction","target":["https:\/\/skaitytaknyga.lt\/produktas\/sypsokis-kol-ne-velu\/"]}]},{"@type":"ImageObject","inLanguage":"en-GB","@id":"https:\/\/skaitytaknyga.lt\/produktas\/sypsokis-kol-ne-velu\/#primaryimage","url":"https:\/\/skaitytaknyga.lt\/wp-content\/uploads\/2025\/08\/Sypsokis-kol-ne-velu-e1756379803207.webp","contentUrl":"https:\/\/skaitytaknyga.lt\/wp-content\/uploads\/2025\/08\/Sypsokis-kol-ne-velu-e1756379803207.webp","width":372,"height":575,"caption":"\u0160ypsokis, kol ne v\u0117lu"},{"@type":"BreadcrumbList","@id":"https:\/\/skaitytaknyga.lt\/produktas\/sypsokis-kol-ne-velu\/#breadcrumb","itemListElement":[{"@type":"ListItem","position":1,"name":"Home","item":"https:\/\/skaitytaknyga.lt\/"},{"@type":"ListItem","position":2,"name":"Parduotuv\u0117","item":"https:\/\/skaitytaknyga.lt\/knygu-parduotuve\/"},{"@type":"ListItem","position":3,"name":"\u0160ypsokis, kol ne v\u0117lu"}]},{"@type":"WebSite","@id":"https:\/\/skaitytaknyga.lt\/#website","url":"https:\/\/skaitytaknyga.lt\/","name":"skaitytaknyga.lt","description":"Skaitytaknyga.lt \u2013 tai ma\u017eas \u0161eimos verslas, kuris prasid\u0117jo nuo meil\u0117s knygoms ir siekio i\u0161gelb\u0117ti knygas nuo likimo prie konteinerio. Kas vienam nereikalingas daiktas \u2013 kitam lobis, o mes esame tarpininkai, kurie padeda abiems tapti laimingesniems ???? \u017dinome kaip nelengva i\u0161gyventi ma\u017eiems verslams, tad nuo \u0161iol, \u010dia rasite ir kit\u0173, ma\u017e\u0173 \u0161eim\u0173 versl\u0173, rank\u0173 darbo, dovan\u0173 sau ir artimiesiems.","publisher":{"@id":"https:\/\/skaitytaknyga.lt\/#organization"},"potentialAction":[{"@type":"SearchAction","target":{"@type":"EntryPoint","urlTemplate":"https:\/\/skaitytaknyga.lt\/?s={search_term_string}"},"query-input":{"@type":"PropertyValueSpecification","valueRequired":true,"valueName":"search_term_string"}}],"inLanguage":"en-GB"},{"@type":"Organization","@id":"https:\/\/skaitytaknyga.lt\/#organization","name":"skaitytaknyga.lt","url":"https:\/\/skaitytaknyga.lt\/","logo":{"@type":"ImageObject","inLanguage":"en-GB","@id":"https:\/\/skaitytaknyga.lt\/#\/schema\/logo\/image\/","url":"https:\/\/skaitytaknyga.lt\/wp-content\/uploads\/2024\/05\/cropped-cropped-cropped-02_00843_jt3bggkj1j3HLc7SyY6rEUpg.jpeg","contentUrl":"https:\/\/skaitytaknyga.lt\/wp-content\/uploads\/2024\/05\/cropped-cropped-cropped-02_00843_jt3bggkj1j3HLc7SyY6rEUpg.jpeg","width":1600,"height":1600,"caption":"skaitytaknyga.lt"},"image":{"@id":"https:\/\/skaitytaknyga.lt\/#\/schema\/logo\/image\/"},"sameAs":["https:\/\/www.facebook.com\/skaitytaknyga\/"]}]}},"_links":{"self":[{"href":"https:\/\/skaitytaknyga.lt\/en\/wp-json\/wp\/v2\/product\/20545","targetHints":{"allow":["GET"]}}],"collection":[{"href":"https:\/\/skaitytaknyga.lt\/en\/wp-json\/wp\/v2\/product"}],"about":[{"href":"https:\/\/skaitytaknyga.lt\/en\/wp-json\/wp\/v2\/types\/product"}],"replies":[{"embeddable":true,"href":"https:\/\/skaitytaknyga.lt\/en\/wp-json\/wp\/v2\/comments?post=20545"}],"wp:featuredmedia":[{"embeddable":true,"href":"https:\/\/skaitytaknyga.lt\/en\/wp-json\/wp\/v2\/media\/20551"}],"wp:attachment":[{"href":"https:\/\/skaitytaknyga.lt\/en\/wp-json\/wp\/v2\/media?parent=20545"}],"wp:term":[{"taxonomy":"product_brand","embeddable":true,"href":"https:\/\/skaitytaknyga.lt\/en\/wp-json\/wp\/v2\/product_brand?post=20545"},{"taxonomy":"product_cat","embeddable":true,"href":"https:\/\/skaitytaknyga.lt\/en\/wp-json\/wp\/v2\/product_cat?post=20545"},{"taxonomy":"product_tag","embeddable":true,"href":"https:\/\/skaitytaknyga.lt\/en\/wp-json\/wp\/v2\/product_tag?post=20545"}],"curies":[{"name":"wp","href":"https:\/\/api.w.org\/{rel}","templated":true}]}}