{"id":20535,"date":"2025-08-28T08:52:59","date_gmt":"2025-08-28T05:52:59","guid":{"rendered":"https:\/\/skaitytaknyga.lt\/?post_type=product&#038;p=20535"},"modified":"2025-09-06T11:31:15","modified_gmt":"2025-09-06T08:31:15","slug":"vadovauti-veikti-gyventi","status":"publish","type":"product","link":"https:\/\/skaitytaknyga.lt\/en\/produktas\/vadovauti-veikti-gyventi\/","title":{"rendered":"Vadovauti. Veikti. Gyventi"},"content":{"rendered":"<p>Fredmund Malik, visame pasaulyje \u017einomas vadybos d\u0117stytojas ir konsultantas, apra\u0161o svarbiausius dalykus i\u0161 savo 25-eri\u0173 met\u0173 patirties, kuriuos vadovas turi \u017einoti ir sugeb\u0117ti \u012fgyvendinti, jeigu nori s\u0117kmingai vadovauti \u012fmonei ar organizacijai.<\/p>\n<p>Knygoje ras svarbi\u0173 patarim\u0173 \u0161iuolaikinio verslo ir visuomenini\u0173 \u012fmoni\u0173 vadovai. Tai knyga apie veiksming\u0105 valdym\u0105 ir visavert\u012f gyvenim\u0105 \u2013 konkreti, prakti\u0161ka, efektyvi.<\/p>\n","protected":false},"excerpt":{"rendered":"<p>Fredmund Malik, visame pasaulyje \u017einomas vadybos d\u0117stytojas ir konsultantas, apra\u0161o svarbiausius dalykus i\u0161 savo 25-eri\u0173 met\u0173 patirties, kuriuos vadovas turi \u017einoti ir sugeb\u0117ti \u012fgyvendinti, jeigu nori s\u0117kmingai vadovauti \u012fmonei ar organizacijai. Knygoje ras svarbi\u0173 patarim\u0173 \u0161iuolaikinio verslo ir visuomenini\u0173 \u012fmoni\u0173 vadovai. Tai knyga apie veiksming\u0105 valdym\u0105 ir visavert\u012f gyvenim\u0105 \u2013 konkreti, prakti\u0161ka, efektyvi.<\/p>\n","protected":false},"featured_media":20540,"comment_status":"open","ping_status":"closed","template":"","meta":{"_acf_changed":false,"site-sidebar-layout":"default","site-content-layout":"","ast-site-content-layout":"default","site-content-style":"default","site-sidebar-style":"default","ast-global-header-display":"","ast-banner-title-visibility":"","ast-main-header-display":"","ast-hfb-above-header-display":"","ast-hfb-below-header-display":"","ast-hfb-mobile-header-display":"","site-post-title":"","ast-breadcrumbs-content":"","ast-featured-img":"","footer-sml-layout":"","ast-disable-related-posts":"","theme-transparent-header-meta":"","adv-header-id-meta":"","stick-header-meta":"","header-above-stick-meta":"","header-main-stick-meta":"","header-below-stick-meta":"","astra-migrate-meta-layouts":"default","ast-page-background-enabled":"default","ast-page-background-meta":{"desktop":{"background-color":"","background-image":"","background-repeat":"repeat","background-position":"center center","background-size":"auto","background-attachment":"scroll","background-type":"","background-media":"","overlay-type":"","overlay-color":"","overlay-opacity":"","overlay-gradient":""},"tablet":{"background-color":"","background-image":"","background-repeat":"repeat","background-position":"center center","background-size":"auto","background-attachment":"scroll","background-type":"","background-media":"","overlay-type":"","overlay-color":"","overlay-opacity":"","overlay-gradient":""},"mobile":{"background-color":"","background-image":"","background-repeat":"repeat","background-position":"center center","background-size":"auto","background-attachment":"scroll","background-type":"","background-media":"","overlay-type":"","overlay-color":"","overlay-opacity":"","overlay-gradient":""}},"ast-content-background-meta":{"desktop":{"background-color":"var(--ast-global-color-4)","background-image":"","background-repeat":"repeat","background-position":"center center","background-size":"auto","background-attachment":"scroll","background-type":"","background-media":"","overlay-type":"","overlay-color":"","overlay-opacity":"","overlay-gradient":""},"tablet":{"background-color":"var(--ast-global-color-4)","background-image":"","background-repeat":"repeat","background-position":"center center","background-size":"auto","background-attachment":"scroll","background-type":"","background-media":"","overlay-type":"","overlay-color":"","overlay-opacity":"","overlay-gradient":""},"mobile":{"background-color":"var(--ast-global-color-4)","background-image":"","background-repeat":"repeat","background-position":"center center","background-size":"auto","background-attachment":"scroll","background-type":"","background-media":"","overlay-type":"","overlay-color":"","overlay-opacity":"","overlay-gradient":""}}},"product_brand":[],"product_cat":[15],"product_tag":[7775,7777,1408,7778,7776,2310],"class_list":{"0":"post-20535","1":"product","2":"type-product","3":"status-publish","4":"has-post-thumbnail","6":"product_cat-uncategorized","7":"product_tag-fredmund-malik","8":"product_tag-gyvenimo-efektyvumas","9":"product_tag-lyderyste","10":"product_tag-praktines-zinios","11":"product_tag-vadovauti-veikti-gyventi","12":"product_tag-vadyba","13":"desktop-align-left","14":"tablet-align-left","15":"mobile-align-left","17":"first","18":"instock","19":"shipping-taxable","20":"purchasable","21":"product-type-simple"},"acf":[],"yoast_head":"<!-- This site is optimized with the Yoast SEO plugin v27.0 - https:\/\/yoast.com\/product\/yoast-seo-wordpress\/ -->\n<title>Vadovauti. Veikti. Gyventi<\/title>\n<meta name=\"description\" content=\"Fredmund Malik, visame pasaulyje \u017einomas vadybos d\u0117stytojas ir konsultantas, apra\u0161o svarbiausius dalykus i\u0161 savo 25-eri\u0173 met\u0173 patirties, kuriuos vadovas\" \/>\n<meta name=\"robots\" content=\"index, follow, max-snippet:-1, max-image-preview:large, max-video-preview:-1\" \/>\n<link rel=\"canonical\" href=\"https:\/\/skaitytaknyga.lt\/en\/produktas\/vadovauti-veikti-gyventi\/\" \/>\n<meta property=\"og:locale\" content=\"en_GB\" \/>\n<meta property=\"og:locale:alternate\" content=\"lt_LT\" \/>\n<meta property=\"og:type\" content=\"article\" \/>\n<meta property=\"og:title\" content=\"Vadovauti. Veikti. Gyventi\" \/>\n<meta property=\"og:description\" content=\"Fredmund Malik, visame pasaulyje \u017einomas vadybos d\u0117stytojas ir konsultantas, apra\u0161o svarbiausius dalykus i\u0161 savo 25-eri\u0173 met\u0173 patirties, kuriuos vadovas\" \/>\n<meta property=\"og:url\" content=\"https:\/\/skaitytaknyga.lt\/en\/produktas\/vadovauti-veikti-gyventi\/\" \/>\n<meta property=\"og:site_name\" content=\"Skaitytaknyga\" \/>\n<meta property=\"article:publisher\" content=\"https:\/\/www.facebook.com\/skaitytaknyga\/\" \/>\n<meta property=\"article:modified_time\" content=\"2025-09-06T08:31:15+00:00\" \/>\n<meta property=\"og:image\" content=\"https:\/\/skaitytaknyga.lt\/wp-content\/uploads\/2025\/08\/Vadovauti.-Veikti.-Gyventi-e1756361193778.webp\" \/>\n\t<meta property=\"og:image:width\" content=\"318\" \/>\n\t<meta property=\"og:image:height\" content=\"458\" \/>\n\t<meta property=\"og:image:type\" content=\"image\/webp\" \/>\n<meta name=\"twitter:card\" content=\"summary_large_image\" \/>\n<script type=\"application\/ld+json\" class=\"yoast-schema-graph\">{\"@context\":\"https:\/\/schema.org\",\"@graph\":[{\"@type\":\"WebPage\",\"@id\":\"https:\/\/skaitytaknyga.lt\/produktas\/vadovauti-veikti-gyventi\/\",\"url\":\"https:\/\/skaitytaknyga.lt\/produktas\/vadovauti-veikti-gyventi\/\",\"name\":\"Vadovauti. Veikti. Gyventi\",\"isPartOf\":{\"@id\":\"https:\/\/skaitytaknyga.lt\/#website\"},\"primaryImageOfPage\":{\"@id\":\"https:\/\/skaitytaknyga.lt\/produktas\/vadovauti-veikti-gyventi\/#primaryimage\"},\"image\":{\"@id\":\"https:\/\/skaitytaknyga.lt\/produktas\/vadovauti-veikti-gyventi\/#primaryimage\"},\"thumbnailUrl\":\"https:\/\/skaitytaknyga.lt\/wp-content\/uploads\/2025\/08\/Vadovauti.-Veikti.-Gyventi-e1756361193778.webp\",\"datePublished\":\"2025-08-28T05:52:59+00:00\",\"dateModified\":\"2025-09-06T08:31:15+00:00\",\"description\":\"Fredmund Malik, visame pasaulyje \u017einomas vadybos d\u0117stytojas ir konsultantas, apra\u0161o svarbiausius dalykus i\u0161 savo 25-eri\u0173 met\u0173 patirties, kuriuos vadovas\",\"breadcrumb\":{\"@id\":\"https:\/\/skaitytaknyga.lt\/produktas\/vadovauti-veikti-gyventi\/#breadcrumb\"},\"inLanguage\":\"en-GB\",\"potentialAction\":[{\"@type\":\"ReadAction\",\"target\":[\"https:\/\/skaitytaknyga.lt\/produktas\/vadovauti-veikti-gyventi\/\"]}]},{\"@type\":\"ImageObject\",\"inLanguage\":\"en-GB\",\"@id\":\"https:\/\/skaitytaknyga.lt\/produktas\/vadovauti-veikti-gyventi\/#primaryimage\",\"url\":\"https:\/\/skaitytaknyga.lt\/wp-content\/uploads\/2025\/08\/Vadovauti.-Veikti.-Gyventi-e1756361193778.webp\",\"contentUrl\":\"https:\/\/skaitytaknyga.lt\/wp-content\/uploads\/2025\/08\/Vadovauti.-Veikti.-Gyventi-e1756361193778.webp\",\"width\":318,\"height\":458,\"caption\":\"Vadovauti. Veikti. Gyventi\"},{\"@type\":\"BreadcrumbList\",\"@id\":\"https:\/\/skaitytaknyga.lt\/produktas\/vadovauti-veikti-gyventi\/#breadcrumb\",\"itemListElement\":[{\"@type\":\"ListItem\",\"position\":1,\"name\":\"Home\",\"item\":\"https:\/\/skaitytaknyga.lt\/\"},{\"@type\":\"ListItem\",\"position\":2,\"name\":\"Parduotuv\u0117\",\"item\":\"https:\/\/skaitytaknyga.lt\/knygu-parduotuve\/\"},{\"@type\":\"ListItem\",\"position\":3,\"name\":\"Vadovauti. Veikti. Gyventi\"}]},{\"@type\":\"WebSite\",\"@id\":\"https:\/\/skaitytaknyga.lt\/#website\",\"url\":\"https:\/\/skaitytaknyga.lt\/\",\"name\":\"skaitytaknyga.lt\",\"description\":\"Skaitytaknyga.lt \u2013 tai ma\u017eas \u0161eimos verslas, kuris prasid\u0117jo nuo meil\u0117s knygoms ir siekio i\u0161gelb\u0117ti knygas nuo likimo prie konteinerio. Kas vienam nereikalingas daiktas \u2013 kitam lobis, o mes esame tarpininkai, kurie padeda abiems tapti laimingesniems ???? \u017dinome kaip nelengva i\u0161gyventi ma\u017eiems verslams, tad nuo \u0161iol, \u010dia rasite ir kit\u0173, ma\u017e\u0173 \u0161eim\u0173 versl\u0173, rank\u0173 darbo, dovan\u0173 sau ir artimiesiems.\",\"publisher\":{\"@id\":\"https:\/\/skaitytaknyga.lt\/#organization\"},\"potentialAction\":[{\"@type\":\"SearchAction\",\"target\":{\"@type\":\"EntryPoint\",\"urlTemplate\":\"https:\/\/skaitytaknyga.lt\/?s={search_term_string}\"},\"query-input\":{\"@type\":\"PropertyValueSpecification\",\"valueRequired\":true,\"valueName\":\"search_term_string\"}}],\"inLanguage\":\"en-GB\"},{\"@type\":\"Organization\",\"@id\":\"https:\/\/skaitytaknyga.lt\/#organization\",\"name\":\"skaitytaknyga.lt\",\"url\":\"https:\/\/skaitytaknyga.lt\/\",\"logo\":{\"@type\":\"ImageObject\",\"inLanguage\":\"en-GB\",\"@id\":\"https:\/\/skaitytaknyga.lt\/#\/schema\/logo\/image\/\",\"url\":\"https:\/\/skaitytaknyga.lt\/wp-content\/uploads\/2024\/05\/cropped-cropped-cropped-02_00843_jt3bggkj1j3HLc7SyY6rEUpg.jpeg\",\"contentUrl\":\"https:\/\/skaitytaknyga.lt\/wp-content\/uploads\/2024\/05\/cropped-cropped-cropped-02_00843_jt3bggkj1j3HLc7SyY6rEUpg.jpeg\",\"width\":1600,\"height\":1600,\"caption\":\"skaitytaknyga.lt\"},\"image\":{\"@id\":\"https:\/\/skaitytaknyga.lt\/#\/schema\/logo\/image\/\"},\"sameAs\":[\"https:\/\/www.facebook.com\/skaitytaknyga\/\"]}]}<\/script>\n<!-- \/ Yoast SEO plugin. -->","yoast_head_json":{"title":"Vadovauti. Veikti. Gyventi","description":"Fredmund Malik, visame pasaulyje \u017einomas vadybos d\u0117stytojas ir konsultantas, apra\u0161o svarbiausius dalykus i\u0161 savo 25-eri\u0173 met\u0173 patirties, kuriuos vadovas","robots":{"index":"index","follow":"follow","max-snippet":"max-snippet:-1","max-image-preview":"max-image-preview:large","max-video-preview":"max-video-preview:-1"},"canonical":"https:\/\/skaitytaknyga.lt\/en\/produktas\/vadovauti-veikti-gyventi\/","og_locale":"en_GB","og_type":"article","og_title":"[:lt]Vadovauti. Veikti. Gyventi[:] - Skaitytaknyga","og_description":"Fredmund Malik, visame pasaulyje \u017einomas vadybos d\u0117stytojas ir konsultantas, apra\u0161o svarbiausius dalykus i\u0161 savo 25-eri\u0173 met\u0173 patirties, kuriuos vadovas","og_url":"https:\/\/skaitytaknyga.lt\/en\/produktas\/vadovauti-veikti-gyventi\/","og_site_name":"Skaitytaknyga","article_publisher":"https:\/\/www.facebook.com\/skaitytaknyga\/","article_modified_time":"2025-09-06T08:31:15+00:00","og_image":[{"width":318,"height":458,"url":"https:\/\/skaitytaknyga.lt\/wp-content\/uploads\/2025\/08\/Vadovauti.-Veikti.-Gyventi-e1756361193778.webp","type":"image\/webp"}],"twitter_card":"summary_large_image","schema":{"@context":"https:\/\/schema.org","@graph":[{"@type":"WebPage","@id":"https:\/\/skaitytaknyga.lt\/produktas\/vadovauti-veikti-gyventi\/","url":"https:\/\/skaitytaknyga.lt\/produktas\/vadovauti-veikti-gyventi\/","name":"Vadovauti. Veikti. Gyventi","isPartOf":{"@id":"https:\/\/skaitytaknyga.lt\/#website"},"primaryImageOfPage":{"@id":"https:\/\/skaitytaknyga.lt\/produktas\/vadovauti-veikti-gyventi\/#primaryimage"},"image":{"@id":"https:\/\/skaitytaknyga.lt\/produktas\/vadovauti-veikti-gyventi\/#primaryimage"},"thumbnailUrl":"https:\/\/skaitytaknyga.lt\/wp-content\/uploads\/2025\/08\/Vadovauti.-Veikti.-Gyventi-e1756361193778.webp","datePublished":"2025-08-28T05:52:59+00:00","dateModified":"2025-09-06T08:31:15+00:00","description":"Fredmund Malik, visame pasaulyje \u017einomas vadybos d\u0117stytojas ir konsultantas, apra\u0161o svarbiausius dalykus i\u0161 savo 25-eri\u0173 met\u0173 patirties, kuriuos vadovas","breadcrumb":{"@id":"https:\/\/skaitytaknyga.lt\/produktas\/vadovauti-veikti-gyventi\/#breadcrumb"},"inLanguage":"en-GB","potentialAction":[{"@type":"ReadAction","target":["https:\/\/skaitytaknyga.lt\/produktas\/vadovauti-veikti-gyventi\/"]}]},{"@type":"ImageObject","inLanguage":"en-GB","@id":"https:\/\/skaitytaknyga.lt\/produktas\/vadovauti-veikti-gyventi\/#primaryimage","url":"https:\/\/skaitytaknyga.lt\/wp-content\/uploads\/2025\/08\/Vadovauti.-Veikti.-Gyventi-e1756361193778.webp","contentUrl":"https:\/\/skaitytaknyga.lt\/wp-content\/uploads\/2025\/08\/Vadovauti.-Veikti.-Gyventi-e1756361193778.webp","width":318,"height":458,"caption":"Vadovauti. Veikti. Gyventi"},{"@type":"BreadcrumbList","@id":"https:\/\/skaitytaknyga.lt\/produktas\/vadovauti-veikti-gyventi\/#breadcrumb","itemListElement":[{"@type":"ListItem","position":1,"name":"Home","item":"https:\/\/skaitytaknyga.lt\/"},{"@type":"ListItem","position":2,"name":"Parduotuv\u0117","item":"https:\/\/skaitytaknyga.lt\/knygu-parduotuve\/"},{"@type":"ListItem","position":3,"name":"Vadovauti. Veikti. Gyventi"}]},{"@type":"WebSite","@id":"https:\/\/skaitytaknyga.lt\/#website","url":"https:\/\/skaitytaknyga.lt\/","name":"skaitytaknyga.lt","description":"Skaitytaknyga.lt \u2013 tai ma\u017eas \u0161eimos verslas, kuris prasid\u0117jo nuo meil\u0117s knygoms ir siekio i\u0161gelb\u0117ti knygas nuo likimo prie konteinerio. Kas vienam nereikalingas daiktas \u2013 kitam lobis, o mes esame tarpininkai, kurie padeda abiems tapti laimingesniems ???? \u017dinome kaip nelengva i\u0161gyventi ma\u017eiems verslams, tad nuo \u0161iol, \u010dia rasite ir kit\u0173, ma\u017e\u0173 \u0161eim\u0173 versl\u0173, rank\u0173 darbo, dovan\u0173 sau ir artimiesiems.","publisher":{"@id":"https:\/\/skaitytaknyga.lt\/#organization"},"potentialAction":[{"@type":"SearchAction","target":{"@type":"EntryPoint","urlTemplate":"https:\/\/skaitytaknyga.lt\/?s={search_term_string}"},"query-input":{"@type":"PropertyValueSpecification","valueRequired":true,"valueName":"search_term_string"}}],"inLanguage":"en-GB"},{"@type":"Organization","@id":"https:\/\/skaitytaknyga.lt\/#organization","name":"skaitytaknyga.lt","url":"https:\/\/skaitytaknyga.lt\/","logo":{"@type":"ImageObject","inLanguage":"en-GB","@id":"https:\/\/skaitytaknyga.lt\/#\/schema\/logo\/image\/","url":"https:\/\/skaitytaknyga.lt\/wp-content\/uploads\/2024\/05\/cropped-cropped-cropped-02_00843_jt3bggkj1j3HLc7SyY6rEUpg.jpeg","contentUrl":"https:\/\/skaitytaknyga.lt\/wp-content\/uploads\/2024\/05\/cropped-cropped-cropped-02_00843_jt3bggkj1j3HLc7SyY6rEUpg.jpeg","width":1600,"height":1600,"caption":"skaitytaknyga.lt"},"image":{"@id":"https:\/\/skaitytaknyga.lt\/#\/schema\/logo\/image\/"},"sameAs":["https:\/\/www.facebook.com\/skaitytaknyga\/"]}]}},"_links":{"self":[{"href":"https:\/\/skaitytaknyga.lt\/en\/wp-json\/wp\/v2\/product\/20535","targetHints":{"allow":["GET"]}}],"collection":[{"href":"https:\/\/skaitytaknyga.lt\/en\/wp-json\/wp\/v2\/product"}],"about":[{"href":"https:\/\/skaitytaknyga.lt\/en\/wp-json\/wp\/v2\/types\/product"}],"replies":[{"embeddable":true,"href":"https:\/\/skaitytaknyga.lt\/en\/wp-json\/wp\/v2\/comments?post=20535"}],"wp:featuredmedia":[{"embeddable":true,"href":"https:\/\/skaitytaknyga.lt\/en\/wp-json\/wp\/v2\/media\/20540"}],"wp:attachment":[{"href":"https:\/\/skaitytaknyga.lt\/en\/wp-json\/wp\/v2\/media?parent=20535"}],"wp:term":[{"taxonomy":"product_brand","embeddable":true,"href":"https:\/\/skaitytaknyga.lt\/en\/wp-json\/wp\/v2\/product_brand?post=20535"},{"taxonomy":"product_cat","embeddable":true,"href":"https:\/\/skaitytaknyga.lt\/en\/wp-json\/wp\/v2\/product_cat?post=20535"},{"taxonomy":"product_tag","embeddable":true,"href":"https:\/\/skaitytaknyga.lt\/en\/wp-json\/wp\/v2\/product_tag?post=20535"}],"curies":[{"name":"wp","href":"https:\/\/api.w.org\/{rel}","templated":true}]}}