{"id":20534,"date":"2025-08-28T08:52:59","date_gmt":"2025-08-28T05:52:59","guid":{"rendered":"https:\/\/skaitytaknyga.lt\/?post_type=product&#038;p=20534"},"modified":"2025-09-06T11:31:15","modified_gmt":"2025-09-06T08:31:15","slug":"debesu-atlasas-yra-minimaliu-defektu","status":"publish","type":"product","link":"https:\/\/skaitytaknyga.lt\/en\/produktas\/debesu-atlasas-yra-minimaliu-defektu\/","title":{"rendered":"Debes\u0173 atlasas (yra minimali\u0173 defekt\u0173)"},"content":{"rendered":"<p>David Mitchell (Deividas Mit\u010delas, g. 1969 m.) \u2013 \u0161e\u0161i\u0173 roman\u0173 autorius, du i\u0161 kuri\u0173 buvo pristatyti Man Booker premijai. Autorius su japone \u017emona gyveno Italijoje, Japonijoje ir Airijoje, kur \u0161iuo metu su \u0161eima ir apsistojo. 2007 m. \u017eurnalas \u201c\u201eTime\u201c Mitchel\u0105 \u012ftrauk\u0117 \u012f \u012ftakingiausi\u0173 pasaulio \u017emoni\u0173 \u0161imtuk\u0105. Jis da\u017enai vadinamas \u201eeuropieti\u0161kuoju Murakamiu\u201c: abiej\u0173 romanai pilni keist\u0173 persona\u017e\u0173 bei istorij\u0173, japoni\u0161ko sant\u016brumo ir nutyl\u0117jim\u0173; abu jie taip pat s\u0117kmingai derina intelektualum\u0105 su populiariu turiniu.<\/p>\n<p>\u201eDebes\u0173 atlasas\u201c \u2013 tre\u010diasis autoriaus romanas, suk\u0117l\u0119s nepaprast\u0105 skaitytoj\u0173 ir kritik\u0173 susidom\u0117jim\u0105. Pagal \u0161\u012f roman\u0105 2012 m. L. ir A. Wachowsky bei Tom Tykwer suk\u016br\u0117 to paties pavadinimo film\u0105.<\/p>\n<p>Romane susipina \u0161e\u0161ios istorijos, apiman\u010dios laikotarp\u012f nuo XIX a. iki tolimos ateities, tam tikra prasme \u2013 gyvenimo \u201epo pasaulio pabaigos\u201c. Kiekviena istorija yra susijusi su po jos einan\u010dia: naivus gydytojas, plaukiantis laivu per Ram\u0173j\u012f vandenyn\u0105, \u012f\u017e\u016blus ir genialus tarpukario kompozitorius, \u017eurnalist\u0117, tirianti korupcij\u0105 atomin\u0117je elektrin\u0117je, godus leid\u0117jas, b\u0117gantis nuo persekiotoj\u0173, mai\u0161tui pakilusi ateities klon\u0117, pasitinkanti savo tragi\u0161k\u0105 likim\u0105 ten, kur kadaise buvo Kor\u0117ja, ir vienas i\u0161 saujel\u0117s i\u0161likusi\u0173 po visuotin\u0117s katastrofos \u017emoni\u0173 po daugelio t\u016bkstan\u010di\u0173 met\u0173 dabartin\u0117je Havaj\u0173 teritorijoje\u2026 Vis\u0173 j\u0173 likimai susipina, visi jie \u2013 susieti vienas su kitu. Vis\u0173 istorijos nutr\u016bksta \u012fdomiausioje vietoje tam, kad v\u0117l prasit\u0119st\u0173, tik kita tvarka.<\/p>\n<p>Tai komplikuota, did\u017eiul\u0117, unikali knyga-d\u0117lion\u0117. Titani\u0161kas vert\u0117jo Laimanto Jonu\u0161io darbas. Knyga, reikalaujanti pastang\u0173, ir teikianti nepaprast\u0105 skaitymo malonum\u0105. Tai ir pasakojimas apie XIX a. laisv\u0117s siekius, ir distopija, ir \u017eemi\u0161k\u0173j\u0173 aistr\u0173, ir k\u016br\u0117jo kan\u010di\u0173, ir \u017emonijos ateities istorija. Istorij\u0173 pyn\u0117, teigianti \u017emogaus sielos ir asmens laisv\u0117s nemirtingum\u0105.<\/p>\n<p>Ir visa laik\u0105 saves klausi: kaip Davidas Mitchelas tai para\u0161\u0117?<\/p>\n","protected":false},"excerpt":{"rendered":"<p>David Mitchell (Deividas Mit\u010delas, g. 1969 m.) \u2013 \u0161e\u0161i\u0173 roman\u0173 autorius, du i\u0161 kuri\u0173 buvo pristatyti Man Booker premijai. Autorius su japone \u017emona gyveno Italijoje, Japonijoje ir Airijoje, kur \u0161iuo metu su \u0161eima ir apsistojo. 2007 m. \u017eurnalas \u201c\u201eTime\u201c Mitchel\u0105 \u012ftrauk\u0117 \u012f \u012ftakingiausi\u0173 pasaulio \u017emoni\u0173 \u0161imtuk\u0105. Jis da\u017enai vadinamas \u201eeuropieti\u0161kuoju Murakamiu\u201c: abiej\u0173 romanai pilni keist\u0173 persona\u017e\u0173 bei istorij\u0173, japoni\u0161ko sant\u016brumo ir nutyl\u0117jim\u0173; abu jie taip pat s\u0117kmingai derina intelektualum\u0105 su populiariu turiniu. \u201eDebes\u0173 atlasas\u201c \u2013 tre\u010diasis autoriaus romanas, suk\u0117l\u0119s nepaprast\u0105 skaitytoj\u0173 ir kritik\u0173 susidom\u0117jim\u0105. Pagal \u0161\u012f roman\u0105 2012 m. L. ir A. Wachowsky bei Tom Tykwer suk\u016br\u0117 to paties pavadinimo film\u0105. Romane susipina \u0161e\u0161ios istorijos, apiman\u010dios laikotarp\u012f nuo XIX a. iki tolimos ateities, tam tikra prasme \u2013 gyvenimo \u201epo pasaulio pabaigos\u201c. Kiekviena istorija yra susijusi su po jos einan\u010dia: naivus gydytojas, plaukiantis laivu per Ram\u0173j\u012f vandenyn\u0105, \u012f\u017e\u016blus ir genialus tarpukario kompozitorius, \u017eurnalist\u0117, tirianti korupcij\u0105 atomin\u0117je elektrin\u0117je, godus leid\u0117jas, b\u0117gantis nuo persekiotoj\u0173, mai\u0161tui pakilusi ateities klon\u0117, pasitinkanti savo tragi\u0161k\u0105 likim\u0105 ten, kur kadaise buvo Kor\u0117ja, ir vienas i\u0161 saujel\u0117s i\u0161likusi\u0173 po visuotin\u0117s katastrofos \u017emoni\u0173 po daugelio t\u016bkstan\u010di\u0173 met\u0173 dabartin\u0117je Havaj\u0173 teritorijoje\u2026 Vis\u0173 j\u0173 likimai susipina, visi jie \u2013 susieti vienas su kitu. Vis\u0173 istorijos nutr\u016bksta \u012fdomiausioje vietoje tam, kad v\u0117l prasit\u0119st\u0173, tik kita tvarka. Tai komplikuota, did\u017eiul\u0117, unikali knyga-d\u0117lion\u0117. Titani\u0161kas vert\u0117jo Laimanto Jonu\u0161io darbas. Knyga, reikalaujanti pastang\u0173, ir teikianti nepaprast\u0105 skaitymo malonum\u0105. Tai ir pasakojimas apie XIX a. laisv\u0117s siekius, ir distopija, ir \u017eemi\u0161k\u0173j\u0173 aistr\u0173, ir k\u016br\u0117jo kan\u010di\u0173, ir \u017emonijos ateities istorija. Istorij\u0173 pyn\u0117, teigianti \u017emogaus sielos ir asmens laisv\u0117s nemirtingum\u0105. Ir visa laik\u0105 saves klausi: kaip Davidas Mitchelas tai para\u0161\u0117?<\/p>\n","protected":false},"featured_media":20539,"comment_status":"open","ping_status":"closed","template":"","meta":{"_acf_changed":false,"site-sidebar-layout":"default","site-content-layout":"","ast-site-content-layout":"default","site-content-style":"default","site-sidebar-style":"default","ast-global-header-display":"","ast-banner-title-visibility":"","ast-main-header-display":"","ast-hfb-above-header-display":"","ast-hfb-below-header-display":"","ast-hfb-mobile-header-display":"","site-post-title":"","ast-breadcrumbs-content":"","ast-featured-img":"","footer-sml-layout":"","ast-disable-related-posts":"","theme-transparent-header-meta":"","adv-header-id-meta":"","stick-header-meta":"","header-above-stick-meta":"","header-main-stick-meta":"","header-below-stick-meta":"","astra-migrate-meta-layouts":"default","ast-page-background-enabled":"default","ast-page-background-meta":{"desktop":{"background-color":"","background-image":"","background-repeat":"repeat","background-position":"center center","background-size":"auto","background-attachment":"scroll","background-type":"","background-media":"","overlay-type":"","overlay-color":"","overlay-opacity":"","overlay-gradient":""},"tablet":{"background-color":"","background-image":"","background-repeat":"repeat","background-position":"center center","background-size":"auto","background-attachment":"scroll","background-type":"","background-media":"","overlay-type":"","overlay-color":"","overlay-opacity":"","overlay-gradient":""},"mobile":{"background-color":"","background-image":"","background-repeat":"repeat","background-position":"center center","background-size":"auto","background-attachment":"scroll","background-type":"","background-media":"","overlay-type":"","overlay-color":"","overlay-opacity":"","overlay-gradient":""}},"ast-content-background-meta":{"desktop":{"background-color":"var(--ast-global-color-4)","background-image":"","background-repeat":"repeat","background-position":"center center","background-size":"auto","background-attachment":"scroll","background-type":"","background-media":"","overlay-type":"","overlay-color":"","overlay-opacity":"","overlay-gradient":""},"tablet":{"background-color":"var(--ast-global-color-4)","background-image":"","background-repeat":"repeat","background-position":"center center","background-size":"auto","background-attachment":"scroll","background-type":"","background-media":"","overlay-type":"","overlay-color":"","overlay-opacity":"","overlay-gradient":""},"mobile":{"background-color":"var(--ast-global-color-4)","background-image":"","background-repeat":"repeat","background-position":"center center","background-size":"auto","background-attachment":"scroll","background-type":"","background-media":"","overlay-type":"","overlay-color":"","overlay-opacity":"","overlay-gradient":""}}},"product_brand":[],"product_cat":[15],"product_tag":[6607,7773,1673,1504,2224,1492,7774],"class_list":{"0":"post-20534","1":"product","2":"type-product","3":"status-publish","4":"has-post-thumbnail","6":"product_cat-uncategorized","7":"product_tag-david-mitchell","8":"product_tag-debesu-atlasas","9":"product_tag-distopija","10":"product_tag-fantastika","11":"product_tag-istorija","12":"product_tag-literatura","13":"product_tag-zmogaus-likimai","14":"desktop-align-left","15":"tablet-align-left","16":"mobile-align-left","18":"first","19":"outofstock","20":"shipping-taxable","21":"purchasable","22":"product-type-simple"},"acf":[],"yoast_head":"<!-- This site is optimized with the Yoast SEO plugin v27.0 - https:\/\/yoast.com\/product\/yoast-seo-wordpress\/ -->\n<title>Debes\u0173 atlasas (yra minimali\u0173 defekt\u0173)<\/title>\n<meta name=\"description\" content=\"David Mitchell (Deividas Mit\u010delas, g. 1969 m.) \u2013 \u0161e\u0161i\u0173 roman\u0173 autorius, du i\u0161 kuri\u0173 buvo pristatyti Man Booker premijai. Autorius su japone \u017emona gyveno\" \/>\n<meta name=\"robots\" content=\"index, follow, max-snippet:-1, max-image-preview:large, max-video-preview:-1\" \/>\n<link rel=\"canonical\" href=\"https:\/\/skaitytaknyga.lt\/en\/produktas\/debesu-atlasas-yra-minimaliu-defektu\/\" \/>\n<meta property=\"og:locale\" content=\"en_GB\" \/>\n<meta property=\"og:locale:alternate\" content=\"lt_LT\" \/>\n<meta property=\"og:type\" content=\"article\" \/>\n<meta property=\"og:title\" content=\"Debes\u0173 atlasas (yra minimali\u0173 defekt\u0173)\" \/>\n<meta property=\"og:description\" content=\"David Mitchell (Deividas Mit\u010delas, g. 1969 m.) \u2013 \u0161e\u0161i\u0173 roman\u0173 autorius, du i\u0161 kuri\u0173 buvo pristatyti Man Booker premijai. Autorius su japone \u017emona gyveno\" \/>\n<meta property=\"og:url\" content=\"https:\/\/skaitytaknyga.lt\/en\/produktas\/debesu-atlasas-yra-minimaliu-defektu\/\" \/>\n<meta property=\"og:site_name\" content=\"Skaitytaknyga\" \/>\n<meta property=\"article:publisher\" content=\"https:\/\/www.facebook.com\/skaitytaknyga\/\" \/>\n<meta property=\"article:modified_time\" content=\"2025-09-06T08:31:15+00:00\" \/>\n<meta property=\"og:image\" content=\"https:\/\/skaitytaknyga.lt\/wp-content\/uploads\/2025\/08\/Debesu-atlasas.webp\" \/>\n\t<meta property=\"og:image:width\" content=\"300\" \/>\n\t<meta property=\"og:image:height\" content=\"446\" \/>\n\t<meta property=\"og:image:type\" content=\"image\/webp\" \/>\n<meta name=\"twitter:card\" content=\"summary_large_image\" \/>\n<meta name=\"twitter:label1\" content=\"Estimated reading time\" \/>\n\t<meta name=\"twitter:data1\" content=\"1 minute\" \/>\n<script type=\"application\/ld+json\" class=\"yoast-schema-graph\">{\"@context\":\"https:\/\/schema.org\",\"@graph\":[{\"@type\":\"WebPage\",\"@id\":\"https:\/\/skaitytaknyga.lt\/produktas\/debesu-atlasas-yra-minimaliu-defektu\/\",\"url\":\"https:\/\/skaitytaknyga.lt\/produktas\/debesu-atlasas-yra-minimaliu-defektu\/\",\"name\":\"Debes\u0173 atlasas (yra minimali\u0173 defekt\u0173)\",\"isPartOf\":{\"@id\":\"https:\/\/skaitytaknyga.lt\/#website\"},\"primaryImageOfPage\":{\"@id\":\"https:\/\/skaitytaknyga.lt\/produktas\/debesu-atlasas-yra-minimaliu-defektu\/#primaryimage\"},\"image\":{\"@id\":\"https:\/\/skaitytaknyga.lt\/produktas\/debesu-atlasas-yra-minimaliu-defektu\/#primaryimage\"},\"thumbnailUrl\":\"https:\/\/skaitytaknyga.lt\/wp-content\/uploads\/2025\/08\/Debesu-atlasas.webp\",\"datePublished\":\"2025-08-28T05:52:59+00:00\",\"dateModified\":\"2025-09-06T08:31:15+00:00\",\"description\":\"David Mitchell (Deividas Mit\u010delas, g. 1969 m.) \u2013 \u0161e\u0161i\u0173 roman\u0173 autorius, du i\u0161 kuri\u0173 buvo pristatyti Man Booker premijai. Autorius su japone \u017emona gyveno\",\"breadcrumb\":{\"@id\":\"https:\/\/skaitytaknyga.lt\/produktas\/debesu-atlasas-yra-minimaliu-defektu\/#breadcrumb\"},\"inLanguage\":\"en-GB\",\"potentialAction\":[{\"@type\":\"ReadAction\",\"target\":[\"https:\/\/skaitytaknyga.lt\/produktas\/debesu-atlasas-yra-minimaliu-defektu\/\"]}]},{\"@type\":\"ImageObject\",\"inLanguage\":\"en-GB\",\"@id\":\"https:\/\/skaitytaknyga.lt\/produktas\/debesu-atlasas-yra-minimaliu-defektu\/#primaryimage\",\"url\":\"https:\/\/skaitytaknyga.lt\/wp-content\/uploads\/2025\/08\/Debesu-atlasas.webp\",\"contentUrl\":\"https:\/\/skaitytaknyga.lt\/wp-content\/uploads\/2025\/08\/Debesu-atlasas.webp\",\"width\":300,\"height\":446,\"caption\":\"Debes\u0173 atlasas\"},{\"@type\":\"BreadcrumbList\",\"@id\":\"https:\/\/skaitytaknyga.lt\/produktas\/debesu-atlasas-yra-minimaliu-defektu\/#breadcrumb\",\"itemListElement\":[{\"@type\":\"ListItem\",\"position\":1,\"name\":\"Home\",\"item\":\"https:\/\/skaitytaknyga.lt\/\"},{\"@type\":\"ListItem\",\"position\":2,\"name\":\"Parduotuv\u0117\",\"item\":\"https:\/\/skaitytaknyga.lt\/knygu-parduotuve\/\"},{\"@type\":\"ListItem\",\"position\":3,\"name\":\"Debes\u0173 atlasas (yra minimali\u0173 defekt\u0173)\"}]},{\"@type\":\"WebSite\",\"@id\":\"https:\/\/skaitytaknyga.lt\/#website\",\"url\":\"https:\/\/skaitytaknyga.lt\/\",\"name\":\"skaitytaknyga.lt\",\"description\":\"Skaitytaknyga.lt \u2013 tai ma\u017eas \u0161eimos verslas, kuris prasid\u0117jo nuo meil\u0117s knygoms ir siekio i\u0161gelb\u0117ti knygas nuo likimo prie konteinerio. Kas vienam nereikalingas daiktas \u2013 kitam lobis, o mes esame tarpininkai, kurie padeda abiems tapti laimingesniems ???? \u017dinome kaip nelengva i\u0161gyventi ma\u017eiems verslams, tad nuo \u0161iol, \u010dia rasite ir kit\u0173, ma\u017e\u0173 \u0161eim\u0173 versl\u0173, rank\u0173 darbo, dovan\u0173 sau ir artimiesiems.\",\"publisher\":{\"@id\":\"https:\/\/skaitytaknyga.lt\/#organization\"},\"potentialAction\":[{\"@type\":\"SearchAction\",\"target\":{\"@type\":\"EntryPoint\",\"urlTemplate\":\"https:\/\/skaitytaknyga.lt\/?s={search_term_string}\"},\"query-input\":{\"@type\":\"PropertyValueSpecification\",\"valueRequired\":true,\"valueName\":\"search_term_string\"}}],\"inLanguage\":\"en-GB\"},{\"@type\":\"Organization\",\"@id\":\"https:\/\/skaitytaknyga.lt\/#organization\",\"name\":\"skaitytaknyga.lt\",\"url\":\"https:\/\/skaitytaknyga.lt\/\",\"logo\":{\"@type\":\"ImageObject\",\"inLanguage\":\"en-GB\",\"@id\":\"https:\/\/skaitytaknyga.lt\/#\/schema\/logo\/image\/\",\"url\":\"https:\/\/skaitytaknyga.lt\/wp-content\/uploads\/2024\/05\/cropped-cropped-cropped-02_00843_jt3bggkj1j3HLc7SyY6rEUpg.jpeg\",\"contentUrl\":\"https:\/\/skaitytaknyga.lt\/wp-content\/uploads\/2024\/05\/cropped-cropped-cropped-02_00843_jt3bggkj1j3HLc7SyY6rEUpg.jpeg\",\"width\":1600,\"height\":1600,\"caption\":\"skaitytaknyga.lt\"},\"image\":{\"@id\":\"https:\/\/skaitytaknyga.lt\/#\/schema\/logo\/image\/\"},\"sameAs\":[\"https:\/\/www.facebook.com\/skaitytaknyga\/\"]}]}<\/script>\n<!-- \/ Yoast SEO plugin. -->","yoast_head_json":{"title":"Debes\u0173 atlasas (yra minimali\u0173 defekt\u0173)","description":"David Mitchell (Deividas Mit\u010delas, g. 1969 m.) \u2013 \u0161e\u0161i\u0173 roman\u0173 autorius, du i\u0161 kuri\u0173 buvo pristatyti Man Booker premijai. Autorius su japone \u017emona gyveno","robots":{"index":"index","follow":"follow","max-snippet":"max-snippet:-1","max-image-preview":"max-image-preview:large","max-video-preview":"max-video-preview:-1"},"canonical":"https:\/\/skaitytaknyga.lt\/en\/produktas\/debesu-atlasas-yra-minimaliu-defektu\/","og_locale":"en_GB","og_type":"article","og_title":"[:lt]Debes\u0173 atlasas (yra minimali\u0173 defekt\u0173)[:] - Skaitytaknyga","og_description":"David Mitchell (Deividas Mit\u010delas, g. 1969 m.) \u2013 \u0161e\u0161i\u0173 roman\u0173 autorius, du i\u0161 kuri\u0173 buvo pristatyti Man Booker premijai. Autorius su japone \u017emona gyveno","og_url":"https:\/\/skaitytaknyga.lt\/en\/produktas\/debesu-atlasas-yra-minimaliu-defektu\/","og_site_name":"Skaitytaknyga","article_publisher":"https:\/\/www.facebook.com\/skaitytaknyga\/","article_modified_time":"2025-09-06T08:31:15+00:00","og_image":[{"width":300,"height":446,"url":"https:\/\/skaitytaknyga.lt\/wp-content\/uploads\/2025\/08\/Debesu-atlasas.webp","type":"image\/webp"}],"twitter_card":"summary_large_image","twitter_misc":{"Estimated reading time":"1 minute"},"schema":{"@context":"https:\/\/schema.org","@graph":[{"@type":"WebPage","@id":"https:\/\/skaitytaknyga.lt\/produktas\/debesu-atlasas-yra-minimaliu-defektu\/","url":"https:\/\/skaitytaknyga.lt\/produktas\/debesu-atlasas-yra-minimaliu-defektu\/","name":"Debes\u0173 atlasas (yra minimali\u0173 defekt\u0173)","isPartOf":{"@id":"https:\/\/skaitytaknyga.lt\/#website"},"primaryImageOfPage":{"@id":"https:\/\/skaitytaknyga.lt\/produktas\/debesu-atlasas-yra-minimaliu-defektu\/#primaryimage"},"image":{"@id":"https:\/\/skaitytaknyga.lt\/produktas\/debesu-atlasas-yra-minimaliu-defektu\/#primaryimage"},"thumbnailUrl":"https:\/\/skaitytaknyga.lt\/wp-content\/uploads\/2025\/08\/Debesu-atlasas.webp","datePublished":"2025-08-28T05:52:59+00:00","dateModified":"2025-09-06T08:31:15+00:00","description":"David Mitchell (Deividas Mit\u010delas, g. 1969 m.) \u2013 \u0161e\u0161i\u0173 roman\u0173 autorius, du i\u0161 kuri\u0173 buvo pristatyti Man Booker premijai. Autorius su japone \u017emona gyveno","breadcrumb":{"@id":"https:\/\/skaitytaknyga.lt\/produktas\/debesu-atlasas-yra-minimaliu-defektu\/#breadcrumb"},"inLanguage":"en-GB","potentialAction":[{"@type":"ReadAction","target":["https:\/\/skaitytaknyga.lt\/produktas\/debesu-atlasas-yra-minimaliu-defektu\/"]}]},{"@type":"ImageObject","inLanguage":"en-GB","@id":"https:\/\/skaitytaknyga.lt\/produktas\/debesu-atlasas-yra-minimaliu-defektu\/#primaryimage","url":"https:\/\/skaitytaknyga.lt\/wp-content\/uploads\/2025\/08\/Debesu-atlasas.webp","contentUrl":"https:\/\/skaitytaknyga.lt\/wp-content\/uploads\/2025\/08\/Debesu-atlasas.webp","width":300,"height":446,"caption":"Debes\u0173 atlasas"},{"@type":"BreadcrumbList","@id":"https:\/\/skaitytaknyga.lt\/produktas\/debesu-atlasas-yra-minimaliu-defektu\/#breadcrumb","itemListElement":[{"@type":"ListItem","position":1,"name":"Home","item":"https:\/\/skaitytaknyga.lt\/"},{"@type":"ListItem","position":2,"name":"Parduotuv\u0117","item":"https:\/\/skaitytaknyga.lt\/knygu-parduotuve\/"},{"@type":"ListItem","position":3,"name":"Debes\u0173 atlasas (yra minimali\u0173 defekt\u0173)"}]},{"@type":"WebSite","@id":"https:\/\/skaitytaknyga.lt\/#website","url":"https:\/\/skaitytaknyga.lt\/","name":"skaitytaknyga.lt","description":"Skaitytaknyga.lt \u2013 tai ma\u017eas \u0161eimos verslas, kuris prasid\u0117jo nuo meil\u0117s knygoms ir siekio i\u0161gelb\u0117ti knygas nuo likimo prie konteinerio. Kas vienam nereikalingas daiktas \u2013 kitam lobis, o mes esame tarpininkai, kurie padeda abiems tapti laimingesniems ???? \u017dinome kaip nelengva i\u0161gyventi ma\u017eiems verslams, tad nuo \u0161iol, \u010dia rasite ir kit\u0173, ma\u017e\u0173 \u0161eim\u0173 versl\u0173, rank\u0173 darbo, dovan\u0173 sau ir artimiesiems.","publisher":{"@id":"https:\/\/skaitytaknyga.lt\/#organization"},"potentialAction":[{"@type":"SearchAction","target":{"@type":"EntryPoint","urlTemplate":"https:\/\/skaitytaknyga.lt\/?s={search_term_string}"},"query-input":{"@type":"PropertyValueSpecification","valueRequired":true,"valueName":"search_term_string"}}],"inLanguage":"en-GB"},{"@type":"Organization","@id":"https:\/\/skaitytaknyga.lt\/#organization","name":"skaitytaknyga.lt","url":"https:\/\/skaitytaknyga.lt\/","logo":{"@type":"ImageObject","inLanguage":"en-GB","@id":"https:\/\/skaitytaknyga.lt\/#\/schema\/logo\/image\/","url":"https:\/\/skaitytaknyga.lt\/wp-content\/uploads\/2024\/05\/cropped-cropped-cropped-02_00843_jt3bggkj1j3HLc7SyY6rEUpg.jpeg","contentUrl":"https:\/\/skaitytaknyga.lt\/wp-content\/uploads\/2024\/05\/cropped-cropped-cropped-02_00843_jt3bggkj1j3HLc7SyY6rEUpg.jpeg","width":1600,"height":1600,"caption":"skaitytaknyga.lt"},"image":{"@id":"https:\/\/skaitytaknyga.lt\/#\/schema\/logo\/image\/"},"sameAs":["https:\/\/www.facebook.com\/skaitytaknyga\/"]}]}},"_links":{"self":[{"href":"https:\/\/skaitytaknyga.lt\/en\/wp-json\/wp\/v2\/product\/20534","targetHints":{"allow":["GET"]}}],"collection":[{"href":"https:\/\/skaitytaknyga.lt\/en\/wp-json\/wp\/v2\/product"}],"about":[{"href":"https:\/\/skaitytaknyga.lt\/en\/wp-json\/wp\/v2\/types\/product"}],"replies":[{"embeddable":true,"href":"https:\/\/skaitytaknyga.lt\/en\/wp-json\/wp\/v2\/comments?post=20534"}],"wp:featuredmedia":[{"embeddable":true,"href":"https:\/\/skaitytaknyga.lt\/en\/wp-json\/wp\/v2\/media\/20539"}],"wp:attachment":[{"href":"https:\/\/skaitytaknyga.lt\/en\/wp-json\/wp\/v2\/media?parent=20534"}],"wp:term":[{"taxonomy":"product_brand","embeddable":true,"href":"https:\/\/skaitytaknyga.lt\/en\/wp-json\/wp\/v2\/product_brand?post=20534"},{"taxonomy":"product_cat","embeddable":true,"href":"https:\/\/skaitytaknyga.lt\/en\/wp-json\/wp\/v2\/product_cat?post=20534"},{"taxonomy":"product_tag","embeddable":true,"href":"https:\/\/skaitytaknyga.lt\/en\/wp-json\/wp\/v2\/product_tag?post=20534"}],"curies":[{"name":"wp","href":"https:\/\/api.w.org\/{rel}","templated":true}]}}