{"id":20532,"date":"2025-08-28T08:52:59","date_gmt":"2025-08-28T05:52:59","guid":{"rendered":"https:\/\/skaitytaknyga.lt\/?post_type=product&#038;p=20532"},"modified":"2025-09-06T11:31:15","modified_gmt":"2025-09-06T08:31:15","slug":"kai-prazysta-geles-trumpi-pasakojimai-sielai","status":"publish","type":"product","link":"https:\/\/skaitytaknyga.lt\/en\/produktas\/kai-prazysta-geles-trumpi-pasakojimai-sielai\/","title":{"rendered":"Kai pra\u017eysta g\u0117l\u0117s. Trumpi pasakojimai sielai"},"content":{"rendered":"<p>\u201eDaugelis \u017emoni\u0173 jau\u010dia poreik\u012f apsimesti es\u0105 kitokie, atrodyti stipresni, nei yra i\u0161 tikr\u0173j\u0173. Nori b\u016bti tas, kas n\u0117ra. O g\u0117l\u0117s papras\u010diausiai ima ir pra\u017eysta.\u201c<\/p>\n<p>Bruno Ferrero<\/p>\n","protected":false},"excerpt":{"rendered":"<p>\u201eDaugelis \u017emoni\u0173 jau\u010dia poreik\u012f apsimesti es\u0105 kitokie, atrodyti stipresni, nei yra i\u0161 tikr\u0173j\u0173. Nori b\u016bti tas, kas n\u0117ra. O g\u0117l\u0117s papras\u010diausiai ima ir pra\u017eysta.\u201c Bruno Ferrero<\/p>\n","protected":false},"featured_media":20537,"comment_status":"open","ping_status":"closed","template":"","meta":{"_acf_changed":false,"site-sidebar-layout":"default","site-content-layout":"","ast-site-content-layout":"default","site-content-style":"default","site-sidebar-style":"default","ast-global-header-display":"","ast-banner-title-visibility":"","ast-main-header-display":"","ast-hfb-above-header-display":"","ast-hfb-below-header-display":"","ast-hfb-mobile-header-display":"","site-post-title":"","ast-breadcrumbs-content":"","ast-featured-img":"","footer-sml-layout":"","ast-disable-related-posts":"","theme-transparent-header-meta":"","adv-header-id-meta":"","stick-header-meta":"","header-above-stick-meta":"","header-main-stick-meta":"","header-below-stick-meta":"","astra-migrate-meta-layouts":"default","ast-page-background-enabled":"default","ast-page-background-meta":{"desktop":{"background-color":"","background-image":"","background-repeat":"repeat","background-position":"center center","background-size":"auto","background-attachment":"scroll","background-type":"","background-media":"","overlay-type":"","overlay-color":"","overlay-opacity":"","overlay-gradient":""},"tablet":{"background-color":"","background-image":"","background-repeat":"repeat","background-position":"center center","background-size":"auto","background-attachment":"scroll","background-type":"","background-media":"","overlay-type":"","overlay-color":"","overlay-opacity":"","overlay-gradient":""},"mobile":{"background-color":"","background-image":"","background-repeat":"repeat","background-position":"center center","background-size":"auto","background-attachment":"scroll","background-type":"","background-media":"","overlay-type":"","overlay-color":"","overlay-opacity":"","overlay-gradient":""}},"ast-content-background-meta":{"desktop":{"background-color":"var(--ast-global-color-4)","background-image":"","background-repeat":"repeat","background-position":"center center","background-size":"auto","background-attachment":"scroll","background-type":"","background-media":"","overlay-type":"","overlay-color":"","overlay-opacity":"","overlay-gradient":""},"tablet":{"background-color":"var(--ast-global-color-4)","background-image":"","background-repeat":"repeat","background-position":"center center","background-size":"auto","background-attachment":"scroll","background-type":"","background-media":"","overlay-type":"","overlay-color":"","overlay-opacity":"","overlay-gradient":""},"mobile":{"background-color":"var(--ast-global-color-4)","background-image":"","background-repeat":"repeat","background-position":"center center","background-size":"auto","background-attachment":"scroll","background-type":"","background-media":"","overlay-type":"","overlay-color":"","overlay-opacity":"","overlay-gradient":""}}},"product_brand":[],"product_cat":[15],"product_tag":[7765,1467,7686,7766,2097,1396],"class_list":{"0":"post-20532","1":"product","2":"type-product","3":"status-publish","4":"has-post-thumbnail","6":"product_cat-uncategorized","7":"product_tag-bruno-ferrero","8":"product_tag-filosofija","9":"product_tag-gyvenimo-pamokos","10":"product_tag-kai-prazysta-geles-trumpi-pasakojimai-sielai","11":"product_tag-morale","12":"product_tag-saviugda","13":"desktop-align-left","14":"tablet-align-left","15":"mobile-align-left","17":"first","18":"instock","19":"shipping-taxable","20":"purchasable","21":"product-type-simple"},"acf":[],"yoast_head":"<!-- This site is optimized with the Yoast SEO plugin v27.0 - https:\/\/yoast.com\/product\/yoast-seo-wordpress\/ -->\n<title>Kai pra\u017eysta g\u0117l\u0117s. Trumpi pasakojimai sielai<\/title>\n<meta name=\"description\" content=\"\u201eDaugelis \u017emoni\u0173 jau\u010dia poreik\u012f apsimesti es\u0105 kitokie, atrodyti stipresni, nei yra i\u0161 tikr\u0173j\u0173. Nori b\u016bti tas, kas n\u0117ra. O g\u0117l\u0117s papras\u010diausiai ima ir\" \/>\n<meta name=\"robots\" content=\"index, follow, max-snippet:-1, max-image-preview:large, max-video-preview:-1\" \/>\n<link rel=\"canonical\" href=\"https:\/\/skaitytaknyga.lt\/en\/produktas\/kai-prazysta-geles-trumpi-pasakojimai-sielai\/\" \/>\n<meta property=\"og:locale\" content=\"en_GB\" \/>\n<meta property=\"og:locale:alternate\" content=\"lt_LT\" \/>\n<meta property=\"og:type\" content=\"article\" \/>\n<meta property=\"og:title\" content=\"Kai pra\u017eysta g\u0117l\u0117s. Trumpi pasakojimai sielai\" \/>\n<meta property=\"og:description\" content=\"\u201eDaugelis \u017emoni\u0173 jau\u010dia poreik\u012f apsimesti es\u0105 kitokie, atrodyti stipresni, nei yra i\u0161 tikr\u0173j\u0173. Nori b\u016bti tas, kas n\u0117ra. O g\u0117l\u0117s papras\u010diausiai ima ir\" \/>\n<meta property=\"og:url\" content=\"https:\/\/skaitytaknyga.lt\/en\/produktas\/kai-prazysta-geles-trumpi-pasakojimai-sielai\/\" \/>\n<meta property=\"og:site_name\" content=\"Skaitytaknyga\" \/>\n<meta property=\"article:publisher\" content=\"https:\/\/www.facebook.com\/skaitytaknyga\/\" \/>\n<meta property=\"article:modified_time\" content=\"2025-09-06T08:31:15+00:00\" \/>\n<meta property=\"og:image\" content=\"https:\/\/skaitytaknyga.lt\/wp-content\/uploads\/2025\/08\/Kai-prazysta-geles.-Trumpi-pasakojimai-sielai-1.webp\" \/>\n\t<meta property=\"og:image:width\" content=\"415\" \/>\n\t<meta property=\"og:image:height\" content=\"800\" \/>\n\t<meta property=\"og:image:type\" content=\"image\/webp\" \/>\n<meta name=\"twitter:card\" content=\"summary_large_image\" \/>\n<script type=\"application\/ld+json\" class=\"yoast-schema-graph\">{\"@context\":\"https:\/\/schema.org\",\"@graph\":[{\"@type\":\"WebPage\",\"@id\":\"https:\/\/skaitytaknyga.lt\/produktas\/kai-prazysta-geles-trumpi-pasakojimai-sielai\/\",\"url\":\"https:\/\/skaitytaknyga.lt\/produktas\/kai-prazysta-geles-trumpi-pasakojimai-sielai\/\",\"name\":\"Kai pra\u017eysta g\u0117l\u0117s. Trumpi pasakojimai sielai\",\"isPartOf\":{\"@id\":\"https:\/\/skaitytaknyga.lt\/#website\"},\"primaryImageOfPage\":{\"@id\":\"https:\/\/skaitytaknyga.lt\/produktas\/kai-prazysta-geles-trumpi-pasakojimai-sielai\/#primaryimage\"},\"image\":{\"@id\":\"https:\/\/skaitytaknyga.lt\/produktas\/kai-prazysta-geles-trumpi-pasakojimai-sielai\/#primaryimage\"},\"thumbnailUrl\":\"https:\/\/skaitytaknyga.lt\/wp-content\/uploads\/2025\/08\/Kai-prazysta-geles.-Trumpi-pasakojimai-sielai-1.webp\",\"datePublished\":\"2025-08-28T05:52:59+00:00\",\"dateModified\":\"2025-09-06T08:31:15+00:00\",\"description\":\"\u201eDaugelis \u017emoni\u0173 jau\u010dia poreik\u012f apsimesti es\u0105 kitokie, atrodyti stipresni, nei yra i\u0161 tikr\u0173j\u0173. Nori b\u016bti tas, kas n\u0117ra. O g\u0117l\u0117s papras\u010diausiai ima ir\",\"breadcrumb\":{\"@id\":\"https:\/\/skaitytaknyga.lt\/produktas\/kai-prazysta-geles-trumpi-pasakojimai-sielai\/#breadcrumb\"},\"inLanguage\":\"en-GB\",\"potentialAction\":[{\"@type\":\"ReadAction\",\"target\":[\"https:\/\/skaitytaknyga.lt\/produktas\/kai-prazysta-geles-trumpi-pasakojimai-sielai\/\"]}]},{\"@type\":\"ImageObject\",\"inLanguage\":\"en-GB\",\"@id\":\"https:\/\/skaitytaknyga.lt\/produktas\/kai-prazysta-geles-trumpi-pasakojimai-sielai\/#primaryimage\",\"url\":\"https:\/\/skaitytaknyga.lt\/wp-content\/uploads\/2025\/08\/Kai-prazysta-geles.-Trumpi-pasakojimai-sielai-1.webp\",\"contentUrl\":\"https:\/\/skaitytaknyga.lt\/wp-content\/uploads\/2025\/08\/Kai-prazysta-geles.-Trumpi-pasakojimai-sielai-1.webp\",\"width\":415,\"height\":800,\"caption\":\"Kai pra\u017eysta g\u0117l\u0117s. Trumpi pasakojimai sielai\"},{\"@type\":\"BreadcrumbList\",\"@id\":\"https:\/\/skaitytaknyga.lt\/produktas\/kai-prazysta-geles-trumpi-pasakojimai-sielai\/#breadcrumb\",\"itemListElement\":[{\"@type\":\"ListItem\",\"position\":1,\"name\":\"Home\",\"item\":\"https:\/\/skaitytaknyga.lt\/\"},{\"@type\":\"ListItem\",\"position\":2,\"name\":\"Parduotuv\u0117\",\"item\":\"https:\/\/skaitytaknyga.lt\/knygu-parduotuve\/\"},{\"@type\":\"ListItem\",\"position\":3,\"name\":\"Kai pra\u017eysta g\u0117l\u0117s. Trumpi pasakojimai sielai\"}]},{\"@type\":\"WebSite\",\"@id\":\"https:\/\/skaitytaknyga.lt\/#website\",\"url\":\"https:\/\/skaitytaknyga.lt\/\",\"name\":\"skaitytaknyga.lt\",\"description\":\"Skaitytaknyga.lt \u2013 tai ma\u017eas \u0161eimos verslas, kuris prasid\u0117jo nuo meil\u0117s knygoms ir siekio i\u0161gelb\u0117ti knygas nuo likimo prie konteinerio. Kas vienam nereikalingas daiktas \u2013 kitam lobis, o mes esame tarpininkai, kurie padeda abiems tapti laimingesniems ???? \u017dinome kaip nelengva i\u0161gyventi ma\u017eiems verslams, tad nuo \u0161iol, \u010dia rasite ir kit\u0173, ma\u017e\u0173 \u0161eim\u0173 versl\u0173, rank\u0173 darbo, dovan\u0173 sau ir artimiesiems.\",\"publisher\":{\"@id\":\"https:\/\/skaitytaknyga.lt\/#organization\"},\"potentialAction\":[{\"@type\":\"SearchAction\",\"target\":{\"@type\":\"EntryPoint\",\"urlTemplate\":\"https:\/\/skaitytaknyga.lt\/?s={search_term_string}\"},\"query-input\":{\"@type\":\"PropertyValueSpecification\",\"valueRequired\":true,\"valueName\":\"search_term_string\"}}],\"inLanguage\":\"en-GB\"},{\"@type\":\"Organization\",\"@id\":\"https:\/\/skaitytaknyga.lt\/#organization\",\"name\":\"skaitytaknyga.lt\",\"url\":\"https:\/\/skaitytaknyga.lt\/\",\"logo\":{\"@type\":\"ImageObject\",\"inLanguage\":\"en-GB\",\"@id\":\"https:\/\/skaitytaknyga.lt\/#\/schema\/logo\/image\/\",\"url\":\"https:\/\/skaitytaknyga.lt\/wp-content\/uploads\/2024\/05\/cropped-cropped-cropped-02_00843_jt3bggkj1j3HLc7SyY6rEUpg.jpeg\",\"contentUrl\":\"https:\/\/skaitytaknyga.lt\/wp-content\/uploads\/2024\/05\/cropped-cropped-cropped-02_00843_jt3bggkj1j3HLc7SyY6rEUpg.jpeg\",\"width\":1600,\"height\":1600,\"caption\":\"skaitytaknyga.lt\"},\"image\":{\"@id\":\"https:\/\/skaitytaknyga.lt\/#\/schema\/logo\/image\/\"},\"sameAs\":[\"https:\/\/www.facebook.com\/skaitytaknyga\/\"]}]}<\/script>\n<!-- \/ Yoast SEO plugin. -->","yoast_head_json":{"title":"Kai pra\u017eysta g\u0117l\u0117s. Trumpi pasakojimai sielai","description":"\u201eDaugelis \u017emoni\u0173 jau\u010dia poreik\u012f apsimesti es\u0105 kitokie, atrodyti stipresni, nei yra i\u0161 tikr\u0173j\u0173. Nori b\u016bti tas, kas n\u0117ra. O g\u0117l\u0117s papras\u010diausiai ima ir","robots":{"index":"index","follow":"follow","max-snippet":"max-snippet:-1","max-image-preview":"max-image-preview:large","max-video-preview":"max-video-preview:-1"},"canonical":"https:\/\/skaitytaknyga.lt\/en\/produktas\/kai-prazysta-geles-trumpi-pasakojimai-sielai\/","og_locale":"en_GB","og_type":"article","og_title":"[:lt]Kai pra\u017eysta g\u0117l\u0117s. Trumpi pasakojimai sielai[:] - Skaitytaknyga","og_description":"\u201eDaugelis \u017emoni\u0173 jau\u010dia poreik\u012f apsimesti es\u0105 kitokie, atrodyti stipresni, nei yra i\u0161 tikr\u0173j\u0173. Nori b\u016bti tas, kas n\u0117ra. O g\u0117l\u0117s papras\u010diausiai ima ir","og_url":"https:\/\/skaitytaknyga.lt\/en\/produktas\/kai-prazysta-geles-trumpi-pasakojimai-sielai\/","og_site_name":"Skaitytaknyga","article_publisher":"https:\/\/www.facebook.com\/skaitytaknyga\/","article_modified_time":"2025-09-06T08:31:15+00:00","og_image":[{"width":415,"height":800,"url":"https:\/\/skaitytaknyga.lt\/wp-content\/uploads\/2025\/08\/Kai-prazysta-geles.-Trumpi-pasakojimai-sielai-1.webp","type":"image\/webp"}],"twitter_card":"summary_large_image","schema":{"@context":"https:\/\/schema.org","@graph":[{"@type":"WebPage","@id":"https:\/\/skaitytaknyga.lt\/produktas\/kai-prazysta-geles-trumpi-pasakojimai-sielai\/","url":"https:\/\/skaitytaknyga.lt\/produktas\/kai-prazysta-geles-trumpi-pasakojimai-sielai\/","name":"Kai pra\u017eysta g\u0117l\u0117s. Trumpi pasakojimai sielai","isPartOf":{"@id":"https:\/\/skaitytaknyga.lt\/#website"},"primaryImageOfPage":{"@id":"https:\/\/skaitytaknyga.lt\/produktas\/kai-prazysta-geles-trumpi-pasakojimai-sielai\/#primaryimage"},"image":{"@id":"https:\/\/skaitytaknyga.lt\/produktas\/kai-prazysta-geles-trumpi-pasakojimai-sielai\/#primaryimage"},"thumbnailUrl":"https:\/\/skaitytaknyga.lt\/wp-content\/uploads\/2025\/08\/Kai-prazysta-geles.-Trumpi-pasakojimai-sielai-1.webp","datePublished":"2025-08-28T05:52:59+00:00","dateModified":"2025-09-06T08:31:15+00:00","description":"\u201eDaugelis \u017emoni\u0173 jau\u010dia poreik\u012f apsimesti es\u0105 kitokie, atrodyti stipresni, nei yra i\u0161 tikr\u0173j\u0173. Nori b\u016bti tas, kas n\u0117ra. O g\u0117l\u0117s papras\u010diausiai ima ir","breadcrumb":{"@id":"https:\/\/skaitytaknyga.lt\/produktas\/kai-prazysta-geles-trumpi-pasakojimai-sielai\/#breadcrumb"},"inLanguage":"en-GB","potentialAction":[{"@type":"ReadAction","target":["https:\/\/skaitytaknyga.lt\/produktas\/kai-prazysta-geles-trumpi-pasakojimai-sielai\/"]}]},{"@type":"ImageObject","inLanguage":"en-GB","@id":"https:\/\/skaitytaknyga.lt\/produktas\/kai-prazysta-geles-trumpi-pasakojimai-sielai\/#primaryimage","url":"https:\/\/skaitytaknyga.lt\/wp-content\/uploads\/2025\/08\/Kai-prazysta-geles.-Trumpi-pasakojimai-sielai-1.webp","contentUrl":"https:\/\/skaitytaknyga.lt\/wp-content\/uploads\/2025\/08\/Kai-prazysta-geles.-Trumpi-pasakojimai-sielai-1.webp","width":415,"height":800,"caption":"Kai pra\u017eysta g\u0117l\u0117s. Trumpi pasakojimai sielai"},{"@type":"BreadcrumbList","@id":"https:\/\/skaitytaknyga.lt\/produktas\/kai-prazysta-geles-trumpi-pasakojimai-sielai\/#breadcrumb","itemListElement":[{"@type":"ListItem","position":1,"name":"Home","item":"https:\/\/skaitytaknyga.lt\/"},{"@type":"ListItem","position":2,"name":"Parduotuv\u0117","item":"https:\/\/skaitytaknyga.lt\/knygu-parduotuve\/"},{"@type":"ListItem","position":3,"name":"Kai pra\u017eysta g\u0117l\u0117s. Trumpi pasakojimai sielai"}]},{"@type":"WebSite","@id":"https:\/\/skaitytaknyga.lt\/#website","url":"https:\/\/skaitytaknyga.lt\/","name":"skaitytaknyga.lt","description":"Skaitytaknyga.lt \u2013 tai ma\u017eas \u0161eimos verslas, kuris prasid\u0117jo nuo meil\u0117s knygoms ir siekio i\u0161gelb\u0117ti knygas nuo likimo prie konteinerio. Kas vienam nereikalingas daiktas \u2013 kitam lobis, o mes esame tarpininkai, kurie padeda abiems tapti laimingesniems ???? \u017dinome kaip nelengva i\u0161gyventi ma\u017eiems verslams, tad nuo \u0161iol, \u010dia rasite ir kit\u0173, ma\u017e\u0173 \u0161eim\u0173 versl\u0173, rank\u0173 darbo, dovan\u0173 sau ir artimiesiems.","publisher":{"@id":"https:\/\/skaitytaknyga.lt\/#organization"},"potentialAction":[{"@type":"SearchAction","target":{"@type":"EntryPoint","urlTemplate":"https:\/\/skaitytaknyga.lt\/?s={search_term_string}"},"query-input":{"@type":"PropertyValueSpecification","valueRequired":true,"valueName":"search_term_string"}}],"inLanguage":"en-GB"},{"@type":"Organization","@id":"https:\/\/skaitytaknyga.lt\/#organization","name":"skaitytaknyga.lt","url":"https:\/\/skaitytaknyga.lt\/","logo":{"@type":"ImageObject","inLanguage":"en-GB","@id":"https:\/\/skaitytaknyga.lt\/#\/schema\/logo\/image\/","url":"https:\/\/skaitytaknyga.lt\/wp-content\/uploads\/2024\/05\/cropped-cropped-cropped-02_00843_jt3bggkj1j3HLc7SyY6rEUpg.jpeg","contentUrl":"https:\/\/skaitytaknyga.lt\/wp-content\/uploads\/2024\/05\/cropped-cropped-cropped-02_00843_jt3bggkj1j3HLc7SyY6rEUpg.jpeg","width":1600,"height":1600,"caption":"skaitytaknyga.lt"},"image":{"@id":"https:\/\/skaitytaknyga.lt\/#\/schema\/logo\/image\/"},"sameAs":["https:\/\/www.facebook.com\/skaitytaknyga\/"]}]}},"_links":{"self":[{"href":"https:\/\/skaitytaknyga.lt\/en\/wp-json\/wp\/v2\/product\/20532","targetHints":{"allow":["GET"]}}],"collection":[{"href":"https:\/\/skaitytaknyga.lt\/en\/wp-json\/wp\/v2\/product"}],"about":[{"href":"https:\/\/skaitytaknyga.lt\/en\/wp-json\/wp\/v2\/types\/product"}],"replies":[{"embeddable":true,"href":"https:\/\/skaitytaknyga.lt\/en\/wp-json\/wp\/v2\/comments?post=20532"}],"wp:featuredmedia":[{"embeddable":true,"href":"https:\/\/skaitytaknyga.lt\/en\/wp-json\/wp\/v2\/media\/20537"}],"wp:attachment":[{"href":"https:\/\/skaitytaknyga.lt\/en\/wp-json\/wp\/v2\/media?parent=20532"}],"wp:term":[{"taxonomy":"product_brand","embeddable":true,"href":"https:\/\/skaitytaknyga.lt\/en\/wp-json\/wp\/v2\/product_brand?post=20532"},{"taxonomy":"product_cat","embeddable":true,"href":"https:\/\/skaitytaknyga.lt\/en\/wp-json\/wp\/v2\/product_cat?post=20532"},{"taxonomy":"product_tag","embeddable":true,"href":"https:\/\/skaitytaknyga.lt\/en\/wp-json\/wp\/v2\/product_tag?post=20532"}],"curies":[{"name":"wp","href":"https:\/\/api.w.org\/{rel}","templated":true}]}}