{"id":20526,"date":"2025-08-27T15:20:58","date_gmt":"2025-08-27T12:20:58","guid":{"rendered":"https:\/\/skaitytaknyga.lt\/?post_type=product&#038;p=20526"},"modified":"2025-09-27T18:59:34","modified_gmt":"2025-09-27T15:59:34","slug":"rusu-mafija-1988-2005","status":"publish","type":"product","link":"https:\/\/skaitytaknyga.lt\/en\/produktas\/rusu-mafija-1988-2005\/","title":{"rendered":"Rus\u0173 mafija 1988\u20132005"},"content":{"rendered":"<p>Subyr\u0117jus Soviet\u0173 valstybei, kilo teis\u0117saugos strukt\u016br\u0173 gri\u016btis. Nusikalt\u0117li\u0173 siaut\u0117jimas visiems k\u0117l\u0117 \u0161ok\u0105. Vien per 1994 metus Maskvoje buvo \u012fvykdyta 500 u\u017esakom\u0173j\u0173 \u017emog\u017eudys\u010di\u0173. Paslaptingas snaiperis nukov\u0117 vagi\u0173 autoritet\u0105 Gaubl\u012f, ne\u017einomas \u017eudikas nu\u0161ov\u0117 garsiausi\u0105 nusikalt\u0117li\u0173 autoritet\u0105 Otar\u012f Kvantri\u0161vil\u012f, savo \u201cMersedese\u201d susprogdintas \u012fstatymo serg\u0117tojas Silvestras. \u0160ie \u012fvykiai sukr\u0117t\u0117 ne tik nusikalt\u0117li\u0173 pasaul\u012f, bet ir visuomen\u0119. 1995 met\u0173 prad\u017eioje nu\u017eud\u017eius gars\u0173 \u017eurnalist\u0105 Vladimir\u0105 Listjev\u0105, suaktyv\u0117jo teis\u0117saugos organ\u0173 kova su organizuotu nusikalstamumu. Ta\u010diau \u017emog\u017eudys\u010di\u0173 nesuma\u017e\u0117jo. Ma\u017eai kas, i\u0161skyrus tardytojus ir advokatus, \u017eino \u0161i\u0173 garsi\u0173 nusikaltim\u0173 smulkmenas.<\/p>\n<p>Garsus advokatas Valerijus Kary\u0161evas \u2013 tiesioginis daugelio garsiai nuskamb\u0117jusi\u0173 teismo proces\u0173 dalyvis, jam teko ginti garsiausius kriminalinius autoritetus ir apie nusikalstamum\u0105 jis \u017eino visk\u0105. Savo knygoje autorius nagrin\u0117ja mafijos atsiradimo Rusijoje prie\u017eastis ir \u017evelgia \u012f \u0161i\u0105 problem\u0105 i\u0161 vidaus.<\/p>\n","protected":false},"excerpt":{"rendered":"<p>Subyr\u0117jus Soviet\u0173 valstybei, kilo teis\u0117saugos strukt\u016br\u0173 gri\u016btis. Nusikalt\u0117li\u0173 siaut\u0117jimas visiems k\u0117l\u0117 \u0161ok\u0105. Vien per 1994 metus Maskvoje buvo \u012fvykdyta 500 u\u017esakom\u0173j\u0173 \u017emog\u017eudys\u010di\u0173. Paslaptingas snaiperis nukov\u0117 vagi\u0173 autoritet\u0105 Gaubl\u012f, ne\u017einomas \u017eudikas nu\u0161ov\u0117 garsiausi\u0105 nusikalt\u0117li\u0173 autoritet\u0105 Otar\u012f Kvantri\u0161vil\u012f, savo \u201cMersedese\u201d susprogdintas \u012fstatymo serg\u0117tojas Silvestras. \u0160ie \u012fvykiai sukr\u0117t\u0117 ne tik nusikalt\u0117li\u0173 pasaul\u012f, bet ir visuomen\u0119. 1995 met\u0173 prad\u017eioje nu\u017eud\u017eius gars\u0173 \u017eurnalist\u0105 Vladimir\u0105 Listjev\u0105, suaktyv\u0117jo teis\u0117saugos organ\u0173 kova su organizuotu nusikalstamumu. Ta\u010diau \u017emog\u017eudys\u010di\u0173 nesuma\u017e\u0117jo. Ma\u017eai kas, i\u0161skyrus tardytojus ir advokatus, \u017eino \u0161i\u0173 garsi\u0173 nusikaltim\u0173 smulkmenas. Garsus advokatas Valerijus Kary\u0161evas \u2013 tiesioginis daugelio garsiai nuskamb\u0117jusi\u0173 teismo proces\u0173 dalyvis, jam teko ginti garsiausius kriminalinius autoritetus ir apie nusikalstamum\u0105 jis \u017eino visk\u0105. Savo knygoje autorius nagrin\u0117ja mafijos atsiradimo Rusijoje prie\u017eastis ir \u017evelgia \u012f \u0161i\u0105 problem\u0105 i\u0161 vidaus.<\/p>\n","protected":false},"featured_media":20531,"comment_status":"open","ping_status":"closed","template":"","meta":{"_acf_changed":false,"site-sidebar-layout":"default","site-content-layout":"","ast-site-content-layout":"default","site-content-style":"default","site-sidebar-style":"default","ast-global-header-display":"","ast-banner-title-visibility":"","ast-main-header-display":"","ast-hfb-above-header-display":"","ast-hfb-below-header-display":"","ast-hfb-mobile-header-display":"","site-post-title":"","ast-breadcrumbs-content":"","ast-featured-img":"","footer-sml-layout":"","ast-disable-related-posts":"","theme-transparent-header-meta":"","adv-header-id-meta":"","stick-header-meta":"","header-above-stick-meta":"","header-main-stick-meta":"","header-below-stick-meta":"","astra-migrate-meta-layouts":"default","ast-page-background-enabled":"default","ast-page-background-meta":{"desktop":{"background-color":"","background-image":"","background-repeat":"repeat","background-position":"center center","background-size":"auto","background-attachment":"scroll","background-type":"","background-media":"","overlay-type":"","overlay-color":"","overlay-opacity":"","overlay-gradient":""},"tablet":{"background-color":"","background-image":"","background-repeat":"repeat","background-position":"center center","background-size":"auto","background-attachment":"scroll","background-type":"","background-media":"","overlay-type":"","overlay-color":"","overlay-opacity":"","overlay-gradient":""},"mobile":{"background-color":"","background-image":"","background-repeat":"repeat","background-position":"center center","background-size":"auto","background-attachment":"scroll","background-type":"","background-media":"","overlay-type":"","overlay-color":"","overlay-opacity":"","overlay-gradient":""}},"ast-content-background-meta":{"desktop":{"background-color":"var(--ast-global-color-4)","background-image":"","background-repeat":"repeat","background-position":"center center","background-size":"auto","background-attachment":"scroll","background-type":"","background-media":"","overlay-type":"","overlay-color":"","overlay-opacity":"","overlay-gradient":""},"tablet":{"background-color":"var(--ast-global-color-4)","background-image":"","background-repeat":"repeat","background-position":"center center","background-size":"auto","background-attachment":"scroll","background-type":"","background-media":"","overlay-type":"","overlay-color":"","overlay-opacity":"","overlay-gradient":""},"mobile":{"background-color":"var(--ast-global-color-4)","background-image":"","background-repeat":"repeat","background-position":"center center","background-size":"auto","background-attachment":"scroll","background-type":"","background-media":"","overlay-type":"","overlay-color":"","overlay-opacity":"","overlay-gradient":""}}},"product_brand":[],"product_cat":[174],"product_tag":[7764,1728,7763,2448,7762,6712,7761],"class_list":{"0":"post-20526","1":"product","2":"type-product","3":"status-publish","4":"has-post-thumbnail","6":"product_cat-istorija-ir-politologija","7":"product_tag-kriminalistika","8":"product_tag-mafija","9":"product_tag-nusikalstamumas","10":"product_tag-rusija","11":"product_tag-rusu-mafija-1988-2005","12":"product_tag-teisesauga","13":"product_tag-valerijus-karysevas","14":"desktop-align-left","15":"tablet-align-left","16":"mobile-align-left","18":"first","19":"instock","20":"shipping-taxable","21":"purchasable","22":"product-type-simple"},"acf":[],"yoast_head":"<!-- This site is optimized with the Yoast SEO plugin v27.0 - https:\/\/yoast.com\/product\/yoast-seo-wordpress\/ -->\n<title>Rus\u0173 mafija 1988\u20132005<\/title>\n<meta name=\"description\" content=\"Subyr\u0117jus Soviet\u0173 valstybei, kilo teis\u0117saugos strukt\u016br\u0173 gri\u016btis. Nusikalt\u0117li\u0173 siaut\u0117jimas visiems k\u0117l\u0117 \u0161ok\u0105. Vien per 1994 metus Maskvoje buvo \u012fvykdyta\" \/>\n<meta name=\"robots\" content=\"index, follow, max-snippet:-1, max-image-preview:large, max-video-preview:-1\" \/>\n<link rel=\"canonical\" href=\"https:\/\/skaitytaknyga.lt\/en\/produktas\/rusu-mafija-1988-2005\/\" \/>\n<meta property=\"og:locale\" content=\"en_GB\" \/>\n<meta property=\"og:locale:alternate\" content=\"lt_LT\" \/>\n<meta property=\"og:type\" content=\"article\" \/>\n<meta property=\"og:title\" content=\"Rus\u0173 mafija 1988\u20132005\" \/>\n<meta property=\"og:description\" content=\"Subyr\u0117jus Soviet\u0173 valstybei, kilo teis\u0117saugos strukt\u016br\u0173 gri\u016btis. Nusikalt\u0117li\u0173 siaut\u0117jimas visiems k\u0117l\u0117 \u0161ok\u0105. Vien per 1994 metus Maskvoje buvo \u012fvykdyta\" \/>\n<meta property=\"og:url\" content=\"https:\/\/skaitytaknyga.lt\/en\/produktas\/rusu-mafija-1988-2005\/\" \/>\n<meta property=\"og:site_name\" content=\"Skaitytaknyga\" \/>\n<meta property=\"article:publisher\" content=\"https:\/\/www.facebook.com\/skaitytaknyga\/\" \/>\n<meta property=\"article:modified_time\" content=\"2025-09-27T15:59:34+00:00\" \/>\n<meta property=\"og:image\" content=\"https:\/\/skaitytaknyga.lt\/wp-content\/uploads\/2025\/08\/Rusu-mafija-1988\u20132005-1.webp\" \/>\n\t<meta property=\"og:image:width\" content=\"300\" \/>\n\t<meta property=\"og:image:height\" content=\"428\" \/>\n\t<meta property=\"og:image:type\" content=\"image\/webp\" \/>\n<meta name=\"twitter:card\" content=\"summary_large_image\" \/>\n<meta name=\"twitter:label1\" content=\"Estimated reading time\" \/>\n\t<meta name=\"twitter:data1\" content=\"1 minute\" \/>\n<script type=\"application\/ld+json\" class=\"yoast-schema-graph\">{\"@context\":\"https:\/\/schema.org\",\"@graph\":[{\"@type\":\"WebPage\",\"@id\":\"https:\/\/skaitytaknyga.lt\/produktas\/rusu-mafija-1988-2005\/\",\"url\":\"https:\/\/skaitytaknyga.lt\/produktas\/rusu-mafija-1988-2005\/\",\"name\":\"Rus\u0173 mafija 1988\u20132005\",\"isPartOf\":{\"@id\":\"https:\/\/skaitytaknyga.lt\/#website\"},\"primaryImageOfPage\":{\"@id\":\"https:\/\/skaitytaknyga.lt\/produktas\/rusu-mafija-1988-2005\/#primaryimage\"},\"image\":{\"@id\":\"https:\/\/skaitytaknyga.lt\/produktas\/rusu-mafija-1988-2005\/#primaryimage\"},\"thumbnailUrl\":\"https:\/\/skaitytaknyga.lt\/wp-content\/uploads\/2025\/08\/Rusu-mafija-1988\u20132005-1.webp\",\"datePublished\":\"2025-08-27T12:20:58+00:00\",\"dateModified\":\"2025-09-27T15:59:34+00:00\",\"description\":\"Subyr\u0117jus Soviet\u0173 valstybei, kilo teis\u0117saugos strukt\u016br\u0173 gri\u016btis. Nusikalt\u0117li\u0173 siaut\u0117jimas visiems k\u0117l\u0117 \u0161ok\u0105. Vien per 1994 metus Maskvoje buvo \u012fvykdyta\",\"breadcrumb\":{\"@id\":\"https:\/\/skaitytaknyga.lt\/produktas\/rusu-mafija-1988-2005\/#breadcrumb\"},\"inLanguage\":\"en-GB\",\"potentialAction\":[{\"@type\":\"ReadAction\",\"target\":[\"https:\/\/skaitytaknyga.lt\/produktas\/rusu-mafija-1988-2005\/\"]}]},{\"@type\":\"ImageObject\",\"inLanguage\":\"en-GB\",\"@id\":\"https:\/\/skaitytaknyga.lt\/produktas\/rusu-mafija-1988-2005\/#primaryimage\",\"url\":\"https:\/\/skaitytaknyga.lt\/wp-content\/uploads\/2025\/08\/Rusu-mafija-1988\u20132005-1.webp\",\"contentUrl\":\"https:\/\/skaitytaknyga.lt\/wp-content\/uploads\/2025\/08\/Rusu-mafija-1988\u20132005-1.webp\",\"width\":300,\"height\":428,\"caption\":\"Rus\u0173 mafija 1988\u20132005\"},{\"@type\":\"BreadcrumbList\",\"@id\":\"https:\/\/skaitytaknyga.lt\/produktas\/rusu-mafija-1988-2005\/#breadcrumb\",\"itemListElement\":[{\"@type\":\"ListItem\",\"position\":1,\"name\":\"Home\",\"item\":\"https:\/\/skaitytaknyga.lt\/\"},{\"@type\":\"ListItem\",\"position\":2,\"name\":\"Parduotuv\u0117\",\"item\":\"https:\/\/skaitytaknyga.lt\/knygu-parduotuve\/\"},{\"@type\":\"ListItem\",\"position\":3,\"name\":\"Rus\u0173 mafija 1988\u20132005\"}]},{\"@type\":\"WebSite\",\"@id\":\"https:\/\/skaitytaknyga.lt\/#website\",\"url\":\"https:\/\/skaitytaknyga.lt\/\",\"name\":\"skaitytaknyga.lt\",\"description\":\"Skaitytaknyga.lt \u2013 tai ma\u017eas \u0161eimos verslas, kuris prasid\u0117jo nuo meil\u0117s knygoms ir siekio i\u0161gelb\u0117ti knygas nuo likimo prie konteinerio. Kas vienam nereikalingas daiktas \u2013 kitam lobis, o mes esame tarpininkai, kurie padeda abiems tapti laimingesniems ???? \u017dinome kaip nelengva i\u0161gyventi ma\u017eiems verslams, tad nuo \u0161iol, \u010dia rasite ir kit\u0173, ma\u017e\u0173 \u0161eim\u0173 versl\u0173, rank\u0173 darbo, dovan\u0173 sau ir artimiesiems.\",\"publisher\":{\"@id\":\"https:\/\/skaitytaknyga.lt\/#organization\"},\"potentialAction\":[{\"@type\":\"SearchAction\",\"target\":{\"@type\":\"EntryPoint\",\"urlTemplate\":\"https:\/\/skaitytaknyga.lt\/?s={search_term_string}\"},\"query-input\":{\"@type\":\"PropertyValueSpecification\",\"valueRequired\":true,\"valueName\":\"search_term_string\"}}],\"inLanguage\":\"en-GB\"},{\"@type\":\"Organization\",\"@id\":\"https:\/\/skaitytaknyga.lt\/#organization\",\"name\":\"skaitytaknyga.lt\",\"url\":\"https:\/\/skaitytaknyga.lt\/\",\"logo\":{\"@type\":\"ImageObject\",\"inLanguage\":\"en-GB\",\"@id\":\"https:\/\/skaitytaknyga.lt\/#\/schema\/logo\/image\/\",\"url\":\"https:\/\/skaitytaknyga.lt\/wp-content\/uploads\/2024\/05\/cropped-cropped-cropped-02_00843_jt3bggkj1j3HLc7SyY6rEUpg.jpeg\",\"contentUrl\":\"https:\/\/skaitytaknyga.lt\/wp-content\/uploads\/2024\/05\/cropped-cropped-cropped-02_00843_jt3bggkj1j3HLc7SyY6rEUpg.jpeg\",\"width\":1600,\"height\":1600,\"caption\":\"skaitytaknyga.lt\"},\"image\":{\"@id\":\"https:\/\/skaitytaknyga.lt\/#\/schema\/logo\/image\/\"},\"sameAs\":[\"https:\/\/www.facebook.com\/skaitytaknyga\/\"]}]}<\/script>\n<!-- \/ Yoast SEO plugin. -->","yoast_head_json":{"title":"Rus\u0173 mafija 1988\u20132005","description":"Subyr\u0117jus Soviet\u0173 valstybei, kilo teis\u0117saugos strukt\u016br\u0173 gri\u016btis. Nusikalt\u0117li\u0173 siaut\u0117jimas visiems k\u0117l\u0117 \u0161ok\u0105. Vien per 1994 metus Maskvoje buvo \u012fvykdyta","robots":{"index":"index","follow":"follow","max-snippet":"max-snippet:-1","max-image-preview":"max-image-preview:large","max-video-preview":"max-video-preview:-1"},"canonical":"https:\/\/skaitytaknyga.lt\/en\/produktas\/rusu-mafija-1988-2005\/","og_locale":"en_GB","og_type":"article","og_title":"[:lt]Rus\u0173 mafija 1988\u20132005[:] - Skaitytaknyga","og_description":"Subyr\u0117jus Soviet\u0173 valstybei, kilo teis\u0117saugos strukt\u016br\u0173 gri\u016btis. Nusikalt\u0117li\u0173 siaut\u0117jimas visiems k\u0117l\u0117 \u0161ok\u0105. Vien per 1994 metus Maskvoje buvo \u012fvykdyta","og_url":"https:\/\/skaitytaknyga.lt\/en\/produktas\/rusu-mafija-1988-2005\/","og_site_name":"Skaitytaknyga","article_publisher":"https:\/\/www.facebook.com\/skaitytaknyga\/","article_modified_time":"2025-09-27T15:59:34+00:00","og_image":[{"width":300,"height":428,"url":"https:\/\/skaitytaknyga.lt\/wp-content\/uploads\/2025\/08\/Rusu-mafija-1988\u20132005-1.webp","type":"image\/webp"}],"twitter_card":"summary_large_image","twitter_misc":{"Estimated reading time":"1 minute"},"schema":{"@context":"https:\/\/schema.org","@graph":[{"@type":"WebPage","@id":"https:\/\/skaitytaknyga.lt\/produktas\/rusu-mafija-1988-2005\/","url":"https:\/\/skaitytaknyga.lt\/produktas\/rusu-mafija-1988-2005\/","name":"Rus\u0173 mafija 1988\u20132005","isPartOf":{"@id":"https:\/\/skaitytaknyga.lt\/#website"},"primaryImageOfPage":{"@id":"https:\/\/skaitytaknyga.lt\/produktas\/rusu-mafija-1988-2005\/#primaryimage"},"image":{"@id":"https:\/\/skaitytaknyga.lt\/produktas\/rusu-mafija-1988-2005\/#primaryimage"},"thumbnailUrl":"https:\/\/skaitytaknyga.lt\/wp-content\/uploads\/2025\/08\/Rusu-mafija-1988\u20132005-1.webp","datePublished":"2025-08-27T12:20:58+00:00","dateModified":"2025-09-27T15:59:34+00:00","description":"Subyr\u0117jus Soviet\u0173 valstybei, kilo teis\u0117saugos strukt\u016br\u0173 gri\u016btis. Nusikalt\u0117li\u0173 siaut\u0117jimas visiems k\u0117l\u0117 \u0161ok\u0105. Vien per 1994 metus Maskvoje buvo \u012fvykdyta","breadcrumb":{"@id":"https:\/\/skaitytaknyga.lt\/produktas\/rusu-mafija-1988-2005\/#breadcrumb"},"inLanguage":"en-GB","potentialAction":[{"@type":"ReadAction","target":["https:\/\/skaitytaknyga.lt\/produktas\/rusu-mafija-1988-2005\/"]}]},{"@type":"ImageObject","inLanguage":"en-GB","@id":"https:\/\/skaitytaknyga.lt\/produktas\/rusu-mafija-1988-2005\/#primaryimage","url":"https:\/\/skaitytaknyga.lt\/wp-content\/uploads\/2025\/08\/Rusu-mafija-1988\u20132005-1.webp","contentUrl":"https:\/\/skaitytaknyga.lt\/wp-content\/uploads\/2025\/08\/Rusu-mafija-1988\u20132005-1.webp","width":300,"height":428,"caption":"Rus\u0173 mafija 1988\u20132005"},{"@type":"BreadcrumbList","@id":"https:\/\/skaitytaknyga.lt\/produktas\/rusu-mafija-1988-2005\/#breadcrumb","itemListElement":[{"@type":"ListItem","position":1,"name":"Home","item":"https:\/\/skaitytaknyga.lt\/"},{"@type":"ListItem","position":2,"name":"Parduotuv\u0117","item":"https:\/\/skaitytaknyga.lt\/knygu-parduotuve\/"},{"@type":"ListItem","position":3,"name":"Rus\u0173 mafija 1988\u20132005"}]},{"@type":"WebSite","@id":"https:\/\/skaitytaknyga.lt\/#website","url":"https:\/\/skaitytaknyga.lt\/","name":"skaitytaknyga.lt","description":"Skaitytaknyga.lt \u2013 tai ma\u017eas \u0161eimos verslas, kuris prasid\u0117jo nuo meil\u0117s knygoms ir siekio i\u0161gelb\u0117ti knygas nuo likimo prie konteinerio. Kas vienam nereikalingas daiktas \u2013 kitam lobis, o mes esame tarpininkai, kurie padeda abiems tapti laimingesniems ???? \u017dinome kaip nelengva i\u0161gyventi ma\u017eiems verslams, tad nuo \u0161iol, \u010dia rasite ir kit\u0173, ma\u017e\u0173 \u0161eim\u0173 versl\u0173, rank\u0173 darbo, dovan\u0173 sau ir artimiesiems.","publisher":{"@id":"https:\/\/skaitytaknyga.lt\/#organization"},"potentialAction":[{"@type":"SearchAction","target":{"@type":"EntryPoint","urlTemplate":"https:\/\/skaitytaknyga.lt\/?s={search_term_string}"},"query-input":{"@type":"PropertyValueSpecification","valueRequired":true,"valueName":"search_term_string"}}],"inLanguage":"en-GB"},{"@type":"Organization","@id":"https:\/\/skaitytaknyga.lt\/#organization","name":"skaitytaknyga.lt","url":"https:\/\/skaitytaknyga.lt\/","logo":{"@type":"ImageObject","inLanguage":"en-GB","@id":"https:\/\/skaitytaknyga.lt\/#\/schema\/logo\/image\/","url":"https:\/\/skaitytaknyga.lt\/wp-content\/uploads\/2024\/05\/cropped-cropped-cropped-02_00843_jt3bggkj1j3HLc7SyY6rEUpg.jpeg","contentUrl":"https:\/\/skaitytaknyga.lt\/wp-content\/uploads\/2024\/05\/cropped-cropped-cropped-02_00843_jt3bggkj1j3HLc7SyY6rEUpg.jpeg","width":1600,"height":1600,"caption":"skaitytaknyga.lt"},"image":{"@id":"https:\/\/skaitytaknyga.lt\/#\/schema\/logo\/image\/"},"sameAs":["https:\/\/www.facebook.com\/skaitytaknyga\/"]}]}},"_links":{"self":[{"href":"https:\/\/skaitytaknyga.lt\/en\/wp-json\/wp\/v2\/product\/20526","targetHints":{"allow":["GET"]}}],"collection":[{"href":"https:\/\/skaitytaknyga.lt\/en\/wp-json\/wp\/v2\/product"}],"about":[{"href":"https:\/\/skaitytaknyga.lt\/en\/wp-json\/wp\/v2\/types\/product"}],"replies":[{"embeddable":true,"href":"https:\/\/skaitytaknyga.lt\/en\/wp-json\/wp\/v2\/comments?post=20526"}],"wp:featuredmedia":[{"embeddable":true,"href":"https:\/\/skaitytaknyga.lt\/en\/wp-json\/wp\/v2\/media\/20531"}],"wp:attachment":[{"href":"https:\/\/skaitytaknyga.lt\/en\/wp-json\/wp\/v2\/media?parent=20526"}],"wp:term":[{"taxonomy":"product_brand","embeddable":true,"href":"https:\/\/skaitytaknyga.lt\/en\/wp-json\/wp\/v2\/product_brand?post=20526"},{"taxonomy":"product_cat","embeddable":true,"href":"https:\/\/skaitytaknyga.lt\/en\/wp-json\/wp\/v2\/product_cat?post=20526"},{"taxonomy":"product_tag","embeddable":true,"href":"https:\/\/skaitytaknyga.lt\/en\/wp-json\/wp\/v2\/product_tag?post=20526"}],"curies":[{"name":"wp","href":"https:\/\/api.w.org\/{rel}","templated":true}]}}