{"id":20514,"date":"2025-08-27T15:08:53","date_gmt":"2025-08-27T12:08:53","guid":{"rendered":"https:\/\/skaitytaknyga.lt\/?post_type=product&#038;p=20514"},"modified":"2025-09-27T19:02:53","modified_gmt":"2025-09-27T16:02:53","slug":"auksines-sveikatos-taisykles","status":"publish","type":"product","link":"https:\/\/skaitytaknyga.lt\/en\/produktas\/auksines-sveikatos-taisykles\/","title":{"rendered":"Auksin\u0117s sveikatos taisykl\u0117s"},"content":{"rendered":"<p>Ni\u0161i sistema ne gydo ligas, o stiprina vis\u0105 organizm\u0105, nes autorius \u012f \u017emog\u0173 \u017ei\u016bri kaip \u012f visum\u0105, o ne nagrin\u0117ja kiekvieno organo veikl\u0105 atskirai. Autorius padeda suformuoti \u012fpro\u010dius: visada b\u016bti sveikam, visada dirbti ir visada mokytis.<\/p>\n<p>Manome, kad skaitytojui \u0161i knyga pad\u0117s atitolinti senatv\u0119, \u012fveikti gyvenimo negandas ir visada jaustis gerai.<\/p>\n","protected":false},"excerpt":{"rendered":"<p>Ni\u0161i sistema ne gydo ligas, o stiprina vis\u0105 organizm\u0105, nes autorius \u012f \u017emog\u0173 \u017ei\u016bri kaip \u012f visum\u0105, o ne nagrin\u0117ja kiekvieno organo veikl\u0105 atskirai. Autorius padeda suformuoti \u012fpro\u010dius: visada b\u016bti sveikam, visada dirbti ir visada mokytis. Manome, kad skaitytojui \u0161i knyga pad\u0117s atitolinti senatv\u0119, \u012fveikti gyvenimo negandas ir visada jaustis gerai.<\/p>\n","protected":false},"featured_media":20520,"comment_status":"open","ping_status":"closed","template":"","meta":{"_acf_changed":false,"site-sidebar-layout":"default","site-content-layout":"","ast-site-content-layout":"default","site-content-style":"default","site-sidebar-style":"default","ast-global-header-display":"","ast-banner-title-visibility":"","ast-main-header-display":"","ast-hfb-above-header-display":"","ast-hfb-below-header-display":"","ast-hfb-mobile-header-display":"","site-post-title":"","ast-breadcrumbs-content":"","ast-featured-img":"","footer-sml-layout":"","ast-disable-related-posts":"","theme-transparent-header-meta":"","adv-header-id-meta":"","stick-header-meta":"","header-above-stick-meta":"","header-main-stick-meta":"","header-below-stick-meta":"","astra-migrate-meta-layouts":"default","ast-page-background-enabled":"default","ast-page-background-meta":{"desktop":{"background-color":"","background-image":"","background-repeat":"repeat","background-position":"center center","background-size":"auto","background-attachment":"scroll","background-type":"","background-media":"","overlay-type":"","overlay-color":"","overlay-opacity":"","overlay-gradient":""},"tablet":{"background-color":"","background-image":"","background-repeat":"repeat","background-position":"center center","background-size":"auto","background-attachment":"scroll","background-type":"","background-media":"","overlay-type":"","overlay-color":"","overlay-opacity":"","overlay-gradient":""},"mobile":{"background-color":"","background-image":"","background-repeat":"repeat","background-position":"center center","background-size":"auto","background-attachment":"scroll","background-type":"","background-media":"","overlay-type":"","overlay-color":"","overlay-opacity":"","overlay-gradient":""}},"ast-content-background-meta":{"desktop":{"background-color":"var(--ast-global-color-4)","background-image":"","background-repeat":"repeat","background-position":"center center","background-size":"auto","background-attachment":"scroll","background-type":"","background-media":"","overlay-type":"","overlay-color":"","overlay-opacity":"","overlay-gradient":""},"tablet":{"background-color":"var(--ast-global-color-4)","background-image":"","background-repeat":"repeat","background-position":"center center","background-size":"auto","background-attachment":"scroll","background-type":"","background-media":"","overlay-type":"","overlay-color":"","overlay-opacity":"","overlay-gradient":""},"mobile":{"background-color":"var(--ast-global-color-4)","background-image":"","background-repeat":"repeat","background-position":"center center","background-size":"auto","background-attachment":"scroll","background-type":"","background-media":"","overlay-type":"","overlay-color":"","overlay-opacity":"","overlay-gradient":""}}},"product_brand":[],"product_cat":[55],"product_tag":[7834,2198,1699,7835],"class_list":{"0":"post-20514","1":"product","2":"type-product","3":"status-publish","4":"has-post-thumbnail","6":"product_cat-sveikata-ir-sveika-mityba","7":"product_tag-auksines-sveikatos-taisykles-sveikata","8":"product_tag-gyvenimo-budas","9":"product_tag-prevencija","10":"product_tag-sveiki-iprociai","11":"desktop-align-left","12":"tablet-align-left","13":"mobile-align-left","15":"first","16":"instock","17":"shipping-taxable","18":"purchasable","19":"product-type-simple"},"acf":[],"yoast_head":"<!-- This site is optimized with the Yoast SEO plugin v27.0 - https:\/\/yoast.com\/product\/yoast-seo-wordpress\/ -->\n<title>Auksin\u0117s sveikatos taisykl\u0117s<\/title>\n<meta name=\"description\" content=\"Ni\u0161i sistema ne gydo ligas, o stiprina vis\u0105 organizm\u0105, nes autorius \u012f \u017emog\u0173 \u017ei\u016bri kaip \u012f visum\u0105, o ne nagrin\u0117ja kiekvieno organo veikl\u0105 atskirai. Autorius\" \/>\n<meta name=\"robots\" content=\"index, follow, max-snippet:-1, max-image-preview:large, max-video-preview:-1\" \/>\n<link rel=\"canonical\" href=\"https:\/\/skaitytaknyga.lt\/en\/produktas\/auksines-sveikatos-taisykles\/\" \/>\n<meta property=\"og:locale\" content=\"en_GB\" \/>\n<meta property=\"og:locale:alternate\" content=\"lt_LT\" \/>\n<meta property=\"og:type\" content=\"article\" \/>\n<meta property=\"og:title\" content=\"Auksin\u0117s sveikatos taisykl\u0117s\" \/>\n<meta property=\"og:description\" content=\"Ni\u0161i sistema ne gydo ligas, o stiprina vis\u0105 organizm\u0105, nes autorius \u012f \u017emog\u0173 \u017ei\u016bri kaip \u012f visum\u0105, o ne nagrin\u0117ja kiekvieno organo veikl\u0105 atskirai. Autorius\" \/>\n<meta property=\"og:url\" content=\"https:\/\/skaitytaknyga.lt\/en\/produktas\/auksines-sveikatos-taisykles\/\" \/>\n<meta property=\"og:site_name\" content=\"Skaitytaknyga\" \/>\n<meta property=\"article:publisher\" content=\"https:\/\/www.facebook.com\/skaitytaknyga\/\" \/>\n<meta property=\"article:modified_time\" content=\"2025-09-27T16:02:53+00:00\" \/>\n<meta property=\"og:image\" content=\"https:\/\/skaitytaknyga.lt\/wp-content\/uploads\/2025\/08\/Auksines-sveikatos-taisykles-1-e1756297108115.webp\" \/>\n\t<meta property=\"og:image:width\" content=\"237\" \/>\n\t<meta property=\"og:image:height\" content=\"330\" \/>\n\t<meta property=\"og:image:type\" content=\"image\/webp\" \/>\n<meta name=\"twitter:card\" content=\"summary_large_image\" \/>\n<script type=\"application\/ld+json\" class=\"yoast-schema-graph\">{\"@context\":\"https:\/\/schema.org\",\"@graph\":[{\"@type\":\"WebPage\",\"@id\":\"https:\/\/skaitytaknyga.lt\/produktas\/auksines-sveikatos-taisykles\/\",\"url\":\"https:\/\/skaitytaknyga.lt\/produktas\/auksines-sveikatos-taisykles\/\",\"name\":\"Auksin\u0117s sveikatos taisykl\u0117s\",\"isPartOf\":{\"@id\":\"https:\/\/skaitytaknyga.lt\/#website\"},\"primaryImageOfPage\":{\"@id\":\"https:\/\/skaitytaknyga.lt\/produktas\/auksines-sveikatos-taisykles\/#primaryimage\"},\"image\":{\"@id\":\"https:\/\/skaitytaknyga.lt\/produktas\/auksines-sveikatos-taisykles\/#primaryimage\"},\"thumbnailUrl\":\"https:\/\/skaitytaknyga.lt\/wp-content\/uploads\/2025\/08\/Auksines-sveikatos-taisykles-1-e1756297108115.webp\",\"datePublished\":\"2025-08-27T12:08:53+00:00\",\"dateModified\":\"2025-09-27T16:02:53+00:00\",\"description\":\"Ni\u0161i sistema ne gydo ligas, o stiprina vis\u0105 organizm\u0105, nes autorius \u012f \u017emog\u0173 \u017ei\u016bri kaip \u012f visum\u0105, o ne nagrin\u0117ja kiekvieno organo veikl\u0105 atskirai. Autorius\",\"breadcrumb\":{\"@id\":\"https:\/\/skaitytaknyga.lt\/produktas\/auksines-sveikatos-taisykles\/#breadcrumb\"},\"inLanguage\":\"en-GB\",\"potentialAction\":[{\"@type\":\"ReadAction\",\"target\":[\"https:\/\/skaitytaknyga.lt\/produktas\/auksines-sveikatos-taisykles\/\"]}]},{\"@type\":\"ImageObject\",\"inLanguage\":\"en-GB\",\"@id\":\"https:\/\/skaitytaknyga.lt\/produktas\/auksines-sveikatos-taisykles\/#primaryimage\",\"url\":\"https:\/\/skaitytaknyga.lt\/wp-content\/uploads\/2025\/08\/Auksines-sveikatos-taisykles-1-e1756297108115.webp\",\"contentUrl\":\"https:\/\/skaitytaknyga.lt\/wp-content\/uploads\/2025\/08\/Auksines-sveikatos-taisykles-1-e1756297108115.webp\",\"width\":237,\"height\":330,\"caption\":\"Auksin\u0117s sveikatos taisykl\u0117s\"},{\"@type\":\"BreadcrumbList\",\"@id\":\"https:\/\/skaitytaknyga.lt\/produktas\/auksines-sveikatos-taisykles\/#breadcrumb\",\"itemListElement\":[{\"@type\":\"ListItem\",\"position\":1,\"name\":\"Home\",\"item\":\"https:\/\/skaitytaknyga.lt\/\"},{\"@type\":\"ListItem\",\"position\":2,\"name\":\"Parduotuv\u0117\",\"item\":\"https:\/\/skaitytaknyga.lt\/knygu-parduotuve\/\"},{\"@type\":\"ListItem\",\"position\":3,\"name\":\"Auksin\u0117s sveikatos taisykl\u0117s\"}]},{\"@type\":\"WebSite\",\"@id\":\"https:\/\/skaitytaknyga.lt\/#website\",\"url\":\"https:\/\/skaitytaknyga.lt\/\",\"name\":\"skaitytaknyga.lt\",\"description\":\"Skaitytaknyga.lt \u2013 tai ma\u017eas \u0161eimos verslas, kuris prasid\u0117jo nuo meil\u0117s knygoms ir siekio i\u0161gelb\u0117ti knygas nuo likimo prie konteinerio. Kas vienam nereikalingas daiktas \u2013 kitam lobis, o mes esame tarpininkai, kurie padeda abiems tapti laimingesniems ???? \u017dinome kaip nelengva i\u0161gyventi ma\u017eiems verslams, tad nuo \u0161iol, \u010dia rasite ir kit\u0173, ma\u017e\u0173 \u0161eim\u0173 versl\u0173, rank\u0173 darbo, dovan\u0173 sau ir artimiesiems.\",\"publisher\":{\"@id\":\"https:\/\/skaitytaknyga.lt\/#organization\"},\"potentialAction\":[{\"@type\":\"SearchAction\",\"target\":{\"@type\":\"EntryPoint\",\"urlTemplate\":\"https:\/\/skaitytaknyga.lt\/?s={search_term_string}\"},\"query-input\":{\"@type\":\"PropertyValueSpecification\",\"valueRequired\":true,\"valueName\":\"search_term_string\"}}],\"inLanguage\":\"en-GB\"},{\"@type\":\"Organization\",\"@id\":\"https:\/\/skaitytaknyga.lt\/#organization\",\"name\":\"skaitytaknyga.lt\",\"url\":\"https:\/\/skaitytaknyga.lt\/\",\"logo\":{\"@type\":\"ImageObject\",\"inLanguage\":\"en-GB\",\"@id\":\"https:\/\/skaitytaknyga.lt\/#\/schema\/logo\/image\/\",\"url\":\"https:\/\/skaitytaknyga.lt\/wp-content\/uploads\/2024\/05\/cropped-cropped-cropped-02_00843_jt3bggkj1j3HLc7SyY6rEUpg.jpeg\",\"contentUrl\":\"https:\/\/skaitytaknyga.lt\/wp-content\/uploads\/2024\/05\/cropped-cropped-cropped-02_00843_jt3bggkj1j3HLc7SyY6rEUpg.jpeg\",\"width\":1600,\"height\":1600,\"caption\":\"skaitytaknyga.lt\"},\"image\":{\"@id\":\"https:\/\/skaitytaknyga.lt\/#\/schema\/logo\/image\/\"},\"sameAs\":[\"https:\/\/www.facebook.com\/skaitytaknyga\/\"]}]}<\/script>\n<!-- \/ Yoast SEO plugin. -->","yoast_head_json":{"title":"Auksin\u0117s sveikatos taisykl\u0117s","description":"Ni\u0161i sistema ne gydo ligas, o stiprina vis\u0105 organizm\u0105, nes autorius \u012f \u017emog\u0173 \u017ei\u016bri kaip \u012f visum\u0105, o ne nagrin\u0117ja kiekvieno organo veikl\u0105 atskirai. Autorius","robots":{"index":"index","follow":"follow","max-snippet":"max-snippet:-1","max-image-preview":"max-image-preview:large","max-video-preview":"max-video-preview:-1"},"canonical":"https:\/\/skaitytaknyga.lt\/en\/produktas\/auksines-sveikatos-taisykles\/","og_locale":"en_GB","og_type":"article","og_title":"[:lt]Auksin\u0117s sveikatos taisykl\u0117s[:] - Skaitytaknyga","og_description":"Ni\u0161i sistema ne gydo ligas, o stiprina vis\u0105 organizm\u0105, nes autorius \u012f \u017emog\u0173 \u017ei\u016bri kaip \u012f visum\u0105, o ne nagrin\u0117ja kiekvieno organo veikl\u0105 atskirai. Autorius","og_url":"https:\/\/skaitytaknyga.lt\/en\/produktas\/auksines-sveikatos-taisykles\/","og_site_name":"Skaitytaknyga","article_publisher":"https:\/\/www.facebook.com\/skaitytaknyga\/","article_modified_time":"2025-09-27T16:02:53+00:00","og_image":[{"width":237,"height":330,"url":"https:\/\/skaitytaknyga.lt\/wp-content\/uploads\/2025\/08\/Auksines-sveikatos-taisykles-1-e1756297108115.webp","type":"image\/webp"}],"twitter_card":"summary_large_image","schema":{"@context":"https:\/\/schema.org","@graph":[{"@type":"WebPage","@id":"https:\/\/skaitytaknyga.lt\/produktas\/auksines-sveikatos-taisykles\/","url":"https:\/\/skaitytaknyga.lt\/produktas\/auksines-sveikatos-taisykles\/","name":"Auksin\u0117s sveikatos taisykl\u0117s","isPartOf":{"@id":"https:\/\/skaitytaknyga.lt\/#website"},"primaryImageOfPage":{"@id":"https:\/\/skaitytaknyga.lt\/produktas\/auksines-sveikatos-taisykles\/#primaryimage"},"image":{"@id":"https:\/\/skaitytaknyga.lt\/produktas\/auksines-sveikatos-taisykles\/#primaryimage"},"thumbnailUrl":"https:\/\/skaitytaknyga.lt\/wp-content\/uploads\/2025\/08\/Auksines-sveikatos-taisykles-1-e1756297108115.webp","datePublished":"2025-08-27T12:08:53+00:00","dateModified":"2025-09-27T16:02:53+00:00","description":"Ni\u0161i sistema ne gydo ligas, o stiprina vis\u0105 organizm\u0105, nes autorius \u012f \u017emog\u0173 \u017ei\u016bri kaip \u012f visum\u0105, o ne nagrin\u0117ja kiekvieno organo veikl\u0105 atskirai. Autorius","breadcrumb":{"@id":"https:\/\/skaitytaknyga.lt\/produktas\/auksines-sveikatos-taisykles\/#breadcrumb"},"inLanguage":"en-GB","potentialAction":[{"@type":"ReadAction","target":["https:\/\/skaitytaknyga.lt\/produktas\/auksines-sveikatos-taisykles\/"]}]},{"@type":"ImageObject","inLanguage":"en-GB","@id":"https:\/\/skaitytaknyga.lt\/produktas\/auksines-sveikatos-taisykles\/#primaryimage","url":"https:\/\/skaitytaknyga.lt\/wp-content\/uploads\/2025\/08\/Auksines-sveikatos-taisykles-1-e1756297108115.webp","contentUrl":"https:\/\/skaitytaknyga.lt\/wp-content\/uploads\/2025\/08\/Auksines-sveikatos-taisykles-1-e1756297108115.webp","width":237,"height":330,"caption":"Auksin\u0117s sveikatos taisykl\u0117s"},{"@type":"BreadcrumbList","@id":"https:\/\/skaitytaknyga.lt\/produktas\/auksines-sveikatos-taisykles\/#breadcrumb","itemListElement":[{"@type":"ListItem","position":1,"name":"Home","item":"https:\/\/skaitytaknyga.lt\/"},{"@type":"ListItem","position":2,"name":"Parduotuv\u0117","item":"https:\/\/skaitytaknyga.lt\/knygu-parduotuve\/"},{"@type":"ListItem","position":3,"name":"Auksin\u0117s sveikatos taisykl\u0117s"}]},{"@type":"WebSite","@id":"https:\/\/skaitytaknyga.lt\/#website","url":"https:\/\/skaitytaknyga.lt\/","name":"skaitytaknyga.lt","description":"Skaitytaknyga.lt \u2013 tai ma\u017eas \u0161eimos verslas, kuris prasid\u0117jo nuo meil\u0117s knygoms ir siekio i\u0161gelb\u0117ti knygas nuo likimo prie konteinerio. Kas vienam nereikalingas daiktas \u2013 kitam lobis, o mes esame tarpininkai, kurie padeda abiems tapti laimingesniems ???? \u017dinome kaip nelengva i\u0161gyventi ma\u017eiems verslams, tad nuo \u0161iol, \u010dia rasite ir kit\u0173, ma\u017e\u0173 \u0161eim\u0173 versl\u0173, rank\u0173 darbo, dovan\u0173 sau ir artimiesiems.","publisher":{"@id":"https:\/\/skaitytaknyga.lt\/#organization"},"potentialAction":[{"@type":"SearchAction","target":{"@type":"EntryPoint","urlTemplate":"https:\/\/skaitytaknyga.lt\/?s={search_term_string}"},"query-input":{"@type":"PropertyValueSpecification","valueRequired":true,"valueName":"search_term_string"}}],"inLanguage":"en-GB"},{"@type":"Organization","@id":"https:\/\/skaitytaknyga.lt\/#organization","name":"skaitytaknyga.lt","url":"https:\/\/skaitytaknyga.lt\/","logo":{"@type":"ImageObject","inLanguage":"en-GB","@id":"https:\/\/skaitytaknyga.lt\/#\/schema\/logo\/image\/","url":"https:\/\/skaitytaknyga.lt\/wp-content\/uploads\/2024\/05\/cropped-cropped-cropped-02_00843_jt3bggkj1j3HLc7SyY6rEUpg.jpeg","contentUrl":"https:\/\/skaitytaknyga.lt\/wp-content\/uploads\/2024\/05\/cropped-cropped-cropped-02_00843_jt3bggkj1j3HLc7SyY6rEUpg.jpeg","width":1600,"height":1600,"caption":"skaitytaknyga.lt"},"image":{"@id":"https:\/\/skaitytaknyga.lt\/#\/schema\/logo\/image\/"},"sameAs":["https:\/\/www.facebook.com\/skaitytaknyga\/"]}]}},"_links":{"self":[{"href":"https:\/\/skaitytaknyga.lt\/en\/wp-json\/wp\/v2\/product\/20514","targetHints":{"allow":["GET"]}}],"collection":[{"href":"https:\/\/skaitytaknyga.lt\/en\/wp-json\/wp\/v2\/product"}],"about":[{"href":"https:\/\/skaitytaknyga.lt\/en\/wp-json\/wp\/v2\/types\/product"}],"replies":[{"embeddable":true,"href":"https:\/\/skaitytaknyga.lt\/en\/wp-json\/wp\/v2\/comments?post=20514"}],"wp:featuredmedia":[{"embeddable":true,"href":"https:\/\/skaitytaknyga.lt\/en\/wp-json\/wp\/v2\/media\/20520"}],"wp:attachment":[{"href":"https:\/\/skaitytaknyga.lt\/en\/wp-json\/wp\/v2\/media?parent=20514"}],"wp:term":[{"taxonomy":"product_brand","embeddable":true,"href":"https:\/\/skaitytaknyga.lt\/en\/wp-json\/wp\/v2\/product_brand?post=20514"},{"taxonomy":"product_cat","embeddable":true,"href":"https:\/\/skaitytaknyga.lt\/en\/wp-json\/wp\/v2\/product_cat?post=20514"},{"taxonomy":"product_tag","embeddable":true,"href":"https:\/\/skaitytaknyga.lt\/en\/wp-json\/wp\/v2\/product_tag?post=20514"}],"curies":[{"name":"wp","href":"https:\/\/api.w.org\/{rel}","templated":true}]}}