{"id":20513,"date":"2025-08-27T15:08:53","date_gmt":"2025-08-27T12:08:53","guid":{"rendered":"https:\/\/skaitytaknyga.lt\/?post_type=product&#038;p=20513"},"modified":"2025-09-27T19:02:53","modified_gmt":"2025-09-27T16:02:53","slug":"ramus-ir-sveikas-miegas-bendri-patarimai-nemigai-ivei","status":"publish","type":"product","link":"https:\/\/skaitytaknyga.lt\/en\/produktas\/ramus-ir-sveikas-miegas-bendri-patarimai-nemigai-ivei\/","title":{"rendered":"Ramus ir sveikas miegas. Bendri patarimai nemigai \u012fvei.."},"content":{"rendered":"<p>Bendri patarimai miegui pagerinti.<br \/>\nI\u0161moksite:<\/p>\n<p>1. lengvai ir be pastang\u0173 u\u017emigti;<br \/>\n2. pabudus jaustis \u017evaliai;<br \/>\n3. nustatyti ir \u0161alinti bemig\u0105 kelian\u010dius sutrikimus;<br \/>\n4. pasiekti poilsio ir veiklos pusiausvyr\u0105.<\/p>\n","protected":false},"excerpt":{"rendered":"<p>Bendri patarimai miegui pagerinti. I\u0161moksite: 1. lengvai ir be pastang\u0173 u\u017emigti; 2. pabudus jaustis \u017evaliai; 3. nustatyti ir \u0161alinti bemig\u0105 kelian\u010dius sutrikimus; 4. pasiekti poilsio ir veiklos pusiausvyr\u0105.<\/p>\n","protected":false},"featured_media":20519,"comment_status":"open","ping_status":"closed","template":"","meta":{"_acf_changed":false,"site-sidebar-layout":"default","site-content-layout":"","ast-site-content-layout":"default","site-content-style":"default","site-sidebar-style":"default","ast-global-header-display":"","ast-banner-title-visibility":"","ast-main-header-display":"","ast-hfb-above-header-display":"","ast-hfb-below-header-display":"","ast-hfb-mobile-header-display":"","site-post-title":"","ast-breadcrumbs-content":"","ast-featured-img":"","footer-sml-layout":"","ast-disable-related-posts":"","theme-transparent-header-meta":"","adv-header-id-meta":"","stick-header-meta":"","header-above-stick-meta":"","header-main-stick-meta":"","header-below-stick-meta":"","astra-migrate-meta-layouts":"default","ast-page-background-enabled":"default","ast-page-background-meta":{"desktop":{"background-color":"","background-image":"","background-repeat":"repeat","background-position":"center center","background-size":"auto","background-attachment":"scroll","background-type":"","background-media":"","overlay-type":"","overlay-color":"","overlay-opacity":"","overlay-gradient":""},"tablet":{"background-color":"","background-image":"","background-repeat":"repeat","background-position":"center center","background-size":"auto","background-attachment":"scroll","background-type":"","background-media":"","overlay-type":"","overlay-color":"","overlay-opacity":"","overlay-gradient":""},"mobile":{"background-color":"","background-image":"","background-repeat":"repeat","background-position":"center center","background-size":"auto","background-attachment":"scroll","background-type":"","background-media":"","overlay-type":"","overlay-color":"","overlay-opacity":"","overlay-gradient":""}},"ast-content-background-meta":{"desktop":{"background-color":"var(--ast-global-color-4)","background-image":"","background-repeat":"repeat","background-position":"center center","background-size":"auto","background-attachment":"scroll","background-type":"","background-media":"","overlay-type":"","overlay-color":"","overlay-opacity":"","overlay-gradient":""},"tablet":{"background-color":"var(--ast-global-color-4)","background-image":"","background-repeat":"repeat","background-position":"center center","background-size":"auto","background-attachment":"scroll","background-type":"","background-media":"","overlay-type":"","overlay-color":"","overlay-opacity":"","overlay-gradient":""},"mobile":{"background-color":"var(--ast-global-color-4)","background-image":"","background-repeat":"repeat","background-position":"center center","background-size":"auto","background-attachment":"scroll","background-type":"","background-media":"","overlay-type":"","overlay-color":"","overlay-opacity":"","overlay-gradient":""}}},"product_brand":[],"product_cat":[55],"product_tag":[2426,7833,7831,7832],"class_list":{"0":"post-20513","1":"product","2":"type-product","3":"status-publish","4":"has-post-thumbnail","6":"product_cat-sveikata-ir-sveika-mityba","7":"product_tag-gyvenimo-kokybe","8":"product_tag-nemiga","9":"product_tag-ramus-ir-sveikas-miegas-bendri-patarimai-nemigai-ivei-miegas","10":"product_tag-sveikas-poilsis","11":"desktop-align-left","12":"tablet-align-left","13":"mobile-align-left","15":"first","16":"instock","17":"shipping-taxable","18":"purchasable","19":"product-type-simple"},"acf":[],"yoast_head":"<!-- This site is optimized with the Yoast SEO plugin v27.0 - https:\/\/yoast.com\/product\/yoast-seo-wordpress\/ -->\n<title>Ramus ir sveikas miegas. Bendri patarimai nemigai \u012fvei..<\/title>\n<meta name=\"description\" content=\"Bendri patarimai miegui pagerinti. I\u0161moksite: 1. lengvai ir be pastang\u0173 u\u017emigti; 2. pabudus jaustis \u017evaliai; 3. nustatyti ir \u0161alinti bemig\u0105 kelian\u010dius\" \/>\n<meta name=\"robots\" content=\"index, follow, max-snippet:-1, max-image-preview:large, max-video-preview:-1\" \/>\n<link rel=\"canonical\" href=\"https:\/\/skaitytaknyga.lt\/en\/produktas\/ramus-ir-sveikas-miegas-bendri-patarimai-nemigai-ivei\/\" \/>\n<meta property=\"og:locale\" content=\"en_GB\" \/>\n<meta property=\"og:locale:alternate\" content=\"lt_LT\" \/>\n<meta property=\"og:type\" content=\"article\" \/>\n<meta property=\"og:title\" content=\"Ramus ir sveikas miegas. Bendri patarimai nemigai \u012fvei..\" \/>\n<meta property=\"og:description\" content=\"Bendri patarimai miegui pagerinti. I\u0161moksite: 1. lengvai ir be pastang\u0173 u\u017emigti; 2. pabudus jaustis \u017evaliai; 3. nustatyti ir \u0161alinti bemig\u0105 kelian\u010dius\" \/>\n<meta property=\"og:url\" content=\"https:\/\/skaitytaknyga.lt\/en\/produktas\/ramus-ir-sveikas-miegas-bendri-patarimai-nemigai-ivei\/\" \/>\n<meta property=\"og:site_name\" content=\"Skaitytaknyga\" \/>\n<meta property=\"article:publisher\" content=\"https:\/\/www.facebook.com\/skaitytaknyga\/\" \/>\n<meta property=\"article:modified_time\" content=\"2025-09-27T16:02:53+00:00\" \/>\n<meta property=\"og:image\" content=\"https:\/\/skaitytaknyga.lt\/wp-content\/uploads\/2025\/08\/Ramus-ir-sveikas-miegas.-Bendri-patarimai-nemigai-ivei.-1-e1756297005799.webp\" \/>\n\t<meta property=\"og:image:width\" content=\"228\" \/>\n\t<meta property=\"og:image:height\" content=\"333\" \/>\n\t<meta property=\"og:image:type\" content=\"image\/webp\" \/>\n<meta name=\"twitter:card\" content=\"summary_large_image\" \/>\n<script type=\"application\/ld+json\" class=\"yoast-schema-graph\">{\"@context\":\"https:\/\/schema.org\",\"@graph\":[{\"@type\":\"WebPage\",\"@id\":\"https:\/\/skaitytaknyga.lt\/produktas\/ramus-ir-sveikas-miegas-bendri-patarimai-nemigai-ivei\/\",\"url\":\"https:\/\/skaitytaknyga.lt\/produktas\/ramus-ir-sveikas-miegas-bendri-patarimai-nemigai-ivei\/\",\"name\":\"Ramus ir sveikas miegas. Bendri patarimai nemigai \u012fvei..\",\"isPartOf\":{\"@id\":\"https:\/\/skaitytaknyga.lt\/#website\"},\"primaryImageOfPage\":{\"@id\":\"https:\/\/skaitytaknyga.lt\/produktas\/ramus-ir-sveikas-miegas-bendri-patarimai-nemigai-ivei\/#primaryimage\"},\"image\":{\"@id\":\"https:\/\/skaitytaknyga.lt\/produktas\/ramus-ir-sveikas-miegas-bendri-patarimai-nemigai-ivei\/#primaryimage\"},\"thumbnailUrl\":\"https:\/\/skaitytaknyga.lt\/wp-content\/uploads\/2025\/08\/Ramus-ir-sveikas-miegas.-Bendri-patarimai-nemigai-ivei.-1-e1756297005799.webp\",\"datePublished\":\"2025-08-27T12:08:53+00:00\",\"dateModified\":\"2025-09-27T16:02:53+00:00\",\"description\":\"Bendri patarimai miegui pagerinti. I\u0161moksite: 1. lengvai ir be pastang\u0173 u\u017emigti; 2. pabudus jaustis \u017evaliai; 3. nustatyti ir \u0161alinti bemig\u0105 kelian\u010dius\",\"breadcrumb\":{\"@id\":\"https:\/\/skaitytaknyga.lt\/produktas\/ramus-ir-sveikas-miegas-bendri-patarimai-nemigai-ivei\/#breadcrumb\"},\"inLanguage\":\"en-GB\",\"potentialAction\":[{\"@type\":\"ReadAction\",\"target\":[\"https:\/\/skaitytaknyga.lt\/produktas\/ramus-ir-sveikas-miegas-bendri-patarimai-nemigai-ivei\/\"]}]},{\"@type\":\"ImageObject\",\"inLanguage\":\"en-GB\",\"@id\":\"https:\/\/skaitytaknyga.lt\/produktas\/ramus-ir-sveikas-miegas-bendri-patarimai-nemigai-ivei\/#primaryimage\",\"url\":\"https:\/\/skaitytaknyga.lt\/wp-content\/uploads\/2025\/08\/Ramus-ir-sveikas-miegas.-Bendri-patarimai-nemigai-ivei.-1-e1756297005799.webp\",\"contentUrl\":\"https:\/\/skaitytaknyga.lt\/wp-content\/uploads\/2025\/08\/Ramus-ir-sveikas-miegas.-Bendri-patarimai-nemigai-ivei.-1-e1756297005799.webp\",\"width\":228,\"height\":333,\"caption\":\"Ramus ir sveikas miegas. Bendri patarimai nemigai \u012fvei..\"},{\"@type\":\"BreadcrumbList\",\"@id\":\"https:\/\/skaitytaknyga.lt\/produktas\/ramus-ir-sveikas-miegas-bendri-patarimai-nemigai-ivei\/#breadcrumb\",\"itemListElement\":[{\"@type\":\"ListItem\",\"position\":1,\"name\":\"Home\",\"item\":\"https:\/\/skaitytaknyga.lt\/\"},{\"@type\":\"ListItem\",\"position\":2,\"name\":\"Parduotuv\u0117\",\"item\":\"https:\/\/skaitytaknyga.lt\/knygu-parduotuve\/\"},{\"@type\":\"ListItem\",\"position\":3,\"name\":\"Ramus ir sveikas miegas. Bendri patarimai nemigai \u012fvei..\"}]},{\"@type\":\"WebSite\",\"@id\":\"https:\/\/skaitytaknyga.lt\/#website\",\"url\":\"https:\/\/skaitytaknyga.lt\/\",\"name\":\"skaitytaknyga.lt\",\"description\":\"Skaitytaknyga.lt \u2013 tai ma\u017eas \u0161eimos verslas, kuris prasid\u0117jo nuo meil\u0117s knygoms ir siekio i\u0161gelb\u0117ti knygas nuo likimo prie konteinerio. Kas vienam nereikalingas daiktas \u2013 kitam lobis, o mes esame tarpininkai, kurie padeda abiems tapti laimingesniems ???? \u017dinome kaip nelengva i\u0161gyventi ma\u017eiems verslams, tad nuo \u0161iol, \u010dia rasite ir kit\u0173, ma\u017e\u0173 \u0161eim\u0173 versl\u0173, rank\u0173 darbo, dovan\u0173 sau ir artimiesiems.\",\"publisher\":{\"@id\":\"https:\/\/skaitytaknyga.lt\/#organization\"},\"potentialAction\":[{\"@type\":\"SearchAction\",\"target\":{\"@type\":\"EntryPoint\",\"urlTemplate\":\"https:\/\/skaitytaknyga.lt\/?s={search_term_string}\"},\"query-input\":{\"@type\":\"PropertyValueSpecification\",\"valueRequired\":true,\"valueName\":\"search_term_string\"}}],\"inLanguage\":\"en-GB\"},{\"@type\":\"Organization\",\"@id\":\"https:\/\/skaitytaknyga.lt\/#organization\",\"name\":\"skaitytaknyga.lt\",\"url\":\"https:\/\/skaitytaknyga.lt\/\",\"logo\":{\"@type\":\"ImageObject\",\"inLanguage\":\"en-GB\",\"@id\":\"https:\/\/skaitytaknyga.lt\/#\/schema\/logo\/image\/\",\"url\":\"https:\/\/skaitytaknyga.lt\/wp-content\/uploads\/2024\/05\/cropped-cropped-cropped-02_00843_jt3bggkj1j3HLc7SyY6rEUpg.jpeg\",\"contentUrl\":\"https:\/\/skaitytaknyga.lt\/wp-content\/uploads\/2024\/05\/cropped-cropped-cropped-02_00843_jt3bggkj1j3HLc7SyY6rEUpg.jpeg\",\"width\":1600,\"height\":1600,\"caption\":\"skaitytaknyga.lt\"},\"image\":{\"@id\":\"https:\/\/skaitytaknyga.lt\/#\/schema\/logo\/image\/\"},\"sameAs\":[\"https:\/\/www.facebook.com\/skaitytaknyga\/\"]}]}<\/script>\n<!-- \/ Yoast SEO plugin. -->","yoast_head_json":{"title":"Ramus ir sveikas miegas. Bendri patarimai nemigai \u012fvei..","description":"Bendri patarimai miegui pagerinti. I\u0161moksite: 1. lengvai ir be pastang\u0173 u\u017emigti; 2. pabudus jaustis \u017evaliai; 3. nustatyti ir \u0161alinti bemig\u0105 kelian\u010dius","robots":{"index":"index","follow":"follow","max-snippet":"max-snippet:-1","max-image-preview":"max-image-preview:large","max-video-preview":"max-video-preview:-1"},"canonical":"https:\/\/skaitytaknyga.lt\/en\/produktas\/ramus-ir-sveikas-miegas-bendri-patarimai-nemigai-ivei\/","og_locale":"en_GB","og_type":"article","og_title":"[:lt]Ramus ir sveikas miegas. Bendri patarimai nemigai \u012fvei..[:] - Skaitytaknyga","og_description":"Bendri patarimai miegui pagerinti. I\u0161moksite: 1. lengvai ir be pastang\u0173 u\u017emigti; 2. pabudus jaustis \u017evaliai; 3. nustatyti ir \u0161alinti bemig\u0105 kelian\u010dius","og_url":"https:\/\/skaitytaknyga.lt\/en\/produktas\/ramus-ir-sveikas-miegas-bendri-patarimai-nemigai-ivei\/","og_site_name":"Skaitytaknyga","article_publisher":"https:\/\/www.facebook.com\/skaitytaknyga\/","article_modified_time":"2025-09-27T16:02:53+00:00","og_image":[{"width":228,"height":333,"url":"https:\/\/skaitytaknyga.lt\/wp-content\/uploads\/2025\/08\/Ramus-ir-sveikas-miegas.-Bendri-patarimai-nemigai-ivei.-1-e1756297005799.webp","type":"image\/webp"}],"twitter_card":"summary_large_image","schema":{"@context":"https:\/\/schema.org","@graph":[{"@type":"WebPage","@id":"https:\/\/skaitytaknyga.lt\/produktas\/ramus-ir-sveikas-miegas-bendri-patarimai-nemigai-ivei\/","url":"https:\/\/skaitytaknyga.lt\/produktas\/ramus-ir-sveikas-miegas-bendri-patarimai-nemigai-ivei\/","name":"Ramus ir sveikas miegas. Bendri patarimai nemigai \u012fvei..","isPartOf":{"@id":"https:\/\/skaitytaknyga.lt\/#website"},"primaryImageOfPage":{"@id":"https:\/\/skaitytaknyga.lt\/produktas\/ramus-ir-sveikas-miegas-bendri-patarimai-nemigai-ivei\/#primaryimage"},"image":{"@id":"https:\/\/skaitytaknyga.lt\/produktas\/ramus-ir-sveikas-miegas-bendri-patarimai-nemigai-ivei\/#primaryimage"},"thumbnailUrl":"https:\/\/skaitytaknyga.lt\/wp-content\/uploads\/2025\/08\/Ramus-ir-sveikas-miegas.-Bendri-patarimai-nemigai-ivei.-1-e1756297005799.webp","datePublished":"2025-08-27T12:08:53+00:00","dateModified":"2025-09-27T16:02:53+00:00","description":"Bendri patarimai miegui pagerinti. I\u0161moksite: 1. lengvai ir be pastang\u0173 u\u017emigti; 2. pabudus jaustis \u017evaliai; 3. nustatyti ir \u0161alinti bemig\u0105 kelian\u010dius","breadcrumb":{"@id":"https:\/\/skaitytaknyga.lt\/produktas\/ramus-ir-sveikas-miegas-bendri-patarimai-nemigai-ivei\/#breadcrumb"},"inLanguage":"en-GB","potentialAction":[{"@type":"ReadAction","target":["https:\/\/skaitytaknyga.lt\/produktas\/ramus-ir-sveikas-miegas-bendri-patarimai-nemigai-ivei\/"]}]},{"@type":"ImageObject","inLanguage":"en-GB","@id":"https:\/\/skaitytaknyga.lt\/produktas\/ramus-ir-sveikas-miegas-bendri-patarimai-nemigai-ivei\/#primaryimage","url":"https:\/\/skaitytaknyga.lt\/wp-content\/uploads\/2025\/08\/Ramus-ir-sveikas-miegas.-Bendri-patarimai-nemigai-ivei.-1-e1756297005799.webp","contentUrl":"https:\/\/skaitytaknyga.lt\/wp-content\/uploads\/2025\/08\/Ramus-ir-sveikas-miegas.-Bendri-patarimai-nemigai-ivei.-1-e1756297005799.webp","width":228,"height":333,"caption":"Ramus ir sveikas miegas. Bendri patarimai nemigai \u012fvei.."},{"@type":"BreadcrumbList","@id":"https:\/\/skaitytaknyga.lt\/produktas\/ramus-ir-sveikas-miegas-bendri-patarimai-nemigai-ivei\/#breadcrumb","itemListElement":[{"@type":"ListItem","position":1,"name":"Home","item":"https:\/\/skaitytaknyga.lt\/"},{"@type":"ListItem","position":2,"name":"Parduotuv\u0117","item":"https:\/\/skaitytaknyga.lt\/knygu-parduotuve\/"},{"@type":"ListItem","position":3,"name":"Ramus ir sveikas miegas. Bendri patarimai nemigai \u012fvei.."}]},{"@type":"WebSite","@id":"https:\/\/skaitytaknyga.lt\/#website","url":"https:\/\/skaitytaknyga.lt\/","name":"skaitytaknyga.lt","description":"Skaitytaknyga.lt \u2013 tai ma\u017eas \u0161eimos verslas, kuris prasid\u0117jo nuo meil\u0117s knygoms ir siekio i\u0161gelb\u0117ti knygas nuo likimo prie konteinerio. Kas vienam nereikalingas daiktas \u2013 kitam lobis, o mes esame tarpininkai, kurie padeda abiems tapti laimingesniems ???? \u017dinome kaip nelengva i\u0161gyventi ma\u017eiems verslams, tad nuo \u0161iol, \u010dia rasite ir kit\u0173, ma\u017e\u0173 \u0161eim\u0173 versl\u0173, rank\u0173 darbo, dovan\u0173 sau ir artimiesiems.","publisher":{"@id":"https:\/\/skaitytaknyga.lt\/#organization"},"potentialAction":[{"@type":"SearchAction","target":{"@type":"EntryPoint","urlTemplate":"https:\/\/skaitytaknyga.lt\/?s={search_term_string}"},"query-input":{"@type":"PropertyValueSpecification","valueRequired":true,"valueName":"search_term_string"}}],"inLanguage":"en-GB"},{"@type":"Organization","@id":"https:\/\/skaitytaknyga.lt\/#organization","name":"skaitytaknyga.lt","url":"https:\/\/skaitytaknyga.lt\/","logo":{"@type":"ImageObject","inLanguage":"en-GB","@id":"https:\/\/skaitytaknyga.lt\/#\/schema\/logo\/image\/","url":"https:\/\/skaitytaknyga.lt\/wp-content\/uploads\/2024\/05\/cropped-cropped-cropped-02_00843_jt3bggkj1j3HLc7SyY6rEUpg.jpeg","contentUrl":"https:\/\/skaitytaknyga.lt\/wp-content\/uploads\/2024\/05\/cropped-cropped-cropped-02_00843_jt3bggkj1j3HLc7SyY6rEUpg.jpeg","width":1600,"height":1600,"caption":"skaitytaknyga.lt"},"image":{"@id":"https:\/\/skaitytaknyga.lt\/#\/schema\/logo\/image\/"},"sameAs":["https:\/\/www.facebook.com\/skaitytaknyga\/"]}]}},"_links":{"self":[{"href":"https:\/\/skaitytaknyga.lt\/en\/wp-json\/wp\/v2\/product\/20513","targetHints":{"allow":["GET"]}}],"collection":[{"href":"https:\/\/skaitytaknyga.lt\/en\/wp-json\/wp\/v2\/product"}],"about":[{"href":"https:\/\/skaitytaknyga.lt\/en\/wp-json\/wp\/v2\/types\/product"}],"replies":[{"embeddable":true,"href":"https:\/\/skaitytaknyga.lt\/en\/wp-json\/wp\/v2\/comments?post=20513"}],"wp:featuredmedia":[{"embeddable":true,"href":"https:\/\/skaitytaknyga.lt\/en\/wp-json\/wp\/v2\/media\/20519"}],"wp:attachment":[{"href":"https:\/\/skaitytaknyga.lt\/en\/wp-json\/wp\/v2\/media?parent=20513"}],"wp:term":[{"taxonomy":"product_brand","embeddable":true,"href":"https:\/\/skaitytaknyga.lt\/en\/wp-json\/wp\/v2\/product_brand?post=20513"},{"taxonomy":"product_cat","embeddable":true,"href":"https:\/\/skaitytaknyga.lt\/en\/wp-json\/wp\/v2\/product_cat?post=20513"},{"taxonomy":"product_tag","embeddable":true,"href":"https:\/\/skaitytaknyga.lt\/en\/wp-json\/wp\/v2\/product_tag?post=20513"}],"curies":[{"name":"wp","href":"https:\/\/api.w.org\/{rel}","templated":true}]}}