{"id":20512,"date":"2025-08-27T15:08:52","date_gmt":"2025-08-27T12:08:52","guid":{"rendered":"https:\/\/skaitytaknyga.lt\/?post_type=product&#038;p=20512"},"modified":"2025-09-27T19:02:53","modified_gmt":"2025-09-27T16:02:53","slug":"zinia-kuria-mums-pranesa-vanduo","status":"publish","type":"product","link":"https:\/\/skaitytaknyga.lt\/en\/produktas\/zinia-kuria-mums-pranesa-vanduo\/","title":{"rendered":"\u017dinia, kuri\u0105 mums prane\u0161a vanduo"},"content":{"rendered":"<p>Pasaulinio garso japon\u0173 mokslininko daktaro Masaru Emoto knyga i\u0161ties revoliucin\u0117. Savo tyrimais jis nustat\u0117, kad m\u016bs\u0173 mintys, jausmai ir \u017eod\u017eiai veikia vandens molekules. O kadangi \u017emogaus k\u016bn\u0105, kaip ir vis\u0105 planet\u0105, did\u017ei\u0105ja dalimi sudaro vanduo, tai \u0161is mokslinis faktas leid\u017eia visai kitaip pa\u017evelgti \u012f sveikatos, aplinkos apsaugos ir taikos i\u0161saugojimo \u017eem\u0117je problemas.<\/p>\n","protected":false},"excerpt":{"rendered":"<p>Pasaulinio garso japon\u0173 mokslininko daktaro Masaru Emoto knyga i\u0161ties revoliucin\u0117. Savo tyrimais jis nustat\u0117, kad m\u016bs\u0173 mintys, jausmai ir \u017eod\u017eiai veikia vandens molekules. O kadangi \u017emogaus k\u016bn\u0105, kaip ir vis\u0105 planet\u0105, did\u017ei\u0105ja dalimi sudaro vanduo, tai \u0161is mokslinis faktas leid\u017eia visai kitaip pa\u017evelgti \u012f sveikatos, aplinkos apsaugos ir taikos i\u0161saugojimo \u017eem\u0117je problemas.<\/p>\n","protected":false},"featured_media":20518,"comment_status":"open","ping_status":"closed","template":"","meta":{"_acf_changed":false,"site-sidebar-layout":"default","site-content-layout":"","ast-site-content-layout":"default","site-content-style":"default","site-sidebar-style":"default","ast-global-header-display":"","ast-banner-title-visibility":"","ast-main-header-display":"","ast-hfb-above-header-display":"","ast-hfb-below-header-display":"","ast-hfb-mobile-header-display":"","site-post-title":"","ast-breadcrumbs-content":"","ast-featured-img":"","footer-sml-layout":"","ast-disable-related-posts":"","theme-transparent-header-meta":"","adv-header-id-meta":"","stick-header-meta":"","header-above-stick-meta":"","header-main-stick-meta":"","header-below-stick-meta":"","astra-migrate-meta-layouts":"default","ast-page-background-enabled":"default","ast-page-background-meta":{"desktop":{"background-color":"","background-image":"","background-repeat":"repeat","background-position":"center center","background-size":"auto","background-attachment":"scroll","background-type":"","background-media":"","overlay-type":"","overlay-color":"","overlay-opacity":"","overlay-gradient":""},"tablet":{"background-color":"","background-image":"","background-repeat":"repeat","background-position":"center center","background-size":"auto","background-attachment":"scroll","background-type":"","background-media":"","overlay-type":"","overlay-color":"","overlay-opacity":"","overlay-gradient":""},"mobile":{"background-color":"","background-image":"","background-repeat":"repeat","background-position":"center center","background-size":"auto","background-attachment":"scroll","background-type":"","background-media":"","overlay-type":"","overlay-color":"","overlay-opacity":"","overlay-gradient":""}},"ast-content-background-meta":{"desktop":{"background-color":"var(--ast-global-color-4)","background-image":"","background-repeat":"repeat","background-position":"center center","background-size":"auto","background-attachment":"scroll","background-type":"","background-media":"","overlay-type":"","overlay-color":"","overlay-opacity":"","overlay-gradient":""},"tablet":{"background-color":"var(--ast-global-color-4)","background-image":"","background-repeat":"repeat","background-position":"center center","background-size":"auto","background-attachment":"scroll","background-type":"","background-media":"","overlay-type":"","overlay-color":"","overlay-opacity":"","overlay-gradient":""},"mobile":{"background-color":"var(--ast-global-color-4)","background-image":"","background-repeat":"repeat","background-position":"center center","background-size":"auto","background-attachment":"scroll","background-type":"","background-media":"","overlay-type":"","overlay-color":"","overlay-opacity":"","overlay-gradient":""}}},"product_brand":[],"product_cat":[55],"product_tag":[7830,7073,7828,1392,7829],"class_list":{"0":"post-20512","1":"product","2":"type-product","3":"status-publish","4":"has-post-thumbnail","6":"product_cat-sveikata-ir-sveika-mityba","7":"product_tag-aplinka","8":"product_tag-energija","9":"product_tag-masaru-emoto-sveikata","10":"product_tag-psichologija","11":"product_tag-vandens-tyrimai","12":"desktop-align-left","13":"tablet-align-left","14":"mobile-align-left","16":"first","17":"outofstock","18":"shipping-taxable","19":"purchasable","20":"product-type-simple"},"acf":[],"yoast_head":"<!-- This site is optimized with the Yoast SEO plugin v27.0 - https:\/\/yoast.com\/product\/yoast-seo-wordpress\/ -->\n<title>\u017dinia, kuri\u0105 mums prane\u0161a vanduo<\/title>\n<meta name=\"description\" content=\"Pasaulinio garso japon\u0173 mokslininko daktaro Masaru Emoto knyga i\u0161ties revoliucin\u0117. Savo tyrimais jis nustat\u0117, kad m\u016bs\u0173 mintys, jausmai ir \u017eod\u017eiai veikia\" \/>\n<meta name=\"robots\" content=\"index, follow, max-snippet:-1, max-image-preview:large, max-video-preview:-1\" \/>\n<link rel=\"canonical\" href=\"https:\/\/skaitytaknyga.lt\/en\/produktas\/zinia-kuria-mums-pranesa-vanduo\/\" \/>\n<meta property=\"og:locale\" content=\"en_GB\" \/>\n<meta property=\"og:locale:alternate\" content=\"lt_LT\" \/>\n<meta property=\"og:type\" content=\"article\" \/>\n<meta property=\"og:title\" content=\"\u017dinia, kuri\u0105 mums prane\u0161a vanduo\" \/>\n<meta property=\"og:description\" content=\"Pasaulinio garso japon\u0173 mokslininko daktaro Masaru Emoto knyga i\u0161ties revoliucin\u0117. Savo tyrimais jis nustat\u0117, kad m\u016bs\u0173 mintys, jausmai ir \u017eod\u017eiai veikia\" \/>\n<meta property=\"og:url\" content=\"https:\/\/skaitytaknyga.lt\/en\/produktas\/zinia-kuria-mums-pranesa-vanduo\/\" \/>\n<meta property=\"og:site_name\" content=\"Skaitytaknyga\" \/>\n<meta property=\"article:publisher\" content=\"https:\/\/www.facebook.com\/skaitytaknyga\/\" \/>\n<meta property=\"article:modified_time\" content=\"2025-09-27T16:02:53+00:00\" \/>\n<meta property=\"og:image\" content=\"https:\/\/skaitytaknyga.lt\/wp-content\/uploads\/2025\/08\/Zinia-kuria-mums-pranesa-vanduo-1-e1756296905680.webp\" \/>\n\t<meta property=\"og:image:width\" content=\"221\" \/>\n\t<meta property=\"og:image:height\" content=\"334\" \/>\n\t<meta property=\"og:image:type\" content=\"image\/webp\" \/>\n<meta name=\"twitter:card\" content=\"summary_large_image\" \/>\n<script type=\"application\/ld+json\" class=\"yoast-schema-graph\">{\"@context\":\"https:\/\/schema.org\",\"@graph\":[{\"@type\":\"WebPage\",\"@id\":\"https:\/\/skaitytaknyga.lt\/produktas\/zinia-kuria-mums-pranesa-vanduo\/\",\"url\":\"https:\/\/skaitytaknyga.lt\/produktas\/zinia-kuria-mums-pranesa-vanduo\/\",\"name\":\"\u017dinia, kuri\u0105 mums prane\u0161a vanduo\",\"isPartOf\":{\"@id\":\"https:\/\/skaitytaknyga.lt\/#website\"},\"primaryImageOfPage\":{\"@id\":\"https:\/\/skaitytaknyga.lt\/produktas\/zinia-kuria-mums-pranesa-vanduo\/#primaryimage\"},\"image\":{\"@id\":\"https:\/\/skaitytaknyga.lt\/produktas\/zinia-kuria-mums-pranesa-vanduo\/#primaryimage\"},\"thumbnailUrl\":\"https:\/\/skaitytaknyga.lt\/wp-content\/uploads\/2025\/08\/Zinia-kuria-mums-pranesa-vanduo-1-e1756296905680.webp\",\"datePublished\":\"2025-08-27T12:08:52+00:00\",\"dateModified\":\"2025-09-27T16:02:53+00:00\",\"description\":\"Pasaulinio garso japon\u0173 mokslininko daktaro Masaru Emoto knyga i\u0161ties revoliucin\u0117. Savo tyrimais jis nustat\u0117, kad m\u016bs\u0173 mintys, jausmai ir \u017eod\u017eiai veikia\",\"breadcrumb\":{\"@id\":\"https:\/\/skaitytaknyga.lt\/produktas\/zinia-kuria-mums-pranesa-vanduo\/#breadcrumb\"},\"inLanguage\":\"en-GB\",\"potentialAction\":[{\"@type\":\"ReadAction\",\"target\":[\"https:\/\/skaitytaknyga.lt\/produktas\/zinia-kuria-mums-pranesa-vanduo\/\"]}]},{\"@type\":\"ImageObject\",\"inLanguage\":\"en-GB\",\"@id\":\"https:\/\/skaitytaknyga.lt\/produktas\/zinia-kuria-mums-pranesa-vanduo\/#primaryimage\",\"url\":\"https:\/\/skaitytaknyga.lt\/wp-content\/uploads\/2025\/08\/Zinia-kuria-mums-pranesa-vanduo-1-e1756296905680.webp\",\"contentUrl\":\"https:\/\/skaitytaknyga.lt\/wp-content\/uploads\/2025\/08\/Zinia-kuria-mums-pranesa-vanduo-1-e1756296905680.webp\",\"width\":221,\"height\":334},{\"@type\":\"BreadcrumbList\",\"@id\":\"https:\/\/skaitytaknyga.lt\/produktas\/zinia-kuria-mums-pranesa-vanduo\/#breadcrumb\",\"itemListElement\":[{\"@type\":\"ListItem\",\"position\":1,\"name\":\"Home\",\"item\":\"https:\/\/skaitytaknyga.lt\/\"},{\"@type\":\"ListItem\",\"position\":2,\"name\":\"Parduotuv\u0117\",\"item\":\"https:\/\/skaitytaknyga.lt\/knygu-parduotuve\/\"},{\"@type\":\"ListItem\",\"position\":3,\"name\":\"\u017dinia, kuri\u0105 mums prane\u0161a vanduo\"}]},{\"@type\":\"WebSite\",\"@id\":\"https:\/\/skaitytaknyga.lt\/#website\",\"url\":\"https:\/\/skaitytaknyga.lt\/\",\"name\":\"skaitytaknyga.lt\",\"description\":\"Skaitytaknyga.lt \u2013 tai ma\u017eas \u0161eimos verslas, kuris prasid\u0117jo nuo meil\u0117s knygoms ir siekio i\u0161gelb\u0117ti knygas nuo likimo prie konteinerio. Kas vienam nereikalingas daiktas \u2013 kitam lobis, o mes esame tarpininkai, kurie padeda abiems tapti laimingesniems ???? \u017dinome kaip nelengva i\u0161gyventi ma\u017eiems verslams, tad nuo \u0161iol, \u010dia rasite ir kit\u0173, ma\u017e\u0173 \u0161eim\u0173 versl\u0173, rank\u0173 darbo, dovan\u0173 sau ir artimiesiems.\",\"publisher\":{\"@id\":\"https:\/\/skaitytaknyga.lt\/#organization\"},\"potentialAction\":[{\"@type\":\"SearchAction\",\"target\":{\"@type\":\"EntryPoint\",\"urlTemplate\":\"https:\/\/skaitytaknyga.lt\/?s={search_term_string}\"},\"query-input\":{\"@type\":\"PropertyValueSpecification\",\"valueRequired\":true,\"valueName\":\"search_term_string\"}}],\"inLanguage\":\"en-GB\"},{\"@type\":\"Organization\",\"@id\":\"https:\/\/skaitytaknyga.lt\/#organization\",\"name\":\"skaitytaknyga.lt\",\"url\":\"https:\/\/skaitytaknyga.lt\/\",\"logo\":{\"@type\":\"ImageObject\",\"inLanguage\":\"en-GB\",\"@id\":\"https:\/\/skaitytaknyga.lt\/#\/schema\/logo\/image\/\",\"url\":\"https:\/\/skaitytaknyga.lt\/wp-content\/uploads\/2024\/05\/cropped-cropped-cropped-02_00843_jt3bggkj1j3HLc7SyY6rEUpg.jpeg\",\"contentUrl\":\"https:\/\/skaitytaknyga.lt\/wp-content\/uploads\/2024\/05\/cropped-cropped-cropped-02_00843_jt3bggkj1j3HLc7SyY6rEUpg.jpeg\",\"width\":1600,\"height\":1600,\"caption\":\"skaitytaknyga.lt\"},\"image\":{\"@id\":\"https:\/\/skaitytaknyga.lt\/#\/schema\/logo\/image\/\"},\"sameAs\":[\"https:\/\/www.facebook.com\/skaitytaknyga\/\"]}]}<\/script>\n<!-- \/ Yoast SEO plugin. -->","yoast_head_json":{"title":"\u017dinia, kuri\u0105 mums prane\u0161a vanduo","description":"Pasaulinio garso japon\u0173 mokslininko daktaro Masaru Emoto knyga i\u0161ties revoliucin\u0117. Savo tyrimais jis nustat\u0117, kad m\u016bs\u0173 mintys, jausmai ir \u017eod\u017eiai veikia","robots":{"index":"index","follow":"follow","max-snippet":"max-snippet:-1","max-image-preview":"max-image-preview:large","max-video-preview":"max-video-preview:-1"},"canonical":"https:\/\/skaitytaknyga.lt\/en\/produktas\/zinia-kuria-mums-pranesa-vanduo\/","og_locale":"en_GB","og_type":"article","og_title":"[:lt]\u017dinia, kuri\u0105 mums prane\u0161a vanduo[:] - Skaitytaknyga","og_description":"Pasaulinio garso japon\u0173 mokslininko daktaro Masaru Emoto knyga i\u0161ties revoliucin\u0117. Savo tyrimais jis nustat\u0117, kad m\u016bs\u0173 mintys, jausmai ir \u017eod\u017eiai veikia","og_url":"https:\/\/skaitytaknyga.lt\/en\/produktas\/zinia-kuria-mums-pranesa-vanduo\/","og_site_name":"Skaitytaknyga","article_publisher":"https:\/\/www.facebook.com\/skaitytaknyga\/","article_modified_time":"2025-09-27T16:02:53+00:00","og_image":[{"width":221,"height":334,"url":"https:\/\/skaitytaknyga.lt\/wp-content\/uploads\/2025\/08\/Zinia-kuria-mums-pranesa-vanduo-1-e1756296905680.webp","type":"image\/webp"}],"twitter_card":"summary_large_image","schema":{"@context":"https:\/\/schema.org","@graph":[{"@type":"WebPage","@id":"https:\/\/skaitytaknyga.lt\/produktas\/zinia-kuria-mums-pranesa-vanduo\/","url":"https:\/\/skaitytaknyga.lt\/produktas\/zinia-kuria-mums-pranesa-vanduo\/","name":"\u017dinia, kuri\u0105 mums prane\u0161a vanduo","isPartOf":{"@id":"https:\/\/skaitytaknyga.lt\/#website"},"primaryImageOfPage":{"@id":"https:\/\/skaitytaknyga.lt\/produktas\/zinia-kuria-mums-pranesa-vanduo\/#primaryimage"},"image":{"@id":"https:\/\/skaitytaknyga.lt\/produktas\/zinia-kuria-mums-pranesa-vanduo\/#primaryimage"},"thumbnailUrl":"https:\/\/skaitytaknyga.lt\/wp-content\/uploads\/2025\/08\/Zinia-kuria-mums-pranesa-vanduo-1-e1756296905680.webp","datePublished":"2025-08-27T12:08:52+00:00","dateModified":"2025-09-27T16:02:53+00:00","description":"Pasaulinio garso japon\u0173 mokslininko daktaro Masaru Emoto knyga i\u0161ties revoliucin\u0117. Savo tyrimais jis nustat\u0117, kad m\u016bs\u0173 mintys, jausmai ir \u017eod\u017eiai veikia","breadcrumb":{"@id":"https:\/\/skaitytaknyga.lt\/produktas\/zinia-kuria-mums-pranesa-vanduo\/#breadcrumb"},"inLanguage":"en-GB","potentialAction":[{"@type":"ReadAction","target":["https:\/\/skaitytaknyga.lt\/produktas\/zinia-kuria-mums-pranesa-vanduo\/"]}]},{"@type":"ImageObject","inLanguage":"en-GB","@id":"https:\/\/skaitytaknyga.lt\/produktas\/zinia-kuria-mums-pranesa-vanduo\/#primaryimage","url":"https:\/\/skaitytaknyga.lt\/wp-content\/uploads\/2025\/08\/Zinia-kuria-mums-pranesa-vanduo-1-e1756296905680.webp","contentUrl":"https:\/\/skaitytaknyga.lt\/wp-content\/uploads\/2025\/08\/Zinia-kuria-mums-pranesa-vanduo-1-e1756296905680.webp","width":221,"height":334},{"@type":"BreadcrumbList","@id":"https:\/\/skaitytaknyga.lt\/produktas\/zinia-kuria-mums-pranesa-vanduo\/#breadcrumb","itemListElement":[{"@type":"ListItem","position":1,"name":"Home","item":"https:\/\/skaitytaknyga.lt\/"},{"@type":"ListItem","position":2,"name":"Parduotuv\u0117","item":"https:\/\/skaitytaknyga.lt\/knygu-parduotuve\/"},{"@type":"ListItem","position":3,"name":"\u017dinia, kuri\u0105 mums prane\u0161a vanduo"}]},{"@type":"WebSite","@id":"https:\/\/skaitytaknyga.lt\/#website","url":"https:\/\/skaitytaknyga.lt\/","name":"skaitytaknyga.lt","description":"Skaitytaknyga.lt \u2013 tai ma\u017eas \u0161eimos verslas, kuris prasid\u0117jo nuo meil\u0117s knygoms ir siekio i\u0161gelb\u0117ti knygas nuo likimo prie konteinerio. Kas vienam nereikalingas daiktas \u2013 kitam lobis, o mes esame tarpininkai, kurie padeda abiems tapti laimingesniems ???? \u017dinome kaip nelengva i\u0161gyventi ma\u017eiems verslams, tad nuo \u0161iol, \u010dia rasite ir kit\u0173, ma\u017e\u0173 \u0161eim\u0173 versl\u0173, rank\u0173 darbo, dovan\u0173 sau ir artimiesiems.","publisher":{"@id":"https:\/\/skaitytaknyga.lt\/#organization"},"potentialAction":[{"@type":"SearchAction","target":{"@type":"EntryPoint","urlTemplate":"https:\/\/skaitytaknyga.lt\/?s={search_term_string}"},"query-input":{"@type":"PropertyValueSpecification","valueRequired":true,"valueName":"search_term_string"}}],"inLanguage":"en-GB"},{"@type":"Organization","@id":"https:\/\/skaitytaknyga.lt\/#organization","name":"skaitytaknyga.lt","url":"https:\/\/skaitytaknyga.lt\/","logo":{"@type":"ImageObject","inLanguage":"en-GB","@id":"https:\/\/skaitytaknyga.lt\/#\/schema\/logo\/image\/","url":"https:\/\/skaitytaknyga.lt\/wp-content\/uploads\/2024\/05\/cropped-cropped-cropped-02_00843_jt3bggkj1j3HLc7SyY6rEUpg.jpeg","contentUrl":"https:\/\/skaitytaknyga.lt\/wp-content\/uploads\/2024\/05\/cropped-cropped-cropped-02_00843_jt3bggkj1j3HLc7SyY6rEUpg.jpeg","width":1600,"height":1600,"caption":"skaitytaknyga.lt"},"image":{"@id":"https:\/\/skaitytaknyga.lt\/#\/schema\/logo\/image\/"},"sameAs":["https:\/\/www.facebook.com\/skaitytaknyga\/"]}]}},"_links":{"self":[{"href":"https:\/\/skaitytaknyga.lt\/en\/wp-json\/wp\/v2\/product\/20512","targetHints":{"allow":["GET"]}}],"collection":[{"href":"https:\/\/skaitytaknyga.lt\/en\/wp-json\/wp\/v2\/product"}],"about":[{"href":"https:\/\/skaitytaknyga.lt\/en\/wp-json\/wp\/v2\/types\/product"}],"replies":[{"embeddable":true,"href":"https:\/\/skaitytaknyga.lt\/en\/wp-json\/wp\/v2\/comments?post=20512"}],"wp:featuredmedia":[{"embeddable":true,"href":"https:\/\/skaitytaknyga.lt\/en\/wp-json\/wp\/v2\/media\/20518"}],"wp:attachment":[{"href":"https:\/\/skaitytaknyga.lt\/en\/wp-json\/wp\/v2\/media?parent=20512"}],"wp:term":[{"taxonomy":"product_brand","embeddable":true,"href":"https:\/\/skaitytaknyga.lt\/en\/wp-json\/wp\/v2\/product_brand?post=20512"},{"taxonomy":"product_cat","embeddable":true,"href":"https:\/\/skaitytaknyga.lt\/en\/wp-json\/wp\/v2\/product_cat?post=20512"},{"taxonomy":"product_tag","embeddable":true,"href":"https:\/\/skaitytaknyga.lt\/en\/wp-json\/wp\/v2\/product_tag?post=20512"}],"curies":[{"name":"wp","href":"https:\/\/api.w.org\/{rel}","templated":true}]}}