{"id":20502,"date":"2025-08-27T14:54:38","date_gmt":"2025-08-27T11:54:38","guid":{"rendered":"https:\/\/skaitytaknyga.lt\/?post_type=product&#038;p=20502"},"modified":"2026-03-17T11:47:05","modified_gmt":"2026-03-17T09:47:05","slug":"siuolaikinis-tarptautines-teises-ivadas","status":"publish","type":"product","link":"https:\/\/skaitytaknyga.lt\/en\/produktas\/siuolaikinis-tarptautines-teises-ivadas\/","title":{"rendered":"\u0160iuolaikinis tarptautin\u0117s teis\u0117s \u012fvadas"},"content":{"rendered":"<p>\u0160is profesoriaus Michaelio Akehursto darbas nuo 1970 iki 1987 met\u0173 buvo publikuotas net 6 kartus. Per t\u0105 laik\u0105 jis tapo klasikiniu vadov\u0117liu, skirtu tiek teis\u0117s, tiek politini\u0173 moksl\u0173 fakultet\u0173 studentams, ir buvo i\u0161verstas \u012f kelet\u0105 did\u017eiausi\u0173 pasaulio kalb\u0173.<\/p>\n<p>Kadangi po paskutiniojo leidimo (1987 m.) tarptautiniuose santykiuose, taigi ir tarptautin\u0117je teis\u0117je, \u012fvyko nema\u017eai svarbi\u0173 poky\u010di\u0173, velionio autoriaus darb\u0105 strukt\u016bros ir turinio po\u017ei\u016briu \u0117m\u0117si per\u017ei\u016br\u0117ti \u017eymus Roterdamo Erasmus universiteto Teis\u0117s fakulteto profesorius Peteris Malanczukas. Taip atsirado \u0161is, jau 7-as, knygos leidimas, kuriame ai\u0161kiai ir suprantamai nagrin\u0117jami tarptautin\u0117s teis\u0117s klausimai (istorin\u0117 raida, \u0161altiniai, subjektai, valstybi\u0173 teisi\u0173 per\u0117mimas ir atsakomyb\u0117), atskiros tarptautin\u0117s teis\u0117s \u0161akos (tarptautini\u0173 sutar\u010di\u0173 teis\u0117, tarptautin\u0117 j\u016br\u0173 teis\u0117, tarptautin\u0117 ekonomin\u0117 teis\u0117, tarptautin\u0117 aplinkosaugos teis\u0117 ir kt.). Autorius daug d\u0117mesio skiria ir \u0160altojo karo pabaigos nulemtiems poky\u010diams bei problemoms, tur\u0117jusioms ir tur\u0117sian\u010dioms didel\u0117s \u012ftakos tarptautin\u0117s teis\u0117s raidai.<\/p>\n<p>Vadov\u0117lis skiriamas teis\u0117s, politikos, ekonomikos moksl\u0173 studentams bei visiems besidomintiems tarptautine teise ir tarptautine politika.<\/p>\n","protected":false},"excerpt":{"rendered":"<p>\u0160is profesoriaus Michaelio Akehursto darbas nuo 1970 iki 1987 met\u0173 buvo publikuotas net 6 kartus. Per t\u0105 laik\u0105 jis tapo klasikiniu vadov\u0117liu, skirtu tiek teis\u0117s, tiek politini\u0173 moksl\u0173 fakultet\u0173 studentams, ir buvo i\u0161verstas \u012f kelet\u0105 did\u017eiausi\u0173 pasaulio kalb\u0173. Kadangi po paskutiniojo leidimo (1987 m.) tarptautiniuose santykiuose, taigi ir tarptautin\u0117je teis\u0117je, \u012fvyko nema\u017eai svarbi\u0173 poky\u010di\u0173, velionio autoriaus darb\u0105 strukt\u016bros ir turinio po\u017ei\u016briu \u0117m\u0117si per\u017ei\u016br\u0117ti \u017eymus Roterdamo Erasmus universiteto Teis\u0117s fakulteto profesorius Peteris Malanczukas. Taip atsirado \u0161is, jau 7-as, knygos leidimas, kuriame ai\u0161kiai ir suprantamai nagrin\u0117jami tarptautin\u0117s teis\u0117s klausimai (istorin\u0117 raida, \u0161altiniai, subjektai, valstybi\u0173 teisi\u0173 per\u0117mimas ir atsakomyb\u0117), atskiros tarptautin\u0117s teis\u0117s \u0161akos (tarptautini\u0173 sutar\u010di\u0173 teis\u0117, tarptautin\u0117 j\u016br\u0173 teis\u0117, tarptautin\u0117 ekonomin\u0117 teis\u0117, tarptautin\u0117 aplinkosaugos teis\u0117 ir kt.). Autorius daug d\u0117mesio skiria ir \u0160altojo karo pabaigos nulemtiems poky\u010diams bei problemoms, tur\u0117jusioms ir tur\u0117sian\u010dioms didel\u0117s \u012ftakos tarptautin\u0117s teis\u0117s raidai. Vadov\u0117lis skiriamas teis\u0117s, politikos, ekonomikos moksl\u0173 studentams bei visiems besidomintiems tarptautine teise ir tarptautine politika.<\/p>\n","protected":false},"featured_media":20510,"comment_status":"open","ping_status":"closed","template":"","meta":{"_acf_changed":false,"site-sidebar-layout":"default","site-content-layout":"","ast-site-content-layout":"default","site-content-style":"default","site-sidebar-style":"default","ast-global-header-display":"","ast-banner-title-visibility":"","ast-main-header-display":"","ast-hfb-above-header-display":"","ast-hfb-below-header-display":"","ast-hfb-mobile-header-display":"","site-post-title":"","ast-breadcrumbs-content":"","ast-featured-img":"","footer-sml-layout":"","ast-disable-related-posts":"","theme-transparent-header-meta":"","adv-header-id-meta":"","stick-header-meta":"","header-above-stick-meta":"","header-main-stick-meta":"","header-below-stick-meta":"","astra-migrate-meta-layouts":"default","ast-page-background-enabled":"default","ast-page-background-meta":{"desktop":{"background-color":"","background-image":"","background-repeat":"repeat","background-position":"center center","background-size":"auto","background-attachment":"scroll","background-type":"","background-media":"","overlay-type":"","overlay-color":"","overlay-opacity":"","overlay-gradient":""},"tablet":{"background-color":"","background-image":"","background-repeat":"repeat","background-position":"center center","background-size":"auto","background-attachment":"scroll","background-type":"","background-media":"","overlay-type":"","overlay-color":"","overlay-opacity":"","overlay-gradient":""},"mobile":{"background-color":"","background-image":"","background-repeat":"repeat","background-position":"center center","background-size":"auto","background-attachment":"scroll","background-type":"","background-media":"","overlay-type":"","overlay-color":"","overlay-opacity":"","overlay-gradient":""}},"ast-content-background-meta":{"desktop":{"background-color":"var(--ast-global-color-4)","background-image":"","background-repeat":"repeat","background-position":"center center","background-size":"auto","background-attachment":"scroll","background-type":"","background-media":"","overlay-type":"","overlay-color":"","overlay-opacity":"","overlay-gradient":""},"tablet":{"background-color":"var(--ast-global-color-4)","background-image":"","background-repeat":"repeat","background-position":"center center","background-size":"auto","background-attachment":"scroll","background-type":"","background-media":"","overlay-type":"","overlay-color":"","overlay-opacity":"","overlay-gradient":""},"mobile":{"background-color":"var(--ast-global-color-4)","background-image":"","background-repeat":"repeat","background-position":"center center","background-size":"auto","background-attachment":"scroll","background-type":"","background-media":"","overlay-type":"","overlay-color":"","overlay-opacity":"","overlay-gradient":""}}},"product_brand":[],"product_cat":[436],"product_tag":[7820,7821,7823,7824,7822],"class_list":{"0":"post-20502","1":"product","2":"type-product","3":"status-publish","4":"has-post-thumbnail","6":"product_cat-teise","7":"product_tag-michael-akehurst","8":"product_tag-peter-malanczuk-tarptautine-teise","9":"product_tag-politikos-studijos","10":"product_tag-teises-istorija","11":"product_tag-teises-vadovelis","12":"desktop-align-left","13":"tablet-align-left","14":"mobile-align-left","16":"first","17":"instock","18":"shipping-taxable","19":"purchasable","20":"product-type-simple"},"acf":[],"yoast_head":"<!-- This site is optimized with the Yoast SEO plugin v27.0 - https:\/\/yoast.com\/product\/yoast-seo-wordpress\/ -->\n<title>\u0160iuolaikinis tarptautin\u0117s teis\u0117s \u012fvadas<\/title>\n<meta name=\"description\" content=\"\u0160is profesoriaus Michaelio Akehursto darbas nuo 1970 iki 1987 met\u0173 buvo publikuotas net 6 kartus. Per t\u0105 laik\u0105 jis tapo klasikiniu vadov\u0117liu, skirtu tiek\" \/>\n<meta name=\"robots\" content=\"index, follow, max-snippet:-1, max-image-preview:large, max-video-preview:-1\" \/>\n<link rel=\"canonical\" href=\"https:\/\/skaitytaknyga.lt\/en\/produktas\/siuolaikinis-tarptautines-teises-ivadas\/\" \/>\n<meta property=\"og:locale\" content=\"en_GB\" \/>\n<meta property=\"og:locale:alternate\" content=\"lt_LT\" \/>\n<meta property=\"og:type\" content=\"article\" \/>\n<meta property=\"og:title\" content=\"\u0160iuolaikinis tarptautin\u0117s teis\u0117s \u012fvadas\" \/>\n<meta property=\"og:description\" content=\"\u0160is profesoriaus Michaelio Akehursto darbas nuo 1970 iki 1987 met\u0173 buvo publikuotas net 6 kartus. Per t\u0105 laik\u0105 jis tapo klasikiniu vadov\u0117liu, skirtu tiek\" \/>\n<meta property=\"og:url\" content=\"https:\/\/skaitytaknyga.lt\/en\/produktas\/siuolaikinis-tarptautines-teises-ivadas\/\" \/>\n<meta property=\"og:site_name\" content=\"Skaitytaknyga\" \/>\n<meta property=\"article:publisher\" content=\"https:\/\/www.facebook.com\/skaitytaknyga\/\" \/>\n<meta property=\"article:modified_time\" content=\"2026-03-17T09:47:05+00:00\" \/>\n<meta property=\"og:image\" content=\"https:\/\/skaitytaknyga.lt\/wp-content\/uploads\/2025\/08\/Siuolaikinis-tarptautines-teises-ivadas-2.webp\" \/>\n\t<meta property=\"og:image:width\" content=\"300\" \/>\n\t<meta property=\"og:image:height\" content=\"420\" \/>\n\t<meta property=\"og:image:type\" content=\"image\/webp\" \/>\n<meta name=\"twitter:card\" content=\"summary_large_image\" \/>\n<meta name=\"twitter:label1\" content=\"Estimated reading time\" \/>\n\t<meta name=\"twitter:data1\" content=\"1 minute\" \/>\n<script type=\"application\/ld+json\" class=\"yoast-schema-graph\">{\"@context\":\"https:\/\/schema.org\",\"@graph\":[{\"@type\":\"WebPage\",\"@id\":\"https:\/\/skaitytaknyga.lt\/produktas\/siuolaikinis-tarptautines-teises-ivadas\/\",\"url\":\"https:\/\/skaitytaknyga.lt\/produktas\/siuolaikinis-tarptautines-teises-ivadas\/\",\"name\":\"\u0160iuolaikinis tarptautin\u0117s teis\u0117s \u012fvadas\",\"isPartOf\":{\"@id\":\"https:\/\/skaitytaknyga.lt\/#website\"},\"primaryImageOfPage\":{\"@id\":\"https:\/\/skaitytaknyga.lt\/produktas\/siuolaikinis-tarptautines-teises-ivadas\/#primaryimage\"},\"image\":{\"@id\":\"https:\/\/skaitytaknyga.lt\/produktas\/siuolaikinis-tarptautines-teises-ivadas\/#primaryimage\"},\"thumbnailUrl\":\"https:\/\/skaitytaknyga.lt\/wp-content\/uploads\/2025\/08\/Siuolaikinis-tarptautines-teises-ivadas-2.webp\",\"datePublished\":\"2025-08-27T11:54:38+00:00\",\"dateModified\":\"2026-03-17T09:47:05+00:00\",\"description\":\"\u0160is profesoriaus Michaelio Akehursto darbas nuo 1970 iki 1987 met\u0173 buvo publikuotas net 6 kartus. Per t\u0105 laik\u0105 jis tapo klasikiniu vadov\u0117liu, skirtu tiek\",\"breadcrumb\":{\"@id\":\"https:\/\/skaitytaknyga.lt\/produktas\/siuolaikinis-tarptautines-teises-ivadas\/#breadcrumb\"},\"inLanguage\":\"en-GB\",\"potentialAction\":[{\"@type\":\"ReadAction\",\"target\":[\"https:\/\/skaitytaknyga.lt\/produktas\/siuolaikinis-tarptautines-teises-ivadas\/\"]}]},{\"@type\":\"ImageObject\",\"inLanguage\":\"en-GB\",\"@id\":\"https:\/\/skaitytaknyga.lt\/produktas\/siuolaikinis-tarptautines-teises-ivadas\/#primaryimage\",\"url\":\"https:\/\/skaitytaknyga.lt\/wp-content\/uploads\/2025\/08\/Siuolaikinis-tarptautines-teises-ivadas-2.webp\",\"contentUrl\":\"https:\/\/skaitytaknyga.lt\/wp-content\/uploads\/2025\/08\/Siuolaikinis-tarptautines-teises-ivadas-2.webp\",\"width\":300,\"height\":420,\"caption\":\"\u0160iuolaikinis tarptautin\u0117s teis\u0117s \u012fvadas\"},{\"@type\":\"BreadcrumbList\",\"@id\":\"https:\/\/skaitytaknyga.lt\/produktas\/siuolaikinis-tarptautines-teises-ivadas\/#breadcrumb\",\"itemListElement\":[{\"@type\":\"ListItem\",\"position\":1,\"name\":\"Home\",\"item\":\"https:\/\/skaitytaknyga.lt\/\"},{\"@type\":\"ListItem\",\"position\":2,\"name\":\"Parduotuv\u0117\",\"item\":\"https:\/\/skaitytaknyga.lt\/knygu-parduotuve\/\"},{\"@type\":\"ListItem\",\"position\":3,\"name\":\"\u0160iuolaikinis tarptautin\u0117s teis\u0117s \u012fvadas\"}]},{\"@type\":\"WebSite\",\"@id\":\"https:\/\/skaitytaknyga.lt\/#website\",\"url\":\"https:\/\/skaitytaknyga.lt\/\",\"name\":\"skaitytaknyga.lt\",\"description\":\"Skaitytaknyga.lt \u2013 tai ma\u017eas \u0161eimos verslas, kuris prasid\u0117jo nuo meil\u0117s knygoms ir siekio i\u0161gelb\u0117ti knygas nuo likimo prie konteinerio. Kas vienam nereikalingas daiktas \u2013 kitam lobis, o mes esame tarpininkai, kurie padeda abiems tapti laimingesniems ???? \u017dinome kaip nelengva i\u0161gyventi ma\u017eiems verslams, tad nuo \u0161iol, \u010dia rasite ir kit\u0173, ma\u017e\u0173 \u0161eim\u0173 versl\u0173, rank\u0173 darbo, dovan\u0173 sau ir artimiesiems.\",\"publisher\":{\"@id\":\"https:\/\/skaitytaknyga.lt\/#organization\"},\"potentialAction\":[{\"@type\":\"SearchAction\",\"target\":{\"@type\":\"EntryPoint\",\"urlTemplate\":\"https:\/\/skaitytaknyga.lt\/?s={search_term_string}\"},\"query-input\":{\"@type\":\"PropertyValueSpecification\",\"valueRequired\":true,\"valueName\":\"search_term_string\"}}],\"inLanguage\":\"en-GB\"},{\"@type\":\"Organization\",\"@id\":\"https:\/\/skaitytaknyga.lt\/#organization\",\"name\":\"skaitytaknyga.lt\",\"url\":\"https:\/\/skaitytaknyga.lt\/\",\"logo\":{\"@type\":\"ImageObject\",\"inLanguage\":\"en-GB\",\"@id\":\"https:\/\/skaitytaknyga.lt\/#\/schema\/logo\/image\/\",\"url\":\"https:\/\/skaitytaknyga.lt\/wp-content\/uploads\/2024\/05\/cropped-cropped-cropped-02_00843_jt3bggkj1j3HLc7SyY6rEUpg.jpeg\",\"contentUrl\":\"https:\/\/skaitytaknyga.lt\/wp-content\/uploads\/2024\/05\/cropped-cropped-cropped-02_00843_jt3bggkj1j3HLc7SyY6rEUpg.jpeg\",\"width\":1600,\"height\":1600,\"caption\":\"skaitytaknyga.lt\"},\"image\":{\"@id\":\"https:\/\/skaitytaknyga.lt\/#\/schema\/logo\/image\/\"},\"sameAs\":[\"https:\/\/www.facebook.com\/skaitytaknyga\/\"]}]}<\/script>\n<!-- \/ Yoast SEO plugin. -->","yoast_head_json":{"title":"\u0160iuolaikinis tarptautin\u0117s teis\u0117s \u012fvadas","description":"\u0160is profesoriaus Michaelio Akehursto darbas nuo 1970 iki 1987 met\u0173 buvo publikuotas net 6 kartus. Per t\u0105 laik\u0105 jis tapo klasikiniu vadov\u0117liu, skirtu tiek","robots":{"index":"index","follow":"follow","max-snippet":"max-snippet:-1","max-image-preview":"max-image-preview:large","max-video-preview":"max-video-preview:-1"},"canonical":"https:\/\/skaitytaknyga.lt\/en\/produktas\/siuolaikinis-tarptautines-teises-ivadas\/","og_locale":"en_GB","og_type":"article","og_title":"[:lt]\u0160iuolaikinis tarptautin\u0117s teis\u0117s \u012fvadas[:] - Skaitytaknyga","og_description":"\u0160is profesoriaus Michaelio Akehursto darbas nuo 1970 iki 1987 met\u0173 buvo publikuotas net 6 kartus. Per t\u0105 laik\u0105 jis tapo klasikiniu vadov\u0117liu, skirtu tiek","og_url":"https:\/\/skaitytaknyga.lt\/en\/produktas\/siuolaikinis-tarptautines-teises-ivadas\/","og_site_name":"Skaitytaknyga","article_publisher":"https:\/\/www.facebook.com\/skaitytaknyga\/","article_modified_time":"2026-03-17T09:47:05+00:00","og_image":[{"width":300,"height":420,"url":"https:\/\/skaitytaknyga.lt\/wp-content\/uploads\/2025\/08\/Siuolaikinis-tarptautines-teises-ivadas-2.webp","type":"image\/webp"}],"twitter_card":"summary_large_image","twitter_misc":{"Estimated reading time":"1 minute"},"schema":{"@context":"https:\/\/schema.org","@graph":[{"@type":"WebPage","@id":"https:\/\/skaitytaknyga.lt\/produktas\/siuolaikinis-tarptautines-teises-ivadas\/","url":"https:\/\/skaitytaknyga.lt\/produktas\/siuolaikinis-tarptautines-teises-ivadas\/","name":"\u0160iuolaikinis tarptautin\u0117s teis\u0117s \u012fvadas","isPartOf":{"@id":"https:\/\/skaitytaknyga.lt\/#website"},"primaryImageOfPage":{"@id":"https:\/\/skaitytaknyga.lt\/produktas\/siuolaikinis-tarptautines-teises-ivadas\/#primaryimage"},"image":{"@id":"https:\/\/skaitytaknyga.lt\/produktas\/siuolaikinis-tarptautines-teises-ivadas\/#primaryimage"},"thumbnailUrl":"https:\/\/skaitytaknyga.lt\/wp-content\/uploads\/2025\/08\/Siuolaikinis-tarptautines-teises-ivadas-2.webp","datePublished":"2025-08-27T11:54:38+00:00","dateModified":"2026-03-17T09:47:05+00:00","description":"\u0160is profesoriaus Michaelio Akehursto darbas nuo 1970 iki 1987 met\u0173 buvo publikuotas net 6 kartus. Per t\u0105 laik\u0105 jis tapo klasikiniu vadov\u0117liu, skirtu tiek","breadcrumb":{"@id":"https:\/\/skaitytaknyga.lt\/produktas\/siuolaikinis-tarptautines-teises-ivadas\/#breadcrumb"},"inLanguage":"en-GB","potentialAction":[{"@type":"ReadAction","target":["https:\/\/skaitytaknyga.lt\/produktas\/siuolaikinis-tarptautines-teises-ivadas\/"]}]},{"@type":"ImageObject","inLanguage":"en-GB","@id":"https:\/\/skaitytaknyga.lt\/produktas\/siuolaikinis-tarptautines-teises-ivadas\/#primaryimage","url":"https:\/\/skaitytaknyga.lt\/wp-content\/uploads\/2025\/08\/Siuolaikinis-tarptautines-teises-ivadas-2.webp","contentUrl":"https:\/\/skaitytaknyga.lt\/wp-content\/uploads\/2025\/08\/Siuolaikinis-tarptautines-teises-ivadas-2.webp","width":300,"height":420,"caption":"\u0160iuolaikinis tarptautin\u0117s teis\u0117s \u012fvadas"},{"@type":"BreadcrumbList","@id":"https:\/\/skaitytaknyga.lt\/produktas\/siuolaikinis-tarptautines-teises-ivadas\/#breadcrumb","itemListElement":[{"@type":"ListItem","position":1,"name":"Home","item":"https:\/\/skaitytaknyga.lt\/"},{"@type":"ListItem","position":2,"name":"Parduotuv\u0117","item":"https:\/\/skaitytaknyga.lt\/knygu-parduotuve\/"},{"@type":"ListItem","position":3,"name":"\u0160iuolaikinis tarptautin\u0117s teis\u0117s \u012fvadas"}]},{"@type":"WebSite","@id":"https:\/\/skaitytaknyga.lt\/#website","url":"https:\/\/skaitytaknyga.lt\/","name":"skaitytaknyga.lt","description":"Skaitytaknyga.lt \u2013 tai ma\u017eas \u0161eimos verslas, kuris prasid\u0117jo nuo meil\u0117s knygoms ir siekio i\u0161gelb\u0117ti knygas nuo likimo prie konteinerio. Kas vienam nereikalingas daiktas \u2013 kitam lobis, o mes esame tarpininkai, kurie padeda abiems tapti laimingesniems ???? \u017dinome kaip nelengva i\u0161gyventi ma\u017eiems verslams, tad nuo \u0161iol, \u010dia rasite ir kit\u0173, ma\u017e\u0173 \u0161eim\u0173 versl\u0173, rank\u0173 darbo, dovan\u0173 sau ir artimiesiems.","publisher":{"@id":"https:\/\/skaitytaknyga.lt\/#organization"},"potentialAction":[{"@type":"SearchAction","target":{"@type":"EntryPoint","urlTemplate":"https:\/\/skaitytaknyga.lt\/?s={search_term_string}"},"query-input":{"@type":"PropertyValueSpecification","valueRequired":true,"valueName":"search_term_string"}}],"inLanguage":"en-GB"},{"@type":"Organization","@id":"https:\/\/skaitytaknyga.lt\/#organization","name":"skaitytaknyga.lt","url":"https:\/\/skaitytaknyga.lt\/","logo":{"@type":"ImageObject","inLanguage":"en-GB","@id":"https:\/\/skaitytaknyga.lt\/#\/schema\/logo\/image\/","url":"https:\/\/skaitytaknyga.lt\/wp-content\/uploads\/2024\/05\/cropped-cropped-cropped-02_00843_jt3bggkj1j3HLc7SyY6rEUpg.jpeg","contentUrl":"https:\/\/skaitytaknyga.lt\/wp-content\/uploads\/2024\/05\/cropped-cropped-cropped-02_00843_jt3bggkj1j3HLc7SyY6rEUpg.jpeg","width":1600,"height":1600,"caption":"skaitytaknyga.lt"},"image":{"@id":"https:\/\/skaitytaknyga.lt\/#\/schema\/logo\/image\/"},"sameAs":["https:\/\/www.facebook.com\/skaitytaknyga\/"]}]}},"_links":{"self":[{"href":"https:\/\/skaitytaknyga.lt\/en\/wp-json\/wp\/v2\/product\/20502","targetHints":{"allow":["GET"]}}],"collection":[{"href":"https:\/\/skaitytaknyga.lt\/en\/wp-json\/wp\/v2\/product"}],"about":[{"href":"https:\/\/skaitytaknyga.lt\/en\/wp-json\/wp\/v2\/types\/product"}],"replies":[{"embeddable":true,"href":"https:\/\/skaitytaknyga.lt\/en\/wp-json\/wp\/v2\/comments?post=20502"}],"wp:featuredmedia":[{"embeddable":true,"href":"https:\/\/skaitytaknyga.lt\/en\/wp-json\/wp\/v2\/media\/20510"}],"wp:attachment":[{"href":"https:\/\/skaitytaknyga.lt\/en\/wp-json\/wp\/v2\/media?parent=20502"}],"wp:term":[{"taxonomy":"product_brand","embeddable":true,"href":"https:\/\/skaitytaknyga.lt\/en\/wp-json\/wp\/v2\/product_brand?post=20502"},{"taxonomy":"product_cat","embeddable":true,"href":"https:\/\/skaitytaknyga.lt\/en\/wp-json\/wp\/v2\/product_cat?post=20502"},{"taxonomy":"product_tag","embeddable":true,"href":"https:\/\/skaitytaknyga.lt\/en\/wp-json\/wp\/v2\/product_tag?post=20502"}],"curies":[{"name":"wp","href":"https:\/\/api.w.org\/{rel}","templated":true}]}}