{"id":20492,"date":"2025-08-27T13:38:44","date_gmt":"2025-08-27T10:38:44","guid":{"rendered":"https:\/\/skaitytaknyga.lt\/?post_type=product&#038;p=20492"},"modified":"2025-09-27T18:57:38","modified_gmt":"2025-09-27T15:57:38","slug":"kelias-i-didinguma","status":"publish","type":"product","link":"https:\/\/skaitytaknyga.lt\/en\/produktas\/kelias-i-didinguma\/","title":{"rendered":"Kelias \u012f didingum\u0105"},"content":{"rendered":"<p>Visame pasaulyje populiarus saviugdos specialistas Robinas Sharma duoda savo skaitytojams 100 paprast\u0173, bet veiksming\u0173 patarim\u0173, kaip realizuoti savo \u017emogi\u0161k\u0105sias galimybes ir siekti asmeninio bei profesinio gyvenimo didingumo.<\/p>\n<p>Gyvenimo pabaigoje ma\u017eai kas i\u0161 m\u016bs\u0173 gail\u0117sis, kad nesutaup\u0117 daug pinig\u0173. Na, nepavyko \u2013 ir tiek to. O gail\u0117sim\u0117s, kad nesp\u0117jome aplankyti tiek nuostabi\u0173 viet\u0173, kad nebranginome draug\u0173, kad nedr\u012fsome rizikuoti, kad per ma\u017eai atidav\u0117me \u0161ilumos mylimiesiems&#8230;<\/p>\n<p>Ram\u016bs laikai nepadarys j\u016bs\u0173 geresni\u0173 \u2013 tapsite l\u0117ti, patenkinti savimi ir apsimiegoj\u0119. \u012eprotis ki\u016btoti saugioje zonoje ir slysti gyvenimu be joki\u0173 pastang\u0173 dar nieko nei\u0161k\u0117l\u0117 \u012f gyvenimo vir\u0161\u016bnes.<\/p>\n<p>Problemos \u2013 m\u016bs\u0173 tarnai. Ateidamos jos atsine\u0161a galimybes. Jos padeda mums augti, artina prie profesini\u0173 bei asmeninio gyvenimo tiksl\u0173. Kiekviena problema duoda galimyb\u0119 pagerinti esam\u0105 pad\u0117t\u012f. Kiekvienas i\u0161\u0161\u016bkis \u2013 tai vis\u0173 pirma \u0161ansas tobul\u0117ti. Vengti toki\u0173 i\u0161\u0161\u016bki\u0173 \u2013 vadinasi, vengti pa\u017eangos. Prie\u0161intis jiems \u2013 tai neigti didingum\u0105.<\/p>\n","protected":false},"excerpt":{"rendered":"<p>Visame pasaulyje populiarus saviugdos specialistas Robinas Sharma duoda savo skaitytojams 100 paprast\u0173, bet veiksming\u0173 patarim\u0173, kaip realizuoti savo \u017emogi\u0161k\u0105sias galimybes ir siekti asmeninio bei profesinio gyvenimo didingumo. Gyvenimo pabaigoje ma\u017eai kas i\u0161 m\u016bs\u0173 gail\u0117sis, kad nesutaup\u0117 daug pinig\u0173. Na, nepavyko \u2013 ir tiek to. O gail\u0117sim\u0117s, kad nesp\u0117jome aplankyti tiek nuostabi\u0173 viet\u0173, kad nebranginome draug\u0173, kad nedr\u012fsome rizikuoti, kad per ma\u017eai atidav\u0117me \u0161ilumos mylimiesiems&#8230; Ram\u016bs laikai nepadarys j\u016bs\u0173 geresni\u0173 \u2013 tapsite l\u0117ti, patenkinti savimi ir apsimiegoj\u0119. \u012eprotis ki\u016btoti saugioje zonoje ir slysti gyvenimu be joki\u0173 pastang\u0173 dar nieko nei\u0161k\u0117l\u0117 \u012f gyvenimo vir\u0161\u016bnes. Problemos \u2013 m\u016bs\u0173 tarnai. Ateidamos jos atsine\u0161a galimybes. Jos padeda mums augti, artina prie profesini\u0173 bei asmeninio gyvenimo tiksl\u0173. Kiekviena problema duoda galimyb\u0119 pagerinti esam\u0105 pad\u0117t\u012f. Kiekvienas i\u0161\u0161\u016bkis \u2013 tai vis\u0173 pirma \u0161ansas tobul\u0117ti. Vengti toki\u0173 i\u0161\u0161\u016bki\u0173 \u2013 vadinasi, vengti pa\u017eangos. Prie\u0161intis jiems \u2013 tai neigti didingum\u0105.<\/p>\n","protected":false},"featured_media":20497,"comment_status":"open","ping_status":"closed","template":"","meta":{"_acf_changed":false,"site-sidebar-layout":"default","site-content-layout":"","ast-site-content-layout":"default","site-content-style":"default","site-sidebar-style":"default","ast-global-header-display":"","ast-banner-title-visibility":"","ast-main-header-display":"","ast-hfb-above-header-display":"","ast-hfb-below-header-display":"","ast-hfb-mobile-header-display":"","site-post-title":"","ast-breadcrumbs-content":"","ast-featured-img":"","footer-sml-layout":"","ast-disable-related-posts":"","theme-transparent-header-meta":"","adv-header-id-meta":"","stick-header-meta":"","header-above-stick-meta":"","header-main-stick-meta":"","header-below-stick-meta":"","astra-migrate-meta-layouts":"default","ast-page-background-enabled":"default","ast-page-background-meta":{"desktop":{"background-color":"","background-image":"","background-repeat":"repeat","background-position":"center center","background-size":"auto","background-attachment":"scroll","background-type":"","background-media":"","overlay-type":"","overlay-color":"","overlay-opacity":"","overlay-gradient":""},"tablet":{"background-color":"","background-image":"","background-repeat":"repeat","background-position":"center center","background-size":"auto","background-attachment":"scroll","background-type":"","background-media":"","overlay-type":"","overlay-color":"","overlay-opacity":"","overlay-gradient":""},"mobile":{"background-color":"","background-image":"","background-repeat":"repeat","background-position":"center center","background-size":"auto","background-attachment":"scroll","background-type":"","background-media":"","overlay-type":"","overlay-color":"","overlay-opacity":"","overlay-gradient":""}},"ast-content-background-meta":{"desktop":{"background-color":"var(--ast-global-color-4)","background-image":"","background-repeat":"repeat","background-position":"center center","background-size":"auto","background-attachment":"scroll","background-type":"","background-media":"","overlay-type":"","overlay-color":"","overlay-opacity":"","overlay-gradient":""},"tablet":{"background-color":"var(--ast-global-color-4)","background-image":"","background-repeat":"repeat","background-position":"center center","background-size":"auto","background-attachment":"scroll","background-type":"","background-media":"","overlay-type":"","overlay-color":"","overlay-opacity":"","overlay-gradient":""},"mobile":{"background-color":"var(--ast-global-color-4)","background-image":"","background-repeat":"repeat","background-position":"center center","background-size":"auto","background-attachment":"scroll","background-type":"","background-media":"","overlay-type":"","overlay-color":"","overlay-opacity":"","overlay-gradient":""}}},"product_brand":[],"product_cat":[30],"product_tag":[1399,7813,7811,3432,7812],"class_list":{"0":"post-20492","1":"product","2":"type-product","3":"status-publish","4":"has-post-thumbnail","6":"product_cat-psichologija-ir-saviugda","7":"product_tag-asmeninis-tobulejimas","8":"product_tag-gyvenimo-didingumas","9":"product_tag-kelias-i-didinguma-saviugda","10":"product_tag-patarimai","11":"product_tag-profesinis-gyvenimas","12":"desktop-align-left","13":"tablet-align-left","14":"mobile-align-left","16":"first","17":"instock","18":"shipping-taxable","19":"purchasable","20":"product-type-simple"},"acf":[],"yoast_head":"<!-- This site is optimized with the Yoast SEO plugin v27.0 - https:\/\/yoast.com\/product\/yoast-seo-wordpress\/ -->\n<title>Kelias \u012f didingum\u0105<\/title>\n<meta name=\"description\" content=\"Visame pasaulyje populiarus saviugdos specialistas Robinas Sharma duoda savo skaitytojams 100 paprast\u0173, bet veiksming\u0173 patarim\u0173, kaip realizuoti savo\" \/>\n<meta name=\"robots\" content=\"index, follow, max-snippet:-1, max-image-preview:large, max-video-preview:-1\" \/>\n<link rel=\"canonical\" href=\"https:\/\/skaitytaknyga.lt\/en\/produktas\/kelias-i-didinguma\/\" \/>\n<meta property=\"og:locale\" content=\"en_GB\" \/>\n<meta property=\"og:locale:alternate\" content=\"lt_LT\" \/>\n<meta property=\"og:type\" content=\"article\" \/>\n<meta property=\"og:title\" content=\"Kelias \u012f didingum\u0105\" \/>\n<meta property=\"og:description\" content=\"Visame pasaulyje populiarus saviugdos specialistas Robinas Sharma duoda savo skaitytojams 100 paprast\u0173, bet veiksming\u0173 patarim\u0173, kaip realizuoti savo\" \/>\n<meta property=\"og:url\" content=\"https:\/\/skaitytaknyga.lt\/en\/produktas\/kelias-i-didinguma\/\" \/>\n<meta property=\"og:site_name\" content=\"Skaitytaknyga\" \/>\n<meta property=\"article:publisher\" content=\"https:\/\/www.facebook.com\/skaitytaknyga\/\" \/>\n<meta property=\"article:modified_time\" content=\"2025-09-27T15:57:38+00:00\" \/>\n<meta property=\"og:image\" content=\"https:\/\/skaitytaknyga.lt\/wp-content\/uploads\/2025\/08\/Kelias-i-didinguma-e1756295505683.webp\" \/>\n\t<meta property=\"og:image:width\" content=\"373\" \/>\n\t<meta property=\"og:image:height\" content=\"555\" \/>\n\t<meta property=\"og:image:type\" content=\"image\/webp\" \/>\n<meta name=\"twitter:card\" content=\"summary_large_image\" \/>\n<meta name=\"twitter:label1\" content=\"Estimated reading time\" \/>\n\t<meta name=\"twitter:data1\" content=\"1 minute\" \/>\n<script type=\"application\/ld+json\" class=\"yoast-schema-graph\">{\"@context\":\"https:\/\/schema.org\",\"@graph\":[{\"@type\":\"WebPage\",\"@id\":\"https:\/\/skaitytaknyga.lt\/produktas\/kelias-i-didinguma\/\",\"url\":\"https:\/\/skaitytaknyga.lt\/produktas\/kelias-i-didinguma\/\",\"name\":\"Kelias \u012f didingum\u0105\",\"isPartOf\":{\"@id\":\"https:\/\/skaitytaknyga.lt\/#website\"},\"primaryImageOfPage\":{\"@id\":\"https:\/\/skaitytaknyga.lt\/produktas\/kelias-i-didinguma\/#primaryimage\"},\"image\":{\"@id\":\"https:\/\/skaitytaknyga.lt\/produktas\/kelias-i-didinguma\/#primaryimage\"},\"thumbnailUrl\":\"https:\/\/skaitytaknyga.lt\/wp-content\/uploads\/2025\/08\/Kelias-i-didinguma-e1756295505683.webp\",\"datePublished\":\"2025-08-27T10:38:44+00:00\",\"dateModified\":\"2025-09-27T15:57:38+00:00\",\"description\":\"Visame pasaulyje populiarus saviugdos specialistas Robinas Sharma duoda savo skaitytojams 100 paprast\u0173, bet veiksming\u0173 patarim\u0173, kaip realizuoti savo\",\"breadcrumb\":{\"@id\":\"https:\/\/skaitytaknyga.lt\/produktas\/kelias-i-didinguma\/#breadcrumb\"},\"inLanguage\":\"en-GB\",\"potentialAction\":[{\"@type\":\"ReadAction\",\"target\":[\"https:\/\/skaitytaknyga.lt\/produktas\/kelias-i-didinguma\/\"]}]},{\"@type\":\"ImageObject\",\"inLanguage\":\"en-GB\",\"@id\":\"https:\/\/skaitytaknyga.lt\/produktas\/kelias-i-didinguma\/#primaryimage\",\"url\":\"https:\/\/skaitytaknyga.lt\/wp-content\/uploads\/2025\/08\/Kelias-i-didinguma-e1756295505683.webp\",\"contentUrl\":\"https:\/\/skaitytaknyga.lt\/wp-content\/uploads\/2025\/08\/Kelias-i-didinguma-e1756295505683.webp\",\"width\":373,\"height\":555,\"caption\":\"Kelias \u012f didingum\u0105\"},{\"@type\":\"BreadcrumbList\",\"@id\":\"https:\/\/skaitytaknyga.lt\/produktas\/kelias-i-didinguma\/#breadcrumb\",\"itemListElement\":[{\"@type\":\"ListItem\",\"position\":1,\"name\":\"Home\",\"item\":\"https:\/\/skaitytaknyga.lt\/\"},{\"@type\":\"ListItem\",\"position\":2,\"name\":\"Parduotuv\u0117\",\"item\":\"https:\/\/skaitytaknyga.lt\/knygu-parduotuve\/\"},{\"@type\":\"ListItem\",\"position\":3,\"name\":\"Kelias \u012f didingum\u0105\"}]},{\"@type\":\"WebSite\",\"@id\":\"https:\/\/skaitytaknyga.lt\/#website\",\"url\":\"https:\/\/skaitytaknyga.lt\/\",\"name\":\"skaitytaknyga.lt\",\"description\":\"Skaitytaknyga.lt \u2013 tai ma\u017eas \u0161eimos verslas, kuris prasid\u0117jo nuo meil\u0117s knygoms ir siekio i\u0161gelb\u0117ti knygas nuo likimo prie konteinerio. Kas vienam nereikalingas daiktas \u2013 kitam lobis, o mes esame tarpininkai, kurie padeda abiems tapti laimingesniems ???? \u017dinome kaip nelengva i\u0161gyventi ma\u017eiems verslams, tad nuo \u0161iol, \u010dia rasite ir kit\u0173, ma\u017e\u0173 \u0161eim\u0173 versl\u0173, rank\u0173 darbo, dovan\u0173 sau ir artimiesiems.\",\"publisher\":{\"@id\":\"https:\/\/skaitytaknyga.lt\/#organization\"},\"potentialAction\":[{\"@type\":\"SearchAction\",\"target\":{\"@type\":\"EntryPoint\",\"urlTemplate\":\"https:\/\/skaitytaknyga.lt\/?s={search_term_string}\"},\"query-input\":{\"@type\":\"PropertyValueSpecification\",\"valueRequired\":true,\"valueName\":\"search_term_string\"}}],\"inLanguage\":\"en-GB\"},{\"@type\":\"Organization\",\"@id\":\"https:\/\/skaitytaknyga.lt\/#organization\",\"name\":\"skaitytaknyga.lt\",\"url\":\"https:\/\/skaitytaknyga.lt\/\",\"logo\":{\"@type\":\"ImageObject\",\"inLanguage\":\"en-GB\",\"@id\":\"https:\/\/skaitytaknyga.lt\/#\/schema\/logo\/image\/\",\"url\":\"https:\/\/skaitytaknyga.lt\/wp-content\/uploads\/2024\/05\/cropped-cropped-cropped-02_00843_jt3bggkj1j3HLc7SyY6rEUpg.jpeg\",\"contentUrl\":\"https:\/\/skaitytaknyga.lt\/wp-content\/uploads\/2024\/05\/cropped-cropped-cropped-02_00843_jt3bggkj1j3HLc7SyY6rEUpg.jpeg\",\"width\":1600,\"height\":1600,\"caption\":\"skaitytaknyga.lt\"},\"image\":{\"@id\":\"https:\/\/skaitytaknyga.lt\/#\/schema\/logo\/image\/\"},\"sameAs\":[\"https:\/\/www.facebook.com\/skaitytaknyga\/\"]}]}<\/script>\n<!-- \/ Yoast SEO plugin. -->","yoast_head_json":{"title":"Kelias \u012f didingum\u0105","description":"Visame pasaulyje populiarus saviugdos specialistas Robinas Sharma duoda savo skaitytojams 100 paprast\u0173, bet veiksming\u0173 patarim\u0173, kaip realizuoti savo","robots":{"index":"index","follow":"follow","max-snippet":"max-snippet:-1","max-image-preview":"max-image-preview:large","max-video-preview":"max-video-preview:-1"},"canonical":"https:\/\/skaitytaknyga.lt\/en\/produktas\/kelias-i-didinguma\/","og_locale":"en_GB","og_type":"article","og_title":"[:lt]Kelias \u012f didingum\u0105[:] - Skaitytaknyga","og_description":"Visame pasaulyje populiarus saviugdos specialistas Robinas Sharma duoda savo skaitytojams 100 paprast\u0173, bet veiksming\u0173 patarim\u0173, kaip realizuoti savo","og_url":"https:\/\/skaitytaknyga.lt\/en\/produktas\/kelias-i-didinguma\/","og_site_name":"Skaitytaknyga","article_publisher":"https:\/\/www.facebook.com\/skaitytaknyga\/","article_modified_time":"2025-09-27T15:57:38+00:00","og_image":[{"width":373,"height":555,"url":"https:\/\/skaitytaknyga.lt\/wp-content\/uploads\/2025\/08\/Kelias-i-didinguma-e1756295505683.webp","type":"image\/webp"}],"twitter_card":"summary_large_image","twitter_misc":{"Estimated reading time":"1 minute"},"schema":{"@context":"https:\/\/schema.org","@graph":[{"@type":"WebPage","@id":"https:\/\/skaitytaknyga.lt\/produktas\/kelias-i-didinguma\/","url":"https:\/\/skaitytaknyga.lt\/produktas\/kelias-i-didinguma\/","name":"Kelias \u012f didingum\u0105","isPartOf":{"@id":"https:\/\/skaitytaknyga.lt\/#website"},"primaryImageOfPage":{"@id":"https:\/\/skaitytaknyga.lt\/produktas\/kelias-i-didinguma\/#primaryimage"},"image":{"@id":"https:\/\/skaitytaknyga.lt\/produktas\/kelias-i-didinguma\/#primaryimage"},"thumbnailUrl":"https:\/\/skaitytaknyga.lt\/wp-content\/uploads\/2025\/08\/Kelias-i-didinguma-e1756295505683.webp","datePublished":"2025-08-27T10:38:44+00:00","dateModified":"2025-09-27T15:57:38+00:00","description":"Visame pasaulyje populiarus saviugdos specialistas Robinas Sharma duoda savo skaitytojams 100 paprast\u0173, bet veiksming\u0173 patarim\u0173, kaip realizuoti savo","breadcrumb":{"@id":"https:\/\/skaitytaknyga.lt\/produktas\/kelias-i-didinguma\/#breadcrumb"},"inLanguage":"en-GB","potentialAction":[{"@type":"ReadAction","target":["https:\/\/skaitytaknyga.lt\/produktas\/kelias-i-didinguma\/"]}]},{"@type":"ImageObject","inLanguage":"en-GB","@id":"https:\/\/skaitytaknyga.lt\/produktas\/kelias-i-didinguma\/#primaryimage","url":"https:\/\/skaitytaknyga.lt\/wp-content\/uploads\/2025\/08\/Kelias-i-didinguma-e1756295505683.webp","contentUrl":"https:\/\/skaitytaknyga.lt\/wp-content\/uploads\/2025\/08\/Kelias-i-didinguma-e1756295505683.webp","width":373,"height":555,"caption":"Kelias \u012f didingum\u0105"},{"@type":"BreadcrumbList","@id":"https:\/\/skaitytaknyga.lt\/produktas\/kelias-i-didinguma\/#breadcrumb","itemListElement":[{"@type":"ListItem","position":1,"name":"Home","item":"https:\/\/skaitytaknyga.lt\/"},{"@type":"ListItem","position":2,"name":"Parduotuv\u0117","item":"https:\/\/skaitytaknyga.lt\/knygu-parduotuve\/"},{"@type":"ListItem","position":3,"name":"Kelias \u012f didingum\u0105"}]},{"@type":"WebSite","@id":"https:\/\/skaitytaknyga.lt\/#website","url":"https:\/\/skaitytaknyga.lt\/","name":"skaitytaknyga.lt","description":"Skaitytaknyga.lt \u2013 tai ma\u017eas \u0161eimos verslas, kuris prasid\u0117jo nuo meil\u0117s knygoms ir siekio i\u0161gelb\u0117ti knygas nuo likimo prie konteinerio. Kas vienam nereikalingas daiktas \u2013 kitam lobis, o mes esame tarpininkai, kurie padeda abiems tapti laimingesniems ???? \u017dinome kaip nelengva i\u0161gyventi ma\u017eiems verslams, tad nuo \u0161iol, \u010dia rasite ir kit\u0173, ma\u017e\u0173 \u0161eim\u0173 versl\u0173, rank\u0173 darbo, dovan\u0173 sau ir artimiesiems.","publisher":{"@id":"https:\/\/skaitytaknyga.lt\/#organization"},"potentialAction":[{"@type":"SearchAction","target":{"@type":"EntryPoint","urlTemplate":"https:\/\/skaitytaknyga.lt\/?s={search_term_string}"},"query-input":{"@type":"PropertyValueSpecification","valueRequired":true,"valueName":"search_term_string"}}],"inLanguage":"en-GB"},{"@type":"Organization","@id":"https:\/\/skaitytaknyga.lt\/#organization","name":"skaitytaknyga.lt","url":"https:\/\/skaitytaknyga.lt\/","logo":{"@type":"ImageObject","inLanguage":"en-GB","@id":"https:\/\/skaitytaknyga.lt\/#\/schema\/logo\/image\/","url":"https:\/\/skaitytaknyga.lt\/wp-content\/uploads\/2024\/05\/cropped-cropped-cropped-02_00843_jt3bggkj1j3HLc7SyY6rEUpg.jpeg","contentUrl":"https:\/\/skaitytaknyga.lt\/wp-content\/uploads\/2024\/05\/cropped-cropped-cropped-02_00843_jt3bggkj1j3HLc7SyY6rEUpg.jpeg","width":1600,"height":1600,"caption":"skaitytaknyga.lt"},"image":{"@id":"https:\/\/skaitytaknyga.lt\/#\/schema\/logo\/image\/"},"sameAs":["https:\/\/www.facebook.com\/skaitytaknyga\/"]}]}},"_links":{"self":[{"href":"https:\/\/skaitytaknyga.lt\/en\/wp-json\/wp\/v2\/product\/20492","targetHints":{"allow":["GET"]}}],"collection":[{"href":"https:\/\/skaitytaknyga.lt\/en\/wp-json\/wp\/v2\/product"}],"about":[{"href":"https:\/\/skaitytaknyga.lt\/en\/wp-json\/wp\/v2\/types\/product"}],"replies":[{"embeddable":true,"href":"https:\/\/skaitytaknyga.lt\/en\/wp-json\/wp\/v2\/comments?post=20492"}],"wp:featuredmedia":[{"embeddable":true,"href":"https:\/\/skaitytaknyga.lt\/en\/wp-json\/wp\/v2\/media\/20497"}],"wp:attachment":[{"href":"https:\/\/skaitytaknyga.lt\/en\/wp-json\/wp\/v2\/media?parent=20492"}],"wp:term":[{"taxonomy":"product_brand","embeddable":true,"href":"https:\/\/skaitytaknyga.lt\/en\/wp-json\/wp\/v2\/product_brand?post=20492"},{"taxonomy":"product_cat","embeddable":true,"href":"https:\/\/skaitytaknyga.lt\/en\/wp-json\/wp\/v2\/product_cat?post=20492"},{"taxonomy":"product_tag","embeddable":true,"href":"https:\/\/skaitytaknyga.lt\/en\/wp-json\/wp\/v2\/product_tag?post=20492"}],"curies":[{"name":"wp","href":"https:\/\/api.w.org\/{rel}","templated":true}]}}