{"id":20489,"date":"2025-08-27T13:38:44","date_gmt":"2025-08-27T10:38:44","guid":{"rendered":"https:\/\/skaitytaknyga.lt\/?post_type=product&#038;p=20489"},"modified":"2025-09-06T11:33:35","modified_gmt":"2025-09-06T08:33:35","slug":"portobelo-ragana","status":"publish","type":"product","link":"https:\/\/skaitytaknyga.lt\/en\/produktas\/portobelo-ragana\/","title":{"rendered":"Portobelo ragana"},"content":{"rendered":"<p>Pagrindin\u0117 Paulo Coelho romano \u201ePortobelo ragana\u201c heroj\u0117 &#8211; At\u0117n\u0117. Ji na\u0161lait\u0117, palikta \u010digon\u0117s mamos Transilvanijoje ir \u012ft\u0117vi\u0173 i\u0161ve\u017eta \u012f Beirut\u0105. Mergait\u0117 nuo ma\u017eum\u0117s  pajunta turinti nepaprast\u0173 sugeb\u0117jim\u0173. Paskatinta tik\u0117jimo ir aistros, nesuprantam\u0173 daugumai jos bendraam\u017ei\u0173, ji klaid\u017eioja po Europ\u0105 ir Viduriniuosius Rytus, siekdama b\u016bti priimta, ie\u0161kodama tikrojo savo gyvenimo kelio. At\u0117n\u0117 tampa \u0161i\u0173 laik\u0173 ragan\u0173 med\u017eiokl\u0117s objektu.<\/p>\n<p>Knygoje autorius surinko prisiminimus \u017emoni\u0173, pa\u017einojusi\u0173, ar bent maniusi\u0173, kad pa\u017e\u012fsta At\u0117n\u0119. \u0160ie pasakojimai romane sukuria nepaprast\u0105 Portobelo raganos portret\u0105.<\/p>\n","protected":false},"excerpt":{"rendered":"<p>Pagrindin\u0117 Paulo Coelho romano \u201ePortobelo ragana\u201c heroj\u0117 &#8211; At\u0117n\u0117. Ji na\u0161lait\u0117, palikta \u010digon\u0117s mamos Transilvanijoje ir \u012ft\u0117vi\u0173 i\u0161ve\u017eta \u012f Beirut\u0105. Mergait\u0117 nuo ma\u017eum\u0117s pajunta turinti nepaprast\u0173 sugeb\u0117jim\u0173. Paskatinta tik\u0117jimo ir aistros, nesuprantam\u0173 daugumai jos bendraam\u017ei\u0173, ji klaid\u017eioja po Europ\u0105 ir Viduriniuosius Rytus, siekdama b\u016bti priimta, ie\u0161kodama tikrojo savo gyvenimo kelio. At\u0117n\u0117 tampa \u0161i\u0173 laik\u0173 ragan\u0173 med\u017eiokl\u0117s objektu. Knygoje autorius surinko prisiminimus \u017emoni\u0173, pa\u017einojusi\u0173, ar bent maniusi\u0173, kad pa\u017e\u012fsta At\u0117n\u0119. \u0160ie pasakojimai romane sukuria nepaprast\u0105 Portobelo raganos portret\u0105.<\/p>\n","protected":false},"featured_media":20494,"comment_status":"open","ping_status":"closed","template":"","meta":{"_acf_changed":false,"site-sidebar-layout":"default","site-content-layout":"","ast-site-content-layout":"default","site-content-style":"default","site-sidebar-style":"default","ast-global-header-display":"","ast-banner-title-visibility":"","ast-main-header-display":"","ast-hfb-above-header-display":"","ast-hfb-below-header-display":"","ast-hfb-mobile-header-display":"","site-post-title":"","ast-breadcrumbs-content":"","ast-featured-img":"","footer-sml-layout":"","ast-disable-related-posts":"","theme-transparent-header-meta":"","adv-header-id-meta":"","stick-header-meta":"","header-above-stick-meta":"","header-main-stick-meta":"","header-below-stick-meta":"","astra-migrate-meta-layouts":"default","ast-page-background-enabled":"default","ast-page-background-meta":{"desktop":{"background-color":"","background-image":"","background-repeat":"repeat","background-position":"center center","background-size":"auto","background-attachment":"scroll","background-type":"","background-media":"","overlay-type":"","overlay-color":"","overlay-opacity":"","overlay-gradient":""},"tablet":{"background-color":"","background-image":"","background-repeat":"repeat","background-position":"center center","background-size":"auto","background-attachment":"scroll","background-type":"","background-media":"","overlay-type":"","overlay-color":"","overlay-opacity":"","overlay-gradient":""},"mobile":{"background-color":"","background-image":"","background-repeat":"repeat","background-position":"center center","background-size":"auto","background-attachment":"scroll","background-type":"","background-media":"","overlay-type":"","overlay-color":"","overlay-opacity":"","overlay-gradient":""}},"ast-content-background-meta":{"desktop":{"background-color":"var(--ast-global-color-4)","background-image":"","background-repeat":"repeat","background-position":"center center","background-size":"auto","background-attachment":"scroll","background-type":"","background-media":"","overlay-type":"","overlay-color":"","overlay-opacity":"","overlay-gradient":""},"tablet":{"background-color":"var(--ast-global-color-4)","background-image":"","background-repeat":"repeat","background-position":"center center","background-size":"auto","background-attachment":"scroll","background-type":"","background-media":"","overlay-type":"","overlay-color":"","overlay-opacity":"","overlay-gradient":""},"mobile":{"background-color":"var(--ast-global-color-4)","background-image":"","background-repeat":"repeat","background-position":"center center","background-size":"auto","background-attachment":"scroll","background-type":"","background-media":"","overlay-type":"","overlay-color":"","overlay-opacity":"","overlay-gradient":""}}},"product_brand":[],"product_cat":[31],"product_tag":[3261,1755,7804,7805,1745],"class_list":{"0":"post-20489","1":"product","2":"type-product","3":"status-publish","4":"has-post-thumbnail","6":"product_cat-grozine-literatura","7":"product_tag-gyvenimo-kelias","8":"product_tag-magija","9":"product_tag-paulo-coelho-literatura","10":"product_tag-portobelo-ragana","11":"product_tag-romanas","12":"desktop-align-left","13":"tablet-align-left","14":"mobile-align-left","16":"first","17":"instock","18":"shipping-taxable","19":"purchasable","20":"product-type-simple"},"acf":[],"yoast_head":"<!-- This site is optimized with the Yoast SEO plugin v27.0 - https:\/\/yoast.com\/product\/yoast-seo-wordpress\/ -->\n<title>Portobelo ragana<\/title>\n<meta name=\"description\" content=\"Pagrindin\u0117 Paulo Coelho romano \u201ePortobelo ragana\u201c heroj\u0117 - At\u0117n\u0117. Ji na\u0161lait\u0117, palikta \u010digon\u0117s mamos Transilvanijoje ir \u012ft\u0117vi\u0173 i\u0161ve\u017eta \u012f Beirut\u0105. Mergait\u0117\" \/>\n<meta name=\"robots\" content=\"index, follow, max-snippet:-1, max-image-preview:large, max-video-preview:-1\" \/>\n<link rel=\"canonical\" href=\"https:\/\/skaitytaknyga.lt\/en\/produktas\/portobelo-ragana\/\" \/>\n<meta property=\"og:locale\" content=\"en_GB\" \/>\n<meta property=\"og:locale:alternate\" content=\"lt_LT\" \/>\n<meta property=\"og:type\" content=\"article\" \/>\n<meta property=\"og:title\" content=\"Portobelo ragana\" \/>\n<meta property=\"og:description\" content=\"Pagrindin\u0117 Paulo Coelho romano \u201ePortobelo ragana\u201c heroj\u0117 - At\u0117n\u0117. Ji na\u0161lait\u0117, palikta \u010digon\u0117s mamos Transilvanijoje ir \u012ft\u0117vi\u0173 i\u0161ve\u017eta \u012f Beirut\u0105. Mergait\u0117\" \/>\n<meta property=\"og:url\" content=\"https:\/\/skaitytaknyga.lt\/en\/produktas\/portobelo-ragana\/\" \/>\n<meta property=\"og:site_name\" content=\"Skaitytaknyga\" \/>\n<meta property=\"article:publisher\" content=\"https:\/\/www.facebook.com\/skaitytaknyga\/\" \/>\n<meta property=\"article:modified_time\" content=\"2025-09-06T08:33:35+00:00\" \/>\n<meta property=\"og:image\" content=\"https:\/\/skaitytaknyga.lt\/wp-content\/uploads\/2025\/08\/Portobelo-ragana-1-e1756295183921.webp\" \/>\n\t<meta property=\"og:image:width\" content=\"429\" \/>\n\t<meta property=\"og:image:height\" content=\"661\" \/>\n\t<meta property=\"og:image:type\" content=\"image\/webp\" \/>\n<meta name=\"twitter:card\" content=\"summary_large_image\" \/>\n<script type=\"application\/ld+json\" class=\"yoast-schema-graph\">{\"@context\":\"https:\/\/schema.org\",\"@graph\":[{\"@type\":\"WebPage\",\"@id\":\"https:\/\/skaitytaknyga.lt\/produktas\/portobelo-ragana\/\",\"url\":\"https:\/\/skaitytaknyga.lt\/produktas\/portobelo-ragana\/\",\"name\":\"Portobelo ragana\",\"isPartOf\":{\"@id\":\"https:\/\/skaitytaknyga.lt\/#website\"},\"primaryImageOfPage\":{\"@id\":\"https:\/\/skaitytaknyga.lt\/produktas\/portobelo-ragana\/#primaryimage\"},\"image\":{\"@id\":\"https:\/\/skaitytaknyga.lt\/produktas\/portobelo-ragana\/#primaryimage\"},\"thumbnailUrl\":\"https:\/\/skaitytaknyga.lt\/wp-content\/uploads\/2025\/08\/Portobelo-ragana-1-e1756295183921.webp\",\"datePublished\":\"2025-08-27T10:38:44+00:00\",\"dateModified\":\"2025-09-06T08:33:35+00:00\",\"description\":\"Pagrindin\u0117 Paulo Coelho romano \u201ePortobelo ragana\u201c heroj\u0117 - At\u0117n\u0117. Ji na\u0161lait\u0117, palikta \u010digon\u0117s mamos Transilvanijoje ir \u012ft\u0117vi\u0173 i\u0161ve\u017eta \u012f Beirut\u0105. Mergait\u0117\",\"breadcrumb\":{\"@id\":\"https:\/\/skaitytaknyga.lt\/produktas\/portobelo-ragana\/#breadcrumb\"},\"inLanguage\":\"en-GB\",\"potentialAction\":[{\"@type\":\"ReadAction\",\"target\":[\"https:\/\/skaitytaknyga.lt\/produktas\/portobelo-ragana\/\"]}]},{\"@type\":\"ImageObject\",\"inLanguage\":\"en-GB\",\"@id\":\"https:\/\/skaitytaknyga.lt\/produktas\/portobelo-ragana\/#primaryimage\",\"url\":\"https:\/\/skaitytaknyga.lt\/wp-content\/uploads\/2025\/08\/Portobelo-ragana-1-e1756295183921.webp\",\"contentUrl\":\"https:\/\/skaitytaknyga.lt\/wp-content\/uploads\/2025\/08\/Portobelo-ragana-1-e1756295183921.webp\",\"width\":429,\"height\":661},{\"@type\":\"BreadcrumbList\",\"@id\":\"https:\/\/skaitytaknyga.lt\/produktas\/portobelo-ragana\/#breadcrumb\",\"itemListElement\":[{\"@type\":\"ListItem\",\"position\":1,\"name\":\"Home\",\"item\":\"https:\/\/skaitytaknyga.lt\/\"},{\"@type\":\"ListItem\",\"position\":2,\"name\":\"Parduotuv\u0117\",\"item\":\"https:\/\/skaitytaknyga.lt\/knygu-parduotuve\/\"},{\"@type\":\"ListItem\",\"position\":3,\"name\":\"Portobelo ragana\"}]},{\"@type\":\"WebSite\",\"@id\":\"https:\/\/skaitytaknyga.lt\/#website\",\"url\":\"https:\/\/skaitytaknyga.lt\/\",\"name\":\"skaitytaknyga.lt\",\"description\":\"Skaitytaknyga.lt \u2013 tai ma\u017eas \u0161eimos verslas, kuris prasid\u0117jo nuo meil\u0117s knygoms ir siekio i\u0161gelb\u0117ti knygas nuo likimo prie konteinerio. Kas vienam nereikalingas daiktas \u2013 kitam lobis, o mes esame tarpininkai, kurie padeda abiems tapti laimingesniems ???? \u017dinome kaip nelengva i\u0161gyventi ma\u017eiems verslams, tad nuo \u0161iol, \u010dia rasite ir kit\u0173, ma\u017e\u0173 \u0161eim\u0173 versl\u0173, rank\u0173 darbo, dovan\u0173 sau ir artimiesiems.\",\"publisher\":{\"@id\":\"https:\/\/skaitytaknyga.lt\/#organization\"},\"potentialAction\":[{\"@type\":\"SearchAction\",\"target\":{\"@type\":\"EntryPoint\",\"urlTemplate\":\"https:\/\/skaitytaknyga.lt\/?s={search_term_string}\"},\"query-input\":{\"@type\":\"PropertyValueSpecification\",\"valueRequired\":true,\"valueName\":\"search_term_string\"}}],\"inLanguage\":\"en-GB\"},{\"@type\":\"Organization\",\"@id\":\"https:\/\/skaitytaknyga.lt\/#organization\",\"name\":\"skaitytaknyga.lt\",\"url\":\"https:\/\/skaitytaknyga.lt\/\",\"logo\":{\"@type\":\"ImageObject\",\"inLanguage\":\"en-GB\",\"@id\":\"https:\/\/skaitytaknyga.lt\/#\/schema\/logo\/image\/\",\"url\":\"https:\/\/skaitytaknyga.lt\/wp-content\/uploads\/2024\/05\/cropped-cropped-cropped-02_00843_jt3bggkj1j3HLc7SyY6rEUpg.jpeg\",\"contentUrl\":\"https:\/\/skaitytaknyga.lt\/wp-content\/uploads\/2024\/05\/cropped-cropped-cropped-02_00843_jt3bggkj1j3HLc7SyY6rEUpg.jpeg\",\"width\":1600,\"height\":1600,\"caption\":\"skaitytaknyga.lt\"},\"image\":{\"@id\":\"https:\/\/skaitytaknyga.lt\/#\/schema\/logo\/image\/\"},\"sameAs\":[\"https:\/\/www.facebook.com\/skaitytaknyga\/\"]}]}<\/script>\n<!-- \/ Yoast SEO plugin. -->","yoast_head_json":{"title":"Portobelo ragana","description":"Pagrindin\u0117 Paulo Coelho romano \u201ePortobelo ragana\u201c heroj\u0117 - At\u0117n\u0117. Ji na\u0161lait\u0117, palikta \u010digon\u0117s mamos Transilvanijoje ir \u012ft\u0117vi\u0173 i\u0161ve\u017eta \u012f Beirut\u0105. Mergait\u0117","robots":{"index":"index","follow":"follow","max-snippet":"max-snippet:-1","max-image-preview":"max-image-preview:large","max-video-preview":"max-video-preview:-1"},"canonical":"https:\/\/skaitytaknyga.lt\/en\/produktas\/portobelo-ragana\/","og_locale":"en_GB","og_type":"article","og_title":"[:lt]Portobelo ragana[:] - Skaitytaknyga","og_description":"Pagrindin\u0117 Paulo Coelho romano \u201ePortobelo ragana\u201c heroj\u0117 - At\u0117n\u0117. Ji na\u0161lait\u0117, palikta \u010digon\u0117s mamos Transilvanijoje ir \u012ft\u0117vi\u0173 i\u0161ve\u017eta \u012f Beirut\u0105. Mergait\u0117","og_url":"https:\/\/skaitytaknyga.lt\/en\/produktas\/portobelo-ragana\/","og_site_name":"Skaitytaknyga","article_publisher":"https:\/\/www.facebook.com\/skaitytaknyga\/","article_modified_time":"2025-09-06T08:33:35+00:00","og_image":[{"width":429,"height":661,"url":"https:\/\/skaitytaknyga.lt\/wp-content\/uploads\/2025\/08\/Portobelo-ragana-1-e1756295183921.webp","type":"image\/webp"}],"twitter_card":"summary_large_image","schema":{"@context":"https:\/\/schema.org","@graph":[{"@type":"WebPage","@id":"https:\/\/skaitytaknyga.lt\/produktas\/portobelo-ragana\/","url":"https:\/\/skaitytaknyga.lt\/produktas\/portobelo-ragana\/","name":"Portobelo ragana","isPartOf":{"@id":"https:\/\/skaitytaknyga.lt\/#website"},"primaryImageOfPage":{"@id":"https:\/\/skaitytaknyga.lt\/produktas\/portobelo-ragana\/#primaryimage"},"image":{"@id":"https:\/\/skaitytaknyga.lt\/produktas\/portobelo-ragana\/#primaryimage"},"thumbnailUrl":"https:\/\/skaitytaknyga.lt\/wp-content\/uploads\/2025\/08\/Portobelo-ragana-1-e1756295183921.webp","datePublished":"2025-08-27T10:38:44+00:00","dateModified":"2025-09-06T08:33:35+00:00","description":"Pagrindin\u0117 Paulo Coelho romano \u201ePortobelo ragana\u201c heroj\u0117 - At\u0117n\u0117. Ji na\u0161lait\u0117, palikta \u010digon\u0117s mamos Transilvanijoje ir \u012ft\u0117vi\u0173 i\u0161ve\u017eta \u012f Beirut\u0105. Mergait\u0117","breadcrumb":{"@id":"https:\/\/skaitytaknyga.lt\/produktas\/portobelo-ragana\/#breadcrumb"},"inLanguage":"en-GB","potentialAction":[{"@type":"ReadAction","target":["https:\/\/skaitytaknyga.lt\/produktas\/portobelo-ragana\/"]}]},{"@type":"ImageObject","inLanguage":"en-GB","@id":"https:\/\/skaitytaknyga.lt\/produktas\/portobelo-ragana\/#primaryimage","url":"https:\/\/skaitytaknyga.lt\/wp-content\/uploads\/2025\/08\/Portobelo-ragana-1-e1756295183921.webp","contentUrl":"https:\/\/skaitytaknyga.lt\/wp-content\/uploads\/2025\/08\/Portobelo-ragana-1-e1756295183921.webp","width":429,"height":661},{"@type":"BreadcrumbList","@id":"https:\/\/skaitytaknyga.lt\/produktas\/portobelo-ragana\/#breadcrumb","itemListElement":[{"@type":"ListItem","position":1,"name":"Home","item":"https:\/\/skaitytaknyga.lt\/"},{"@type":"ListItem","position":2,"name":"Parduotuv\u0117","item":"https:\/\/skaitytaknyga.lt\/knygu-parduotuve\/"},{"@type":"ListItem","position":3,"name":"Portobelo ragana"}]},{"@type":"WebSite","@id":"https:\/\/skaitytaknyga.lt\/#website","url":"https:\/\/skaitytaknyga.lt\/","name":"skaitytaknyga.lt","description":"Skaitytaknyga.lt \u2013 tai ma\u017eas \u0161eimos verslas, kuris prasid\u0117jo nuo meil\u0117s knygoms ir siekio i\u0161gelb\u0117ti knygas nuo likimo prie konteinerio. Kas vienam nereikalingas daiktas \u2013 kitam lobis, o mes esame tarpininkai, kurie padeda abiems tapti laimingesniems ???? \u017dinome kaip nelengva i\u0161gyventi ma\u017eiems verslams, tad nuo \u0161iol, \u010dia rasite ir kit\u0173, ma\u017e\u0173 \u0161eim\u0173 versl\u0173, rank\u0173 darbo, dovan\u0173 sau ir artimiesiems.","publisher":{"@id":"https:\/\/skaitytaknyga.lt\/#organization"},"potentialAction":[{"@type":"SearchAction","target":{"@type":"EntryPoint","urlTemplate":"https:\/\/skaitytaknyga.lt\/?s={search_term_string}"},"query-input":{"@type":"PropertyValueSpecification","valueRequired":true,"valueName":"search_term_string"}}],"inLanguage":"en-GB"},{"@type":"Organization","@id":"https:\/\/skaitytaknyga.lt\/#organization","name":"skaitytaknyga.lt","url":"https:\/\/skaitytaknyga.lt\/","logo":{"@type":"ImageObject","inLanguage":"en-GB","@id":"https:\/\/skaitytaknyga.lt\/#\/schema\/logo\/image\/","url":"https:\/\/skaitytaknyga.lt\/wp-content\/uploads\/2024\/05\/cropped-cropped-cropped-02_00843_jt3bggkj1j3HLc7SyY6rEUpg.jpeg","contentUrl":"https:\/\/skaitytaknyga.lt\/wp-content\/uploads\/2024\/05\/cropped-cropped-cropped-02_00843_jt3bggkj1j3HLc7SyY6rEUpg.jpeg","width":1600,"height":1600,"caption":"skaitytaknyga.lt"},"image":{"@id":"https:\/\/skaitytaknyga.lt\/#\/schema\/logo\/image\/"},"sameAs":["https:\/\/www.facebook.com\/skaitytaknyga\/"]}]}},"_links":{"self":[{"href":"https:\/\/skaitytaknyga.lt\/en\/wp-json\/wp\/v2\/product\/20489","targetHints":{"allow":["GET"]}}],"collection":[{"href":"https:\/\/skaitytaknyga.lt\/en\/wp-json\/wp\/v2\/product"}],"about":[{"href":"https:\/\/skaitytaknyga.lt\/en\/wp-json\/wp\/v2\/types\/product"}],"replies":[{"embeddable":true,"href":"https:\/\/skaitytaknyga.lt\/en\/wp-json\/wp\/v2\/comments?post=20489"}],"wp:featuredmedia":[{"embeddable":true,"href":"https:\/\/skaitytaknyga.lt\/en\/wp-json\/wp\/v2\/media\/20494"}],"wp:attachment":[{"href":"https:\/\/skaitytaknyga.lt\/en\/wp-json\/wp\/v2\/media?parent=20489"}],"wp:term":[{"taxonomy":"product_brand","embeddable":true,"href":"https:\/\/skaitytaknyga.lt\/en\/wp-json\/wp\/v2\/product_brand?post=20489"},{"taxonomy":"product_cat","embeddable":true,"href":"https:\/\/skaitytaknyga.lt\/en\/wp-json\/wp\/v2\/product_cat?post=20489"},{"taxonomy":"product_tag","embeddable":true,"href":"https:\/\/skaitytaknyga.lt\/en\/wp-json\/wp\/v2\/product_tag?post=20489"}],"curies":[{"name":"wp","href":"https:\/\/api.w.org\/{rel}","templated":true}]}}