{"id":20470,"date":"2025-08-27T11:47:34","date_gmt":"2025-08-27T08:47:34","guid":{"rendered":"https:\/\/skaitytaknyga.lt\/?post_type=product&#038;p=20470"},"modified":"2025-09-06T11:44:46","modified_gmt":"2025-09-06T08:44:46","slug":"rastai-gnoseologija","status":"publish","type":"product","link":"https:\/\/skaitytaknyga.lt\/en\/produktas\/rastai-gnoseologija\/","title":{"rendered":"Ra\u0161tai. Gnoseologija"},"content":{"rendered":"<p>Knygoje publikuojamai trys filosofo Vosyliaus Sezemano (1864\u20131963) veikalai.<\/p>\n<p>\u201ePa\u017einimo problemoje\u201c daug d\u0117mesio skiriama sunkiai nusakomiems ir apibr\u0117\u017eiamiems s\u0105mon\u0117s psichologin\u0117s analiz\u0117s niuansams.<\/p>\n<p>\u201eGnoseologijoje\u201c pateikiama kritin\u0117 nauj\u0173j\u0173 am\u017ei\u0173 ir dabartin\u0117s gnoseologijos kryp\u010di\u0173 ir koncepcij\u0173 analiz\u0117, i\u0161ry\u0161kinamos j\u0173 ypatyb\u0117s.<\/p>\n<p>Straipsnyje \u201eM\u016bs\u0173 laik\u0173 gnoseologijai naujai orientuojantis\u201c glaustai reziumuojami svarbiausi ankstesni\u0173 tyrin\u0117jim\u0173 rezultatai, apibr\u0117\u017eiama gnoseologijos vieta tarp kit\u0173 filosofijos problem\u0173, nusakomas po\u017ei\u016bris \u012f moderni\u0105sias gnoseologijos pakraipas.<\/p>\n","protected":false},"excerpt":{"rendered":"<p>Knygoje publikuojamai trys filosofo Vosyliaus Sezemano (1864\u20131963) veikalai. \u201ePa\u017einimo problemoje\u201c daug d\u0117mesio skiriama sunkiai nusakomiems ir apibr\u0117\u017eiamiems s\u0105mon\u0117s psichologin\u0117s analiz\u0117s niuansams. \u201eGnoseologijoje\u201c pateikiama kritin\u0117 nauj\u0173j\u0173 am\u017ei\u0173 ir dabartin\u0117s gnoseologijos kryp\u010di\u0173 ir koncepcij\u0173 analiz\u0117, i\u0161ry\u0161kinamos j\u0173 ypatyb\u0117s. Straipsnyje \u201eM\u016bs\u0173 laik\u0173 gnoseologijai naujai orientuojantis\u201c glaustai reziumuojami svarbiausi ankstesni\u0173 tyrin\u0117jim\u0173 rezultatai, apibr\u0117\u017eiama gnoseologijos vieta tarp kit\u0173 filosofijos problem\u0173, nusakomas po\u017ei\u016bris \u012f moderni\u0105sias gnoseologijos pakraipas.<\/p>\n","protected":false},"featured_media":20475,"comment_status":"open","ping_status":"closed","template":"","meta":{"_acf_changed":false,"site-sidebar-layout":"default","site-content-layout":"","ast-site-content-layout":"default","site-content-style":"default","site-sidebar-style":"default","ast-global-header-display":"","ast-banner-title-visibility":"","ast-main-header-display":"","ast-hfb-above-header-display":"","ast-hfb-below-header-display":"","ast-hfb-mobile-header-display":"","site-post-title":"","ast-breadcrumbs-content":"","ast-featured-img":"","footer-sml-layout":"","ast-disable-related-posts":"","theme-transparent-header-meta":"","adv-header-id-meta":"","stick-header-meta":"","header-above-stick-meta":"","header-main-stick-meta":"","header-below-stick-meta":"","astra-migrate-meta-layouts":"default","ast-page-background-enabled":"default","ast-page-background-meta":{"desktop":{"background-color":"","background-image":"","background-repeat":"repeat","background-position":"center center","background-size":"auto","background-attachment":"scroll","background-type":"","background-media":"","overlay-type":"","overlay-color":"","overlay-opacity":"","overlay-gradient":""},"tablet":{"background-color":"","background-image":"","background-repeat":"repeat","background-position":"center center","background-size":"auto","background-attachment":"scroll","background-type":"","background-media":"","overlay-type":"","overlay-color":"","overlay-opacity":"","overlay-gradient":""},"mobile":{"background-color":"","background-image":"","background-repeat":"repeat","background-position":"center center","background-size":"auto","background-attachment":"scroll","background-type":"","background-media":"","overlay-type":"","overlay-color":"","overlay-opacity":"","overlay-gradient":""}},"ast-content-background-meta":{"desktop":{"background-color":"var(--ast-global-color-4)","background-image":"","background-repeat":"repeat","background-position":"center center","background-size":"auto","background-attachment":"scroll","background-type":"","background-media":"","overlay-type":"","overlay-color":"","overlay-opacity":"","overlay-gradient":""},"tablet":{"background-color":"var(--ast-global-color-4)","background-image":"","background-repeat":"repeat","background-position":"center center","background-size":"auto","background-attachment":"scroll","background-type":"","background-media":"","overlay-type":"","overlay-color":"","overlay-opacity":"","overlay-gradient":""},"mobile":{"background-color":"var(--ast-global-color-4)","background-image":"","background-repeat":"repeat","background-position":"center center","background-size":"auto","background-attachment":"scroll","background-type":"","background-media":"","overlay-type":"","overlay-color":"","overlay-opacity":"","overlay-gradient":""}}},"product_brand":[],"product_cat":[15],"product_tag":[7841,7842,4427,2834,7840],"class_list":{"0":"post-20470","1":"product","2":"type-product","3":"status-publish","4":"has-post-thumbnail","6":"product_cat-uncategorized","7":"product_tag-gnoseologija","8":"product_tag-kritine-analize","9":"product_tag-pazinimas","10":"product_tag-samone","11":"product_tag-vosylius-sezemanas-filosofija","12":"desktop-align-left","13":"tablet-align-left","14":"mobile-align-left","16":"first","17":"instock","18":"shipping-taxable","19":"purchasable","20":"product-type-simple"},"acf":[],"yoast_head":"<!-- This site is optimized with the Yoast SEO plugin v27.0 - https:\/\/yoast.com\/product\/yoast-seo-wordpress\/ -->\n<title>Ra\u0161tai. Gnoseologija<\/title>\n<meta name=\"description\" content=\"Knygoje publikuojamai trys filosofo Vosyliaus Sezemano (1864\u20131963) veikalai. \u201ePa\u017einimo problemoje\u201c daug d\u0117mesio skiriama sunkiai nusakomiems ir\" \/>\n<meta name=\"robots\" content=\"index, follow, max-snippet:-1, max-image-preview:large, max-video-preview:-1\" \/>\n<link rel=\"canonical\" href=\"https:\/\/skaitytaknyga.lt\/en\/produktas\/rastai-gnoseologija\/\" \/>\n<meta property=\"og:locale\" content=\"en_GB\" \/>\n<meta property=\"og:locale:alternate\" content=\"lt_LT\" \/>\n<meta property=\"og:type\" content=\"article\" \/>\n<meta property=\"og:title\" content=\"Ra\u0161tai. Gnoseologija\" \/>\n<meta property=\"og:description\" content=\"Knygoje publikuojamai trys filosofo Vosyliaus Sezemano (1864\u20131963) veikalai. \u201ePa\u017einimo problemoje\u201c daug d\u0117mesio skiriama sunkiai nusakomiems ir\" \/>\n<meta property=\"og:url\" content=\"https:\/\/skaitytaknyga.lt\/en\/produktas\/rastai-gnoseologija\/\" \/>\n<meta property=\"og:site_name\" content=\"Skaitytaknyga\" \/>\n<meta property=\"article:publisher\" content=\"https:\/\/www.facebook.com\/skaitytaknyga\/\" \/>\n<meta property=\"article:modified_time\" content=\"2025-09-06T08:44:46+00:00\" \/>\n<meta property=\"og:image\" content=\"https:\/\/skaitytaknyga.lt\/wp-content\/uploads\/2025\/08\/Vosylius-Sezemanas.-Rastai.-Gnoseologija-1.webp\" \/>\n\t<meta property=\"og:image:width\" content=\"331\" \/>\n\t<meta property=\"og:image:height\" content=\"557\" \/>\n\t<meta property=\"og:image:type\" content=\"image\/webp\" \/>\n<meta name=\"twitter:card\" content=\"summary_large_image\" \/>\n<script type=\"application\/ld+json\" class=\"yoast-schema-graph\">{\"@context\":\"https:\/\/schema.org\",\"@graph\":[{\"@type\":\"WebPage\",\"@id\":\"https:\/\/skaitytaknyga.lt\/produktas\/rastai-gnoseologija\/\",\"url\":\"https:\/\/skaitytaknyga.lt\/produktas\/rastai-gnoseologija\/\",\"name\":\"Ra\u0161tai. Gnoseologija\",\"isPartOf\":{\"@id\":\"https:\/\/skaitytaknyga.lt\/#website\"},\"primaryImageOfPage\":{\"@id\":\"https:\/\/skaitytaknyga.lt\/produktas\/rastai-gnoseologija\/#primaryimage\"},\"image\":{\"@id\":\"https:\/\/skaitytaknyga.lt\/produktas\/rastai-gnoseologija\/#primaryimage\"},\"thumbnailUrl\":\"https:\/\/skaitytaknyga.lt\/wp-content\/uploads\/2025\/08\/Vosylius-Sezemanas.-Rastai.-Gnoseologija-1.webp\",\"datePublished\":\"2025-08-27T08:47:34+00:00\",\"dateModified\":\"2025-09-06T08:44:46+00:00\",\"description\":\"Knygoje publikuojamai trys filosofo Vosyliaus Sezemano (1864\u20131963) veikalai. \u201ePa\u017einimo problemoje\u201c daug d\u0117mesio skiriama sunkiai nusakomiems ir\",\"breadcrumb\":{\"@id\":\"https:\/\/skaitytaknyga.lt\/produktas\/rastai-gnoseologija\/#breadcrumb\"},\"inLanguage\":\"en-GB\",\"potentialAction\":[{\"@type\":\"ReadAction\",\"target\":[\"https:\/\/skaitytaknyga.lt\/produktas\/rastai-gnoseologija\/\"]}]},{\"@type\":\"ImageObject\",\"inLanguage\":\"en-GB\",\"@id\":\"https:\/\/skaitytaknyga.lt\/produktas\/rastai-gnoseologija\/#primaryimage\",\"url\":\"https:\/\/skaitytaknyga.lt\/wp-content\/uploads\/2025\/08\/Vosylius-Sezemanas.-Rastai.-Gnoseologija-1.webp\",\"contentUrl\":\"https:\/\/skaitytaknyga.lt\/wp-content\/uploads\/2025\/08\/Vosylius-Sezemanas.-Rastai.-Gnoseologija-1.webp\",\"width\":331,\"height\":557,\"caption\":\"Vosylius Sezemanas. Ra\u0161tai. Gnoseologija\"},{\"@type\":\"BreadcrumbList\",\"@id\":\"https:\/\/skaitytaknyga.lt\/produktas\/rastai-gnoseologija\/#breadcrumb\",\"itemListElement\":[{\"@type\":\"ListItem\",\"position\":1,\"name\":\"Home\",\"item\":\"https:\/\/skaitytaknyga.lt\/\"},{\"@type\":\"ListItem\",\"position\":2,\"name\":\"Parduotuv\u0117\",\"item\":\"https:\/\/skaitytaknyga.lt\/knygu-parduotuve\/\"},{\"@type\":\"ListItem\",\"position\":3,\"name\":\"Ra\u0161tai. Gnoseologija\"}]},{\"@type\":\"WebSite\",\"@id\":\"https:\/\/skaitytaknyga.lt\/#website\",\"url\":\"https:\/\/skaitytaknyga.lt\/\",\"name\":\"skaitytaknyga.lt\",\"description\":\"Skaitytaknyga.lt \u2013 tai ma\u017eas \u0161eimos verslas, kuris prasid\u0117jo nuo meil\u0117s knygoms ir siekio i\u0161gelb\u0117ti knygas nuo likimo prie konteinerio. Kas vienam nereikalingas daiktas \u2013 kitam lobis, o mes esame tarpininkai, kurie padeda abiems tapti laimingesniems ???? \u017dinome kaip nelengva i\u0161gyventi ma\u017eiems verslams, tad nuo \u0161iol, \u010dia rasite ir kit\u0173, ma\u017e\u0173 \u0161eim\u0173 versl\u0173, rank\u0173 darbo, dovan\u0173 sau ir artimiesiems.\",\"publisher\":{\"@id\":\"https:\/\/skaitytaknyga.lt\/#organization\"},\"potentialAction\":[{\"@type\":\"SearchAction\",\"target\":{\"@type\":\"EntryPoint\",\"urlTemplate\":\"https:\/\/skaitytaknyga.lt\/?s={search_term_string}\"},\"query-input\":{\"@type\":\"PropertyValueSpecification\",\"valueRequired\":true,\"valueName\":\"search_term_string\"}}],\"inLanguage\":\"en-GB\"},{\"@type\":\"Organization\",\"@id\":\"https:\/\/skaitytaknyga.lt\/#organization\",\"name\":\"skaitytaknyga.lt\",\"url\":\"https:\/\/skaitytaknyga.lt\/\",\"logo\":{\"@type\":\"ImageObject\",\"inLanguage\":\"en-GB\",\"@id\":\"https:\/\/skaitytaknyga.lt\/#\/schema\/logo\/image\/\",\"url\":\"https:\/\/skaitytaknyga.lt\/wp-content\/uploads\/2024\/05\/cropped-cropped-cropped-02_00843_jt3bggkj1j3HLc7SyY6rEUpg.jpeg\",\"contentUrl\":\"https:\/\/skaitytaknyga.lt\/wp-content\/uploads\/2024\/05\/cropped-cropped-cropped-02_00843_jt3bggkj1j3HLc7SyY6rEUpg.jpeg\",\"width\":1600,\"height\":1600,\"caption\":\"skaitytaknyga.lt\"},\"image\":{\"@id\":\"https:\/\/skaitytaknyga.lt\/#\/schema\/logo\/image\/\"},\"sameAs\":[\"https:\/\/www.facebook.com\/skaitytaknyga\/\"]}]}<\/script>\n<!-- \/ Yoast SEO plugin. -->","yoast_head_json":{"title":"Ra\u0161tai. Gnoseologija","description":"Knygoje publikuojamai trys filosofo Vosyliaus Sezemano (1864\u20131963) veikalai. \u201ePa\u017einimo problemoje\u201c daug d\u0117mesio skiriama sunkiai nusakomiems ir","robots":{"index":"index","follow":"follow","max-snippet":"max-snippet:-1","max-image-preview":"max-image-preview:large","max-video-preview":"max-video-preview:-1"},"canonical":"https:\/\/skaitytaknyga.lt\/en\/produktas\/rastai-gnoseologija\/","og_locale":"en_GB","og_type":"article","og_title":"[:lt]Ra\u0161tai. Gnoseologija[:] - Skaitytaknyga","og_description":"Knygoje publikuojamai trys filosofo Vosyliaus Sezemano (1864\u20131963) veikalai. \u201ePa\u017einimo problemoje\u201c daug d\u0117mesio skiriama sunkiai nusakomiems ir","og_url":"https:\/\/skaitytaknyga.lt\/en\/produktas\/rastai-gnoseologija\/","og_site_name":"Skaitytaknyga","article_publisher":"https:\/\/www.facebook.com\/skaitytaknyga\/","article_modified_time":"2025-09-06T08:44:46+00:00","og_image":[{"width":331,"height":557,"url":"https:\/\/skaitytaknyga.lt\/wp-content\/uploads\/2025\/08\/Vosylius-Sezemanas.-Rastai.-Gnoseologija-1.webp","type":"image\/webp"}],"twitter_card":"summary_large_image","schema":{"@context":"https:\/\/schema.org","@graph":[{"@type":"WebPage","@id":"https:\/\/skaitytaknyga.lt\/produktas\/rastai-gnoseologija\/","url":"https:\/\/skaitytaknyga.lt\/produktas\/rastai-gnoseologija\/","name":"Ra\u0161tai. Gnoseologija","isPartOf":{"@id":"https:\/\/skaitytaknyga.lt\/#website"},"primaryImageOfPage":{"@id":"https:\/\/skaitytaknyga.lt\/produktas\/rastai-gnoseologija\/#primaryimage"},"image":{"@id":"https:\/\/skaitytaknyga.lt\/produktas\/rastai-gnoseologija\/#primaryimage"},"thumbnailUrl":"https:\/\/skaitytaknyga.lt\/wp-content\/uploads\/2025\/08\/Vosylius-Sezemanas.-Rastai.-Gnoseologija-1.webp","datePublished":"2025-08-27T08:47:34+00:00","dateModified":"2025-09-06T08:44:46+00:00","description":"Knygoje publikuojamai trys filosofo Vosyliaus Sezemano (1864\u20131963) veikalai. \u201ePa\u017einimo problemoje\u201c daug d\u0117mesio skiriama sunkiai nusakomiems ir","breadcrumb":{"@id":"https:\/\/skaitytaknyga.lt\/produktas\/rastai-gnoseologija\/#breadcrumb"},"inLanguage":"en-GB","potentialAction":[{"@type":"ReadAction","target":["https:\/\/skaitytaknyga.lt\/produktas\/rastai-gnoseologija\/"]}]},{"@type":"ImageObject","inLanguage":"en-GB","@id":"https:\/\/skaitytaknyga.lt\/produktas\/rastai-gnoseologija\/#primaryimage","url":"https:\/\/skaitytaknyga.lt\/wp-content\/uploads\/2025\/08\/Vosylius-Sezemanas.-Rastai.-Gnoseologija-1.webp","contentUrl":"https:\/\/skaitytaknyga.lt\/wp-content\/uploads\/2025\/08\/Vosylius-Sezemanas.-Rastai.-Gnoseologija-1.webp","width":331,"height":557,"caption":"Vosylius Sezemanas. Ra\u0161tai. Gnoseologija"},{"@type":"BreadcrumbList","@id":"https:\/\/skaitytaknyga.lt\/produktas\/rastai-gnoseologija\/#breadcrumb","itemListElement":[{"@type":"ListItem","position":1,"name":"Home","item":"https:\/\/skaitytaknyga.lt\/"},{"@type":"ListItem","position":2,"name":"Parduotuv\u0117","item":"https:\/\/skaitytaknyga.lt\/knygu-parduotuve\/"},{"@type":"ListItem","position":3,"name":"Ra\u0161tai. Gnoseologija"}]},{"@type":"WebSite","@id":"https:\/\/skaitytaknyga.lt\/#website","url":"https:\/\/skaitytaknyga.lt\/","name":"skaitytaknyga.lt","description":"Skaitytaknyga.lt \u2013 tai ma\u017eas \u0161eimos verslas, kuris prasid\u0117jo nuo meil\u0117s knygoms ir siekio i\u0161gelb\u0117ti knygas nuo likimo prie konteinerio. Kas vienam nereikalingas daiktas \u2013 kitam lobis, o mes esame tarpininkai, kurie padeda abiems tapti laimingesniems ???? \u017dinome kaip nelengva i\u0161gyventi ma\u017eiems verslams, tad nuo \u0161iol, \u010dia rasite ir kit\u0173, ma\u017e\u0173 \u0161eim\u0173 versl\u0173, rank\u0173 darbo, dovan\u0173 sau ir artimiesiems.","publisher":{"@id":"https:\/\/skaitytaknyga.lt\/#organization"},"potentialAction":[{"@type":"SearchAction","target":{"@type":"EntryPoint","urlTemplate":"https:\/\/skaitytaknyga.lt\/?s={search_term_string}"},"query-input":{"@type":"PropertyValueSpecification","valueRequired":true,"valueName":"search_term_string"}}],"inLanguage":"en-GB"},{"@type":"Organization","@id":"https:\/\/skaitytaknyga.lt\/#organization","name":"skaitytaknyga.lt","url":"https:\/\/skaitytaknyga.lt\/","logo":{"@type":"ImageObject","inLanguage":"en-GB","@id":"https:\/\/skaitytaknyga.lt\/#\/schema\/logo\/image\/","url":"https:\/\/skaitytaknyga.lt\/wp-content\/uploads\/2024\/05\/cropped-cropped-cropped-02_00843_jt3bggkj1j3HLc7SyY6rEUpg.jpeg","contentUrl":"https:\/\/skaitytaknyga.lt\/wp-content\/uploads\/2024\/05\/cropped-cropped-cropped-02_00843_jt3bggkj1j3HLc7SyY6rEUpg.jpeg","width":1600,"height":1600,"caption":"skaitytaknyga.lt"},"image":{"@id":"https:\/\/skaitytaknyga.lt\/#\/schema\/logo\/image\/"},"sameAs":["https:\/\/www.facebook.com\/skaitytaknyga\/"]}]}},"_links":{"self":[{"href":"https:\/\/skaitytaknyga.lt\/en\/wp-json\/wp\/v2\/product\/20470","targetHints":{"allow":["GET"]}}],"collection":[{"href":"https:\/\/skaitytaknyga.lt\/en\/wp-json\/wp\/v2\/product"}],"about":[{"href":"https:\/\/skaitytaknyga.lt\/en\/wp-json\/wp\/v2\/types\/product"}],"replies":[{"embeddable":true,"href":"https:\/\/skaitytaknyga.lt\/en\/wp-json\/wp\/v2\/comments?post=20470"}],"wp:featuredmedia":[{"embeddable":true,"href":"https:\/\/skaitytaknyga.lt\/en\/wp-json\/wp\/v2\/media\/20475"}],"wp:attachment":[{"href":"https:\/\/skaitytaknyga.lt\/en\/wp-json\/wp\/v2\/media?parent=20470"}],"wp:term":[{"taxonomy":"product_brand","embeddable":true,"href":"https:\/\/skaitytaknyga.lt\/en\/wp-json\/wp\/v2\/product_brand?post=20470"},{"taxonomy":"product_cat","embeddable":true,"href":"https:\/\/skaitytaknyga.lt\/en\/wp-json\/wp\/v2\/product_cat?post=20470"},{"taxonomy":"product_tag","embeddable":true,"href":"https:\/\/skaitytaknyga.lt\/en\/wp-json\/wp\/v2\/product_tag?post=20470"}],"curies":[{"name":"wp","href":"https:\/\/api.w.org\/{rel}","templated":true}]}}