{"id":20468,"date":"2025-08-27T11:47:33","date_gmt":"2025-08-27T08:47:33","guid":{"rendered":"https:\/\/skaitytaknyga.lt\/?post_type=product&#038;p=20468"},"modified":"2025-10-06T13:27:31","modified_gmt":"2025-10-06T10:27:31","slug":"rastai-teorine-ekonomika-ir-ekonomines-minties-istorija","status":"publish","type":"product","link":"https:\/\/skaitytaknyga.lt\/en\/produktas\/rastai-teorine-ekonomika-ir-ekonomines-minties-istorija\/","title":{"rendered":"Ra\u0161tai. Teorin\u0117 ekonomika ir ekonomin\u0117s minties istorija"},"content":{"rendered":"<p>Knygoje pateikiami -\u017eymaus ekonomisto &#8211; &#8220;Lietuvos kooperacijos t\u0117vo&#8221; &#8211; darbai, turintys i\u0161liekam\u0105j\u0105 vert\u0119: &#8220;Ekonomikos pagrindai&#8221;, &#8220;Ekonomin\u0117s doktrinos&#8221;, straipsniai. Pirm\u0105 kart\u0105 publikuojamas rankra\u0161tinis palikimas, kuriame nagrin\u0117jama ekonomin\u0117 mintis Lietuvoje nuo seniausi\u0173 laik\u0173 iki XX a. prad\u017eios.<\/p>\n","protected":false},"excerpt":{"rendered":"<p>Knygoje pateikiami -\u017eymaus ekonomisto &#8211; &#8220;Lietuvos kooperacijos t\u0117vo&#8221; &#8211; darbai, turintys i\u0161liekam\u0105j\u0105 vert\u0119: &#8220;Ekonomikos pagrindai&#8221;, &#8220;Ekonomin\u0117s doktrinos&#8221;, straipsniai. Pirm\u0105 kart\u0105 publikuojamas rankra\u0161tinis palikimas, kuriame nagrin\u0117jama ekonomin\u0117 mintis Lietuvoje nuo seniausi\u0173 laik\u0173 iki XX a. prad\u017eios.<\/p>\n","protected":false},"featured_media":20473,"comment_status":"open","ping_status":"closed","template":"","meta":{"_acf_changed":false,"site-sidebar-layout":"default","site-content-layout":"","ast-site-content-layout":"default","site-content-style":"default","site-sidebar-style":"default","ast-global-header-display":"","ast-banner-title-visibility":"","ast-main-header-display":"","ast-hfb-above-header-display":"","ast-hfb-below-header-display":"","ast-hfb-mobile-header-display":"","site-post-title":"","ast-breadcrumbs-content":"","ast-featured-img":"","footer-sml-layout":"","ast-disable-related-posts":"","theme-transparent-header-meta":"","adv-header-id-meta":"","stick-header-meta":"","header-above-stick-meta":"","header-main-stick-meta":"","header-below-stick-meta":"","astra-migrate-meta-layouts":"default","ast-page-background-enabled":"default","ast-page-background-meta":{"desktop":{"background-color":"","background-image":"","background-repeat":"repeat","background-position":"center center","background-size":"auto","background-attachment":"scroll","background-type":"","background-media":"","overlay-type":"","overlay-color":"","overlay-opacity":"","overlay-gradient":""},"tablet":{"background-color":"","background-image":"","background-repeat":"repeat","background-position":"center center","background-size":"auto","background-attachment":"scroll","background-type":"","background-media":"","overlay-type":"","overlay-color":"","overlay-opacity":"","overlay-gradient":""},"mobile":{"background-color":"","background-image":"","background-repeat":"repeat","background-position":"center center","background-size":"auto","background-attachment":"scroll","background-type":"","background-media":"","overlay-type":"","overlay-color":"","overlay-opacity":"","overlay-gradient":""}},"ast-content-background-meta":{"desktop":{"background-color":"var(--ast-global-color-4)","background-image":"","background-repeat":"repeat","background-position":"center center","background-size":"auto","background-attachment":"scroll","background-type":"","background-media":"","overlay-type":"","overlay-color":"","overlay-opacity":"","overlay-gradient":""},"tablet":{"background-color":"var(--ast-global-color-4)","background-image":"","background-repeat":"repeat","background-position":"center center","background-size":"auto","background-attachment":"scroll","background-type":"","background-media":"","overlay-type":"","overlay-color":"","overlay-opacity":"","overlay-gradient":""},"mobile":{"background-color":"var(--ast-global-color-4)","background-image":"","background-repeat":"repeat","background-position":"center center","background-size":"auto","background-attachment":"scroll","background-type":"","background-media":"","overlay-type":"","overlay-color":"","overlay-opacity":"","overlay-gradient":""}}},"product_brand":[],"product_cat":[26],"product_tag":[2224,7953,7952,7950,7951],"class_list":{"0":"post-20468","1":"product","2":"type-product","3":"status-publish","4":"has-post-thumbnail","6":"product_cat-verslas-vadyba-ir-finansai","7":"product_tag-istorija","8":"product_tag-kooperacija","9":"product_tag-lietuvos-ekonomine-mintis","10":"product_tag-petras-salcius-ekonomika","11":"product_tag-teorine-ekonomika","12":"desktop-align-left","13":"tablet-align-left","14":"mobile-align-left","16":"first","17":"instock","18":"shipping-taxable","19":"purchasable","20":"product-type-simple"},"acf":[],"yoast_head":"<!-- This site is optimized with the Yoast SEO plugin v27.4 - https:\/\/yoast.com\/product\/yoast-seo-wordpress\/ -->\n<title>Ra\u0161tai. Teorin\u0117 ekonomika ir ekonomin\u0117s minties istorija<\/title>\n<meta name=\"description\" content=\"Knygoje pateikiami -\u017eymaus ekonomisto - &quot;Lietuvos kooperacijos t\u0117vo&quot; - darbai, turintys i\u0161liekam\u0105j\u0105 vert\u0119: &quot;Ekonomikos pagrindai&quot;, &quot;Ekonomin\u0117s doktrinos&quot;,\" \/>\n<meta name=\"robots\" content=\"index, follow, max-snippet:-1, max-image-preview:large, max-video-preview:-1\" \/>\n<link rel=\"canonical\" href=\"https:\/\/skaitytaknyga.lt\/en\/produktas\/rastai-teorine-ekonomika-ir-ekonomines-minties-istorija\/\" \/>\n<meta property=\"og:locale\" content=\"en_GB\" \/>\n<meta property=\"og:locale:alternate\" content=\"lt_LT\" \/>\n<meta property=\"og:type\" content=\"article\" \/>\n<meta property=\"og:title\" content=\"Ra\u0161tai. Teorin\u0117 ekonomika ir ekonomin\u0117s minties istorija\" \/>\n<meta property=\"og:description\" content=\"Knygoje pateikiami -\u017eymaus ekonomisto - &quot;Lietuvos kooperacijos t\u0117vo&quot; - darbai, turintys i\u0161liekam\u0105j\u0105 vert\u0119: &quot;Ekonomikos pagrindai&quot;, &quot;Ekonomin\u0117s doktrinos&quot;,\" \/>\n<meta property=\"og:url\" content=\"https:\/\/skaitytaknyga.lt\/en\/produktas\/rastai-teorine-ekonomika-ir-ekonomines-minties-istorija\/\" \/>\n<meta property=\"og:site_name\" content=\"Skaitytaknyga\" \/>\n<meta property=\"article:publisher\" content=\"https:\/\/www.facebook.com\/skaitytaknyga\/\" \/>\n<meta property=\"article:modified_time\" content=\"2025-10-06T10:27:31+00:00\" \/>\n<meta property=\"og:image\" content=\"https:\/\/skaitytaknyga.lt\/wp-content\/uploads\/2025\/08\/Petras-Salcius-e1756284714124.jpg\" \/>\n\t<meta property=\"og:image:width\" content=\"161\" \/>\n\t<meta property=\"og:image:height\" content=\"255\" \/>\n\t<meta property=\"og:image:type\" content=\"image\/jpeg\" \/>\n<meta name=\"twitter:card\" content=\"summary_large_image\" \/>\n<script type=\"application\/ld+json\" class=\"yoast-schema-graph\">{\"@context\":\"https:\\\/\\\/schema.org\",\"@graph\":[{\"@type\":\"WebPage\",\"@id\":\"https:\\\/\\\/skaitytaknyga.lt\\\/produktas\\\/rastai-teorine-ekonomika-ir-ekonomines-minties-istorija\\\/\",\"url\":\"https:\\\/\\\/skaitytaknyga.lt\\\/produktas\\\/rastai-teorine-ekonomika-ir-ekonomines-minties-istorija\\\/\",\"name\":\"Ra\u0161tai. Teorin\u0117 ekonomika ir ekonomin\u0117s minties istorija\",\"isPartOf\":{\"@id\":\"https:\\\/\\\/skaitytaknyga.lt\\\/#website\"},\"primaryImageOfPage\":{\"@id\":\"https:\\\/\\\/skaitytaknyga.lt\\\/produktas\\\/rastai-teorine-ekonomika-ir-ekonomines-minties-istorija\\\/#primaryimage\"},\"image\":{\"@id\":\"https:\\\/\\\/skaitytaknyga.lt\\\/produktas\\\/rastai-teorine-ekonomika-ir-ekonomines-minties-istorija\\\/#primaryimage\"},\"thumbnailUrl\":\"https:\\\/\\\/skaitytaknyga.lt\\\/wp-content\\\/uploads\\\/2025\\\/08\\\/Petras-Salcius-e1756284714124.jpg\",\"datePublished\":\"2025-08-27T08:47:33+00:00\",\"dateModified\":\"2025-10-06T10:27:31+00:00\",\"description\":\"Knygoje pateikiami -\u017eymaus ekonomisto - \\\"Lietuvos kooperacijos t\u0117vo\\\" - darbai, turintys i\u0161liekam\u0105j\u0105 vert\u0119: \\\"Ekonomikos pagrindai\\\", \\\"Ekonomin\u0117s doktrinos\\\",\",\"breadcrumb\":{\"@id\":\"https:\\\/\\\/skaitytaknyga.lt\\\/produktas\\\/rastai-teorine-ekonomika-ir-ekonomines-minties-istorija\\\/#breadcrumb\"},\"inLanguage\":\"en-GB\",\"potentialAction\":[{\"@type\":\"ReadAction\",\"target\":[\"https:\\\/\\\/skaitytaknyga.lt\\\/produktas\\\/rastai-teorine-ekonomika-ir-ekonomines-minties-istorija\\\/\"]}]},{\"@type\":\"ImageObject\",\"inLanguage\":\"en-GB\",\"@id\":\"https:\\\/\\\/skaitytaknyga.lt\\\/produktas\\\/rastai-teorine-ekonomika-ir-ekonomines-minties-istorija\\\/#primaryimage\",\"url\":\"https:\\\/\\\/skaitytaknyga.lt\\\/wp-content\\\/uploads\\\/2025\\\/08\\\/Petras-Salcius-e1756284714124.jpg\",\"contentUrl\":\"https:\\\/\\\/skaitytaknyga.lt\\\/wp-content\\\/uploads\\\/2025\\\/08\\\/Petras-Salcius-e1756284714124.jpg\",\"width\":161,\"height\":255,\"caption\":\"Ra\u0161tai. Teorin\u0117 ekonomika ir ekonomin\u0117s minties istorija\"},{\"@type\":\"BreadcrumbList\",\"@id\":\"https:\\\/\\\/skaitytaknyga.lt\\\/produktas\\\/rastai-teorine-ekonomika-ir-ekonomines-minties-istorija\\\/#breadcrumb\",\"itemListElement\":[{\"@type\":\"ListItem\",\"position\":1,\"name\":\"Home\",\"item\":\"https:\\\/\\\/skaitytaknyga.lt\\\/\"},{\"@type\":\"ListItem\",\"position\":2,\"name\":\"Parduotuv\u0117\",\"item\":\"https:\\\/\\\/skaitytaknyga.lt\\\/knygu-parduotuve\\\/\"},{\"@type\":\"ListItem\",\"position\":3,\"name\":\"Ra\u0161tai. Teorin\u0117 ekonomika ir ekonomin\u0117s minties istorija\"}]},{\"@type\":\"WebSite\",\"@id\":\"https:\\\/\\\/skaitytaknyga.lt\\\/#website\",\"url\":\"https:\\\/\\\/skaitytaknyga.lt\\\/\",\"name\":\"skaitytaknyga.lt\",\"description\":\"Skaitytaknyga.lt \u2013 tai ma\u017eas \u0161eimos verslas, kuris prasid\u0117jo nuo meil\u0117s knygoms ir siekio i\u0161gelb\u0117ti knygas nuo likimo prie konteinerio. Kas vienam nereikalingas daiktas \u2013 kitam lobis, o mes esame tarpininkai, kurie padeda abiems tapti laimingesniems ???? \u017dinome kaip nelengva i\u0161gyventi ma\u017eiems verslams, tad nuo \u0161iol, \u010dia rasite ir kit\u0173, ma\u017e\u0173 \u0161eim\u0173 versl\u0173, rank\u0173 darbo, dovan\u0173 sau ir artimiesiems.\",\"publisher\":{\"@id\":\"https:\\\/\\\/skaitytaknyga.lt\\\/#organization\"},\"potentialAction\":[{\"@type\":\"SearchAction\",\"target\":{\"@type\":\"EntryPoint\",\"urlTemplate\":\"https:\\\/\\\/skaitytaknyga.lt\\\/?s={search_term_string}\"},\"query-input\":{\"@type\":\"PropertyValueSpecification\",\"valueRequired\":true,\"valueName\":\"search_term_string\"}}],\"inLanguage\":\"en-GB\"},{\"@type\":\"Organization\",\"@id\":\"https:\\\/\\\/skaitytaknyga.lt\\\/#organization\",\"name\":\"skaitytaknyga.lt\",\"url\":\"https:\\\/\\\/skaitytaknyga.lt\\\/\",\"logo\":{\"@type\":\"ImageObject\",\"inLanguage\":\"en-GB\",\"@id\":\"https:\\\/\\\/skaitytaknyga.lt\\\/#\\\/schema\\\/logo\\\/image\\\/\",\"url\":\"https:\\\/\\\/skaitytaknyga.lt\\\/wp-content\\\/uploads\\\/2024\\\/05\\\/cropped-cropped-cropped-02_00843_jt3bggkj1j3HLc7SyY6rEUpg.jpeg\",\"contentUrl\":\"https:\\\/\\\/skaitytaknyga.lt\\\/wp-content\\\/uploads\\\/2024\\\/05\\\/cropped-cropped-cropped-02_00843_jt3bggkj1j3HLc7SyY6rEUpg.jpeg\",\"width\":1600,\"height\":1600,\"caption\":\"skaitytaknyga.lt\"},\"image\":{\"@id\":\"https:\\\/\\\/skaitytaknyga.lt\\\/#\\\/schema\\\/logo\\\/image\\\/\"},\"sameAs\":[\"https:\\\/\\\/www.facebook.com\\\/skaitytaknyga\\\/\"]}]}<\/script>\n<!-- \/ Yoast SEO plugin. -->","yoast_head_json":{"title":"Ra\u0161tai. Teorin\u0117 ekonomika ir ekonomin\u0117s minties istorija","description":"Knygoje pateikiami -\u017eymaus ekonomisto - \"Lietuvos kooperacijos t\u0117vo\" - darbai, turintys i\u0161liekam\u0105j\u0105 vert\u0119: \"Ekonomikos pagrindai\", \"Ekonomin\u0117s doktrinos\",","robots":{"index":"index","follow":"follow","max-snippet":"max-snippet:-1","max-image-preview":"max-image-preview:large","max-video-preview":"max-video-preview:-1"},"canonical":"https:\/\/skaitytaknyga.lt\/en\/produktas\/rastai-teorine-ekonomika-ir-ekonomines-minties-istorija\/","og_locale":"en_GB","og_type":"article","og_title":"[:lt]Ra\u0161tai. Teorin\u0117 ekonomika ir ekonomin\u0117s minties istorija[:] - Skaitytaknyga","og_description":"Knygoje pateikiami -\u017eymaus ekonomisto - \"Lietuvos kooperacijos t\u0117vo\" - darbai, turintys i\u0161liekam\u0105j\u0105 vert\u0119: \"Ekonomikos pagrindai\", \"Ekonomin\u0117s doktrinos\",","og_url":"https:\/\/skaitytaknyga.lt\/en\/produktas\/rastai-teorine-ekonomika-ir-ekonomines-minties-istorija\/","og_site_name":"Skaitytaknyga","article_publisher":"https:\/\/www.facebook.com\/skaitytaknyga\/","article_modified_time":"2025-10-06T10:27:31+00:00","og_image":[{"width":161,"height":255,"url":"https:\/\/skaitytaknyga.lt\/wp-content\/uploads\/2025\/08\/Petras-Salcius-e1756284714124.jpg","type":"image\/jpeg"}],"twitter_card":"summary_large_image","schema":{"@context":"https:\/\/schema.org","@graph":[{"@type":"WebPage","@id":"https:\/\/skaitytaknyga.lt\/produktas\/rastai-teorine-ekonomika-ir-ekonomines-minties-istorija\/","url":"https:\/\/skaitytaknyga.lt\/produktas\/rastai-teorine-ekonomika-ir-ekonomines-minties-istorija\/","name":"Ra\u0161tai. Teorin\u0117 ekonomika ir ekonomin\u0117s minties istorija","isPartOf":{"@id":"https:\/\/skaitytaknyga.lt\/#website"},"primaryImageOfPage":{"@id":"https:\/\/skaitytaknyga.lt\/produktas\/rastai-teorine-ekonomika-ir-ekonomines-minties-istorija\/#primaryimage"},"image":{"@id":"https:\/\/skaitytaknyga.lt\/produktas\/rastai-teorine-ekonomika-ir-ekonomines-minties-istorija\/#primaryimage"},"thumbnailUrl":"https:\/\/skaitytaknyga.lt\/wp-content\/uploads\/2025\/08\/Petras-Salcius-e1756284714124.jpg","datePublished":"2025-08-27T08:47:33+00:00","dateModified":"2025-10-06T10:27:31+00:00","description":"Knygoje pateikiami -\u017eymaus ekonomisto - \"Lietuvos kooperacijos t\u0117vo\" - darbai, turintys i\u0161liekam\u0105j\u0105 vert\u0119: \"Ekonomikos pagrindai\", \"Ekonomin\u0117s doktrinos\",","breadcrumb":{"@id":"https:\/\/skaitytaknyga.lt\/produktas\/rastai-teorine-ekonomika-ir-ekonomines-minties-istorija\/#breadcrumb"},"inLanguage":"en-GB","potentialAction":[{"@type":"ReadAction","target":["https:\/\/skaitytaknyga.lt\/produktas\/rastai-teorine-ekonomika-ir-ekonomines-minties-istorija\/"]}]},{"@type":"ImageObject","inLanguage":"en-GB","@id":"https:\/\/skaitytaknyga.lt\/produktas\/rastai-teorine-ekonomika-ir-ekonomines-minties-istorija\/#primaryimage","url":"https:\/\/skaitytaknyga.lt\/wp-content\/uploads\/2025\/08\/Petras-Salcius-e1756284714124.jpg","contentUrl":"https:\/\/skaitytaknyga.lt\/wp-content\/uploads\/2025\/08\/Petras-Salcius-e1756284714124.jpg","width":161,"height":255,"caption":"Ra\u0161tai. Teorin\u0117 ekonomika ir ekonomin\u0117s minties istorija"},{"@type":"BreadcrumbList","@id":"https:\/\/skaitytaknyga.lt\/produktas\/rastai-teorine-ekonomika-ir-ekonomines-minties-istorija\/#breadcrumb","itemListElement":[{"@type":"ListItem","position":1,"name":"Home","item":"https:\/\/skaitytaknyga.lt\/"},{"@type":"ListItem","position":2,"name":"Parduotuv\u0117","item":"https:\/\/skaitytaknyga.lt\/knygu-parduotuve\/"},{"@type":"ListItem","position":3,"name":"Ra\u0161tai. Teorin\u0117 ekonomika ir ekonomin\u0117s minties istorija"}]},{"@type":"WebSite","@id":"https:\/\/skaitytaknyga.lt\/#website","url":"https:\/\/skaitytaknyga.lt\/","name":"skaitytaknyga.lt","description":"Skaitytaknyga.lt \u2013 tai ma\u017eas \u0161eimos verslas, kuris prasid\u0117jo nuo meil\u0117s knygoms ir siekio i\u0161gelb\u0117ti knygas nuo likimo prie konteinerio. Kas vienam nereikalingas daiktas \u2013 kitam lobis, o mes esame tarpininkai, kurie padeda abiems tapti laimingesniems ???? \u017dinome kaip nelengva i\u0161gyventi ma\u017eiems verslams, tad nuo \u0161iol, \u010dia rasite ir kit\u0173, ma\u017e\u0173 \u0161eim\u0173 versl\u0173, rank\u0173 darbo, dovan\u0173 sau ir artimiesiems.","publisher":{"@id":"https:\/\/skaitytaknyga.lt\/#organization"},"potentialAction":[{"@type":"SearchAction","target":{"@type":"EntryPoint","urlTemplate":"https:\/\/skaitytaknyga.lt\/?s={search_term_string}"},"query-input":{"@type":"PropertyValueSpecification","valueRequired":true,"valueName":"search_term_string"}}],"inLanguage":"en-GB"},{"@type":"Organization","@id":"https:\/\/skaitytaknyga.lt\/#organization","name":"skaitytaknyga.lt","url":"https:\/\/skaitytaknyga.lt\/","logo":{"@type":"ImageObject","inLanguage":"en-GB","@id":"https:\/\/skaitytaknyga.lt\/#\/schema\/logo\/image\/","url":"https:\/\/skaitytaknyga.lt\/wp-content\/uploads\/2024\/05\/cropped-cropped-cropped-02_00843_jt3bggkj1j3HLc7SyY6rEUpg.jpeg","contentUrl":"https:\/\/skaitytaknyga.lt\/wp-content\/uploads\/2024\/05\/cropped-cropped-cropped-02_00843_jt3bggkj1j3HLc7SyY6rEUpg.jpeg","width":1600,"height":1600,"caption":"skaitytaknyga.lt"},"image":{"@id":"https:\/\/skaitytaknyga.lt\/#\/schema\/logo\/image\/"},"sameAs":["https:\/\/www.facebook.com\/skaitytaknyga\/"]}]}},"_links":{"self":[{"href":"https:\/\/skaitytaknyga.lt\/en\/wp-json\/wp\/v2\/product\/20468","targetHints":{"allow":["GET"]}}],"collection":[{"href":"https:\/\/skaitytaknyga.lt\/en\/wp-json\/wp\/v2\/product"}],"about":[{"href":"https:\/\/skaitytaknyga.lt\/en\/wp-json\/wp\/v2\/types\/product"}],"replies":[{"embeddable":true,"href":"https:\/\/skaitytaknyga.lt\/en\/wp-json\/wp\/v2\/comments?post=20468"}],"wp:featuredmedia":[{"embeddable":true,"href":"https:\/\/skaitytaknyga.lt\/en\/wp-json\/wp\/v2\/media\/20473"}],"wp:attachment":[{"href":"https:\/\/skaitytaknyga.lt\/en\/wp-json\/wp\/v2\/media?parent=20468"}],"wp:term":[{"taxonomy":"product_brand","embeddable":true,"href":"https:\/\/skaitytaknyga.lt\/en\/wp-json\/wp\/v2\/product_brand?post=20468"},{"taxonomy":"product_cat","embeddable":true,"href":"https:\/\/skaitytaknyga.lt\/en\/wp-json\/wp\/v2\/product_cat?post=20468"},{"taxonomy":"product_tag","embeddable":true,"href":"https:\/\/skaitytaknyga.lt\/en\/wp-json\/wp\/v2\/product_tag?post=20468"}],"curies":[{"name":"wp","href":"https:\/\/api.w.org\/{rel}","templated":true}]}}