{"id":20461,"date":"2025-08-27T11:22:20","date_gmt":"2025-08-27T08:22:20","guid":{"rendered":"https:\/\/skaitytaknyga.lt\/?post_type=product&#038;p=20461"},"modified":"2025-10-06T13:27:32","modified_gmt":"2025-10-06T10:27:32","slug":"lt-7","status":"publish","type":"product","link":"https:\/\/skaitytaknyga.lt\/en\/produktas\/lt-7\/","title":{"rendered":"Kod\u0117l mes norime, kad J\u016bs b\u016btum\u0117te turtingi"},"content":{"rendered":"<p>Dabartiniais ekonominiu po\u017ei\u016briu nestabiliais laikais \u0161ie du verslo mil\u017einai suvienijo savo j\u0117gas ir para\u0161\u0117 knyg\u0105, kurioje pabr\u0117\u017eiama neatid\u0117liotina finansinio i\u0161prusimo b\u016btinyb\u0117.<\/p>\n<p>Donaldas Trampas yra pats tikriausias amerikieti\u0161kos svajon\u0117s simbolis. Baig\u0119s Vortono finans\u0173 mokykl\u0105 jis gali did\u017eiuotis savo nekilnojamojo turto k\u016briniais, kurie \u0161iandien laikomi vienais presti\u017ei\u0161kiausi\u0173 \u0161alyje ir visame pasaulyje. Galima pamin\u0117ti pasaulyje pagars\u0117jus\u012f Penktosios Aveniu dangorai\u017e\u012f, Trampo bok\u0161t\u0105, Trampo al\u0117j\u0105, istorin\u012f \u201eMara-lago\u201c klub\u0105 Palm By\u010de Ir \u201ePalm International Hotel &#038; Tower\u201c Dubajuje. Keturi apdovanojimus pelnantys golfo kortai ir dar vienas netrukus duris atversiantis \u0160kotijoje byloja apie D. Trampo aistr\u0105 golfui. B\u016bdamas \u201eEmmy\u201c apdovanojimui nominuota \u012f\u017eymyb\u0117, realyb\u0117s \u0161ou \u201eMokinys\u201c bendraautorius ir septyni\u0173 bestseleri\u0173 autorius Donaldas Trampas yra tikras \u017einiasklaidos mil\u017einas.<\/p>\n<p>Robertas Kijosakis, vis\u0105 pasaul\u012f apskriejusio bestselerio \u201eDu t\u0117\u010diai \u2013 turtingas ir varg\u0161as\u201c autorius, yra investuotojas ir verslininkas, besispecializuojantis kalnakasybos ir nekilnojamojo turto srityse, taip pat pedagogas, pasi\u017eymintis prie\u0161taringomis prognoz\u0117mis pinig\u0173 ir investavimo tema. 1997 m. i\u0161leista knyga \u201eDu t\u0117\u010diai \u2013 turtingas ir varg\u0161as\u201c garsiajame \u201eNew York Times\u201c perkamiausi\u0173 knyg\u0173 s\u0105ra\u0161e karaliavo beveik \u0161e\u0161erius metus. \u201eTurtingojo t\u0117\u010dio\u201c serijos knygos buvo i\u0161verstos \u012f 46 kalbas ir i\u0161leistos 97 pasaulio \u0161alyse, visame pasaulyje buvo parduota 26 milijonai knygos egzempliori\u0173, Azijoje, Australijoje, Piet\u0173 Amerikoje, Meksikoje, Piet\u0173 Afrikoje ir Europoje jos u\u017e\u0117m\u0117 pirm\u0105sias vietas perkamiausi\u0173 knyg\u0173 s\u0105ra\u0161uose. Jis prakti\u0161kai vien savo pastangomis pakeit\u0117 milijon\u0173 \u017emoni\u0173 visame pasaulyje po\u017ei\u016br\u012f \u012f pinigus.<\/p>\n","protected":false},"excerpt":{"rendered":"<p>Dabartiniais ekonominiu po\u017ei\u016briu nestabiliais laikais \u0161ie du verslo mil\u017einai suvienijo savo j\u0117gas ir para\u0161\u0117 knyg\u0105, kurioje pabr\u0117\u017eiama neatid\u0117liotina finansinio i\u0161prusimo b\u016btinyb\u0117. Donaldas Trampas yra pats tikriausias amerikieti\u0161kos svajon\u0117s simbolis. Baig\u0119s Vortono finans\u0173 mokykl\u0105 jis gali did\u017eiuotis savo nekilnojamojo turto k\u016briniais, kurie \u0161iandien laikomi vienais presti\u017ei\u0161kiausi\u0173 \u0161alyje ir visame pasaulyje. Galima pamin\u0117ti pasaulyje pagars\u0117jus\u012f Penktosios Aveniu dangorai\u017e\u012f, Trampo bok\u0161t\u0105, Trampo al\u0117j\u0105, istorin\u012f \u201eMara-lago\u201c klub\u0105 Palm By\u010de Ir \u201ePalm International Hotel &#038; Tower\u201c Dubajuje. Keturi apdovanojimus pelnantys golfo kortai ir dar vienas netrukus duris atversiantis \u0160kotijoje byloja apie D. Trampo aistr\u0105 golfui. B\u016bdamas \u201eEmmy\u201c apdovanojimui nominuota \u012f\u017eymyb\u0117, realyb\u0117s \u0161ou \u201eMokinys\u201c bendraautorius ir septyni\u0173 bestseleri\u0173 autorius Donaldas Trampas yra tikras \u017einiasklaidos mil\u017einas. Robertas Kijosakis, vis\u0105 pasaul\u012f apskriejusio bestselerio \u201eDu t\u0117\u010diai \u2013 turtingas ir varg\u0161as\u201c autorius, yra investuotojas ir verslininkas, besispecializuojantis kalnakasybos ir nekilnojamojo turto srityse, taip pat pedagogas, pasi\u017eymintis prie\u0161taringomis prognoz\u0117mis pinig\u0173 ir investavimo tema. 1997 m. i\u0161leista knyga \u201eDu t\u0117\u010diai \u2013 turtingas ir varg\u0161as\u201c garsiajame \u201eNew York Times\u201c perkamiausi\u0173 knyg\u0173 s\u0105ra\u0161e karaliavo beveik \u0161e\u0161erius metus. \u201eTurtingojo t\u0117\u010dio\u201c serijos knygos buvo i\u0161verstos \u012f 46 kalbas ir i\u0161leistos 97 pasaulio \u0161alyse, visame pasaulyje buvo parduota 26 milijonai knygos egzempliori\u0173, Azijoje, Australijoje, Piet\u0173 Amerikoje, Meksikoje, Piet\u0173 Afrikoje ir Europoje jos u\u017e\u0117m\u0117 pirm\u0105sias vietas perkamiausi\u0173 knyg\u0173 s\u0105ra\u0161uose. Jis prakti\u0161kai vien savo pastangomis pakeit\u0117 milijon\u0173 \u017emoni\u0173 visame pasaulyje po\u017ei\u016br\u012f \u012f pinigus.<\/p>\n","protected":false},"featured_media":20466,"comment_status":"open","ping_status":"closed","template":"","meta":{"_acf_changed":false,"site-sidebar-layout":"default","site-content-layout":"","ast-site-content-layout":"default","site-content-style":"default","site-sidebar-style":"default","ast-global-header-display":"","ast-banner-title-visibility":"","ast-main-header-display":"","ast-hfb-above-header-display":"","ast-hfb-below-header-display":"","ast-hfb-mobile-header-display":"","site-post-title":"","ast-breadcrumbs-content":"","ast-featured-img":"","footer-sml-layout":"","ast-disable-related-posts":"","theme-transparent-header-meta":"","adv-header-id-meta":"","stick-header-meta":"","header-above-stick-meta":"","header-main-stick-meta":"","header-below-stick-meta":"","astra-migrate-meta-layouts":"default","ast-page-background-enabled":"default","ast-page-background-meta":{"desktop":{"background-color":"","background-image":"","background-repeat":"repeat","background-position":"center center","background-size":"auto","background-attachment":"scroll","background-type":"","background-media":"","overlay-type":"","overlay-color":"","overlay-opacity":"","overlay-gradient":""},"tablet":{"background-color":"","background-image":"","background-repeat":"repeat","background-position":"center center","background-size":"auto","background-attachment":"scroll","background-type":"","background-media":"","overlay-type":"","overlay-color":"","overlay-opacity":"","overlay-gradient":""},"mobile":{"background-color":"","background-image":"","background-repeat":"repeat","background-position":"center center","background-size":"auto","background-attachment":"scroll","background-type":"","background-media":"","overlay-type":"","overlay-color":"","overlay-opacity":"","overlay-gradient":""}},"ast-content-background-meta":{"desktop":{"background-color":"var(--ast-global-color-4)","background-image":"","background-repeat":"repeat","background-position":"center center","background-size":"auto","background-attachment":"scroll","background-type":"","background-media":"","overlay-type":"","overlay-color":"","overlay-opacity":"","overlay-gradient":""},"tablet":{"background-color":"var(--ast-global-color-4)","background-image":"","background-repeat":"repeat","background-position":"center center","background-size":"auto","background-attachment":"scroll","background-type":"","background-media":"","overlay-type":"","overlay-color":"","overlay-opacity":"","overlay-gradient":""},"mobile":{"background-color":"var(--ast-global-color-4)","background-image":"","background-repeat":"repeat","background-position":"center center","background-size":"auto","background-attachment":"scroll","background-type":"","background-media":"","overlay-type":"","overlay-color":"","overlay-opacity":"","overlay-gradient":""}}},"product_brand":[],"product_cat":[26],"product_tag":[4311,7948,7947,7949,2779,2356],"class_list":{"0":"post-20461","1":"product","2":"type-product","3":"status-publish","4":"has-post-thumbnail","6":"product_cat-verslas-vadyba-ir-finansai","7":"product_tag-investavimas","8":"product_tag-kad-jus-butumete-turtingi-finansinis-isprusimas","9":"product_tag-kodel-mes-norime","10":"product_tag-nekilnojamasis-turtas","11":"product_tag-pinigu-valdymas","12":"product_tag-verslas","13":"desktop-align-left","14":"tablet-align-left","15":"mobile-align-left","17":"first","18":"instock","19":"shipping-taxable","20":"purchasable","21":"product-type-simple"},"acf":[],"yoast_head":"<!-- This site is optimized with the Yoast SEO plugin v27.0 - https:\/\/yoast.com\/product\/yoast-seo-wordpress\/ -->\n<title>Kod\u0117l mes norime, kad J\u016bs b\u016btum\u0117te turtingi<\/title>\n<meta name=\"description\" content=\"Dabartiniais ekonominiu po\u017ei\u016briu nestabiliais laikais \u0161ie du verslo mil\u017einai suvienijo savo j\u0117gas ir para\u0161\u0117 knyg\u0105, kurioje pabr\u0117\u017eiama neatid\u0117liotina\" \/>\n<meta name=\"robots\" content=\"index, follow, max-snippet:-1, max-image-preview:large, max-video-preview:-1\" \/>\n<link rel=\"canonical\" href=\"https:\/\/skaitytaknyga.lt\/en\/produktas\/lt-7\/\" \/>\n<meta property=\"og:locale\" content=\"en_GB\" \/>\n<meta property=\"og:locale:alternate\" content=\"lt_LT\" \/>\n<meta property=\"og:type\" content=\"article\" \/>\n<meta property=\"og:title\" content=\"Kod\u0117l mes norime, kad J\u016bs b\u016btum\u0117te turtingi\" \/>\n<meta property=\"og:description\" content=\"Dabartiniais ekonominiu po\u017ei\u016briu nestabiliais laikais \u0161ie du verslo mil\u017einai suvienijo savo j\u0117gas ir para\u0161\u0117 knyg\u0105, kurioje pabr\u0117\u017eiama neatid\u0117liotina\" \/>\n<meta property=\"og:url\" content=\"https:\/\/skaitytaknyga.lt\/en\/produktas\/lt-7\/\" \/>\n<meta property=\"og:site_name\" content=\"Skaitytaknyga\" \/>\n<meta property=\"article:publisher\" content=\"https:\/\/www.facebook.com\/skaitytaknyga\/\" \/>\n<meta property=\"article:modified_time\" content=\"2025-10-06T10:27:32+00:00\" \/>\n<meta property=\"og:image\" content=\"https:\/\/skaitytaknyga.lt\/wp-content\/uploads\/2025\/08\/Kodel-mes-norime-kad-Jus-butumete-turtingi-1.webp\" \/>\n\t<meta property=\"og:image:width\" content=\"410\" \/>\n\t<meta property=\"og:image:height\" content=\"598\" \/>\n\t<meta property=\"og:image:type\" content=\"image\/webp\" \/>\n<meta name=\"twitter:card\" content=\"summary_large_image\" \/>\n<meta name=\"twitter:label1\" content=\"Estimated reading time\" \/>\n\t<meta name=\"twitter:data1\" content=\"1 minute\" \/>\n<script type=\"application\/ld+json\" class=\"yoast-schema-graph\">{\"@context\":\"https:\/\/schema.org\",\"@graph\":[{\"@type\":\"WebPage\",\"@id\":\"https:\/\/skaitytaknyga.lt\/produktas\/lt-7\/\",\"url\":\"https:\/\/skaitytaknyga.lt\/produktas\/lt-7\/\",\"name\":\"Kod\u0117l mes norime, kad J\u016bs b\u016btum\u0117te turtingi\",\"isPartOf\":{\"@id\":\"https:\/\/skaitytaknyga.lt\/#website\"},\"primaryImageOfPage\":{\"@id\":\"https:\/\/skaitytaknyga.lt\/produktas\/lt-7\/#primaryimage\"},\"image\":{\"@id\":\"https:\/\/skaitytaknyga.lt\/produktas\/lt-7\/#primaryimage\"},\"thumbnailUrl\":\"https:\/\/skaitytaknyga.lt\/wp-content\/uploads\/2025\/08\/Kodel-mes-norime-kad-Jus-butumete-turtingi-1.webp\",\"datePublished\":\"2025-08-27T08:22:20+00:00\",\"dateModified\":\"2025-10-06T10:27:32+00:00\",\"description\":\"Dabartiniais ekonominiu po\u017ei\u016briu nestabiliais laikais \u0161ie du verslo mil\u017einai suvienijo savo j\u0117gas ir para\u0161\u0117 knyg\u0105, kurioje pabr\u0117\u017eiama neatid\u0117liotina\",\"breadcrumb\":{\"@id\":\"https:\/\/skaitytaknyga.lt\/produktas\/lt-7\/#breadcrumb\"},\"inLanguage\":\"en-GB\",\"potentialAction\":[{\"@type\":\"ReadAction\",\"target\":[\"https:\/\/skaitytaknyga.lt\/produktas\/lt-7\/\"]}]},{\"@type\":\"ImageObject\",\"inLanguage\":\"en-GB\",\"@id\":\"https:\/\/skaitytaknyga.lt\/produktas\/lt-7\/#primaryimage\",\"url\":\"https:\/\/skaitytaknyga.lt\/wp-content\/uploads\/2025\/08\/Kodel-mes-norime-kad-Jus-butumete-turtingi-1.webp\",\"contentUrl\":\"https:\/\/skaitytaknyga.lt\/wp-content\/uploads\/2025\/08\/Kodel-mes-norime-kad-Jus-butumete-turtingi-1.webp\",\"width\":410,\"height\":598,\"caption\":\"Kod\u0117l mes norime, kad J\u016bs b\u016btum\u0117te turtingi\"},{\"@type\":\"BreadcrumbList\",\"@id\":\"https:\/\/skaitytaknyga.lt\/produktas\/lt-7\/#breadcrumb\",\"itemListElement\":[{\"@type\":\"ListItem\",\"position\":1,\"name\":\"Home\",\"item\":\"https:\/\/skaitytaknyga.lt\/\"},{\"@type\":\"ListItem\",\"position\":2,\"name\":\"Parduotuv\u0117\",\"item\":\"https:\/\/skaitytaknyga.lt\/knygu-parduotuve\/\"},{\"@type\":\"ListItem\",\"position\":3,\"name\":\"Kod\u0117l mes norime, kad J\u016bs b\u016btum\u0117te turtingi\"}]},{\"@type\":\"WebSite\",\"@id\":\"https:\/\/skaitytaknyga.lt\/#website\",\"url\":\"https:\/\/skaitytaknyga.lt\/\",\"name\":\"skaitytaknyga.lt\",\"description\":\"Skaitytaknyga.lt \u2013 tai ma\u017eas \u0161eimos verslas, kuris prasid\u0117jo nuo meil\u0117s knygoms ir siekio i\u0161gelb\u0117ti knygas nuo likimo prie konteinerio. Kas vienam nereikalingas daiktas \u2013 kitam lobis, o mes esame tarpininkai, kurie padeda abiems tapti laimingesniems ???? \u017dinome kaip nelengva i\u0161gyventi ma\u017eiems verslams, tad nuo \u0161iol, \u010dia rasite ir kit\u0173, ma\u017e\u0173 \u0161eim\u0173 versl\u0173, rank\u0173 darbo, dovan\u0173 sau ir artimiesiems.\",\"publisher\":{\"@id\":\"https:\/\/skaitytaknyga.lt\/#organization\"},\"potentialAction\":[{\"@type\":\"SearchAction\",\"target\":{\"@type\":\"EntryPoint\",\"urlTemplate\":\"https:\/\/skaitytaknyga.lt\/?s={search_term_string}\"},\"query-input\":{\"@type\":\"PropertyValueSpecification\",\"valueRequired\":true,\"valueName\":\"search_term_string\"}}],\"inLanguage\":\"en-GB\"},{\"@type\":\"Organization\",\"@id\":\"https:\/\/skaitytaknyga.lt\/#organization\",\"name\":\"skaitytaknyga.lt\",\"url\":\"https:\/\/skaitytaknyga.lt\/\",\"logo\":{\"@type\":\"ImageObject\",\"inLanguage\":\"en-GB\",\"@id\":\"https:\/\/skaitytaknyga.lt\/#\/schema\/logo\/image\/\",\"url\":\"https:\/\/skaitytaknyga.lt\/wp-content\/uploads\/2024\/05\/cropped-cropped-cropped-02_00843_jt3bggkj1j3HLc7SyY6rEUpg.jpeg\",\"contentUrl\":\"https:\/\/skaitytaknyga.lt\/wp-content\/uploads\/2024\/05\/cropped-cropped-cropped-02_00843_jt3bggkj1j3HLc7SyY6rEUpg.jpeg\",\"width\":1600,\"height\":1600,\"caption\":\"skaitytaknyga.lt\"},\"image\":{\"@id\":\"https:\/\/skaitytaknyga.lt\/#\/schema\/logo\/image\/\"},\"sameAs\":[\"https:\/\/www.facebook.com\/skaitytaknyga\/\"]}]}<\/script>\n<!-- \/ Yoast SEO plugin. -->","yoast_head_json":{"title":"Kod\u0117l mes norime, kad J\u016bs b\u016btum\u0117te turtingi","description":"Dabartiniais ekonominiu po\u017ei\u016briu nestabiliais laikais \u0161ie du verslo mil\u017einai suvienijo savo j\u0117gas ir para\u0161\u0117 knyg\u0105, kurioje pabr\u0117\u017eiama neatid\u0117liotina","robots":{"index":"index","follow":"follow","max-snippet":"max-snippet:-1","max-image-preview":"max-image-preview:large","max-video-preview":"max-video-preview:-1"},"canonical":"https:\/\/skaitytaknyga.lt\/en\/produktas\/lt-7\/","og_locale":"en_GB","og_type":"article","og_title":"[:lt]Kod\u0117l mes norime, kad J\u016bs b\u016btum\u0117te turtingi[:] - Skaitytaknyga","og_description":"Dabartiniais ekonominiu po\u017ei\u016briu nestabiliais laikais \u0161ie du verslo mil\u017einai suvienijo savo j\u0117gas ir para\u0161\u0117 knyg\u0105, kurioje pabr\u0117\u017eiama neatid\u0117liotina","og_url":"https:\/\/skaitytaknyga.lt\/en\/produktas\/lt-7\/","og_site_name":"Skaitytaknyga","article_publisher":"https:\/\/www.facebook.com\/skaitytaknyga\/","article_modified_time":"2025-10-06T10:27:32+00:00","og_image":[{"width":410,"height":598,"url":"https:\/\/skaitytaknyga.lt\/wp-content\/uploads\/2025\/08\/Kodel-mes-norime-kad-Jus-butumete-turtingi-1.webp","type":"image\/webp"}],"twitter_card":"summary_large_image","twitter_misc":{"Estimated reading time":"1 minute"},"schema":{"@context":"https:\/\/schema.org","@graph":[{"@type":"WebPage","@id":"https:\/\/skaitytaknyga.lt\/produktas\/lt-7\/","url":"https:\/\/skaitytaknyga.lt\/produktas\/lt-7\/","name":"Kod\u0117l mes norime, kad J\u016bs b\u016btum\u0117te turtingi","isPartOf":{"@id":"https:\/\/skaitytaknyga.lt\/#website"},"primaryImageOfPage":{"@id":"https:\/\/skaitytaknyga.lt\/produktas\/lt-7\/#primaryimage"},"image":{"@id":"https:\/\/skaitytaknyga.lt\/produktas\/lt-7\/#primaryimage"},"thumbnailUrl":"https:\/\/skaitytaknyga.lt\/wp-content\/uploads\/2025\/08\/Kodel-mes-norime-kad-Jus-butumete-turtingi-1.webp","datePublished":"2025-08-27T08:22:20+00:00","dateModified":"2025-10-06T10:27:32+00:00","description":"Dabartiniais ekonominiu po\u017ei\u016briu nestabiliais laikais \u0161ie du verslo mil\u017einai suvienijo savo j\u0117gas ir para\u0161\u0117 knyg\u0105, kurioje pabr\u0117\u017eiama neatid\u0117liotina","breadcrumb":{"@id":"https:\/\/skaitytaknyga.lt\/produktas\/lt-7\/#breadcrumb"},"inLanguage":"en-GB","potentialAction":[{"@type":"ReadAction","target":["https:\/\/skaitytaknyga.lt\/produktas\/lt-7\/"]}]},{"@type":"ImageObject","inLanguage":"en-GB","@id":"https:\/\/skaitytaknyga.lt\/produktas\/lt-7\/#primaryimage","url":"https:\/\/skaitytaknyga.lt\/wp-content\/uploads\/2025\/08\/Kodel-mes-norime-kad-Jus-butumete-turtingi-1.webp","contentUrl":"https:\/\/skaitytaknyga.lt\/wp-content\/uploads\/2025\/08\/Kodel-mes-norime-kad-Jus-butumete-turtingi-1.webp","width":410,"height":598,"caption":"Kod\u0117l mes norime, kad J\u016bs b\u016btum\u0117te turtingi"},{"@type":"BreadcrumbList","@id":"https:\/\/skaitytaknyga.lt\/produktas\/lt-7\/#breadcrumb","itemListElement":[{"@type":"ListItem","position":1,"name":"Home","item":"https:\/\/skaitytaknyga.lt\/"},{"@type":"ListItem","position":2,"name":"Parduotuv\u0117","item":"https:\/\/skaitytaknyga.lt\/knygu-parduotuve\/"},{"@type":"ListItem","position":3,"name":"Kod\u0117l mes norime, kad J\u016bs b\u016btum\u0117te turtingi"}]},{"@type":"WebSite","@id":"https:\/\/skaitytaknyga.lt\/#website","url":"https:\/\/skaitytaknyga.lt\/","name":"skaitytaknyga.lt","description":"Skaitytaknyga.lt \u2013 tai ma\u017eas \u0161eimos verslas, kuris prasid\u0117jo nuo meil\u0117s knygoms ir siekio i\u0161gelb\u0117ti knygas nuo likimo prie konteinerio. Kas vienam nereikalingas daiktas \u2013 kitam lobis, o mes esame tarpininkai, kurie padeda abiems tapti laimingesniems ???? \u017dinome kaip nelengva i\u0161gyventi ma\u017eiems verslams, tad nuo \u0161iol, \u010dia rasite ir kit\u0173, ma\u017e\u0173 \u0161eim\u0173 versl\u0173, rank\u0173 darbo, dovan\u0173 sau ir artimiesiems.","publisher":{"@id":"https:\/\/skaitytaknyga.lt\/#organization"},"potentialAction":[{"@type":"SearchAction","target":{"@type":"EntryPoint","urlTemplate":"https:\/\/skaitytaknyga.lt\/?s={search_term_string}"},"query-input":{"@type":"PropertyValueSpecification","valueRequired":true,"valueName":"search_term_string"}}],"inLanguage":"en-GB"},{"@type":"Organization","@id":"https:\/\/skaitytaknyga.lt\/#organization","name":"skaitytaknyga.lt","url":"https:\/\/skaitytaknyga.lt\/","logo":{"@type":"ImageObject","inLanguage":"en-GB","@id":"https:\/\/skaitytaknyga.lt\/#\/schema\/logo\/image\/","url":"https:\/\/skaitytaknyga.lt\/wp-content\/uploads\/2024\/05\/cropped-cropped-cropped-02_00843_jt3bggkj1j3HLc7SyY6rEUpg.jpeg","contentUrl":"https:\/\/skaitytaknyga.lt\/wp-content\/uploads\/2024\/05\/cropped-cropped-cropped-02_00843_jt3bggkj1j3HLc7SyY6rEUpg.jpeg","width":1600,"height":1600,"caption":"skaitytaknyga.lt"},"image":{"@id":"https:\/\/skaitytaknyga.lt\/#\/schema\/logo\/image\/"},"sameAs":["https:\/\/www.facebook.com\/skaitytaknyga\/"]}]}},"_links":{"self":[{"href":"https:\/\/skaitytaknyga.lt\/en\/wp-json\/wp\/v2\/product\/20461","targetHints":{"allow":["GET"]}}],"collection":[{"href":"https:\/\/skaitytaknyga.lt\/en\/wp-json\/wp\/v2\/product"}],"about":[{"href":"https:\/\/skaitytaknyga.lt\/en\/wp-json\/wp\/v2\/types\/product"}],"replies":[{"embeddable":true,"href":"https:\/\/skaitytaknyga.lt\/en\/wp-json\/wp\/v2\/comments?post=20461"}],"wp:featuredmedia":[{"embeddable":true,"href":"https:\/\/skaitytaknyga.lt\/en\/wp-json\/wp\/v2\/media\/20466"}],"wp:attachment":[{"href":"https:\/\/skaitytaknyga.lt\/en\/wp-json\/wp\/v2\/media?parent=20461"}],"wp:term":[{"taxonomy":"product_brand","embeddable":true,"href":"https:\/\/skaitytaknyga.lt\/en\/wp-json\/wp\/v2\/product_brand?post=20461"},{"taxonomy":"product_cat","embeddable":true,"href":"https:\/\/skaitytaknyga.lt\/en\/wp-json\/wp\/v2\/product_cat?post=20461"},{"taxonomy":"product_tag","embeddable":true,"href":"https:\/\/skaitytaknyga.lt\/en\/wp-json\/wp\/v2\/product_tag?post=20461"}],"curies":[{"name":"wp","href":"https:\/\/api.w.org\/{rel}","templated":true}]}}