{"id":20459,"date":"2025-08-27T11:22:19","date_gmt":"2025-08-27T08:22:19","guid":{"rendered":"https:\/\/skaitytaknyga.lt\/?post_type=product&#038;p=20459"},"modified":"2025-10-11T10:38:30","modified_gmt":"2025-10-11T07:38:30","slug":"lt-5","status":"publish","type":"product","link":"https:\/\/skaitytaknyga.lt\/en\/produktas\/lt-5\/","title":{"rendered":"Dono Chuano mokymas (I dalis). Kita tikrov\u0117 (II dalis)"},"content":{"rendered":"<p>\u012e \u0161i\u0105 knyg\u0105 sud\u0117ti du pirmieji did\u017eiojo XX am\u017eiaus ezoteriko Karloso Kastanedos (Carlos Castaneda) autobiografiniai k\u016briniai. ***<\/p>\n<p>&#8220;Dono Chuano mokymas&#8221; kalba apie pa\u010di\u0105 pirm\u0105j\u0105 pa\u017eint\u012f, kai jaunas, i\u0161silavin\u0119s ir \u201e\u0161iuolaiki\u0161kai\u201c m\u0105stantis Kalifornijos universiteto antropologijos studentas K. Kastaneda, rinkdamas informacij\u0105 apie gydomuosius augalus, sutiko jaki\u0173 genties ind\u0117n\u0105 Chuan\u0105 Matus\u0105. Ir tada Kastanedos pasaulis, paremtas vakarieti\u0161ku pa\u017einimo modeliu bei vakarieti\u0161ka \u017eini\u0173 sistema, netik\u0117tai \u017elugo. ***<\/p>\n<p>&#8220;Kita tikrov\u0117&#8221; yra Dono Chuano mokymo t\u0119sinys. Joje autorius apra\u0161o, kaip jis nedr\u0105siai ir baik\u0161\u010diai bando pa\u017einti nauj\u0105j\u012f pasaul\u012f.Jame jis \u017eengia tik pirmuosius \u017eingsnius. Tai gyvenimas tarp dviej\u0173 tikrovi\u0173: vienos, magi\u0161kosios, kont\u016brai dar tik ima ry\u0161k\u0117ti, o kita, \u012fprastin\u0117, jau yra praradusi savo pirmin\u0119 reik\u0161m\u0119.<\/p>\n","protected":false},"excerpt":{"rendered":"<p>\u012e \u0161i\u0105 knyg\u0105 sud\u0117ti du pirmieji did\u017eiojo XX am\u017eiaus ezoteriko Karloso Kastanedos (Carlos Castaneda) autobiografiniai k\u016briniai. *** &#8220;Dono Chuano mokymas&#8221; kalba apie pa\u010di\u0105 pirm\u0105j\u0105 pa\u017eint\u012f, kai jaunas, i\u0161silavin\u0119s ir \u201e\u0161iuolaiki\u0161kai\u201c m\u0105stantis Kalifornijos universiteto antropologijos studentas K. Kastaneda, rinkdamas informacij\u0105 apie gydomuosius augalus, sutiko jaki\u0173 genties ind\u0117n\u0105 Chuan\u0105 Matus\u0105. Ir tada Kastanedos pasaulis, paremtas vakarieti\u0161ku pa\u017einimo modeliu bei vakarieti\u0161ka \u017eini\u0173 sistema, netik\u0117tai \u017elugo. *** &#8220;Kita tikrov\u0117&#8221; yra Dono Chuano mokymo t\u0119sinys. Joje autorius apra\u0161o, kaip jis nedr\u0105siai ir baik\u0161\u010diai bando pa\u017einti nauj\u0105j\u012f pasaul\u012f.Jame jis \u017eengia tik pirmuosius \u017eingsnius. Tai gyvenimas tarp dviej\u0173 tikrovi\u0173: vienos, magi\u0161kosios, kont\u016brai dar tik ima ry\u0161k\u0117ti, o kita, \u012fprastin\u0117, jau yra praradusi savo pirmin\u0119 reik\u0161m\u0119.<\/p>\n","protected":false},"featured_media":20464,"comment_status":"open","ping_status":"closed","template":"","meta":{"_acf_changed":false,"site-sidebar-layout":"default","site-content-layout":"","ast-site-content-layout":"default","site-content-style":"default","site-sidebar-style":"default","ast-global-header-display":"","ast-banner-title-visibility":"","ast-main-header-display":"","ast-hfb-above-header-display":"","ast-hfb-below-header-display":"","ast-hfb-mobile-header-display":"","site-post-title":"","ast-breadcrumbs-content":"","ast-featured-img":"","footer-sml-layout":"","ast-disable-related-posts":"","theme-transparent-header-meta":"","adv-header-id-meta":"","stick-header-meta":"","header-above-stick-meta":"","header-main-stick-meta":"","header-below-stick-meta":"","astra-migrate-meta-layouts":"default","ast-page-background-enabled":"default","ast-page-background-meta":{"desktop":{"background-color":"","background-image":"","background-repeat":"repeat","background-position":"center center","background-size":"auto","background-attachment":"scroll","background-type":"","background-media":"","overlay-type":"","overlay-color":"","overlay-opacity":"","overlay-gradient":""},"tablet":{"background-color":"","background-image":"","background-repeat":"repeat","background-position":"center center","background-size":"auto","background-attachment":"scroll","background-type":"","background-media":"","overlay-type":"","overlay-color":"","overlay-opacity":"","overlay-gradient":""},"mobile":{"background-color":"","background-image":"","background-repeat":"repeat","background-position":"center center","background-size":"auto","background-attachment":"scroll","background-type":"","background-media":"","overlay-type":"","overlay-color":"","overlay-opacity":"","overlay-gradient":""}},"ast-content-background-meta":{"desktop":{"background-color":"var(--ast-global-color-4)","background-image":"","background-repeat":"repeat","background-position":"center center","background-size":"auto","background-attachment":"scroll","background-type":"","background-media":"","overlay-type":"","overlay-color":"","overlay-opacity":"","overlay-gradient":""},"tablet":{"background-color":"var(--ast-global-color-4)","background-image":"","background-repeat":"repeat","background-position":"center center","background-size":"auto","background-attachment":"scroll","background-type":"","background-media":"","overlay-type":"","overlay-color":"","overlay-opacity":"","overlay-gradient":""},"mobile":{"background-color":"var(--ast-global-color-4)","background-image":"","background-repeat":"repeat","background-position":"center center","background-size":"auto","background-attachment":"scroll","background-type":"","background-media":"","overlay-type":"","overlay-color":"","overlay-opacity":"","overlay-gradient":""}}},"product_brand":[],"product_cat":[15],"product_tag":[4486,7944,7941,7942,7943],"class_list":{"0":"post-20459","1":"product","2":"type-product","3":"status-publish","4":"has-post-thumbnail","6":"product_cat-uncategorized","7":"product_tag-antropologija","8":"product_tag-autentiskas-pazinimas","9":"product_tag-carlos-castaneda-ezoterika","10":"product_tag-dono-chuano-mokymas","11":"product_tag-kita-tikrove","12":"desktop-align-left","13":"tablet-align-left","14":"mobile-align-left","16":"first","17":"instock","18":"shipping-taxable","19":"purchasable","20":"product-type-simple"},"acf":[],"yoast_head":"<!-- This site is optimized with the Yoast SEO plugin v27.0 - https:\/\/yoast.com\/product\/yoast-seo-wordpress\/ -->\n<title>Dono Chuano mokymas (I dalis). Kita tikrov\u0117 (II dalis)<\/title>\n<meta name=\"description\" content=\"\u012e \u0161i\u0105 knyg\u0105 sud\u0117ti du pirmieji did\u017eiojo XX am\u017eiaus ezoteriko Karloso Kastanedos (Carlos Castaneda) autobiografiniai k\u016briniai. *** &quot;Dono Chuano mokymas&quot;\" \/>\n<meta name=\"robots\" content=\"index, follow, max-snippet:-1, max-image-preview:large, max-video-preview:-1\" \/>\n<link rel=\"canonical\" href=\"https:\/\/skaitytaknyga.lt\/en\/produktas\/lt-5\/\" \/>\n<meta property=\"og:locale\" content=\"en_GB\" \/>\n<meta property=\"og:locale:alternate\" content=\"lt_LT\" \/>\n<meta property=\"og:type\" content=\"article\" \/>\n<meta property=\"og:title\" content=\"Dono Chuano mokymas (I dalis). Kita tikrov\u0117 (II dalis)\" \/>\n<meta property=\"og:description\" content=\"\u012e \u0161i\u0105 knyg\u0105 sud\u0117ti du pirmieji did\u017eiojo XX am\u017eiaus ezoteriko Karloso Kastanedos (Carlos Castaneda) autobiografiniai k\u016briniai. *** &quot;Dono Chuano mokymas&quot;\" \/>\n<meta property=\"og:url\" content=\"https:\/\/skaitytaknyga.lt\/en\/produktas\/lt-5\/\" \/>\n<meta property=\"og:site_name\" content=\"Skaitytaknyga\" \/>\n<meta property=\"article:publisher\" content=\"https:\/\/www.facebook.com\/skaitytaknyga\/\" \/>\n<meta property=\"article:modified_time\" content=\"2025-10-11T07:38:30+00:00\" \/>\n<meta property=\"og:image\" content=\"https:\/\/skaitytaknyga.lt\/wp-content\/uploads\/2025\/08\/Don-Chuano-mokymas-I-dalis.-Kita-tikrove-II-dalis-1.webp\" \/>\n\t<meta property=\"og:image:width\" content=\"367\" \/>\n\t<meta property=\"og:image:height\" content=\"575\" \/>\n\t<meta property=\"og:image:type\" content=\"image\/webp\" \/>\n<meta name=\"twitter:card\" content=\"summary_large_image\" \/>\n<meta name=\"twitter:label1\" content=\"Estimated reading time\" \/>\n\t<meta name=\"twitter:data1\" content=\"1 minute\" \/>\n<script type=\"application\/ld+json\" class=\"yoast-schema-graph\">{\"@context\":\"https:\/\/schema.org\",\"@graph\":[{\"@type\":\"WebPage\",\"@id\":\"https:\/\/skaitytaknyga.lt\/produktas\/lt-5\/\",\"url\":\"https:\/\/skaitytaknyga.lt\/produktas\/lt-5\/\",\"name\":\"Dono Chuano mokymas (I dalis). Kita tikrov\u0117 (II dalis)\",\"isPartOf\":{\"@id\":\"https:\/\/skaitytaknyga.lt\/#website\"},\"primaryImageOfPage\":{\"@id\":\"https:\/\/skaitytaknyga.lt\/produktas\/lt-5\/#primaryimage\"},\"image\":{\"@id\":\"https:\/\/skaitytaknyga.lt\/produktas\/lt-5\/#primaryimage\"},\"thumbnailUrl\":\"https:\/\/skaitytaknyga.lt\/wp-content\/uploads\/2025\/08\/Don-Chuano-mokymas-I-dalis.-Kita-tikrove-II-dalis-1.webp\",\"datePublished\":\"2025-08-27T08:22:19+00:00\",\"dateModified\":\"2025-10-11T07:38:30+00:00\",\"description\":\"\u012e \u0161i\u0105 knyg\u0105 sud\u0117ti du pirmieji did\u017eiojo XX am\u017eiaus ezoteriko Karloso Kastanedos (Carlos Castaneda) autobiografiniai k\u016briniai. *** \\\"Dono Chuano mokymas\\\"\",\"breadcrumb\":{\"@id\":\"https:\/\/skaitytaknyga.lt\/produktas\/lt-5\/#breadcrumb\"},\"inLanguage\":\"en-GB\",\"potentialAction\":[{\"@type\":\"ReadAction\",\"target\":[\"https:\/\/skaitytaknyga.lt\/produktas\/lt-5\/\"]}]},{\"@type\":\"ImageObject\",\"inLanguage\":\"en-GB\",\"@id\":\"https:\/\/skaitytaknyga.lt\/produktas\/lt-5\/#primaryimage\",\"url\":\"https:\/\/skaitytaknyga.lt\/wp-content\/uploads\/2025\/08\/Don-Chuano-mokymas-I-dalis.-Kita-tikrove-II-dalis-1.webp\",\"contentUrl\":\"https:\/\/skaitytaknyga.lt\/wp-content\/uploads\/2025\/08\/Don-Chuano-mokymas-I-dalis.-Kita-tikrove-II-dalis-1.webp\",\"width\":367,\"height\":575,\"caption\":\"Don Chuano mokymas (I dalis). Kita tikrov\u0117 (II dalis)\"},{\"@type\":\"BreadcrumbList\",\"@id\":\"https:\/\/skaitytaknyga.lt\/produktas\/lt-5\/#breadcrumb\",\"itemListElement\":[{\"@type\":\"ListItem\",\"position\":1,\"name\":\"Home\",\"item\":\"https:\/\/skaitytaknyga.lt\/\"},{\"@type\":\"ListItem\",\"position\":2,\"name\":\"Parduotuv\u0117\",\"item\":\"https:\/\/skaitytaknyga.lt\/knygu-parduotuve\/\"},{\"@type\":\"ListItem\",\"position\":3,\"name\":\"Dono Chuano mokymas (I dalis). Kita tikrov\u0117 (II dalis)\"}]},{\"@type\":\"WebSite\",\"@id\":\"https:\/\/skaitytaknyga.lt\/#website\",\"url\":\"https:\/\/skaitytaknyga.lt\/\",\"name\":\"skaitytaknyga.lt\",\"description\":\"Skaitytaknyga.lt \u2013 tai ma\u017eas \u0161eimos verslas, kuris prasid\u0117jo nuo meil\u0117s knygoms ir siekio i\u0161gelb\u0117ti knygas nuo likimo prie konteinerio. Kas vienam nereikalingas daiktas \u2013 kitam lobis, o mes esame tarpininkai, kurie padeda abiems tapti laimingesniems ???? \u017dinome kaip nelengva i\u0161gyventi ma\u017eiems verslams, tad nuo \u0161iol, \u010dia rasite ir kit\u0173, ma\u017e\u0173 \u0161eim\u0173 versl\u0173, rank\u0173 darbo, dovan\u0173 sau ir artimiesiems.\",\"publisher\":{\"@id\":\"https:\/\/skaitytaknyga.lt\/#organization\"},\"potentialAction\":[{\"@type\":\"SearchAction\",\"target\":{\"@type\":\"EntryPoint\",\"urlTemplate\":\"https:\/\/skaitytaknyga.lt\/?s={search_term_string}\"},\"query-input\":{\"@type\":\"PropertyValueSpecification\",\"valueRequired\":true,\"valueName\":\"search_term_string\"}}],\"inLanguage\":\"en-GB\"},{\"@type\":\"Organization\",\"@id\":\"https:\/\/skaitytaknyga.lt\/#organization\",\"name\":\"skaitytaknyga.lt\",\"url\":\"https:\/\/skaitytaknyga.lt\/\",\"logo\":{\"@type\":\"ImageObject\",\"inLanguage\":\"en-GB\",\"@id\":\"https:\/\/skaitytaknyga.lt\/#\/schema\/logo\/image\/\",\"url\":\"https:\/\/skaitytaknyga.lt\/wp-content\/uploads\/2024\/05\/cropped-cropped-cropped-02_00843_jt3bggkj1j3HLc7SyY6rEUpg.jpeg\",\"contentUrl\":\"https:\/\/skaitytaknyga.lt\/wp-content\/uploads\/2024\/05\/cropped-cropped-cropped-02_00843_jt3bggkj1j3HLc7SyY6rEUpg.jpeg\",\"width\":1600,\"height\":1600,\"caption\":\"skaitytaknyga.lt\"},\"image\":{\"@id\":\"https:\/\/skaitytaknyga.lt\/#\/schema\/logo\/image\/\"},\"sameAs\":[\"https:\/\/www.facebook.com\/skaitytaknyga\/\"]}]}<\/script>\n<!-- \/ Yoast SEO plugin. -->","yoast_head_json":{"title":"Dono Chuano mokymas (I dalis). Kita tikrov\u0117 (II dalis)","description":"\u012e \u0161i\u0105 knyg\u0105 sud\u0117ti du pirmieji did\u017eiojo XX am\u017eiaus ezoteriko Karloso Kastanedos (Carlos Castaneda) autobiografiniai k\u016briniai. *** \"Dono Chuano mokymas\"","robots":{"index":"index","follow":"follow","max-snippet":"max-snippet:-1","max-image-preview":"max-image-preview:large","max-video-preview":"max-video-preview:-1"},"canonical":"https:\/\/skaitytaknyga.lt\/en\/produktas\/lt-5\/","og_locale":"en_GB","og_type":"article","og_title":"[:lt]Dono Chuano mokymas (I dalis). Kita tikrov\u0117 (II dalis)[:] - Skaitytaknyga","og_description":"\u012e \u0161i\u0105 knyg\u0105 sud\u0117ti du pirmieji did\u017eiojo XX am\u017eiaus ezoteriko Karloso Kastanedos (Carlos Castaneda) autobiografiniai k\u016briniai. *** \"Dono Chuano mokymas\"","og_url":"https:\/\/skaitytaknyga.lt\/en\/produktas\/lt-5\/","og_site_name":"Skaitytaknyga","article_publisher":"https:\/\/www.facebook.com\/skaitytaknyga\/","article_modified_time":"2025-10-11T07:38:30+00:00","og_image":[{"width":367,"height":575,"url":"https:\/\/skaitytaknyga.lt\/wp-content\/uploads\/2025\/08\/Don-Chuano-mokymas-I-dalis.-Kita-tikrove-II-dalis-1.webp","type":"image\/webp"}],"twitter_card":"summary_large_image","twitter_misc":{"Estimated reading time":"1 minute"},"schema":{"@context":"https:\/\/schema.org","@graph":[{"@type":"WebPage","@id":"https:\/\/skaitytaknyga.lt\/produktas\/lt-5\/","url":"https:\/\/skaitytaknyga.lt\/produktas\/lt-5\/","name":"Dono Chuano mokymas (I dalis). Kita tikrov\u0117 (II dalis)","isPartOf":{"@id":"https:\/\/skaitytaknyga.lt\/#website"},"primaryImageOfPage":{"@id":"https:\/\/skaitytaknyga.lt\/produktas\/lt-5\/#primaryimage"},"image":{"@id":"https:\/\/skaitytaknyga.lt\/produktas\/lt-5\/#primaryimage"},"thumbnailUrl":"https:\/\/skaitytaknyga.lt\/wp-content\/uploads\/2025\/08\/Don-Chuano-mokymas-I-dalis.-Kita-tikrove-II-dalis-1.webp","datePublished":"2025-08-27T08:22:19+00:00","dateModified":"2025-10-11T07:38:30+00:00","description":"\u012e \u0161i\u0105 knyg\u0105 sud\u0117ti du pirmieji did\u017eiojo XX am\u017eiaus ezoteriko Karloso Kastanedos (Carlos Castaneda) autobiografiniai k\u016briniai. *** \"Dono Chuano mokymas\"","breadcrumb":{"@id":"https:\/\/skaitytaknyga.lt\/produktas\/lt-5\/#breadcrumb"},"inLanguage":"en-GB","potentialAction":[{"@type":"ReadAction","target":["https:\/\/skaitytaknyga.lt\/produktas\/lt-5\/"]}]},{"@type":"ImageObject","inLanguage":"en-GB","@id":"https:\/\/skaitytaknyga.lt\/produktas\/lt-5\/#primaryimage","url":"https:\/\/skaitytaknyga.lt\/wp-content\/uploads\/2025\/08\/Don-Chuano-mokymas-I-dalis.-Kita-tikrove-II-dalis-1.webp","contentUrl":"https:\/\/skaitytaknyga.lt\/wp-content\/uploads\/2025\/08\/Don-Chuano-mokymas-I-dalis.-Kita-tikrove-II-dalis-1.webp","width":367,"height":575,"caption":"Don Chuano mokymas (I dalis). Kita tikrov\u0117 (II dalis)"},{"@type":"BreadcrumbList","@id":"https:\/\/skaitytaknyga.lt\/produktas\/lt-5\/#breadcrumb","itemListElement":[{"@type":"ListItem","position":1,"name":"Home","item":"https:\/\/skaitytaknyga.lt\/"},{"@type":"ListItem","position":2,"name":"Parduotuv\u0117","item":"https:\/\/skaitytaknyga.lt\/knygu-parduotuve\/"},{"@type":"ListItem","position":3,"name":"Dono Chuano mokymas (I dalis). Kita tikrov\u0117 (II dalis)"}]},{"@type":"WebSite","@id":"https:\/\/skaitytaknyga.lt\/#website","url":"https:\/\/skaitytaknyga.lt\/","name":"skaitytaknyga.lt","description":"Skaitytaknyga.lt \u2013 tai ma\u017eas \u0161eimos verslas, kuris prasid\u0117jo nuo meil\u0117s knygoms ir siekio i\u0161gelb\u0117ti knygas nuo likimo prie konteinerio. Kas vienam nereikalingas daiktas \u2013 kitam lobis, o mes esame tarpininkai, kurie padeda abiems tapti laimingesniems ???? \u017dinome kaip nelengva i\u0161gyventi ma\u017eiems verslams, tad nuo \u0161iol, \u010dia rasite ir kit\u0173, ma\u017e\u0173 \u0161eim\u0173 versl\u0173, rank\u0173 darbo, dovan\u0173 sau ir artimiesiems.","publisher":{"@id":"https:\/\/skaitytaknyga.lt\/#organization"},"potentialAction":[{"@type":"SearchAction","target":{"@type":"EntryPoint","urlTemplate":"https:\/\/skaitytaknyga.lt\/?s={search_term_string}"},"query-input":{"@type":"PropertyValueSpecification","valueRequired":true,"valueName":"search_term_string"}}],"inLanguage":"en-GB"},{"@type":"Organization","@id":"https:\/\/skaitytaknyga.lt\/#organization","name":"skaitytaknyga.lt","url":"https:\/\/skaitytaknyga.lt\/","logo":{"@type":"ImageObject","inLanguage":"en-GB","@id":"https:\/\/skaitytaknyga.lt\/#\/schema\/logo\/image\/","url":"https:\/\/skaitytaknyga.lt\/wp-content\/uploads\/2024\/05\/cropped-cropped-cropped-02_00843_jt3bggkj1j3HLc7SyY6rEUpg.jpeg","contentUrl":"https:\/\/skaitytaknyga.lt\/wp-content\/uploads\/2024\/05\/cropped-cropped-cropped-02_00843_jt3bggkj1j3HLc7SyY6rEUpg.jpeg","width":1600,"height":1600,"caption":"skaitytaknyga.lt"},"image":{"@id":"https:\/\/skaitytaknyga.lt\/#\/schema\/logo\/image\/"},"sameAs":["https:\/\/www.facebook.com\/skaitytaknyga\/"]}]}},"_links":{"self":[{"href":"https:\/\/skaitytaknyga.lt\/en\/wp-json\/wp\/v2\/product\/20459","targetHints":{"allow":["GET"]}}],"collection":[{"href":"https:\/\/skaitytaknyga.lt\/en\/wp-json\/wp\/v2\/product"}],"about":[{"href":"https:\/\/skaitytaknyga.lt\/en\/wp-json\/wp\/v2\/types\/product"}],"replies":[{"embeddable":true,"href":"https:\/\/skaitytaknyga.lt\/en\/wp-json\/wp\/v2\/comments?post=20459"}],"wp:featuredmedia":[{"embeddable":true,"href":"https:\/\/skaitytaknyga.lt\/en\/wp-json\/wp\/v2\/media\/20464"}],"wp:attachment":[{"href":"https:\/\/skaitytaknyga.lt\/en\/wp-json\/wp\/v2\/media?parent=20459"}],"wp:term":[{"taxonomy":"product_brand","embeddable":true,"href":"https:\/\/skaitytaknyga.lt\/en\/wp-json\/wp\/v2\/product_brand?post=20459"},{"taxonomy":"product_cat","embeddable":true,"href":"https:\/\/skaitytaknyga.lt\/en\/wp-json\/wp\/v2\/product_cat?post=20459"},{"taxonomy":"product_tag","embeddable":true,"href":"https:\/\/skaitytaknyga.lt\/en\/wp-json\/wp\/v2\/product_tag?post=20459"}],"curies":[{"name":"wp","href":"https:\/\/api.w.org\/{rel}","templated":true}]}}