{"id":20457,"date":"2025-08-27T11:22:19","date_gmt":"2025-08-27T08:22:19","guid":{"rendered":"https:\/\/skaitytaknyga.lt\/?post_type=product&#038;p=20457"},"modified":"2025-09-27T18:59:34","modified_gmt":"2025-09-27T15:59:34","slug":"anapus-valdzios-duru","status":"publish","type":"product","link":"https:\/\/skaitytaknyga.lt\/en\/produktas\/anapus-valdzios-duru\/","title":{"rendered":"Anapus vald\u017eios dur\u0173"},"content":{"rendered":"<p>Petras Navikas (g. 1934) &#8211; ekonomistas, pus\u0119 am\u017eiaus i\u0161dirb\u0119s vyriausybin\u0117se \u012fstaigose (Ministr\u0173 taryboje, Maisto pramon\u0117s bei Pramon\u0117s ministerijose). Visuomen\u0117je \u017einomas kaip publicistas ir vald\u017eios kritikas, &#8220;Anapus vald\u017eios dur\u0173&#8221;, &#8220;Korupcijos globa&#8221;, &#8220;Teisingumo parodija&#8221; ir kt. knyg\u0173, taip pat gausyb\u0117s straipsni\u0173 autorius.<\/p>\n<p>Ne\u017ei\u016brint garbaus am\u017eiaus, paskutiniu metu P. Navikas rei\u0161kiasi ir internete, dr\u0105siai lygindamas ir dabarties kapitalistin\u0119 santvark\u0105 su tarybine, besiremiant faktais ir savo praktiniu patyrimu. \u0160iuo po\u017ei\u016briu jis i\u0161siskiria i\u0161 daugumos kit\u0173 esam\u0173 bei buvusi\u0173 valstyb\u0117s tarnautoj\u0173, linkusi\u0173 arba nuolankiai atkartoti oficiozo diktuojam\u0105 pozicij\u0105, arba tiesiog tyl\u0117ti.<\/p>\n","protected":false},"excerpt":{"rendered":"<p>Petras Navikas (g. 1934) &#8211; ekonomistas, pus\u0119 am\u017eiaus i\u0161dirb\u0119s vyriausybin\u0117se \u012fstaigose (Ministr\u0173 taryboje, Maisto pramon\u0117s bei Pramon\u0117s ministerijose). Visuomen\u0117je \u017einomas kaip publicistas ir vald\u017eios kritikas, &#8220;Anapus vald\u017eios dur\u0173&#8221;, &#8220;Korupcijos globa&#8221;, &#8220;Teisingumo parodija&#8221; ir kt. knyg\u0173, taip pat gausyb\u0117s straipsni\u0173 autorius. Ne\u017ei\u016brint garbaus am\u017eiaus, paskutiniu metu P. Navikas rei\u0161kiasi ir internete, dr\u0105siai lygindamas ir dabarties kapitalistin\u0119 santvark\u0105 su tarybine, besiremiant faktais ir savo praktiniu patyrimu. \u0160iuo po\u017ei\u016briu jis i\u0161siskiria i\u0161 daugumos kit\u0173 esam\u0173 bei buvusi\u0173 valstyb\u0117s tarnautoj\u0173, linkusi\u0173 arba nuolankiai atkartoti oficiozo diktuojam\u0105 pozicij\u0105, arba tiesiog tyl\u0117ti.<\/p>\n","protected":false},"featured_media":20462,"comment_status":"open","ping_status":"closed","template":"","meta":{"_acf_changed":false,"site-sidebar-layout":"default","site-content-layout":"","ast-site-content-layout":"default","site-content-style":"default","site-sidebar-style":"default","ast-global-header-display":"","ast-banner-title-visibility":"","ast-main-header-display":"","ast-hfb-above-header-display":"","ast-hfb-below-header-display":"","ast-hfb-mobile-header-display":"","site-post-title":"","ast-breadcrumbs-content":"","ast-featured-img":"","footer-sml-layout":"","ast-disable-related-posts":"","theme-transparent-header-meta":"","adv-header-id-meta":"","stick-header-meta":"","header-above-stick-meta":"","header-main-stick-meta":"","header-below-stick-meta":"","astra-migrate-meta-layouts":"default","ast-page-background-enabled":"default","ast-page-background-meta":{"desktop":{"background-color":"","background-image":"","background-repeat":"repeat","background-position":"center center","background-size":"auto","background-attachment":"scroll","background-type":"","background-media":"","overlay-type":"","overlay-color":"","overlay-opacity":"","overlay-gradient":""},"tablet":{"background-color":"","background-image":"","background-repeat":"repeat","background-position":"center center","background-size":"auto","background-attachment":"scroll","background-type":"","background-media":"","overlay-type":"","overlay-color":"","overlay-opacity":"","overlay-gradient":""},"mobile":{"background-color":"","background-image":"","background-repeat":"repeat","background-position":"center center","background-size":"auto","background-attachment":"scroll","background-type":"","background-media":"","overlay-type":"","overlay-color":"","overlay-opacity":"","overlay-gradient":""}},"ast-content-background-meta":{"desktop":{"background-color":"var(--ast-global-color-4)","background-image":"","background-repeat":"repeat","background-position":"center center","background-size":"auto","background-attachment":"scroll","background-type":"","background-media":"","overlay-type":"","overlay-color":"","overlay-opacity":"","overlay-gradient":""},"tablet":{"background-color":"var(--ast-global-color-4)","background-image":"","background-repeat":"repeat","background-position":"center center","background-size":"auto","background-attachment":"scroll","background-type":"","background-media":"","overlay-type":"","overlay-color":"","overlay-opacity":"","overlay-gradient":""},"mobile":{"background-color":"var(--ast-global-color-4)","background-image":"","background-repeat":"repeat","background-position":"center center","background-size":"auto","background-attachment":"scroll","background-type":"","background-media":"","overlay-type":"","overlay-color":"","overlay-opacity":"","overlay-gradient":""}}},"product_brand":[],"product_cat":[174],"product_tag":[7939,1529,6355,6367,2364],"class_list":{"0":"post-20457","1":"product","2":"type-product","3":"status-publish","4":"has-post-thumbnail","6":"product_cat-istorija-ir-politologija","7":"product_tag-anapus-valdzios-duru-politika","8":"product_tag-ekonomika","9":"product_tag-kritika","10":"product_tag-publicistika","11":"product_tag-valdzia","12":"desktop-align-left","13":"tablet-align-left","14":"mobile-align-left","16":"first","17":"instock","18":"shipping-taxable","19":"purchasable","20":"product-type-simple"},"acf":[],"yoast_head":"<!-- This site is optimized with the Yoast SEO plugin v27.0 - https:\/\/yoast.com\/product\/yoast-seo-wordpress\/ -->\n<title>Anapus vald\u017eios dur\u0173<\/title>\n<meta name=\"description\" content=\"Petras Navikas (g. 1934) - ekonomistas, pus\u0119 am\u017eiaus i\u0161dirb\u0119s vyriausybin\u0117se \u012fstaigose (Ministr\u0173 taryboje, Maisto pramon\u0117s bei Pramon\u0117s ministerijose).\" \/>\n<meta name=\"robots\" content=\"index, follow, max-snippet:-1, max-image-preview:large, max-video-preview:-1\" \/>\n<link rel=\"canonical\" href=\"https:\/\/skaitytaknyga.lt\/en\/produktas\/anapus-valdzios-duru\/\" \/>\n<meta property=\"og:locale\" content=\"en_GB\" \/>\n<meta property=\"og:locale:alternate\" content=\"lt_LT\" \/>\n<meta property=\"og:type\" content=\"article\" \/>\n<meta property=\"og:title\" content=\"Anapus vald\u017eios dur\u0173\" \/>\n<meta property=\"og:description\" content=\"Petras Navikas (g. 1934) - ekonomistas, pus\u0119 am\u017eiaus i\u0161dirb\u0119s vyriausybin\u0117se \u012fstaigose (Ministr\u0173 taryboje, Maisto pramon\u0117s bei Pramon\u0117s ministerijose).\" \/>\n<meta property=\"og:url\" content=\"https:\/\/skaitytaknyga.lt\/en\/produktas\/anapus-valdzios-duru\/\" \/>\n<meta property=\"og:site_name\" content=\"Skaitytaknyga\" \/>\n<meta property=\"article:publisher\" content=\"https:\/\/www.facebook.com\/skaitytaknyga\/\" \/>\n<meta property=\"article:modified_time\" content=\"2025-09-27T15:59:34+00:00\" \/>\n<meta property=\"og:image\" content=\"https:\/\/skaitytaknyga.lt\/wp-content\/uploads\/2025\/08\/anapus-1.webp\" \/>\n\t<meta property=\"og:image:width\" content=\"359\" \/>\n\t<meta property=\"og:image:height\" content=\"575\" \/>\n\t<meta property=\"og:image:type\" content=\"image\/webp\" \/>\n<meta name=\"twitter:card\" content=\"summary_large_image\" \/>\n<meta name=\"twitter:label1\" content=\"Estimated reading time\" \/>\n\t<meta name=\"twitter:data1\" content=\"1 minute\" \/>\n<script type=\"application\/ld+json\" class=\"yoast-schema-graph\">{\"@context\":\"https:\/\/schema.org\",\"@graph\":[{\"@type\":\"WebPage\",\"@id\":\"https:\/\/skaitytaknyga.lt\/produktas\/anapus-valdzios-duru\/\",\"url\":\"https:\/\/skaitytaknyga.lt\/produktas\/anapus-valdzios-duru\/\",\"name\":\"Anapus vald\u017eios dur\u0173\",\"isPartOf\":{\"@id\":\"https:\/\/skaitytaknyga.lt\/#website\"},\"primaryImageOfPage\":{\"@id\":\"https:\/\/skaitytaknyga.lt\/produktas\/anapus-valdzios-duru\/#primaryimage\"},\"image\":{\"@id\":\"https:\/\/skaitytaknyga.lt\/produktas\/anapus-valdzios-duru\/#primaryimage\"},\"thumbnailUrl\":\"https:\/\/skaitytaknyga.lt\/wp-content\/uploads\/2025\/08\/anapus-1.webp\",\"datePublished\":\"2025-08-27T08:22:19+00:00\",\"dateModified\":\"2025-09-27T15:59:34+00:00\",\"description\":\"Petras Navikas (g. 1934) - ekonomistas, pus\u0119 am\u017eiaus i\u0161dirb\u0119s vyriausybin\u0117se \u012fstaigose (Ministr\u0173 taryboje, Maisto pramon\u0117s bei Pramon\u0117s ministerijose).\",\"breadcrumb\":{\"@id\":\"https:\/\/skaitytaknyga.lt\/produktas\/anapus-valdzios-duru\/#breadcrumb\"},\"inLanguage\":\"en-GB\",\"potentialAction\":[{\"@type\":\"ReadAction\",\"target\":[\"https:\/\/skaitytaknyga.lt\/produktas\/anapus-valdzios-duru\/\"]}]},{\"@type\":\"ImageObject\",\"inLanguage\":\"en-GB\",\"@id\":\"https:\/\/skaitytaknyga.lt\/produktas\/anapus-valdzios-duru\/#primaryimage\",\"url\":\"https:\/\/skaitytaknyga.lt\/wp-content\/uploads\/2025\/08\/anapus-1.webp\",\"contentUrl\":\"https:\/\/skaitytaknyga.lt\/wp-content\/uploads\/2025\/08\/anapus-1.webp\",\"width\":359,\"height\":575,\"caption\":\"Anapus vald\u017eios dur\u0173\"},{\"@type\":\"BreadcrumbList\",\"@id\":\"https:\/\/skaitytaknyga.lt\/produktas\/anapus-valdzios-duru\/#breadcrumb\",\"itemListElement\":[{\"@type\":\"ListItem\",\"position\":1,\"name\":\"Home\",\"item\":\"https:\/\/skaitytaknyga.lt\/\"},{\"@type\":\"ListItem\",\"position\":2,\"name\":\"Parduotuv\u0117\",\"item\":\"https:\/\/skaitytaknyga.lt\/knygu-parduotuve\/\"},{\"@type\":\"ListItem\",\"position\":3,\"name\":\"Anapus vald\u017eios dur\u0173\"}]},{\"@type\":\"WebSite\",\"@id\":\"https:\/\/skaitytaknyga.lt\/#website\",\"url\":\"https:\/\/skaitytaknyga.lt\/\",\"name\":\"skaitytaknyga.lt\",\"description\":\"Skaitytaknyga.lt \u2013 tai ma\u017eas \u0161eimos verslas, kuris prasid\u0117jo nuo meil\u0117s knygoms ir siekio i\u0161gelb\u0117ti knygas nuo likimo prie konteinerio. Kas vienam nereikalingas daiktas \u2013 kitam lobis, o mes esame tarpininkai, kurie padeda abiems tapti laimingesniems ???? \u017dinome kaip nelengva i\u0161gyventi ma\u017eiems verslams, tad nuo \u0161iol, \u010dia rasite ir kit\u0173, ma\u017e\u0173 \u0161eim\u0173 versl\u0173, rank\u0173 darbo, dovan\u0173 sau ir artimiesiems.\",\"publisher\":{\"@id\":\"https:\/\/skaitytaknyga.lt\/#organization\"},\"potentialAction\":[{\"@type\":\"SearchAction\",\"target\":{\"@type\":\"EntryPoint\",\"urlTemplate\":\"https:\/\/skaitytaknyga.lt\/?s={search_term_string}\"},\"query-input\":{\"@type\":\"PropertyValueSpecification\",\"valueRequired\":true,\"valueName\":\"search_term_string\"}}],\"inLanguage\":\"en-GB\"},{\"@type\":\"Organization\",\"@id\":\"https:\/\/skaitytaknyga.lt\/#organization\",\"name\":\"skaitytaknyga.lt\",\"url\":\"https:\/\/skaitytaknyga.lt\/\",\"logo\":{\"@type\":\"ImageObject\",\"inLanguage\":\"en-GB\",\"@id\":\"https:\/\/skaitytaknyga.lt\/#\/schema\/logo\/image\/\",\"url\":\"https:\/\/skaitytaknyga.lt\/wp-content\/uploads\/2024\/05\/cropped-cropped-cropped-02_00843_jt3bggkj1j3HLc7SyY6rEUpg.jpeg\",\"contentUrl\":\"https:\/\/skaitytaknyga.lt\/wp-content\/uploads\/2024\/05\/cropped-cropped-cropped-02_00843_jt3bggkj1j3HLc7SyY6rEUpg.jpeg\",\"width\":1600,\"height\":1600,\"caption\":\"skaitytaknyga.lt\"},\"image\":{\"@id\":\"https:\/\/skaitytaknyga.lt\/#\/schema\/logo\/image\/\"},\"sameAs\":[\"https:\/\/www.facebook.com\/skaitytaknyga\/\"]}]}<\/script>\n<!-- \/ Yoast SEO plugin. -->","yoast_head_json":{"title":"Anapus vald\u017eios dur\u0173","description":"Petras Navikas (g. 1934) - ekonomistas, pus\u0119 am\u017eiaus i\u0161dirb\u0119s vyriausybin\u0117se \u012fstaigose (Ministr\u0173 taryboje, Maisto pramon\u0117s bei Pramon\u0117s ministerijose).","robots":{"index":"index","follow":"follow","max-snippet":"max-snippet:-1","max-image-preview":"max-image-preview:large","max-video-preview":"max-video-preview:-1"},"canonical":"https:\/\/skaitytaknyga.lt\/en\/produktas\/anapus-valdzios-duru\/","og_locale":"en_GB","og_type":"article","og_title":"[:lt]Anapus vald\u017eios dur\u0173[:] - Skaitytaknyga","og_description":"Petras Navikas (g. 1934) - ekonomistas, pus\u0119 am\u017eiaus i\u0161dirb\u0119s vyriausybin\u0117se \u012fstaigose (Ministr\u0173 taryboje, Maisto pramon\u0117s bei Pramon\u0117s ministerijose).","og_url":"https:\/\/skaitytaknyga.lt\/en\/produktas\/anapus-valdzios-duru\/","og_site_name":"Skaitytaknyga","article_publisher":"https:\/\/www.facebook.com\/skaitytaknyga\/","article_modified_time":"2025-09-27T15:59:34+00:00","og_image":[{"width":359,"height":575,"url":"https:\/\/skaitytaknyga.lt\/wp-content\/uploads\/2025\/08\/anapus-1.webp","type":"image\/webp"}],"twitter_card":"summary_large_image","twitter_misc":{"Estimated reading time":"1 minute"},"schema":{"@context":"https:\/\/schema.org","@graph":[{"@type":"WebPage","@id":"https:\/\/skaitytaknyga.lt\/produktas\/anapus-valdzios-duru\/","url":"https:\/\/skaitytaknyga.lt\/produktas\/anapus-valdzios-duru\/","name":"Anapus vald\u017eios dur\u0173","isPartOf":{"@id":"https:\/\/skaitytaknyga.lt\/#website"},"primaryImageOfPage":{"@id":"https:\/\/skaitytaknyga.lt\/produktas\/anapus-valdzios-duru\/#primaryimage"},"image":{"@id":"https:\/\/skaitytaknyga.lt\/produktas\/anapus-valdzios-duru\/#primaryimage"},"thumbnailUrl":"https:\/\/skaitytaknyga.lt\/wp-content\/uploads\/2025\/08\/anapus-1.webp","datePublished":"2025-08-27T08:22:19+00:00","dateModified":"2025-09-27T15:59:34+00:00","description":"Petras Navikas (g. 1934) - ekonomistas, pus\u0119 am\u017eiaus i\u0161dirb\u0119s vyriausybin\u0117se \u012fstaigose (Ministr\u0173 taryboje, Maisto pramon\u0117s bei Pramon\u0117s ministerijose).","breadcrumb":{"@id":"https:\/\/skaitytaknyga.lt\/produktas\/anapus-valdzios-duru\/#breadcrumb"},"inLanguage":"en-GB","potentialAction":[{"@type":"ReadAction","target":["https:\/\/skaitytaknyga.lt\/produktas\/anapus-valdzios-duru\/"]}]},{"@type":"ImageObject","inLanguage":"en-GB","@id":"https:\/\/skaitytaknyga.lt\/produktas\/anapus-valdzios-duru\/#primaryimage","url":"https:\/\/skaitytaknyga.lt\/wp-content\/uploads\/2025\/08\/anapus-1.webp","contentUrl":"https:\/\/skaitytaknyga.lt\/wp-content\/uploads\/2025\/08\/anapus-1.webp","width":359,"height":575,"caption":"Anapus vald\u017eios dur\u0173"},{"@type":"BreadcrumbList","@id":"https:\/\/skaitytaknyga.lt\/produktas\/anapus-valdzios-duru\/#breadcrumb","itemListElement":[{"@type":"ListItem","position":1,"name":"Home","item":"https:\/\/skaitytaknyga.lt\/"},{"@type":"ListItem","position":2,"name":"Parduotuv\u0117","item":"https:\/\/skaitytaknyga.lt\/knygu-parduotuve\/"},{"@type":"ListItem","position":3,"name":"Anapus vald\u017eios dur\u0173"}]},{"@type":"WebSite","@id":"https:\/\/skaitytaknyga.lt\/#website","url":"https:\/\/skaitytaknyga.lt\/","name":"skaitytaknyga.lt","description":"Skaitytaknyga.lt \u2013 tai ma\u017eas \u0161eimos verslas, kuris prasid\u0117jo nuo meil\u0117s knygoms ir siekio i\u0161gelb\u0117ti knygas nuo likimo prie konteinerio. Kas vienam nereikalingas daiktas \u2013 kitam lobis, o mes esame tarpininkai, kurie padeda abiems tapti laimingesniems ???? \u017dinome kaip nelengva i\u0161gyventi ma\u017eiems verslams, tad nuo \u0161iol, \u010dia rasite ir kit\u0173, ma\u017e\u0173 \u0161eim\u0173 versl\u0173, rank\u0173 darbo, dovan\u0173 sau ir artimiesiems.","publisher":{"@id":"https:\/\/skaitytaknyga.lt\/#organization"},"potentialAction":[{"@type":"SearchAction","target":{"@type":"EntryPoint","urlTemplate":"https:\/\/skaitytaknyga.lt\/?s={search_term_string}"},"query-input":{"@type":"PropertyValueSpecification","valueRequired":true,"valueName":"search_term_string"}}],"inLanguage":"en-GB"},{"@type":"Organization","@id":"https:\/\/skaitytaknyga.lt\/#organization","name":"skaitytaknyga.lt","url":"https:\/\/skaitytaknyga.lt\/","logo":{"@type":"ImageObject","inLanguage":"en-GB","@id":"https:\/\/skaitytaknyga.lt\/#\/schema\/logo\/image\/","url":"https:\/\/skaitytaknyga.lt\/wp-content\/uploads\/2024\/05\/cropped-cropped-cropped-02_00843_jt3bggkj1j3HLc7SyY6rEUpg.jpeg","contentUrl":"https:\/\/skaitytaknyga.lt\/wp-content\/uploads\/2024\/05\/cropped-cropped-cropped-02_00843_jt3bggkj1j3HLc7SyY6rEUpg.jpeg","width":1600,"height":1600,"caption":"skaitytaknyga.lt"},"image":{"@id":"https:\/\/skaitytaknyga.lt\/#\/schema\/logo\/image\/"},"sameAs":["https:\/\/www.facebook.com\/skaitytaknyga\/"]}]}},"_links":{"self":[{"href":"https:\/\/skaitytaknyga.lt\/en\/wp-json\/wp\/v2\/product\/20457","targetHints":{"allow":["GET"]}}],"collection":[{"href":"https:\/\/skaitytaknyga.lt\/en\/wp-json\/wp\/v2\/product"}],"about":[{"href":"https:\/\/skaitytaknyga.lt\/en\/wp-json\/wp\/v2\/types\/product"}],"replies":[{"embeddable":true,"href":"https:\/\/skaitytaknyga.lt\/en\/wp-json\/wp\/v2\/comments?post=20457"}],"wp:featuredmedia":[{"embeddable":true,"href":"https:\/\/skaitytaknyga.lt\/en\/wp-json\/wp\/v2\/media\/20462"}],"wp:attachment":[{"href":"https:\/\/skaitytaknyga.lt\/en\/wp-json\/wp\/v2\/media?parent=20457"}],"wp:term":[{"taxonomy":"product_brand","embeddable":true,"href":"https:\/\/skaitytaknyga.lt\/en\/wp-json\/wp\/v2\/product_brand?post=20457"},{"taxonomy":"product_cat","embeddable":true,"href":"https:\/\/skaitytaknyga.lt\/en\/wp-json\/wp\/v2\/product_cat?post=20457"},{"taxonomy":"product_tag","embeddable":true,"href":"https:\/\/skaitytaknyga.lt\/en\/wp-json\/wp\/v2\/product_tag?post=20457"}],"curies":[{"name":"wp","href":"https:\/\/api.w.org\/{rel}","templated":true}]}}