{"id":20447,"date":"2025-08-27T11:12:56","date_gmt":"2025-08-27T08:12:56","guid":{"rendered":"https:\/\/skaitytaknyga.lt\/?post_type=product&#038;p=20447"},"modified":"2025-09-06T11:48:35","modified_gmt":"2025-09-06T08:48:35","slug":"kiek-trunka-sekunde","status":"publish","type":"product","link":"https:\/\/skaitytaknyga.lt\/en\/produktas\/kiek-trunka-sekunde\/","title":{"rendered":"Kiek trunka sekund\u0117"},"content":{"rendered":"<p>Kas yra \u0161viesa? Kas suteikia t\u0105 ypating\u0105 \u017eaves\u012f vaivoryk\u0161tei, \u017eaibui tamsiame danguje, saul\u0117lyd\u017eiui, saul\u0117s ap\u0161viest\u0173 ba\u017eny\u010di\u0173 vitra\u017eams ar \u017evak\u0117s liepsnos mirg\u0117jimui?<\/p>\n<p>Kas yra vanduo? Juk mes i\u0161 esm\u0117s egzistuojame kaip vanduo! Tad ar \u017einome, kas esame?<\/p>\n<p>Kas yra gyvyb\u0117?<\/p>\n<p>Ar pasaulis yra tik iliuzija?<\/p>\n<p>Ar esame vieni visatoje? Ar gyvena ir kur gyvena tie kiti, ar jie lanko mus ir bendrauja su \u017dem\u0117s \u017emon\u0117mis? Jei ne, tai kod\u0117l ir kur jie slepiasi?<\/p>\n<p>Kas bendra tarp mokslo ir meno? Ar galima suderinti moksl\u0105 ir etik\u0105? O moksl\u0105 ir tik\u0117jim\u0105? Gal mokslas jau u\u017e\u0117m\u0117 Dievo viet\u0105?<\/p>\n<p>Ar Lietuvos \u017emon\u0117s \u017eino, u\u017e k\u0105 kasmet Lietuvos mokslui skiriami \u0161imtai milijon\u0173 lit\u0173, o mokslininkams \u2013 solid\u017eios mokslo premijos?<\/p>\n<p>\u0160i knyga \u2013 apie pasaulio rei\u0161kinius. Joje kalbama apie mokslin\u012f pasaulio pa\u017einimo metod\u0105, mokslo \u017eini\u0173 k\u016bryb\u0105, mokslo santyk\u012f su kult\u016bra, menu, etika, morale ir tik\u0117jimu. Aptariamas \u017emones supan\u010dios aplinkos \u2013 chemin\u0117s, elektromagnetin\u0117s ir kitokios \u2013 poveikis, nagrin\u0117jami \u017dem\u0117je, Saul\u0117je ir visatoje vykstantys rei\u0161kiniai. Ypa\u010d i\u0161samiai nagrin\u0117jami \u0161iuolaikini\u0173 technologij\u0173 poveikio m\u016bs\u0173 sveikatai klausimai.<\/p>\n","protected":false},"excerpt":{"rendered":"<p>Kas yra \u0161viesa? Kas suteikia t\u0105 ypating\u0105 \u017eaves\u012f vaivoryk\u0161tei, \u017eaibui tamsiame danguje, saul\u0117lyd\u017eiui, saul\u0117s ap\u0161viest\u0173 ba\u017eny\u010di\u0173 vitra\u017eams ar \u017evak\u0117s liepsnos mirg\u0117jimui? Kas yra vanduo? Juk mes i\u0161 esm\u0117s egzistuojame kaip vanduo! Tad ar \u017einome, kas esame? Kas yra gyvyb\u0117? Ar pasaulis yra tik iliuzija? Ar esame vieni visatoje? Ar gyvena ir kur gyvena tie kiti, ar jie lanko mus ir bendrauja su \u017dem\u0117s \u017emon\u0117mis? Jei ne, tai kod\u0117l ir kur jie slepiasi? Kas bendra tarp mokslo ir meno? Ar galima suderinti moksl\u0105 ir etik\u0105? O moksl\u0105 ir tik\u0117jim\u0105? Gal mokslas jau u\u017e\u0117m\u0117 Dievo viet\u0105? Ar Lietuvos \u017emon\u0117s \u017eino, u\u017e k\u0105 kasmet Lietuvos mokslui skiriami \u0161imtai milijon\u0173 lit\u0173, o mokslininkams \u2013 solid\u017eios mokslo premijos? \u0160i knyga \u2013 apie pasaulio rei\u0161kinius. Joje kalbama apie mokslin\u012f pasaulio pa\u017einimo metod\u0105, mokslo \u017eini\u0173 k\u016bryb\u0105, mokslo santyk\u012f su kult\u016bra, menu, etika, morale ir tik\u0117jimu. Aptariamas \u017emones supan\u010dios aplinkos \u2013 chemin\u0117s, elektromagnetin\u0117s ir kitokios \u2013 poveikis, nagrin\u0117jami \u017dem\u0117je, Saul\u0117je ir visatoje vykstantys rei\u0161kiniai. Ypa\u010d i\u0161samiai nagrin\u0117jami \u0161iuolaikini\u0173 technologij\u0173 poveikio m\u016bs\u0173 sveikatai klausimai.<\/p>\n","protected":false},"featured_media":20453,"comment_status":"open","ping_status":"closed","template":"","meta":{"_acf_changed":false,"site-sidebar-layout":"default","site-content-layout":"","ast-site-content-layout":"default","site-content-style":"default","site-sidebar-style":"default","ast-global-header-display":"","ast-banner-title-visibility":"","ast-main-header-display":"","ast-hfb-above-header-display":"","ast-hfb-below-header-display":"","ast-hfb-mobile-header-display":"","site-post-title":"","ast-breadcrumbs-content":"","ast-featured-img":"","footer-sml-layout":"","ast-disable-related-posts":"","theme-transparent-header-meta":"","adv-header-id-meta":"","stick-header-meta":"","header-above-stick-meta":"","header-main-stick-meta":"","header-below-stick-meta":"","astra-migrate-meta-layouts":"default","ast-page-background-enabled":"default","ast-page-background-meta":{"desktop":{"background-color":"","background-image":"","background-repeat":"repeat","background-position":"center center","background-size":"auto","background-attachment":"scroll","background-type":"","background-media":"","overlay-type":"","overlay-color":"","overlay-opacity":"","overlay-gradient":""},"tablet":{"background-color":"","background-image":"","background-repeat":"repeat","background-position":"center center","background-size":"auto","background-attachment":"scroll","background-type":"","background-media":"","overlay-type":"","overlay-color":"","overlay-opacity":"","overlay-gradient":""},"mobile":{"background-color":"","background-image":"","background-repeat":"repeat","background-position":"center center","background-size":"auto","background-attachment":"scroll","background-type":"","background-media":"","overlay-type":"","overlay-color":"","overlay-opacity":"","overlay-gradient":""}},"ast-content-background-meta":{"desktop":{"background-color":"var(--ast-global-color-4)","background-image":"","background-repeat":"repeat","background-position":"center center","background-size":"auto","background-attachment":"scroll","background-type":"","background-media":"","overlay-type":"","overlay-color":"","overlay-opacity":"","overlay-gradient":""},"tablet":{"background-color":"var(--ast-global-color-4)","background-image":"","background-repeat":"repeat","background-position":"center center","background-size":"auto","background-attachment":"scroll","background-type":"","background-media":"","overlay-type":"","overlay-color":"","overlay-opacity":"","overlay-gradient":""},"mobile":{"background-color":"var(--ast-global-color-4)","background-image":"","background-repeat":"repeat","background-position":"center center","background-size":"auto","background-attachment":"scroll","background-type":"","background-media":"","overlay-type":"","overlay-color":"","overlay-opacity":"","overlay-gradient":""}}},"product_brand":[],"product_cat":[15],"product_tag":[2702,1802,7930,7931,7932],"class_list":{"0":"post-20447","1":"product","2":"type-product","3":"status-publish","4":"has-post-thumbnail","6":"product_cat-uncategorized","7":"product_tag-etika","8":"product_tag-gamta","9":"product_tag-jonas-grigas-mokslo-pazinimas","10":"product_tag-visata","11":"product_tag-zmogaus-klausimai","12":"desktop-align-left","13":"tablet-align-left","14":"mobile-align-left","16":"first","17":"instock","18":"shipping-taxable","19":"purchasable","20":"product-type-simple"},"acf":[],"yoast_head":"<!-- This site is optimized with the Yoast SEO plugin v27.0 - https:\/\/yoast.com\/product\/yoast-seo-wordpress\/ -->\n<title>Kiek trunka sekund\u0117<\/title>\n<meta name=\"description\" content=\"Kas yra \u0161viesa? Kas suteikia t\u0105 ypating\u0105 \u017eaves\u012f vaivoryk\u0161tei, \u017eaibui tamsiame danguje, saul\u0117lyd\u017eiui, saul\u0117s ap\u0161viest\u0173 ba\u017eny\u010di\u0173 vitra\u017eams ar \u017evak\u0117s\" \/>\n<meta name=\"robots\" content=\"index, follow, max-snippet:-1, max-image-preview:large, max-video-preview:-1\" \/>\n<link rel=\"canonical\" href=\"https:\/\/skaitytaknyga.lt\/en\/produktas\/kiek-trunka-sekunde\/\" \/>\n<meta property=\"og:locale\" content=\"en_GB\" \/>\n<meta property=\"og:locale:alternate\" content=\"lt_LT\" \/>\n<meta property=\"og:type\" content=\"article\" \/>\n<meta property=\"og:title\" content=\"Kiek trunka sekund\u0117\" \/>\n<meta property=\"og:description\" content=\"Kas yra \u0161viesa? Kas suteikia t\u0105 ypating\u0105 \u017eaves\u012f vaivoryk\u0161tei, \u017eaibui tamsiame danguje, saul\u0117lyd\u017eiui, saul\u0117s ap\u0161viest\u0173 ba\u017eny\u010di\u0173 vitra\u017eams ar \u017evak\u0117s\" \/>\n<meta property=\"og:url\" content=\"https:\/\/skaitytaknyga.lt\/en\/produktas\/kiek-trunka-sekunde\/\" \/>\n<meta property=\"og:site_name\" content=\"Skaitytaknyga\" \/>\n<meta property=\"article:publisher\" content=\"https:\/\/www.facebook.com\/skaitytaknyga\/\" \/>\n<meta property=\"article:modified_time\" content=\"2025-09-06T08:48:35+00:00\" \/>\n<meta property=\"og:image\" content=\"https:\/\/skaitytaknyga.lt\/wp-content\/uploads\/2025\/08\/Kiek-trunka-sekunde-e1756282570928.webp\" \/>\n\t<meta property=\"og:image:width\" content=\"264\" \/>\n\t<meta property=\"og:image:height\" content=\"407\" \/>\n\t<meta property=\"og:image:type\" content=\"image\/webp\" \/>\n<meta name=\"twitter:card\" content=\"summary_large_image\" \/>\n<meta name=\"twitter:label1\" content=\"Estimated reading time\" \/>\n\t<meta name=\"twitter:data1\" content=\"1 minute\" \/>\n<script type=\"application\/ld+json\" class=\"yoast-schema-graph\">{\"@context\":\"https:\/\/schema.org\",\"@graph\":[{\"@type\":\"WebPage\",\"@id\":\"https:\/\/skaitytaknyga.lt\/produktas\/kiek-trunka-sekunde\/\",\"url\":\"https:\/\/skaitytaknyga.lt\/produktas\/kiek-trunka-sekunde\/\",\"name\":\"Kiek trunka sekund\u0117\",\"isPartOf\":{\"@id\":\"https:\/\/skaitytaknyga.lt\/#website\"},\"primaryImageOfPage\":{\"@id\":\"https:\/\/skaitytaknyga.lt\/produktas\/kiek-trunka-sekunde\/#primaryimage\"},\"image\":{\"@id\":\"https:\/\/skaitytaknyga.lt\/produktas\/kiek-trunka-sekunde\/#primaryimage\"},\"thumbnailUrl\":\"https:\/\/skaitytaknyga.lt\/wp-content\/uploads\/2025\/08\/Kiek-trunka-sekunde-e1756282570928.webp\",\"datePublished\":\"2025-08-27T08:12:56+00:00\",\"dateModified\":\"2025-09-06T08:48:35+00:00\",\"description\":\"Kas yra \u0161viesa? Kas suteikia t\u0105 ypating\u0105 \u017eaves\u012f vaivoryk\u0161tei, \u017eaibui tamsiame danguje, saul\u0117lyd\u017eiui, saul\u0117s ap\u0161viest\u0173 ba\u017eny\u010di\u0173 vitra\u017eams ar \u017evak\u0117s\",\"breadcrumb\":{\"@id\":\"https:\/\/skaitytaknyga.lt\/produktas\/kiek-trunka-sekunde\/#breadcrumb\"},\"inLanguage\":\"en-GB\",\"potentialAction\":[{\"@type\":\"ReadAction\",\"target\":[\"https:\/\/skaitytaknyga.lt\/produktas\/kiek-trunka-sekunde\/\"]}]},{\"@type\":\"ImageObject\",\"inLanguage\":\"en-GB\",\"@id\":\"https:\/\/skaitytaknyga.lt\/produktas\/kiek-trunka-sekunde\/#primaryimage\",\"url\":\"https:\/\/skaitytaknyga.lt\/wp-content\/uploads\/2025\/08\/Kiek-trunka-sekunde-e1756282570928.webp\",\"contentUrl\":\"https:\/\/skaitytaknyga.lt\/wp-content\/uploads\/2025\/08\/Kiek-trunka-sekunde-e1756282570928.webp\",\"width\":264,\"height\":407,\"caption\":\"Kiek trunka sekund\u0117\"},{\"@type\":\"BreadcrumbList\",\"@id\":\"https:\/\/skaitytaknyga.lt\/produktas\/kiek-trunka-sekunde\/#breadcrumb\",\"itemListElement\":[{\"@type\":\"ListItem\",\"position\":1,\"name\":\"Home\",\"item\":\"https:\/\/skaitytaknyga.lt\/\"},{\"@type\":\"ListItem\",\"position\":2,\"name\":\"Parduotuv\u0117\",\"item\":\"https:\/\/skaitytaknyga.lt\/knygu-parduotuve\/\"},{\"@type\":\"ListItem\",\"position\":3,\"name\":\"Kiek trunka sekund\u0117\"}]},{\"@type\":\"WebSite\",\"@id\":\"https:\/\/skaitytaknyga.lt\/#website\",\"url\":\"https:\/\/skaitytaknyga.lt\/\",\"name\":\"skaitytaknyga.lt\",\"description\":\"Skaitytaknyga.lt \u2013 tai ma\u017eas \u0161eimos verslas, kuris prasid\u0117jo nuo meil\u0117s knygoms ir siekio i\u0161gelb\u0117ti knygas nuo likimo prie konteinerio. Kas vienam nereikalingas daiktas \u2013 kitam lobis, o mes esame tarpininkai, kurie padeda abiems tapti laimingesniems ???? \u017dinome kaip nelengva i\u0161gyventi ma\u017eiems verslams, tad nuo \u0161iol, \u010dia rasite ir kit\u0173, ma\u017e\u0173 \u0161eim\u0173 versl\u0173, rank\u0173 darbo, dovan\u0173 sau ir artimiesiems.\",\"publisher\":{\"@id\":\"https:\/\/skaitytaknyga.lt\/#organization\"},\"potentialAction\":[{\"@type\":\"SearchAction\",\"target\":{\"@type\":\"EntryPoint\",\"urlTemplate\":\"https:\/\/skaitytaknyga.lt\/?s={search_term_string}\"},\"query-input\":{\"@type\":\"PropertyValueSpecification\",\"valueRequired\":true,\"valueName\":\"search_term_string\"}}],\"inLanguage\":\"en-GB\"},{\"@type\":\"Organization\",\"@id\":\"https:\/\/skaitytaknyga.lt\/#organization\",\"name\":\"skaitytaknyga.lt\",\"url\":\"https:\/\/skaitytaknyga.lt\/\",\"logo\":{\"@type\":\"ImageObject\",\"inLanguage\":\"en-GB\",\"@id\":\"https:\/\/skaitytaknyga.lt\/#\/schema\/logo\/image\/\",\"url\":\"https:\/\/skaitytaknyga.lt\/wp-content\/uploads\/2024\/05\/cropped-cropped-cropped-02_00843_jt3bggkj1j3HLc7SyY6rEUpg.jpeg\",\"contentUrl\":\"https:\/\/skaitytaknyga.lt\/wp-content\/uploads\/2024\/05\/cropped-cropped-cropped-02_00843_jt3bggkj1j3HLc7SyY6rEUpg.jpeg\",\"width\":1600,\"height\":1600,\"caption\":\"skaitytaknyga.lt\"},\"image\":{\"@id\":\"https:\/\/skaitytaknyga.lt\/#\/schema\/logo\/image\/\"},\"sameAs\":[\"https:\/\/www.facebook.com\/skaitytaknyga\/\"]}]}<\/script>\n<!-- \/ Yoast SEO plugin. -->","yoast_head_json":{"title":"Kiek trunka sekund\u0117","description":"Kas yra \u0161viesa? Kas suteikia t\u0105 ypating\u0105 \u017eaves\u012f vaivoryk\u0161tei, \u017eaibui tamsiame danguje, saul\u0117lyd\u017eiui, saul\u0117s ap\u0161viest\u0173 ba\u017eny\u010di\u0173 vitra\u017eams ar \u017evak\u0117s","robots":{"index":"index","follow":"follow","max-snippet":"max-snippet:-1","max-image-preview":"max-image-preview:large","max-video-preview":"max-video-preview:-1"},"canonical":"https:\/\/skaitytaknyga.lt\/en\/produktas\/kiek-trunka-sekunde\/","og_locale":"en_GB","og_type":"article","og_title":"[:lt]Kiek trunka sekund\u0117[:] - Skaitytaknyga","og_description":"Kas yra \u0161viesa? Kas suteikia t\u0105 ypating\u0105 \u017eaves\u012f vaivoryk\u0161tei, \u017eaibui tamsiame danguje, saul\u0117lyd\u017eiui, saul\u0117s ap\u0161viest\u0173 ba\u017eny\u010di\u0173 vitra\u017eams ar \u017evak\u0117s","og_url":"https:\/\/skaitytaknyga.lt\/en\/produktas\/kiek-trunka-sekunde\/","og_site_name":"Skaitytaknyga","article_publisher":"https:\/\/www.facebook.com\/skaitytaknyga\/","article_modified_time":"2025-09-06T08:48:35+00:00","og_image":[{"width":264,"height":407,"url":"https:\/\/skaitytaknyga.lt\/wp-content\/uploads\/2025\/08\/Kiek-trunka-sekunde-e1756282570928.webp","type":"image\/webp"}],"twitter_card":"summary_large_image","twitter_misc":{"Estimated reading time":"1 minute"},"schema":{"@context":"https:\/\/schema.org","@graph":[{"@type":"WebPage","@id":"https:\/\/skaitytaknyga.lt\/produktas\/kiek-trunka-sekunde\/","url":"https:\/\/skaitytaknyga.lt\/produktas\/kiek-trunka-sekunde\/","name":"Kiek trunka sekund\u0117","isPartOf":{"@id":"https:\/\/skaitytaknyga.lt\/#website"},"primaryImageOfPage":{"@id":"https:\/\/skaitytaknyga.lt\/produktas\/kiek-trunka-sekunde\/#primaryimage"},"image":{"@id":"https:\/\/skaitytaknyga.lt\/produktas\/kiek-trunka-sekunde\/#primaryimage"},"thumbnailUrl":"https:\/\/skaitytaknyga.lt\/wp-content\/uploads\/2025\/08\/Kiek-trunka-sekunde-e1756282570928.webp","datePublished":"2025-08-27T08:12:56+00:00","dateModified":"2025-09-06T08:48:35+00:00","description":"Kas yra \u0161viesa? Kas suteikia t\u0105 ypating\u0105 \u017eaves\u012f vaivoryk\u0161tei, \u017eaibui tamsiame danguje, saul\u0117lyd\u017eiui, saul\u0117s ap\u0161viest\u0173 ba\u017eny\u010di\u0173 vitra\u017eams ar \u017evak\u0117s","breadcrumb":{"@id":"https:\/\/skaitytaknyga.lt\/produktas\/kiek-trunka-sekunde\/#breadcrumb"},"inLanguage":"en-GB","potentialAction":[{"@type":"ReadAction","target":["https:\/\/skaitytaknyga.lt\/produktas\/kiek-trunka-sekunde\/"]}]},{"@type":"ImageObject","inLanguage":"en-GB","@id":"https:\/\/skaitytaknyga.lt\/produktas\/kiek-trunka-sekunde\/#primaryimage","url":"https:\/\/skaitytaknyga.lt\/wp-content\/uploads\/2025\/08\/Kiek-trunka-sekunde-e1756282570928.webp","contentUrl":"https:\/\/skaitytaknyga.lt\/wp-content\/uploads\/2025\/08\/Kiek-trunka-sekunde-e1756282570928.webp","width":264,"height":407,"caption":"Kiek trunka sekund\u0117"},{"@type":"BreadcrumbList","@id":"https:\/\/skaitytaknyga.lt\/produktas\/kiek-trunka-sekunde\/#breadcrumb","itemListElement":[{"@type":"ListItem","position":1,"name":"Home","item":"https:\/\/skaitytaknyga.lt\/"},{"@type":"ListItem","position":2,"name":"Parduotuv\u0117","item":"https:\/\/skaitytaknyga.lt\/knygu-parduotuve\/"},{"@type":"ListItem","position":3,"name":"Kiek trunka sekund\u0117"}]},{"@type":"WebSite","@id":"https:\/\/skaitytaknyga.lt\/#website","url":"https:\/\/skaitytaknyga.lt\/","name":"skaitytaknyga.lt","description":"Skaitytaknyga.lt \u2013 tai ma\u017eas \u0161eimos verslas, kuris prasid\u0117jo nuo meil\u0117s knygoms ir siekio i\u0161gelb\u0117ti knygas nuo likimo prie konteinerio. Kas vienam nereikalingas daiktas \u2013 kitam lobis, o mes esame tarpininkai, kurie padeda abiems tapti laimingesniems ???? \u017dinome kaip nelengva i\u0161gyventi ma\u017eiems verslams, tad nuo \u0161iol, \u010dia rasite ir kit\u0173, ma\u017e\u0173 \u0161eim\u0173 versl\u0173, rank\u0173 darbo, dovan\u0173 sau ir artimiesiems.","publisher":{"@id":"https:\/\/skaitytaknyga.lt\/#organization"},"potentialAction":[{"@type":"SearchAction","target":{"@type":"EntryPoint","urlTemplate":"https:\/\/skaitytaknyga.lt\/?s={search_term_string}"},"query-input":{"@type":"PropertyValueSpecification","valueRequired":true,"valueName":"search_term_string"}}],"inLanguage":"en-GB"},{"@type":"Organization","@id":"https:\/\/skaitytaknyga.lt\/#organization","name":"skaitytaknyga.lt","url":"https:\/\/skaitytaknyga.lt\/","logo":{"@type":"ImageObject","inLanguage":"en-GB","@id":"https:\/\/skaitytaknyga.lt\/#\/schema\/logo\/image\/","url":"https:\/\/skaitytaknyga.lt\/wp-content\/uploads\/2024\/05\/cropped-cropped-cropped-02_00843_jt3bggkj1j3HLc7SyY6rEUpg.jpeg","contentUrl":"https:\/\/skaitytaknyga.lt\/wp-content\/uploads\/2024\/05\/cropped-cropped-cropped-02_00843_jt3bggkj1j3HLc7SyY6rEUpg.jpeg","width":1600,"height":1600,"caption":"skaitytaknyga.lt"},"image":{"@id":"https:\/\/skaitytaknyga.lt\/#\/schema\/logo\/image\/"},"sameAs":["https:\/\/www.facebook.com\/skaitytaknyga\/"]}]}},"_links":{"self":[{"href":"https:\/\/skaitytaknyga.lt\/en\/wp-json\/wp\/v2\/product\/20447","targetHints":{"allow":["GET"]}}],"collection":[{"href":"https:\/\/skaitytaknyga.lt\/en\/wp-json\/wp\/v2\/product"}],"about":[{"href":"https:\/\/skaitytaknyga.lt\/en\/wp-json\/wp\/v2\/types\/product"}],"replies":[{"embeddable":true,"href":"https:\/\/skaitytaknyga.lt\/en\/wp-json\/wp\/v2\/comments?post=20447"}],"wp:featuredmedia":[{"embeddable":true,"href":"https:\/\/skaitytaknyga.lt\/en\/wp-json\/wp\/v2\/media\/20453"}],"wp:attachment":[{"href":"https:\/\/skaitytaknyga.lt\/en\/wp-json\/wp\/v2\/media?parent=20447"}],"wp:term":[{"taxonomy":"product_brand","embeddable":true,"href":"https:\/\/skaitytaknyga.lt\/en\/wp-json\/wp\/v2\/product_brand?post=20447"},{"taxonomy":"product_cat","embeddable":true,"href":"https:\/\/skaitytaknyga.lt\/en\/wp-json\/wp\/v2\/product_cat?post=20447"},{"taxonomy":"product_tag","embeddable":true,"href":"https:\/\/skaitytaknyga.lt\/en\/wp-json\/wp\/v2\/product_tag?post=20447"}],"curies":[{"name":"wp","href":"https:\/\/api.w.org\/{rel}","templated":true}]}}