{"id":20446,"date":"2025-08-27T11:12:56","date_gmt":"2025-08-27T08:12:56","guid":{"rendered":"https:\/\/skaitytaknyga.lt\/?post_type=product&#038;p=20446"},"modified":"2025-09-27T18:59:34","modified_gmt":"2025-09-27T15:59:34","slug":"griztu-i-vakardiena","status":"publish","type":"product","link":"https:\/\/skaitytaknyga.lt\/en\/produktas\/griztu-i-vakardiena\/","title":{"rendered":"Gr\u012f\u017etu \u012f vakardien\u0105"},"content":{"rendered":"<p>Gr\u012f\u017etu \u012f vakardien\u0105 &#8211; antroji \u017eurnalist\u0117s ir vert\u0117jos Godos Ferensien\u0117s atsiminim\u0173 knyga.<\/p>\n<p>Autor\u0117 prisimena savo did\u017ei\u0105j\u0105 meil\u0119 ir pristato kitok\u012f Algird\u0105 Ferens\u0105 \u2013 mylim\u0105j\u012f, \u0161eimos \u017emog\u0173, vyr\u0105 ir t\u0117v\u0105 ir i\u0161tikim\u0105 savo id\u0117jai asmen\u012f. Lygindama praeities ir dabarties politikus pa\u0161iepia kai kuri\u0173 politik\u0173 savanaudi\u0161kum\u0105, nesant\u016brum\u0105, nekompetencij\u0105 ir pateikia problem\u0173 sprendimo vizij\u0105.<\/p>\n<p>Knyga &#8220;Gr\u012f\u017etu \u012f vakardien\u0105&#8221; gausiai iliustruota nuotraukomis i\u0161 asmeninio autor\u0117s archyvo.<\/p>\n","protected":false},"excerpt":{"rendered":"<p>Gr\u012f\u017etu \u012f vakardien\u0105 &#8211; antroji \u017eurnalist\u0117s ir vert\u0117jos Godos Ferensien\u0117s atsiminim\u0173 knyga. Autor\u0117 prisimena savo did\u017ei\u0105j\u0105 meil\u0119 ir pristato kitok\u012f Algird\u0105 Ferens\u0105 \u2013 mylim\u0105j\u012f, \u0161eimos \u017emog\u0173, vyr\u0105 ir t\u0117v\u0105 ir i\u0161tikim\u0105 savo id\u0117jai asmen\u012f. Lygindama praeities ir dabarties politikus pa\u0161iepia kai kuri\u0173 politik\u0173 savanaudi\u0161kum\u0105, nesant\u016brum\u0105, nekompetencij\u0105 ir pateikia problem\u0173 sprendimo vizij\u0105. Knyga &#8220;Gr\u012f\u017etu \u012f vakardien\u0105&#8221; gausiai iliustruota nuotraukomis i\u0161 asmeninio autor\u0117s archyvo.<\/p>\n","protected":false},"featured_media":20451,"comment_status":"open","ping_status":"closed","template":"","meta":{"_acf_changed":false,"site-sidebar-layout":"default","site-content-layout":"","ast-site-content-layout":"default","site-content-style":"default","site-sidebar-style":"default","ast-global-header-display":"","ast-banner-title-visibility":"","ast-main-header-display":"","ast-hfb-above-header-display":"","ast-hfb-below-header-display":"","ast-hfb-mobile-header-display":"","site-post-title":"","ast-breadcrumbs-content":"","ast-featured-img":"","footer-sml-layout":"","ast-disable-related-posts":"","theme-transparent-header-meta":"","adv-header-id-meta":"","stick-header-meta":"","header-above-stick-meta":"","header-main-stick-meta":"","header-below-stick-meta":"","astra-migrate-meta-layouts":"default","ast-page-background-enabled":"default","ast-page-background-meta":{"desktop":{"background-color":"","background-image":"","background-repeat":"repeat","background-position":"center center","background-size":"auto","background-attachment":"scroll","background-type":"","background-media":"","overlay-type":"","overlay-color":"","overlay-opacity":"","overlay-gradient":""},"tablet":{"background-color":"","background-image":"","background-repeat":"repeat","background-position":"center center","background-size":"auto","background-attachment":"scroll","background-type":"","background-media":"","overlay-type":"","overlay-color":"","overlay-opacity":"","overlay-gradient":""},"mobile":{"background-color":"","background-image":"","background-repeat":"repeat","background-position":"center center","background-size":"auto","background-attachment":"scroll","background-type":"","background-media":"","overlay-type":"","overlay-color":"","overlay-opacity":"","overlay-gradient":""}},"ast-content-background-meta":{"desktop":{"background-color":"var(--ast-global-color-4)","background-image":"","background-repeat":"repeat","background-position":"center center","background-size":"auto","background-attachment":"scroll","background-type":"","background-media":"","overlay-type":"","overlay-color":"","overlay-opacity":"","overlay-gradient":""},"tablet":{"background-color":"var(--ast-global-color-4)","background-image":"","background-repeat":"repeat","background-position":"center center","background-size":"auto","background-attachment":"scroll","background-type":"","background-media":"","overlay-type":"","overlay-color":"","overlay-opacity":"","overlay-gradient":""},"mobile":{"background-color":"var(--ast-global-color-4)","background-image":"","background-repeat":"repeat","background-position":"center center","background-size":"auto","background-attachment":"scroll","background-type":"","background-media":"","overlay-type":"","overlay-color":"","overlay-opacity":"","overlay-gradient":""}}},"product_brand":[],"product_cat":[174],"product_tag":[2692,7929,1796,2395,1646],"class_list":{"0":"post-20446","1":"product","2":"type-product","3":"status-publish","4":"has-post-thumbnail","6":"product_cat-istorija-ir-politologija","7":"product_tag-autobiografija","8":"product_tag-goda-ferensiene-atsiminimai","9":"product_tag-meile","10":"product_tag-politika","11":"product_tag-seima","12":"desktop-align-left","13":"tablet-align-left","14":"mobile-align-left","16":"first","17":"instock","18":"shipping-taxable","19":"purchasable","20":"product-type-simple"},"acf":[],"yoast_head":"<!-- This site is optimized with the Yoast SEO plugin v27.0 - https:\/\/yoast.com\/product\/yoast-seo-wordpress\/ -->\n<title>Gr\u012f\u017etu \u012f vakardien\u0105<\/title>\n<meta name=\"description\" content=\"Gr\u012f\u017etu \u012f vakardien\u0105 - antroji \u017eurnalist\u0117s ir vert\u0117jos Godos Ferensien\u0117s atsiminim\u0173 knyga. Autor\u0117 prisimena savo did\u017ei\u0105j\u0105 meil\u0119 ir pristato kitok\u012f Algird\u0105\" \/>\n<meta name=\"robots\" content=\"index, follow, max-snippet:-1, max-image-preview:large, max-video-preview:-1\" \/>\n<link rel=\"canonical\" href=\"https:\/\/skaitytaknyga.lt\/en\/produktas\/griztu-i-vakardiena\/\" \/>\n<meta property=\"og:locale\" content=\"en_GB\" \/>\n<meta property=\"og:locale:alternate\" content=\"lt_LT\" \/>\n<meta property=\"og:type\" content=\"article\" \/>\n<meta property=\"og:title\" content=\"Gr\u012f\u017etu \u012f vakardien\u0105\" \/>\n<meta property=\"og:description\" content=\"Gr\u012f\u017etu \u012f vakardien\u0105 - antroji \u017eurnalist\u0117s ir vert\u0117jos Godos Ferensien\u0117s atsiminim\u0173 knyga. Autor\u0117 prisimena savo did\u017ei\u0105j\u0105 meil\u0119 ir pristato kitok\u012f Algird\u0105\" \/>\n<meta property=\"og:url\" content=\"https:\/\/skaitytaknyga.lt\/en\/produktas\/griztu-i-vakardiena\/\" \/>\n<meta property=\"og:site_name\" content=\"Skaitytaknyga\" \/>\n<meta property=\"article:publisher\" content=\"https:\/\/www.facebook.com\/skaitytaknyga\/\" \/>\n<meta property=\"article:modified_time\" content=\"2025-09-27T15:59:34+00:00\" \/>\n<meta property=\"og:image\" content=\"https:\/\/skaitytaknyga.lt\/wp-content\/uploads\/2025\/08\/Griztu-i-vakardiena-e1756282422140.webp\" \/>\n\t<meta property=\"og:image:width\" content=\"246\" \/>\n\t<meta property=\"og:image:height\" content=\"354\" \/>\n\t<meta property=\"og:image:type\" content=\"image\/webp\" \/>\n<meta name=\"twitter:card\" content=\"summary_large_image\" \/>\n<script type=\"application\/ld+json\" class=\"yoast-schema-graph\">{\"@context\":\"https:\/\/schema.org\",\"@graph\":[{\"@type\":\"WebPage\",\"@id\":\"https:\/\/skaitytaknyga.lt\/produktas\/griztu-i-vakardiena\/\",\"url\":\"https:\/\/skaitytaknyga.lt\/produktas\/griztu-i-vakardiena\/\",\"name\":\"Gr\u012f\u017etu \u012f vakardien\u0105\",\"isPartOf\":{\"@id\":\"https:\/\/skaitytaknyga.lt\/#website\"},\"primaryImageOfPage\":{\"@id\":\"https:\/\/skaitytaknyga.lt\/produktas\/griztu-i-vakardiena\/#primaryimage\"},\"image\":{\"@id\":\"https:\/\/skaitytaknyga.lt\/produktas\/griztu-i-vakardiena\/#primaryimage\"},\"thumbnailUrl\":\"https:\/\/skaitytaknyga.lt\/wp-content\/uploads\/2025\/08\/Griztu-i-vakardiena-e1756282422140.webp\",\"datePublished\":\"2025-08-27T08:12:56+00:00\",\"dateModified\":\"2025-09-27T15:59:34+00:00\",\"description\":\"Gr\u012f\u017etu \u012f vakardien\u0105 - antroji \u017eurnalist\u0117s ir vert\u0117jos Godos Ferensien\u0117s atsiminim\u0173 knyga. Autor\u0117 prisimena savo did\u017ei\u0105j\u0105 meil\u0119 ir pristato kitok\u012f Algird\u0105\",\"breadcrumb\":{\"@id\":\"https:\/\/skaitytaknyga.lt\/produktas\/griztu-i-vakardiena\/#breadcrumb\"},\"inLanguage\":\"en-GB\",\"potentialAction\":[{\"@type\":\"ReadAction\",\"target\":[\"https:\/\/skaitytaknyga.lt\/produktas\/griztu-i-vakardiena\/\"]}]},{\"@type\":\"ImageObject\",\"inLanguage\":\"en-GB\",\"@id\":\"https:\/\/skaitytaknyga.lt\/produktas\/griztu-i-vakardiena\/#primaryimage\",\"url\":\"https:\/\/skaitytaknyga.lt\/wp-content\/uploads\/2025\/08\/Griztu-i-vakardiena-e1756282422140.webp\",\"contentUrl\":\"https:\/\/skaitytaknyga.lt\/wp-content\/uploads\/2025\/08\/Griztu-i-vakardiena-e1756282422140.webp\",\"width\":246,\"height\":354,\"caption\":\"Gr\u012f\u017etu \u012f vakardien\u0105\"},{\"@type\":\"BreadcrumbList\",\"@id\":\"https:\/\/skaitytaknyga.lt\/produktas\/griztu-i-vakardiena\/#breadcrumb\",\"itemListElement\":[{\"@type\":\"ListItem\",\"position\":1,\"name\":\"Home\",\"item\":\"https:\/\/skaitytaknyga.lt\/\"},{\"@type\":\"ListItem\",\"position\":2,\"name\":\"Parduotuv\u0117\",\"item\":\"https:\/\/skaitytaknyga.lt\/knygu-parduotuve\/\"},{\"@type\":\"ListItem\",\"position\":3,\"name\":\"Gr\u012f\u017etu \u012f vakardien\u0105\"}]},{\"@type\":\"WebSite\",\"@id\":\"https:\/\/skaitytaknyga.lt\/#website\",\"url\":\"https:\/\/skaitytaknyga.lt\/\",\"name\":\"skaitytaknyga.lt\",\"description\":\"Skaitytaknyga.lt \u2013 tai ma\u017eas \u0161eimos verslas, kuris prasid\u0117jo nuo meil\u0117s knygoms ir siekio i\u0161gelb\u0117ti knygas nuo likimo prie konteinerio. Kas vienam nereikalingas daiktas \u2013 kitam lobis, o mes esame tarpininkai, kurie padeda abiems tapti laimingesniems ???? \u017dinome kaip nelengva i\u0161gyventi ma\u017eiems verslams, tad nuo \u0161iol, \u010dia rasite ir kit\u0173, ma\u017e\u0173 \u0161eim\u0173 versl\u0173, rank\u0173 darbo, dovan\u0173 sau ir artimiesiems.\",\"publisher\":{\"@id\":\"https:\/\/skaitytaknyga.lt\/#organization\"},\"potentialAction\":[{\"@type\":\"SearchAction\",\"target\":{\"@type\":\"EntryPoint\",\"urlTemplate\":\"https:\/\/skaitytaknyga.lt\/?s={search_term_string}\"},\"query-input\":{\"@type\":\"PropertyValueSpecification\",\"valueRequired\":true,\"valueName\":\"search_term_string\"}}],\"inLanguage\":\"en-GB\"},{\"@type\":\"Organization\",\"@id\":\"https:\/\/skaitytaknyga.lt\/#organization\",\"name\":\"skaitytaknyga.lt\",\"url\":\"https:\/\/skaitytaknyga.lt\/\",\"logo\":{\"@type\":\"ImageObject\",\"inLanguage\":\"en-GB\",\"@id\":\"https:\/\/skaitytaknyga.lt\/#\/schema\/logo\/image\/\",\"url\":\"https:\/\/skaitytaknyga.lt\/wp-content\/uploads\/2024\/05\/cropped-cropped-cropped-02_00843_jt3bggkj1j3HLc7SyY6rEUpg.jpeg\",\"contentUrl\":\"https:\/\/skaitytaknyga.lt\/wp-content\/uploads\/2024\/05\/cropped-cropped-cropped-02_00843_jt3bggkj1j3HLc7SyY6rEUpg.jpeg\",\"width\":1600,\"height\":1600,\"caption\":\"skaitytaknyga.lt\"},\"image\":{\"@id\":\"https:\/\/skaitytaknyga.lt\/#\/schema\/logo\/image\/\"},\"sameAs\":[\"https:\/\/www.facebook.com\/skaitytaknyga\/\"]}]}<\/script>\n<!-- \/ Yoast SEO plugin. -->","yoast_head_json":{"title":"Gr\u012f\u017etu \u012f vakardien\u0105","description":"Gr\u012f\u017etu \u012f vakardien\u0105 - antroji \u017eurnalist\u0117s ir vert\u0117jos Godos Ferensien\u0117s atsiminim\u0173 knyga. Autor\u0117 prisimena savo did\u017ei\u0105j\u0105 meil\u0119 ir pristato kitok\u012f Algird\u0105","robots":{"index":"index","follow":"follow","max-snippet":"max-snippet:-1","max-image-preview":"max-image-preview:large","max-video-preview":"max-video-preview:-1"},"canonical":"https:\/\/skaitytaknyga.lt\/en\/produktas\/griztu-i-vakardiena\/","og_locale":"en_GB","og_type":"article","og_title":"[:lt]Gr\u012f\u017etu \u012f vakardien\u0105[:] - Skaitytaknyga","og_description":"Gr\u012f\u017etu \u012f vakardien\u0105 - antroji \u017eurnalist\u0117s ir vert\u0117jos Godos Ferensien\u0117s atsiminim\u0173 knyga. Autor\u0117 prisimena savo did\u017ei\u0105j\u0105 meil\u0119 ir pristato kitok\u012f Algird\u0105","og_url":"https:\/\/skaitytaknyga.lt\/en\/produktas\/griztu-i-vakardiena\/","og_site_name":"Skaitytaknyga","article_publisher":"https:\/\/www.facebook.com\/skaitytaknyga\/","article_modified_time":"2025-09-27T15:59:34+00:00","og_image":[{"width":246,"height":354,"url":"https:\/\/skaitytaknyga.lt\/wp-content\/uploads\/2025\/08\/Griztu-i-vakardiena-e1756282422140.webp","type":"image\/webp"}],"twitter_card":"summary_large_image","schema":{"@context":"https:\/\/schema.org","@graph":[{"@type":"WebPage","@id":"https:\/\/skaitytaknyga.lt\/produktas\/griztu-i-vakardiena\/","url":"https:\/\/skaitytaknyga.lt\/produktas\/griztu-i-vakardiena\/","name":"Gr\u012f\u017etu \u012f vakardien\u0105","isPartOf":{"@id":"https:\/\/skaitytaknyga.lt\/#website"},"primaryImageOfPage":{"@id":"https:\/\/skaitytaknyga.lt\/produktas\/griztu-i-vakardiena\/#primaryimage"},"image":{"@id":"https:\/\/skaitytaknyga.lt\/produktas\/griztu-i-vakardiena\/#primaryimage"},"thumbnailUrl":"https:\/\/skaitytaknyga.lt\/wp-content\/uploads\/2025\/08\/Griztu-i-vakardiena-e1756282422140.webp","datePublished":"2025-08-27T08:12:56+00:00","dateModified":"2025-09-27T15:59:34+00:00","description":"Gr\u012f\u017etu \u012f vakardien\u0105 - antroji \u017eurnalist\u0117s ir vert\u0117jos Godos Ferensien\u0117s atsiminim\u0173 knyga. Autor\u0117 prisimena savo did\u017ei\u0105j\u0105 meil\u0119 ir pristato kitok\u012f Algird\u0105","breadcrumb":{"@id":"https:\/\/skaitytaknyga.lt\/produktas\/griztu-i-vakardiena\/#breadcrumb"},"inLanguage":"en-GB","potentialAction":[{"@type":"ReadAction","target":["https:\/\/skaitytaknyga.lt\/produktas\/griztu-i-vakardiena\/"]}]},{"@type":"ImageObject","inLanguage":"en-GB","@id":"https:\/\/skaitytaknyga.lt\/produktas\/griztu-i-vakardiena\/#primaryimage","url":"https:\/\/skaitytaknyga.lt\/wp-content\/uploads\/2025\/08\/Griztu-i-vakardiena-e1756282422140.webp","contentUrl":"https:\/\/skaitytaknyga.lt\/wp-content\/uploads\/2025\/08\/Griztu-i-vakardiena-e1756282422140.webp","width":246,"height":354,"caption":"Gr\u012f\u017etu \u012f vakardien\u0105"},{"@type":"BreadcrumbList","@id":"https:\/\/skaitytaknyga.lt\/produktas\/griztu-i-vakardiena\/#breadcrumb","itemListElement":[{"@type":"ListItem","position":1,"name":"Home","item":"https:\/\/skaitytaknyga.lt\/"},{"@type":"ListItem","position":2,"name":"Parduotuv\u0117","item":"https:\/\/skaitytaknyga.lt\/knygu-parduotuve\/"},{"@type":"ListItem","position":3,"name":"Gr\u012f\u017etu \u012f vakardien\u0105"}]},{"@type":"WebSite","@id":"https:\/\/skaitytaknyga.lt\/#website","url":"https:\/\/skaitytaknyga.lt\/","name":"skaitytaknyga.lt","description":"Skaitytaknyga.lt \u2013 tai ma\u017eas \u0161eimos verslas, kuris prasid\u0117jo nuo meil\u0117s knygoms ir siekio i\u0161gelb\u0117ti knygas nuo likimo prie konteinerio. Kas vienam nereikalingas daiktas \u2013 kitam lobis, o mes esame tarpininkai, kurie padeda abiems tapti laimingesniems ???? \u017dinome kaip nelengva i\u0161gyventi ma\u017eiems verslams, tad nuo \u0161iol, \u010dia rasite ir kit\u0173, ma\u017e\u0173 \u0161eim\u0173 versl\u0173, rank\u0173 darbo, dovan\u0173 sau ir artimiesiems.","publisher":{"@id":"https:\/\/skaitytaknyga.lt\/#organization"},"potentialAction":[{"@type":"SearchAction","target":{"@type":"EntryPoint","urlTemplate":"https:\/\/skaitytaknyga.lt\/?s={search_term_string}"},"query-input":{"@type":"PropertyValueSpecification","valueRequired":true,"valueName":"search_term_string"}}],"inLanguage":"en-GB"},{"@type":"Organization","@id":"https:\/\/skaitytaknyga.lt\/#organization","name":"skaitytaknyga.lt","url":"https:\/\/skaitytaknyga.lt\/","logo":{"@type":"ImageObject","inLanguage":"en-GB","@id":"https:\/\/skaitytaknyga.lt\/#\/schema\/logo\/image\/","url":"https:\/\/skaitytaknyga.lt\/wp-content\/uploads\/2024\/05\/cropped-cropped-cropped-02_00843_jt3bggkj1j3HLc7SyY6rEUpg.jpeg","contentUrl":"https:\/\/skaitytaknyga.lt\/wp-content\/uploads\/2024\/05\/cropped-cropped-cropped-02_00843_jt3bggkj1j3HLc7SyY6rEUpg.jpeg","width":1600,"height":1600,"caption":"skaitytaknyga.lt"},"image":{"@id":"https:\/\/skaitytaknyga.lt\/#\/schema\/logo\/image\/"},"sameAs":["https:\/\/www.facebook.com\/skaitytaknyga\/"]}]}},"_links":{"self":[{"href":"https:\/\/skaitytaknyga.lt\/en\/wp-json\/wp\/v2\/product\/20446","targetHints":{"allow":["GET"]}}],"collection":[{"href":"https:\/\/skaitytaknyga.lt\/en\/wp-json\/wp\/v2\/product"}],"about":[{"href":"https:\/\/skaitytaknyga.lt\/en\/wp-json\/wp\/v2\/types\/product"}],"replies":[{"embeddable":true,"href":"https:\/\/skaitytaknyga.lt\/en\/wp-json\/wp\/v2\/comments?post=20446"}],"wp:featuredmedia":[{"embeddable":true,"href":"https:\/\/skaitytaknyga.lt\/en\/wp-json\/wp\/v2\/media\/20451"}],"wp:attachment":[{"href":"https:\/\/skaitytaknyga.lt\/en\/wp-json\/wp\/v2\/media?parent=20446"}],"wp:term":[{"taxonomy":"product_brand","embeddable":true,"href":"https:\/\/skaitytaknyga.lt\/en\/wp-json\/wp\/v2\/product_brand?post=20446"},{"taxonomy":"product_cat","embeddable":true,"href":"https:\/\/skaitytaknyga.lt\/en\/wp-json\/wp\/v2\/product_cat?post=20446"},{"taxonomy":"product_tag","embeddable":true,"href":"https:\/\/skaitytaknyga.lt\/en\/wp-json\/wp\/v2\/product_tag?post=20446"}],"curies":[{"name":"wp","href":"https:\/\/api.w.org\/{rel}","templated":true}]}}