{"id":20438,"date":"2025-08-27T11:03:56","date_gmt":"2025-08-27T08:03:56","guid":{"rendered":"https:\/\/skaitytaknyga.lt\/?post_type=product&#038;p=20438"},"modified":"2025-09-06T11:48:27","modified_gmt":"2025-09-06T08:48:27","slug":"trumpas-anglu-lietuviu-ir-lietuviu-anglu-kalbu-augalu-biologijos-terminu-zodynas","status":"publish","type":"product","link":"https:\/\/skaitytaknyga.lt\/en\/produktas\/trumpas-anglu-lietuviu-ir-lietuviu-anglu-kalbu-augalu-biologijos-terminu-zodynas\/","title":{"rendered":"Trumpas angl\u0173\u2013lietuvi\u0173 ir lietuvi\u0173\u2013angl\u0173 kalb\u0173 augal\u0173 biologijos termin\u0173 \u017eodynas"},"content":{"rendered":"<p>Augal\u0173 biologijos termin\u0173 \u017eodynas. Apie 7000 termin\u0173.<\/p>\n","protected":false},"excerpt":{"rendered":"<p>Augal\u0173 biologijos termin\u0173 \u017eodynas. Apie 7000 termin\u0173.<\/p>\n","protected":false},"featured_media":20444,"comment_status":"open","ping_status":"closed","template":"","meta":{"_acf_changed":false,"site-sidebar-layout":"default","site-content-layout":"","ast-site-content-layout":"default","site-content-style":"default","site-sidebar-style":"default","ast-global-header-display":"","ast-banner-title-visibility":"","ast-main-header-display":"","ast-hfb-above-header-display":"","ast-hfb-below-header-display":"","ast-hfb-mobile-header-display":"","site-post-title":"","ast-breadcrumbs-content":"","ast-featured-img":"","footer-sml-layout":"","ast-disable-related-posts":"","theme-transparent-header-meta":"","adv-header-id-meta":"","stick-header-meta":"","header-above-stick-meta":"","header-main-stick-meta":"","header-below-stick-meta":"","astra-migrate-meta-layouts":"default","ast-page-background-enabled":"default","ast-page-background-meta":{"desktop":{"background-color":"","background-image":"","background-repeat":"repeat","background-position":"center center","background-size":"auto","background-attachment":"scroll","background-type":"","background-media":"","overlay-type":"","overlay-color":"","overlay-opacity":"","overlay-gradient":""},"tablet":{"background-color":"","background-image":"","background-repeat":"repeat","background-position":"center center","background-size":"auto","background-attachment":"scroll","background-type":"","background-media":"","overlay-type":"","overlay-color":"","overlay-opacity":"","overlay-gradient":""},"mobile":{"background-color":"","background-image":"","background-repeat":"repeat","background-position":"center center","background-size":"auto","background-attachment":"scroll","background-type":"","background-media":"","overlay-type":"","overlay-color":"","overlay-opacity":"","overlay-gradient":""}},"ast-content-background-meta":{"desktop":{"background-color":"var(--ast-global-color-4)","background-image":"","background-repeat":"repeat","background-position":"center center","background-size":"auto","background-attachment":"scroll","background-type":"","background-media":"","overlay-type":"","overlay-color":"","overlay-opacity":"","overlay-gradient":""},"tablet":{"background-color":"var(--ast-global-color-4)","background-image":"","background-repeat":"repeat","background-position":"center center","background-size":"auto","background-attachment":"scroll","background-type":"","background-media":"","overlay-type":"","overlay-color":"","overlay-opacity":"","overlay-gradient":""},"mobile":{"background-color":"var(--ast-global-color-4)","background-image":"","background-repeat":"repeat","background-position":"center center","background-size":"auto","background-attachment":"scroll","background-type":"","background-media":"","overlay-type":"","overlay-color":"","overlay-opacity":"","overlay-gradient":""}}},"product_brand":[],"product_cat":[2836],"product_tag":[2552,1524,7927,7926,2848],"class_list":{"0":"post-20438","1":"product","2":"type-product","3":"status-publish","4":"has-post-thumbnail","6":"product_cat-kalba-kalbotyra-zodynai-2","7":"product_tag-augalai","8":"product_tag-mokslas","9":"product_tag-terminai","10":"product_tag-trumpas-anglu-lietuviu-ir-lietuviu-anglu-kalbu-augalu-biologijos-terminu-zodynas-biologija","11":"product_tag-zodynas","12":"desktop-align-left","13":"tablet-align-left","14":"mobile-align-left","16":"first","17":"instock","18":"shipping-taxable","19":"purchasable","20":"product-type-simple"},"acf":[],"yoast_head":"<!-- This site is optimized with the Yoast SEO plugin v27.0 - https:\/\/yoast.com\/product\/yoast-seo-wordpress\/ -->\n<title>Trumpas angl\u0173\u2013lietuvi\u0173 ir lietuvi\u0173\u2013angl\u0173 kalb\u0173 augal\u0173 biologijos termin\u0173 \u017eodynas<\/title>\n<meta name=\"description\" content=\"Augal\u0173 biologijos termin\u0173 \u017eodynas. Apie 7000 termin\u0173.\" \/>\n<meta name=\"robots\" content=\"index, follow, max-snippet:-1, max-image-preview:large, max-video-preview:-1\" \/>\n<link rel=\"canonical\" href=\"https:\/\/skaitytaknyga.lt\/en\/produktas\/trumpas-anglu-lietuviu-ir-lietuviu-anglu-kalbu-augalu-biologijos-terminu-zodynas\/\" \/>\n<meta property=\"og:locale\" content=\"en_GB\" \/>\n<meta property=\"og:locale:alternate\" content=\"lt_LT\" \/>\n<meta property=\"og:type\" content=\"article\" \/>\n<meta property=\"og:title\" content=\"Trumpas angl\u0173\u2013lietuvi\u0173 ir lietuvi\u0173\u2013angl\u0173 kalb\u0173 augal\u0173 biologijos termin\u0173 \u017eodynas\" \/>\n<meta property=\"og:description\" content=\"Augal\u0173 biologijos termin\u0173 \u017eodynas. Apie 7000 termin\u0173.\" \/>\n<meta property=\"og:url\" content=\"https:\/\/skaitytaknyga.lt\/en\/produktas\/trumpas-anglu-lietuviu-ir-lietuviu-anglu-kalbu-augalu-biologijos-terminu-zodynas\/\" \/>\n<meta property=\"og:site_name\" content=\"Skaitytaknyga\" \/>\n<meta property=\"article:publisher\" content=\"https:\/\/www.facebook.com\/skaitytaknyga\/\" \/>\n<meta property=\"article:modified_time\" content=\"2025-09-06T08:48:27+00:00\" \/>\n<meta property=\"og:image\" content=\"https:\/\/skaitytaknyga.lt\/wp-content\/uploads\/2025\/08\/Augalu-biologijos-terminu-zodynas-e1756282224702.webp\" \/>\n\t<meta property=\"og:image:width\" content=\"170\" \/>\n\t<meta property=\"og:image:height\" content=\"251\" \/>\n\t<meta property=\"og:image:type\" content=\"image\/webp\" \/>\n<meta name=\"twitter:card\" content=\"summary_large_image\" \/>\n<script type=\"application\/ld+json\" class=\"yoast-schema-graph\">{\"@context\":\"https:\/\/schema.org\",\"@graph\":[{\"@type\":\"WebPage\",\"@id\":\"https:\/\/skaitytaknyga.lt\/produktas\/trumpas-anglu-lietuviu-ir-lietuviu-anglu-kalbu-augalu-biologijos-terminu-zodynas\/\",\"url\":\"https:\/\/skaitytaknyga.lt\/produktas\/trumpas-anglu-lietuviu-ir-lietuviu-anglu-kalbu-augalu-biologijos-terminu-zodynas\/\",\"name\":\"Trumpas angl\u0173\u2013lietuvi\u0173 ir lietuvi\u0173\u2013angl\u0173 kalb\u0173 augal\u0173 biologijos termin\u0173 \u017eodynas\",\"isPartOf\":{\"@id\":\"https:\/\/skaitytaknyga.lt\/#website\"},\"primaryImageOfPage\":{\"@id\":\"https:\/\/skaitytaknyga.lt\/produktas\/trumpas-anglu-lietuviu-ir-lietuviu-anglu-kalbu-augalu-biologijos-terminu-zodynas\/#primaryimage\"},\"image\":{\"@id\":\"https:\/\/skaitytaknyga.lt\/produktas\/trumpas-anglu-lietuviu-ir-lietuviu-anglu-kalbu-augalu-biologijos-terminu-zodynas\/#primaryimage\"},\"thumbnailUrl\":\"https:\/\/skaitytaknyga.lt\/wp-content\/uploads\/2025\/08\/Augalu-biologijos-terminu-zodynas-e1756282224702.webp\",\"datePublished\":\"2025-08-27T08:03:56+00:00\",\"dateModified\":\"2025-09-06T08:48:27+00:00\",\"description\":\"Augal\u0173 biologijos termin\u0173 \u017eodynas. Apie 7000 termin\u0173.\",\"breadcrumb\":{\"@id\":\"https:\/\/skaitytaknyga.lt\/produktas\/trumpas-anglu-lietuviu-ir-lietuviu-anglu-kalbu-augalu-biologijos-terminu-zodynas\/#breadcrumb\"},\"inLanguage\":\"en-GB\",\"potentialAction\":[{\"@type\":\"ReadAction\",\"target\":[\"https:\/\/skaitytaknyga.lt\/produktas\/trumpas-anglu-lietuviu-ir-lietuviu-anglu-kalbu-augalu-biologijos-terminu-zodynas\/\"]}]},{\"@type\":\"ImageObject\",\"inLanguage\":\"en-GB\",\"@id\":\"https:\/\/skaitytaknyga.lt\/produktas\/trumpas-anglu-lietuviu-ir-lietuviu-anglu-kalbu-augalu-biologijos-terminu-zodynas\/#primaryimage\",\"url\":\"https:\/\/skaitytaknyga.lt\/wp-content\/uploads\/2025\/08\/Augalu-biologijos-terminu-zodynas-e1756282224702.webp\",\"contentUrl\":\"https:\/\/skaitytaknyga.lt\/wp-content\/uploads\/2025\/08\/Augalu-biologijos-terminu-zodynas-e1756282224702.webp\",\"width\":170,\"height\":251,\"caption\":\"Trumpas angl\u0173\u2013lietuvi\u0173 ir lietuvi\u0173\u2013angl\u0173 kalb\u0173 augal\u0173 biologijos termin\u0173 \u017eodynas\"},{\"@type\":\"BreadcrumbList\",\"@id\":\"https:\/\/skaitytaknyga.lt\/produktas\/trumpas-anglu-lietuviu-ir-lietuviu-anglu-kalbu-augalu-biologijos-terminu-zodynas\/#breadcrumb\",\"itemListElement\":[{\"@type\":\"ListItem\",\"position\":1,\"name\":\"Home\",\"item\":\"https:\/\/skaitytaknyga.lt\/\"},{\"@type\":\"ListItem\",\"position\":2,\"name\":\"Parduotuv\u0117\",\"item\":\"https:\/\/skaitytaknyga.lt\/knygu-parduotuve\/\"},{\"@type\":\"ListItem\",\"position\":3,\"name\":\"Trumpas angl\u0173\u2013lietuvi\u0173 ir lietuvi\u0173\u2013angl\u0173 kalb\u0173 augal\u0173 biologijos termin\u0173 \u017eodynas\"}]},{\"@type\":\"WebSite\",\"@id\":\"https:\/\/skaitytaknyga.lt\/#website\",\"url\":\"https:\/\/skaitytaknyga.lt\/\",\"name\":\"skaitytaknyga.lt\",\"description\":\"Skaitytaknyga.lt \u2013 tai ma\u017eas \u0161eimos verslas, kuris prasid\u0117jo nuo meil\u0117s knygoms ir siekio i\u0161gelb\u0117ti knygas nuo likimo prie konteinerio. Kas vienam nereikalingas daiktas \u2013 kitam lobis, o mes esame tarpininkai, kurie padeda abiems tapti laimingesniems ???? \u017dinome kaip nelengva i\u0161gyventi ma\u017eiems verslams, tad nuo \u0161iol, \u010dia rasite ir kit\u0173, ma\u017e\u0173 \u0161eim\u0173 versl\u0173, rank\u0173 darbo, dovan\u0173 sau ir artimiesiems.\",\"publisher\":{\"@id\":\"https:\/\/skaitytaknyga.lt\/#organization\"},\"potentialAction\":[{\"@type\":\"SearchAction\",\"target\":{\"@type\":\"EntryPoint\",\"urlTemplate\":\"https:\/\/skaitytaknyga.lt\/?s={search_term_string}\"},\"query-input\":{\"@type\":\"PropertyValueSpecification\",\"valueRequired\":true,\"valueName\":\"search_term_string\"}}],\"inLanguage\":\"en-GB\"},{\"@type\":\"Organization\",\"@id\":\"https:\/\/skaitytaknyga.lt\/#organization\",\"name\":\"skaitytaknyga.lt\",\"url\":\"https:\/\/skaitytaknyga.lt\/\",\"logo\":{\"@type\":\"ImageObject\",\"inLanguage\":\"en-GB\",\"@id\":\"https:\/\/skaitytaknyga.lt\/#\/schema\/logo\/image\/\",\"url\":\"https:\/\/skaitytaknyga.lt\/wp-content\/uploads\/2024\/05\/cropped-cropped-cropped-02_00843_jt3bggkj1j3HLc7SyY6rEUpg.jpeg\",\"contentUrl\":\"https:\/\/skaitytaknyga.lt\/wp-content\/uploads\/2024\/05\/cropped-cropped-cropped-02_00843_jt3bggkj1j3HLc7SyY6rEUpg.jpeg\",\"width\":1600,\"height\":1600,\"caption\":\"skaitytaknyga.lt\"},\"image\":{\"@id\":\"https:\/\/skaitytaknyga.lt\/#\/schema\/logo\/image\/\"},\"sameAs\":[\"https:\/\/www.facebook.com\/skaitytaknyga\/\"]}]}<\/script>\n<!-- \/ Yoast SEO plugin. -->","yoast_head_json":{"title":"Trumpas angl\u0173\u2013lietuvi\u0173 ir lietuvi\u0173\u2013angl\u0173 kalb\u0173 augal\u0173 biologijos termin\u0173 \u017eodynas","description":"Augal\u0173 biologijos termin\u0173 \u017eodynas. Apie 7000 termin\u0173.","robots":{"index":"index","follow":"follow","max-snippet":"max-snippet:-1","max-image-preview":"max-image-preview:large","max-video-preview":"max-video-preview:-1"},"canonical":"https:\/\/skaitytaknyga.lt\/en\/produktas\/trumpas-anglu-lietuviu-ir-lietuviu-anglu-kalbu-augalu-biologijos-terminu-zodynas\/","og_locale":"en_GB","og_type":"article","og_title":"[:lt]Trumpas angl\u0173\u2013lietuvi\u0173 ir lietuvi\u0173\u2013angl\u0173 kalb\u0173 augal\u0173 biologijos termin\u0173 \u017eodynas[:] - Skaitytaknyga","og_description":"Augal\u0173 biologijos termin\u0173 \u017eodynas. Apie 7000 termin\u0173.","og_url":"https:\/\/skaitytaknyga.lt\/en\/produktas\/trumpas-anglu-lietuviu-ir-lietuviu-anglu-kalbu-augalu-biologijos-terminu-zodynas\/","og_site_name":"Skaitytaknyga","article_publisher":"https:\/\/www.facebook.com\/skaitytaknyga\/","article_modified_time":"2025-09-06T08:48:27+00:00","og_image":[{"width":170,"height":251,"url":"https:\/\/skaitytaknyga.lt\/wp-content\/uploads\/2025\/08\/Augalu-biologijos-terminu-zodynas-e1756282224702.webp","type":"image\/webp"}],"twitter_card":"summary_large_image","schema":{"@context":"https:\/\/schema.org","@graph":[{"@type":"WebPage","@id":"https:\/\/skaitytaknyga.lt\/produktas\/trumpas-anglu-lietuviu-ir-lietuviu-anglu-kalbu-augalu-biologijos-terminu-zodynas\/","url":"https:\/\/skaitytaknyga.lt\/produktas\/trumpas-anglu-lietuviu-ir-lietuviu-anglu-kalbu-augalu-biologijos-terminu-zodynas\/","name":"Trumpas angl\u0173\u2013lietuvi\u0173 ir lietuvi\u0173\u2013angl\u0173 kalb\u0173 augal\u0173 biologijos termin\u0173 \u017eodynas","isPartOf":{"@id":"https:\/\/skaitytaknyga.lt\/#website"},"primaryImageOfPage":{"@id":"https:\/\/skaitytaknyga.lt\/produktas\/trumpas-anglu-lietuviu-ir-lietuviu-anglu-kalbu-augalu-biologijos-terminu-zodynas\/#primaryimage"},"image":{"@id":"https:\/\/skaitytaknyga.lt\/produktas\/trumpas-anglu-lietuviu-ir-lietuviu-anglu-kalbu-augalu-biologijos-terminu-zodynas\/#primaryimage"},"thumbnailUrl":"https:\/\/skaitytaknyga.lt\/wp-content\/uploads\/2025\/08\/Augalu-biologijos-terminu-zodynas-e1756282224702.webp","datePublished":"2025-08-27T08:03:56+00:00","dateModified":"2025-09-06T08:48:27+00:00","description":"Augal\u0173 biologijos termin\u0173 \u017eodynas. Apie 7000 termin\u0173.","breadcrumb":{"@id":"https:\/\/skaitytaknyga.lt\/produktas\/trumpas-anglu-lietuviu-ir-lietuviu-anglu-kalbu-augalu-biologijos-terminu-zodynas\/#breadcrumb"},"inLanguage":"en-GB","potentialAction":[{"@type":"ReadAction","target":["https:\/\/skaitytaknyga.lt\/produktas\/trumpas-anglu-lietuviu-ir-lietuviu-anglu-kalbu-augalu-biologijos-terminu-zodynas\/"]}]},{"@type":"ImageObject","inLanguage":"en-GB","@id":"https:\/\/skaitytaknyga.lt\/produktas\/trumpas-anglu-lietuviu-ir-lietuviu-anglu-kalbu-augalu-biologijos-terminu-zodynas\/#primaryimage","url":"https:\/\/skaitytaknyga.lt\/wp-content\/uploads\/2025\/08\/Augalu-biologijos-terminu-zodynas-e1756282224702.webp","contentUrl":"https:\/\/skaitytaknyga.lt\/wp-content\/uploads\/2025\/08\/Augalu-biologijos-terminu-zodynas-e1756282224702.webp","width":170,"height":251,"caption":"Trumpas angl\u0173\u2013lietuvi\u0173 ir lietuvi\u0173\u2013angl\u0173 kalb\u0173 augal\u0173 biologijos termin\u0173 \u017eodynas"},{"@type":"BreadcrumbList","@id":"https:\/\/skaitytaknyga.lt\/produktas\/trumpas-anglu-lietuviu-ir-lietuviu-anglu-kalbu-augalu-biologijos-terminu-zodynas\/#breadcrumb","itemListElement":[{"@type":"ListItem","position":1,"name":"Home","item":"https:\/\/skaitytaknyga.lt\/"},{"@type":"ListItem","position":2,"name":"Parduotuv\u0117","item":"https:\/\/skaitytaknyga.lt\/knygu-parduotuve\/"},{"@type":"ListItem","position":3,"name":"Trumpas angl\u0173\u2013lietuvi\u0173 ir lietuvi\u0173\u2013angl\u0173 kalb\u0173 augal\u0173 biologijos termin\u0173 \u017eodynas"}]},{"@type":"WebSite","@id":"https:\/\/skaitytaknyga.lt\/#website","url":"https:\/\/skaitytaknyga.lt\/","name":"skaitytaknyga.lt","description":"Skaitytaknyga.lt \u2013 tai ma\u017eas \u0161eimos verslas, kuris prasid\u0117jo nuo meil\u0117s knygoms ir siekio i\u0161gelb\u0117ti knygas nuo likimo prie konteinerio. Kas vienam nereikalingas daiktas \u2013 kitam lobis, o mes esame tarpininkai, kurie padeda abiems tapti laimingesniems ???? \u017dinome kaip nelengva i\u0161gyventi ma\u017eiems verslams, tad nuo \u0161iol, \u010dia rasite ir kit\u0173, ma\u017e\u0173 \u0161eim\u0173 versl\u0173, rank\u0173 darbo, dovan\u0173 sau ir artimiesiems.","publisher":{"@id":"https:\/\/skaitytaknyga.lt\/#organization"},"potentialAction":[{"@type":"SearchAction","target":{"@type":"EntryPoint","urlTemplate":"https:\/\/skaitytaknyga.lt\/?s={search_term_string}"},"query-input":{"@type":"PropertyValueSpecification","valueRequired":true,"valueName":"search_term_string"}}],"inLanguage":"en-GB"},{"@type":"Organization","@id":"https:\/\/skaitytaknyga.lt\/#organization","name":"skaitytaknyga.lt","url":"https:\/\/skaitytaknyga.lt\/","logo":{"@type":"ImageObject","inLanguage":"en-GB","@id":"https:\/\/skaitytaknyga.lt\/#\/schema\/logo\/image\/","url":"https:\/\/skaitytaknyga.lt\/wp-content\/uploads\/2024\/05\/cropped-cropped-cropped-02_00843_jt3bggkj1j3HLc7SyY6rEUpg.jpeg","contentUrl":"https:\/\/skaitytaknyga.lt\/wp-content\/uploads\/2024\/05\/cropped-cropped-cropped-02_00843_jt3bggkj1j3HLc7SyY6rEUpg.jpeg","width":1600,"height":1600,"caption":"skaitytaknyga.lt"},"image":{"@id":"https:\/\/skaitytaknyga.lt\/#\/schema\/logo\/image\/"},"sameAs":["https:\/\/www.facebook.com\/skaitytaknyga\/"]}]}},"_links":{"self":[{"href":"https:\/\/skaitytaknyga.lt\/en\/wp-json\/wp\/v2\/product\/20438","targetHints":{"allow":["GET"]}}],"collection":[{"href":"https:\/\/skaitytaknyga.lt\/en\/wp-json\/wp\/v2\/product"}],"about":[{"href":"https:\/\/skaitytaknyga.lt\/en\/wp-json\/wp\/v2\/types\/product"}],"replies":[{"embeddable":true,"href":"https:\/\/skaitytaknyga.lt\/en\/wp-json\/wp\/v2\/comments?post=20438"}],"wp:featuredmedia":[{"embeddable":true,"href":"https:\/\/skaitytaknyga.lt\/en\/wp-json\/wp\/v2\/media\/20444"}],"wp:attachment":[{"href":"https:\/\/skaitytaknyga.lt\/en\/wp-json\/wp\/v2\/media?parent=20438"}],"wp:term":[{"taxonomy":"product_brand","embeddable":true,"href":"https:\/\/skaitytaknyga.lt\/en\/wp-json\/wp\/v2\/product_brand?post=20438"},{"taxonomy":"product_cat","embeddable":true,"href":"https:\/\/skaitytaknyga.lt\/en\/wp-json\/wp\/v2\/product_cat?post=20438"},{"taxonomy":"product_tag","embeddable":true,"href":"https:\/\/skaitytaknyga.lt\/en\/wp-json\/wp\/v2\/product_tag?post=20438"}],"curies":[{"name":"wp","href":"https:\/\/api.w.org\/{rel}","templated":true}]}}