{"id":20418,"date":"2025-08-27T10:36:55","date_gmt":"2025-08-27T07:36:55","guid":{"rendered":"https:\/\/skaitytaknyga.lt\/?post_type=product&#038;p=20418"},"modified":"2025-09-06T11:48:18","modified_gmt":"2025-09-06T08:48:18","slug":"dingusi-dukra","status":"publish","type":"product","link":"https:\/\/skaitytaknyga.lt\/en\/produktas\/dingusi-dukra\/","title":{"rendered":"Dingusi dukra"},"content":{"rendered":"<p>Po ne\u012ftik\u0117tinai s\u0117kmingos knyg\u0173 sagos \u201eNuostabioji draug\u0117\u201c Elena Ferrante talentingai mezga kito pasakojimo gij\u0105, gilindamasi \u012f prie\u0161taringus jausmus, saistan\u010dius motinas ir vaikus.<\/p>\n<p>Leda \u2013 senokai i\u0161siskyrusi d\u0117stytoja, kadaise atsid\u0117jusi vien dukroms, o dabar \u2013 darbui. Suaugusioms dukterims i\u0161sikraus\u010dius pas t\u0117v\u0105 \u012f Kanad\u0105, moteris baiminasi skausmo ir melancholijos sklidin\u0173 dien\u0173, bet, savo pa\u010dios nuostabai, pasijunta esanti laisva, tarytum nusimetusi gyvenimo na\u0161t\u0105.<\/p>\n<p>Vasar\u0105 ji nusprend\u017eia vykti viena atostogauti \u012f piet\u0173 Italijos paj\u016brio miestel\u012f. Po pirm\u0173j\u0173 ramyb\u0117s ir susitelkimo dien\u0173 moters poils\u012f sudrums\u010dia erzinanti neapolie\u010di\u0173 \u0161eimyna. I\u0161 pa\u017ei\u016bros nereik\u0161minga pa\u017eintis \u012fsuka seniai nuslopint\u0173 jausm\u0173 ir nuoskaud\u0173 verpet\u0105.<\/p>\n<p>\u0160iuo atviru ir jaudinan\u010diu romanu Elena Ferrante pasakoja apie nauj\u0105 moters b\u016bt\u012f \u2013 rodos, niekuo nei\u0161skirtin\u0119, ta\u010diau palie\u010dian\u010di\u0105 iki pat gyvasties.<\/p>\n","protected":false},"excerpt":{"rendered":"<p>Po ne\u012ftik\u0117tinai s\u0117kmingos knyg\u0173 sagos \u201eNuostabioji draug\u0117\u201c Elena Ferrante talentingai mezga kito pasakojimo gij\u0105, gilindamasi \u012f prie\u0161taringus jausmus, saistan\u010dius motinas ir vaikus. Leda \u2013 senokai i\u0161siskyrusi d\u0117stytoja, kadaise atsid\u0117jusi vien dukroms, o dabar \u2013 darbui. Suaugusioms dukterims i\u0161sikraus\u010dius pas t\u0117v\u0105 \u012f Kanad\u0105, moteris baiminasi skausmo ir melancholijos sklidin\u0173 dien\u0173, bet, savo pa\u010dios nuostabai, pasijunta esanti laisva, tarytum nusimetusi gyvenimo na\u0161t\u0105. Vasar\u0105 ji nusprend\u017eia vykti viena atostogauti \u012f piet\u0173 Italijos paj\u016brio miestel\u012f. Po pirm\u0173j\u0173 ramyb\u0117s ir susitelkimo dien\u0173 moters poils\u012f sudrums\u010dia erzinanti neapolie\u010di\u0173 \u0161eimyna. I\u0161 pa\u017ei\u016bros nereik\u0161minga pa\u017eintis \u012fsuka seniai nuslopint\u0173 jausm\u0173 ir nuoskaud\u0173 verpet\u0105. \u0160iuo atviru ir jaudinan\u010diu romanu Elena Ferrante pasakoja apie nauj\u0105 moters b\u016bt\u012f \u2013 rodos, niekuo nei\u0161skirtin\u0119, ta\u010diau palie\u010dian\u010di\u0105 iki pat gyvasties.<\/p>\n","protected":false},"featured_media":20423,"comment_status":"open","ping_status":"closed","template":"","meta":{"_acf_changed":false,"site-sidebar-layout":"default","site-content-layout":"","ast-site-content-layout":"default","site-content-style":"default","site-sidebar-style":"default","ast-global-header-display":"","ast-banner-title-visibility":"","ast-main-header-display":"","ast-hfb-above-header-display":"","ast-hfb-below-header-display":"","ast-hfb-mobile-header-display":"","site-post-title":"","ast-breadcrumbs-content":"","ast-featured-img":"","footer-sml-layout":"","ast-disable-related-posts":"","theme-transparent-header-meta":"","adv-header-id-meta":"","stick-header-meta":"","header-above-stick-meta":"","header-main-stick-meta":"","header-below-stick-meta":"","astra-migrate-meta-layouts":"default","ast-page-background-enabled":"default","ast-page-background-meta":{"desktop":{"background-color":"","background-image":"","background-repeat":"repeat","background-position":"center center","background-size":"auto","background-attachment":"scroll","background-type":"","background-media":"","overlay-type":"","overlay-color":"","overlay-opacity":"","overlay-gradient":""},"tablet":{"background-color":"","background-image":"","background-repeat":"repeat","background-position":"center center","background-size":"auto","background-attachment":"scroll","background-type":"","background-media":"","overlay-type":"","overlay-color":"","overlay-opacity":"","overlay-gradient":""},"mobile":{"background-color":"","background-image":"","background-repeat":"repeat","background-position":"center center","background-size":"auto","background-attachment":"scroll","background-type":"","background-media":"","overlay-type":"","overlay-color":"","overlay-opacity":"","overlay-gradient":""}},"ast-content-background-meta":{"desktop":{"background-color":"var(--ast-global-color-4)","background-image":"","background-repeat":"repeat","background-position":"center center","background-size":"auto","background-attachment":"scroll","background-type":"","background-media":"","overlay-type":"","overlay-color":"","overlay-opacity":"","overlay-gradient":""},"tablet":{"background-color":"var(--ast-global-color-4)","background-image":"","background-repeat":"repeat","background-position":"center center","background-size":"auto","background-attachment":"scroll","background-type":"","background-media":"","overlay-type":"","overlay-color":"","overlay-opacity":"","overlay-gradient":""},"mobile":{"background-color":"var(--ast-global-color-4)","background-image":"","background-repeat":"repeat","background-position":"center center","background-size":"auto","background-attachment":"scroll","background-type":"","background-media":"","overlay-type":"","overlay-color":"","overlay-opacity":"","overlay-gradient":""}}},"product_brand":[],"product_cat":[31],"product_tag":[7906,4324,1790,2582,1646],"class_list":{"0":"post-20418","1":"product","2":"type-product","3":"status-publish","4":"has-post-thumbnail","6":"product_cat-grozine-literatura","7":"product_tag-elena-ferrante-romanas","8":"product_tag-italija","9":"product_tag-jausmai","10":"product_tag-moterys","11":"product_tag-seima","12":"desktop-align-left","13":"tablet-align-left","14":"mobile-align-left","16":"first","17":"instock","18":"shipping-taxable","19":"purchasable","20":"product-type-simple"},"acf":[],"yoast_head":"<!-- This site is optimized with the Yoast SEO plugin v27.0 - https:\/\/yoast.com\/product\/yoast-seo-wordpress\/ -->\n<title>Dingusi dukra<\/title>\n<meta name=\"description\" content=\"Po ne\u012ftik\u0117tinai s\u0117kmingos knyg\u0173 sagos \u201eNuostabioji draug\u0117\u201c Elena Ferrante talentingai mezga kito pasakojimo gij\u0105, gilindamasi \u012f prie\u0161taringus jausmus,\" \/>\n<meta name=\"robots\" content=\"index, follow, max-snippet:-1, max-image-preview:large, max-video-preview:-1\" \/>\n<link rel=\"canonical\" href=\"https:\/\/skaitytaknyga.lt\/en\/produktas\/dingusi-dukra\/\" \/>\n<meta property=\"og:locale\" content=\"en_GB\" \/>\n<meta property=\"og:locale:alternate\" content=\"lt_LT\" \/>\n<meta property=\"og:type\" content=\"article\" \/>\n<meta property=\"og:title\" content=\"Dingusi dukra\" \/>\n<meta property=\"og:description\" content=\"Po ne\u012ftik\u0117tinai s\u0117kmingos knyg\u0173 sagos \u201eNuostabioji draug\u0117\u201c Elena Ferrante talentingai mezga kito pasakojimo gij\u0105, gilindamasi \u012f prie\u0161taringus jausmus,\" \/>\n<meta property=\"og:url\" content=\"https:\/\/skaitytaknyga.lt\/en\/produktas\/dingusi-dukra\/\" \/>\n<meta property=\"og:site_name\" content=\"Skaitytaknyga\" \/>\n<meta property=\"article:publisher\" content=\"https:\/\/www.facebook.com\/skaitytaknyga\/\" \/>\n<meta property=\"article:modified_time\" content=\"2025-09-06T08:48:18+00:00\" \/>\n<meta property=\"og:image\" content=\"https:\/\/skaitytaknyga.lt\/wp-content\/uploads\/2024\/07\/skaitytaknyga.png\" \/>\n\t<meta property=\"og:image:width\" content=\"747\" \/>\n\t<meta property=\"og:image:height\" content=\"496\" \/>\n\t<meta property=\"og:image:type\" content=\"image\/png\" \/>\n<meta name=\"twitter:card\" content=\"summary_large_image\" \/>\n<meta name=\"twitter:label1\" content=\"Estimated reading time\" \/>\n\t<meta name=\"twitter:data1\" content=\"1 minute\" \/>\n<script type=\"application\/ld+json\" class=\"yoast-schema-graph\">{\"@context\":\"https:\/\/schema.org\",\"@graph\":[{\"@type\":\"WebPage\",\"@id\":\"https:\/\/skaitytaknyga.lt\/produktas\/dingusi-dukra\/\",\"url\":\"https:\/\/skaitytaknyga.lt\/produktas\/dingusi-dukra\/\",\"name\":\"Dingusi dukra\",\"isPartOf\":{\"@id\":\"https:\/\/skaitytaknyga.lt\/#website\"},\"primaryImageOfPage\":{\"@id\":\"https:\/\/skaitytaknyga.lt\/produktas\/dingusi-dukra\/#primaryimage\"},\"image\":{\"@id\":\"https:\/\/skaitytaknyga.lt\/produktas\/dingusi-dukra\/#primaryimage\"},\"thumbnailUrl\":\"https:\/\/skaitytaknyga.lt\/wp-content\/uploads\/2025\/08\/Dingusi-dukra-e1756280488839.avif\",\"datePublished\":\"2025-08-27T07:36:55+00:00\",\"dateModified\":\"2025-09-06T08:48:18+00:00\",\"description\":\"Po ne\u012ftik\u0117tinai s\u0117kmingos knyg\u0173 sagos \u201eNuostabioji draug\u0117\u201c Elena Ferrante talentingai mezga kito pasakojimo gij\u0105, gilindamasi \u012f prie\u0161taringus jausmus,\",\"breadcrumb\":{\"@id\":\"https:\/\/skaitytaknyga.lt\/produktas\/dingusi-dukra\/#breadcrumb\"},\"inLanguage\":\"en-GB\",\"potentialAction\":[{\"@type\":\"ReadAction\",\"target\":[\"https:\/\/skaitytaknyga.lt\/produktas\/dingusi-dukra\/\"]}]},{\"@type\":\"ImageObject\",\"inLanguage\":\"en-GB\",\"@id\":\"https:\/\/skaitytaknyga.lt\/produktas\/dingusi-dukra\/#primaryimage\",\"url\":\"https:\/\/skaitytaknyga.lt\/wp-content\/uploads\/2025\/08\/Dingusi-dukra-e1756280488839.avif\",\"contentUrl\":\"https:\/\/skaitytaknyga.lt\/wp-content\/uploads\/2025\/08\/Dingusi-dukra-e1756280488839.avif\",\"width\":290,\"height\":443,\"caption\":\"Dingusi dukra\"},{\"@type\":\"BreadcrumbList\",\"@id\":\"https:\/\/skaitytaknyga.lt\/produktas\/dingusi-dukra\/#breadcrumb\",\"itemListElement\":[{\"@type\":\"ListItem\",\"position\":1,\"name\":\"Home\",\"item\":\"https:\/\/skaitytaknyga.lt\/\"},{\"@type\":\"ListItem\",\"position\":2,\"name\":\"Parduotuv\u0117\",\"item\":\"https:\/\/skaitytaknyga.lt\/knygu-parduotuve\/\"},{\"@type\":\"ListItem\",\"position\":3,\"name\":\"Dingusi dukra\"}]},{\"@type\":\"WebSite\",\"@id\":\"https:\/\/skaitytaknyga.lt\/#website\",\"url\":\"https:\/\/skaitytaknyga.lt\/\",\"name\":\"skaitytaknyga.lt\",\"description\":\"Skaitytaknyga.lt \u2013 tai ma\u017eas \u0161eimos verslas, kuris prasid\u0117jo nuo meil\u0117s knygoms ir siekio i\u0161gelb\u0117ti knygas nuo likimo prie konteinerio. Kas vienam nereikalingas daiktas \u2013 kitam lobis, o mes esame tarpininkai, kurie padeda abiems tapti laimingesniems ???? \u017dinome kaip nelengva i\u0161gyventi ma\u017eiems verslams, tad nuo \u0161iol, \u010dia rasite ir kit\u0173, ma\u017e\u0173 \u0161eim\u0173 versl\u0173, rank\u0173 darbo, dovan\u0173 sau ir artimiesiems.\",\"publisher\":{\"@id\":\"https:\/\/skaitytaknyga.lt\/#organization\"},\"potentialAction\":[{\"@type\":\"SearchAction\",\"target\":{\"@type\":\"EntryPoint\",\"urlTemplate\":\"https:\/\/skaitytaknyga.lt\/?s={search_term_string}\"},\"query-input\":{\"@type\":\"PropertyValueSpecification\",\"valueRequired\":true,\"valueName\":\"search_term_string\"}}],\"inLanguage\":\"en-GB\"},{\"@type\":\"Organization\",\"@id\":\"https:\/\/skaitytaknyga.lt\/#organization\",\"name\":\"skaitytaknyga.lt\",\"url\":\"https:\/\/skaitytaknyga.lt\/\",\"logo\":{\"@type\":\"ImageObject\",\"inLanguage\":\"en-GB\",\"@id\":\"https:\/\/skaitytaknyga.lt\/#\/schema\/logo\/image\/\",\"url\":\"https:\/\/skaitytaknyga.lt\/wp-content\/uploads\/2024\/05\/cropped-cropped-cropped-02_00843_jt3bggkj1j3HLc7SyY6rEUpg.jpeg\",\"contentUrl\":\"https:\/\/skaitytaknyga.lt\/wp-content\/uploads\/2024\/05\/cropped-cropped-cropped-02_00843_jt3bggkj1j3HLc7SyY6rEUpg.jpeg\",\"width\":1600,\"height\":1600,\"caption\":\"skaitytaknyga.lt\"},\"image\":{\"@id\":\"https:\/\/skaitytaknyga.lt\/#\/schema\/logo\/image\/\"},\"sameAs\":[\"https:\/\/www.facebook.com\/skaitytaknyga\/\"]}]}<\/script>\n<!-- \/ Yoast SEO plugin. -->","yoast_head_json":{"title":"Dingusi dukra","description":"Po ne\u012ftik\u0117tinai s\u0117kmingos knyg\u0173 sagos \u201eNuostabioji draug\u0117\u201c Elena Ferrante talentingai mezga kito pasakojimo gij\u0105, gilindamasi \u012f prie\u0161taringus jausmus,","robots":{"index":"index","follow":"follow","max-snippet":"max-snippet:-1","max-image-preview":"max-image-preview:large","max-video-preview":"max-video-preview:-1"},"canonical":"https:\/\/skaitytaknyga.lt\/en\/produktas\/dingusi-dukra\/","og_locale":"en_GB","og_type":"article","og_title":"[:lt]Dingusi dukra[:] - Skaitytaknyga","og_description":"Po ne\u012ftik\u0117tinai s\u0117kmingos knyg\u0173 sagos \u201eNuostabioji draug\u0117\u201c Elena Ferrante talentingai mezga kito pasakojimo gij\u0105, gilindamasi \u012f prie\u0161taringus jausmus,","og_url":"https:\/\/skaitytaknyga.lt\/en\/produktas\/dingusi-dukra\/","og_site_name":"Skaitytaknyga","article_publisher":"https:\/\/www.facebook.com\/skaitytaknyga\/","article_modified_time":"2025-09-06T08:48:18+00:00","og_image":[{"width":747,"height":496,"url":"https:\/\/skaitytaknyga.lt\/wp-content\/uploads\/2024\/07\/skaitytaknyga.png","type":"image\/png"}],"twitter_card":"summary_large_image","twitter_misc":{"Estimated reading time":"1 minute"},"schema":{"@context":"https:\/\/schema.org","@graph":[{"@type":"WebPage","@id":"https:\/\/skaitytaknyga.lt\/produktas\/dingusi-dukra\/","url":"https:\/\/skaitytaknyga.lt\/produktas\/dingusi-dukra\/","name":"Dingusi dukra","isPartOf":{"@id":"https:\/\/skaitytaknyga.lt\/#website"},"primaryImageOfPage":{"@id":"https:\/\/skaitytaknyga.lt\/produktas\/dingusi-dukra\/#primaryimage"},"image":{"@id":"https:\/\/skaitytaknyga.lt\/produktas\/dingusi-dukra\/#primaryimage"},"thumbnailUrl":"https:\/\/skaitytaknyga.lt\/wp-content\/uploads\/2025\/08\/Dingusi-dukra-e1756280488839.avif","datePublished":"2025-08-27T07:36:55+00:00","dateModified":"2025-09-06T08:48:18+00:00","description":"Po ne\u012ftik\u0117tinai s\u0117kmingos knyg\u0173 sagos \u201eNuostabioji draug\u0117\u201c Elena Ferrante talentingai mezga kito pasakojimo gij\u0105, gilindamasi \u012f prie\u0161taringus jausmus,","breadcrumb":{"@id":"https:\/\/skaitytaknyga.lt\/produktas\/dingusi-dukra\/#breadcrumb"},"inLanguage":"en-GB","potentialAction":[{"@type":"ReadAction","target":["https:\/\/skaitytaknyga.lt\/produktas\/dingusi-dukra\/"]}]},{"@type":"ImageObject","inLanguage":"en-GB","@id":"https:\/\/skaitytaknyga.lt\/produktas\/dingusi-dukra\/#primaryimage","url":"https:\/\/skaitytaknyga.lt\/wp-content\/uploads\/2025\/08\/Dingusi-dukra-e1756280488839.avif","contentUrl":"https:\/\/skaitytaknyga.lt\/wp-content\/uploads\/2025\/08\/Dingusi-dukra-e1756280488839.avif","width":290,"height":443,"caption":"Dingusi dukra"},{"@type":"BreadcrumbList","@id":"https:\/\/skaitytaknyga.lt\/produktas\/dingusi-dukra\/#breadcrumb","itemListElement":[{"@type":"ListItem","position":1,"name":"Home","item":"https:\/\/skaitytaknyga.lt\/"},{"@type":"ListItem","position":2,"name":"Parduotuv\u0117","item":"https:\/\/skaitytaknyga.lt\/knygu-parduotuve\/"},{"@type":"ListItem","position":3,"name":"Dingusi dukra"}]},{"@type":"WebSite","@id":"https:\/\/skaitytaknyga.lt\/#website","url":"https:\/\/skaitytaknyga.lt\/","name":"skaitytaknyga.lt","description":"Skaitytaknyga.lt \u2013 tai ma\u017eas \u0161eimos verslas, kuris prasid\u0117jo nuo meil\u0117s knygoms ir siekio i\u0161gelb\u0117ti knygas nuo likimo prie konteinerio. Kas vienam nereikalingas daiktas \u2013 kitam lobis, o mes esame tarpininkai, kurie padeda abiems tapti laimingesniems ???? \u017dinome kaip nelengva i\u0161gyventi ma\u017eiems verslams, tad nuo \u0161iol, \u010dia rasite ir kit\u0173, ma\u017e\u0173 \u0161eim\u0173 versl\u0173, rank\u0173 darbo, dovan\u0173 sau ir artimiesiems.","publisher":{"@id":"https:\/\/skaitytaknyga.lt\/#organization"},"potentialAction":[{"@type":"SearchAction","target":{"@type":"EntryPoint","urlTemplate":"https:\/\/skaitytaknyga.lt\/?s={search_term_string}"},"query-input":{"@type":"PropertyValueSpecification","valueRequired":true,"valueName":"search_term_string"}}],"inLanguage":"en-GB"},{"@type":"Organization","@id":"https:\/\/skaitytaknyga.lt\/#organization","name":"skaitytaknyga.lt","url":"https:\/\/skaitytaknyga.lt\/","logo":{"@type":"ImageObject","inLanguage":"en-GB","@id":"https:\/\/skaitytaknyga.lt\/#\/schema\/logo\/image\/","url":"https:\/\/skaitytaknyga.lt\/wp-content\/uploads\/2024\/05\/cropped-cropped-cropped-02_00843_jt3bggkj1j3HLc7SyY6rEUpg.jpeg","contentUrl":"https:\/\/skaitytaknyga.lt\/wp-content\/uploads\/2024\/05\/cropped-cropped-cropped-02_00843_jt3bggkj1j3HLc7SyY6rEUpg.jpeg","width":1600,"height":1600,"caption":"skaitytaknyga.lt"},"image":{"@id":"https:\/\/skaitytaknyga.lt\/#\/schema\/logo\/image\/"},"sameAs":["https:\/\/www.facebook.com\/skaitytaknyga\/"]}]}},"_links":{"self":[{"href":"https:\/\/skaitytaknyga.lt\/en\/wp-json\/wp\/v2\/product\/20418","targetHints":{"allow":["GET"]}}],"collection":[{"href":"https:\/\/skaitytaknyga.lt\/en\/wp-json\/wp\/v2\/product"}],"about":[{"href":"https:\/\/skaitytaknyga.lt\/en\/wp-json\/wp\/v2\/types\/product"}],"replies":[{"embeddable":true,"href":"https:\/\/skaitytaknyga.lt\/en\/wp-json\/wp\/v2\/comments?post=20418"}],"wp:featuredmedia":[{"embeddable":true,"href":"https:\/\/skaitytaknyga.lt\/en\/wp-json\/wp\/v2\/media\/20423"}],"wp:attachment":[{"href":"https:\/\/skaitytaknyga.lt\/en\/wp-json\/wp\/v2\/media?parent=20418"}],"wp:term":[{"taxonomy":"product_brand","embeddable":true,"href":"https:\/\/skaitytaknyga.lt\/en\/wp-json\/wp\/v2\/product_brand?post=20418"},{"taxonomy":"product_cat","embeddable":true,"href":"https:\/\/skaitytaknyga.lt\/en\/wp-json\/wp\/v2\/product_cat?post=20418"},{"taxonomy":"product_tag","embeddable":true,"href":"https:\/\/skaitytaknyga.lt\/en\/wp-json\/wp\/v2\/product_tag?post=20418"}],"curies":[{"name":"wp","href":"https:\/\/api.w.org\/{rel}","templated":true}]}}