{"id":20417,"date":"2025-08-27T10:36:54","date_gmt":"2025-08-27T07:36:54","guid":{"rendered":"https:\/\/skaitytaknyga.lt\/?post_type=product&#038;p=20417"},"modified":"2025-09-06T11:48:18","modified_gmt":"2025-09-06T08:48:18","slug":"mesainiu-generatorius","status":"publish","type":"product","link":"https:\/\/skaitytaknyga.lt\/en\/produktas\/mesainiu-generatorius\/","title":{"rendered":"M\u0117saini\u0173 generatorius"},"content":{"rendered":"<p>Negalite gyventi be m\u0117saini\u0173? Tada pasigaminkite j\u0173 patys! Begal\u0117 \u012fkvepian\u010di\u0173 recept\u0173 leis atsiskleisti j\u016bs\u0173 skoniui ir i\u0161radingumui. Kiekvienas knygos puslapis padalytas \u012f keturias atskiras dalis, kuriose pateikiama po bandel\u0117s, garnyro, m\u0117sos arba vegetari\u0161ko paplot\u0117lio ar pada\u017eo recept\u0105. Versdami puslapius ir derindami receptus, susigeneruosite svajoni\u0173 m\u0117sain\u012f.<\/p>\n<p>T\u016bkstan\u010diai m\u0117saini\u0173 derini\u0173 pagal kiekvieno skon\u012f, \u012fg\u016bd\u017eius ir bet kokiai progai.<br \/>\nI\u0161moningas ir patogus knygos dizainas, leid\u017eiantis patiems susikurti kaskart vis kitoki\u0173 m\u0117saini\u0173.<br \/>\nDaug vegetari\u0161k\u0173 ir vegani\u0161k\u0173 suvo\u017etini\u0173, taip pat derini\u0173 be laktoz\u0117s ar glitimo tiems, kas r\u016bpinasi sveika mityba ar laikosi speciali\u0173 diet\u0173.<br \/>\nI\u0161bandyk daugiau nei 60 000 m\u0117saini\u0173 recept\u0173!<\/p>\n","protected":false},"excerpt":{"rendered":"<p>Negalite gyventi be m\u0117saini\u0173? Tada pasigaminkite j\u0173 patys! Begal\u0117 \u012fkvepian\u010di\u0173 recept\u0173 leis atsiskleisti j\u016bs\u0173 skoniui ir i\u0161radingumui. Kiekvienas knygos puslapis padalytas \u012f keturias atskiras dalis, kuriose pateikiama po bandel\u0117s, garnyro, m\u0117sos arba vegetari\u0161ko paplot\u0117lio ar pada\u017eo recept\u0105. Versdami puslapius ir derindami receptus, susigeneruosite svajoni\u0173 m\u0117sain\u012f. T\u016bkstan\u010diai m\u0117saini\u0173 derini\u0173 pagal kiekvieno skon\u012f, \u012fg\u016bd\u017eius ir bet kokiai progai. I\u0161moningas ir patogus knygos dizainas, leid\u017eiantis patiems susikurti kaskart vis kitoki\u0173 m\u0117saini\u0173. Daug vegetari\u0161k\u0173 ir vegani\u0161k\u0173 suvo\u017etini\u0173, taip pat derini\u0173 be laktoz\u0117s ar glitimo tiems, kas r\u016bpinasi sveika mityba ar laikosi speciali\u0173 diet\u0173. I\u0161bandyk daugiau nei 60 000 m\u0117saini\u0173 recept\u0173!<\/p>\n","protected":false},"featured_media":20422,"comment_status":"open","ping_status":"closed","template":"","meta":{"_acf_changed":false,"site-sidebar-layout":"default","site-content-layout":"","ast-site-content-layout":"default","site-content-style":"default","site-sidebar-style":"default","ast-global-header-display":"","ast-banner-title-visibility":"","ast-main-header-display":"","ast-hfb-above-header-display":"","ast-hfb-below-header-display":"","ast-hfb-mobile-header-display":"","site-post-title":"","ast-breadcrumbs-content":"","ast-featured-img":"","footer-sml-layout":"","ast-disable-related-posts":"","theme-transparent-header-meta":"","adv-header-id-meta":"","stick-header-meta":"","header-above-stick-meta":"","header-main-stick-meta":"","header-below-stick-meta":"","astra-migrate-meta-layouts":"default","ast-page-background-enabled":"default","ast-page-background-meta":{"desktop":{"background-color":"","background-image":"","background-repeat":"repeat","background-position":"center center","background-size":"auto","background-attachment":"scroll","background-type":"","background-media":"","overlay-type":"","overlay-color":"","overlay-opacity":"","overlay-gradient":""},"tablet":{"background-color":"","background-image":"","background-repeat":"repeat","background-position":"center center","background-size":"auto","background-attachment":"scroll","background-type":"","background-media":"","overlay-type":"","overlay-color":"","overlay-opacity":"","overlay-gradient":""},"mobile":{"background-color":"","background-image":"","background-repeat":"repeat","background-position":"center center","background-size":"auto","background-attachment":"scroll","background-type":"","background-media":"","overlay-type":"","overlay-color":"","overlay-opacity":"","overlay-gradient":""}},"ast-content-background-meta":{"desktop":{"background-color":"var(--ast-global-color-4)","background-image":"","background-repeat":"repeat","background-position":"center center","background-size":"auto","background-attachment":"scroll","background-type":"","background-media":"","overlay-type":"","overlay-color":"","overlay-opacity":"","overlay-gradient":""},"tablet":{"background-color":"var(--ast-global-color-4)","background-image":"","background-repeat":"repeat","background-position":"center center","background-size":"auto","background-attachment":"scroll","background-type":"","background-media":"","overlay-type":"","overlay-color":"","overlay-opacity":"","overlay-gradient":""},"mobile":{"background-color":"var(--ast-global-color-4)","background-image":"","background-repeat":"repeat","background-position":"center center","background-size":"auto","background-attachment":"scroll","background-type":"","background-media":"","overlay-type":"","overlay-color":"","overlay-opacity":"","overlay-gradient":""}}},"product_brand":[],"product_cat":[15],"product_tag":[1884,1560,7905,1883,7904],"class_list":{"0":"post-20417","1":"product","2":"type-product","3":"status-publish","4":"has-post-thumbnail","6":"product_cat-uncategorized","7":"product_tag-gastronomija","8":"product_tag-kurybiskumas","9":"product_tag-mesainiai","10":"product_tag-receptai","11":"product_tag-vicki-smallwood-kulinarija","12":"desktop-align-left","13":"tablet-align-left","14":"mobile-align-left","16":"first","17":"instock","18":"shipping-taxable","19":"purchasable","20":"product-type-simple"},"acf":[],"yoast_head":"<!-- This site is optimized with the Yoast SEO plugin v27.4 - https:\/\/yoast.com\/product\/yoast-seo-wordpress\/ -->\n<title>M\u0117saini\u0173 generatorius<\/title>\n<meta name=\"description\" content=\"Negalite gyventi be m\u0117saini\u0173? Tada pasigaminkite j\u0173 patys! Begal\u0117 \u012fkvepian\u010di\u0173 recept\u0173 leis atsiskleisti j\u016bs\u0173 skoniui ir i\u0161radingumui. Kiekvienas knygos\" \/>\n<meta name=\"robots\" content=\"index, follow, max-snippet:-1, max-image-preview:large, max-video-preview:-1\" \/>\n<link rel=\"canonical\" href=\"https:\/\/skaitytaknyga.lt\/en\/produktas\/mesainiu-generatorius\/\" \/>\n<meta property=\"og:locale\" content=\"en_GB\" \/>\n<meta property=\"og:locale:alternate\" content=\"lt_LT\" \/>\n<meta property=\"og:type\" content=\"article\" \/>\n<meta property=\"og:title\" content=\"M\u0117saini\u0173 generatorius\" \/>\n<meta property=\"og:description\" content=\"Negalite gyventi be m\u0117saini\u0173? Tada pasigaminkite j\u0173 patys! Begal\u0117 \u012fkvepian\u010di\u0173 recept\u0173 leis atsiskleisti j\u016bs\u0173 skoniui ir i\u0161radingumui. Kiekvienas knygos\" \/>\n<meta property=\"og:url\" content=\"https:\/\/skaitytaknyga.lt\/en\/produktas\/mesainiu-generatorius\/\" \/>\n<meta property=\"og:site_name\" content=\"Skaitytaknyga\" \/>\n<meta property=\"article:publisher\" content=\"https:\/\/www.facebook.com\/skaitytaknyga\/\" \/>\n<meta property=\"article:modified_time\" content=\"2025-09-06T08:48:18+00:00\" \/>\n<meta property=\"og:image\" content=\"https:\/\/skaitytaknyga.lt\/wp-content\/uploads\/2025\/08\/Mesainiu-generatorius-1.webp\" \/>\n\t<meta property=\"og:image:width\" content=\"646\" \/>\n\t<meta property=\"og:image:height\" content=\"801\" \/>\n\t<meta property=\"og:image:type\" content=\"image\/webp\" \/>\n<meta name=\"twitter:card\" content=\"summary_large_image\" \/>\n<meta name=\"twitter:label1\" content=\"Estimated reading time\" \/>\n\t<meta name=\"twitter:data1\" content=\"1 minute\" \/>\n<script type=\"application\/ld+json\" class=\"yoast-schema-graph\">{\"@context\":\"https:\\\/\\\/schema.org\",\"@graph\":[{\"@type\":\"WebPage\",\"@id\":\"https:\\\/\\\/skaitytaknyga.lt\\\/produktas\\\/mesainiu-generatorius\\\/\",\"url\":\"https:\\\/\\\/skaitytaknyga.lt\\\/produktas\\\/mesainiu-generatorius\\\/\",\"name\":\"M\u0117saini\u0173 generatorius\",\"isPartOf\":{\"@id\":\"https:\\\/\\\/skaitytaknyga.lt\\\/#website\"},\"primaryImageOfPage\":{\"@id\":\"https:\\\/\\\/skaitytaknyga.lt\\\/produktas\\\/mesainiu-generatorius\\\/#primaryimage\"},\"image\":{\"@id\":\"https:\\\/\\\/skaitytaknyga.lt\\\/produktas\\\/mesainiu-generatorius\\\/#primaryimage\"},\"thumbnailUrl\":\"https:\\\/\\\/skaitytaknyga.lt\\\/wp-content\\\/uploads\\\/2025\\\/08\\\/Mesainiu-generatorius-1.webp\",\"datePublished\":\"2025-08-27T07:36:54+00:00\",\"dateModified\":\"2025-09-06T08:48:18+00:00\",\"description\":\"Negalite gyventi be m\u0117saini\u0173? Tada pasigaminkite j\u0173 patys! Begal\u0117 \u012fkvepian\u010di\u0173 recept\u0173 leis atsiskleisti j\u016bs\u0173 skoniui ir i\u0161radingumui. Kiekvienas knygos\",\"breadcrumb\":{\"@id\":\"https:\\\/\\\/skaitytaknyga.lt\\\/produktas\\\/mesainiu-generatorius\\\/#breadcrumb\"},\"inLanguage\":\"en-GB\",\"potentialAction\":[{\"@type\":\"ReadAction\",\"target\":[\"https:\\\/\\\/skaitytaknyga.lt\\\/produktas\\\/mesainiu-generatorius\\\/\"]}]},{\"@type\":\"ImageObject\",\"inLanguage\":\"en-GB\",\"@id\":\"https:\\\/\\\/skaitytaknyga.lt\\\/produktas\\\/mesainiu-generatorius\\\/#primaryimage\",\"url\":\"https:\\\/\\\/skaitytaknyga.lt\\\/wp-content\\\/uploads\\\/2025\\\/08\\\/Mesainiu-generatorius-1.webp\",\"contentUrl\":\"https:\\\/\\\/skaitytaknyga.lt\\\/wp-content\\\/uploads\\\/2025\\\/08\\\/Mesainiu-generatorius-1.webp\",\"width\":646,\"height\":801,\"caption\":\"M\u0117saini\u0173 generatorius\"},{\"@type\":\"BreadcrumbList\",\"@id\":\"https:\\\/\\\/skaitytaknyga.lt\\\/produktas\\\/mesainiu-generatorius\\\/#breadcrumb\",\"itemListElement\":[{\"@type\":\"ListItem\",\"position\":1,\"name\":\"Home\",\"item\":\"https:\\\/\\\/skaitytaknyga.lt\\\/\"},{\"@type\":\"ListItem\",\"position\":2,\"name\":\"Parduotuv\u0117\",\"item\":\"https:\\\/\\\/skaitytaknyga.lt\\\/knygu-parduotuve\\\/\"},{\"@type\":\"ListItem\",\"position\":3,\"name\":\"M\u0117saini\u0173 generatorius\"}]},{\"@type\":\"WebSite\",\"@id\":\"https:\\\/\\\/skaitytaknyga.lt\\\/#website\",\"url\":\"https:\\\/\\\/skaitytaknyga.lt\\\/\",\"name\":\"skaitytaknyga.lt\",\"description\":\"Skaitytaknyga.lt \u2013 tai ma\u017eas \u0161eimos verslas, kuris prasid\u0117jo nuo meil\u0117s knygoms ir siekio i\u0161gelb\u0117ti knygas nuo likimo prie konteinerio. Kas vienam nereikalingas daiktas \u2013 kitam lobis, o mes esame tarpininkai, kurie padeda abiems tapti laimingesniems ???? \u017dinome kaip nelengva i\u0161gyventi ma\u017eiems verslams, tad nuo \u0161iol, \u010dia rasite ir kit\u0173, ma\u017e\u0173 \u0161eim\u0173 versl\u0173, rank\u0173 darbo, dovan\u0173 sau ir artimiesiems.\",\"publisher\":{\"@id\":\"https:\\\/\\\/skaitytaknyga.lt\\\/#organization\"},\"potentialAction\":[{\"@type\":\"SearchAction\",\"target\":{\"@type\":\"EntryPoint\",\"urlTemplate\":\"https:\\\/\\\/skaitytaknyga.lt\\\/?s={search_term_string}\"},\"query-input\":{\"@type\":\"PropertyValueSpecification\",\"valueRequired\":true,\"valueName\":\"search_term_string\"}}],\"inLanguage\":\"en-GB\"},{\"@type\":\"Organization\",\"@id\":\"https:\\\/\\\/skaitytaknyga.lt\\\/#organization\",\"name\":\"skaitytaknyga.lt\",\"url\":\"https:\\\/\\\/skaitytaknyga.lt\\\/\",\"logo\":{\"@type\":\"ImageObject\",\"inLanguage\":\"en-GB\",\"@id\":\"https:\\\/\\\/skaitytaknyga.lt\\\/#\\\/schema\\\/logo\\\/image\\\/\",\"url\":\"https:\\\/\\\/skaitytaknyga.lt\\\/wp-content\\\/uploads\\\/2024\\\/05\\\/cropped-cropped-cropped-02_00843_jt3bggkj1j3HLc7SyY6rEUpg.jpeg\",\"contentUrl\":\"https:\\\/\\\/skaitytaknyga.lt\\\/wp-content\\\/uploads\\\/2024\\\/05\\\/cropped-cropped-cropped-02_00843_jt3bggkj1j3HLc7SyY6rEUpg.jpeg\",\"width\":1600,\"height\":1600,\"caption\":\"skaitytaknyga.lt\"},\"image\":{\"@id\":\"https:\\\/\\\/skaitytaknyga.lt\\\/#\\\/schema\\\/logo\\\/image\\\/\"},\"sameAs\":[\"https:\\\/\\\/www.facebook.com\\\/skaitytaknyga\\\/\"]}]}<\/script>\n<!-- \/ Yoast SEO plugin. -->","yoast_head_json":{"title":"M\u0117saini\u0173 generatorius","description":"Negalite gyventi be m\u0117saini\u0173? Tada pasigaminkite j\u0173 patys! Begal\u0117 \u012fkvepian\u010di\u0173 recept\u0173 leis atsiskleisti j\u016bs\u0173 skoniui ir i\u0161radingumui. Kiekvienas knygos","robots":{"index":"index","follow":"follow","max-snippet":"max-snippet:-1","max-image-preview":"max-image-preview:large","max-video-preview":"max-video-preview:-1"},"canonical":"https:\/\/skaitytaknyga.lt\/en\/produktas\/mesainiu-generatorius\/","og_locale":"en_GB","og_type":"article","og_title":"[:lt]M\u0117saini\u0173 generatorius[:] - Skaitytaknyga","og_description":"Negalite gyventi be m\u0117saini\u0173? Tada pasigaminkite j\u0173 patys! Begal\u0117 \u012fkvepian\u010di\u0173 recept\u0173 leis atsiskleisti j\u016bs\u0173 skoniui ir i\u0161radingumui. Kiekvienas knygos","og_url":"https:\/\/skaitytaknyga.lt\/en\/produktas\/mesainiu-generatorius\/","og_site_name":"Skaitytaknyga","article_publisher":"https:\/\/www.facebook.com\/skaitytaknyga\/","article_modified_time":"2025-09-06T08:48:18+00:00","og_image":[{"width":646,"height":801,"url":"https:\/\/skaitytaknyga.lt\/wp-content\/uploads\/2025\/08\/Mesainiu-generatorius-1.webp","type":"image\/webp"}],"twitter_card":"summary_large_image","twitter_misc":{"Estimated reading time":"1 minute"},"schema":{"@context":"https:\/\/schema.org","@graph":[{"@type":"WebPage","@id":"https:\/\/skaitytaknyga.lt\/produktas\/mesainiu-generatorius\/","url":"https:\/\/skaitytaknyga.lt\/produktas\/mesainiu-generatorius\/","name":"M\u0117saini\u0173 generatorius","isPartOf":{"@id":"https:\/\/skaitytaknyga.lt\/#website"},"primaryImageOfPage":{"@id":"https:\/\/skaitytaknyga.lt\/produktas\/mesainiu-generatorius\/#primaryimage"},"image":{"@id":"https:\/\/skaitytaknyga.lt\/produktas\/mesainiu-generatorius\/#primaryimage"},"thumbnailUrl":"https:\/\/skaitytaknyga.lt\/wp-content\/uploads\/2025\/08\/Mesainiu-generatorius-1.webp","datePublished":"2025-08-27T07:36:54+00:00","dateModified":"2025-09-06T08:48:18+00:00","description":"Negalite gyventi be m\u0117saini\u0173? Tada pasigaminkite j\u0173 patys! Begal\u0117 \u012fkvepian\u010di\u0173 recept\u0173 leis atsiskleisti j\u016bs\u0173 skoniui ir i\u0161radingumui. Kiekvienas knygos","breadcrumb":{"@id":"https:\/\/skaitytaknyga.lt\/produktas\/mesainiu-generatorius\/#breadcrumb"},"inLanguage":"en-GB","potentialAction":[{"@type":"ReadAction","target":["https:\/\/skaitytaknyga.lt\/produktas\/mesainiu-generatorius\/"]}]},{"@type":"ImageObject","inLanguage":"en-GB","@id":"https:\/\/skaitytaknyga.lt\/produktas\/mesainiu-generatorius\/#primaryimage","url":"https:\/\/skaitytaknyga.lt\/wp-content\/uploads\/2025\/08\/Mesainiu-generatorius-1.webp","contentUrl":"https:\/\/skaitytaknyga.lt\/wp-content\/uploads\/2025\/08\/Mesainiu-generatorius-1.webp","width":646,"height":801,"caption":"M\u0117saini\u0173 generatorius"},{"@type":"BreadcrumbList","@id":"https:\/\/skaitytaknyga.lt\/produktas\/mesainiu-generatorius\/#breadcrumb","itemListElement":[{"@type":"ListItem","position":1,"name":"Home","item":"https:\/\/skaitytaknyga.lt\/"},{"@type":"ListItem","position":2,"name":"Parduotuv\u0117","item":"https:\/\/skaitytaknyga.lt\/knygu-parduotuve\/"},{"@type":"ListItem","position":3,"name":"M\u0117saini\u0173 generatorius"}]},{"@type":"WebSite","@id":"https:\/\/skaitytaknyga.lt\/#website","url":"https:\/\/skaitytaknyga.lt\/","name":"skaitytaknyga.lt","description":"Skaitytaknyga.lt \u2013 tai ma\u017eas \u0161eimos verslas, kuris prasid\u0117jo nuo meil\u0117s knygoms ir siekio i\u0161gelb\u0117ti knygas nuo likimo prie konteinerio. Kas vienam nereikalingas daiktas \u2013 kitam lobis, o mes esame tarpininkai, kurie padeda abiems tapti laimingesniems ???? \u017dinome kaip nelengva i\u0161gyventi ma\u017eiems verslams, tad nuo \u0161iol, \u010dia rasite ir kit\u0173, ma\u017e\u0173 \u0161eim\u0173 versl\u0173, rank\u0173 darbo, dovan\u0173 sau ir artimiesiems.","publisher":{"@id":"https:\/\/skaitytaknyga.lt\/#organization"},"potentialAction":[{"@type":"SearchAction","target":{"@type":"EntryPoint","urlTemplate":"https:\/\/skaitytaknyga.lt\/?s={search_term_string}"},"query-input":{"@type":"PropertyValueSpecification","valueRequired":true,"valueName":"search_term_string"}}],"inLanguage":"en-GB"},{"@type":"Organization","@id":"https:\/\/skaitytaknyga.lt\/#organization","name":"skaitytaknyga.lt","url":"https:\/\/skaitytaknyga.lt\/","logo":{"@type":"ImageObject","inLanguage":"en-GB","@id":"https:\/\/skaitytaknyga.lt\/#\/schema\/logo\/image\/","url":"https:\/\/skaitytaknyga.lt\/wp-content\/uploads\/2024\/05\/cropped-cropped-cropped-02_00843_jt3bggkj1j3HLc7SyY6rEUpg.jpeg","contentUrl":"https:\/\/skaitytaknyga.lt\/wp-content\/uploads\/2024\/05\/cropped-cropped-cropped-02_00843_jt3bggkj1j3HLc7SyY6rEUpg.jpeg","width":1600,"height":1600,"caption":"skaitytaknyga.lt"},"image":{"@id":"https:\/\/skaitytaknyga.lt\/#\/schema\/logo\/image\/"},"sameAs":["https:\/\/www.facebook.com\/skaitytaknyga\/"]}]}},"_links":{"self":[{"href":"https:\/\/skaitytaknyga.lt\/en\/wp-json\/wp\/v2\/product\/20417","targetHints":{"allow":["GET"]}}],"collection":[{"href":"https:\/\/skaitytaknyga.lt\/en\/wp-json\/wp\/v2\/product"}],"about":[{"href":"https:\/\/skaitytaknyga.lt\/en\/wp-json\/wp\/v2\/types\/product"}],"replies":[{"embeddable":true,"href":"https:\/\/skaitytaknyga.lt\/en\/wp-json\/wp\/v2\/comments?post=20417"}],"wp:featuredmedia":[{"embeddable":true,"href":"https:\/\/skaitytaknyga.lt\/en\/wp-json\/wp\/v2\/media\/20422"}],"wp:attachment":[{"href":"https:\/\/skaitytaknyga.lt\/en\/wp-json\/wp\/v2\/media?parent=20417"}],"wp:term":[{"taxonomy":"product_brand","embeddable":true,"href":"https:\/\/skaitytaknyga.lt\/en\/wp-json\/wp\/v2\/product_brand?post=20417"},{"taxonomy":"product_cat","embeddable":true,"href":"https:\/\/skaitytaknyga.lt\/en\/wp-json\/wp\/v2\/product_cat?post=20417"},{"taxonomy":"product_tag","embeddable":true,"href":"https:\/\/skaitytaknyga.lt\/en\/wp-json\/wp\/v2\/product_tag?post=20417"}],"curies":[{"name":"wp","href":"https:\/\/api.w.org\/{rel}","templated":true}]}}