{"id":20416,"date":"2025-08-27T10:36:54","date_gmt":"2025-08-27T07:36:54","guid":{"rendered":"https:\/\/skaitytaknyga.lt\/?post_type=product&#038;p=20416"},"modified":"2026-03-05T16:17:57","modified_gmt":"2026-03-05T14:17:57","slug":"kakes-makes-enciklopedija-apie-lietuva","status":"publish","type":"product","link":"https:\/\/skaitytaknyga.lt\/en\/produktas\/kakes-makes-enciklopedija-apie-lietuva\/","title":{"rendered":"Kak\u0117s Mak\u0117s enciklopedija apie Lietuv\u0105"},"content":{"rendered":"<p>Kak\u0117 Mak\u0117 labai domisi savo \u0161alimi ir kasdien nori vis daugiau apie j\u0105 su\u017einoti. I\u0161 kur kilo Lietuvos vardas? Kiek e\u017eer\u0173 tyvuliuoja Lietuvoje? Kas yra \u201eTauti\u0161ka giesm\u0117\u201c ir kas saugo Lietuv\u0105? Visus atsakymus \u012f \u0161iuos ir dar daugiau klausim\u0173 rasi knygoje \u201eKak\u0117s Mak\u0117s enciklopedija apie Lietuv\u0105\u201c. <\/p>\n<p>Knygoje \u017eaismingai pateikiama informacija ir \u012fdomiausi faktai skirtingomis temomis: Lietuvos istorija, amatai, geografin\u0117 pad\u0117tis, etnografiniai regionai, gamta, gyv\u016bnai, kult\u016bra.<\/p>\n<p>Kas? Kaip? Kam? KOD\u0116L? Vaik\u0173 galvose nuolat sukasi galyb\u0117 klausim\u0173. Klausin\u0117dami vaikai tyrin\u0117ja suaugusi\u0173j\u0173 pasaul\u012f, su\u017eino daikt\u0173, j\u0173 savybi\u0173 ir veiksm\u0173 pavadinimus. Vaikai tiki, kad suaugusieji \u017eino visus atsakymus ir gali papasakoti daug istorij\u0173 apie vis\u0105 pasaul\u012f. Ta\u010diau \u0161iuolaikiniai vaikai neretai u\u017eduoda nelengv\u0173 klausim\u0173, \u012f kuriuos atsakymus tikrai \u017eino ne visi. Svarbiausia nebijoti vaikams parodyti, kad ne\u017einote, ir paskatinti atsakym\u0173 ie\u0161koti kartu.<br \/>\nKak\u0117s Mak\u0117s enciklopedijos \u2013 tai \u017eaismingai, vaizdingai ir \u012fdomiai pateikta informacija vaikams aktualiomis temomis. <\/p>\n<p>Rekomenduojama 5\u20138 met\u0173 vaikams, ta\u010diau skaitant kartu su t\u0117veliais tinka ir ma\u017eesniems.<\/p>\n","protected":false},"excerpt":{"rendered":"<p>Kak\u0117 Mak\u0117 labai domisi savo \u0161alimi ir kasdien nori vis daugiau apie j\u0105 su\u017einoti. I\u0161 kur kilo Lietuvos vardas? Kiek e\u017eer\u0173 tyvuliuoja Lietuvoje? Kas yra \u201eTauti\u0161ka giesm\u0117\u201c ir kas saugo Lietuv\u0105? Visus atsakymus \u012f \u0161iuos ir dar daugiau klausim\u0173 rasi knygoje \u201eKak\u0117s Mak\u0117s enciklopedija apie Lietuv\u0105\u201c. Knygoje \u017eaismingai pateikiama informacija ir \u012fdomiausi faktai skirtingomis temomis: Lietuvos istorija, amatai, geografin\u0117 pad\u0117tis, etnografiniai regionai, gamta, gyv\u016bnai, kult\u016bra. Kas? Kaip? Kam? KOD\u0116L? Vaik\u0173 galvose nuolat sukasi galyb\u0117 klausim\u0173. Klausin\u0117dami vaikai tyrin\u0117ja suaugusi\u0173j\u0173 pasaul\u012f, su\u017eino daikt\u0173, j\u0173 savybi\u0173 ir veiksm\u0173 pavadinimus. Vaikai tiki, kad suaugusieji \u017eino visus atsakymus ir gali papasakoti daug istorij\u0173 apie vis\u0105 pasaul\u012f. Ta\u010diau \u0161iuolaikiniai vaikai neretai u\u017eduoda nelengv\u0173 klausim\u0173, \u012f kuriuos atsakymus tikrai \u017eino ne visi. Svarbiausia nebijoti vaikams parodyti, kad ne\u017einote, ir paskatinti atsakym\u0173 ie\u0161koti kartu. Kak\u0117s Mak\u0117s enciklopedijos \u2013 tai \u017eaismingai, vaizdingai ir \u012fdomiai pateikta informacija vaikams aktualiomis temomis. Rekomenduojama 5\u20138 met\u0173 vaikams, ta\u010diau skaitant kartu su t\u0117veliais tinka ir ma\u017eesniems.<\/p>\n","protected":false},"featured_media":20421,"comment_status":"open","ping_status":"closed","template":"","meta":{"_acf_changed":false,"site-sidebar-layout":"default","site-content-layout":"","ast-site-content-layout":"default","site-content-style":"default","site-sidebar-style":"default","ast-global-header-display":"","ast-banner-title-visibility":"","ast-main-header-display":"","ast-hfb-above-header-display":"","ast-hfb-below-header-display":"","ast-hfb-mobile-header-display":"","site-post-title":"","ast-breadcrumbs-content":"","ast-featured-img":"","footer-sml-layout":"","ast-disable-related-posts":"","theme-transparent-header-meta":"","adv-header-id-meta":"","stick-header-meta":"","header-above-stick-meta":"","header-main-stick-meta":"","header-below-stick-meta":"","astra-migrate-meta-layouts":"default","ast-page-background-enabled":"default","ast-page-background-meta":{"desktop":{"background-color":"","background-image":"","background-repeat":"repeat","background-position":"center center","background-size":"auto","background-attachment":"scroll","background-type":"","background-media":"","overlay-type":"","overlay-color":"","overlay-opacity":"","overlay-gradient":""},"tablet":{"background-color":"","background-image":"","background-repeat":"repeat","background-position":"center center","background-size":"auto","background-attachment":"scroll","background-type":"","background-media":"","overlay-type":"","overlay-color":"","overlay-opacity":"","overlay-gradient":""},"mobile":{"background-color":"","background-image":"","background-repeat":"repeat","background-position":"center center","background-size":"auto","background-attachment":"scroll","background-type":"","background-media":"","overlay-type":"","overlay-color":"","overlay-opacity":"","overlay-gradient":""}},"ast-content-background-meta":{"desktop":{"background-color":"var(--ast-global-color-4)","background-image":"","background-repeat":"repeat","background-position":"center center","background-size":"auto","background-attachment":"scroll","background-type":"","background-media":"","overlay-type":"","overlay-color":"","overlay-opacity":"","overlay-gradient":""},"tablet":{"background-color":"var(--ast-global-color-4)","background-image":"","background-repeat":"repeat","background-position":"center center","background-size":"auto","background-attachment":"scroll","background-type":"","background-media":"","overlay-type":"","overlay-color":"","overlay-opacity":"","overlay-gradient":""},"mobile":{"background-color":"var(--ast-global-color-4)","background-image":"","background-repeat":"repeat","background-position":"center center","background-size":"auto","background-attachment":"scroll","background-type":"","background-media":"","overlay-type":"","overlay-color":"","overlay-opacity":"","overlay-gradient":""}}},"product_brand":[],"product_cat":[9674],"product_tag":[7902,2224,2376,2625,7903,3071],"class_list":{"0":"post-20416","1":"product","2":"type-product","3":"status-publish","4":"has-post-thumbnail","6":"product_cat-pradinukams","7":"product_tag-egle-cebatoriene","8":"product_tag-istorija","9":"product_tag-kultura","10":"product_tag-lietuva","11":"product_tag-vaida-dubickiene-enciklopedija","12":"product_tag-vaikai","13":"desktop-align-left","14":"tablet-align-left","15":"mobile-align-left","17":"first","18":"instock","19":"shipping-taxable","20":"purchasable","21":"product-type-simple"},"acf":[],"yoast_head":"<!-- This site is optimized with the Yoast SEO plugin v27.0 - https:\/\/yoast.com\/product\/yoast-seo-wordpress\/ -->\n<title>Kak\u0117s Mak\u0117s enciklopedija apie Lietuv\u0105<\/title>\n<meta name=\"description\" content=\"Kak\u0117 Mak\u0117 labai domisi savo \u0161alimi ir kasdien nori vis daugiau apie j\u0105 su\u017einoti. I\u0161 kur kilo Lietuvos vardas? Kiek e\u017eer\u0173 tyvuliuoja Lietuvoje? Kas yra\" \/>\n<meta name=\"robots\" content=\"index, follow, max-snippet:-1, max-image-preview:large, max-video-preview:-1\" \/>\n<link rel=\"canonical\" href=\"https:\/\/skaitytaknyga.lt\/en\/produktas\/kakes-makes-enciklopedija-apie-lietuva\/\" \/>\n<meta property=\"og:locale\" content=\"en_GB\" \/>\n<meta property=\"og:locale:alternate\" content=\"lt_LT\" \/>\n<meta property=\"og:type\" content=\"article\" \/>\n<meta property=\"og:title\" content=\"Kak\u0117s Mak\u0117s enciklopedija apie Lietuv\u0105\" \/>\n<meta property=\"og:description\" content=\"Kak\u0117 Mak\u0117 labai domisi savo \u0161alimi ir kasdien nori vis daugiau apie j\u0105 su\u017einoti. I\u0161 kur kilo Lietuvos vardas? Kiek e\u017eer\u0173 tyvuliuoja Lietuvoje? Kas yra\" \/>\n<meta property=\"og:url\" content=\"https:\/\/skaitytaknyga.lt\/en\/produktas\/kakes-makes-enciklopedija-apie-lietuva\/\" \/>\n<meta property=\"og:site_name\" content=\"Skaitytaknyga\" \/>\n<meta property=\"article:publisher\" content=\"https:\/\/www.facebook.com\/skaitytaknyga\/\" \/>\n<meta property=\"article:modified_time\" content=\"2026-03-05T14:17:57+00:00\" \/>\n<meta property=\"og:image\" content=\"https:\/\/skaitytaknyga.lt\/wp-content\/uploads\/2025\/08\/Kakes-Makes-enciklopedija-apie-Lietuva-1.webp\" \/>\n\t<meta property=\"og:image:width\" content=\"490\" \/>\n\t<meta property=\"og:image:height\" content=\"600\" \/>\n\t<meta property=\"og:image:type\" content=\"image\/webp\" \/>\n<meta name=\"twitter:card\" content=\"summary_large_image\" \/>\n<meta name=\"twitter:label1\" content=\"Estimated reading time\" \/>\n\t<meta name=\"twitter:data1\" content=\"1 minute\" \/>\n<script type=\"application\/ld+json\" class=\"yoast-schema-graph\">{\"@context\":\"https:\/\/schema.org\",\"@graph\":[{\"@type\":\"WebPage\",\"@id\":\"https:\/\/skaitytaknyga.lt\/produktas\/kakes-makes-enciklopedija-apie-lietuva\/\",\"url\":\"https:\/\/skaitytaknyga.lt\/produktas\/kakes-makes-enciklopedija-apie-lietuva\/\",\"name\":\"Kak\u0117s Mak\u0117s enciklopedija apie Lietuv\u0105\",\"isPartOf\":{\"@id\":\"https:\/\/skaitytaknyga.lt\/#website\"},\"primaryImageOfPage\":{\"@id\":\"https:\/\/skaitytaknyga.lt\/produktas\/kakes-makes-enciklopedija-apie-lietuva\/#primaryimage\"},\"image\":{\"@id\":\"https:\/\/skaitytaknyga.lt\/produktas\/kakes-makes-enciklopedija-apie-lietuva\/#primaryimage\"},\"thumbnailUrl\":\"https:\/\/skaitytaknyga.lt\/wp-content\/uploads\/2025\/08\/Kakes-Makes-enciklopedija-apie-Lietuva-1.webp\",\"datePublished\":\"2025-08-27T07:36:54+00:00\",\"dateModified\":\"2026-03-05T14:17:57+00:00\",\"description\":\"Kak\u0117 Mak\u0117 labai domisi savo \u0161alimi ir kasdien nori vis daugiau apie j\u0105 su\u017einoti. I\u0161 kur kilo Lietuvos vardas? Kiek e\u017eer\u0173 tyvuliuoja Lietuvoje? Kas yra\",\"breadcrumb\":{\"@id\":\"https:\/\/skaitytaknyga.lt\/produktas\/kakes-makes-enciklopedija-apie-lietuva\/#breadcrumb\"},\"inLanguage\":\"en-GB\",\"potentialAction\":[{\"@type\":\"ReadAction\",\"target\":[\"https:\/\/skaitytaknyga.lt\/produktas\/kakes-makes-enciklopedija-apie-lietuva\/\"]}]},{\"@type\":\"ImageObject\",\"inLanguage\":\"en-GB\",\"@id\":\"https:\/\/skaitytaknyga.lt\/produktas\/kakes-makes-enciklopedija-apie-lietuva\/#primaryimage\",\"url\":\"https:\/\/skaitytaknyga.lt\/wp-content\/uploads\/2025\/08\/Kakes-Makes-enciklopedija-apie-Lietuva-1.webp\",\"contentUrl\":\"https:\/\/skaitytaknyga.lt\/wp-content\/uploads\/2025\/08\/Kakes-Makes-enciklopedija-apie-Lietuva-1.webp\",\"width\":490,\"height\":600,\"caption\":\"Kak\u0117s Mak\u0117s enciklopedija apie Lietuv\u0105\"},{\"@type\":\"BreadcrumbList\",\"@id\":\"https:\/\/skaitytaknyga.lt\/produktas\/kakes-makes-enciklopedija-apie-lietuva\/#breadcrumb\",\"itemListElement\":[{\"@type\":\"ListItem\",\"position\":1,\"name\":\"Home\",\"item\":\"https:\/\/skaitytaknyga.lt\/\"},{\"@type\":\"ListItem\",\"position\":2,\"name\":\"Parduotuv\u0117\",\"item\":\"https:\/\/skaitytaknyga.lt\/knygu-parduotuve\/\"},{\"@type\":\"ListItem\",\"position\":3,\"name\":\"Kak\u0117s Mak\u0117s enciklopedija apie Lietuv\u0105\"}]},{\"@type\":\"WebSite\",\"@id\":\"https:\/\/skaitytaknyga.lt\/#website\",\"url\":\"https:\/\/skaitytaknyga.lt\/\",\"name\":\"skaitytaknyga.lt\",\"description\":\"Skaitytaknyga.lt \u2013 tai ma\u017eas \u0161eimos verslas, kuris prasid\u0117jo nuo meil\u0117s knygoms ir siekio i\u0161gelb\u0117ti knygas nuo likimo prie konteinerio. Kas vienam nereikalingas daiktas \u2013 kitam lobis, o mes esame tarpininkai, kurie padeda abiems tapti laimingesniems ???? \u017dinome kaip nelengva i\u0161gyventi ma\u017eiems verslams, tad nuo \u0161iol, \u010dia rasite ir kit\u0173, ma\u017e\u0173 \u0161eim\u0173 versl\u0173, rank\u0173 darbo, dovan\u0173 sau ir artimiesiems.\",\"publisher\":{\"@id\":\"https:\/\/skaitytaknyga.lt\/#organization\"},\"potentialAction\":[{\"@type\":\"SearchAction\",\"target\":{\"@type\":\"EntryPoint\",\"urlTemplate\":\"https:\/\/skaitytaknyga.lt\/?s={search_term_string}\"},\"query-input\":{\"@type\":\"PropertyValueSpecification\",\"valueRequired\":true,\"valueName\":\"search_term_string\"}}],\"inLanguage\":\"en-GB\"},{\"@type\":\"Organization\",\"@id\":\"https:\/\/skaitytaknyga.lt\/#organization\",\"name\":\"skaitytaknyga.lt\",\"url\":\"https:\/\/skaitytaknyga.lt\/\",\"logo\":{\"@type\":\"ImageObject\",\"inLanguage\":\"en-GB\",\"@id\":\"https:\/\/skaitytaknyga.lt\/#\/schema\/logo\/image\/\",\"url\":\"https:\/\/skaitytaknyga.lt\/wp-content\/uploads\/2024\/05\/cropped-cropped-cropped-02_00843_jt3bggkj1j3HLc7SyY6rEUpg.jpeg\",\"contentUrl\":\"https:\/\/skaitytaknyga.lt\/wp-content\/uploads\/2024\/05\/cropped-cropped-cropped-02_00843_jt3bggkj1j3HLc7SyY6rEUpg.jpeg\",\"width\":1600,\"height\":1600,\"caption\":\"skaitytaknyga.lt\"},\"image\":{\"@id\":\"https:\/\/skaitytaknyga.lt\/#\/schema\/logo\/image\/\"},\"sameAs\":[\"https:\/\/www.facebook.com\/skaitytaknyga\/\"]}]}<\/script>\n<!-- \/ Yoast SEO plugin. -->","yoast_head_json":{"title":"Kak\u0117s Mak\u0117s enciklopedija apie Lietuv\u0105","description":"Kak\u0117 Mak\u0117 labai domisi savo \u0161alimi ir kasdien nori vis daugiau apie j\u0105 su\u017einoti. I\u0161 kur kilo Lietuvos vardas? Kiek e\u017eer\u0173 tyvuliuoja Lietuvoje? Kas yra","robots":{"index":"index","follow":"follow","max-snippet":"max-snippet:-1","max-image-preview":"max-image-preview:large","max-video-preview":"max-video-preview:-1"},"canonical":"https:\/\/skaitytaknyga.lt\/en\/produktas\/kakes-makes-enciklopedija-apie-lietuva\/","og_locale":"en_GB","og_type":"article","og_title":"[:lt]Kak\u0117s Mak\u0117s enciklopedija apie Lietuv\u0105[:] - Skaitytaknyga","og_description":"Kak\u0117 Mak\u0117 labai domisi savo \u0161alimi ir kasdien nori vis daugiau apie j\u0105 su\u017einoti. I\u0161 kur kilo Lietuvos vardas? Kiek e\u017eer\u0173 tyvuliuoja Lietuvoje? Kas yra","og_url":"https:\/\/skaitytaknyga.lt\/en\/produktas\/kakes-makes-enciklopedija-apie-lietuva\/","og_site_name":"Skaitytaknyga","article_publisher":"https:\/\/www.facebook.com\/skaitytaknyga\/","article_modified_time":"2026-03-05T14:17:57+00:00","og_image":[{"width":490,"height":600,"url":"https:\/\/skaitytaknyga.lt\/wp-content\/uploads\/2025\/08\/Kakes-Makes-enciklopedija-apie-Lietuva-1.webp","type":"image\/webp"}],"twitter_card":"summary_large_image","twitter_misc":{"Estimated reading time":"1 minute"},"schema":{"@context":"https:\/\/schema.org","@graph":[{"@type":"WebPage","@id":"https:\/\/skaitytaknyga.lt\/produktas\/kakes-makes-enciklopedija-apie-lietuva\/","url":"https:\/\/skaitytaknyga.lt\/produktas\/kakes-makes-enciklopedija-apie-lietuva\/","name":"Kak\u0117s Mak\u0117s enciklopedija apie Lietuv\u0105","isPartOf":{"@id":"https:\/\/skaitytaknyga.lt\/#website"},"primaryImageOfPage":{"@id":"https:\/\/skaitytaknyga.lt\/produktas\/kakes-makes-enciklopedija-apie-lietuva\/#primaryimage"},"image":{"@id":"https:\/\/skaitytaknyga.lt\/produktas\/kakes-makes-enciklopedija-apie-lietuva\/#primaryimage"},"thumbnailUrl":"https:\/\/skaitytaknyga.lt\/wp-content\/uploads\/2025\/08\/Kakes-Makes-enciklopedija-apie-Lietuva-1.webp","datePublished":"2025-08-27T07:36:54+00:00","dateModified":"2026-03-05T14:17:57+00:00","description":"Kak\u0117 Mak\u0117 labai domisi savo \u0161alimi ir kasdien nori vis daugiau apie j\u0105 su\u017einoti. I\u0161 kur kilo Lietuvos vardas? Kiek e\u017eer\u0173 tyvuliuoja Lietuvoje? Kas yra","breadcrumb":{"@id":"https:\/\/skaitytaknyga.lt\/produktas\/kakes-makes-enciklopedija-apie-lietuva\/#breadcrumb"},"inLanguage":"en-GB","potentialAction":[{"@type":"ReadAction","target":["https:\/\/skaitytaknyga.lt\/produktas\/kakes-makes-enciklopedija-apie-lietuva\/"]}]},{"@type":"ImageObject","inLanguage":"en-GB","@id":"https:\/\/skaitytaknyga.lt\/produktas\/kakes-makes-enciklopedija-apie-lietuva\/#primaryimage","url":"https:\/\/skaitytaknyga.lt\/wp-content\/uploads\/2025\/08\/Kakes-Makes-enciklopedija-apie-Lietuva-1.webp","contentUrl":"https:\/\/skaitytaknyga.lt\/wp-content\/uploads\/2025\/08\/Kakes-Makes-enciklopedija-apie-Lietuva-1.webp","width":490,"height":600,"caption":"Kak\u0117s Mak\u0117s enciklopedija apie Lietuv\u0105"},{"@type":"BreadcrumbList","@id":"https:\/\/skaitytaknyga.lt\/produktas\/kakes-makes-enciklopedija-apie-lietuva\/#breadcrumb","itemListElement":[{"@type":"ListItem","position":1,"name":"Home","item":"https:\/\/skaitytaknyga.lt\/"},{"@type":"ListItem","position":2,"name":"Parduotuv\u0117","item":"https:\/\/skaitytaknyga.lt\/knygu-parduotuve\/"},{"@type":"ListItem","position":3,"name":"Kak\u0117s Mak\u0117s enciklopedija apie Lietuv\u0105"}]},{"@type":"WebSite","@id":"https:\/\/skaitytaknyga.lt\/#website","url":"https:\/\/skaitytaknyga.lt\/","name":"skaitytaknyga.lt","description":"Skaitytaknyga.lt \u2013 tai ma\u017eas \u0161eimos verslas, kuris prasid\u0117jo nuo meil\u0117s knygoms ir siekio i\u0161gelb\u0117ti knygas nuo likimo prie konteinerio. Kas vienam nereikalingas daiktas \u2013 kitam lobis, o mes esame tarpininkai, kurie padeda abiems tapti laimingesniems ???? \u017dinome kaip nelengva i\u0161gyventi ma\u017eiems verslams, tad nuo \u0161iol, \u010dia rasite ir kit\u0173, ma\u017e\u0173 \u0161eim\u0173 versl\u0173, rank\u0173 darbo, dovan\u0173 sau ir artimiesiems.","publisher":{"@id":"https:\/\/skaitytaknyga.lt\/#organization"},"potentialAction":[{"@type":"SearchAction","target":{"@type":"EntryPoint","urlTemplate":"https:\/\/skaitytaknyga.lt\/?s={search_term_string}"},"query-input":{"@type":"PropertyValueSpecification","valueRequired":true,"valueName":"search_term_string"}}],"inLanguage":"en-GB"},{"@type":"Organization","@id":"https:\/\/skaitytaknyga.lt\/#organization","name":"skaitytaknyga.lt","url":"https:\/\/skaitytaknyga.lt\/","logo":{"@type":"ImageObject","inLanguage":"en-GB","@id":"https:\/\/skaitytaknyga.lt\/#\/schema\/logo\/image\/","url":"https:\/\/skaitytaknyga.lt\/wp-content\/uploads\/2024\/05\/cropped-cropped-cropped-02_00843_jt3bggkj1j3HLc7SyY6rEUpg.jpeg","contentUrl":"https:\/\/skaitytaknyga.lt\/wp-content\/uploads\/2024\/05\/cropped-cropped-cropped-02_00843_jt3bggkj1j3HLc7SyY6rEUpg.jpeg","width":1600,"height":1600,"caption":"skaitytaknyga.lt"},"image":{"@id":"https:\/\/skaitytaknyga.lt\/#\/schema\/logo\/image\/"},"sameAs":["https:\/\/www.facebook.com\/skaitytaknyga\/"]}]}},"_links":{"self":[{"href":"https:\/\/skaitytaknyga.lt\/en\/wp-json\/wp\/v2\/product\/20416","targetHints":{"allow":["GET"]}}],"collection":[{"href":"https:\/\/skaitytaknyga.lt\/en\/wp-json\/wp\/v2\/product"}],"about":[{"href":"https:\/\/skaitytaknyga.lt\/en\/wp-json\/wp\/v2\/types\/product"}],"replies":[{"embeddable":true,"href":"https:\/\/skaitytaknyga.lt\/en\/wp-json\/wp\/v2\/comments?post=20416"}],"wp:featuredmedia":[{"embeddable":true,"href":"https:\/\/skaitytaknyga.lt\/en\/wp-json\/wp\/v2\/media\/20421"}],"wp:attachment":[{"href":"https:\/\/skaitytaknyga.lt\/en\/wp-json\/wp\/v2\/media?parent=20416"}],"wp:term":[{"taxonomy":"product_brand","embeddable":true,"href":"https:\/\/skaitytaknyga.lt\/en\/wp-json\/wp\/v2\/product_brand?post=20416"},{"taxonomy":"product_cat","embeddable":true,"href":"https:\/\/skaitytaknyga.lt\/en\/wp-json\/wp\/v2\/product_cat?post=20416"},{"taxonomy":"product_tag","embeddable":true,"href":"https:\/\/skaitytaknyga.lt\/en\/wp-json\/wp\/v2\/product_tag?post=20416"}],"curies":[{"name":"wp","href":"https:\/\/api.w.org\/{rel}","templated":true}]}}