{"id":20407,"date":"2025-08-27T10:21:53","date_gmt":"2025-08-27T07:21:53","guid":{"rendered":"https:\/\/skaitytaknyga.lt\/?post_type=product&#038;p=20407"},"modified":"2026-03-18T14:52:01","modified_gmt":"2026-03-18T12:52:01","slug":"cecenijos-karas","status":"publish","type":"product","link":"https:\/\/skaitytaknyga.lt\/en\/produktas\/cecenijos-karas\/","title":{"rendered":"\u010ce\u010d\u0117nijos karas"},"content":{"rendered":"<p>Kar\u0105 \u010ce\u010d\u0117nijoje suk\u0117l\u0117 daugyb\u0117 politini\u0173, ekonomini\u0173, teisini\u0173, karini\u0173 ir kit\u0173 konfliktini\u0173 situacij\u0173. Jos neatsitiktin\u0117s ir brendo de\u0161imtme\u010dius ir net \u0161imtme\u010dius. Prie\u017eas\u010di\u0173, subrandinusi\u0173 kar\u0105, yra daug. Pakankamai ai\u0161k\u016bs tik pagrindiniai \u0161io karo tikslai: Maskvos \u2013 siekimas i\u0161saugoti teritorin\u012f vientisum\u0105, \u010ce\u010d\u0117n\u0173 \u2013 kova u\u017e nacionalin\u0119 nepriklausomyb\u0119. Akivaizdu, kad \u0161io karo metu i\u0161ry\u0161k\u0117jo naujas \u2013 karinio terorizmo \u2013 aspektas. Rusijos federacinei kariuomenei \u012f\u017eengus \u012f \u010ce\u010d\u0117nijos teritorij\u0105 vargu ar kas gal\u0117jo abejoti, kad anks\u010diau ar v\u0117liau pasiprie\u0161inimas bus u\u017egniau\u017etas. Bet \u012fvyki\u0173 eig\u0105 pakeit\u0117 \u010de\u010d\u0117n\u0173 vykdytos karin\u0117s teroristin\u0117s operacijos su \u012fkait\u0173 pagrobimais. \u012eprastin\u0119 teorin\u0119 schem\u0105 \u201epolitika \u2013 karas\u201c pakeit\u0117 trikampis \u201epolitika \u2013 karas \u2013 terorizmas\u201c.<\/p>\n","protected":false},"excerpt":{"rendered":"<p>Kar\u0105 \u010ce\u010d\u0117nijoje suk\u0117l\u0117 daugyb\u0117 politini\u0173, ekonomini\u0173, teisini\u0173, karini\u0173 ir kit\u0173 konfliktini\u0173 situacij\u0173. Jos neatsitiktin\u0117s ir brendo de\u0161imtme\u010dius ir net \u0161imtme\u010dius. Prie\u017eas\u010di\u0173, subrandinusi\u0173 kar\u0105, yra daug. Pakankamai ai\u0161k\u016bs tik pagrindiniai \u0161io karo tikslai: Maskvos \u2013 siekimas i\u0161saugoti teritorin\u012f vientisum\u0105, \u010ce\u010d\u0117n\u0173 \u2013 kova u\u017e nacionalin\u0119 nepriklausomyb\u0119. Akivaizdu, kad \u0161io karo metu i\u0161ry\u0161k\u0117jo naujas \u2013 karinio terorizmo \u2013 aspektas. Rusijos federacinei kariuomenei \u012f\u017eengus \u012f \u010ce\u010d\u0117nijos teritorij\u0105 vargu ar kas gal\u0117jo abejoti, kad anks\u010diau ar v\u0117liau pasiprie\u0161inimas bus u\u017egniau\u017etas. Bet \u012fvyki\u0173 eig\u0105 pakeit\u0117 \u010de\u010d\u0117n\u0173 vykdytos karin\u0117s teroristin\u0117s operacijos su \u012fkait\u0173 pagrobimais. \u012eprastin\u0119 teorin\u0119 schem\u0105 \u201epolitika \u2013 karas\u201c pakeit\u0117 trikampis \u201epolitika \u2013 karas \u2013 terorizmas\u201c.<\/p>\n","protected":false},"featured_media":20412,"comment_status":"open","ping_status":"closed","template":"","meta":{"_acf_changed":false,"site-sidebar-layout":"default","site-content-layout":"","ast-site-content-layout":"default","site-content-style":"default","site-sidebar-style":"default","ast-global-header-display":"","ast-banner-title-visibility":"","ast-main-header-display":"","ast-hfb-above-header-display":"","ast-hfb-below-header-display":"","ast-hfb-mobile-header-display":"","site-post-title":"","ast-breadcrumbs-content":"","ast-featured-img":"","footer-sml-layout":"","ast-disable-related-posts":"","theme-transparent-header-meta":"","adv-header-id-meta":"","stick-header-meta":"","header-above-stick-meta":"","header-main-stick-meta":"","header-below-stick-meta":"","astra-migrate-meta-layouts":"default","ast-page-background-enabled":"default","ast-page-background-meta":{"desktop":{"background-color":"","background-image":"","background-repeat":"repeat","background-position":"center center","background-size":"auto","background-attachment":"scroll","background-type":"","background-media":"","overlay-type":"","overlay-color":"","overlay-opacity":"","overlay-gradient":""},"tablet":{"background-color":"","background-image":"","background-repeat":"repeat","background-position":"center center","background-size":"auto","background-attachment":"scroll","background-type":"","background-media":"","overlay-type":"","overlay-color":"","overlay-opacity":"","overlay-gradient":""},"mobile":{"background-color":"","background-image":"","background-repeat":"repeat","background-position":"center center","background-size":"auto","background-attachment":"scroll","background-type":"","background-media":"","overlay-type":"","overlay-color":"","overlay-opacity":"","overlay-gradient":""}},"ast-content-background-meta":{"desktop":{"background-color":"var(--ast-global-color-4)","background-image":"","background-repeat":"repeat","background-position":"center center","background-size":"auto","background-attachment":"scroll","background-type":"","background-media":"","overlay-type":"","overlay-color":"","overlay-opacity":"","overlay-gradient":""},"tablet":{"background-color":"var(--ast-global-color-4)","background-image":"","background-repeat":"repeat","background-position":"center center","background-size":"auto","background-attachment":"scroll","background-type":"","background-media":"","overlay-type":"","overlay-color":"","overlay-opacity":"","overlay-gradient":""},"mobile":{"background-color":"var(--ast-global-color-4)","background-image":"","background-repeat":"repeat","background-position":"center center","background-size":"auto","background-attachment":"scroll","background-type":"","background-media":"","overlay-type":"","overlay-color":"","overlay-opacity":"","overlay-gradient":""}}},"product_brand":[],"product_cat":[9864,174],"product_tag":[7897,2224,2395,7896,7101],"class_list":{"0":"post-20407","1":"product","2":"type-product","3":"status-publish","4":"has-post-thumbnail","6":"product_cat-karo-istorija","7":"product_cat-istorija-ir-politologija","8":"product_tag-cecenija","9":"product_tag-istorija","10":"product_tag-politika","11":"product_tag-stasys-knezys-karas","12":"product_tag-terorizmas","13":"desktop-align-left","14":"tablet-align-left","15":"mobile-align-left","17":"first","18":"instock","19":"shipping-taxable","20":"purchasable","21":"product-type-simple"},"acf":[],"yoast_head":"<!-- This site is optimized with the Yoast SEO plugin v27.0 - https:\/\/yoast.com\/product\/yoast-seo-wordpress\/ -->\n<title>\u010ce\u010d\u0117nijos karas<\/title>\n<meta name=\"description\" content=\"Kar\u0105 \u010ce\u010d\u0117nijoje suk\u0117l\u0117 daugyb\u0117 politini\u0173, ekonomini\u0173, teisini\u0173, karini\u0173 ir kit\u0173 konfliktini\u0173 situacij\u0173. Jos neatsitiktin\u0117s ir brendo de\u0161imtme\u010dius ir net\" \/>\n<meta name=\"robots\" content=\"index, follow, max-snippet:-1, max-image-preview:large, max-video-preview:-1\" \/>\n<link rel=\"canonical\" href=\"https:\/\/skaitytaknyga.lt\/en\/produktas\/cecenijos-karas\/\" \/>\n<meta property=\"og:locale\" content=\"en_GB\" \/>\n<meta property=\"og:locale:alternate\" content=\"lt_LT\" \/>\n<meta property=\"og:type\" content=\"article\" \/>\n<meta property=\"og:title\" content=\"\u010ce\u010d\u0117nijos karas\" \/>\n<meta property=\"og:description\" content=\"Kar\u0105 \u010ce\u010d\u0117nijoje suk\u0117l\u0117 daugyb\u0117 politini\u0173, ekonomini\u0173, teisini\u0173, karini\u0173 ir kit\u0173 konfliktini\u0173 situacij\u0173. Jos neatsitiktin\u0117s ir brendo de\u0161imtme\u010dius ir net\" \/>\n<meta property=\"og:url\" content=\"https:\/\/skaitytaknyga.lt\/en\/produktas\/cecenijos-karas\/\" \/>\n<meta property=\"og:site_name\" content=\"Skaitytaknyga\" \/>\n<meta property=\"article:publisher\" content=\"https:\/\/www.facebook.com\/skaitytaknyga\/\" \/>\n<meta property=\"article:modified_time\" content=\"2026-03-18T12:52:01+00:00\" \/>\n<meta property=\"og:image\" content=\"https:\/\/skaitytaknyga.lt\/wp-content\/uploads\/2025\/08\/Cecenijos-karas-1.webp\" \/>\n\t<meta property=\"og:image:width\" content=\"352\" \/>\n\t<meta property=\"og:image:height\" content=\"575\" \/>\n\t<meta property=\"og:image:type\" content=\"image\/webp\" \/>\n<meta name=\"twitter:card\" content=\"summary_large_image\" \/>\n<meta name=\"twitter:label1\" content=\"Estimated reading time\" \/>\n\t<meta name=\"twitter:data1\" content=\"1 minute\" \/>\n<script type=\"application\/ld+json\" class=\"yoast-schema-graph\">{\"@context\":\"https:\/\/schema.org\",\"@graph\":[{\"@type\":\"WebPage\",\"@id\":\"https:\/\/skaitytaknyga.lt\/produktas\/cecenijos-karas\/\",\"url\":\"https:\/\/skaitytaknyga.lt\/produktas\/cecenijos-karas\/\",\"name\":\"\u010ce\u010d\u0117nijos karas\",\"isPartOf\":{\"@id\":\"https:\/\/skaitytaknyga.lt\/#website\"},\"primaryImageOfPage\":{\"@id\":\"https:\/\/skaitytaknyga.lt\/produktas\/cecenijos-karas\/#primaryimage\"},\"image\":{\"@id\":\"https:\/\/skaitytaknyga.lt\/produktas\/cecenijos-karas\/#primaryimage\"},\"thumbnailUrl\":\"https:\/\/skaitytaknyga.lt\/wp-content\/uploads\/2025\/08\/Cecenijos-karas-1.webp\",\"datePublished\":\"2025-08-27T07:21:53+00:00\",\"dateModified\":\"2026-03-18T12:52:01+00:00\",\"description\":\"Kar\u0105 \u010ce\u010d\u0117nijoje suk\u0117l\u0117 daugyb\u0117 politini\u0173, ekonomini\u0173, teisini\u0173, karini\u0173 ir kit\u0173 konfliktini\u0173 situacij\u0173. Jos neatsitiktin\u0117s ir brendo de\u0161imtme\u010dius ir net\",\"breadcrumb\":{\"@id\":\"https:\/\/skaitytaknyga.lt\/produktas\/cecenijos-karas\/#breadcrumb\"},\"inLanguage\":\"en-GB\",\"potentialAction\":[{\"@type\":\"ReadAction\",\"target\":[\"https:\/\/skaitytaknyga.lt\/produktas\/cecenijos-karas\/\"]}]},{\"@type\":\"ImageObject\",\"inLanguage\":\"en-GB\",\"@id\":\"https:\/\/skaitytaknyga.lt\/produktas\/cecenijos-karas\/#primaryimage\",\"url\":\"https:\/\/skaitytaknyga.lt\/wp-content\/uploads\/2025\/08\/Cecenijos-karas-1.webp\",\"contentUrl\":\"https:\/\/skaitytaknyga.lt\/wp-content\/uploads\/2025\/08\/Cecenijos-karas-1.webp\",\"width\":352,\"height\":575},{\"@type\":\"BreadcrumbList\",\"@id\":\"https:\/\/skaitytaknyga.lt\/produktas\/cecenijos-karas\/#breadcrumb\",\"itemListElement\":[{\"@type\":\"ListItem\",\"position\":1,\"name\":\"Home\",\"item\":\"https:\/\/skaitytaknyga.lt\/\"},{\"@type\":\"ListItem\",\"position\":2,\"name\":\"Parduotuv\u0117\",\"item\":\"https:\/\/skaitytaknyga.lt\/knygu-parduotuve\/\"},{\"@type\":\"ListItem\",\"position\":3,\"name\":\"\u010ce\u010d\u0117nijos karas\"}]},{\"@type\":\"WebSite\",\"@id\":\"https:\/\/skaitytaknyga.lt\/#website\",\"url\":\"https:\/\/skaitytaknyga.lt\/\",\"name\":\"skaitytaknyga.lt\",\"description\":\"Skaitytaknyga.lt \u2013 tai ma\u017eas \u0161eimos verslas, kuris prasid\u0117jo nuo meil\u0117s knygoms ir siekio i\u0161gelb\u0117ti knygas nuo likimo prie konteinerio. Kas vienam nereikalingas daiktas \u2013 kitam lobis, o mes esame tarpininkai, kurie padeda abiems tapti laimingesniems ???? \u017dinome kaip nelengva i\u0161gyventi ma\u017eiems verslams, tad nuo \u0161iol, \u010dia rasite ir kit\u0173, ma\u017e\u0173 \u0161eim\u0173 versl\u0173, rank\u0173 darbo, dovan\u0173 sau ir artimiesiems.\",\"publisher\":{\"@id\":\"https:\/\/skaitytaknyga.lt\/#organization\"},\"potentialAction\":[{\"@type\":\"SearchAction\",\"target\":{\"@type\":\"EntryPoint\",\"urlTemplate\":\"https:\/\/skaitytaknyga.lt\/?s={search_term_string}\"},\"query-input\":{\"@type\":\"PropertyValueSpecification\",\"valueRequired\":true,\"valueName\":\"search_term_string\"}}],\"inLanguage\":\"en-GB\"},{\"@type\":\"Organization\",\"@id\":\"https:\/\/skaitytaknyga.lt\/#organization\",\"name\":\"skaitytaknyga.lt\",\"url\":\"https:\/\/skaitytaknyga.lt\/\",\"logo\":{\"@type\":\"ImageObject\",\"inLanguage\":\"en-GB\",\"@id\":\"https:\/\/skaitytaknyga.lt\/#\/schema\/logo\/image\/\",\"url\":\"https:\/\/skaitytaknyga.lt\/wp-content\/uploads\/2024\/05\/cropped-cropped-cropped-02_00843_jt3bggkj1j3HLc7SyY6rEUpg.jpeg\",\"contentUrl\":\"https:\/\/skaitytaknyga.lt\/wp-content\/uploads\/2024\/05\/cropped-cropped-cropped-02_00843_jt3bggkj1j3HLc7SyY6rEUpg.jpeg\",\"width\":1600,\"height\":1600,\"caption\":\"skaitytaknyga.lt\"},\"image\":{\"@id\":\"https:\/\/skaitytaknyga.lt\/#\/schema\/logo\/image\/\"},\"sameAs\":[\"https:\/\/www.facebook.com\/skaitytaknyga\/\"]}]}<\/script>\n<!-- \/ Yoast SEO plugin. -->","yoast_head_json":{"title":"\u010ce\u010d\u0117nijos karas","description":"Kar\u0105 \u010ce\u010d\u0117nijoje suk\u0117l\u0117 daugyb\u0117 politini\u0173, ekonomini\u0173, teisini\u0173, karini\u0173 ir kit\u0173 konfliktini\u0173 situacij\u0173. Jos neatsitiktin\u0117s ir brendo de\u0161imtme\u010dius ir net","robots":{"index":"index","follow":"follow","max-snippet":"max-snippet:-1","max-image-preview":"max-image-preview:large","max-video-preview":"max-video-preview:-1"},"canonical":"https:\/\/skaitytaknyga.lt\/en\/produktas\/cecenijos-karas\/","og_locale":"en_GB","og_type":"article","og_title":"[:lt]\u010ce\u010d\u0117nijos karas[:] - Skaitytaknyga","og_description":"Kar\u0105 \u010ce\u010d\u0117nijoje suk\u0117l\u0117 daugyb\u0117 politini\u0173, ekonomini\u0173, teisini\u0173, karini\u0173 ir kit\u0173 konfliktini\u0173 situacij\u0173. Jos neatsitiktin\u0117s ir brendo de\u0161imtme\u010dius ir net","og_url":"https:\/\/skaitytaknyga.lt\/en\/produktas\/cecenijos-karas\/","og_site_name":"Skaitytaknyga","article_publisher":"https:\/\/www.facebook.com\/skaitytaknyga\/","article_modified_time":"2026-03-18T12:52:01+00:00","og_image":[{"width":352,"height":575,"url":"https:\/\/skaitytaknyga.lt\/wp-content\/uploads\/2025\/08\/Cecenijos-karas-1.webp","type":"image\/webp"}],"twitter_card":"summary_large_image","twitter_misc":{"Estimated reading time":"1 minute"},"schema":{"@context":"https:\/\/schema.org","@graph":[{"@type":"WebPage","@id":"https:\/\/skaitytaknyga.lt\/produktas\/cecenijos-karas\/","url":"https:\/\/skaitytaknyga.lt\/produktas\/cecenijos-karas\/","name":"\u010ce\u010d\u0117nijos karas","isPartOf":{"@id":"https:\/\/skaitytaknyga.lt\/#website"},"primaryImageOfPage":{"@id":"https:\/\/skaitytaknyga.lt\/produktas\/cecenijos-karas\/#primaryimage"},"image":{"@id":"https:\/\/skaitytaknyga.lt\/produktas\/cecenijos-karas\/#primaryimage"},"thumbnailUrl":"https:\/\/skaitytaknyga.lt\/wp-content\/uploads\/2025\/08\/Cecenijos-karas-1.webp","datePublished":"2025-08-27T07:21:53+00:00","dateModified":"2026-03-18T12:52:01+00:00","description":"Kar\u0105 \u010ce\u010d\u0117nijoje suk\u0117l\u0117 daugyb\u0117 politini\u0173, ekonomini\u0173, teisini\u0173, karini\u0173 ir kit\u0173 konfliktini\u0173 situacij\u0173. Jos neatsitiktin\u0117s ir brendo de\u0161imtme\u010dius ir net","breadcrumb":{"@id":"https:\/\/skaitytaknyga.lt\/produktas\/cecenijos-karas\/#breadcrumb"},"inLanguage":"en-GB","potentialAction":[{"@type":"ReadAction","target":["https:\/\/skaitytaknyga.lt\/produktas\/cecenijos-karas\/"]}]},{"@type":"ImageObject","inLanguage":"en-GB","@id":"https:\/\/skaitytaknyga.lt\/produktas\/cecenijos-karas\/#primaryimage","url":"https:\/\/skaitytaknyga.lt\/wp-content\/uploads\/2025\/08\/Cecenijos-karas-1.webp","contentUrl":"https:\/\/skaitytaknyga.lt\/wp-content\/uploads\/2025\/08\/Cecenijos-karas-1.webp","width":352,"height":575},{"@type":"BreadcrumbList","@id":"https:\/\/skaitytaknyga.lt\/produktas\/cecenijos-karas\/#breadcrumb","itemListElement":[{"@type":"ListItem","position":1,"name":"Home","item":"https:\/\/skaitytaknyga.lt\/"},{"@type":"ListItem","position":2,"name":"Parduotuv\u0117","item":"https:\/\/skaitytaknyga.lt\/knygu-parduotuve\/"},{"@type":"ListItem","position":3,"name":"\u010ce\u010d\u0117nijos karas"}]},{"@type":"WebSite","@id":"https:\/\/skaitytaknyga.lt\/#website","url":"https:\/\/skaitytaknyga.lt\/","name":"skaitytaknyga.lt","description":"Skaitytaknyga.lt \u2013 tai ma\u017eas \u0161eimos verslas, kuris prasid\u0117jo nuo meil\u0117s knygoms ir siekio i\u0161gelb\u0117ti knygas nuo likimo prie konteinerio. Kas vienam nereikalingas daiktas \u2013 kitam lobis, o mes esame tarpininkai, kurie padeda abiems tapti laimingesniems ???? \u017dinome kaip nelengva i\u0161gyventi ma\u017eiems verslams, tad nuo \u0161iol, \u010dia rasite ir kit\u0173, ma\u017e\u0173 \u0161eim\u0173 versl\u0173, rank\u0173 darbo, dovan\u0173 sau ir artimiesiems.","publisher":{"@id":"https:\/\/skaitytaknyga.lt\/#organization"},"potentialAction":[{"@type":"SearchAction","target":{"@type":"EntryPoint","urlTemplate":"https:\/\/skaitytaknyga.lt\/?s={search_term_string}"},"query-input":{"@type":"PropertyValueSpecification","valueRequired":true,"valueName":"search_term_string"}}],"inLanguage":"en-GB"},{"@type":"Organization","@id":"https:\/\/skaitytaknyga.lt\/#organization","name":"skaitytaknyga.lt","url":"https:\/\/skaitytaknyga.lt\/","logo":{"@type":"ImageObject","inLanguage":"en-GB","@id":"https:\/\/skaitytaknyga.lt\/#\/schema\/logo\/image\/","url":"https:\/\/skaitytaknyga.lt\/wp-content\/uploads\/2024\/05\/cropped-cropped-cropped-02_00843_jt3bggkj1j3HLc7SyY6rEUpg.jpeg","contentUrl":"https:\/\/skaitytaknyga.lt\/wp-content\/uploads\/2024\/05\/cropped-cropped-cropped-02_00843_jt3bggkj1j3HLc7SyY6rEUpg.jpeg","width":1600,"height":1600,"caption":"skaitytaknyga.lt"},"image":{"@id":"https:\/\/skaitytaknyga.lt\/#\/schema\/logo\/image\/"},"sameAs":["https:\/\/www.facebook.com\/skaitytaknyga\/"]}]}},"_links":{"self":[{"href":"https:\/\/skaitytaknyga.lt\/en\/wp-json\/wp\/v2\/product\/20407","targetHints":{"allow":["GET"]}}],"collection":[{"href":"https:\/\/skaitytaknyga.lt\/en\/wp-json\/wp\/v2\/product"}],"about":[{"href":"https:\/\/skaitytaknyga.lt\/en\/wp-json\/wp\/v2\/types\/product"}],"replies":[{"embeddable":true,"href":"https:\/\/skaitytaknyga.lt\/en\/wp-json\/wp\/v2\/comments?post=20407"}],"wp:featuredmedia":[{"embeddable":true,"href":"https:\/\/skaitytaknyga.lt\/en\/wp-json\/wp\/v2\/media\/20412"}],"wp:attachment":[{"href":"https:\/\/skaitytaknyga.lt\/en\/wp-json\/wp\/v2\/media?parent=20407"}],"wp:term":[{"taxonomy":"product_brand","embeddable":true,"href":"https:\/\/skaitytaknyga.lt\/en\/wp-json\/wp\/v2\/product_brand?post=20407"},{"taxonomy":"product_cat","embeddable":true,"href":"https:\/\/skaitytaknyga.lt\/en\/wp-json\/wp\/v2\/product_cat?post=20407"},{"taxonomy":"product_tag","embeddable":true,"href":"https:\/\/skaitytaknyga.lt\/en\/wp-json\/wp\/v2\/product_tag?post=20407"}],"curies":[{"name":"wp","href":"https:\/\/api.w.org\/{rel}","templated":true}]}}