{"id":20406,"date":"2025-08-27T10:21:53","date_gmt":"2025-08-27T07:21:53","guid":{"rendered":"https:\/\/skaitytaknyga.lt\/?post_type=product&#038;p=20406"},"modified":"2026-03-18T14:59:43","modified_gmt":"2026-03-18T12:59:43","slug":"lietuvos-ir-latvijos-santykiai-1919-1929-metais","status":"publish","type":"product","link":"https:\/\/skaitytaknyga.lt\/en\/produktas\/lietuvos-ir-latvijos-santykiai-1919-1929-metais\/","title":{"rendered":"Lietuvos ir Latvijos santykiai 1919-1929 metais"},"content":{"rendered":"<p>Lietuviai ir latviai &#8211; vienintel\u0117s gyvos balt\u0173 tautos &#8211; \u0161iandien atgavo patikimiausi\u0105 gyvyb\u0117s i\u0161saugojimo garant\u0105 &#8211; valstybingum\u0105. Tod\u0117l turi j\u012f branginti, turi j\u012f \u012ftvirtinti ir i\u0161saugoti, kad daugiau n\u0117 sykio neprarast\u0173. Tarptautinis pripa\u017einimas, \u017einoma, suteikia Lietuvai ir Latvijai nema\u017eai i\u0161likimo garantij\u0173. Jungtin\u0117s tautos, i\u0161vaduodamos Kuveit\u0105, jau \u012frod\u0117, jog gali apginti savo narius. Bet ar visus ir visada, bet kokiomis aplinkyb\u0117mis? Juk Lietuva ir Latvija, kad ir atgavusios Nepriklausomyb\u0119, i\u0161lieka toje pa\u010dioje, labai pavojingoje, anot geografo K. Pak\u0161to, \u201enenormaliai pavojingoje\u201c geopolitin\u0117je pad\u0117tyje. Pripa\u017eindamos Lietuv\u0105, Vakar\u0173 valstyb\u0117s i\u0161 karto leido suprasti, kad nei jos, nei NATO nesiima garantuot: Lietuvos sien\u0173. Savo sien\u0173 ir apskritai valstybi\u0173 saugumu tiek Lietuva, tiek Latvija tur\u0117s pirmiausia pasir\u016bpinti pa\u010dios. I\u0161saugoti Nepriklausomyb\u0119 joms b\u016bt\u0173 daug lengviau, jei jos veikt\u0173 kartu, o ne pavieniui, jei glaud\u017eiau bendradarbiaut\u0173, stiprint\u0173 ry\u0161ius, jeigu kartu su likimo drauge Estija b\u016bt\u0173 tos pa\u010dios politin\u0117s orientacijos, laikyt\u0173si suderintos u\u017esienio politikos. Kaip sutvarkyti tarpusavio santykius, Lietuva ir Latvija gal\u0117t\u0173. pasimokyti i\u0161 istorijos, pirmiausia i\u0161 tarpukario laikotarpio, kai jos irgi palaik\u0117 valstybinius ry\u0161ius, m\u0117gino bendromis j\u0117gomis tvirtinti bei saugoti Nepriklausomyb\u0119. Nors \u0161iandien Baltijos \u0161ali\u0173 tarptautin\u0117 ir vidaus pad\u0117tis yra smarkiai pasikeitusi, vis d\u0117lto i\u0161lieka bendr\u0173 bruo\u017e\u0173, ir nesunku matyti, i\u0161 ko galime pasimokyti, koki\u0173 klaid\u0173 nekartoti. Tarpukario laikotarpiu Lietuvos ir Latvijos santykiai, kaip ir visa abiej\u0173 \u0161ali\u0173 u\u017esienio politika, labai priklaus\u0117 nuo tarptautin\u0117s situacijas, vis\u0173 pirma nuo did\u017ei\u0173j\u0173 valstybi\u0173, veiksm\u0173. Tod\u0117l ir sieksime t\u0105 priklausomyb\u0119 panagrin\u0117ti, kad geriau suprastume Lietuvos ir Latvijos santyki\u0173 pob\u016bd\u012f ir raid\u0105.Juo labiau kad tokia tyrimo kryptis padeda apimti platesn\u012f tarptautini\u0173 santyki\u0173 spektr\u0105, ne vien\u0105, o kelis j\u0173 komponentus: ir ma\u017e\u0173j\u0173, ir did\u017ei\u0173j\u0173 valstybi\u0173 politik\u0105, tos politikos s\u0105veik\u0105.<\/p>\n","protected":false},"excerpt":{"rendered":"<p>Lietuviai ir latviai &#8211; vienintel\u0117s gyvos balt\u0173 tautos &#8211; \u0161iandien atgavo patikimiausi\u0105 gyvyb\u0117s i\u0161saugojimo garant\u0105 &#8211; valstybingum\u0105. Tod\u0117l turi j\u012f branginti, turi j\u012f \u012ftvirtinti ir i\u0161saugoti, kad daugiau n\u0117 sykio neprarast\u0173. Tarptautinis pripa\u017einimas, \u017einoma, suteikia Lietuvai ir Latvijai nema\u017eai i\u0161likimo garantij\u0173. Jungtin\u0117s tautos, i\u0161vaduodamos Kuveit\u0105, jau \u012frod\u0117, jog gali apginti savo narius. Bet ar visus ir visada, bet kokiomis aplinkyb\u0117mis? Juk Lietuva ir Latvija, kad ir atgavusios Nepriklausomyb\u0119, i\u0161lieka toje pa\u010dioje, labai pavojingoje, anot geografo K. Pak\u0161to, \u201enenormaliai pavojingoje\u201c geopolitin\u0117je pad\u0117tyje. Pripa\u017eindamos Lietuv\u0105, Vakar\u0173 valstyb\u0117s i\u0161 karto leido suprasti, kad nei jos, nei NATO nesiima garantuot: Lietuvos sien\u0173. Savo sien\u0173 ir apskritai valstybi\u0173 saugumu tiek Lietuva, tiek Latvija tur\u0117s pirmiausia pasir\u016bpinti pa\u010dios. I\u0161saugoti Nepriklausomyb\u0119 joms b\u016bt\u0173 daug lengviau, jei jos veikt\u0173 kartu, o ne pavieniui, jei glaud\u017eiau bendradarbiaut\u0173, stiprint\u0173 ry\u0161ius, jeigu kartu su likimo drauge Estija b\u016bt\u0173 tos pa\u010dios politin\u0117s orientacijos, laikyt\u0173si suderintos u\u017esienio politikos. Kaip sutvarkyti tarpusavio santykius, Lietuva ir Latvija gal\u0117t\u0173. pasimokyti i\u0161 istorijos, pirmiausia i\u0161 tarpukario laikotarpio, kai jos irgi palaik\u0117 valstybinius ry\u0161ius, m\u0117gino bendromis j\u0117gomis tvirtinti bei saugoti Nepriklausomyb\u0119. Nors \u0161iandien Baltijos \u0161ali\u0173 tarptautin\u0117 ir vidaus pad\u0117tis yra smarkiai pasikeitusi, vis d\u0117lto i\u0161lieka bendr\u0173 bruo\u017e\u0173, ir nesunku matyti, i\u0161 ko galime pasimokyti, koki\u0173 klaid\u0173 nekartoti. Tarpukario laikotarpiu Lietuvos ir Latvijos santykiai, kaip ir visa abiej\u0173 \u0161ali\u0173 u\u017esienio politika, labai priklaus\u0117 nuo tarptautin\u0117s situacijas, vis\u0173 pirma nuo did\u017ei\u0173j\u0173 valstybi\u0173, veiksm\u0173. Tod\u0117l ir sieksime t\u0105 priklausomyb\u0119 panagrin\u0117ti, kad geriau suprastume Lietuvos ir Latvijos santyki\u0173 pob\u016bd\u012f ir raid\u0105.Juo labiau kad tokia tyrimo kryptis padeda apimti platesn\u012f tarptautini\u0173 santyki\u0173 spektr\u0105, ne vien\u0105, o kelis j\u0173 komponentus: ir ma\u017e\u0173j\u0173, ir did\u017ei\u0173j\u0173 valstybi\u0173 politik\u0105, tos politikos s\u0105veik\u0105.<\/p>\n","protected":false},"featured_media":20411,"comment_status":"open","ping_status":"closed","template":"","meta":{"_acf_changed":false,"site-sidebar-layout":"default","site-content-layout":"","ast-site-content-layout":"default","site-content-style":"default","site-sidebar-style":"default","ast-global-header-display":"","ast-banner-title-visibility":"","ast-main-header-display":"","ast-hfb-above-header-display":"","ast-hfb-below-header-display":"","ast-hfb-mobile-header-display":"","site-post-title":"","ast-breadcrumbs-content":"","ast-featured-img":"","footer-sml-layout":"","ast-disable-related-posts":"","theme-transparent-header-meta":"","adv-header-id-meta":"","stick-header-meta":"","header-above-stick-meta":"","header-main-stick-meta":"","header-below-stick-meta":"","astra-migrate-meta-layouts":"default","ast-page-background-enabled":"default","ast-page-background-meta":{"desktop":{"background-color":"","background-image":"","background-repeat":"repeat","background-position":"center center","background-size":"auto","background-attachment":"scroll","background-type":"","background-media":"","overlay-type":"","overlay-color":"","overlay-opacity":"","overlay-gradient":""},"tablet":{"background-color":"","background-image":"","background-repeat":"repeat","background-position":"center center","background-size":"auto","background-attachment":"scroll","background-type":"","background-media":"","overlay-type":"","overlay-color":"","overlay-opacity":"","overlay-gradient":""},"mobile":{"background-color":"","background-image":"","background-repeat":"repeat","background-position":"center center","background-size":"auto","background-attachment":"scroll","background-type":"","background-media":"","overlay-type":"","overlay-color":"","overlay-opacity":"","overlay-gradient":""}},"ast-content-background-meta":{"desktop":{"background-color":"var(--ast-global-color-4)","background-image":"","background-repeat":"repeat","background-position":"center center","background-size":"auto","background-attachment":"scroll","background-type":"","background-media":"","overlay-type":"","overlay-color":"","overlay-opacity":"","overlay-gradient":""},"tablet":{"background-color":"var(--ast-global-color-4)","background-image":"","background-repeat":"repeat","background-position":"center center","background-size":"auto","background-attachment":"scroll","background-type":"","background-media":"","overlay-type":"","overlay-color":"","overlay-opacity":"","overlay-gradient":""},"mobile":{"background-color":"var(--ast-global-color-4)","background-image":"","background-repeat":"repeat","background-position":"center center","background-size":"auto","background-attachment":"scroll","background-type":"","background-media":"","overlay-type":"","overlay-color":"","overlay-opacity":"","overlay-gradient":""}}},"product_brand":[],"product_cat":[9862,174],"product_tag":[7895,2224,4631,2395,1417],"class_list":{"0":"post-20406","1":"product","2":"type-product","3":"status-publish","4":"has-post-thumbnail","6":"product_cat-lietuvos-istorija","7":"product_cat-istorija-ir-politologija","8":"product_tag-butkus-zenonas-lietuva","9":"product_tag-istorija","10":"product_tag-latvija","11":"product_tag-politika","12":"product_tag-santykiai","13":"desktop-align-left","14":"tablet-align-left","15":"mobile-align-left","17":"first","18":"instock","19":"shipping-taxable","20":"purchasable","21":"product-type-simple"},"acf":[],"yoast_head":"<!-- This site is optimized with the Yoast SEO plugin v27.0 - https:\/\/yoast.com\/product\/yoast-seo-wordpress\/ -->\n<title>Lietuvos ir Latvijos santykiai 1919-1929 metais<\/title>\n<meta name=\"description\" content=\"Lietuviai ir latviai - vienintel\u0117s gyvos balt\u0173 tautos - \u0161iandien atgavo patikimiausi\u0105 gyvyb\u0117s i\u0161saugojimo garant\u0105 - valstybingum\u0105. Tod\u0117l turi j\u012f\" \/>\n<meta name=\"robots\" content=\"index, follow, max-snippet:-1, max-image-preview:large, max-video-preview:-1\" \/>\n<link rel=\"canonical\" href=\"https:\/\/skaitytaknyga.lt\/en\/produktas\/lietuvos-ir-latvijos-santykiai-1919-1929-metais\/\" \/>\n<meta property=\"og:locale\" content=\"en_GB\" \/>\n<meta property=\"og:locale:alternate\" content=\"lt_LT\" \/>\n<meta property=\"og:type\" content=\"article\" \/>\n<meta property=\"og:title\" content=\"Lietuvos ir Latvijos santykiai 1919-1929 metais\" \/>\n<meta property=\"og:description\" content=\"Lietuviai ir latviai - vienintel\u0117s gyvos balt\u0173 tautos - \u0161iandien atgavo patikimiausi\u0105 gyvyb\u0117s i\u0161saugojimo garant\u0105 - valstybingum\u0105. Tod\u0117l turi j\u012f\" \/>\n<meta property=\"og:url\" content=\"https:\/\/skaitytaknyga.lt\/en\/produktas\/lietuvos-ir-latvijos-santykiai-1919-1929-metais\/\" \/>\n<meta property=\"og:site_name\" content=\"Skaitytaknyga\" \/>\n<meta property=\"article:publisher\" content=\"https:\/\/www.facebook.com\/skaitytaknyga\/\" \/>\n<meta property=\"article:modified_time\" content=\"2026-03-18T12:59:43+00:00\" \/>\n<meta property=\"og:image\" content=\"https:\/\/skaitytaknyga.lt\/wp-content\/uploads\/2025\/08\/Lietuvos-ir-Latvijos-santykiai-1919-1929-metais-1-e1756279744104.webp\" \/>\n\t<meta property=\"og:image:width\" content=\"317\" \/>\n\t<meta property=\"og:image:height\" content=\"502\" \/>\n\t<meta property=\"og:image:type\" content=\"image\/webp\" \/>\n<meta name=\"twitter:card\" content=\"summary_large_image\" \/>\n<meta name=\"twitter:label1\" content=\"Estimated reading time\" \/>\n\t<meta name=\"twitter:data1\" content=\"2 minutes\" \/>\n<script type=\"application\/ld+json\" class=\"yoast-schema-graph\">{\"@context\":\"https:\/\/schema.org\",\"@graph\":[{\"@type\":\"WebPage\",\"@id\":\"https:\/\/skaitytaknyga.lt\/produktas\/lietuvos-ir-latvijos-santykiai-1919-1929-metais\/\",\"url\":\"https:\/\/skaitytaknyga.lt\/produktas\/lietuvos-ir-latvijos-santykiai-1919-1929-metais\/\",\"name\":\"Lietuvos ir Latvijos santykiai 1919-1929 metais\",\"isPartOf\":{\"@id\":\"https:\/\/skaitytaknyga.lt\/#website\"},\"primaryImageOfPage\":{\"@id\":\"https:\/\/skaitytaknyga.lt\/produktas\/lietuvos-ir-latvijos-santykiai-1919-1929-metais\/#primaryimage\"},\"image\":{\"@id\":\"https:\/\/skaitytaknyga.lt\/produktas\/lietuvos-ir-latvijos-santykiai-1919-1929-metais\/#primaryimage\"},\"thumbnailUrl\":\"https:\/\/skaitytaknyga.lt\/wp-content\/uploads\/2025\/08\/Lietuvos-ir-Latvijos-santykiai-1919-1929-metais-1-e1756279744104.webp\",\"datePublished\":\"2025-08-27T07:21:53+00:00\",\"dateModified\":\"2026-03-18T12:59:43+00:00\",\"description\":\"Lietuviai ir latviai - vienintel\u0117s gyvos balt\u0173 tautos - \u0161iandien atgavo patikimiausi\u0105 gyvyb\u0117s i\u0161saugojimo garant\u0105 - valstybingum\u0105. Tod\u0117l turi j\u012f\",\"breadcrumb\":{\"@id\":\"https:\/\/skaitytaknyga.lt\/produktas\/lietuvos-ir-latvijos-santykiai-1919-1929-metais\/#breadcrumb\"},\"inLanguage\":\"en-GB\",\"potentialAction\":[{\"@type\":\"ReadAction\",\"target\":[\"https:\/\/skaitytaknyga.lt\/produktas\/lietuvos-ir-latvijos-santykiai-1919-1929-metais\/\"]}]},{\"@type\":\"ImageObject\",\"inLanguage\":\"en-GB\",\"@id\":\"https:\/\/skaitytaknyga.lt\/produktas\/lietuvos-ir-latvijos-santykiai-1919-1929-metais\/#primaryimage\",\"url\":\"https:\/\/skaitytaknyga.lt\/wp-content\/uploads\/2025\/08\/Lietuvos-ir-Latvijos-santykiai-1919-1929-metais-1-e1756279744104.webp\",\"contentUrl\":\"https:\/\/skaitytaknyga.lt\/wp-content\/uploads\/2025\/08\/Lietuvos-ir-Latvijos-santykiai-1919-1929-metais-1-e1756279744104.webp\",\"width\":317,\"height\":502,\"caption\":\"Lietuvos ir Latvijos santykiai 1919-1929 metais\"},{\"@type\":\"BreadcrumbList\",\"@id\":\"https:\/\/skaitytaknyga.lt\/produktas\/lietuvos-ir-latvijos-santykiai-1919-1929-metais\/#breadcrumb\",\"itemListElement\":[{\"@type\":\"ListItem\",\"position\":1,\"name\":\"Home\",\"item\":\"https:\/\/skaitytaknyga.lt\/\"},{\"@type\":\"ListItem\",\"position\":2,\"name\":\"Parduotuv\u0117\",\"item\":\"https:\/\/skaitytaknyga.lt\/knygu-parduotuve\/\"},{\"@type\":\"ListItem\",\"position\":3,\"name\":\"Lietuvos ir Latvijos santykiai 1919-1929 metais\"}]},{\"@type\":\"WebSite\",\"@id\":\"https:\/\/skaitytaknyga.lt\/#website\",\"url\":\"https:\/\/skaitytaknyga.lt\/\",\"name\":\"skaitytaknyga.lt\",\"description\":\"Skaitytaknyga.lt \u2013 tai ma\u017eas \u0161eimos verslas, kuris prasid\u0117jo nuo meil\u0117s knygoms ir siekio i\u0161gelb\u0117ti knygas nuo likimo prie konteinerio. Kas vienam nereikalingas daiktas \u2013 kitam lobis, o mes esame tarpininkai, kurie padeda abiems tapti laimingesniems ???? \u017dinome kaip nelengva i\u0161gyventi ma\u017eiems verslams, tad nuo \u0161iol, \u010dia rasite ir kit\u0173, ma\u017e\u0173 \u0161eim\u0173 versl\u0173, rank\u0173 darbo, dovan\u0173 sau ir artimiesiems.\",\"publisher\":{\"@id\":\"https:\/\/skaitytaknyga.lt\/#organization\"},\"potentialAction\":[{\"@type\":\"SearchAction\",\"target\":{\"@type\":\"EntryPoint\",\"urlTemplate\":\"https:\/\/skaitytaknyga.lt\/?s={search_term_string}\"},\"query-input\":{\"@type\":\"PropertyValueSpecification\",\"valueRequired\":true,\"valueName\":\"search_term_string\"}}],\"inLanguage\":\"en-GB\"},{\"@type\":\"Organization\",\"@id\":\"https:\/\/skaitytaknyga.lt\/#organization\",\"name\":\"skaitytaknyga.lt\",\"url\":\"https:\/\/skaitytaknyga.lt\/\",\"logo\":{\"@type\":\"ImageObject\",\"inLanguage\":\"en-GB\",\"@id\":\"https:\/\/skaitytaknyga.lt\/#\/schema\/logo\/image\/\",\"url\":\"https:\/\/skaitytaknyga.lt\/wp-content\/uploads\/2024\/05\/cropped-cropped-cropped-02_00843_jt3bggkj1j3HLc7SyY6rEUpg.jpeg\",\"contentUrl\":\"https:\/\/skaitytaknyga.lt\/wp-content\/uploads\/2024\/05\/cropped-cropped-cropped-02_00843_jt3bggkj1j3HLc7SyY6rEUpg.jpeg\",\"width\":1600,\"height\":1600,\"caption\":\"skaitytaknyga.lt\"},\"image\":{\"@id\":\"https:\/\/skaitytaknyga.lt\/#\/schema\/logo\/image\/\"},\"sameAs\":[\"https:\/\/www.facebook.com\/skaitytaknyga\/\"]}]}<\/script>\n<!-- \/ Yoast SEO plugin. -->","yoast_head_json":{"title":"Lietuvos ir Latvijos santykiai 1919-1929 metais","description":"Lietuviai ir latviai - vienintel\u0117s gyvos balt\u0173 tautos - \u0161iandien atgavo patikimiausi\u0105 gyvyb\u0117s i\u0161saugojimo garant\u0105 - valstybingum\u0105. Tod\u0117l turi j\u012f","robots":{"index":"index","follow":"follow","max-snippet":"max-snippet:-1","max-image-preview":"max-image-preview:large","max-video-preview":"max-video-preview:-1"},"canonical":"https:\/\/skaitytaknyga.lt\/en\/produktas\/lietuvos-ir-latvijos-santykiai-1919-1929-metais\/","og_locale":"en_GB","og_type":"article","og_title":"[:lt]Lietuvos ir Latvijos santykiai 1919-1929 metais[:] - Skaitytaknyga","og_description":"Lietuviai ir latviai - vienintel\u0117s gyvos balt\u0173 tautos - \u0161iandien atgavo patikimiausi\u0105 gyvyb\u0117s i\u0161saugojimo garant\u0105 - valstybingum\u0105. Tod\u0117l turi j\u012f","og_url":"https:\/\/skaitytaknyga.lt\/en\/produktas\/lietuvos-ir-latvijos-santykiai-1919-1929-metais\/","og_site_name":"Skaitytaknyga","article_publisher":"https:\/\/www.facebook.com\/skaitytaknyga\/","article_modified_time":"2026-03-18T12:59:43+00:00","og_image":[{"width":317,"height":502,"url":"https:\/\/skaitytaknyga.lt\/wp-content\/uploads\/2025\/08\/Lietuvos-ir-Latvijos-santykiai-1919-1929-metais-1-e1756279744104.webp","type":"image\/webp"}],"twitter_card":"summary_large_image","twitter_misc":{"Estimated reading time":"2 minutes"},"schema":{"@context":"https:\/\/schema.org","@graph":[{"@type":"WebPage","@id":"https:\/\/skaitytaknyga.lt\/produktas\/lietuvos-ir-latvijos-santykiai-1919-1929-metais\/","url":"https:\/\/skaitytaknyga.lt\/produktas\/lietuvos-ir-latvijos-santykiai-1919-1929-metais\/","name":"Lietuvos ir Latvijos santykiai 1919-1929 metais","isPartOf":{"@id":"https:\/\/skaitytaknyga.lt\/#website"},"primaryImageOfPage":{"@id":"https:\/\/skaitytaknyga.lt\/produktas\/lietuvos-ir-latvijos-santykiai-1919-1929-metais\/#primaryimage"},"image":{"@id":"https:\/\/skaitytaknyga.lt\/produktas\/lietuvos-ir-latvijos-santykiai-1919-1929-metais\/#primaryimage"},"thumbnailUrl":"https:\/\/skaitytaknyga.lt\/wp-content\/uploads\/2025\/08\/Lietuvos-ir-Latvijos-santykiai-1919-1929-metais-1-e1756279744104.webp","datePublished":"2025-08-27T07:21:53+00:00","dateModified":"2026-03-18T12:59:43+00:00","description":"Lietuviai ir latviai - vienintel\u0117s gyvos balt\u0173 tautos - \u0161iandien atgavo patikimiausi\u0105 gyvyb\u0117s i\u0161saugojimo garant\u0105 - valstybingum\u0105. Tod\u0117l turi j\u012f","breadcrumb":{"@id":"https:\/\/skaitytaknyga.lt\/produktas\/lietuvos-ir-latvijos-santykiai-1919-1929-metais\/#breadcrumb"},"inLanguage":"en-GB","potentialAction":[{"@type":"ReadAction","target":["https:\/\/skaitytaknyga.lt\/produktas\/lietuvos-ir-latvijos-santykiai-1919-1929-metais\/"]}]},{"@type":"ImageObject","inLanguage":"en-GB","@id":"https:\/\/skaitytaknyga.lt\/produktas\/lietuvos-ir-latvijos-santykiai-1919-1929-metais\/#primaryimage","url":"https:\/\/skaitytaknyga.lt\/wp-content\/uploads\/2025\/08\/Lietuvos-ir-Latvijos-santykiai-1919-1929-metais-1-e1756279744104.webp","contentUrl":"https:\/\/skaitytaknyga.lt\/wp-content\/uploads\/2025\/08\/Lietuvos-ir-Latvijos-santykiai-1919-1929-metais-1-e1756279744104.webp","width":317,"height":502,"caption":"Lietuvos ir Latvijos santykiai 1919-1929 metais"},{"@type":"BreadcrumbList","@id":"https:\/\/skaitytaknyga.lt\/produktas\/lietuvos-ir-latvijos-santykiai-1919-1929-metais\/#breadcrumb","itemListElement":[{"@type":"ListItem","position":1,"name":"Home","item":"https:\/\/skaitytaknyga.lt\/"},{"@type":"ListItem","position":2,"name":"Parduotuv\u0117","item":"https:\/\/skaitytaknyga.lt\/knygu-parduotuve\/"},{"@type":"ListItem","position":3,"name":"Lietuvos ir Latvijos santykiai 1919-1929 metais"}]},{"@type":"WebSite","@id":"https:\/\/skaitytaknyga.lt\/#website","url":"https:\/\/skaitytaknyga.lt\/","name":"skaitytaknyga.lt","description":"Skaitytaknyga.lt \u2013 tai ma\u017eas \u0161eimos verslas, kuris prasid\u0117jo nuo meil\u0117s knygoms ir siekio i\u0161gelb\u0117ti knygas nuo likimo prie konteinerio. Kas vienam nereikalingas daiktas \u2013 kitam lobis, o mes esame tarpininkai, kurie padeda abiems tapti laimingesniems ???? \u017dinome kaip nelengva i\u0161gyventi ma\u017eiems verslams, tad nuo \u0161iol, \u010dia rasite ir kit\u0173, ma\u017e\u0173 \u0161eim\u0173 versl\u0173, rank\u0173 darbo, dovan\u0173 sau ir artimiesiems.","publisher":{"@id":"https:\/\/skaitytaknyga.lt\/#organization"},"potentialAction":[{"@type":"SearchAction","target":{"@type":"EntryPoint","urlTemplate":"https:\/\/skaitytaknyga.lt\/?s={search_term_string}"},"query-input":{"@type":"PropertyValueSpecification","valueRequired":true,"valueName":"search_term_string"}}],"inLanguage":"en-GB"},{"@type":"Organization","@id":"https:\/\/skaitytaknyga.lt\/#organization","name":"skaitytaknyga.lt","url":"https:\/\/skaitytaknyga.lt\/","logo":{"@type":"ImageObject","inLanguage":"en-GB","@id":"https:\/\/skaitytaknyga.lt\/#\/schema\/logo\/image\/","url":"https:\/\/skaitytaknyga.lt\/wp-content\/uploads\/2024\/05\/cropped-cropped-cropped-02_00843_jt3bggkj1j3HLc7SyY6rEUpg.jpeg","contentUrl":"https:\/\/skaitytaknyga.lt\/wp-content\/uploads\/2024\/05\/cropped-cropped-cropped-02_00843_jt3bggkj1j3HLc7SyY6rEUpg.jpeg","width":1600,"height":1600,"caption":"skaitytaknyga.lt"},"image":{"@id":"https:\/\/skaitytaknyga.lt\/#\/schema\/logo\/image\/"},"sameAs":["https:\/\/www.facebook.com\/skaitytaknyga\/"]}]}},"_links":{"self":[{"href":"https:\/\/skaitytaknyga.lt\/en\/wp-json\/wp\/v2\/product\/20406","targetHints":{"allow":["GET"]}}],"collection":[{"href":"https:\/\/skaitytaknyga.lt\/en\/wp-json\/wp\/v2\/product"}],"about":[{"href":"https:\/\/skaitytaknyga.lt\/en\/wp-json\/wp\/v2\/types\/product"}],"replies":[{"embeddable":true,"href":"https:\/\/skaitytaknyga.lt\/en\/wp-json\/wp\/v2\/comments?post=20406"}],"wp:featuredmedia":[{"embeddable":true,"href":"https:\/\/skaitytaknyga.lt\/en\/wp-json\/wp\/v2\/media\/20411"}],"wp:attachment":[{"href":"https:\/\/skaitytaknyga.lt\/en\/wp-json\/wp\/v2\/media?parent=20406"}],"wp:term":[{"taxonomy":"product_brand","embeddable":true,"href":"https:\/\/skaitytaknyga.lt\/en\/wp-json\/wp\/v2\/product_brand?post=20406"},{"taxonomy":"product_cat","embeddable":true,"href":"https:\/\/skaitytaknyga.lt\/en\/wp-json\/wp\/v2\/product_cat?post=20406"},{"taxonomy":"product_tag","embeddable":true,"href":"https:\/\/skaitytaknyga.lt\/en\/wp-json\/wp\/v2\/product_tag?post=20406"}],"curies":[{"name":"wp","href":"https:\/\/api.w.org\/{rel}","templated":true}]}}