{"id":20398,"date":"2025-08-27T10:03:44","date_gmt":"2025-08-27T07:03:44","guid":{"rendered":"https:\/\/skaitytaknyga.lt\/?post_type=product&#038;p=20398"},"modified":"2025-09-27T18:56:13","modified_gmt":"2025-09-27T15:56:13","slug":"uz-juru-mariu","status":"publish","type":"product","link":"https:\/\/skaitytaknyga.lt\/en\/produktas\/uz-juru-mariu\/","title":{"rendered":"U\u017e j\u016br\u0173 mari\u0173"},"content":{"rendered":"<p>\u0160ia rinktin\u0119 sudaro populiariausios tradicin\u0117s pasakos, kuri\u0173 siu\u017eetai pasklid\u0119 po vis\u0105 pasaul\u012f, kaip antai: &#8220;Pelen\u0117&#8221;, &#8220;Miegan\u010dioji gra\u017euol\u0117&#8221;, &#8220;Raudonkepurait\u0117&#8221;, &#8220;Tomas Nyk\u0161tukas&#8221;, be to, keletas kit\u0173 nesenstan\u010di\u0173 k\u016brini\u0173, pavyzd\u017eiui, &#8220;Hamelno \u017eiurkininkas&#8221;, &#8220;Gra\u017euol\u0117 ir pabaisa&#8221;, ir &#8220;M\u0117lynbarzdis&#8221;.<br \/>\nNeatsisakyta literat\u016brini\u0173 pasak\u0173 &#8211; Hanso Kristiano Anderseno, broli\u0173 Grim\u0173, \u0160arlio Pero &#8211; bei pasaulinio garso ra\u0161ytoj\u0173 Oskaro Vaildo ir D\u017eeimso Matju Bario k\u016brini\u0173 atpasakojimo. Poeti\u0161kos, \u017eaismingos, intriguojan\u010dios pasakos teigia gerum\u0105, dr\u0105s\u0105, atkaklum\u0105, moko prakti\u0161ko po\u017ei\u016brio \u012f gyvenim\u0105 ir apsukrumo.<br \/>\nGausiai iliustruota pasak\u0173 knyga &#8211; tai visais laikais gyva klasika, tobula dovana, suteiksianti d\u017eiaugsm\u0105 dar vienai pasak\u0173 myl\u0117toj\u0173 kartai.<\/p>\n","protected":false},"excerpt":{"rendered":"<p>\u0160ia rinktin\u0119 sudaro populiariausios tradicin\u0117s pasakos, kuri\u0173 siu\u017eetai pasklid\u0119 po vis\u0105 pasaul\u012f, kaip antai: &#8220;Pelen\u0117&#8221;, &#8220;Miegan\u010dioji gra\u017euol\u0117&#8221;, &#8220;Raudonkepurait\u0117&#8221;, &#8220;Tomas Nyk\u0161tukas&#8221;, be to, keletas kit\u0173 nesenstan\u010di\u0173 k\u016brini\u0173, pavyzd\u017eiui, &#8220;Hamelno \u017eiurkininkas&#8221;, &#8220;Gra\u017euol\u0117 ir pabaisa&#8221;, ir &#8220;M\u0117lynbarzdis&#8221;. Neatsisakyta literat\u016brini\u0173 pasak\u0173 &#8211; Hanso Kristiano Anderseno, broli\u0173 Grim\u0173, \u0160arlio Pero &#8211; bei pasaulinio garso ra\u0161ytoj\u0173 Oskaro Vaildo ir D\u017eeimso Matju Bario k\u016brini\u0173 atpasakojimo. Poeti\u0161kos, \u017eaismingos, intriguojan\u010dios pasakos teigia gerum\u0105, dr\u0105s\u0105, atkaklum\u0105, moko prakti\u0161ko po\u017ei\u016brio \u012f gyvenim\u0105 ir apsukrumo. Gausiai iliustruota pasak\u0173 knyga &#8211; tai visais laikais gyva klasika, tobula dovana, suteiksianti d\u017eiaugsm\u0105 dar vienai pasak\u0173 myl\u0117toj\u0173 kartai.<\/p>\n","protected":false},"featured_media":20404,"comment_status":"open","ping_status":"closed","template":"","meta":{"_acf_changed":false,"site-sidebar-layout":"default","site-content-layout":"","ast-site-content-layout":"default","site-content-style":"default","site-sidebar-style":"default","ast-global-header-display":"","ast-banner-title-visibility":"","ast-main-header-display":"","ast-hfb-above-header-display":"","ast-hfb-below-header-display":"","ast-hfb-mobile-header-display":"","site-post-title":"","ast-breadcrumbs-content":"","ast-featured-img":"","footer-sml-layout":"","ast-disable-related-posts":"","theme-transparent-header-meta":"","adv-header-id-meta":"","stick-header-meta":"","header-above-stick-meta":"","header-main-stick-meta":"","header-below-stick-meta":"","astra-migrate-meta-layouts":"default","ast-page-background-enabled":"default","ast-page-background-meta":{"desktop":{"background-color":"","background-image":"","background-repeat":"repeat","background-position":"center center","background-size":"auto","background-attachment":"scroll","background-type":"","background-media":"","overlay-type":"","overlay-color":"","overlay-opacity":"","overlay-gradient":""},"tablet":{"background-color":"","background-image":"","background-repeat":"repeat","background-position":"center center","background-size":"auto","background-attachment":"scroll","background-type":"","background-media":"","overlay-type":"","overlay-color":"","overlay-opacity":"","overlay-gradient":""},"mobile":{"background-color":"","background-image":"","background-repeat":"repeat","background-position":"center center","background-size":"auto","background-attachment":"scroll","background-type":"","background-media":"","overlay-type":"","overlay-color":"","overlay-opacity":"","overlay-gradient":""}},"ast-content-background-meta":{"desktop":{"background-color":"var(--ast-global-color-4)","background-image":"","background-repeat":"repeat","background-position":"center center","background-size":"auto","background-attachment":"scroll","background-type":"","background-media":"","overlay-type":"","overlay-color":"","overlay-opacity":"","overlay-gradient":""},"tablet":{"background-color":"var(--ast-global-color-4)","background-image":"","background-repeat":"repeat","background-position":"center center","background-size":"auto","background-attachment":"scroll","background-type":"","background-media":"","overlay-type":"","overlay-color":"","overlay-opacity":"","overlay-gradient":""},"mobile":{"background-color":"var(--ast-global-color-4)","background-image":"","background-repeat":"repeat","background-position":"center center","background-size":"auto","background-attachment":"scroll","background-type":"","background-media":"","overlay-type":"","overlay-color":"","overlay-opacity":"","overlay-gradient":""}}},"product_brand":[],"product_cat":[35],"product_tag":[1437,1492,7893,7892,1785],"class_list":{"0":"post-20398","1":"product","2":"type-product","3":"status-publish","4":"has-post-thumbnail","6":"product_cat-vaikams-ir-paaugliams","7":"product_tag-klasika","8":"product_tag-literatura","9":"product_tag-tradicija","10":"product_tag-uz-juru-mariu-pasakos","11":"product_tag-vaikams","12":"desktop-align-left","13":"tablet-align-left","14":"mobile-align-left","16":"first","17":"instock","18":"shipping-taxable","19":"purchasable","20":"product-type-simple"},"acf":[],"yoast_head":"<!-- This site is optimized with the Yoast SEO plugin v27.0 - https:\/\/yoast.com\/product\/yoast-seo-wordpress\/ -->\n<title>U\u017e j\u016br\u0173 mari\u0173<\/title>\n<meta name=\"description\" content=\"\u0160ia rinktin\u0119 sudaro populiariausios tradicin\u0117s pasakos, kuri\u0173 siu\u017eetai pasklid\u0119 po vis\u0105 pasaul\u012f, kaip antai: &quot;Pelen\u0117&quot;, &quot;Miegan\u010dioji gra\u017euol\u0117&quot;,\" \/>\n<meta name=\"robots\" content=\"index, follow, max-snippet:-1, max-image-preview:large, max-video-preview:-1\" \/>\n<link rel=\"canonical\" href=\"https:\/\/skaitytaknyga.lt\/en\/produktas\/uz-juru-mariu\/\" \/>\n<meta property=\"og:locale\" content=\"en_GB\" \/>\n<meta property=\"og:locale:alternate\" content=\"lt_LT\" \/>\n<meta property=\"og:type\" content=\"article\" \/>\n<meta property=\"og:title\" content=\"U\u017e j\u016br\u0173 mari\u0173\" \/>\n<meta property=\"og:description\" content=\"\u0160ia rinktin\u0119 sudaro populiariausios tradicin\u0117s pasakos, kuri\u0173 siu\u017eetai pasklid\u0119 po vis\u0105 pasaul\u012f, kaip antai: &quot;Pelen\u0117&quot;, &quot;Miegan\u010dioji gra\u017euol\u0117&quot;,\" \/>\n<meta property=\"og:url\" content=\"https:\/\/skaitytaknyga.lt\/en\/produktas\/uz-juru-mariu\/\" \/>\n<meta property=\"og:site_name\" content=\"Skaitytaknyga\" \/>\n<meta property=\"article:publisher\" content=\"https:\/\/www.facebook.com\/skaitytaknyga\/\" \/>\n<meta property=\"article:modified_time\" content=\"2025-09-27T15:56:13+00:00\" \/>\n<meta property=\"og:image\" content=\"https:\/\/skaitytaknyga.lt\/wp-content\/uploads\/2025\/08\/Uz-juru-mariu-2-e1756279420350.webp\" \/>\n\t<meta property=\"og:image:width\" content=\"495\" \/>\n\t<meta property=\"og:image:height\" content=\"628\" \/>\n\t<meta property=\"og:image:type\" content=\"image\/webp\" \/>\n<meta name=\"twitter:card\" content=\"summary_large_image\" \/>\n<meta name=\"twitter:label1\" content=\"Estimated reading time\" \/>\n\t<meta name=\"twitter:data1\" content=\"1 minute\" \/>\n<script type=\"application\/ld+json\" class=\"yoast-schema-graph\">{\"@context\":\"https:\/\/schema.org\",\"@graph\":[{\"@type\":\"WebPage\",\"@id\":\"https:\/\/skaitytaknyga.lt\/produktas\/uz-juru-mariu\/\",\"url\":\"https:\/\/skaitytaknyga.lt\/produktas\/uz-juru-mariu\/\",\"name\":\"U\u017e j\u016br\u0173 mari\u0173\",\"isPartOf\":{\"@id\":\"https:\/\/skaitytaknyga.lt\/#website\"},\"primaryImageOfPage\":{\"@id\":\"https:\/\/skaitytaknyga.lt\/produktas\/uz-juru-mariu\/#primaryimage\"},\"image\":{\"@id\":\"https:\/\/skaitytaknyga.lt\/produktas\/uz-juru-mariu\/#primaryimage\"},\"thumbnailUrl\":\"https:\/\/skaitytaknyga.lt\/wp-content\/uploads\/2025\/08\/Uz-juru-mariu-2-e1756279420350.webp\",\"datePublished\":\"2025-08-27T07:03:44+00:00\",\"dateModified\":\"2025-09-27T15:56:13+00:00\",\"description\":\"\u0160ia rinktin\u0119 sudaro populiariausios tradicin\u0117s pasakos, kuri\u0173 siu\u017eetai pasklid\u0119 po vis\u0105 pasaul\u012f, kaip antai: \\\"Pelen\u0117\\\", \\\"Miegan\u010dioji gra\u017euol\u0117\\\",\",\"breadcrumb\":{\"@id\":\"https:\/\/skaitytaknyga.lt\/produktas\/uz-juru-mariu\/#breadcrumb\"},\"inLanguage\":\"en-GB\",\"potentialAction\":[{\"@type\":\"ReadAction\",\"target\":[\"https:\/\/skaitytaknyga.lt\/produktas\/uz-juru-mariu\/\"]}]},{\"@type\":\"ImageObject\",\"inLanguage\":\"en-GB\",\"@id\":\"https:\/\/skaitytaknyga.lt\/produktas\/uz-juru-mariu\/#primaryimage\",\"url\":\"https:\/\/skaitytaknyga.lt\/wp-content\/uploads\/2025\/08\/Uz-juru-mariu-2-e1756279420350.webp\",\"contentUrl\":\"https:\/\/skaitytaknyga.lt\/wp-content\/uploads\/2025\/08\/Uz-juru-mariu-2-e1756279420350.webp\",\"width\":495,\"height\":628},{\"@type\":\"BreadcrumbList\",\"@id\":\"https:\/\/skaitytaknyga.lt\/produktas\/uz-juru-mariu\/#breadcrumb\",\"itemListElement\":[{\"@type\":\"ListItem\",\"position\":1,\"name\":\"Home\",\"item\":\"https:\/\/skaitytaknyga.lt\/\"},{\"@type\":\"ListItem\",\"position\":2,\"name\":\"Parduotuv\u0117\",\"item\":\"https:\/\/skaitytaknyga.lt\/knygu-parduotuve\/\"},{\"@type\":\"ListItem\",\"position\":3,\"name\":\"U\u017e j\u016br\u0173 mari\u0173\"}]},{\"@type\":\"WebSite\",\"@id\":\"https:\/\/skaitytaknyga.lt\/#website\",\"url\":\"https:\/\/skaitytaknyga.lt\/\",\"name\":\"skaitytaknyga.lt\",\"description\":\"Skaitytaknyga.lt \u2013 tai ma\u017eas \u0161eimos verslas, kuris prasid\u0117jo nuo meil\u0117s knygoms ir siekio i\u0161gelb\u0117ti knygas nuo likimo prie konteinerio. Kas vienam nereikalingas daiktas \u2013 kitam lobis, o mes esame tarpininkai, kurie padeda abiems tapti laimingesniems ???? \u017dinome kaip nelengva i\u0161gyventi ma\u017eiems verslams, tad nuo \u0161iol, \u010dia rasite ir kit\u0173, ma\u017e\u0173 \u0161eim\u0173 versl\u0173, rank\u0173 darbo, dovan\u0173 sau ir artimiesiems.\",\"publisher\":{\"@id\":\"https:\/\/skaitytaknyga.lt\/#organization\"},\"potentialAction\":[{\"@type\":\"SearchAction\",\"target\":{\"@type\":\"EntryPoint\",\"urlTemplate\":\"https:\/\/skaitytaknyga.lt\/?s={search_term_string}\"},\"query-input\":{\"@type\":\"PropertyValueSpecification\",\"valueRequired\":true,\"valueName\":\"search_term_string\"}}],\"inLanguage\":\"en-GB\"},{\"@type\":\"Organization\",\"@id\":\"https:\/\/skaitytaknyga.lt\/#organization\",\"name\":\"skaitytaknyga.lt\",\"url\":\"https:\/\/skaitytaknyga.lt\/\",\"logo\":{\"@type\":\"ImageObject\",\"inLanguage\":\"en-GB\",\"@id\":\"https:\/\/skaitytaknyga.lt\/#\/schema\/logo\/image\/\",\"url\":\"https:\/\/skaitytaknyga.lt\/wp-content\/uploads\/2024\/05\/cropped-cropped-cropped-02_00843_jt3bggkj1j3HLc7SyY6rEUpg.jpeg\",\"contentUrl\":\"https:\/\/skaitytaknyga.lt\/wp-content\/uploads\/2024\/05\/cropped-cropped-cropped-02_00843_jt3bggkj1j3HLc7SyY6rEUpg.jpeg\",\"width\":1600,\"height\":1600,\"caption\":\"skaitytaknyga.lt\"},\"image\":{\"@id\":\"https:\/\/skaitytaknyga.lt\/#\/schema\/logo\/image\/\"},\"sameAs\":[\"https:\/\/www.facebook.com\/skaitytaknyga\/\"]}]}<\/script>\n<!-- \/ Yoast SEO plugin. -->","yoast_head_json":{"title":"U\u017e j\u016br\u0173 mari\u0173","description":"\u0160ia rinktin\u0119 sudaro populiariausios tradicin\u0117s pasakos, kuri\u0173 siu\u017eetai pasklid\u0119 po vis\u0105 pasaul\u012f, kaip antai: \"Pelen\u0117\", \"Miegan\u010dioji gra\u017euol\u0117\",","robots":{"index":"index","follow":"follow","max-snippet":"max-snippet:-1","max-image-preview":"max-image-preview:large","max-video-preview":"max-video-preview:-1"},"canonical":"https:\/\/skaitytaknyga.lt\/en\/produktas\/uz-juru-mariu\/","og_locale":"en_GB","og_type":"article","og_title":"[:lt]U\u017e j\u016br\u0173 mari\u0173[:] - Skaitytaknyga","og_description":"\u0160ia rinktin\u0119 sudaro populiariausios tradicin\u0117s pasakos, kuri\u0173 siu\u017eetai pasklid\u0119 po vis\u0105 pasaul\u012f, kaip antai: \"Pelen\u0117\", \"Miegan\u010dioji gra\u017euol\u0117\",","og_url":"https:\/\/skaitytaknyga.lt\/en\/produktas\/uz-juru-mariu\/","og_site_name":"Skaitytaknyga","article_publisher":"https:\/\/www.facebook.com\/skaitytaknyga\/","article_modified_time":"2025-09-27T15:56:13+00:00","og_image":[{"width":495,"height":628,"url":"https:\/\/skaitytaknyga.lt\/wp-content\/uploads\/2025\/08\/Uz-juru-mariu-2-e1756279420350.webp","type":"image\/webp"}],"twitter_card":"summary_large_image","twitter_misc":{"Estimated reading time":"1 minute"},"schema":{"@context":"https:\/\/schema.org","@graph":[{"@type":"WebPage","@id":"https:\/\/skaitytaknyga.lt\/produktas\/uz-juru-mariu\/","url":"https:\/\/skaitytaknyga.lt\/produktas\/uz-juru-mariu\/","name":"U\u017e j\u016br\u0173 mari\u0173","isPartOf":{"@id":"https:\/\/skaitytaknyga.lt\/#website"},"primaryImageOfPage":{"@id":"https:\/\/skaitytaknyga.lt\/produktas\/uz-juru-mariu\/#primaryimage"},"image":{"@id":"https:\/\/skaitytaknyga.lt\/produktas\/uz-juru-mariu\/#primaryimage"},"thumbnailUrl":"https:\/\/skaitytaknyga.lt\/wp-content\/uploads\/2025\/08\/Uz-juru-mariu-2-e1756279420350.webp","datePublished":"2025-08-27T07:03:44+00:00","dateModified":"2025-09-27T15:56:13+00:00","description":"\u0160ia rinktin\u0119 sudaro populiariausios tradicin\u0117s pasakos, kuri\u0173 siu\u017eetai pasklid\u0119 po vis\u0105 pasaul\u012f, kaip antai: \"Pelen\u0117\", \"Miegan\u010dioji gra\u017euol\u0117\",","breadcrumb":{"@id":"https:\/\/skaitytaknyga.lt\/produktas\/uz-juru-mariu\/#breadcrumb"},"inLanguage":"en-GB","potentialAction":[{"@type":"ReadAction","target":["https:\/\/skaitytaknyga.lt\/produktas\/uz-juru-mariu\/"]}]},{"@type":"ImageObject","inLanguage":"en-GB","@id":"https:\/\/skaitytaknyga.lt\/produktas\/uz-juru-mariu\/#primaryimage","url":"https:\/\/skaitytaknyga.lt\/wp-content\/uploads\/2025\/08\/Uz-juru-mariu-2-e1756279420350.webp","contentUrl":"https:\/\/skaitytaknyga.lt\/wp-content\/uploads\/2025\/08\/Uz-juru-mariu-2-e1756279420350.webp","width":495,"height":628},{"@type":"BreadcrumbList","@id":"https:\/\/skaitytaknyga.lt\/produktas\/uz-juru-mariu\/#breadcrumb","itemListElement":[{"@type":"ListItem","position":1,"name":"Home","item":"https:\/\/skaitytaknyga.lt\/"},{"@type":"ListItem","position":2,"name":"Parduotuv\u0117","item":"https:\/\/skaitytaknyga.lt\/knygu-parduotuve\/"},{"@type":"ListItem","position":3,"name":"U\u017e j\u016br\u0173 mari\u0173"}]},{"@type":"WebSite","@id":"https:\/\/skaitytaknyga.lt\/#website","url":"https:\/\/skaitytaknyga.lt\/","name":"skaitytaknyga.lt","description":"Skaitytaknyga.lt \u2013 tai ma\u017eas \u0161eimos verslas, kuris prasid\u0117jo nuo meil\u0117s knygoms ir siekio i\u0161gelb\u0117ti knygas nuo likimo prie konteinerio. Kas vienam nereikalingas daiktas \u2013 kitam lobis, o mes esame tarpininkai, kurie padeda abiems tapti laimingesniems ???? \u017dinome kaip nelengva i\u0161gyventi ma\u017eiems verslams, tad nuo \u0161iol, \u010dia rasite ir kit\u0173, ma\u017e\u0173 \u0161eim\u0173 versl\u0173, rank\u0173 darbo, dovan\u0173 sau ir artimiesiems.","publisher":{"@id":"https:\/\/skaitytaknyga.lt\/#organization"},"potentialAction":[{"@type":"SearchAction","target":{"@type":"EntryPoint","urlTemplate":"https:\/\/skaitytaknyga.lt\/?s={search_term_string}"},"query-input":{"@type":"PropertyValueSpecification","valueRequired":true,"valueName":"search_term_string"}}],"inLanguage":"en-GB"},{"@type":"Organization","@id":"https:\/\/skaitytaknyga.lt\/#organization","name":"skaitytaknyga.lt","url":"https:\/\/skaitytaknyga.lt\/","logo":{"@type":"ImageObject","inLanguage":"en-GB","@id":"https:\/\/skaitytaknyga.lt\/#\/schema\/logo\/image\/","url":"https:\/\/skaitytaknyga.lt\/wp-content\/uploads\/2024\/05\/cropped-cropped-cropped-02_00843_jt3bggkj1j3HLc7SyY6rEUpg.jpeg","contentUrl":"https:\/\/skaitytaknyga.lt\/wp-content\/uploads\/2024\/05\/cropped-cropped-cropped-02_00843_jt3bggkj1j3HLc7SyY6rEUpg.jpeg","width":1600,"height":1600,"caption":"skaitytaknyga.lt"},"image":{"@id":"https:\/\/skaitytaknyga.lt\/#\/schema\/logo\/image\/"},"sameAs":["https:\/\/www.facebook.com\/skaitytaknyga\/"]}]}},"_links":{"self":[{"href":"https:\/\/skaitytaknyga.lt\/en\/wp-json\/wp\/v2\/product\/20398","targetHints":{"allow":["GET"]}}],"collection":[{"href":"https:\/\/skaitytaknyga.lt\/en\/wp-json\/wp\/v2\/product"}],"about":[{"href":"https:\/\/skaitytaknyga.lt\/en\/wp-json\/wp\/v2\/types\/product"}],"replies":[{"embeddable":true,"href":"https:\/\/skaitytaknyga.lt\/en\/wp-json\/wp\/v2\/comments?post=20398"}],"wp:featuredmedia":[{"embeddable":true,"href":"https:\/\/skaitytaknyga.lt\/en\/wp-json\/wp\/v2\/media\/20404"}],"wp:attachment":[{"href":"https:\/\/skaitytaknyga.lt\/en\/wp-json\/wp\/v2\/media?parent=20398"}],"wp:term":[{"taxonomy":"product_brand","embeddable":true,"href":"https:\/\/skaitytaknyga.lt\/en\/wp-json\/wp\/v2\/product_brand?post=20398"},{"taxonomy":"product_cat","embeddable":true,"href":"https:\/\/skaitytaknyga.lt\/en\/wp-json\/wp\/v2\/product_cat?post=20398"},{"taxonomy":"product_tag","embeddable":true,"href":"https:\/\/skaitytaknyga.lt\/en\/wp-json\/wp\/v2\/product_tag?post=20398"}],"curies":[{"name":"wp","href":"https:\/\/api.w.org\/{rel}","templated":true}]}}