{"id":20397,"date":"2025-08-27T10:03:43","date_gmt":"2025-08-27T07:03:43","guid":{"rendered":"https:\/\/skaitytaknyga.lt\/?post_type=product&#038;p=20397"},"modified":"2025-09-27T18:56:13","modified_gmt":"2025-09-27T15:56:13","slug":"pasaka-apie-narsia-vilniaus-mergaite-ir-galvazudi-zaliabarzdi","status":"publish","type":"product","link":"https:\/\/skaitytaknyga.lt\/en\/produktas\/pasaka-apie-narsia-vilniaus-mergaite-ir-galvazudi-zaliabarzdi\/","title":{"rendered":"Pasaka apie narsi\u0105 Vilniaus mergait\u0119 ir galva\u017eud\u012f \u017daliabarzd\u012f"},"content":{"rendered":"<p>\u0160ioje gra\u017eiai iliustruotoje knygel\u0117je rasite garsios lietuvi\u0173 ra\u0161ytojos Aldonos Liobyt\u0117s pasakas, skirtas ma\u017eiesiems, ir j\u0173 t\u0117veliams.<\/p>\n","protected":false},"excerpt":{"rendered":"<p>\u0160ioje gra\u017eiai iliustruotoje knygel\u0117je rasite garsios lietuvi\u0173 ra\u0161ytojos Aldonos Liobyt\u0117s pasakas, skirtas ma\u017eiesiems, ir j\u0173 t\u0117veliams.<\/p>\n","protected":false},"featured_media":20402,"comment_status":"open","ping_status":"closed","template":"","meta":{"_acf_changed":false,"site-sidebar-layout":"default","site-content-layout":"","ast-site-content-layout":"default","site-content-style":"default","site-sidebar-style":"default","ast-global-header-display":"","ast-banner-title-visibility":"","ast-main-header-display":"","ast-hfb-above-header-display":"","ast-hfb-below-header-display":"","ast-hfb-mobile-header-display":"","site-post-title":"","ast-breadcrumbs-content":"","ast-featured-img":"","footer-sml-layout":"","ast-disable-related-posts":"","theme-transparent-header-meta":"","adv-header-id-meta":"","stick-header-meta":"","header-above-stick-meta":"","header-main-stick-meta":"","header-below-stick-meta":"","astra-migrate-meta-layouts":"default","ast-page-background-enabled":"default","ast-page-background-meta":{"desktop":{"background-color":"","background-image":"","background-repeat":"repeat","background-position":"center center","background-size":"auto","background-attachment":"scroll","background-type":"","background-media":"","overlay-type":"","overlay-color":"","overlay-opacity":"","overlay-gradient":""},"tablet":{"background-color":"","background-image":"","background-repeat":"repeat","background-position":"center center","background-size":"auto","background-attachment":"scroll","background-type":"","background-media":"","overlay-type":"","overlay-color":"","overlay-opacity":"","overlay-gradient":""},"mobile":{"background-color":"","background-image":"","background-repeat":"repeat","background-position":"center center","background-size":"auto","background-attachment":"scroll","background-type":"","background-media":"","overlay-type":"","overlay-color":"","overlay-opacity":"","overlay-gradient":""}},"ast-content-background-meta":{"desktop":{"background-color":"var(--ast-global-color-4)","background-image":"","background-repeat":"repeat","background-position":"center center","background-size":"auto","background-attachment":"scroll","background-type":"","background-media":"","overlay-type":"","overlay-color":"","overlay-opacity":"","overlay-gradient":""},"tablet":{"background-color":"var(--ast-global-color-4)","background-image":"","background-repeat":"repeat","background-position":"center center","background-size":"auto","background-attachment":"scroll","background-type":"","background-media":"","overlay-type":"","overlay-color":"","overlay-opacity":"","overlay-gradient":""},"mobile":{"background-color":"var(--ast-global-color-4)","background-image":"","background-repeat":"repeat","background-position":"center center","background-size":"auto","background-attachment":"scroll","background-type":"","background-media":"","overlay-type":"","overlay-color":"","overlay-opacity":"","overlay-gradient":""}}},"product_brand":[],"product_cat":[35],"product_tag":[7891,1982,1744,2097,3071],"class_list":{"0":"post-20397","1":"product","2":"type-product","3":"status-publish","4":"has-post-thumbnail","6":"product_cat-vaikams-ir-paaugliams","7":"product_tag-aldona-liobyte-pasakos","8":"product_tag-iliustracijos","9":"product_tag-lietuviu-literatura","10":"product_tag-morale","11":"product_tag-vaikai","12":"desktop-align-left","13":"tablet-align-left","14":"mobile-align-left","16":"first","17":"instock","18":"shipping-taxable","19":"purchasable","20":"product-type-simple"},"acf":[],"yoast_head":"<!-- This site is optimized with the Yoast SEO plugin v27.0 - https:\/\/yoast.com\/product\/yoast-seo-wordpress\/ -->\n<title>Pasaka apie narsi\u0105 Vilniaus mergait\u0119 ir galva\u017eud\u012f \u017daliabarzd\u012f<\/title>\n<meta name=\"description\" content=\"\u0160ioje gra\u017eiai iliustruotoje knygel\u0117je rasite garsios lietuvi\u0173 ra\u0161ytojos Aldonos Liobyt\u0117s pasakas, skirtas ma\u017eiesiems, ir j\u0173 t\u0117veliams.\" \/>\n<meta name=\"robots\" content=\"index, follow, max-snippet:-1, max-image-preview:large, max-video-preview:-1\" \/>\n<link rel=\"canonical\" href=\"https:\/\/skaitytaknyga.lt\/en\/produktas\/pasaka-apie-narsia-vilniaus-mergaite-ir-galvazudi-zaliabarzdi\/\" \/>\n<meta property=\"og:locale\" content=\"en_GB\" \/>\n<meta property=\"og:locale:alternate\" content=\"lt_LT\" \/>\n<meta property=\"og:type\" content=\"article\" \/>\n<meta property=\"og:title\" content=\"Pasaka apie narsi\u0105 Vilniaus mergait\u0119 ir galva\u017eud\u012f \u017daliabarzd\u012f\" \/>\n<meta property=\"og:description\" content=\"\u0160ioje gra\u017eiai iliustruotoje knygel\u0117je rasite garsios lietuvi\u0173 ra\u0161ytojos Aldonos Liobyt\u0117s pasakas, skirtas ma\u017eiesiems, ir j\u0173 t\u0117veliams.\" \/>\n<meta property=\"og:url\" content=\"https:\/\/skaitytaknyga.lt\/en\/produktas\/pasaka-apie-narsia-vilniaus-mergaite-ir-galvazudi-zaliabarzdi\/\" \/>\n<meta property=\"og:site_name\" content=\"Skaitytaknyga\" \/>\n<meta property=\"article:publisher\" content=\"https:\/\/www.facebook.com\/skaitytaknyga\/\" \/>\n<meta property=\"article:modified_time\" content=\"2025-09-27T15:56:13+00:00\" \/>\n<meta property=\"og:image\" content=\"https:\/\/skaitytaknyga.lt\/wp-content\/uploads\/2025\/08\/Pasaka-apie-narsia-Vilniaus-mergaite-ir-galvazudi-Zaliabarzdi.webp\" \/>\n\t<meta property=\"og:image:width\" content=\"600\" \/>\n\t<meta property=\"og:image:height\" content=\"811\" \/>\n\t<meta property=\"og:image:type\" content=\"image\/webp\" \/>\n<meta name=\"twitter:card\" content=\"summary_large_image\" \/>\n<script type=\"application\/ld+json\" class=\"yoast-schema-graph\">{\"@context\":\"https:\/\/schema.org\",\"@graph\":[{\"@type\":\"WebPage\",\"@id\":\"https:\/\/skaitytaknyga.lt\/produktas\/pasaka-apie-narsia-vilniaus-mergaite-ir-galvazudi-zaliabarzdi\/\",\"url\":\"https:\/\/skaitytaknyga.lt\/produktas\/pasaka-apie-narsia-vilniaus-mergaite-ir-galvazudi-zaliabarzdi\/\",\"name\":\"Pasaka apie narsi\u0105 Vilniaus mergait\u0119 ir galva\u017eud\u012f \u017daliabarzd\u012f\",\"isPartOf\":{\"@id\":\"https:\/\/skaitytaknyga.lt\/#website\"},\"primaryImageOfPage\":{\"@id\":\"https:\/\/skaitytaknyga.lt\/produktas\/pasaka-apie-narsia-vilniaus-mergaite-ir-galvazudi-zaliabarzdi\/#primaryimage\"},\"image\":{\"@id\":\"https:\/\/skaitytaknyga.lt\/produktas\/pasaka-apie-narsia-vilniaus-mergaite-ir-galvazudi-zaliabarzdi\/#primaryimage\"},\"thumbnailUrl\":\"https:\/\/skaitytaknyga.lt\/wp-content\/uploads\/2025\/08\/Pasaka-apie-narsia-Vilniaus-mergaite-ir-galvazudi-Zaliabarzdi.webp\",\"datePublished\":\"2025-08-27T07:03:43+00:00\",\"dateModified\":\"2025-09-27T15:56:13+00:00\",\"description\":\"\u0160ioje gra\u017eiai iliustruotoje knygel\u0117je rasite garsios lietuvi\u0173 ra\u0161ytojos Aldonos Liobyt\u0117s pasakas, skirtas ma\u017eiesiems, ir j\u0173 t\u0117veliams.\",\"breadcrumb\":{\"@id\":\"https:\/\/skaitytaknyga.lt\/produktas\/pasaka-apie-narsia-vilniaus-mergaite-ir-galvazudi-zaliabarzdi\/#breadcrumb\"},\"inLanguage\":\"en-GB\",\"potentialAction\":[{\"@type\":\"ReadAction\",\"target\":[\"https:\/\/skaitytaknyga.lt\/produktas\/pasaka-apie-narsia-vilniaus-mergaite-ir-galvazudi-zaliabarzdi\/\"]}]},{\"@type\":\"ImageObject\",\"inLanguage\":\"en-GB\",\"@id\":\"https:\/\/skaitytaknyga.lt\/produktas\/pasaka-apie-narsia-vilniaus-mergaite-ir-galvazudi-zaliabarzdi\/#primaryimage\",\"url\":\"https:\/\/skaitytaknyga.lt\/wp-content\/uploads\/2025\/08\/Pasaka-apie-narsia-Vilniaus-mergaite-ir-galvazudi-Zaliabarzdi.webp\",\"contentUrl\":\"https:\/\/skaitytaknyga.lt\/wp-content\/uploads\/2025\/08\/Pasaka-apie-narsia-Vilniaus-mergaite-ir-galvazudi-Zaliabarzdi.webp\",\"width\":600,\"height\":811,\"caption\":\"Pasaka apie narsi\u0105 Vilniaus mergait\u0119 ir galva\u017eud\u012f \u017daliabarzd\u012f\"},{\"@type\":\"BreadcrumbList\",\"@id\":\"https:\/\/skaitytaknyga.lt\/produktas\/pasaka-apie-narsia-vilniaus-mergaite-ir-galvazudi-zaliabarzdi\/#breadcrumb\",\"itemListElement\":[{\"@type\":\"ListItem\",\"position\":1,\"name\":\"Home\",\"item\":\"https:\/\/skaitytaknyga.lt\/\"},{\"@type\":\"ListItem\",\"position\":2,\"name\":\"Parduotuv\u0117\",\"item\":\"https:\/\/skaitytaknyga.lt\/knygu-parduotuve\/\"},{\"@type\":\"ListItem\",\"position\":3,\"name\":\"Pasaka apie narsi\u0105 Vilniaus mergait\u0119 ir galva\u017eud\u012f \u017daliabarzd\u012f\"}]},{\"@type\":\"WebSite\",\"@id\":\"https:\/\/skaitytaknyga.lt\/#website\",\"url\":\"https:\/\/skaitytaknyga.lt\/\",\"name\":\"skaitytaknyga.lt\",\"description\":\"Skaitytaknyga.lt \u2013 tai ma\u017eas \u0161eimos verslas, kuris prasid\u0117jo nuo meil\u0117s knygoms ir siekio i\u0161gelb\u0117ti knygas nuo likimo prie konteinerio. Kas vienam nereikalingas daiktas \u2013 kitam lobis, o mes esame tarpininkai, kurie padeda abiems tapti laimingesniems ???? \u017dinome kaip nelengva i\u0161gyventi ma\u017eiems verslams, tad nuo \u0161iol, \u010dia rasite ir kit\u0173, ma\u017e\u0173 \u0161eim\u0173 versl\u0173, rank\u0173 darbo, dovan\u0173 sau ir artimiesiems.\",\"publisher\":{\"@id\":\"https:\/\/skaitytaknyga.lt\/#organization\"},\"potentialAction\":[{\"@type\":\"SearchAction\",\"target\":{\"@type\":\"EntryPoint\",\"urlTemplate\":\"https:\/\/skaitytaknyga.lt\/?s={search_term_string}\"},\"query-input\":{\"@type\":\"PropertyValueSpecification\",\"valueRequired\":true,\"valueName\":\"search_term_string\"}}],\"inLanguage\":\"en-GB\"},{\"@type\":\"Organization\",\"@id\":\"https:\/\/skaitytaknyga.lt\/#organization\",\"name\":\"skaitytaknyga.lt\",\"url\":\"https:\/\/skaitytaknyga.lt\/\",\"logo\":{\"@type\":\"ImageObject\",\"inLanguage\":\"en-GB\",\"@id\":\"https:\/\/skaitytaknyga.lt\/#\/schema\/logo\/image\/\",\"url\":\"https:\/\/skaitytaknyga.lt\/wp-content\/uploads\/2024\/05\/cropped-cropped-cropped-02_00843_jt3bggkj1j3HLc7SyY6rEUpg.jpeg\",\"contentUrl\":\"https:\/\/skaitytaknyga.lt\/wp-content\/uploads\/2024\/05\/cropped-cropped-cropped-02_00843_jt3bggkj1j3HLc7SyY6rEUpg.jpeg\",\"width\":1600,\"height\":1600,\"caption\":\"skaitytaknyga.lt\"},\"image\":{\"@id\":\"https:\/\/skaitytaknyga.lt\/#\/schema\/logo\/image\/\"},\"sameAs\":[\"https:\/\/www.facebook.com\/skaitytaknyga\/\"]}]}<\/script>\n<!-- \/ Yoast SEO plugin. -->","yoast_head_json":{"title":"Pasaka apie narsi\u0105 Vilniaus mergait\u0119 ir galva\u017eud\u012f \u017daliabarzd\u012f","description":"\u0160ioje gra\u017eiai iliustruotoje knygel\u0117je rasite garsios lietuvi\u0173 ra\u0161ytojos Aldonos Liobyt\u0117s pasakas, skirtas ma\u017eiesiems, ir j\u0173 t\u0117veliams.","robots":{"index":"index","follow":"follow","max-snippet":"max-snippet:-1","max-image-preview":"max-image-preview:large","max-video-preview":"max-video-preview:-1"},"canonical":"https:\/\/skaitytaknyga.lt\/en\/produktas\/pasaka-apie-narsia-vilniaus-mergaite-ir-galvazudi-zaliabarzdi\/","og_locale":"en_GB","og_type":"article","og_title":"[:lt]Pasaka apie narsi\u0105 Vilniaus mergait\u0119 ir galva\u017eud\u012f \u017daliabarzd\u012f[:] - Skaitytaknyga","og_description":"\u0160ioje gra\u017eiai iliustruotoje knygel\u0117je rasite garsios lietuvi\u0173 ra\u0161ytojos Aldonos Liobyt\u0117s pasakas, skirtas ma\u017eiesiems, ir j\u0173 t\u0117veliams.","og_url":"https:\/\/skaitytaknyga.lt\/en\/produktas\/pasaka-apie-narsia-vilniaus-mergaite-ir-galvazudi-zaliabarzdi\/","og_site_name":"Skaitytaknyga","article_publisher":"https:\/\/www.facebook.com\/skaitytaknyga\/","article_modified_time":"2025-09-27T15:56:13+00:00","og_image":[{"width":600,"height":811,"url":"https:\/\/skaitytaknyga.lt\/wp-content\/uploads\/2025\/08\/Pasaka-apie-narsia-Vilniaus-mergaite-ir-galvazudi-Zaliabarzdi.webp","type":"image\/webp"}],"twitter_card":"summary_large_image","schema":{"@context":"https:\/\/schema.org","@graph":[{"@type":"WebPage","@id":"https:\/\/skaitytaknyga.lt\/produktas\/pasaka-apie-narsia-vilniaus-mergaite-ir-galvazudi-zaliabarzdi\/","url":"https:\/\/skaitytaknyga.lt\/produktas\/pasaka-apie-narsia-vilniaus-mergaite-ir-galvazudi-zaliabarzdi\/","name":"Pasaka apie narsi\u0105 Vilniaus mergait\u0119 ir galva\u017eud\u012f \u017daliabarzd\u012f","isPartOf":{"@id":"https:\/\/skaitytaknyga.lt\/#website"},"primaryImageOfPage":{"@id":"https:\/\/skaitytaknyga.lt\/produktas\/pasaka-apie-narsia-vilniaus-mergaite-ir-galvazudi-zaliabarzdi\/#primaryimage"},"image":{"@id":"https:\/\/skaitytaknyga.lt\/produktas\/pasaka-apie-narsia-vilniaus-mergaite-ir-galvazudi-zaliabarzdi\/#primaryimage"},"thumbnailUrl":"https:\/\/skaitytaknyga.lt\/wp-content\/uploads\/2025\/08\/Pasaka-apie-narsia-Vilniaus-mergaite-ir-galvazudi-Zaliabarzdi.webp","datePublished":"2025-08-27T07:03:43+00:00","dateModified":"2025-09-27T15:56:13+00:00","description":"\u0160ioje gra\u017eiai iliustruotoje knygel\u0117je rasite garsios lietuvi\u0173 ra\u0161ytojos Aldonos Liobyt\u0117s pasakas, skirtas ma\u017eiesiems, ir j\u0173 t\u0117veliams.","breadcrumb":{"@id":"https:\/\/skaitytaknyga.lt\/produktas\/pasaka-apie-narsia-vilniaus-mergaite-ir-galvazudi-zaliabarzdi\/#breadcrumb"},"inLanguage":"en-GB","potentialAction":[{"@type":"ReadAction","target":["https:\/\/skaitytaknyga.lt\/produktas\/pasaka-apie-narsia-vilniaus-mergaite-ir-galvazudi-zaliabarzdi\/"]}]},{"@type":"ImageObject","inLanguage":"en-GB","@id":"https:\/\/skaitytaknyga.lt\/produktas\/pasaka-apie-narsia-vilniaus-mergaite-ir-galvazudi-zaliabarzdi\/#primaryimage","url":"https:\/\/skaitytaknyga.lt\/wp-content\/uploads\/2025\/08\/Pasaka-apie-narsia-Vilniaus-mergaite-ir-galvazudi-Zaliabarzdi.webp","contentUrl":"https:\/\/skaitytaknyga.lt\/wp-content\/uploads\/2025\/08\/Pasaka-apie-narsia-Vilniaus-mergaite-ir-galvazudi-Zaliabarzdi.webp","width":600,"height":811,"caption":"Pasaka apie narsi\u0105 Vilniaus mergait\u0119 ir galva\u017eud\u012f \u017daliabarzd\u012f"},{"@type":"BreadcrumbList","@id":"https:\/\/skaitytaknyga.lt\/produktas\/pasaka-apie-narsia-vilniaus-mergaite-ir-galvazudi-zaliabarzdi\/#breadcrumb","itemListElement":[{"@type":"ListItem","position":1,"name":"Home","item":"https:\/\/skaitytaknyga.lt\/"},{"@type":"ListItem","position":2,"name":"Parduotuv\u0117","item":"https:\/\/skaitytaknyga.lt\/knygu-parduotuve\/"},{"@type":"ListItem","position":3,"name":"Pasaka apie narsi\u0105 Vilniaus mergait\u0119 ir galva\u017eud\u012f \u017daliabarzd\u012f"}]},{"@type":"WebSite","@id":"https:\/\/skaitytaknyga.lt\/#website","url":"https:\/\/skaitytaknyga.lt\/","name":"skaitytaknyga.lt","description":"Skaitytaknyga.lt \u2013 tai ma\u017eas \u0161eimos verslas, kuris prasid\u0117jo nuo meil\u0117s knygoms ir siekio i\u0161gelb\u0117ti knygas nuo likimo prie konteinerio. Kas vienam nereikalingas daiktas \u2013 kitam lobis, o mes esame tarpininkai, kurie padeda abiems tapti laimingesniems ???? \u017dinome kaip nelengva i\u0161gyventi ma\u017eiems verslams, tad nuo \u0161iol, \u010dia rasite ir kit\u0173, ma\u017e\u0173 \u0161eim\u0173 versl\u0173, rank\u0173 darbo, dovan\u0173 sau ir artimiesiems.","publisher":{"@id":"https:\/\/skaitytaknyga.lt\/#organization"},"potentialAction":[{"@type":"SearchAction","target":{"@type":"EntryPoint","urlTemplate":"https:\/\/skaitytaknyga.lt\/?s={search_term_string}"},"query-input":{"@type":"PropertyValueSpecification","valueRequired":true,"valueName":"search_term_string"}}],"inLanguage":"en-GB"},{"@type":"Organization","@id":"https:\/\/skaitytaknyga.lt\/#organization","name":"skaitytaknyga.lt","url":"https:\/\/skaitytaknyga.lt\/","logo":{"@type":"ImageObject","inLanguage":"en-GB","@id":"https:\/\/skaitytaknyga.lt\/#\/schema\/logo\/image\/","url":"https:\/\/skaitytaknyga.lt\/wp-content\/uploads\/2024\/05\/cropped-cropped-cropped-02_00843_jt3bggkj1j3HLc7SyY6rEUpg.jpeg","contentUrl":"https:\/\/skaitytaknyga.lt\/wp-content\/uploads\/2024\/05\/cropped-cropped-cropped-02_00843_jt3bggkj1j3HLc7SyY6rEUpg.jpeg","width":1600,"height":1600,"caption":"skaitytaknyga.lt"},"image":{"@id":"https:\/\/skaitytaknyga.lt\/#\/schema\/logo\/image\/"},"sameAs":["https:\/\/www.facebook.com\/skaitytaknyga\/"]}]}},"_links":{"self":[{"href":"https:\/\/skaitytaknyga.lt\/en\/wp-json\/wp\/v2\/product\/20397","targetHints":{"allow":["GET"]}}],"collection":[{"href":"https:\/\/skaitytaknyga.lt\/en\/wp-json\/wp\/v2\/product"}],"about":[{"href":"https:\/\/skaitytaknyga.lt\/en\/wp-json\/wp\/v2\/types\/product"}],"replies":[{"embeddable":true,"href":"https:\/\/skaitytaknyga.lt\/en\/wp-json\/wp\/v2\/comments?post=20397"}],"wp:featuredmedia":[{"embeddable":true,"href":"https:\/\/skaitytaknyga.lt\/en\/wp-json\/wp\/v2\/media\/20402"}],"wp:attachment":[{"href":"https:\/\/skaitytaknyga.lt\/en\/wp-json\/wp\/v2\/media?parent=20397"}],"wp:term":[{"taxonomy":"product_brand","embeddable":true,"href":"https:\/\/skaitytaknyga.lt\/en\/wp-json\/wp\/v2\/product_brand?post=20397"},{"taxonomy":"product_cat","embeddable":true,"href":"https:\/\/skaitytaknyga.lt\/en\/wp-json\/wp\/v2\/product_cat?post=20397"},{"taxonomy":"product_tag","embeddable":true,"href":"https:\/\/skaitytaknyga.lt\/en\/wp-json\/wp\/v2\/product_tag?post=20397"}],"curies":[{"name":"wp","href":"https:\/\/api.w.org\/{rel}","templated":true}]}}