{"id":20386,"date":"2025-08-27T09:07:18","date_gmt":"2025-08-27T06:07:18","guid":{"rendered":"https:\/\/skaitytaknyga.lt\/?post_type=product&#038;p=20386"},"modified":"2025-09-06T11:47:58","modified_gmt":"2025-09-06T08:47:58","slug":"ben-huras-kristaus-istorija","status":"publish","type":"product","link":"https:\/\/skaitytaknyga.lt\/en\/produktas\/ben-huras-kristaus-istorija\/","title":{"rendered":"Ben Huras. Kristaus istorija"},"content":{"rendered":"<p>Pirmoji gro\u017ein\u0117 knyga pasaulyje, sulaukusi Popie\u017eiaus palaiminimo \u2013 milijon\u0173 skaitytoj\u0173 teigimu, vis\u0173 laik\u0173 geriausias istorinis romanas<\/p>\n<p>Kilmingasis, i\u0161si\u0173stas \u012f galeras&#8230;<br \/>\nVergas, sugr\u012f\u017e\u0119s atker\u0161yti skriaudikams&#8230;<br \/>\nValdovas, pasiry\u017e\u0119s bet kam, kad gaut\u0173 Pa\u017ead\u0117t\u0105j\u0105 karalyst\u0119&#8230;<br \/>\nSveiki atvyk\u0119 \u012f Romos imperij\u0105 prie\u0161 pat Kristaus gimim\u0105.<\/p>\n<p>J\u016bs\u0173 rankose \u2013 populiariausias vis\u0173 laik\u0173 istorinis romanas, pagaliau i\u0161vyd\u0119s dienos \u0161vies\u0105 lietuvi\u0161kai, kolekcin\u0117je AUKSINIO OBUOLIO serijoje. Ben Huras \u2013 milijonus skaitytoj\u0173 visame pasaulyje daugiau nei 100 met\u0173 \u017eavintis, ne kart\u0105 ekranizuotas pasakojimas apie neeilin\u012f Kristaus am\u017eininko Judo Ben Huro gyvenim\u0105. Apkaltintas pasik\u0117sinimu \u012f naujai atsi\u0173st\u0105 Jud\u0117jos valdytoj\u0105,  Ben Huras gr\u012f\u017eta \u012f gimt\u0105j\u0105 Jeruzal\u0119 po 30 met\u0173 vergijos, kur j\u012f i\u0161dav\u0119s \u012fbrolis Mesala, per \u0161\u012f laikotarp\u012f i\u0161kil\u0119s iki Romos vietininko, valdo klasta ir \u017eiaurumu. Ben Huro tikslas \u2013 atker\u0161yti jam pakenkusiam \u017emogui ir susirasti motin\u0105 bei seser\u012f. Teisingumo siekian\u010diam Judai pagalbos rank\u0105 i\u0161tiesia \u0161eichas Ilderimas (tai Baltazaras, vienas i\u0161 trij\u0173 i\u0161min\u010di\u0173 ka\u017ekada atvykusi\u0173 pasveikinti \u017eyd\u0173 karaliaus), kuris patiki jaunuoliui va\u017eny\u010dioti savo kilmingus arabi\u0161kus \u017eirgus. Vienintelis b\u016bdas teis\u0117tai nugal\u0117ti ir pa\u017eeminti Mesal\u0105 \u2013 tradicin\u0117s kariet\u0173 lenktyn\u0117s&#8230;<br \/>\nKilmingo \u017eydo Ben Huro nepelnyto pasmerkimo vergijai ir pergalingo sugr\u012f\u017eimo istorija vyksta evangelin\u0117s J\u0117zaus veiklos fone. Tai biblinis epas stiliumi, geografiniu ir istoriniu kontekstu, ta\u010diau netikin\u010diam skaitytojui \u2013 \u017eavingas ir \u012ftraukiantis istorinis opusas, mat Kristaus istorija jame \u2013 ne siu\u017eeto pagrindas, o \u0161alia kuriamas pasakojimas. Lew Wallace gyvai ir \u012fdomiai nu\u0161vie\u010dia istorin\u012f laikotarp\u012f, kuriame gim\u0117 ir gyveno J\u0117zus Kristus. Atpa\u017einsite kertinius Biblijos momentus, kurie visiems \u017einomi, ta\u010diau dar niekada nebuvo pateikti taip vaizd\u017eiai ir \u012ftaigiai: apra\u0161omi Kristaus gyvenimo ir nukry\u017eiavimo epizodai, Jeruzal\u0117s, Romos ir Antiochijos panorama, Romos galer\u0173 verg\u0173 kasdienyb\u0117, j\u016br\u0173 m\u016b\u0161iai ir gladiatoriai.<br \/>\nBen Huro likimas ir jo pasirinkimai neeiliniai: tai tikras tik\u0117jimo ir tvirtyb\u0117s liudijimas, \u012fkv\u0117pimas \u017emonijai. K\u016brinio vert\u0117 nebl\u0117stanti, jam lemta am\u017eiams likti skaitomiausi\u0173j\u0173 s\u0105ra\u0161e, nes pa\u017ein\u0119 Ben Hur\u0105, geriau pa\u017einsite kertines vertybes \u2013 tyr\u0105 meil\u0119, i\u0161tikimyb\u0119 t\u0117vynei, tik\u0117jimui ir \u0161eimai. Visgi, religiniai pasvarstymai perteikiami pakankamai subtiliai, be perd\u0117to moralizavimo ar pamoksl\u0173, toks stilius ne\u012fkyri netgi nereligingam skaitytojui.<\/p>\n","protected":false},"excerpt":{"rendered":"<p>Pirmoji gro\u017ein\u0117 knyga pasaulyje, sulaukusi Popie\u017eiaus palaiminimo \u2013 milijon\u0173 skaitytoj\u0173 teigimu, vis\u0173 laik\u0173 geriausias istorinis romanas Kilmingasis, i\u0161si\u0173stas \u012f galeras&#8230; Vergas, sugr\u012f\u017e\u0119s atker\u0161yti skriaudikams&#8230; Valdovas, pasiry\u017e\u0119s bet kam, kad gaut\u0173 Pa\u017ead\u0117t\u0105j\u0105 karalyst\u0119&#8230; Sveiki atvyk\u0119 \u012f Romos imperij\u0105 prie\u0161 pat Kristaus gimim\u0105. J\u016bs\u0173 rankose \u2013 populiariausias vis\u0173 laik\u0173 istorinis romanas, pagaliau i\u0161vyd\u0119s dienos \u0161vies\u0105 lietuvi\u0161kai, kolekcin\u0117je AUKSINIO OBUOLIO serijoje. Ben Huras \u2013 milijonus skaitytoj\u0173 visame pasaulyje daugiau nei 100 met\u0173 \u017eavintis, ne kart\u0105 ekranizuotas pasakojimas apie neeilin\u012f Kristaus am\u017eininko Judo Ben Huro gyvenim\u0105. Apkaltintas pasik\u0117sinimu \u012f naujai atsi\u0173st\u0105 Jud\u0117jos valdytoj\u0105, Ben Huras gr\u012f\u017eta \u012f gimt\u0105j\u0105 Jeruzal\u0119 po 30 met\u0173 vergijos, kur j\u012f i\u0161dav\u0119s \u012fbrolis Mesala, per \u0161\u012f laikotarp\u012f i\u0161kil\u0119s iki Romos vietininko, valdo klasta ir \u017eiaurumu. Ben Huro tikslas \u2013 atker\u0161yti jam pakenkusiam \u017emogui ir susirasti motin\u0105 bei seser\u012f. Teisingumo siekian\u010diam Judai pagalbos rank\u0105 i\u0161tiesia \u0161eichas Ilderimas (tai Baltazaras, vienas i\u0161 trij\u0173 i\u0161min\u010di\u0173 ka\u017ekada atvykusi\u0173 pasveikinti \u017eyd\u0173 karaliaus), kuris patiki jaunuoliui va\u017eny\u010dioti savo kilmingus arabi\u0161kus \u017eirgus. Vienintelis b\u016bdas teis\u0117tai nugal\u0117ti ir pa\u017eeminti Mesal\u0105 \u2013 tradicin\u0117s kariet\u0173 lenktyn\u0117s&#8230; Kilmingo \u017eydo Ben Huro nepelnyto pasmerkimo vergijai ir pergalingo sugr\u012f\u017eimo istorija vyksta evangelin\u0117s J\u0117zaus veiklos fone. Tai biblinis epas stiliumi, geografiniu ir istoriniu kontekstu, ta\u010diau netikin\u010diam skaitytojui \u2013 \u017eavingas ir \u012ftraukiantis istorinis opusas, mat Kristaus istorija jame \u2013 ne siu\u017eeto pagrindas, o \u0161alia kuriamas pasakojimas. Lew Wallace gyvai ir \u012fdomiai nu\u0161vie\u010dia istorin\u012f laikotarp\u012f, kuriame gim\u0117 ir gyveno J\u0117zus Kristus. Atpa\u017einsite kertinius Biblijos momentus, kurie visiems \u017einomi, ta\u010diau dar niekada nebuvo pateikti taip vaizd\u017eiai ir \u012ftaigiai: apra\u0161omi Kristaus gyvenimo ir nukry\u017eiavimo epizodai, Jeruzal\u0117s, Romos ir Antiochijos panorama, Romos galer\u0173 verg\u0173 kasdienyb\u0117, j\u016br\u0173 m\u016b\u0161iai ir gladiatoriai. Ben Huro likimas ir jo pasirinkimai neeiliniai: tai tikras tik\u0117jimo ir tvirtyb\u0117s liudijimas, \u012fkv\u0117pimas \u017emonijai. K\u016brinio vert\u0117 nebl\u0117stanti, jam lemta am\u017eiams likti skaitomiausi\u0173j\u0173 s\u0105ra\u0161e, nes pa\u017ein\u0119 Ben Hur\u0105, geriau pa\u017einsite kertines vertybes \u2013 tyr\u0105 meil\u0119, i\u0161tikimyb\u0119 t\u0117vynei, tik\u0117jimui ir \u0161eimai. Visgi, religiniai pasvarstymai perteikiami pakankamai subtiliai, be perd\u0117to moralizavimo ar pamoksl\u0173, toks stilius ne\u012fkyri netgi nereligingam skaitytojui.<\/p>\n","protected":false},"featured_media":20391,"comment_status":"open","ping_status":"closed","template":"","meta":{"_acf_changed":false,"site-sidebar-layout":"default","site-content-layout":"","ast-site-content-layout":"default","site-content-style":"default","site-sidebar-style":"default","ast-global-header-display":"","ast-banner-title-visibility":"","ast-main-header-display":"","ast-hfb-above-header-display":"","ast-hfb-below-header-display":"","ast-hfb-mobile-header-display":"","site-post-title":"","ast-breadcrumbs-content":"","ast-featured-img":"","footer-sml-layout":"","ast-disable-related-posts":"","theme-transparent-header-meta":"","adv-header-id-meta":"","stick-header-meta":"","header-above-stick-meta":"","header-main-stick-meta":"","header-below-stick-meta":"","astra-migrate-meta-layouts":"default","ast-page-background-enabled":"default","ast-page-background-meta":{"desktop":{"background-color":"","background-image":"","background-repeat":"repeat","background-position":"center center","background-size":"auto","background-attachment":"scroll","background-type":"","background-media":"","overlay-type":"","overlay-color":"","overlay-opacity":"","overlay-gradient":""},"tablet":{"background-color":"","background-image":"","background-repeat":"repeat","background-position":"center center","background-size":"auto","background-attachment":"scroll","background-type":"","background-media":"","overlay-type":"","overlay-color":"","overlay-opacity":"","overlay-gradient":""},"mobile":{"background-color":"","background-image":"","background-repeat":"repeat","background-position":"center center","background-size":"auto","background-attachment":"scroll","background-type":"","background-media":"","overlay-type":"","overlay-color":"","overlay-opacity":"","overlay-gradient":""}},"ast-content-background-meta":{"desktop":{"background-color":"var(--ast-global-color-4)","background-image":"","background-repeat":"repeat","background-position":"center center","background-size":"auto","background-attachment":"scroll","background-type":"","background-media":"","overlay-type":"","overlay-color":"","overlay-opacity":"","overlay-gradient":""},"tablet":{"background-color":"var(--ast-global-color-4)","background-image":"","background-repeat":"repeat","background-position":"center center","background-size":"auto","background-attachment":"scroll","background-type":"","background-media":"","overlay-type":"","overlay-color":"","overlay-opacity":"","overlay-gradient":""},"mobile":{"background-color":"var(--ast-global-color-4)","background-image":"","background-repeat":"repeat","background-position":"center center","background-size":"auto","background-attachment":"scroll","background-type":"","background-media":"","overlay-type":"","overlay-color":"","overlay-opacity":"","overlay-gradient":""}}},"product_brand":[],"product_cat":[31],"product_tag":[4907,7879,2277,4506,1745],"class_list":{"0":"post-20386","1":"product","2":"type-product","3":"status-publish","4":"has-post-thumbnail","6":"product_cat-grozine-literatura","7":"product_tag-kristus","8":"product_tag-lew-wallace-istorija","9":"product_tag-religija","10":"product_tag-roma","11":"product_tag-romanas","12":"desktop-align-left","13":"tablet-align-left","14":"mobile-align-left","16":"first","17":"instock","18":"shipping-taxable","19":"purchasable","20":"product-type-simple"},"acf":[],"yoast_head":"<!-- This site is optimized with the Yoast SEO plugin v27.0 - https:\/\/yoast.com\/product\/yoast-seo-wordpress\/ -->\n<title>Ben Huras. Kristaus istorija<\/title>\n<meta name=\"description\" content=\"Pirmoji gro\u017ein\u0117 knyga pasaulyje, sulaukusi Popie\u017eiaus palaiminimo \u2013 milijon\u0173 skaitytoj\u0173 teigimu, vis\u0173 laik\u0173 geriausias istorinis romanas Kilmingasis,\" \/>\n<meta name=\"robots\" content=\"index, follow, max-snippet:-1, max-image-preview:large, max-video-preview:-1\" \/>\n<link rel=\"canonical\" href=\"https:\/\/skaitytaknyga.lt\/en\/produktas\/ben-huras-kristaus-istorija\/\" \/>\n<meta property=\"og:locale\" content=\"en_GB\" \/>\n<meta property=\"og:locale:alternate\" content=\"lt_LT\" \/>\n<meta property=\"og:type\" content=\"article\" \/>\n<meta property=\"og:title\" content=\"Ben Huras. Kristaus istorija\" \/>\n<meta property=\"og:description\" content=\"Pirmoji gro\u017ein\u0117 knyga pasaulyje, sulaukusi Popie\u017eiaus palaiminimo \u2013 milijon\u0173 skaitytoj\u0173 teigimu, vis\u0173 laik\u0173 geriausias istorinis romanas Kilmingasis,\" \/>\n<meta property=\"og:url\" content=\"https:\/\/skaitytaknyga.lt\/en\/produktas\/ben-huras-kristaus-istorija\/\" \/>\n<meta property=\"og:site_name\" content=\"Skaitytaknyga\" \/>\n<meta property=\"article:publisher\" content=\"https:\/\/www.facebook.com\/skaitytaknyga\/\" \/>\n<meta property=\"article:modified_time\" content=\"2025-09-06T08:47:58+00:00\" \/>\n<meta property=\"og:image\" content=\"https:\/\/skaitytaknyga.lt\/wp-content\/uploads\/2025\/08\/Kristaus-istorija-1.webp\" \/>\n\t<meta property=\"og:image:width\" content=\"400\" \/>\n\t<meta property=\"og:image:height\" content=\"577\" \/>\n\t<meta property=\"og:image:type\" content=\"image\/webp\" \/>\n<meta name=\"twitter:card\" content=\"summary_large_image\" \/>\n<meta name=\"twitter:label1\" content=\"Estimated reading time\" \/>\n\t<meta name=\"twitter:data1\" content=\"2 minutes\" \/>\n<script type=\"application\/ld+json\" class=\"yoast-schema-graph\">{\"@context\":\"https:\/\/schema.org\",\"@graph\":[{\"@type\":\"WebPage\",\"@id\":\"https:\/\/skaitytaknyga.lt\/produktas\/ben-huras-kristaus-istorija\/\",\"url\":\"https:\/\/skaitytaknyga.lt\/produktas\/ben-huras-kristaus-istorija\/\",\"name\":\"Ben Huras. Kristaus istorija\",\"isPartOf\":{\"@id\":\"https:\/\/skaitytaknyga.lt\/#website\"},\"primaryImageOfPage\":{\"@id\":\"https:\/\/skaitytaknyga.lt\/produktas\/ben-huras-kristaus-istorija\/#primaryimage\"},\"image\":{\"@id\":\"https:\/\/skaitytaknyga.lt\/produktas\/ben-huras-kristaus-istorija\/#primaryimage\"},\"thumbnailUrl\":\"https:\/\/skaitytaknyga.lt\/wp-content\/uploads\/2025\/08\/Kristaus-istorija-1.webp\",\"datePublished\":\"2025-08-27T06:07:18+00:00\",\"dateModified\":\"2025-09-06T08:47:58+00:00\",\"description\":\"Pirmoji gro\u017ein\u0117 knyga pasaulyje, sulaukusi Popie\u017eiaus palaiminimo \u2013 milijon\u0173 skaitytoj\u0173 teigimu, vis\u0173 laik\u0173 geriausias istorinis romanas Kilmingasis,\",\"breadcrumb\":{\"@id\":\"https:\/\/skaitytaknyga.lt\/produktas\/ben-huras-kristaus-istorija\/#breadcrumb\"},\"inLanguage\":\"en-GB\",\"potentialAction\":[{\"@type\":\"ReadAction\",\"target\":[\"https:\/\/skaitytaknyga.lt\/produktas\/ben-huras-kristaus-istorija\/\"]}]},{\"@type\":\"ImageObject\",\"inLanguage\":\"en-GB\",\"@id\":\"https:\/\/skaitytaknyga.lt\/produktas\/ben-huras-kristaus-istorija\/#primaryimage\",\"url\":\"https:\/\/skaitytaknyga.lt\/wp-content\/uploads\/2025\/08\/Kristaus-istorija-1.webp\",\"contentUrl\":\"https:\/\/skaitytaknyga.lt\/wp-content\/uploads\/2025\/08\/Kristaus-istorija-1.webp\",\"width\":400,\"height\":577,\"caption\":\"Ben Huras. Kristaus istorija\"},{\"@type\":\"BreadcrumbList\",\"@id\":\"https:\/\/skaitytaknyga.lt\/produktas\/ben-huras-kristaus-istorija\/#breadcrumb\",\"itemListElement\":[{\"@type\":\"ListItem\",\"position\":1,\"name\":\"Home\",\"item\":\"https:\/\/skaitytaknyga.lt\/\"},{\"@type\":\"ListItem\",\"position\":2,\"name\":\"Parduotuv\u0117\",\"item\":\"https:\/\/skaitytaknyga.lt\/knygu-parduotuve\/\"},{\"@type\":\"ListItem\",\"position\":3,\"name\":\"Ben Huras. Kristaus istorija\"}]},{\"@type\":\"WebSite\",\"@id\":\"https:\/\/skaitytaknyga.lt\/#website\",\"url\":\"https:\/\/skaitytaknyga.lt\/\",\"name\":\"skaitytaknyga.lt\",\"description\":\"Skaitytaknyga.lt \u2013 tai ma\u017eas \u0161eimos verslas, kuris prasid\u0117jo nuo meil\u0117s knygoms ir siekio i\u0161gelb\u0117ti knygas nuo likimo prie konteinerio. Kas vienam nereikalingas daiktas \u2013 kitam lobis, o mes esame tarpininkai, kurie padeda abiems tapti laimingesniems ???? \u017dinome kaip nelengva i\u0161gyventi ma\u017eiems verslams, tad nuo \u0161iol, \u010dia rasite ir kit\u0173, ma\u017e\u0173 \u0161eim\u0173 versl\u0173, rank\u0173 darbo, dovan\u0173 sau ir artimiesiems.\",\"publisher\":{\"@id\":\"https:\/\/skaitytaknyga.lt\/#organization\"},\"potentialAction\":[{\"@type\":\"SearchAction\",\"target\":{\"@type\":\"EntryPoint\",\"urlTemplate\":\"https:\/\/skaitytaknyga.lt\/?s={search_term_string}\"},\"query-input\":{\"@type\":\"PropertyValueSpecification\",\"valueRequired\":true,\"valueName\":\"search_term_string\"}}],\"inLanguage\":\"en-GB\"},{\"@type\":\"Organization\",\"@id\":\"https:\/\/skaitytaknyga.lt\/#organization\",\"name\":\"skaitytaknyga.lt\",\"url\":\"https:\/\/skaitytaknyga.lt\/\",\"logo\":{\"@type\":\"ImageObject\",\"inLanguage\":\"en-GB\",\"@id\":\"https:\/\/skaitytaknyga.lt\/#\/schema\/logo\/image\/\",\"url\":\"https:\/\/skaitytaknyga.lt\/wp-content\/uploads\/2024\/05\/cropped-cropped-cropped-02_00843_jt3bggkj1j3HLc7SyY6rEUpg.jpeg\",\"contentUrl\":\"https:\/\/skaitytaknyga.lt\/wp-content\/uploads\/2024\/05\/cropped-cropped-cropped-02_00843_jt3bggkj1j3HLc7SyY6rEUpg.jpeg\",\"width\":1600,\"height\":1600,\"caption\":\"skaitytaknyga.lt\"},\"image\":{\"@id\":\"https:\/\/skaitytaknyga.lt\/#\/schema\/logo\/image\/\"},\"sameAs\":[\"https:\/\/www.facebook.com\/skaitytaknyga\/\"]}]}<\/script>\n<!-- \/ Yoast SEO plugin. -->","yoast_head_json":{"title":"Ben Huras. Kristaus istorija","description":"Pirmoji gro\u017ein\u0117 knyga pasaulyje, sulaukusi Popie\u017eiaus palaiminimo \u2013 milijon\u0173 skaitytoj\u0173 teigimu, vis\u0173 laik\u0173 geriausias istorinis romanas Kilmingasis,","robots":{"index":"index","follow":"follow","max-snippet":"max-snippet:-1","max-image-preview":"max-image-preview:large","max-video-preview":"max-video-preview:-1"},"canonical":"https:\/\/skaitytaknyga.lt\/en\/produktas\/ben-huras-kristaus-istorija\/","og_locale":"en_GB","og_type":"article","og_title":"[:lt]Ben Huras. Kristaus istorija[:] - Skaitytaknyga","og_description":"Pirmoji gro\u017ein\u0117 knyga pasaulyje, sulaukusi Popie\u017eiaus palaiminimo \u2013 milijon\u0173 skaitytoj\u0173 teigimu, vis\u0173 laik\u0173 geriausias istorinis romanas Kilmingasis,","og_url":"https:\/\/skaitytaknyga.lt\/en\/produktas\/ben-huras-kristaus-istorija\/","og_site_name":"Skaitytaknyga","article_publisher":"https:\/\/www.facebook.com\/skaitytaknyga\/","article_modified_time":"2025-09-06T08:47:58+00:00","og_image":[{"width":400,"height":577,"url":"https:\/\/skaitytaknyga.lt\/wp-content\/uploads\/2025\/08\/Kristaus-istorija-1.webp","type":"image\/webp"}],"twitter_card":"summary_large_image","twitter_misc":{"Estimated reading time":"2 minutes"},"schema":{"@context":"https:\/\/schema.org","@graph":[{"@type":"WebPage","@id":"https:\/\/skaitytaknyga.lt\/produktas\/ben-huras-kristaus-istorija\/","url":"https:\/\/skaitytaknyga.lt\/produktas\/ben-huras-kristaus-istorija\/","name":"Ben Huras. Kristaus istorija","isPartOf":{"@id":"https:\/\/skaitytaknyga.lt\/#website"},"primaryImageOfPage":{"@id":"https:\/\/skaitytaknyga.lt\/produktas\/ben-huras-kristaus-istorija\/#primaryimage"},"image":{"@id":"https:\/\/skaitytaknyga.lt\/produktas\/ben-huras-kristaus-istorija\/#primaryimage"},"thumbnailUrl":"https:\/\/skaitytaknyga.lt\/wp-content\/uploads\/2025\/08\/Kristaus-istorija-1.webp","datePublished":"2025-08-27T06:07:18+00:00","dateModified":"2025-09-06T08:47:58+00:00","description":"Pirmoji gro\u017ein\u0117 knyga pasaulyje, sulaukusi Popie\u017eiaus palaiminimo \u2013 milijon\u0173 skaitytoj\u0173 teigimu, vis\u0173 laik\u0173 geriausias istorinis romanas Kilmingasis,","breadcrumb":{"@id":"https:\/\/skaitytaknyga.lt\/produktas\/ben-huras-kristaus-istorija\/#breadcrumb"},"inLanguage":"en-GB","potentialAction":[{"@type":"ReadAction","target":["https:\/\/skaitytaknyga.lt\/produktas\/ben-huras-kristaus-istorija\/"]}]},{"@type":"ImageObject","inLanguage":"en-GB","@id":"https:\/\/skaitytaknyga.lt\/produktas\/ben-huras-kristaus-istorija\/#primaryimage","url":"https:\/\/skaitytaknyga.lt\/wp-content\/uploads\/2025\/08\/Kristaus-istorija-1.webp","contentUrl":"https:\/\/skaitytaknyga.lt\/wp-content\/uploads\/2025\/08\/Kristaus-istorija-1.webp","width":400,"height":577,"caption":"Ben Huras. Kristaus istorija"},{"@type":"BreadcrumbList","@id":"https:\/\/skaitytaknyga.lt\/produktas\/ben-huras-kristaus-istorija\/#breadcrumb","itemListElement":[{"@type":"ListItem","position":1,"name":"Home","item":"https:\/\/skaitytaknyga.lt\/"},{"@type":"ListItem","position":2,"name":"Parduotuv\u0117","item":"https:\/\/skaitytaknyga.lt\/knygu-parduotuve\/"},{"@type":"ListItem","position":3,"name":"Ben Huras. Kristaus istorija"}]},{"@type":"WebSite","@id":"https:\/\/skaitytaknyga.lt\/#website","url":"https:\/\/skaitytaknyga.lt\/","name":"skaitytaknyga.lt","description":"Skaitytaknyga.lt \u2013 tai ma\u017eas \u0161eimos verslas, kuris prasid\u0117jo nuo meil\u0117s knygoms ir siekio i\u0161gelb\u0117ti knygas nuo likimo prie konteinerio. Kas vienam nereikalingas daiktas \u2013 kitam lobis, o mes esame tarpininkai, kurie padeda abiems tapti laimingesniems ???? \u017dinome kaip nelengva i\u0161gyventi ma\u017eiems verslams, tad nuo \u0161iol, \u010dia rasite ir kit\u0173, ma\u017e\u0173 \u0161eim\u0173 versl\u0173, rank\u0173 darbo, dovan\u0173 sau ir artimiesiems.","publisher":{"@id":"https:\/\/skaitytaknyga.lt\/#organization"},"potentialAction":[{"@type":"SearchAction","target":{"@type":"EntryPoint","urlTemplate":"https:\/\/skaitytaknyga.lt\/?s={search_term_string}"},"query-input":{"@type":"PropertyValueSpecification","valueRequired":true,"valueName":"search_term_string"}}],"inLanguage":"en-GB"},{"@type":"Organization","@id":"https:\/\/skaitytaknyga.lt\/#organization","name":"skaitytaknyga.lt","url":"https:\/\/skaitytaknyga.lt\/","logo":{"@type":"ImageObject","inLanguage":"en-GB","@id":"https:\/\/skaitytaknyga.lt\/#\/schema\/logo\/image\/","url":"https:\/\/skaitytaknyga.lt\/wp-content\/uploads\/2024\/05\/cropped-cropped-cropped-02_00843_jt3bggkj1j3HLc7SyY6rEUpg.jpeg","contentUrl":"https:\/\/skaitytaknyga.lt\/wp-content\/uploads\/2024\/05\/cropped-cropped-cropped-02_00843_jt3bggkj1j3HLc7SyY6rEUpg.jpeg","width":1600,"height":1600,"caption":"skaitytaknyga.lt"},"image":{"@id":"https:\/\/skaitytaknyga.lt\/#\/schema\/logo\/image\/"},"sameAs":["https:\/\/www.facebook.com\/skaitytaknyga\/"]}]}},"_links":{"self":[{"href":"https:\/\/skaitytaknyga.lt\/en\/wp-json\/wp\/v2\/product\/20386","targetHints":{"allow":["GET"]}}],"collection":[{"href":"https:\/\/skaitytaknyga.lt\/en\/wp-json\/wp\/v2\/product"}],"about":[{"href":"https:\/\/skaitytaknyga.lt\/en\/wp-json\/wp\/v2\/types\/product"}],"replies":[{"embeddable":true,"href":"https:\/\/skaitytaknyga.lt\/en\/wp-json\/wp\/v2\/comments?post=20386"}],"wp:featuredmedia":[{"embeddable":true,"href":"https:\/\/skaitytaknyga.lt\/en\/wp-json\/wp\/v2\/media\/20391"}],"wp:attachment":[{"href":"https:\/\/skaitytaknyga.lt\/en\/wp-json\/wp\/v2\/media?parent=20386"}],"wp:term":[{"taxonomy":"product_brand","embeddable":true,"href":"https:\/\/skaitytaknyga.lt\/en\/wp-json\/wp\/v2\/product_brand?post=20386"},{"taxonomy":"product_cat","embeddable":true,"href":"https:\/\/skaitytaknyga.lt\/en\/wp-json\/wp\/v2\/product_cat?post=20386"},{"taxonomy":"product_tag","embeddable":true,"href":"https:\/\/skaitytaknyga.lt\/en\/wp-json\/wp\/v2\/product_tag?post=20386"}],"curies":[{"name":"wp","href":"https:\/\/api.w.org\/{rel}","templated":true}]}}