{"id":20378,"date":"2025-08-27T08:55:55","date_gmt":"2025-08-27T05:55:55","guid":{"rendered":"https:\/\/skaitytaknyga.lt\/?post_type=product&#038;p=20378"},"modified":"2025-09-27T18:56:13","modified_gmt":"2025-09-27T15:56:13","slug":"surask-jona-dabar","status":"publish","type":"product","link":"https:\/\/skaitytaknyga.lt\/en\/produktas\/surask-jona-dabar\/","title":{"rendered":"Surask Jon\u0105 dabar!"},"content":{"rendered":"<p>Sveiki, bi\u010diuliai!<\/p>\n<p>\u0160\u012fkart s\u0117siu \u012f laiko ma\u0161in\u0105 ir keliausiu po praeit\u012f.<\/p>\n<p>Gal net ir ateitin pavyks u\u017esukti! Aplankysiu senov\u0117s egiptie\u010dius, actekus, vikingus, piratus, aukso ie\u0161kotojus&#8230; Tik mano dry\u017euotas megztinis ir akiniai nelabai tinka prie t\u0173 laik\u0173 mados. Gal bus lengviau mane surasti? Pasiruo\u0161\u0119 t\u0105 padaryti? Pirmyn \u012f paie\u0161k\u0105!<\/p>\n<p>I\u0161 pirmos knygos jau pa\u017e\u012fstat Amsi\u0173, Vend\u0105, burtinink\u0105 Baltabarzd\u012f, Odlav\u0105 ir 25 mano sek\u0117jus. Tikriausiai anks\u010diau ar v\u0117liau juos pasteb\u0117sit. Bet kiekviename paveiksle yra dar vienas naujas ir paslaptingas veik\u0117jas. Ar pavyks j\u012f rasti?<\/p>\n<p>Jonas<\/p>\n","protected":false},"excerpt":{"rendered":"<p>Sveiki, bi\u010diuliai! \u0160\u012fkart s\u0117siu \u012f laiko ma\u0161in\u0105 ir keliausiu po praeit\u012f. Gal net ir ateitin pavyks u\u017esukti! Aplankysiu senov\u0117s egiptie\u010dius, actekus, vikingus, piratus, aukso ie\u0161kotojus&#8230; Tik mano dry\u017euotas megztinis ir akiniai nelabai tinka prie t\u0173 laik\u0173 mados. Gal bus lengviau mane surasti? Pasiruo\u0161\u0119 t\u0105 padaryti? Pirmyn \u012f paie\u0161k\u0105! I\u0161 pirmos knygos jau pa\u017e\u012fstat Amsi\u0173, Vend\u0105, burtinink\u0105 Baltabarzd\u012f, Odlav\u0105 ir 25 mano sek\u0117jus. Tikriausiai anks\u010diau ar v\u0117liau juos pasteb\u0117sit. Bet kiekviename paveiksle yra dar vienas naujas ir paslaptingas veik\u0117jas. Ar pavyks j\u012f rasti? Jonas<\/p>\n","protected":false},"featured_media":20383,"comment_status":"open","ping_status":"closed","template":"","meta":{"_acf_changed":false,"site-sidebar-layout":"default","site-content-layout":"","ast-site-content-layout":"default","site-content-style":"default","site-sidebar-style":"default","ast-global-header-display":"","ast-banner-title-visibility":"","ast-main-header-display":"","ast-hfb-above-header-display":"","ast-hfb-below-header-display":"","ast-hfb-mobile-header-display":"","site-post-title":"","ast-breadcrumbs-content":"","ast-featured-img":"","footer-sml-layout":"","ast-disable-related-posts":"","theme-transparent-header-meta":"","adv-header-id-meta":"","stick-header-meta":"","header-above-stick-meta":"","header-main-stick-meta":"","header-below-stick-meta":"","astra-migrate-meta-layouts":"default","ast-page-background-enabled":"default","ast-page-background-meta":{"desktop":{"background-color":"","background-image":"","background-repeat":"repeat","background-position":"center center","background-size":"auto","background-attachment":"scroll","background-type":"","background-media":"","overlay-type":"","overlay-color":"","overlay-opacity":"","overlay-gradient":""},"tablet":{"background-color":"","background-image":"","background-repeat":"repeat","background-position":"center center","background-size":"auto","background-attachment":"scroll","background-type":"","background-media":"","overlay-type":"","overlay-color":"","overlay-opacity":"","overlay-gradient":""},"mobile":{"background-color":"","background-image":"","background-repeat":"repeat","background-position":"center center","background-size":"auto","background-attachment":"scroll","background-type":"","background-media":"","overlay-type":"","overlay-color":"","overlay-opacity":"","overlay-gradient":""}},"ast-content-background-meta":{"desktop":{"background-color":"var(--ast-global-color-4)","background-image":"","background-repeat":"repeat","background-position":"center center","background-size":"auto","background-attachment":"scroll","background-type":"","background-media":"","overlay-type":"","overlay-color":"","overlay-opacity":"","overlay-gradient":""},"tablet":{"background-color":"var(--ast-global-color-4)","background-image":"","background-repeat":"repeat","background-position":"center center","background-size":"auto","background-attachment":"scroll","background-type":"","background-media":"","overlay-type":"","overlay-color":"","overlay-opacity":"","overlay-gradient":""},"mobile":{"background-color":"var(--ast-global-color-4)","background-image":"","background-repeat":"repeat","background-position":"center center","background-size":"auto","background-attachment":"scroll","background-type":"","background-media":"","overlay-type":"","overlay-color":"","overlay-opacity":"","overlay-gradient":""}}},"product_brand":[],"product_cat":[35],"product_tag":[7873,1451,7874,6587,3071],"class_list":{"0":"post-20378","1":"product","2":"type-product","3":"status-publish","4":"has-post-thumbnail","6":"product_cat-vaikams-ir-paaugliams","7":"product_tag-martin-handford-iliustracijos","8":"product_tag-nuotykiai","9":"product_tag-paieska","10":"product_tag-praeitis","11":"product_tag-vaikai","12":"desktop-align-left","13":"tablet-align-left","14":"mobile-align-left","16":"first","17":"instock","18":"shipping-taxable","19":"purchasable","20":"product-type-simple"},"acf":[],"yoast_head":"<!-- This site is optimized with the Yoast SEO plugin v27.0 - https:\/\/yoast.com\/product\/yoast-seo-wordpress\/ -->\n<title>Surask Jon\u0105 dabar!<\/title>\n<meta name=\"description\" content=\"Sveiki, bi\u010diuliai! \u0160\u012fkart s\u0117siu \u012f laiko ma\u0161in\u0105 ir keliausiu po praeit\u012f. Gal net ir ateitin pavyks u\u017esukti! Aplankysiu senov\u0117s egiptie\u010dius, actekus,\" \/>\n<meta name=\"robots\" content=\"index, follow, max-snippet:-1, max-image-preview:large, max-video-preview:-1\" \/>\n<link rel=\"canonical\" href=\"https:\/\/skaitytaknyga.lt\/en\/produktas\/surask-jona-dabar\/\" \/>\n<meta property=\"og:locale\" content=\"en_GB\" \/>\n<meta property=\"og:locale:alternate\" content=\"lt_LT\" \/>\n<meta property=\"og:type\" content=\"article\" \/>\n<meta property=\"og:title\" content=\"Surask Jon\u0105 dabar!\" \/>\n<meta property=\"og:description\" content=\"Sveiki, bi\u010diuliai! \u0160\u012fkart s\u0117siu \u012f laiko ma\u0161in\u0105 ir keliausiu po praeit\u012f. Gal net ir ateitin pavyks u\u017esukti! Aplankysiu senov\u0117s egiptie\u010dius, actekus,\" \/>\n<meta property=\"og:url\" content=\"https:\/\/skaitytaknyga.lt\/en\/produktas\/surask-jona-dabar\/\" \/>\n<meta property=\"og:site_name\" content=\"Skaitytaknyga\" \/>\n<meta property=\"article:publisher\" content=\"https:\/\/www.facebook.com\/skaitytaknyga\/\" \/>\n<meta property=\"article:modified_time\" content=\"2025-09-27T15:56:13+00:00\" \/>\n<meta property=\"og:image\" content=\"https:\/\/skaitytaknyga.lt\/wp-content\/uploads\/2025\/08\/Surask-Jona-dabar-1.webp\" \/>\n\t<meta property=\"og:image:width\" content=\"579\" \/>\n\t<meta property=\"og:image:height\" content=\"801\" \/>\n\t<meta property=\"og:image:type\" content=\"image\/webp\" \/>\n<meta name=\"twitter:card\" content=\"summary_large_image\" \/>\n<script type=\"application\/ld+json\" class=\"yoast-schema-graph\">{\"@context\":\"https:\/\/schema.org\",\"@graph\":[{\"@type\":\"WebPage\",\"@id\":\"https:\/\/skaitytaknyga.lt\/produktas\/surask-jona-dabar\/\",\"url\":\"https:\/\/skaitytaknyga.lt\/produktas\/surask-jona-dabar\/\",\"name\":\"Surask Jon\u0105 dabar!\",\"isPartOf\":{\"@id\":\"https:\/\/skaitytaknyga.lt\/#website\"},\"primaryImageOfPage\":{\"@id\":\"https:\/\/skaitytaknyga.lt\/produktas\/surask-jona-dabar\/#primaryimage\"},\"image\":{\"@id\":\"https:\/\/skaitytaknyga.lt\/produktas\/surask-jona-dabar\/#primaryimage\"},\"thumbnailUrl\":\"https:\/\/skaitytaknyga.lt\/wp-content\/uploads\/2025\/08\/Surask-Jona-dabar-1.webp\",\"datePublished\":\"2025-08-27T05:55:55+00:00\",\"dateModified\":\"2025-09-27T15:56:13+00:00\",\"description\":\"Sveiki, bi\u010diuliai! \u0160\u012fkart s\u0117siu \u012f laiko ma\u0161in\u0105 ir keliausiu po praeit\u012f. Gal net ir ateitin pavyks u\u017esukti! Aplankysiu senov\u0117s egiptie\u010dius, actekus,\",\"breadcrumb\":{\"@id\":\"https:\/\/skaitytaknyga.lt\/produktas\/surask-jona-dabar\/#breadcrumb\"},\"inLanguage\":\"en-GB\",\"potentialAction\":[{\"@type\":\"ReadAction\",\"target\":[\"https:\/\/skaitytaknyga.lt\/produktas\/surask-jona-dabar\/\"]}]},{\"@type\":\"ImageObject\",\"inLanguage\":\"en-GB\",\"@id\":\"https:\/\/skaitytaknyga.lt\/produktas\/surask-jona-dabar\/#primaryimage\",\"url\":\"https:\/\/skaitytaknyga.lt\/wp-content\/uploads\/2025\/08\/Surask-Jona-dabar-1.webp\",\"contentUrl\":\"https:\/\/skaitytaknyga.lt\/wp-content\/uploads\/2025\/08\/Surask-Jona-dabar-1.webp\",\"width\":579,\"height\":801},{\"@type\":\"BreadcrumbList\",\"@id\":\"https:\/\/skaitytaknyga.lt\/produktas\/surask-jona-dabar\/#breadcrumb\",\"itemListElement\":[{\"@type\":\"ListItem\",\"position\":1,\"name\":\"Home\",\"item\":\"https:\/\/skaitytaknyga.lt\/\"},{\"@type\":\"ListItem\",\"position\":2,\"name\":\"Parduotuv\u0117\",\"item\":\"https:\/\/skaitytaknyga.lt\/knygu-parduotuve\/\"},{\"@type\":\"ListItem\",\"position\":3,\"name\":\"Surask Jon\u0105 dabar!\"}]},{\"@type\":\"WebSite\",\"@id\":\"https:\/\/skaitytaknyga.lt\/#website\",\"url\":\"https:\/\/skaitytaknyga.lt\/\",\"name\":\"skaitytaknyga.lt\",\"description\":\"Skaitytaknyga.lt \u2013 tai ma\u017eas \u0161eimos verslas, kuris prasid\u0117jo nuo meil\u0117s knygoms ir siekio i\u0161gelb\u0117ti knygas nuo likimo prie konteinerio. Kas vienam nereikalingas daiktas \u2013 kitam lobis, o mes esame tarpininkai, kurie padeda abiems tapti laimingesniems ???? \u017dinome kaip nelengva i\u0161gyventi ma\u017eiems verslams, tad nuo \u0161iol, \u010dia rasite ir kit\u0173, ma\u017e\u0173 \u0161eim\u0173 versl\u0173, rank\u0173 darbo, dovan\u0173 sau ir artimiesiems.\",\"publisher\":{\"@id\":\"https:\/\/skaitytaknyga.lt\/#organization\"},\"potentialAction\":[{\"@type\":\"SearchAction\",\"target\":{\"@type\":\"EntryPoint\",\"urlTemplate\":\"https:\/\/skaitytaknyga.lt\/?s={search_term_string}\"},\"query-input\":{\"@type\":\"PropertyValueSpecification\",\"valueRequired\":true,\"valueName\":\"search_term_string\"}}],\"inLanguage\":\"en-GB\"},{\"@type\":\"Organization\",\"@id\":\"https:\/\/skaitytaknyga.lt\/#organization\",\"name\":\"skaitytaknyga.lt\",\"url\":\"https:\/\/skaitytaknyga.lt\/\",\"logo\":{\"@type\":\"ImageObject\",\"inLanguage\":\"en-GB\",\"@id\":\"https:\/\/skaitytaknyga.lt\/#\/schema\/logo\/image\/\",\"url\":\"https:\/\/skaitytaknyga.lt\/wp-content\/uploads\/2024\/05\/cropped-cropped-cropped-02_00843_jt3bggkj1j3HLc7SyY6rEUpg.jpeg\",\"contentUrl\":\"https:\/\/skaitytaknyga.lt\/wp-content\/uploads\/2024\/05\/cropped-cropped-cropped-02_00843_jt3bggkj1j3HLc7SyY6rEUpg.jpeg\",\"width\":1600,\"height\":1600,\"caption\":\"skaitytaknyga.lt\"},\"image\":{\"@id\":\"https:\/\/skaitytaknyga.lt\/#\/schema\/logo\/image\/\"},\"sameAs\":[\"https:\/\/www.facebook.com\/skaitytaknyga\/\"]}]}<\/script>\n<!-- \/ Yoast SEO plugin. -->","yoast_head_json":{"title":"Surask Jon\u0105 dabar!","description":"Sveiki, bi\u010diuliai! \u0160\u012fkart s\u0117siu \u012f laiko ma\u0161in\u0105 ir keliausiu po praeit\u012f. Gal net ir ateitin pavyks u\u017esukti! Aplankysiu senov\u0117s egiptie\u010dius, actekus,","robots":{"index":"index","follow":"follow","max-snippet":"max-snippet:-1","max-image-preview":"max-image-preview:large","max-video-preview":"max-video-preview:-1"},"canonical":"https:\/\/skaitytaknyga.lt\/en\/produktas\/surask-jona-dabar\/","og_locale":"en_GB","og_type":"article","og_title":"[:lt]Surask Jon\u0105 dabar![:] - Skaitytaknyga","og_description":"Sveiki, bi\u010diuliai! \u0160\u012fkart s\u0117siu \u012f laiko ma\u0161in\u0105 ir keliausiu po praeit\u012f. Gal net ir ateitin pavyks u\u017esukti! Aplankysiu senov\u0117s egiptie\u010dius, actekus,","og_url":"https:\/\/skaitytaknyga.lt\/en\/produktas\/surask-jona-dabar\/","og_site_name":"Skaitytaknyga","article_publisher":"https:\/\/www.facebook.com\/skaitytaknyga\/","article_modified_time":"2025-09-27T15:56:13+00:00","og_image":[{"width":579,"height":801,"url":"https:\/\/skaitytaknyga.lt\/wp-content\/uploads\/2025\/08\/Surask-Jona-dabar-1.webp","type":"image\/webp"}],"twitter_card":"summary_large_image","schema":{"@context":"https:\/\/schema.org","@graph":[{"@type":"WebPage","@id":"https:\/\/skaitytaknyga.lt\/produktas\/surask-jona-dabar\/","url":"https:\/\/skaitytaknyga.lt\/produktas\/surask-jona-dabar\/","name":"Surask Jon\u0105 dabar!","isPartOf":{"@id":"https:\/\/skaitytaknyga.lt\/#website"},"primaryImageOfPage":{"@id":"https:\/\/skaitytaknyga.lt\/produktas\/surask-jona-dabar\/#primaryimage"},"image":{"@id":"https:\/\/skaitytaknyga.lt\/produktas\/surask-jona-dabar\/#primaryimage"},"thumbnailUrl":"https:\/\/skaitytaknyga.lt\/wp-content\/uploads\/2025\/08\/Surask-Jona-dabar-1.webp","datePublished":"2025-08-27T05:55:55+00:00","dateModified":"2025-09-27T15:56:13+00:00","description":"Sveiki, bi\u010diuliai! \u0160\u012fkart s\u0117siu \u012f laiko ma\u0161in\u0105 ir keliausiu po praeit\u012f. Gal net ir ateitin pavyks u\u017esukti! Aplankysiu senov\u0117s egiptie\u010dius, actekus,","breadcrumb":{"@id":"https:\/\/skaitytaknyga.lt\/produktas\/surask-jona-dabar\/#breadcrumb"},"inLanguage":"en-GB","potentialAction":[{"@type":"ReadAction","target":["https:\/\/skaitytaknyga.lt\/produktas\/surask-jona-dabar\/"]}]},{"@type":"ImageObject","inLanguage":"en-GB","@id":"https:\/\/skaitytaknyga.lt\/produktas\/surask-jona-dabar\/#primaryimage","url":"https:\/\/skaitytaknyga.lt\/wp-content\/uploads\/2025\/08\/Surask-Jona-dabar-1.webp","contentUrl":"https:\/\/skaitytaknyga.lt\/wp-content\/uploads\/2025\/08\/Surask-Jona-dabar-1.webp","width":579,"height":801},{"@type":"BreadcrumbList","@id":"https:\/\/skaitytaknyga.lt\/produktas\/surask-jona-dabar\/#breadcrumb","itemListElement":[{"@type":"ListItem","position":1,"name":"Home","item":"https:\/\/skaitytaknyga.lt\/"},{"@type":"ListItem","position":2,"name":"Parduotuv\u0117","item":"https:\/\/skaitytaknyga.lt\/knygu-parduotuve\/"},{"@type":"ListItem","position":3,"name":"Surask Jon\u0105 dabar!"}]},{"@type":"WebSite","@id":"https:\/\/skaitytaknyga.lt\/#website","url":"https:\/\/skaitytaknyga.lt\/","name":"skaitytaknyga.lt","description":"Skaitytaknyga.lt \u2013 tai ma\u017eas \u0161eimos verslas, kuris prasid\u0117jo nuo meil\u0117s knygoms ir siekio i\u0161gelb\u0117ti knygas nuo likimo prie konteinerio. Kas vienam nereikalingas daiktas \u2013 kitam lobis, o mes esame tarpininkai, kurie padeda abiems tapti laimingesniems ???? \u017dinome kaip nelengva i\u0161gyventi ma\u017eiems verslams, tad nuo \u0161iol, \u010dia rasite ir kit\u0173, ma\u017e\u0173 \u0161eim\u0173 versl\u0173, rank\u0173 darbo, dovan\u0173 sau ir artimiesiems.","publisher":{"@id":"https:\/\/skaitytaknyga.lt\/#organization"},"potentialAction":[{"@type":"SearchAction","target":{"@type":"EntryPoint","urlTemplate":"https:\/\/skaitytaknyga.lt\/?s={search_term_string}"},"query-input":{"@type":"PropertyValueSpecification","valueRequired":true,"valueName":"search_term_string"}}],"inLanguage":"en-GB"},{"@type":"Organization","@id":"https:\/\/skaitytaknyga.lt\/#organization","name":"skaitytaknyga.lt","url":"https:\/\/skaitytaknyga.lt\/","logo":{"@type":"ImageObject","inLanguage":"en-GB","@id":"https:\/\/skaitytaknyga.lt\/#\/schema\/logo\/image\/","url":"https:\/\/skaitytaknyga.lt\/wp-content\/uploads\/2024\/05\/cropped-cropped-cropped-02_00843_jt3bggkj1j3HLc7SyY6rEUpg.jpeg","contentUrl":"https:\/\/skaitytaknyga.lt\/wp-content\/uploads\/2024\/05\/cropped-cropped-cropped-02_00843_jt3bggkj1j3HLc7SyY6rEUpg.jpeg","width":1600,"height":1600,"caption":"skaitytaknyga.lt"},"image":{"@id":"https:\/\/skaitytaknyga.lt\/#\/schema\/logo\/image\/"},"sameAs":["https:\/\/www.facebook.com\/skaitytaknyga\/"]}]}},"_links":{"self":[{"href":"https:\/\/skaitytaknyga.lt\/en\/wp-json\/wp\/v2\/product\/20378","targetHints":{"allow":["GET"]}}],"collection":[{"href":"https:\/\/skaitytaknyga.lt\/en\/wp-json\/wp\/v2\/product"}],"about":[{"href":"https:\/\/skaitytaknyga.lt\/en\/wp-json\/wp\/v2\/types\/product"}],"replies":[{"embeddable":true,"href":"https:\/\/skaitytaknyga.lt\/en\/wp-json\/wp\/v2\/comments?post=20378"}],"wp:featuredmedia":[{"embeddable":true,"href":"https:\/\/skaitytaknyga.lt\/en\/wp-json\/wp\/v2\/media\/20383"}],"wp:attachment":[{"href":"https:\/\/skaitytaknyga.lt\/en\/wp-json\/wp\/v2\/media?parent=20378"}],"wp:term":[{"taxonomy":"product_brand","embeddable":true,"href":"https:\/\/skaitytaknyga.lt\/en\/wp-json\/wp\/v2\/product_brand?post=20378"},{"taxonomy":"product_cat","embeddable":true,"href":"https:\/\/skaitytaknyga.lt\/en\/wp-json\/wp\/v2\/product_cat?post=20378"},{"taxonomy":"product_tag","embeddable":true,"href":"https:\/\/skaitytaknyga.lt\/en\/wp-json\/wp\/v2\/product_tag?post=20378"}],"curies":[{"name":"wp","href":"https:\/\/api.w.org\/{rel}","templated":true}]}}