{"id":20377,"date":"2025-08-27T08:55:55","date_gmt":"2025-08-27T05:55:55","guid":{"rendered":"https:\/\/skaitytaknyga.lt\/?post_type=product&#038;p=20377"},"modified":"2026-03-18T13:13:22","modified_gmt":"2026-03-18T11:13:22","slug":"valgyk-viska-ka-nori-tobulas-mitybos-planas","status":"publish","type":"product","link":"https:\/\/skaitytaknyga.lt\/en\/produktas\/valgyk-viska-ka-nori-tobulas-mitybos-planas\/","title":{"rendered":"Valgyk visk\u0105, k\u0105 nori: tobulas mitybos planas"},"content":{"rendered":"<p>Knyga \u201eValgyk visk\u0105, k\u0105 nori: tobulas mitybos planas&#8221; \u2013 tai pokalbiai su gydytoja dietologe Edita Gaveliene apie, rodos, nesud\u0117tingus dalykus: k\u0105 valgyti, kad suma\u017eintume lig\u0173 tikimyb\u0119, kaip pakeisti mitybos \u012fpro\u010dius, kad neprarastume valgymo d\u017eiaugsmo ir suliekn\u0117tume v<\/p>\n<p>\u201eKuo ilgiau dirbu, tuo keistesnius poky\u010dius matau visuomen\u0117je. Ir mane kai kuriais atvejais ima siaubas. Kalbuosi su vienu \u017emogumi, kurio k\u016bno mas\u0117s indeksas nesiekia 13, su kitu, kurio jis vir\u0161ija 40, ir abu vienodai tvirtina, kad valgo sveikai. Ir vienas, ir kitas kar\u0161tai tuo \u012fsitikin\u0119, nors j\u0173 mityba ne sveika, o niokojanti sveikat\u0105. Manau, \u0161ie pokalbiai skirti \u012frodyti jums, kad nereikia ka\u017ekaip ypatingai maitintis, nereikia ie\u0161koti stebuklo, pakanka galvoti, k\u0105 dedate \u012f l\u0117k\u0161t\u0119 &#8211; tai ir paprasta, ir svarbu\u201c, &#8211; sako Edita Gavelien\u0117.<\/p>\n<p>Skaitydami knyg\u0105 \u201eValgyk visk\u0105, k\u0105 nori: tobulas mitybos planas&#8221;, su\u017einosite:<\/p>\n<p>* Kokie maisto produktai saugo nuo v\u0117\u017eio ir kit\u0173 lig\u0173;<\/p>\n<p>* Kod\u0117l \u017euv\u012f valgyti sveika, o be raudonos m\u0117sos galima ir apsieiti;<\/p>\n<p>* Kas geriau: k\u0119sti alk\u012f ar valgyti greitmaist\u012f;<\/p>\n<p>* Kaip paspartinti savo med\u017eiag\u0173 apykait\u0105;<\/p>\n<p>* K\u0105 daryti, kad kalorijos neit\u0173 \u012f k\u016bn\u0105;<\/p>\n<p>* Ar maisto papildai tirpina kilogramus.<\/p>\n","protected":false},"excerpt":{"rendered":"<p>Knyga \u201eValgyk visk\u0105, k\u0105 nori: tobulas mitybos planas&#8221; \u2013 tai pokalbiai su gydytoja dietologe Edita Gaveliene apie, rodos, nesud\u0117tingus dalykus: k\u0105 valgyti, kad suma\u017eintume lig\u0173 tikimyb\u0119, kaip pakeisti mitybos \u012fpro\u010dius, kad neprarastume valgymo d\u017eiaugsmo ir suliekn\u0117tume v \u201eKuo ilgiau dirbu, tuo keistesnius poky\u010dius matau visuomen\u0117je. Ir mane kai kuriais atvejais ima siaubas. Kalbuosi su vienu \u017emogumi, kurio k\u016bno mas\u0117s indeksas nesiekia 13, su kitu, kurio jis vir\u0161ija 40, ir abu vienodai tvirtina, kad valgo sveikai. Ir vienas, ir kitas kar\u0161tai tuo \u012fsitikin\u0119, nors j\u0173 mityba ne sveika, o niokojanti sveikat\u0105. Manau, \u0161ie pokalbiai skirti \u012frodyti jums, kad nereikia ka\u017ekaip ypatingai maitintis, nereikia ie\u0161koti stebuklo, pakanka galvoti, k\u0105 dedate \u012f l\u0117k\u0161t\u0119 &#8211; tai ir paprasta, ir svarbu\u201c, &#8211; sako Edita Gavelien\u0117. Skaitydami knyg\u0105 \u201eValgyk visk\u0105, k\u0105 nori: tobulas mitybos planas&#8221;, su\u017einosite: * Kokie maisto produktai saugo nuo v\u0117\u017eio ir kit\u0173 lig\u0173; * Kod\u0117l \u017euv\u012f valgyti sveika, o be raudonos m\u0117sos galima ir apsieiti; * Kas geriau: k\u0119sti alk\u012f ar valgyti greitmaist\u012f; * Kaip paspartinti savo med\u017eiag\u0173 apykait\u0105; * K\u0105 daryti, kad kalorijos neit\u0173 \u012f k\u016bn\u0105; * Ar maisto papildai tirpina kilogramus.<\/p>\n","protected":false},"featured_media":20382,"comment_status":"open","ping_status":"closed","template":"","meta":{"_acf_changed":false,"site-sidebar-layout":"default","site-content-layout":"","ast-site-content-layout":"default","site-content-style":"default","site-sidebar-style":"default","ast-global-header-display":"","ast-banner-title-visibility":"","ast-main-header-display":"","ast-hfb-above-header-display":"","ast-hfb-below-header-display":"","ast-hfb-mobile-header-display":"","site-post-title":"","ast-breadcrumbs-content":"","ast-featured-img":"","footer-sml-layout":"","ast-disable-related-posts":"","theme-transparent-header-meta":"","adv-header-id-meta":"","stick-header-meta":"","header-above-stick-meta":"","header-main-stick-meta":"","header-below-stick-meta":"","astra-migrate-meta-layouts":"default","ast-page-background-enabled":"default","ast-page-background-meta":{"desktop":{"background-color":"","background-image":"","background-repeat":"repeat","background-position":"center center","background-size":"auto","background-attachment":"scroll","background-type":"","background-media":"","overlay-type":"","overlay-color":"","overlay-opacity":"","overlay-gradient":""},"tablet":{"background-color":"","background-image":"","background-repeat":"repeat","background-position":"center center","background-size":"auto","background-attachment":"scroll","background-type":"","background-media":"","overlay-type":"","overlay-color":"","overlay-opacity":"","overlay-gradient":""},"mobile":{"background-color":"","background-image":"","background-repeat":"repeat","background-position":"center center","background-size":"auto","background-attachment":"scroll","background-type":"","background-media":"","overlay-type":"","overlay-color":"","overlay-opacity":"","overlay-gradient":""}},"ast-content-background-meta":{"desktop":{"background-color":"var(--ast-global-color-4)","background-image":"","background-repeat":"repeat","background-position":"center center","background-size":"auto","background-attachment":"scroll","background-type":"","background-media":"","overlay-type":"","overlay-color":"","overlay-opacity":"","overlay-gradient":""},"tablet":{"background-color":"var(--ast-global-color-4)","background-image":"","background-repeat":"repeat","background-position":"center center","background-size":"auto","background-attachment":"scroll","background-type":"","background-media":"","overlay-type":"","overlay-color":"","overlay-opacity":"","overlay-gradient":""},"mobile":{"background-color":"var(--ast-global-color-4)","background-image":"","background-repeat":"repeat","background-position":"center center","background-size":"auto","background-attachment":"scroll","background-type":"","background-media":"","overlay-type":"","overlay-color":"","overlay-opacity":"","overlay-gradient":""}}},"product_brand":[],"product_cat":[9855,55],"product_tag":[7872,2198,7871,3432,1680,7870],"class_list":{"0":"post-20377","1":"product","2":"type-product","3":"status-publish","4":"has-post-thumbnail","6":"product_cat-mityba-ir-dieta","7":"product_cat-sveikata-ir-sveika-mityba","8":"product_tag-dietologija","9":"product_tag-gyvenimo-budas","10":"product_tag-ka-nori-mityba","11":"product_tag-patarimai","12":"product_tag-sveikata","13":"product_tag-valgyk-viska","14":"desktop-align-left","15":"tablet-align-left","16":"mobile-align-left","18":"first","19":"instock","20":"shipping-taxable","21":"purchasable","22":"product-type-simple"},"acf":[],"yoast_head":"<!-- This site is optimized with the Yoast SEO plugin v27.0 - https:\/\/yoast.com\/product\/yoast-seo-wordpress\/ -->\n<title>Valgyk visk\u0105, k\u0105 nori: tobulas mitybos planas<\/title>\n<meta name=\"description\" content=\"Knyga \u201eValgyk visk\u0105, k\u0105 nori: tobulas mitybos planas&quot; \u2013 tai pokalbiai su gydytoja dietologe Edita Gaveliene apie, rodos, nesud\u0117tingus dalykus: k\u0105 valgyti,\" \/>\n<meta name=\"robots\" content=\"index, follow, max-snippet:-1, max-image-preview:large, max-video-preview:-1\" \/>\n<link rel=\"canonical\" href=\"https:\/\/skaitytaknyga.lt\/en\/produktas\/valgyk-viska-ka-nori-tobulas-mitybos-planas\/\" \/>\n<meta property=\"og:locale\" content=\"en_GB\" \/>\n<meta property=\"og:locale:alternate\" content=\"lt_LT\" \/>\n<meta property=\"og:type\" content=\"article\" \/>\n<meta property=\"og:title\" content=\"Valgyk visk\u0105, k\u0105 nori: tobulas mitybos planas\" \/>\n<meta property=\"og:description\" content=\"Knyga \u201eValgyk visk\u0105, k\u0105 nori: tobulas mitybos planas&quot; \u2013 tai pokalbiai su gydytoja dietologe Edita Gaveliene apie, rodos, nesud\u0117tingus dalykus: k\u0105 valgyti,\" \/>\n<meta property=\"og:url\" content=\"https:\/\/skaitytaknyga.lt\/en\/produktas\/valgyk-viska-ka-nori-tobulas-mitybos-planas\/\" \/>\n<meta property=\"og:site_name\" content=\"Skaitytaknyga\" \/>\n<meta property=\"article:publisher\" content=\"https:\/\/www.facebook.com\/skaitytaknyga\/\" \/>\n<meta property=\"article:modified_time\" content=\"2026-03-18T11:13:22+00:00\" \/>\n<meta property=\"og:image\" content=\"https:\/\/skaitytaknyga.lt\/wp-content\/uploads\/2025\/08\/Valgyk-viska-ka-nori-tobulas-mitybos-planas-1.webp\" \/>\n\t<meta property=\"og:image:width\" content=\"550\" \/>\n\t<meta property=\"og:image:height\" content=\"800\" \/>\n\t<meta property=\"og:image:type\" content=\"image\/webp\" \/>\n<meta name=\"twitter:card\" content=\"summary_large_image\" \/>\n<meta name=\"twitter:label1\" content=\"Estimated reading time\" \/>\n\t<meta name=\"twitter:data1\" content=\"1 minute\" \/>\n<script type=\"application\/ld+json\" class=\"yoast-schema-graph\">{\"@context\":\"https:\/\/schema.org\",\"@graph\":[{\"@type\":\"WebPage\",\"@id\":\"https:\/\/skaitytaknyga.lt\/produktas\/valgyk-viska-ka-nori-tobulas-mitybos-planas\/\",\"url\":\"https:\/\/skaitytaknyga.lt\/produktas\/valgyk-viska-ka-nori-tobulas-mitybos-planas\/\",\"name\":\"Valgyk visk\u0105, k\u0105 nori: tobulas mitybos planas\",\"isPartOf\":{\"@id\":\"https:\/\/skaitytaknyga.lt\/#website\"},\"primaryImageOfPage\":{\"@id\":\"https:\/\/skaitytaknyga.lt\/produktas\/valgyk-viska-ka-nori-tobulas-mitybos-planas\/#primaryimage\"},\"image\":{\"@id\":\"https:\/\/skaitytaknyga.lt\/produktas\/valgyk-viska-ka-nori-tobulas-mitybos-planas\/#primaryimage\"},\"thumbnailUrl\":\"https:\/\/skaitytaknyga.lt\/wp-content\/uploads\/2025\/08\/Valgyk-viska-ka-nori-tobulas-mitybos-planas-1.webp\",\"datePublished\":\"2025-08-27T05:55:55+00:00\",\"dateModified\":\"2026-03-18T11:13:22+00:00\",\"description\":\"Knyga \u201eValgyk visk\u0105, k\u0105 nori: tobulas mitybos planas\\\" \u2013 tai pokalbiai su gydytoja dietologe Edita Gaveliene apie, rodos, nesud\u0117tingus dalykus: k\u0105 valgyti,\",\"breadcrumb\":{\"@id\":\"https:\/\/skaitytaknyga.lt\/produktas\/valgyk-viska-ka-nori-tobulas-mitybos-planas\/#breadcrumb\"},\"inLanguage\":\"en-GB\",\"potentialAction\":[{\"@type\":\"ReadAction\",\"target\":[\"https:\/\/skaitytaknyga.lt\/produktas\/valgyk-viska-ka-nori-tobulas-mitybos-planas\/\"]}]},{\"@type\":\"ImageObject\",\"inLanguage\":\"en-GB\",\"@id\":\"https:\/\/skaitytaknyga.lt\/produktas\/valgyk-viska-ka-nori-tobulas-mitybos-planas\/#primaryimage\",\"url\":\"https:\/\/skaitytaknyga.lt\/wp-content\/uploads\/2025\/08\/Valgyk-viska-ka-nori-tobulas-mitybos-planas-1.webp\",\"contentUrl\":\"https:\/\/skaitytaknyga.lt\/wp-content\/uploads\/2025\/08\/Valgyk-viska-ka-nori-tobulas-mitybos-planas-1.webp\",\"width\":550,\"height\":800},{\"@type\":\"BreadcrumbList\",\"@id\":\"https:\/\/skaitytaknyga.lt\/produktas\/valgyk-viska-ka-nori-tobulas-mitybos-planas\/#breadcrumb\",\"itemListElement\":[{\"@type\":\"ListItem\",\"position\":1,\"name\":\"Home\",\"item\":\"https:\/\/skaitytaknyga.lt\/\"},{\"@type\":\"ListItem\",\"position\":2,\"name\":\"Parduotuv\u0117\",\"item\":\"https:\/\/skaitytaknyga.lt\/knygu-parduotuve\/\"},{\"@type\":\"ListItem\",\"position\":3,\"name\":\"Valgyk visk\u0105, k\u0105 nori: tobulas mitybos planas\"}]},{\"@type\":\"WebSite\",\"@id\":\"https:\/\/skaitytaknyga.lt\/#website\",\"url\":\"https:\/\/skaitytaknyga.lt\/\",\"name\":\"skaitytaknyga.lt\",\"description\":\"Skaitytaknyga.lt \u2013 tai ma\u017eas \u0161eimos verslas, kuris prasid\u0117jo nuo meil\u0117s knygoms ir siekio i\u0161gelb\u0117ti knygas nuo likimo prie konteinerio. Kas vienam nereikalingas daiktas \u2013 kitam lobis, o mes esame tarpininkai, kurie padeda abiems tapti laimingesniems ???? \u017dinome kaip nelengva i\u0161gyventi ma\u017eiems verslams, tad nuo \u0161iol, \u010dia rasite ir kit\u0173, ma\u017e\u0173 \u0161eim\u0173 versl\u0173, rank\u0173 darbo, dovan\u0173 sau ir artimiesiems.\",\"publisher\":{\"@id\":\"https:\/\/skaitytaknyga.lt\/#organization\"},\"potentialAction\":[{\"@type\":\"SearchAction\",\"target\":{\"@type\":\"EntryPoint\",\"urlTemplate\":\"https:\/\/skaitytaknyga.lt\/?s={search_term_string}\"},\"query-input\":{\"@type\":\"PropertyValueSpecification\",\"valueRequired\":true,\"valueName\":\"search_term_string\"}}],\"inLanguage\":\"en-GB\"},{\"@type\":\"Organization\",\"@id\":\"https:\/\/skaitytaknyga.lt\/#organization\",\"name\":\"skaitytaknyga.lt\",\"url\":\"https:\/\/skaitytaknyga.lt\/\",\"logo\":{\"@type\":\"ImageObject\",\"inLanguage\":\"en-GB\",\"@id\":\"https:\/\/skaitytaknyga.lt\/#\/schema\/logo\/image\/\",\"url\":\"https:\/\/skaitytaknyga.lt\/wp-content\/uploads\/2024\/05\/cropped-cropped-cropped-02_00843_jt3bggkj1j3HLc7SyY6rEUpg.jpeg\",\"contentUrl\":\"https:\/\/skaitytaknyga.lt\/wp-content\/uploads\/2024\/05\/cropped-cropped-cropped-02_00843_jt3bggkj1j3HLc7SyY6rEUpg.jpeg\",\"width\":1600,\"height\":1600,\"caption\":\"skaitytaknyga.lt\"},\"image\":{\"@id\":\"https:\/\/skaitytaknyga.lt\/#\/schema\/logo\/image\/\"},\"sameAs\":[\"https:\/\/www.facebook.com\/skaitytaknyga\/\"]}]}<\/script>\n<!-- \/ Yoast SEO plugin. -->","yoast_head_json":{"title":"Valgyk visk\u0105, k\u0105 nori: tobulas mitybos planas","description":"Knyga \u201eValgyk visk\u0105, k\u0105 nori: tobulas mitybos planas\" \u2013 tai pokalbiai su gydytoja dietologe Edita Gaveliene apie, rodos, nesud\u0117tingus dalykus: k\u0105 valgyti,","robots":{"index":"index","follow":"follow","max-snippet":"max-snippet:-1","max-image-preview":"max-image-preview:large","max-video-preview":"max-video-preview:-1"},"canonical":"https:\/\/skaitytaknyga.lt\/en\/produktas\/valgyk-viska-ka-nori-tobulas-mitybos-planas\/","og_locale":"en_GB","og_type":"article","og_title":"[:lt]Valgyk visk\u0105, k\u0105 nori: tobulas mitybos planas[:] - Skaitytaknyga","og_description":"Knyga \u201eValgyk visk\u0105, k\u0105 nori: tobulas mitybos planas\" \u2013 tai pokalbiai su gydytoja dietologe Edita Gaveliene apie, rodos, nesud\u0117tingus dalykus: k\u0105 valgyti,","og_url":"https:\/\/skaitytaknyga.lt\/en\/produktas\/valgyk-viska-ka-nori-tobulas-mitybos-planas\/","og_site_name":"Skaitytaknyga","article_publisher":"https:\/\/www.facebook.com\/skaitytaknyga\/","article_modified_time":"2026-03-18T11:13:22+00:00","og_image":[{"width":550,"height":800,"url":"https:\/\/skaitytaknyga.lt\/wp-content\/uploads\/2025\/08\/Valgyk-viska-ka-nori-tobulas-mitybos-planas-1.webp","type":"image\/webp"}],"twitter_card":"summary_large_image","twitter_misc":{"Estimated reading time":"1 minute"},"schema":{"@context":"https:\/\/schema.org","@graph":[{"@type":"WebPage","@id":"https:\/\/skaitytaknyga.lt\/produktas\/valgyk-viska-ka-nori-tobulas-mitybos-planas\/","url":"https:\/\/skaitytaknyga.lt\/produktas\/valgyk-viska-ka-nori-tobulas-mitybos-planas\/","name":"Valgyk visk\u0105, k\u0105 nori: tobulas mitybos planas","isPartOf":{"@id":"https:\/\/skaitytaknyga.lt\/#website"},"primaryImageOfPage":{"@id":"https:\/\/skaitytaknyga.lt\/produktas\/valgyk-viska-ka-nori-tobulas-mitybos-planas\/#primaryimage"},"image":{"@id":"https:\/\/skaitytaknyga.lt\/produktas\/valgyk-viska-ka-nori-tobulas-mitybos-planas\/#primaryimage"},"thumbnailUrl":"https:\/\/skaitytaknyga.lt\/wp-content\/uploads\/2025\/08\/Valgyk-viska-ka-nori-tobulas-mitybos-planas-1.webp","datePublished":"2025-08-27T05:55:55+00:00","dateModified":"2026-03-18T11:13:22+00:00","description":"Knyga \u201eValgyk visk\u0105, k\u0105 nori: tobulas mitybos planas\" \u2013 tai pokalbiai su gydytoja dietologe Edita Gaveliene apie, rodos, nesud\u0117tingus dalykus: k\u0105 valgyti,","breadcrumb":{"@id":"https:\/\/skaitytaknyga.lt\/produktas\/valgyk-viska-ka-nori-tobulas-mitybos-planas\/#breadcrumb"},"inLanguage":"en-GB","potentialAction":[{"@type":"ReadAction","target":["https:\/\/skaitytaknyga.lt\/produktas\/valgyk-viska-ka-nori-tobulas-mitybos-planas\/"]}]},{"@type":"ImageObject","inLanguage":"en-GB","@id":"https:\/\/skaitytaknyga.lt\/produktas\/valgyk-viska-ka-nori-tobulas-mitybos-planas\/#primaryimage","url":"https:\/\/skaitytaknyga.lt\/wp-content\/uploads\/2025\/08\/Valgyk-viska-ka-nori-tobulas-mitybos-planas-1.webp","contentUrl":"https:\/\/skaitytaknyga.lt\/wp-content\/uploads\/2025\/08\/Valgyk-viska-ka-nori-tobulas-mitybos-planas-1.webp","width":550,"height":800},{"@type":"BreadcrumbList","@id":"https:\/\/skaitytaknyga.lt\/produktas\/valgyk-viska-ka-nori-tobulas-mitybos-planas\/#breadcrumb","itemListElement":[{"@type":"ListItem","position":1,"name":"Home","item":"https:\/\/skaitytaknyga.lt\/"},{"@type":"ListItem","position":2,"name":"Parduotuv\u0117","item":"https:\/\/skaitytaknyga.lt\/knygu-parduotuve\/"},{"@type":"ListItem","position":3,"name":"Valgyk visk\u0105, k\u0105 nori: tobulas mitybos planas"}]},{"@type":"WebSite","@id":"https:\/\/skaitytaknyga.lt\/#website","url":"https:\/\/skaitytaknyga.lt\/","name":"skaitytaknyga.lt","description":"Skaitytaknyga.lt \u2013 tai ma\u017eas \u0161eimos verslas, kuris prasid\u0117jo nuo meil\u0117s knygoms ir siekio i\u0161gelb\u0117ti knygas nuo likimo prie konteinerio. Kas vienam nereikalingas daiktas \u2013 kitam lobis, o mes esame tarpininkai, kurie padeda abiems tapti laimingesniems ???? \u017dinome kaip nelengva i\u0161gyventi ma\u017eiems verslams, tad nuo \u0161iol, \u010dia rasite ir kit\u0173, ma\u017e\u0173 \u0161eim\u0173 versl\u0173, rank\u0173 darbo, dovan\u0173 sau ir artimiesiems.","publisher":{"@id":"https:\/\/skaitytaknyga.lt\/#organization"},"potentialAction":[{"@type":"SearchAction","target":{"@type":"EntryPoint","urlTemplate":"https:\/\/skaitytaknyga.lt\/?s={search_term_string}"},"query-input":{"@type":"PropertyValueSpecification","valueRequired":true,"valueName":"search_term_string"}}],"inLanguage":"en-GB"},{"@type":"Organization","@id":"https:\/\/skaitytaknyga.lt\/#organization","name":"skaitytaknyga.lt","url":"https:\/\/skaitytaknyga.lt\/","logo":{"@type":"ImageObject","inLanguage":"en-GB","@id":"https:\/\/skaitytaknyga.lt\/#\/schema\/logo\/image\/","url":"https:\/\/skaitytaknyga.lt\/wp-content\/uploads\/2024\/05\/cropped-cropped-cropped-02_00843_jt3bggkj1j3HLc7SyY6rEUpg.jpeg","contentUrl":"https:\/\/skaitytaknyga.lt\/wp-content\/uploads\/2024\/05\/cropped-cropped-cropped-02_00843_jt3bggkj1j3HLc7SyY6rEUpg.jpeg","width":1600,"height":1600,"caption":"skaitytaknyga.lt"},"image":{"@id":"https:\/\/skaitytaknyga.lt\/#\/schema\/logo\/image\/"},"sameAs":["https:\/\/www.facebook.com\/skaitytaknyga\/"]}]}},"_links":{"self":[{"href":"https:\/\/skaitytaknyga.lt\/en\/wp-json\/wp\/v2\/product\/20377","targetHints":{"allow":["GET"]}}],"collection":[{"href":"https:\/\/skaitytaknyga.lt\/en\/wp-json\/wp\/v2\/product"}],"about":[{"href":"https:\/\/skaitytaknyga.lt\/en\/wp-json\/wp\/v2\/types\/product"}],"replies":[{"embeddable":true,"href":"https:\/\/skaitytaknyga.lt\/en\/wp-json\/wp\/v2\/comments?post=20377"}],"wp:featuredmedia":[{"embeddable":true,"href":"https:\/\/skaitytaknyga.lt\/en\/wp-json\/wp\/v2\/media\/20382"}],"wp:attachment":[{"href":"https:\/\/skaitytaknyga.lt\/en\/wp-json\/wp\/v2\/media?parent=20377"}],"wp:term":[{"taxonomy":"product_brand","embeddable":true,"href":"https:\/\/skaitytaknyga.lt\/en\/wp-json\/wp\/v2\/product_brand?post=20377"},{"taxonomy":"product_cat","embeddable":true,"href":"https:\/\/skaitytaknyga.lt\/en\/wp-json\/wp\/v2\/product_cat?post=20377"},{"taxonomy":"product_tag","embeddable":true,"href":"https:\/\/skaitytaknyga.lt\/en\/wp-json\/wp\/v2\/product_tag?post=20377"}],"curies":[{"name":"wp","href":"https:\/\/api.w.org\/{rel}","templated":true}]}}